{"id":6210,"date":"2024-01-18T13:54:22","date_gmt":"2024-01-18T12:54:22","guid":{"rendered":"https:\/\/mandevillashop.com\/zahlungsmethoden\/"},"modified":"2026-02-28T20:06:47","modified_gmt":"2026-02-28T19:06:47","slug":"zahlungsmethoden","status":"publish","type":"page","link":"https:\/\/mandevillashop.com\/de\/zahlungsmethoden\/","title":{"rendered":"Zahlungsmethoden"},"content":{"rendered":"\t\t<div data-elementor-type=\"wp-page\" data-elementor-id=\"6210\" class=\"elementor elementor-6210 elementor-1233\" data-elementor-post-type=\"page\">\n\t\t\t\t<div class=\"elementor-element elementor-element-4e98b26 e-flex e-con-boxed e-con e-parent\" data-id=\"4e98b26\" data-element_type=\"container\">\n\t\t\t\t\t<div class=\"e-con-inner\">\n\t\t<div class=\"elementor-element elementor-element-8e86837 e-flex e-con-boxed e-con e-child\" data-id=\"8e86837\" data-element_type=\"container\">\n\t\t\t\t\t<div class=\"e-con-inner\">\n\t\t\t\t<div class=\"elementor-element elementor-element-7d6595f elementor-widget elementor-widget-heading\" data-id=\"7d6595f\" data-element_type=\"widget\" data-widget_type=\"heading.default\">\n\t\t\t\t<div class=\"elementor-widget-container\">\n\t\t\t\t\t<h1 class=\"elementor-heading-title elementor-size-default\">Zahlungsmethoden<\/h1>\t\t\t\t<\/div>\n\t\t\t\t<\/div>\n\t\t\t\t<div class=\"elementor-element elementor-element-fba3633 elementor-widget elementor-widget-text-editor\" data-id=\"fba3633\" data-element_type=\"widget\" data-widget_type=\"text-editor.default\">\n\t\t\t\t<div class=\"elementor-widget-container\">\n\t\t\t\t\t\t\t\t\t<p>Bei Mandevillashop k\u00f6nnen Sie auf unterschiedliche Arten und Weisen bezahlen. Nachdem Sie die ausgew\u00e4hlten Produkte in den Einkaufswagen gelegt haben, k\u00f6nnen Sie aus den nachfolgenden Zahlungsmethoden ausw\u00e4hlen.<\/p>\n\t\t\t\t\t\t\t\t<\/div>\n\t\t\t\t<\/div>\n\t\t\t\t<div class=\"elementor-element elementor-element-60813da overflow-auto elementor-widget elementor-widget-text-editor\" data-id=\"60813da\" data-element_type=\"widget\" data-widget_type=\"text-editor.default\">\n\t\t\t\t<div class=\"elementor-widget-container\">\n\t\t\t\t\t\t\t\t\t<table><tbody><tr><td>Zahlungsmethoden je Land<\/td><td>Niederlande<\/td><td>Belgien<\/td><td>Deutschland<\/td><td>Frankreich<\/td><td>\u00d6sterreich<\/td><td>Luxemburg<\/td><\/tr><tr><td>Credit Card (Visa, Mastercard, American Express)<\/td><td>\u221a<\/td><td>\u221a<\/td><td>\u221a<\/td><td>\u221a<\/td><td>\u221a<\/td><td>\u221a<\/td><\/tr><tr><td>Pay-pal<\/td><td>\u221a<\/td><td>\u221a<\/td><td>\u221a<\/td><td>\u221a<\/td><td>\u221a<\/td><td>\u221a<\/td><\/tr><tr><td>Bank\u00fcberweisung<\/td><td>\u221a<\/td><td>\u221a<\/td><td>\u221a<\/td><td>\u221a<\/td><td>\u221a<\/td><td>\u221a<\/td><\/tr><tr><td><div class=\"flex flex-col text-sm pb-25\"><article class=\"text-token-text-primary w-full focus:outline-none [--shadow-height:45px] has-data-writing-block:pointer-events-none has-data-writing-block:-mt-(--shadow-height) has-data-writing-block:pt-(--shadow-height) [&amp;:has([data-writing-block])&gt;*]:pointer-events-auto scroll-mt-[calc(var(--header-height)+min(200px,max(70px,20svh)))]\" dir=\"auto\" tabindex=\"-1\" data-turn-id=\"request-WEB:11a86602-37ad-4d26-8a75-30ad8ff7c4a4-26\" data-testid=\"conversation-turn-54\" data-scroll-anchor=\"true\" data-turn=\"assistant\"><div class=\"text-base my-auto mx-auto pb-10 [--thread-content-margin:--spacing(4)] @w-sm\/main:[--thread-content-margin:--spacing(6)] @w-lg\/main:[--thread-content-margin:--spacing(16)] px-(--thread-content-margin)\"><div class=\"[--thread-content-max-width:40rem] @w-lg\/main:[--thread-content-max-width:48rem] mx-auto max-w-(--thread-content-max-width) flex-1 group\/turn-messages focus-visible:outline-hidden relative flex w-full min-w-0 flex-col agent-turn\" tabindex=\"-1\"><div class=\"flex max-w-full flex-col grow\"><div class=\"min-h-8 text-message relative flex w-full flex-col items-end gap-2 text-start break-words whitespace-normal [.text-message+&amp;]:mt-1\" dir=\"auto\" data-message-author-role=\"assistant\" data-message-id=\"c716888f-6bee-4ed5-a725-150ff1ce887b\" data-message-model-slug=\"gpt-5-2\"><div class=\"flex w-full flex-col gap-1 empty:hidden first:pt-[1px]\"><div class=\"markdown prose dark:prose-invert w-full wrap-break-word dark markdown-new-styling\"><p data-start=\"343\" data-end=\"447\" data-is-last-node=\"\" data-is-only-node=\"\">Klarna \u2013 Kauf auf Rechnung<\/p><\/div><\/div><\/div><\/div><\/div><\/div><\/article><\/div><\/td><td>\u221a<\/td><td>\u221a<\/td><td>\u221a<\/td><td>\u221a<\/td><td>\u221a<\/td><td>\u221a<\/td><\/tr><tr><td>iDeal | WERO<\/td><td>\u221a<\/td><td>\u00a0<\/td><td>\u00a0<\/td><td>\u00a0<\/td><td>\u00a0<\/td><td>\u00a0<\/td><\/tr><tr><td>Bancontact<\/td><td>\u00a0<\/td><td>\u221a<\/td><td>\u00a0<\/td><td>\u00a0<\/td><td>\u00a0<\/td><td>\u00a0<\/td><\/tr><tr><td>KBC\/CBC<\/td><td>\u00a0<\/td><td>\u221a<\/td><td>\u00a0<\/td><td>\u00a0<\/td><td>\u00a0<\/td><td>\u00a0<\/td><\/tr><tr><td>Belfius<\/td><td>\u00a0<\/td><td>\u221a<\/td><td>\u00a0<\/td><td>\u00a0<\/td><td>\u00a0<\/td><td>\u00a0<\/td><\/tr><tr><td>SOFORT banking<\/td><td>\u00a0<\/td><td>\u00a0<\/td><td>\u221a<\/td><td>\u221a<\/td><td>\u221a<\/td><td>\u00a0<\/td><\/tr><tr><td>EPS<\/td><td>\u00a0<\/td><td>\u00a0<\/td><td>\u00a0<\/td><td>\u00a0<\/td><td>\u221a<\/td><td>\u00a0<\/td><\/tr><tr><td>Carte Bancaire<\/td><td>\u00a0<\/td><td>\u00a0<\/td><td>\u00a0<\/td><td>\u221a<\/td><td>\u00a0<\/td><td>\u00a0<\/td><\/tr><tr><td>\u00a0<\/td><td>\u00a0<\/td><td>\u00a0<\/td><td>\u00a0<\/td><td>\u00a0<\/td><td>\u00a0<\/td><td>\u00a0<\/td><\/tr><\/tbody><\/table><p>\u00a0<\/p>\t\t\t\t\t\t\t\t<\/div>\n\t\t\t\t<\/div>\n\t\t\t\t\t<\/div>\n\t\t\t\t<\/div>\n\t\t\t\t\t<\/div>\n\t\t\t\t<\/div>\n\t\t\t\t<\/div>\n\t\t","protected":false},"excerpt":{"rendered":"<p>Zahlungsmethoden Bei Mandevillashop k\u00f6nnen Sie auf unterschiedliche Arten und Weisen bezahlen. Nachdem Sie die ausgew\u00e4hlten Produkte in den Einkaufswagen gelegt haben, k\u00f6nnen Sie aus den nachfolgenden Zahlungsmethoden ausw\u00e4hlen. Zahlungsmethoden je Land Niederlande Belgien Deutschland Frankreich \u00d6sterreich Luxemburg Credit Card (Visa, Mastercard, American Express) \u221a \u221a \u221a \u221a \u221a \u221a Pay-pal \u221a \u221a \u221a \u221a \u221a<\/p>\n","protected":false},"author":1,"featured_media":0,"parent":0,"menu_order":0,"comment_status":"closed","ping_status":"closed","template":"","meta":{"_acf_changed":false,"footnotes":""},"class_list":["post-6210","page","type-page","status-publish","hentry"],"acf":[],"yoast_head":"<!-- This site is optimized with the Yoast SEO plugin v26.7 - https:\/\/yoast.com\/wordpress\/plugins\/seo\/ -->\n<title>Zahlungsmethoden - Mandevillashop<\/title>\n<meta name=\"description\" content=\"Nachdem Sie die ausgew\u00e4hlten Produkte in den Warenkorb gelegt haben, k\u00f6nnen Sie aus den unten aufgef\u00fchrten Zahlungmethoden w\u00e4hlen.\" \/>\n<meta name=\"robots\" content=\"index, follow, max-snippet:-1, max-image-preview:large, max-video-preview:-1\" \/>\n<link rel=\"canonical\" href=\"https:\/\/mandevillashop.com\/de\/zahlungsmethoden\/\" \/>\n<meta property=\"og:locale\" content=\"de_DE\" \/>\n<meta property=\"og:type\" content=\"article\" \/>\n<meta property=\"og:title\" content=\"Zahlungsmethoden - Mandevillashop\" \/>\n<meta property=\"og:description\" content=\"Nachdem Sie die ausgew\u00e4hlten Produkte in den Warenkorb gelegt haben, k\u00f6nnen Sie aus den unten aufgef\u00fchrten Zahlungmethoden w\u00e4hlen.\" \/>\n<meta property=\"og:url\" content=\"https:\/\/mandevillashop.com\/de\/zahlungsmethoden\/\" \/>\n<meta property=\"og:site_name\" content=\"Mandevillashop\" \/>\n<meta property=\"article:modified_time\" content=\"2026-02-28T19:06:47+00:00\" \/>\n<meta name=\"twitter:card\" content=\"summary_large_image\" \/>\n<meta name=\"twitter:label1\" content=\"Gesch\u00e4tzte Lesezeit\" \/>\n\t<meta name=\"twitter:data1\" content=\"1\u00a0Minute\" \/>\n<script type=\"application\/ld+json\" class=\"yoast-schema-graph\">{\"@context\":\"https:\/\/schema.org\",\"@graph\":[{\"@type\":\"WebPage\",\"@id\":\"https:\/\/mandevillashop.com\/de\/zahlungsmethoden\/\",\"url\":\"https:\/\/mandevillashop.com\/de\/zahlungsmethoden\/\",\"name\":\"Zahlungsmethoden - Mandevillashop\",\"isPartOf\":{\"@id\":\"https:\/\/mandevillashop.com\/de\/#website\"},\"datePublished\":\"2024-01-18T12:54:22+00:00\",\"dateModified\":\"2026-02-28T19:06:47+00:00\",\"description\":\"Nachdem Sie die ausgew\u00e4hlten Produkte in den Warenkorb gelegt haben, k\u00f6nnen Sie aus den unten aufgef\u00fchrten Zahlungmethoden w\u00e4hlen.\",\"breadcrumb\":{\"@id\":\"https:\/\/mandevillashop.com\/de\/zahlungsmethoden\/#breadcrumb\"},\"inLanguage\":\"de\",\"potentialAction\":[{\"@type\":\"ReadAction\",\"target\":[\"https:\/\/mandevillashop.com\/de\/zahlungsmethoden\/\"]}]},{\"@type\":\"BreadcrumbList\",\"@id\":\"https:\/\/mandevillashop.com\/de\/zahlungsmethoden\/#breadcrumb\",\"itemListElement\":[{\"@type\":\"ListItem\",\"position\":1,\"name\":\"Home\",\"item\":\"https:\/\/mandevillashop.com\/de\/\"},{\"@type\":\"ListItem\",\"position\":2,\"name\":\"Zahlungsmethoden\"}]},{\"@type\":\"WebSite\",\"@id\":\"https:\/\/mandevillashop.com\/de\/#website\",\"url\":\"https:\/\/mandevillashop.com\/de\/\",\"name\":\"Mandevillashop\",\"description\":\"De Mandevilla Specialist\",\"publisher\":{\"@id\":\"https:\/\/mandevillashop.com\/de\/#organization\"},\"potentialAction\":[{\"@type\":\"SearchAction\",\"target\":{\"@type\":\"EntryPoint\",\"urlTemplate\":\"https:\/\/mandevillashop.com\/de\/?s={search_term_string}\"},\"query-input\":{\"@type\":\"PropertyValueSpecification\",\"valueRequired\":true,\"valueName\":\"search_term_string\"}}],\"inLanguage\":\"de\"},{\"@type\":\"Organization\",\"@id\":\"https:\/\/mandevillashop.com\/de\/#organization\",\"name\":\"Mandevilla Shop\",\"url\":\"https:\/\/mandevillashop.com\/de\/\",\"logo\":{\"@type\":\"ImageObject\",\"inLanguage\":\"de\",\"@id\":\"https:\/\/mandevillashop.com\/de\/#\/schema\/logo\/image\/\",\"url\":\"https:\/\/mandevillashop.com\/wp-content\/uploads\/2023\/07\/mandevilla-shop-zwart.svg\",\"contentUrl\":\"https:\/\/mandevillashop.com\/wp-content\/uploads\/2023\/07\/mandevilla-shop-zwart.svg\",\"caption\":\"Mandevilla Shop\"},\"image\":{\"@id\":\"https:\/\/mandevillashop.com\/de\/#\/schema\/logo\/image\/\"}}]}<\/script>\n<!-- \/ Yoast SEO plugin. -->","yoast_head_json":{"title":"Zahlungsmethoden - Mandevillashop","description":"Nachdem Sie die ausgew\u00e4hlten Produkte in den Warenkorb gelegt haben, k\u00f6nnen Sie aus den unten aufgef\u00fchrten Zahlungmethoden w\u00e4hlen.","robots":{"index":"index","follow":"follow","max-snippet":"max-snippet:-1","max-image-preview":"max-image-preview:large","max-video-preview":"max-video-preview:-1"},"canonical":"https:\/\/mandevillashop.com\/de\/zahlungsmethoden\/","og_locale":"de_DE","og_type":"article","og_title":"Zahlungsmethoden - Mandevillashop","og_description":"Nachdem Sie die ausgew\u00e4hlten Produkte in den Warenkorb gelegt haben, k\u00f6nnen Sie aus den unten aufgef\u00fchrten Zahlungmethoden w\u00e4hlen.","og_url":"https:\/\/mandevillashop.com\/de\/zahlungsmethoden\/","og_site_name":"Mandevillashop","article_modified_time":"2026-02-28T19:06:47+00:00","twitter_card":"summary_large_image","twitter_misc":{"Gesch\u00e4tzte Lesezeit":"1\u00a0Minute"},"schema":{"@context":"https:\/\/schema.org","@graph":[{"@type":"WebPage","@id":"https:\/\/mandevillashop.com\/de\/zahlungsmethoden\/","url":"https:\/\/mandevillashop.com\/de\/zahlungsmethoden\/","name":"Zahlungsmethoden - Mandevillashop","isPartOf":{"@id":"https:\/\/mandevillashop.com\/de\/#website"},"datePublished":"2024-01-18T12:54:22+00:00","dateModified":"2026-02-28T19:06:47+00:00","description":"Nachdem Sie die ausgew\u00e4hlten Produkte in den Warenkorb gelegt haben, k\u00f6nnen Sie aus den unten aufgef\u00fchrten Zahlungmethoden w\u00e4hlen.","breadcrumb":{"@id":"https:\/\/mandevillashop.com\/de\/zahlungsmethoden\/#breadcrumb"},"inLanguage":"de","potentialAction":[{"@type":"ReadAction","target":["https:\/\/mandevillashop.com\/de\/zahlungsmethoden\/"]}]},{"@type":"BreadcrumbList","@id":"https:\/\/mandevillashop.com\/de\/zahlungsmethoden\/#breadcrumb","itemListElement":[{"@type":"ListItem","position":1,"name":"Home","item":"https:\/\/mandevillashop.com\/de\/"},{"@type":"ListItem","position":2,"name":"Zahlungsmethoden"}]},{"@type":"WebSite","@id":"https:\/\/mandevillashop.com\/de\/#website","url":"https:\/\/mandevillashop.com\/de\/","name":"Mandevillashop","description":"De Mandevilla Specialist","publisher":{"@id":"https:\/\/mandevillashop.com\/de\/#organization"},"potentialAction":[{"@type":"SearchAction","target":{"@type":"EntryPoint","urlTemplate":"https:\/\/mandevillashop.com\/de\/?s={search_term_string}"},"query-input":{"@type":"PropertyValueSpecification","valueRequired":true,"valueName":"search_term_string"}}],"inLanguage":"de"},{"@type":"Organization","@id":"https:\/\/mandevillashop.com\/de\/#organization","name":"Mandevilla Shop","url":"https:\/\/mandevillashop.com\/de\/","logo":{"@type":"ImageObject","inLanguage":"de","@id":"https:\/\/mandevillashop.com\/de\/#\/schema\/logo\/image\/","url":"https:\/\/mandevillashop.com\/wp-content\/uploads\/2023\/07\/mandevilla-shop-zwart.svg","contentUrl":"https:\/\/mandevillashop.com\/wp-content\/uploads\/2023\/07\/mandevilla-shop-zwart.svg","caption":"Mandevilla Shop"},"image":{"@id":"https:\/\/mandevillashop.com\/de\/#\/schema\/logo\/image\/"}}]}},"_links":{"self":[{"href":"https:\/\/mandevillashop.com\/de\/wp-json\/wp\/v2\/pages\/6210","targetHints":{"allow":["GET"]}}],"collection":[{"href":"https:\/\/mandevillashop.com\/de\/wp-json\/wp\/v2\/pages"}],"about":[{"href":"https:\/\/mandevillashop.com\/de\/wp-json\/wp\/v2\/types\/page"}],"author":[{"embeddable":true,"href":"https:\/\/mandevillashop.com\/de\/wp-json\/wp\/v2\/users\/1"}],"replies":[{"embeddable":true,"href":"https:\/\/mandevillashop.com\/de\/wp-json\/wp\/v2\/comments?post=6210"}],"version-history":[{"count":7,"href":"https:\/\/mandevillashop.com\/de\/wp-json\/wp\/v2\/pages\/6210\/revisions"}],"predecessor-version":[{"id":11546,"href":"https:\/\/mandevillashop.com\/de\/wp-json\/wp\/v2\/pages\/6210\/revisions\/11546"}],"wp:attachment":[{"href":"https:\/\/mandevillashop.com\/de\/wp-json\/wp\/v2\/media?parent=6210"}],"curies":[{"name":"wp","href":"https:\/\/api.w.org\/{rel}","templated":true}]}}