{"id":6216,"date":"2023-07-12T13:16:17","date_gmt":"2023-07-12T11:16:17","guid":{"rendered":"https:\/\/mandevillashop.com\/kontakt\/"},"modified":"2026-02-28T21:25:52","modified_gmt":"2026-02-28T20:25:52","slug":"kontakt","status":"publish","type":"page","link":"https:\/\/mandevillashop.com\/de\/kontakt\/","title":{"rendered":"Kontakt"},"content":{"rendered":"\t\t<div data-elementor-type=\"wp-page\" data-elementor-id=\"6216\" class=\"elementor elementor-6216 elementor-204\" data-elementor-post-type=\"page\">\n\t\t\t\t<div class=\"elementor-element elementor-element-14ce91b e-flex e-con-boxed e-con e-parent\" data-id=\"14ce91b\" data-element_type=\"container\" data-e-type=\"container\">\n\t\t\t\t\t<div class=\"e-con-inner\">\n\t\t<div class=\"elementor-element elementor-element-a39db53 e-con-full e-flex e-con e-child\" data-id=\"a39db53\" data-element_type=\"container\" data-e-type=\"container\">\n\t\t\t\t<div class=\"elementor-element elementor-element-ee0124f elementor-widget elementor-widget-heading\" data-id=\"ee0124f\" data-element_type=\"widget\" data-e-type=\"widget\" data-widget_type=\"heading.default\">\n\t\t\t\t<div class=\"elementor-widget-container\">\n\t\t\t\t\t<h1 class=\"elementor-heading-title elementor-size-default\">Kontakt<\/h1>\t\t\t\t<\/div>\n\t\t\t\t<\/div>\n\t\t\t\t<div class=\"elementor-element elementor-element-59d1d36 elementor-widget elementor-widget-text-editor\" data-id=\"59d1d36\" data-element_type=\"widget\" data-e-type=\"widget\" data-widget_type=\"text-editor.default\">\n\t\t\t\t<div class=\"elementor-widget-container\">\n\t\t\t\t\t\t\t\t\t<p data-start=\"1541\" data-end=\"1628\">Wir helfen Ihnen gerne bei Fragen zu <strong data-start=\"1578\" data-end=\"1625\">Bestellungen, Pflanzen oder Click &amp; Collect<\/strong>.<\/p><p data-start=\"1630\" data-end=\"1661\">\ud83c\udf38 <strong data-start=\"1633\" data-end=\"1659\">Mai = Mandevilla-Monat<\/strong><\/p><p data-start=\"1663\" data-end=\"2005\">Unser <strong data-start=\"1669\" data-end=\"1707\">physisches Mandevillashop-Gesch\u00e4ft<\/strong> ist derzeit geschlossen.<br data-start=\"1732\" data-end=\"1735\" \/>Aber im Mai feiern wir den <strong data-start=\"1762\" data-end=\"1782\">Mandevilla-Monat<\/strong> und \u00f6ffnen jeden Samstag von <strong data-start=\"1812\" data-end=\"1834\">9:00 bis 15:00 Uhr<\/strong>.<br data-start=\"1835\" data-end=\"1838\" \/>Sie sind herzlich willkommen, unsere Mandevillas pers\u00f6nlich zu sehen, Beratung zu erhalten und Ihre Lieblingspflanzen direkt mitzunehmen (solange der Vorrat reicht).<\/p><hr data-start=\"2007\" data-end=\"2010\" \/><p data-start=\"2012\" data-end=\"2058\">\ud83c\udf3f <strong data-start=\"2015\" data-end=\"2056\">Online-Bestellungen &amp; Click &amp; Collect<\/strong><\/p><p data-start=\"2060\" data-end=\"2191\">Alle Bestellungen, sowohl regul\u00e4re als auch Click &amp; Collect-Bestellungen, werden <strong data-start=\"2141\" data-end=\"2161\">ab dem 10. April<\/strong> bearbeitet und vorbereitet.<\/p><p data-start=\"2193\" data-end=\"2328\">M\u00f6chten Sie Ihre Mandevilla fr\u00fcher abholen?<br data-start=\"2236\" data-end=\"2239\" \/>W\u00e4hlen Sie beim Checkout <strong data-start=\"2264\" data-end=\"2283\">Click &amp; Collect<\/strong> und w\u00e4hlen Sie Ihr gew\u00fcnschtes Abholdatum.<\/p><p data-start=\"2330\" data-end=\"2405\">Abholung ist <strong data-start=\"2343\" data-end=\"2394\">Montag bis Freitag zwischen 13:00 und 16:00 Uhr<\/strong> m\u00f6glich.<\/p><p data-start=\"2407\" data-end=\"2566\">F\u00fcr abweichende Abholdaten oder -zeiten kontaktieren Sie uns bitte unter <strong data-start=\"2480\" data-end=\"2507\"><a class=\"decorated-link cursor-pointer\" rel=\"noopener\" data-start=\"2482\" data-end=\"2505\">info@mandevillashop.com<\/a><\/strong>. Wir helfen Ihnen gerne, eine passende L\u00f6sung zu finden.<\/p><hr data-start=\"2568\" data-end=\"2571\" \/><p data-start=\"2573\" data-end=\"2597\">\ud83c\udf3c <strong data-start=\"2576\" data-end=\"2595\">Gesch\u00e4ftskunden<\/strong><\/p><p data-start=\"2599\" data-end=\"2823\">Mandevillas eignen sich auch hervorragend f\u00fcr <strong data-start=\"2645\" data-end=\"2711\">Gewerbekunden: G\u00e4rtner, Landschaftsarchitekten und Gastronomie<\/strong>.<br data-start=\"2712\" data-end=\"2715\" \/>Kontaktieren Sie uns gerne f\u00fcr <strong data-start=\"2746\" data-end=\"2820\">individuelle Beratung, gr\u00f6\u00dfere Mengen oder projektbezogene Lieferungen<\/strong>.<\/p>\t\t\t\t\t\t\t\t<\/div>\n\t\t\t\t<\/div>\n\t\t\t\t<\/div>\n\t\t<div class=\"elementor-element elementor-element-4091c1e e-con-full e-flex e-con e-child\" data-id=\"4091c1e\" data-element_type=\"container\" data-e-type=\"container\">\n\t\t<div class=\"elementor-element elementor-element-ee38968 e-flex e-con-boxed e-con e-child\" data-id=\"ee38968\" data-element_type=\"container\" data-e-type=\"container\" data-settings=\"{&quot;background_background&quot;:&quot;classic&quot;}\">\n\t\t\t\t\t<div class=\"e-con-inner\">\n\t\t\t\t<div class=\"elementor-element elementor-element-f155e23 elementor-widget elementor-widget-heading\" data-id=\"f155e23\" data-element_type=\"widget\" data-e-type=\"widget\" data-widget_type=\"heading.default\">\n\t\t\t\t<div class=\"elementor-widget-container\">\n\t\t\t\t\t<h4 class=\"elementor-heading-title elementor-size-default\">Haben Sie eine Frage?<\/h4>\t\t\t\t<\/div>\n\t\t\t\t<\/div>\n\t\t\t\t<div class=\"elementor-element elementor-element-2f63d9c elementor-widget elementor-widget-text-editor\" data-id=\"2f63d9c\" data-element_type=\"widget\" data-e-type=\"widget\" data-widget_type=\"text-editor.default\">\n\t\t\t\t<div class=\"elementor-widget-container\">\n\t\t\t\t\t\t\t\t\t<p data-start=\"359\" data-end=\"486\">Schicken Sie uns eine <em>E-Mail<\/em> an <a class=\"cursor-pointer\" rel=\"noopener\" data-start=\"421\" data-end=\"444\">info@mandevillashop.com<\/a><br data-start=\"446\" data-end=\"449\" \/>Wir antworten so schnell wie m\u00f6glich.<\/p><p data-start=\"488\" data-end=\"589\"><em>Rufen<\/em> Sie lieber an?<br data-start=\"508\" data-end=\"511\" \/>Sie erreichen uns werktags von 9:00 bis 12:00 Uhr unter +31 (0)85 4832403.<\/p>\t\t\t\t\t\t\t\t<\/div>\n\t\t\t\t<\/div>\n\t\t\t\t<div class=\"elementor-element elementor-element-b81cd6d elementor-widget elementor-widget-heading\" data-id=\"b81cd6d\" data-element_type=\"widget\" data-e-type=\"widget\" data-widget_type=\"heading.default\">\n\t\t\t\t<div class=\"elementor-widget-container\">\n\t\t\t\t\t<h4 class=\"elementor-heading-title elementor-size-default\">Besucheradresse<\/h4>\t\t\t\t<\/div>\n\t\t\t\t<\/div>\n\t\t\t\t<div class=\"elementor-element elementor-element-bf4ad0c elementor-widget elementor-widget-text-editor\" data-id=\"bf4ad0c\" data-element_type=\"widget\" data-e-type=\"widget\" data-widget_type=\"text-editor.default\">\n\t\t\t\t<div class=\"elementor-widget-container\">\n\t\t\t\t\t\t\t\t\t<p>Mandevillashop<br \/>Burgerweg 13, Maasland<\/p>\t\t\t\t\t\t\t\t<\/div>\n\t\t\t\t<\/div>\n\t\t\t\t\t<\/div>\n\t\t\t\t<\/div>\n\t\t\t\t<\/div>\n\t\t\t\t\t<\/div>\n\t\t\t\t<\/div>\n\t\t<div class=\"elementor-element elementor-element-3019cd8 e-flex e-con-boxed e-con e-parent\" data-id=\"3019cd8\" data-element_type=\"container\" data-e-type=\"container\">\n\t\t\t\t\t<div class=\"e-con-inner\">\n\t\t<div class=\"elementor-element elementor-element-35a9fdf e-flex e-con-boxed e-con e-child\" data-id=\"35a9fdf\" data-element_type=\"container\" data-e-type=\"container\">\n\t\t\t\t\t<div class=\"e-con-inner\">\n\t\t\t\t<div class=\"elementor-element elementor-element-5244b01 elementor-widget elementor-widget-google_maps\" data-id=\"5244b01\" data-element_type=\"widget\" data-e-type=\"widget\" data-widget_type=\"google_maps.default\">\n\t\t\t\t<div class=\"elementor-widget-container\">\n\t\t\t\t\t\t\t<div class=\"elementor-custom-embed\">\n\t\t\t<iframe loading=\"lazy\"\n\t\t\t\t\tsrc=\"https:\/\/maps.google.com\/maps?q=Mandevillashop&#038;t=m&#038;z=10&#038;output=embed&#038;iwloc=near\"\n\t\t\t\t\ttitle=\"Mandevillashop\"\n\t\t\t\t\taria-label=\"Mandevillashop\"\n\t\t\t><\/iframe>\n\t\t<\/div>\n\t\t\t\t\t\t<\/div>\n\t\t\t\t<\/div>\n\t\t\t\t\t<\/div>\n\t\t\t\t<\/div>\n\t\t\t\t\t<\/div>\n\t\t\t\t<\/div>\n\t\t\t\t<\/div>\n\t\t","protected":false},"excerpt":{"rendered":"<p>Kontakt Wir helfen Ihnen gerne bei Fragen zu Bestellungen, Pflanzen oder Click &amp; Collect. \ud83c\udf38 Mai = Mandevilla-Monat Unser physisches Mandevillashop-Gesch\u00e4ft ist derzeit geschlossen.Aber im Mai feiern wir den Mandevilla-Monat und \u00f6ffnen jeden Samstag von 9:00 bis 15:00 Uhr.Sie sind herzlich willkommen, unsere Mandevillas pers\u00f6nlich zu sehen, Beratung zu erhalten und Ihre Lieblingspflanzen direkt mitzunehmen<\/p>\n","protected":false},"author":1,"featured_media":0,"parent":0,"menu_order":0,"comment_status":"closed","ping_status":"closed","template":"","meta":{"_acf_changed":false,"footnotes":""},"class_list":["post-6216","page","type-page","status-publish","hentry"],"acf":[],"yoast_head":"<!-- This site is optimized with the Yoast SEO plugin v27.4 - https:\/\/yoast.com\/product\/yoast-seo-wordpress\/ -->\n<title>Kontakt - Mandevillashop<\/title>\n<meta name=\"description\" content=\"Kaufen Sie sie in unserem Webshop, in unserem Gesch\u00e4ft oder \u00fcber Click&amp;Collect. Wenn Sie Fragen haben, wenden Sie sich bitte an uns.\" \/>\n<meta name=\"robots\" content=\"index, follow, max-snippet:-1, max-image-preview:large, max-video-preview:-1\" \/>\n<link rel=\"canonical\" href=\"https:\/\/mandevillashop.com\/de\/kontakt\/\" \/>\n<meta property=\"og:locale\" content=\"de_DE\" \/>\n<meta property=\"og:type\" content=\"article\" \/>\n<meta property=\"og:title\" content=\"Kontakt - Mandevillashop\" \/>\n<meta property=\"og:description\" content=\"Kaufen Sie sie in unserem Webshop, in unserem Gesch\u00e4ft oder \u00fcber Click&amp;Collect. Wenn Sie Fragen haben, wenden Sie sich bitte an uns.\" \/>\n<meta property=\"og:url\" content=\"https:\/\/mandevillashop.com\/de\/kontakt\/\" \/>\n<meta property=\"og:site_name\" content=\"Mandevillashop\" \/>\n<meta property=\"article:modified_time\" content=\"2026-02-28T20:25:52+00:00\" \/>\n<meta name=\"twitter:card\" content=\"summary_large_image\" \/>\n<meta name=\"twitter:label1\" content=\"Gesch\u00e4tzte Lesezeit\" \/>\n\t<meta name=\"twitter:data1\" content=\"2\u00a0Minuten\" \/>\n<script type=\"application\/ld+json\" class=\"yoast-schema-graph\">{\"@context\":\"https:\\\/\\\/schema.org\",\"@graph\":[{\"@type\":\"WebPage\",\"@id\":\"https:\\\/\\\/mandevillashop.com\\\/de\\\/kontakt\\\/\",\"url\":\"https:\\\/\\\/mandevillashop.com\\\/de\\\/kontakt\\\/\",\"name\":\"Kontakt - Mandevillashop\",\"isPartOf\":{\"@id\":\"https:\\\/\\\/mandevillashop.com\\\/de\\\/#website\"},\"datePublished\":\"2023-07-12T11:16:17+00:00\",\"dateModified\":\"2026-02-28T20:25:52+00:00\",\"description\":\"Kaufen Sie sie in unserem Webshop, in unserem Gesch\u00e4ft oder \u00fcber Click&Collect. Wenn Sie Fragen haben, wenden Sie sich bitte an uns.\",\"breadcrumb\":{\"@id\":\"https:\\\/\\\/mandevillashop.com\\\/de\\\/kontakt\\\/#breadcrumb\"},\"inLanguage\":\"de\",\"potentialAction\":[{\"@type\":\"ReadAction\",\"target\":[\"https:\\\/\\\/mandevillashop.com\\\/de\\\/kontakt\\\/\"]}]},{\"@type\":\"BreadcrumbList\",\"@id\":\"https:\\\/\\\/mandevillashop.com\\\/de\\\/kontakt\\\/#breadcrumb\",\"itemListElement\":[{\"@type\":\"ListItem\",\"position\":1,\"name\":\"Home\",\"item\":\"https:\\\/\\\/mandevillashop.com\\\/de\\\/\"},{\"@type\":\"ListItem\",\"position\":2,\"name\":\"Kontakt\"}]},{\"@type\":\"WebSite\",\"@id\":\"https:\\\/\\\/mandevillashop.com\\\/de\\\/#website\",\"url\":\"https:\\\/\\\/mandevillashop.com\\\/de\\\/\",\"name\":\"Mandevillashop\",\"description\":\"De Mandevilla Specialist\",\"publisher\":{\"@id\":\"https:\\\/\\\/mandevillashop.com\\\/de\\\/#organization\"},\"potentialAction\":[{\"@type\":\"SearchAction\",\"target\":{\"@type\":\"EntryPoint\",\"urlTemplate\":\"https:\\\/\\\/mandevillashop.com\\\/de\\\/?s={search_term_string}\"},\"query-input\":{\"@type\":\"PropertyValueSpecification\",\"valueRequired\":true,\"valueName\":\"search_term_string\"}}],\"inLanguage\":\"de\"},{\"@type\":\"Organization\",\"@id\":\"https:\\\/\\\/mandevillashop.com\\\/de\\\/#organization\",\"name\":\"Mandevilla Shop\",\"url\":\"https:\\\/\\\/mandevillashop.com\\\/de\\\/\",\"logo\":{\"@type\":\"ImageObject\",\"inLanguage\":\"de\",\"@id\":\"https:\\\/\\\/mandevillashop.com\\\/de\\\/#\\\/schema\\\/logo\\\/image\\\/\",\"url\":\"https:\\\/\\\/mandevillashop.com\\\/wp-content\\\/uploads\\\/2023\\\/07\\\/mandevilla-shop-zwart.svg\",\"contentUrl\":\"https:\\\/\\\/mandevillashop.com\\\/wp-content\\\/uploads\\\/2023\\\/07\\\/mandevilla-shop-zwart.svg\",\"caption\":\"Mandevilla Shop\"},\"image\":{\"@id\":\"https:\\\/\\\/mandevillashop.com\\\/de\\\/#\\\/schema\\\/logo\\\/image\\\/\"}}]}<\/script>\n<!-- \/ Yoast SEO plugin. -->","yoast_head_json":{"title":"Kontakt - Mandevillashop","description":"Kaufen Sie sie in unserem Webshop, in unserem Gesch\u00e4ft oder \u00fcber Click&Collect. Wenn Sie Fragen haben, wenden Sie sich bitte an uns.","robots":{"index":"index","follow":"follow","max-snippet":"max-snippet:-1","max-image-preview":"max-image-preview:large","max-video-preview":"max-video-preview:-1"},"canonical":"https:\/\/mandevillashop.com\/de\/kontakt\/","og_locale":"de_DE","og_type":"article","og_title":"Kontakt - Mandevillashop","og_description":"Kaufen Sie sie in unserem Webshop, in unserem Gesch\u00e4ft oder \u00fcber Click&Collect. Wenn Sie Fragen haben, wenden Sie sich bitte an uns.","og_url":"https:\/\/mandevillashop.com\/de\/kontakt\/","og_site_name":"Mandevillashop","article_modified_time":"2026-02-28T20:25:52+00:00","twitter_card":"summary_large_image","twitter_misc":{"Gesch\u00e4tzte Lesezeit":"2\u00a0Minuten"},"schema":{"@context":"https:\/\/schema.org","@graph":[{"@type":"WebPage","@id":"https:\/\/mandevillashop.com\/de\/kontakt\/","url":"https:\/\/mandevillashop.com\/de\/kontakt\/","name":"Kontakt - Mandevillashop","isPartOf":{"@id":"https:\/\/mandevillashop.com\/de\/#website"},"datePublished":"2023-07-12T11:16:17+00:00","dateModified":"2026-02-28T20:25:52+00:00","description":"Kaufen Sie sie in unserem Webshop, in unserem Gesch\u00e4ft oder \u00fcber Click&Collect. Wenn Sie Fragen haben, wenden Sie sich bitte an uns.","breadcrumb":{"@id":"https:\/\/mandevillashop.com\/de\/kontakt\/#breadcrumb"},"inLanguage":"de","potentialAction":[{"@type":"ReadAction","target":["https:\/\/mandevillashop.com\/de\/kontakt\/"]}]},{"@type":"BreadcrumbList","@id":"https:\/\/mandevillashop.com\/de\/kontakt\/#breadcrumb","itemListElement":[{"@type":"ListItem","position":1,"name":"Home","item":"https:\/\/mandevillashop.com\/de\/"},{"@type":"ListItem","position":2,"name":"Kontakt"}]},{"@type":"WebSite","@id":"https:\/\/mandevillashop.com\/de\/#website","url":"https:\/\/mandevillashop.com\/de\/","name":"Mandevillashop","description":"De Mandevilla Specialist","publisher":{"@id":"https:\/\/mandevillashop.com\/de\/#organization"},"potentialAction":[{"@type":"SearchAction","target":{"@type":"EntryPoint","urlTemplate":"https:\/\/mandevillashop.com\/de\/?s={search_term_string}"},"query-input":{"@type":"PropertyValueSpecification","valueRequired":true,"valueName":"search_term_string"}}],"inLanguage":"de"},{"@type":"Organization","@id":"https:\/\/mandevillashop.com\/de\/#organization","name":"Mandevilla Shop","url":"https:\/\/mandevillashop.com\/de\/","logo":{"@type":"ImageObject","inLanguage":"de","@id":"https:\/\/mandevillashop.com\/de\/#\/schema\/logo\/image\/","url":"https:\/\/mandevillashop.com\/wp-content\/uploads\/2023\/07\/mandevilla-shop-zwart.svg","contentUrl":"https:\/\/mandevillashop.com\/wp-content\/uploads\/2023\/07\/mandevilla-shop-zwart.svg","caption":"Mandevilla Shop"},"image":{"@id":"https:\/\/mandevillashop.com\/de\/#\/schema\/logo\/image\/"}}]}},"_links":{"self":[{"href":"https:\/\/mandevillashop.com\/de\/wp-json\/wp\/v2\/pages\/6216","targetHints":{"allow":["GET"]}}],"collection":[{"href":"https:\/\/mandevillashop.com\/de\/wp-json\/wp\/v2\/pages"}],"about":[{"href":"https:\/\/mandevillashop.com\/de\/wp-json\/wp\/v2\/types\/page"}],"author":[{"embeddable":true,"href":"https:\/\/mandevillashop.com\/de\/wp-json\/wp\/v2\/users\/1"}],"replies":[{"embeddable":true,"href":"https:\/\/mandevillashop.com\/de\/wp-json\/wp\/v2\/comments?post=6216"}],"version-history":[{"count":16,"href":"https:\/\/mandevillashop.com\/de\/wp-json\/wp\/v2\/pages\/6216\/revisions"}],"predecessor-version":[{"id":11578,"href":"https:\/\/mandevillashop.com\/de\/wp-json\/wp\/v2\/pages\/6216\/revisions\/11578"}],"wp:attachment":[{"href":"https:\/\/mandevillashop.com\/de\/wp-json\/wp\/v2\/media?parent=6216"}],"curies":[{"name":"wp","href":"https:\/\/api.w.org\/{rel}","templated":true}]}}