{"id":6224,"date":"2023-12-22T10:29:59","date_gmt":"2023-12-22T09:29:59","guid":{"rendered":"https:\/\/mandevillashop.com\/ueber-uns\/"},"modified":"2024-02-06T14:05:29","modified_gmt":"2024-02-06T14:05:29","slug":"ueber-uns","status":"publish","type":"page","link":"https:\/\/mandevillashop.com\/de\/ueber-uns\/","title":{"rendered":"\u00dcber uns"},"content":{"rendered":"\t\t<div data-elementor-type=\"wp-page\" data-elementor-id=\"6224\" class=\"elementor elementor-6224 elementor-504\" data-elementor-post-type=\"page\">\n\t\t\t\t<div class=\"elementor-element elementor-element-47fd56d e-flex e-con-boxed e-con e-parent\" data-id=\"47fd56d\" data-element_type=\"container\" data-e-type=\"container\">\n\t\t\t\t\t<div class=\"e-con-inner\">\n\t\t\t\t<div class=\"elementor-element elementor-element-52108f6 elementor-widget elementor-widget-heading\" data-id=\"52108f6\" data-element_type=\"widget\" data-e-type=\"widget\" data-widget_type=\"heading.default\">\n\t\t\t\t<div class=\"elementor-widget-container\">\n\t\t\t\t\t<h1 class=\"elementor-heading-title elementor-size-default\">Wie alles beginnt<\/h1>\t\t\t\t<\/div>\n\t\t\t\t<\/div>\n\t\t\t\t<div class=\"elementor-element elementor-element-219a79c elementor-widget elementor-widget-text-editor\" data-id=\"219a79c\" data-element_type=\"widget\" data-e-type=\"widget\" data-widget_type=\"text-editor.default\">\n\t\t\t\t<div class=\"elementor-widget-container\">\n\t\t\t\t\t\t\t\t\t<p>Wir von Mandevillashop besch\u00e4ftigen uns das ganze Jahr \u00fcber (ja, sogar im Winter!) mit diesem wundersch\u00f6nen Sommerbl\u00fcher. Wir lieben diese Gartenpflanze und wissen ganz genau, was sie braucht. Man nennt uns nicht ohne Grund den Mandevilla-Spezialisten!<\/p>\n\t\t\t\t\t\t\t\t<\/div>\n\t\t\t\t<\/div>\n\t\t\t\t\t<\/div>\n\t\t\t\t<\/div>\n\t\t<div class=\"elementor-element elementor-element-d0baa38 e-flex e-con-boxed e-con e-parent\" data-id=\"d0baa38\" data-element_type=\"container\" data-e-type=\"container\">\n\t\t\t\t\t<div class=\"e-con-inner\">\n\t\t<div class=\"elementor-element elementor-element-3af3779 e-con-full e-flex e-con e-child\" data-id=\"3af3779\" data-element_type=\"container\" data-e-type=\"container\">\n\t\t\t\t<div class=\"elementor-element elementor-element-2e43f04 elementor-widget elementor-widget-heading\" data-id=\"2e43f04\" data-element_type=\"widget\" data-e-type=\"widget\" data-widget_type=\"heading.default\">\n\t\t\t\t<div class=\"elementor-widget-container\">\n\t\t\t\t\t<h2 class=\"elementor-heading-title elementor-size-default\">Gr\u00fcndung<\/h2>\t\t\t\t<\/div>\n\t\t\t\t<\/div>\n\t\t\t\t<div class=\"elementor-element elementor-element-49dbe65 elementor-widget elementor-widget-text-editor\" data-id=\"49dbe65\" data-element_type=\"widget\" data-e-type=\"widget\" data-widget_type=\"text-editor.default\">\n\t\t\t\t<div class=\"elementor-widget-container\">\n\t\t\t\t\t\t\t\t\t<p>Mandevillashop ist Teil der G\u00e4rtnerei Beauty Plants, ein 7,5 ha umfassendes Familienunternehmen, das seit 2016 Mandevilla z\u00fcchtet. Aufgrund unserer Vorliebe f\u00fcr dieses Produkt haben wir (die Gebr\u00fcder Tim und Stef Koene) Mandevillashop gegr\u00fcndet. So k\u00f6nnen wir mehr Verbrauchern diese moderne, vielseitige Gartenpflanze n\u00e4herbringen.<\/p>\n<p>Mittlerweile hat Mandevillashop sich zu weit mehr als einem Webshop entwickelt, in dem die sch\u00f6nsten Mandevillas erh\u00e4ltlich sind. Mit unserer Spezialisierung teilen wir n\u00e4mlich auch viel Hintergrundinformationen, Pflegetipps und Inspiration mit den Verbrauchern.<\/p>\n\t\t\t\t\t\t\t\t<\/div>\n\t\t\t\t<\/div>\n\t\t\t\t<\/div>\n\t\t<div class=\"elementor-element elementor-element-4fb66c9 e-con-full e-flex e-con e-child\" data-id=\"4fb66c9\" data-element_type=\"container\" data-e-type=\"container\">\n\t\t\t\t<div class=\"elementor-element elementor-element-fceae58 elementor-widget elementor-widget-image\" data-id=\"fceae58\" data-element_type=\"widget\" data-e-type=\"widget\" data-widget_type=\"image.default\">\n\t\t\t\t<div class=\"elementor-widget-container\">\n\t\t\t\t\t\t\t\t\t\t\t\t\t\t\t<img fetchpriority=\"high\" decoding=\"async\" width=\"600\" height=\"900\" src=\"https:\/\/mandevillashop.com\/wp-content\/uploads\/2023\/12\/mandevilla-tim.webp\" class=\"attachment-large size-large wp-image-2671\" alt=\"\" srcset=\"https:\/\/mandevillashop.com\/wp-content\/uploads\/2023\/12\/mandevilla-tim.webp 600w, https:\/\/mandevillashop.com\/wp-content\/uploads\/2023\/12\/mandevilla-tim-200x300.webp 200w, https:\/\/mandevillashop.com\/wp-content\/uploads\/2023\/12\/mandevilla-tim-300x450.webp 300w\" sizes=\"(max-width: 600px) 100vw, 600px\" \/>\t\t\t\t\t\t\t\t\t\t\t\t\t\t\t<\/div>\n\t\t\t\t<\/div>\n\t\t\t\t<\/div>\n\t\t<div class=\"elementor-element elementor-element-05d7b47 e-con-full e-flex e-con e-child\" data-id=\"05d7b47\" data-element_type=\"container\" data-e-type=\"container\">\n\t\t\t\t<div class=\"elementor-element elementor-element-ceaa0b2 elementor-widget elementor-widget-image\" data-id=\"ceaa0b2\" data-element_type=\"widget\" data-e-type=\"widget\" data-widget_type=\"image.default\">\n\t\t\t\t<div class=\"elementor-widget-container\">\n\t\t\t\t\t\t\t\t\t\t\t\t\t\t\t<img decoding=\"async\" width=\"600\" height=\"899\" src=\"https:\/\/mandevillashop.com\/wp-content\/uploads\/2023\/12\/mandevilla-stef.webp\" class=\"attachment-large size-large wp-image-2668\" alt=\"\" srcset=\"https:\/\/mandevillashop.com\/wp-content\/uploads\/2023\/12\/mandevilla-stef.webp 600w, https:\/\/mandevillashop.com\/wp-content\/uploads\/2023\/12\/mandevilla-stef-200x300.webp 200w, https:\/\/mandevillashop.com\/wp-content\/uploads\/2023\/12\/mandevilla-stef-300x450.webp 300w\" sizes=\"(max-width: 600px) 100vw, 600px\" \/>\t\t\t\t\t\t\t\t\t\t\t\t\t\t\t<\/div>\n\t\t\t\t<\/div>\n\t\t\t\t<\/div>\n\t\t\t\t\t<\/div>\n\t\t\t\t<\/div>\n\t\t<div class=\"elementor-element elementor-element-473f2a8 e-flex e-con-boxed e-con e-parent\" data-id=\"473f2a8\" data-element_type=\"container\" data-e-type=\"container\">\n\t\t\t\t\t<div class=\"e-con-inner\">\n\t\t<div class=\"elementor-element elementor-element-5dfb5a5 e-flex e-con-boxed e-con e-child\" data-id=\"5dfb5a5\" data-element_type=\"container\" data-e-type=\"container\">\n\t\t\t\t\t<div class=\"e-con-inner\">\n\t\t\t\t\t<\/div>\n\t\t\t\t<\/div>\n\t\t\t\t\t<\/div>\n\t\t\t\t<\/div>\n\t\t<div class=\"elementor-element elementor-element-cbfe20a e-flex e-con-boxed e-con e-parent\" data-id=\"cbfe20a\" data-element_type=\"container\" data-e-type=\"container\">\n\t\t\t\t\t<div class=\"e-con-inner\">\n\t\t<div class=\"elementor-element elementor-element-b473ee5 e-con-full e-flex e-con e-child\" data-id=\"b473ee5\" data-element_type=\"container\" data-e-type=\"container\">\n\t\t\t\t<div class=\"elementor-element elementor-element-4dab2f2 elementor-widget elementor-widget-image\" data-id=\"4dab2f2\" data-element_type=\"widget\" data-e-type=\"widget\" data-widget_type=\"image.default\">\n\t\t\t\t<div class=\"elementor-widget-container\">\n\t\t\t\t\t\t\t\t\t\t\t\t\t\t\t<img decoding=\"async\" width=\"767\" height=\"907\" src=\"https:\/\/mandevillashop.com\/wp-content\/uploads\/2023\/12\/Mandevilla-Sundaville-Flamingo-stek-1.webp\" class=\"attachment-large size-large wp-image-2686\" alt=\"\" srcset=\"https:\/\/mandevillashop.com\/wp-content\/uploads\/2023\/12\/Mandevilla-Sundaville-Flamingo-stek-1.webp 767w, https:\/\/mandevillashop.com\/wp-content\/uploads\/2023\/12\/Mandevilla-Sundaville-Flamingo-stek-1-254x300.webp 254w, https:\/\/mandevillashop.com\/wp-content\/uploads\/2023\/12\/Mandevilla-Sundaville-Flamingo-stek-1-300x355.webp 300w, https:\/\/mandevillashop.com\/wp-content\/uploads\/2023\/12\/Mandevilla-Sundaville-Flamingo-stek-1-600x710.webp 600w\" sizes=\"(max-width: 767px) 100vw, 767px\" \/>\t\t\t\t\t\t\t\t\t\t\t\t\t\t\t<\/div>\n\t\t\t\t<\/div>\n\t\t\t\t<\/div>\n\t\t<div class=\"elementor-element elementor-element-0bf866e e-con-full e-flex e-con e-child\" data-id=\"0bf866e\" data-element_type=\"container\" data-e-type=\"container\">\n\t\t\t\t<div class=\"elementor-element elementor-element-ca6d8f2 elementor-widget elementor-widget-heading\" data-id=\"ca6d8f2\" data-element_type=\"widget\" data-e-type=\"widget\" data-widget_type=\"heading.default\">\n\t\t\t\t<div class=\"elementor-widget-container\">\n\t\t\t\t\t<h2 class=\"elementor-heading-title elementor-size-default\">Nachhaltig gez\u00fcchtet<\/h2>\t\t\t\t<\/div>\n\t\t\t\t<\/div>\n\t\t\t\t<div class=\"elementor-element elementor-element-ea5a467 elementor-widget elementor-widget-text-editor\" data-id=\"ea5a467\" data-element_type=\"widget\" data-e-type=\"widget\" data-widget_type=\"text-editor.default\">\n\t\t\t\t<div class=\"elementor-widget-container\">\n\t\t\t\t\t\t\t\t\t<p>Wir z\u00fcchten Mandevillas so nachhaltig wie m\u00f6glich, mit R\u00fccksicht auf die Welt, in der wir leben. Die von uns f\u00fcr unsere Mandevillas verwendete Topferde ist RHP-zertifiziert: eine Garantie f\u00fcr Qualit\u00e4t und Sicherheit.<br \/>\nAls G\u00e4rtnerei ist es m\u00f6glich, Zertifikate zu erhalten, wenn man strenge Nachhaltigkeitsanforderungen erf\u00fcllt. Unsere G\u00e4rtnerei ist MPS A-, MPS GAP- und MPS SQ-zertifiziert.<\/p>\n<p>Wenn Sie eine Mandevilla bei Mandevillashop.com kaufen, erhalten Sie garantiert ein nachhaltig gez\u00fcchtetes Produkt.<\/p>\n\t\t\t\t\t\t\t\t<\/div>\n\t\t\t\t<\/div>\n\t\t\t\t<\/div>\n\t\t\t\t\t<\/div>\n\t\t\t\t<\/div>\n\t\t\t\t<\/div>\n\t\t","protected":false},"excerpt":{"rendered":"<p>Wie alles beginnt Wir von Mandevillashop besch\u00e4ftigen uns das ganze Jahr \u00fcber (ja, sogar im Winter!) mit diesem wundersch\u00f6nen Sommerbl\u00fcher. Wir lieben diese Gartenpflanze und wissen ganz genau, was sie braucht. Man nennt uns nicht ohne Grund den Mandevilla-Spezialisten! Gr\u00fcndung Mandevillashop ist Teil der G\u00e4rtnerei Beauty Plants, ein 7,5 ha umfassendes Familienunternehmen, das seit 2016<\/p>\n","protected":false},"author":1,"featured_media":0,"parent":0,"menu_order":0,"comment_status":"closed","ping_status":"closed","template":"","meta":{"_acf_changed":false,"footnotes":""},"class_list":["post-6224","page","type-page","status-publish","hentry"],"acf":[],"yoast_head":"<!-- This site is optimized with the Yoast SEO plugin v27.4 - https:\/\/yoast.com\/product\/yoast-seo-wordpress\/ -->\n<title>\u00dcber uns - Mandevillashop<\/title>\n<meta name=\"description\" content=\"Mandevillashop ist Teil der Baumschule Beauty Plants. Mit gro\u00dfer Leidenschaft konzentrieren sie sich ganz auf den Anbau von Mandevilla.\" \/>\n<meta name=\"robots\" content=\"index, follow, max-snippet:-1, max-image-preview:large, max-video-preview:-1\" \/>\n<link rel=\"canonical\" href=\"https:\/\/mandevillashop.com\/de\/ueber-uns\/\" \/>\n<meta property=\"og:locale\" content=\"de_DE\" \/>\n<meta property=\"og:type\" content=\"article\" \/>\n<meta property=\"og:title\" content=\"\u00dcber uns - Mandevillashop\" \/>\n<meta property=\"og:description\" content=\"Mandevillashop ist Teil der Baumschule Beauty Plants. Mit gro\u00dfer Leidenschaft konzentrieren sie sich ganz auf den Anbau von Mandevilla.\" \/>\n<meta property=\"og:url\" content=\"https:\/\/mandevillashop.com\/de\/ueber-uns\/\" \/>\n<meta property=\"og:site_name\" content=\"Mandevillashop\" \/>\n<meta property=\"article:modified_time\" content=\"2024-02-06T14:05:29+00:00\" \/>\n<meta property=\"og:image\" content=\"https:\/\/mandevillashop.com\/wp-content\/uploads\/2023\/12\/mandevilla-tim.webp\" \/>\n<meta name=\"twitter:card\" content=\"summary_large_image\" \/>\n<meta name=\"twitter:label1\" content=\"Gesch\u00e4tzte Lesezeit\" \/>\n\t<meta name=\"twitter:data1\" content=\"2\u00a0Minuten\" \/>\n<script type=\"application\/ld+json\" class=\"yoast-schema-graph\">{\"@context\":\"https:\\\/\\\/schema.org\",\"@graph\":[{\"@type\":\"WebPage\",\"@id\":\"https:\\\/\\\/mandevillashop.com\\\/de\\\/ueber-uns\\\/\",\"url\":\"https:\\\/\\\/mandevillashop.com\\\/de\\\/ueber-uns\\\/\",\"name\":\"\u00dcber uns - Mandevillashop\",\"isPartOf\":{\"@id\":\"https:\\\/\\\/mandevillashop.com\\\/de\\\/#website\"},\"primaryImageOfPage\":{\"@id\":\"https:\\\/\\\/mandevillashop.com\\\/de\\\/ueber-uns\\\/#primaryimage\"},\"image\":{\"@id\":\"https:\\\/\\\/mandevillashop.com\\\/de\\\/ueber-uns\\\/#primaryimage\"},\"thumbnailUrl\":\"https:\\\/\\\/mandevillashop.com\\\/wp-content\\\/uploads\\\/2023\\\/12\\\/mandevilla-tim.webp\",\"datePublished\":\"2023-12-22T09:29:59+00:00\",\"dateModified\":\"2024-02-06T14:05:29+00:00\",\"description\":\"Mandevillashop ist Teil der Baumschule Beauty Plants. Mit gro\u00dfer Leidenschaft konzentrieren sie sich ganz auf den Anbau von Mandevilla.\",\"breadcrumb\":{\"@id\":\"https:\\\/\\\/mandevillashop.com\\\/de\\\/ueber-uns\\\/#breadcrumb\"},\"inLanguage\":\"de\",\"potentialAction\":[{\"@type\":\"ReadAction\",\"target\":[\"https:\\\/\\\/mandevillashop.com\\\/de\\\/ueber-uns\\\/\"]}]},{\"@type\":\"ImageObject\",\"inLanguage\":\"de\",\"@id\":\"https:\\\/\\\/mandevillashop.com\\\/de\\\/ueber-uns\\\/#primaryimage\",\"url\":\"https:\\\/\\\/mandevillashop.com\\\/wp-content\\\/uploads\\\/2023\\\/12\\\/mandevilla-tim.webp\",\"contentUrl\":\"https:\\\/\\\/mandevillashop.com\\\/wp-content\\\/uploads\\\/2023\\\/12\\\/mandevilla-tim.webp\"},{\"@type\":\"BreadcrumbList\",\"@id\":\"https:\\\/\\\/mandevillashop.com\\\/de\\\/ueber-uns\\\/#breadcrumb\",\"itemListElement\":[{\"@type\":\"ListItem\",\"position\":1,\"name\":\"Home\",\"item\":\"https:\\\/\\\/mandevillashop.com\\\/de\\\/\"},{\"@type\":\"ListItem\",\"position\":2,\"name\":\"\u00dcber uns\"}]},{\"@type\":\"WebSite\",\"@id\":\"https:\\\/\\\/mandevillashop.com\\\/de\\\/#website\",\"url\":\"https:\\\/\\\/mandevillashop.com\\\/de\\\/\",\"name\":\"Mandevillashop\",\"description\":\"De Mandevilla Specialist\",\"publisher\":{\"@id\":\"https:\\\/\\\/mandevillashop.com\\\/de\\\/#organization\"},\"potentialAction\":[{\"@type\":\"SearchAction\",\"target\":{\"@type\":\"EntryPoint\",\"urlTemplate\":\"https:\\\/\\\/mandevillashop.com\\\/de\\\/?s={search_term_string}\"},\"query-input\":{\"@type\":\"PropertyValueSpecification\",\"valueRequired\":true,\"valueName\":\"search_term_string\"}}],\"inLanguage\":\"de\"},{\"@type\":\"Organization\",\"@id\":\"https:\\\/\\\/mandevillashop.com\\\/de\\\/#organization\",\"name\":\"Mandevilla Shop\",\"url\":\"https:\\\/\\\/mandevillashop.com\\\/de\\\/\",\"logo\":{\"@type\":\"ImageObject\",\"inLanguage\":\"de\",\"@id\":\"https:\\\/\\\/mandevillashop.com\\\/de\\\/#\\\/schema\\\/logo\\\/image\\\/\",\"url\":\"https:\\\/\\\/mandevillashop.com\\\/wp-content\\\/uploads\\\/2023\\\/07\\\/mandevilla-shop-zwart.svg\",\"contentUrl\":\"https:\\\/\\\/mandevillashop.com\\\/wp-content\\\/uploads\\\/2023\\\/07\\\/mandevilla-shop-zwart.svg\",\"caption\":\"Mandevilla Shop\"},\"image\":{\"@id\":\"https:\\\/\\\/mandevillashop.com\\\/de\\\/#\\\/schema\\\/logo\\\/image\\\/\"}}]}<\/script>\n<!-- \/ Yoast SEO plugin. -->","yoast_head_json":{"title":"\u00dcber uns - Mandevillashop","description":"Mandevillashop ist Teil der Baumschule Beauty Plants. Mit gro\u00dfer Leidenschaft konzentrieren sie sich ganz auf den Anbau von Mandevilla.","robots":{"index":"index","follow":"follow","max-snippet":"max-snippet:-1","max-image-preview":"max-image-preview:large","max-video-preview":"max-video-preview:-1"},"canonical":"https:\/\/mandevillashop.com\/de\/ueber-uns\/","og_locale":"de_DE","og_type":"article","og_title":"\u00dcber uns - Mandevillashop","og_description":"Mandevillashop ist Teil der Baumschule Beauty Plants. Mit gro\u00dfer Leidenschaft konzentrieren sie sich ganz auf den Anbau von Mandevilla.","og_url":"https:\/\/mandevillashop.com\/de\/ueber-uns\/","og_site_name":"Mandevillashop","article_modified_time":"2024-02-06T14:05:29+00:00","og_image":[{"url":"https:\/\/mandevillashop.com\/wp-content\/uploads\/2023\/12\/mandevilla-tim.webp","type":"","width":"","height":""}],"twitter_card":"summary_large_image","twitter_misc":{"Gesch\u00e4tzte Lesezeit":"2\u00a0Minuten"},"schema":{"@context":"https:\/\/schema.org","@graph":[{"@type":"WebPage","@id":"https:\/\/mandevillashop.com\/de\/ueber-uns\/","url":"https:\/\/mandevillashop.com\/de\/ueber-uns\/","name":"\u00dcber uns - Mandevillashop","isPartOf":{"@id":"https:\/\/mandevillashop.com\/de\/#website"},"primaryImageOfPage":{"@id":"https:\/\/mandevillashop.com\/de\/ueber-uns\/#primaryimage"},"image":{"@id":"https:\/\/mandevillashop.com\/de\/ueber-uns\/#primaryimage"},"thumbnailUrl":"https:\/\/mandevillashop.com\/wp-content\/uploads\/2023\/12\/mandevilla-tim.webp","datePublished":"2023-12-22T09:29:59+00:00","dateModified":"2024-02-06T14:05:29+00:00","description":"Mandevillashop ist Teil der Baumschule Beauty Plants. Mit gro\u00dfer Leidenschaft konzentrieren sie sich ganz auf den Anbau von Mandevilla.","breadcrumb":{"@id":"https:\/\/mandevillashop.com\/de\/ueber-uns\/#breadcrumb"},"inLanguage":"de","potentialAction":[{"@type":"ReadAction","target":["https:\/\/mandevillashop.com\/de\/ueber-uns\/"]}]},{"@type":"ImageObject","inLanguage":"de","@id":"https:\/\/mandevillashop.com\/de\/ueber-uns\/#primaryimage","url":"https:\/\/mandevillashop.com\/wp-content\/uploads\/2023\/12\/mandevilla-tim.webp","contentUrl":"https:\/\/mandevillashop.com\/wp-content\/uploads\/2023\/12\/mandevilla-tim.webp"},{"@type":"BreadcrumbList","@id":"https:\/\/mandevillashop.com\/de\/ueber-uns\/#breadcrumb","itemListElement":[{"@type":"ListItem","position":1,"name":"Home","item":"https:\/\/mandevillashop.com\/de\/"},{"@type":"ListItem","position":2,"name":"\u00dcber uns"}]},{"@type":"WebSite","@id":"https:\/\/mandevillashop.com\/de\/#website","url":"https:\/\/mandevillashop.com\/de\/","name":"Mandevillashop","description":"De Mandevilla Specialist","publisher":{"@id":"https:\/\/mandevillashop.com\/de\/#organization"},"potentialAction":[{"@type":"SearchAction","target":{"@type":"EntryPoint","urlTemplate":"https:\/\/mandevillashop.com\/de\/?s={search_term_string}"},"query-input":{"@type":"PropertyValueSpecification","valueRequired":true,"valueName":"search_term_string"}}],"inLanguage":"de"},{"@type":"Organization","@id":"https:\/\/mandevillashop.com\/de\/#organization","name":"Mandevilla Shop","url":"https:\/\/mandevillashop.com\/de\/","logo":{"@type":"ImageObject","inLanguage":"de","@id":"https:\/\/mandevillashop.com\/de\/#\/schema\/logo\/image\/","url":"https:\/\/mandevillashop.com\/wp-content\/uploads\/2023\/07\/mandevilla-shop-zwart.svg","contentUrl":"https:\/\/mandevillashop.com\/wp-content\/uploads\/2023\/07\/mandevilla-shop-zwart.svg","caption":"Mandevilla Shop"},"image":{"@id":"https:\/\/mandevillashop.com\/de\/#\/schema\/logo\/image\/"}}]}},"_links":{"self":[{"href":"https:\/\/mandevillashop.com\/de\/wp-json\/wp\/v2\/pages\/6224","targetHints":{"allow":["GET"]}}],"collection":[{"href":"https:\/\/mandevillashop.com\/de\/wp-json\/wp\/v2\/pages"}],"about":[{"href":"https:\/\/mandevillashop.com\/de\/wp-json\/wp\/v2\/types\/page"}],"author":[{"embeddable":true,"href":"https:\/\/mandevillashop.com\/de\/wp-json\/wp\/v2\/users\/1"}],"replies":[{"embeddable":true,"href":"https:\/\/mandevillashop.com\/de\/wp-json\/wp\/v2\/comments?post=6224"}],"version-history":[{"count":1,"href":"https:\/\/mandevillashop.com\/de\/wp-json\/wp\/v2\/pages\/6224\/revisions"}],"predecessor-version":[{"id":6512,"href":"https:\/\/mandevillashop.com\/de\/wp-json\/wp\/v2\/pages\/6224\/revisions\/6512"}],"wp:attachment":[{"href":"https:\/\/mandevillashop.com\/de\/wp-json\/wp\/v2\/media?parent=6224"}],"curies":[{"name":"wp","href":"https:\/\/api.w.org\/{rel}","templated":true}]}}