{"id":6238,"date":"2023-07-11T11:25:33","date_gmt":"2023-07-11T11:25:33","guid":{"rendered":"https:\/\/mandevillashop.com\/datenschutzerklaerung\/"},"modified":"2024-02-06T14:01:38","modified_gmt":"2024-02-06T14:01:38","slug":"datenschutzerklaerung","status":"publish","type":"page","link":"https:\/\/mandevillashop.com\/de\/datenschutzerklaerung\/","title":{"rendered":"Datenschutzerkl\u00e4rung"},"content":{"rendered":"\t\t<div data-elementor-type=\"wp-page\" data-elementor-id=\"6238\" class=\"elementor elementor-6238 elementor-3\" data-elementor-post-type=\"page\">\n\t\t\t\t<div class=\"elementor-element elementor-element-c31a866 e-flex e-con-boxed e-con e-parent\" data-id=\"c31a866\" data-element_type=\"container\">\n\t\t\t\t\t<div class=\"e-con-inner\">\n\t\t<div class=\"elementor-element elementor-element-d547b5b e-flex e-con-boxed e-con e-child\" data-id=\"d547b5b\" data-element_type=\"container\">\n\t\t\t\t\t<div class=\"e-con-inner\">\n\t\t\t\t<div class=\"elementor-element elementor-element-e459c55 elementor-widget elementor-widget-heading\" data-id=\"e459c55\" data-element_type=\"widget\" data-widget_type=\"heading.default\">\n\t\t\t\t<div class=\"elementor-widget-container\">\n\t\t\t\t\t<h1 class=\"elementor-heading-title elementor-size-default\">Datenschutzerkl\u00e4rung<\/h1>\t\t\t\t<\/div>\n\t\t\t\t<\/div>\n\t\t\t\t<div class=\"elementor-element elementor-element-3ad6340 elementor-widget elementor-widget-text-editor\" data-id=\"3ad6340\" data-element_type=\"widget\" data-widget_type=\"text-editor.default\">\n\t\t\t\t<div class=\"elementor-widget-container\">\n\t\t\t\t\t\t\t\t\tDie\u00a0<strong>Datenschutzrichtlinie f\u00fcr Besucher<\/strong>\u00a0gilt f\u00fcr s\u00e4mtliche Besucherinnen und Besucher der Website www.mandevillashop.com.\r\n<ol>\r\n \t<li><strong>Verwalter<\/strong>\r\nVerwalter f\u00fcr die Website www.mandevillashop.com\u00a0ist die Handelsgesellschaft VOF Koene &amp; Zn.\u00a0Die Kontaktdaten der Gesellschaft sind auf der Website enthalten.<\/li>\r\n \t<li><strong>Besucherdaten<\/strong>\r\n2a Einige, durch einen oder mehreren Besuch(en) auf der Website Mandevillashop.com hervorgehende Daten werden dauerhaft, jedoch anonymisiert gespeichert. Das hei\u00dft, dass sich aus diesen Daten weder Personen noch Unternehmen herleiten lassen k\u00f6nnen.\r\n2b VOF Koene &amp; Zn\u00a0sorgt f\u00fcr einen ordnungsgem\u00e4\u00dfen Schutz der gespeicherten Daten.<\/li>\r\n \t<li><strong>Cookies<\/strong>\r\n3a VOF Koene &amp; Zn macht Gebrauch von funktionellen Cookies, welche die Funktionalit\u00e4t bestimmter Seiten auf der Website optimieren. Cookies sind kleine Textdateien, welche von einer Seite der Website auf dem Computer der Besucherin oder des Besuchers abgelegt werden. In diesem Cookie werden dann Informationen, wie z.\u00a0B. bestimmte Pr\u00e4ferenzen der Besucherin oder des Besuchers gespeichert. Hierdurch ist VOF Koene &amp; Zn in der Lage, die Erfahrung beim n\u00e4chsten Besuch, durch z.\u00a0B. Speicherung der Artikel im Einkaufswagen, weiter zu verbessern. Dadurch m\u00fcssen Sie bei Ihren Besuchen nicht st\u00e4ndig ein und dieselben Daten nochmals eingeben. Dies sorgt also f\u00fcr eine bessere Benutzerfreundlichkeit der Website.\r\n3b Die Besucher k\u00f6nnen die Art und Weise, in welcher mit Cookies umgegangen werden soll, selbst festlegen. Sie k\u00f6nnen ihren Browser so einstellen, dass dem Gebrauch von funktionellen Cookies ganz oder zum Teil zugestimmt oder dieser abgelehnt wird. Bei einer teilweisen Zustimmung kann eingestellt werden, welche funktionellen Cookies auf dem Computer abgelegt werden d\u00fcrfen. Bei allen weiteren Websites wird dieser Gebrauch dann verboten. Diese M\u00f6glichkeit wird von den verbreitetsten modernen Browsern geboten.\r\n3c Cookies k\u00f6nnen jederzeit von einem Computer entfernt werden.\r\n3d VOF Koene &amp; Zn macht zudem Gebrauch von Marketing-Cookies, mithilfe welcher die Kommunikation von Mandevillashop auf seiner eigenen Website pers\u00f6nlicher gestaltet und besser auf die pers\u00f6nlichen W\u00fcnsche unserer Kunden abgestimmt wird.\r\n3e Ebenfalls macht VOF Koene &amp; Zn Gebrauch von Analyse-Cookies, mithilfe welcher nicht das Surfverhalten einzelner Personen, sondern von gr\u00f6\u00dferen Besucherzahlen \u2013 anonymisiert \u2013 zu Grafiken und Mustern verarbeitet werden, welche uns bei der Verbesserung und Optimierung unserer Websites dienen.<\/li>\r\n \t<li><strong>Fragen<\/strong>\r\nBei Fragen zu dieser Datenschutzerkl\u00e4rung steht Ihnen die VOF Koene &amp; Zn gern zur Verf\u00fcgung. Die Kontaktdaten finden Sie auf der in Absatz 1 dieser Datenschutzerkl\u00e4rung genannten Website.<\/li>\r\n \t<li><strong>Haftungsausschluss<\/strong>\r\nVOF Koene &amp; Zn ist berechtigt, den Inhalt dieser Datenschutzerkl\u00e4rung ohne Bekanntgabe an die Besucher zu \u00e4ndern. Hierf\u00fcr ist die Vornahme der \u00c4nderungen auf der Website ausreichend.<\/li>\r\n<\/ol>\r\nDie\u00a0<strong>Datenschutzerkl\u00e4rung f\u00fcr Kunden<\/strong>\u00a0stellt eine Erg\u00e4nzung zur Datenschutzerkl\u00e4rung f\u00fcr Besucher dar und gilt f\u00fcr alle Personen, welche bei der VOF Koene &amp; Zn eine Bestellung t\u00e4tigen.\r\n<ol>\r\n \t<li><strong>Von Kunden bereitgestellte Daten<\/strong>\r\nVOF Koene &amp; Zn ist berechtigt, die vom Kunden bereitgestellten Daten f\u00fcr die nachstehenden Zwecke zu nutzen:\r\n1a Bearbeitung der Bestellung;\r\n1b Versenden einer oder mehrerer E-Mail(s) mit Bezug auf die Bestellung, wie z.\u00a0B. insbesondere einer E-Mail mit Daten zum Einloggen;\r\n1c (Erstmaliger) Hinweis auf ein Produkt, einen Tipp, Empfehlungen usw., welche nach Meinung von VOF Koene &amp; Zn den W\u00fcnschen von Kunden m\u00f6glicherweise entspricht.<\/li>\r\n \t<li><strong>Datenaustausch mit Drittparteien<\/strong>\r\nVon Kunden der VOF Koene &amp; Zn bereitgestellte Daten werden niemals an Drittparteien weitergegeben.<strong>3. Sicherung<\/strong>\r\nDie von Kunden der VOF Koene &amp; Zn bereitgestellten Daten werden in einer gesicherten Umgebung gespeichert.<\/li>\r\n \t<li><strong>Anpassung von Kundendaten<\/strong>\r\nKunden haben jederzeit die M\u00f6glichkeit, die von ihnen bereitgestellten Daten zu \u00e4ndern. Die VOF Koene &amp; Zn ist diesbez\u00fcglich berechtigt, Kunden darum zu bitten, die \u00c4nderung in einer von der VOF Koene &amp; Zn vorgeschriebenen Art und Weise vorzunehmen, wobei in einigen F\u00e4llen ein Nachweis der Legitimierung verlangt werden kann.<\/li>\r\n<\/ol>\t\t\t\t\t\t\t\t<\/div>\n\t\t\t\t<\/div>\n\t\t\t\t\t<\/div>\n\t\t\t\t<\/div>\n\t\t\t\t\t<\/div>\n\t\t\t\t<\/div>\n\t\t\t\t<\/div>\n\t\t","protected":false},"excerpt":{"rendered":"<p>Datenschutzerkl\u00e4rung Die\u00a0Datenschutzrichtlinie f\u00fcr Besucher\u00a0gilt f\u00fcr s\u00e4mtliche Besucherinnen und Besucher der Website www.mandevillashop.com. Verwalter Verwalter f\u00fcr die Website www.mandevillashop.com\u00a0ist die Handelsgesellschaft VOF Koene &amp; Zn.\u00a0Die Kontaktdaten der Gesellschaft sind auf der Website enthalten. Besucherdaten 2a Einige, durch einen oder mehreren Besuch(en) auf der Website Mandevillashop.com hervorgehende Daten werden dauerhaft, jedoch anonymisiert gespeichert. Das hei\u00dft, dass sich<\/p>\n","protected":false},"author":1,"featured_media":0,"parent":0,"menu_order":0,"comment_status":"closed","ping_status":"open","template":"","meta":{"_acf_changed":false,"footnotes":""},"class_list":["post-6238","page","type-page","status-publish","hentry"],"acf":[],"yoast_head":"<!-- This site is optimized with the Yoast SEO plugin v26.7 - https:\/\/yoast.com\/wordpress\/plugins\/seo\/ -->\n<title>Datenschutzerkl\u00e4rung - Mandevillashop<\/title>\n<meta name=\"description\" content=\"Bitte lesen Sie hier unsere Privacy Policy f\u00fcr Besucher. Diese Datenschutzerkl\u00e4rung gilt f\u00fcr jeden, der die Website www.mandevillashop.com besucht.\" \/>\n<meta name=\"robots\" content=\"index, follow, max-snippet:-1, max-image-preview:large, max-video-preview:-1\" \/>\n<link rel=\"canonical\" href=\"https:\/\/mandevillashop.com\/de\/datenschutzerklaerung\/\" \/>\n<meta property=\"og:locale\" content=\"de_DE\" \/>\n<meta property=\"og:type\" content=\"article\" \/>\n<meta property=\"og:title\" content=\"Datenschutzerkl\u00e4rung - Mandevillashop\" \/>\n<meta property=\"og:description\" content=\"Bitte lesen Sie hier unsere Privacy Policy f\u00fcr Besucher. Diese Datenschutzerkl\u00e4rung gilt f\u00fcr jeden, der die Website www.mandevillashop.com besucht.\" \/>\n<meta property=\"og:url\" content=\"https:\/\/mandevillashop.com\/de\/datenschutzerklaerung\/\" \/>\n<meta property=\"og:site_name\" content=\"Mandevillashop\" \/>\n<meta property=\"article:modified_time\" content=\"2024-02-06T14:01:38+00:00\" \/>\n<meta name=\"twitter:card\" content=\"summary_large_image\" \/>\n<meta name=\"twitter:label1\" content=\"Gesch\u00e4tzte Lesezeit\" \/>\n\t<meta name=\"twitter:data1\" content=\"3\u00a0Minuten\" \/>\n<script type=\"application\/ld+json\" class=\"yoast-schema-graph\">{\"@context\":\"https:\/\/schema.org\",\"@graph\":[{\"@type\":\"WebPage\",\"@id\":\"https:\/\/mandevillashop.com\/de\/datenschutzerklaerung\/\",\"url\":\"https:\/\/mandevillashop.com\/de\/datenschutzerklaerung\/\",\"name\":\"Datenschutzerkl\u00e4rung - Mandevillashop\",\"isPartOf\":{\"@id\":\"https:\/\/mandevillashop.com\/de\/#website\"},\"datePublished\":\"2023-07-11T11:25:33+00:00\",\"dateModified\":\"2024-02-06T14:01:38+00:00\",\"description\":\"Bitte lesen Sie hier unsere Privacy Policy f\u00fcr Besucher. Diese Datenschutzerkl\u00e4rung gilt f\u00fcr jeden, der die Website www.mandevillashop.com besucht.\",\"breadcrumb\":{\"@id\":\"https:\/\/mandevillashop.com\/de\/datenschutzerklaerung\/#breadcrumb\"},\"inLanguage\":\"de\",\"potentialAction\":[{\"@type\":\"ReadAction\",\"target\":[\"https:\/\/mandevillashop.com\/de\/datenschutzerklaerung\/\"]}]},{\"@type\":\"BreadcrumbList\",\"@id\":\"https:\/\/mandevillashop.com\/de\/datenschutzerklaerung\/#breadcrumb\",\"itemListElement\":[{\"@type\":\"ListItem\",\"position\":1,\"name\":\"Home\",\"item\":\"https:\/\/mandevillashop.com\/de\/\"},{\"@type\":\"ListItem\",\"position\":2,\"name\":\"Datenschutzerkl\u00e4rung\"}]},{\"@type\":\"WebSite\",\"@id\":\"https:\/\/mandevillashop.com\/de\/#website\",\"url\":\"https:\/\/mandevillashop.com\/de\/\",\"name\":\"Mandevillashop\",\"description\":\"De Mandevilla Specialist\",\"publisher\":{\"@id\":\"https:\/\/mandevillashop.com\/de\/#organization\"},\"potentialAction\":[{\"@type\":\"SearchAction\",\"target\":{\"@type\":\"EntryPoint\",\"urlTemplate\":\"https:\/\/mandevillashop.com\/de\/?s={search_term_string}\"},\"query-input\":{\"@type\":\"PropertyValueSpecification\",\"valueRequired\":true,\"valueName\":\"search_term_string\"}}],\"inLanguage\":\"de\"},{\"@type\":\"Organization\",\"@id\":\"https:\/\/mandevillashop.com\/de\/#organization\",\"name\":\"Mandevilla Shop\",\"url\":\"https:\/\/mandevillashop.com\/de\/\",\"logo\":{\"@type\":\"ImageObject\",\"inLanguage\":\"de\",\"@id\":\"https:\/\/mandevillashop.com\/de\/#\/schema\/logo\/image\/\",\"url\":\"https:\/\/mandevillashop.com\/wp-content\/uploads\/2023\/07\/mandevilla-shop-zwart.svg\",\"contentUrl\":\"https:\/\/mandevillashop.com\/wp-content\/uploads\/2023\/07\/mandevilla-shop-zwart.svg\",\"caption\":\"Mandevilla Shop\"},\"image\":{\"@id\":\"https:\/\/mandevillashop.com\/de\/#\/schema\/logo\/image\/\"}}]}<\/script>\n<!-- \/ Yoast SEO plugin. -->","yoast_head_json":{"title":"Datenschutzerkl\u00e4rung - Mandevillashop","description":"Bitte lesen Sie hier unsere Privacy Policy f\u00fcr Besucher. Diese Datenschutzerkl\u00e4rung gilt f\u00fcr jeden, der die Website www.mandevillashop.com besucht.","robots":{"index":"index","follow":"follow","max-snippet":"max-snippet:-1","max-image-preview":"max-image-preview:large","max-video-preview":"max-video-preview:-1"},"canonical":"https:\/\/mandevillashop.com\/de\/datenschutzerklaerung\/","og_locale":"de_DE","og_type":"article","og_title":"Datenschutzerkl\u00e4rung - Mandevillashop","og_description":"Bitte lesen Sie hier unsere Privacy Policy f\u00fcr Besucher. Diese Datenschutzerkl\u00e4rung gilt f\u00fcr jeden, der die Website www.mandevillashop.com besucht.","og_url":"https:\/\/mandevillashop.com\/de\/datenschutzerklaerung\/","og_site_name":"Mandevillashop","article_modified_time":"2024-02-06T14:01:38+00:00","twitter_card":"summary_large_image","twitter_misc":{"Gesch\u00e4tzte Lesezeit":"3\u00a0Minuten"},"schema":{"@context":"https:\/\/schema.org","@graph":[{"@type":"WebPage","@id":"https:\/\/mandevillashop.com\/de\/datenschutzerklaerung\/","url":"https:\/\/mandevillashop.com\/de\/datenschutzerklaerung\/","name":"Datenschutzerkl\u00e4rung - Mandevillashop","isPartOf":{"@id":"https:\/\/mandevillashop.com\/de\/#website"},"datePublished":"2023-07-11T11:25:33+00:00","dateModified":"2024-02-06T14:01:38+00:00","description":"Bitte lesen Sie hier unsere Privacy Policy f\u00fcr Besucher. Diese Datenschutzerkl\u00e4rung gilt f\u00fcr jeden, der die Website www.mandevillashop.com besucht.","breadcrumb":{"@id":"https:\/\/mandevillashop.com\/de\/datenschutzerklaerung\/#breadcrumb"},"inLanguage":"de","potentialAction":[{"@type":"ReadAction","target":["https:\/\/mandevillashop.com\/de\/datenschutzerklaerung\/"]}]},{"@type":"BreadcrumbList","@id":"https:\/\/mandevillashop.com\/de\/datenschutzerklaerung\/#breadcrumb","itemListElement":[{"@type":"ListItem","position":1,"name":"Home","item":"https:\/\/mandevillashop.com\/de\/"},{"@type":"ListItem","position":2,"name":"Datenschutzerkl\u00e4rung"}]},{"@type":"WebSite","@id":"https:\/\/mandevillashop.com\/de\/#website","url":"https:\/\/mandevillashop.com\/de\/","name":"Mandevillashop","description":"De Mandevilla Specialist","publisher":{"@id":"https:\/\/mandevillashop.com\/de\/#organization"},"potentialAction":[{"@type":"SearchAction","target":{"@type":"EntryPoint","urlTemplate":"https:\/\/mandevillashop.com\/de\/?s={search_term_string}"},"query-input":{"@type":"PropertyValueSpecification","valueRequired":true,"valueName":"search_term_string"}}],"inLanguage":"de"},{"@type":"Organization","@id":"https:\/\/mandevillashop.com\/de\/#organization","name":"Mandevilla Shop","url":"https:\/\/mandevillashop.com\/de\/","logo":{"@type":"ImageObject","inLanguage":"de","@id":"https:\/\/mandevillashop.com\/de\/#\/schema\/logo\/image\/","url":"https:\/\/mandevillashop.com\/wp-content\/uploads\/2023\/07\/mandevilla-shop-zwart.svg","contentUrl":"https:\/\/mandevillashop.com\/wp-content\/uploads\/2023\/07\/mandevilla-shop-zwart.svg","caption":"Mandevilla Shop"},"image":{"@id":"https:\/\/mandevillashop.com\/de\/#\/schema\/logo\/image\/"}}]}},"_links":{"self":[{"href":"https:\/\/mandevillashop.com\/de\/wp-json\/wp\/v2\/pages\/6238","targetHints":{"allow":["GET"]}}],"collection":[{"href":"https:\/\/mandevillashop.com\/de\/wp-json\/wp\/v2\/pages"}],"about":[{"href":"https:\/\/mandevillashop.com\/de\/wp-json\/wp\/v2\/types\/page"}],"author":[{"embeddable":true,"href":"https:\/\/mandevillashop.com\/de\/wp-json\/wp\/v2\/users\/1"}],"replies":[{"embeddable":true,"href":"https:\/\/mandevillashop.com\/de\/wp-json\/wp\/v2\/comments?post=6238"}],"version-history":[{"count":1,"href":"https:\/\/mandevillashop.com\/de\/wp-json\/wp\/v2\/pages\/6238\/revisions"}],"predecessor-version":[{"id":6499,"href":"https:\/\/mandevillashop.com\/de\/wp-json\/wp\/v2\/pages\/6238\/revisions\/6499"}],"wp:attachment":[{"href":"https:\/\/mandevillashop.com\/de\/wp-json\/wp\/v2\/media?parent=6238"}],"curies":[{"name":"wp","href":"https:\/\/api.w.org\/{rel}","templated":true}]}}