{"id":6244,"date":"2024-01-18T14:24:57","date_gmt":"2024-01-18T13:24:57","guid":{"rendered":"https:\/\/mandevillashop.com\/senden-zuruecksenden\/"},"modified":"2026-02-28T20:36:35","modified_gmt":"2026-02-28T19:36:35","slug":"senden-zuruecksenden","status":"publish","type":"page","link":"https:\/\/mandevillashop.com\/de\/senden-zuruecksenden\/","title":{"rendered":"Senden &#038; zur\u00fccksenden"},"content":{"rendered":"\t\t<div data-elementor-type=\"wp-page\" data-elementor-id=\"6244\" class=\"elementor elementor-6244 elementor-25\" data-elementor-post-type=\"page\">\n\t\t\t\t<div class=\"elementor-element elementor-element-7b7d9aa e-flex e-con-boxed e-con e-parent\" data-id=\"7b7d9aa\" data-element_type=\"container\" data-e-type=\"container\">\n\t\t\t\t\t<div class=\"e-con-inner\">\n\t\t<div class=\"elementor-element elementor-element-0768f24 e-flex e-con-boxed e-con e-child\" data-id=\"0768f24\" data-element_type=\"container\" data-e-type=\"container\">\n\t\t\t\t\t<div class=\"e-con-inner\">\n\t\t\t\t<div class=\"elementor-element elementor-element-6260cc6 elementor-widget elementor-widget-heading\" data-id=\"6260cc6\" data-element_type=\"widget\" data-e-type=\"widget\" data-widget_type=\"heading.default\">\n\t\t\t\t<div class=\"elementor-widget-container\">\n\t\t\t\t\t<h1 class=\"elementor-heading-title elementor-size-default\">Senden &amp; zur\u00fccksenden<\/h1>\t\t\t\t<\/div>\n\t\t\t\t<\/div>\n\t\t\t\t<div class=\"elementor-element elementor-element-3c84e2d8 elementor-widget elementor-widget-text-editor\" data-id=\"3c84e2d8\" data-element_type=\"widget\" data-e-type=\"widget\" data-widget_type=\"text-editor.default\">\n\t\t\t\t<div class=\"elementor-widget-container\">\n\t\t\t\t\t\t\t\t\t<h3 data-start=\"5158\" data-end=\"5173\"><strong data-start=\"5162\" data-end=\"5173\">Versand<\/strong><\/h3><p data-start=\"5175\" data-end=\"5355\">Bei <strong data-start=\"5179\" data-end=\"5197\">Mandevillashop<\/strong> stellen wir sicher, dass Ihre Mandevilla-Pflanzen in bester Qualit\u00e4t ankommen. Nachfolgend finden Sie alle Informationen zu Versand, Kosten und Lieferzeiten.<\/p><p data-start=\"5357\" data-end=\"5552\">Wir versenden <strong data-start=\"5371\" data-end=\"5393\">Montag bis Freitag<\/strong> \u00fcber unsere Versandpartner, in der Regel nachmittags.<br data-start=\"5447\" data-end=\"5450\" \/>Bestellungen, die <strong data-start=\"5468\" data-end=\"5485\">vor 12:00 Uhr<\/strong> eingehen, werden nach M\u00f6glichkeit noch am selben Tag verschickt.<\/p><ul data-start=\"5554\" data-end=\"6079\"><li data-start=\"5554\" data-end=\"5700\"><p data-start=\"5556\" data-end=\"5700\">Sobald Ihr Paket vom Versanddienstleister erfasst wurde, erhalten Sie eine <strong data-start=\"5631\" data-end=\"5664\">E-Mail mit Track &amp; Trace-Link<\/strong>, um Ihre Bestellung zu verfolgen.<\/p><\/li><li data-start=\"5701\" data-end=\"5847\"><p data-start=\"5703\" data-end=\"5847\">Bestellungen k\u00f6nnen aufgrund von Gr\u00f6\u00dfe oder Gewicht auf mehrere Pakete aufgeteilt werden. Eventuelle zus\u00e4tzliche Versandkosten \u00fcbernehmen wir.<\/p><\/li><li data-start=\"5848\" data-end=\"6079\"><p data-start=\"5850\" data-end=\"6079\">Bei internationalen Sendungen mit l\u00e4ngeren Lieferzeiten kann es sein, dass wir bewusst <strong data-start=\"5937\" data-end=\"5955\">nicht freitags<\/strong>, sondern erst montags versenden, um zu vermeiden, dass die Pflanzen zu lange unterwegs sind und ihre Qualit\u00e4t nicht leidet.<\/p><\/li><\/ul><p data-start=\"6081\" data-end=\"6253\"><strong data-start=\"6081\" data-end=\"6093\">Hinweis:<\/strong> Die angegebenen Lieferzeiten sind <strong data-start=\"6128\" data-end=\"6169\">Durchschnittswerte und keine Garantie<\/strong>. Verz\u00f6gerungen k\u00f6nnen durch hohe Auslastung, Wetter oder andere Umst\u00e4nde auftreten.<br \/><br \/><\/p><h3 data-start=\"6260\" data-end=\"6298\"><strong data-start=\"6264\" data-end=\"6298\">Versandkosten und Lieferzeiten<\/strong><\/h3><div class=\"TyagGW_tableContainer\"><div class=\"group TyagGW_tableWrapper flex flex-col-reverse w-fit\" tabindex=\"-1\"><table class=\"w-fit min-w-(--thread-content-width)\" data-start=\"6300\" data-end=\"6690\"><thead data-start=\"6300\" data-end=\"6382\"><tr data-start=\"6300\" data-end=\"6382\"><th class=\"\" data-start=\"6300\" data-end=\"6307\" data-col-size=\"sm\">Land<\/th><th class=\"\" data-start=\"6307\" data-end=\"6323\" data-col-size=\"sm\">Versandkosten<\/th><th class=\"\" data-start=\"6323\" data-end=\"6365\" data-col-size=\"sm\">Durchschnittliche Lieferzeit (Werktage)<\/th><th class=\"\" data-start=\"6365\" data-end=\"6382\" data-col-size=\"sm\">Versanddienst<\/th><\/tr><\/thead><tbody data-start=\"6465\" data-end=\"6690\"><tr data-start=\"6465\" data-end=\"6505\"><td data-start=\"6465\" data-end=\"6479\" data-col-size=\"sm\">Niederlande<\/td><td data-start=\"6479\" data-end=\"6487\" data-col-size=\"sm\">\u20ac6,95<\/td><td data-start=\"6487\" data-end=\"6495\" data-col-size=\"sm\">1 \u2013 2<\/td><td data-start=\"6495\" data-end=\"6505\" data-col-size=\"sm\">PostNL<\/td><\/tr><tr data-start=\"6506\" data-end=\"6542\"><td data-start=\"6506\" data-end=\"6516\" data-col-size=\"sm\">Belgien<\/td><td data-start=\"6516\" data-end=\"6524\" data-col-size=\"sm\">\u20ac6,95<\/td><td data-start=\"6524\" data-end=\"6532\" data-col-size=\"sm\">1 \u2013 2<\/td><td data-start=\"6532\" data-end=\"6542\" data-col-size=\"sm\">PostNL<\/td><\/tr><tr data-start=\"6543\" data-end=\"6580\"><td data-start=\"6543\" data-end=\"6557\" data-col-size=\"sm\">Deutschland<\/td><td data-start=\"6557\" data-end=\"6565\" data-col-size=\"sm\">\u20ac6,95<\/td><td data-start=\"6565\" data-end=\"6573\" data-col-size=\"sm\">2 \u2013 3<\/td><td data-start=\"6573\" data-end=\"6580\" data-col-size=\"sm\">DPD<\/td><\/tr><tr data-start=\"6581\" data-end=\"6616\"><td data-start=\"6581\" data-end=\"6593\" data-col-size=\"sm\">Luxemburg<\/td><td data-start=\"6593\" data-end=\"6601\" data-col-size=\"sm\">\u20ac8,95<\/td><td data-start=\"6601\" data-end=\"6609\" data-col-size=\"sm\">2 \u2013 4<\/td><td data-start=\"6609\" data-end=\"6616\" data-col-size=\"sm\">DPD<\/td><\/tr><tr data-start=\"6617\" data-end=\"6653\"><td data-start=\"6617\" data-end=\"6630\" data-col-size=\"sm\">Frankreich<\/td><td data-start=\"6630\" data-end=\"6638\" data-col-size=\"sm\">\u20ac8,95<\/td><td data-start=\"6638\" data-end=\"6646\" data-col-size=\"sm\">2 \u2013 4<\/td><td data-start=\"6646\" data-end=\"6653\" data-col-size=\"sm\">DPD<\/td><\/tr><tr data-start=\"6654\" data-end=\"6690\"><td data-start=\"6654\" data-end=\"6667\" data-col-size=\"sm\">\u00d6sterreich<\/td><td data-start=\"6667\" data-end=\"6675\" data-col-size=\"sm\">\u20ac8,95<\/td><td data-start=\"6675\" data-end=\"6683\" data-col-size=\"sm\">2 \u2013 5<\/td><td data-start=\"6683\" data-end=\"6690\" data-col-size=\"sm\">DPD<\/td><\/tr><\/tbody><\/table><\/div><\/div><blockquote data-start=\"6692\" data-end=\"6751\"><p data-start=\"6694\" data-end=\"6751\"><strong data-start=\"6694\" data-end=\"6717\">Kostenloser Versand<\/strong> ab einem Bestellwert von <strong data-start=\"6743\" data-end=\"6750\">\u20ac89<\/strong>.<br \/><br \/><\/p><h3 data-start=\"6758\" data-end=\"6779\"><strong data-start=\"6762\" data-end=\"6779\">R\u00fccksendungen<\/strong><\/h3><p data-start=\"6781\" data-end=\"7038\">Wir m\u00f6chten, dass Sie mit Ihren Pflanzen vollst\u00e4ndig zufrieden sind. Um die Qualit\u00e4t zu gew\u00e4hrleisten, m\u00f6chten wir <strong data-start=\"6896\" data-end=\"6940\">R\u00fccksendungen nach M\u00f6glichkeit vermeiden<\/strong>. Zur\u00fcckgesandte Pflanzen k\u00f6nnen nicht mehr garantiert in einwandfreiem Zustand verkauft werden.<\/p><p data-start=\"7040\" data-end=\"7076\"><strong data-start=\"7040\" data-end=\"7074\">Wenn Sie nicht zufrieden sind:<\/strong><\/p><ul data-start=\"7077\" data-end=\"7329\"><li data-start=\"7077\" data-end=\"7159\"><p data-start=\"7079\" data-end=\"7159\">Nehmen Sie bitte zuerst <strong data-start=\"7103\" data-end=\"7152\">Kontakt per E-Mail an <a class=\"decorated-link cursor-pointer\" rel=\"noopener\" data-start=\"7127\" data-end=\"7150\">info@mandevillashop.com<\/a><\/strong> auf.<\/p><\/li><li data-start=\"7160\" data-end=\"7239\"><p data-start=\"7162\" data-end=\"7239\">Beschreiben Sie das Problem, und wir finden gemeinsam eine passende L\u00f6sung.<\/p><\/li><li data-start=\"7240\" data-end=\"7329\"><p data-start=\"7242\" data-end=\"7329\">So ist ein R\u00fcckversand oft nicht n\u00f6tig und Sie k\u00f6nnen Ihre Mandevilla schnell genie\u00dfen.<\/p><\/li><\/ul><p data-start=\"7331\" data-end=\"7369\"><strong data-start=\"7331\" data-end=\"7367\">Wann R\u00fccksendungen erlaubt sind:<\/strong><\/p><ul data-start=\"7370\" data-end=\"7584\"><li data-start=\"7370\" data-end=\"7438\"><p data-start=\"7372\" data-end=\"7438\">Wenn ein Problem auftritt und keine L\u00f6sung gefunden werden kann.<\/p><\/li><li data-start=\"7439\" data-end=\"7549\"><p data-start=\"7441\" data-end=\"7549\">Pflanzen m\u00fcssen <strong data-start=\"7457\" data-end=\"7494\">innerhalb von 7 Tagen nach Erhalt<\/strong> in der <strong data-start=\"7502\" data-end=\"7524\">Originalverpackung<\/strong> zur\u00fcckgesendet werden.<\/p><\/li><li data-start=\"7550\" data-end=\"7584\"><p data-start=\"7552\" data-end=\"7584\">R\u00fccksendekosten tr\u00e4gt der Kunde.<\/p><\/li><\/ul><p data-start=\"7586\" data-end=\"7682\">R\u00fcckerstattungen erfolgen innerhalb von <strong data-start=\"7626\" data-end=\"7641\">7 Werktagen<\/strong> nach Eingang des zur\u00fcckgesandten Pakets.<\/p><\/blockquote><p data-start=\"6081\" data-end=\"6253\"><br \/><br \/><\/p>\t\t\t\t\t\t\t\t<\/div>\n\t\t\t\t<\/div>\n\t\t\t\t\t<\/div>\n\t\t\t\t<\/div>\n\t\t\t\t\t<\/div>\n\t\t\t\t<\/div>\n\t\t\t\t<\/div>\n\t\t","protected":false},"excerpt":{"rendered":"<p>Senden &amp; zur\u00fccksenden Versand Bei Mandevillashop stellen wir sicher, dass Ihre Mandevilla-Pflanzen in bester Qualit\u00e4t ankommen. Nachfolgend finden Sie alle Informationen zu Versand, Kosten und Lieferzeiten. Wir versenden Montag bis Freitag \u00fcber unsere Versandpartner, in der Regel nachmittags.Bestellungen, die vor 12:00 Uhr eingehen, werden nach M\u00f6glichkeit noch am selben Tag verschickt. Sobald Ihr Paket vom<\/p>\n","protected":false},"author":1,"featured_media":0,"parent":0,"menu_order":0,"comment_status":"closed","ping_status":"closed","template":"","meta":{"_acf_changed":false,"footnotes":""},"class_list":["post-6244","page","type-page","status-publish","hentry"],"acf":[],"yoast_head":"<!-- This site is optimized with the Yoast SEO plugin v27.4 - https:\/\/yoast.com\/product\/yoast-seo-wordpress\/ -->\n<title>Senden &amp; zur\u00fccksenden - Mandevillashop<\/title>\n<meta name=\"description\" content=\"Vind alle informatie over verzenden &amp; retourneren; zoals de levertijden, verzendkosten en hoe je jouw product kunt retourzenden.\" \/>\n<meta name=\"robots\" content=\"index, follow, max-snippet:-1, max-image-preview:large, max-video-preview:-1\" \/>\n<link rel=\"canonical\" href=\"https:\/\/mandevillashop.com\/de\/senden-zuruecksenden\/\" \/>\n<meta property=\"og:locale\" content=\"de_DE\" \/>\n<meta property=\"og:type\" content=\"article\" \/>\n<meta property=\"og:title\" content=\"Senden &amp; zur\u00fccksenden - Mandevillashop\" \/>\n<meta property=\"og:description\" content=\"Vind alle informatie over verzenden &amp; retourneren; zoals de levertijden, verzendkosten en hoe je jouw product kunt retourzenden.\" \/>\n<meta property=\"og:url\" content=\"https:\/\/mandevillashop.com\/de\/senden-zuruecksenden\/\" \/>\n<meta property=\"og:site_name\" content=\"Mandevillashop\" \/>\n<meta property=\"article:modified_time\" content=\"2026-02-28T19:36:35+00:00\" \/>\n<meta name=\"twitter:card\" content=\"summary_large_image\" \/>\n<meta name=\"twitter:label1\" content=\"Gesch\u00e4tzte Lesezeit\" \/>\n\t<meta name=\"twitter:data1\" content=\"1\u00a0Minute\" \/>\n<script type=\"application\/ld+json\" class=\"yoast-schema-graph\">{\"@context\":\"https:\\\/\\\/schema.org\",\"@graph\":[{\"@type\":\"WebPage\",\"@id\":\"https:\\\/\\\/mandevillashop.com\\\/de\\\/senden-zuruecksenden\\\/\",\"url\":\"https:\\\/\\\/mandevillashop.com\\\/de\\\/senden-zuruecksenden\\\/\",\"name\":\"Senden & zur\u00fccksenden - Mandevillashop\",\"isPartOf\":{\"@id\":\"https:\\\/\\\/mandevillashop.com\\\/de\\\/#website\"},\"datePublished\":\"2024-01-18T13:24:57+00:00\",\"dateModified\":\"2026-02-28T19:36:35+00:00\",\"description\":\"Vind alle informatie over verzenden & retourneren; zoals de levertijden, verzendkosten en hoe je jouw product kunt retourzenden.\",\"breadcrumb\":{\"@id\":\"https:\\\/\\\/mandevillashop.com\\\/de\\\/senden-zuruecksenden\\\/#breadcrumb\"},\"inLanguage\":\"de\",\"potentialAction\":[{\"@type\":\"ReadAction\",\"target\":[\"https:\\\/\\\/mandevillashop.com\\\/de\\\/senden-zuruecksenden\\\/\"]}]},{\"@type\":\"BreadcrumbList\",\"@id\":\"https:\\\/\\\/mandevillashop.com\\\/de\\\/senden-zuruecksenden\\\/#breadcrumb\",\"itemListElement\":[{\"@type\":\"ListItem\",\"position\":1,\"name\":\"Home\",\"item\":\"https:\\\/\\\/mandevillashop.com\\\/de\\\/\"},{\"@type\":\"ListItem\",\"position\":2,\"name\":\"Senden &#038; zur\u00fccksenden\"}]},{\"@type\":\"WebSite\",\"@id\":\"https:\\\/\\\/mandevillashop.com\\\/de\\\/#website\",\"url\":\"https:\\\/\\\/mandevillashop.com\\\/de\\\/\",\"name\":\"Mandevillashop\",\"description\":\"De Mandevilla Specialist\",\"publisher\":{\"@id\":\"https:\\\/\\\/mandevillashop.com\\\/de\\\/#organization\"},\"potentialAction\":[{\"@type\":\"SearchAction\",\"target\":{\"@type\":\"EntryPoint\",\"urlTemplate\":\"https:\\\/\\\/mandevillashop.com\\\/de\\\/?s={search_term_string}\"},\"query-input\":{\"@type\":\"PropertyValueSpecification\",\"valueRequired\":true,\"valueName\":\"search_term_string\"}}],\"inLanguage\":\"de\"},{\"@type\":\"Organization\",\"@id\":\"https:\\\/\\\/mandevillashop.com\\\/de\\\/#organization\",\"name\":\"Mandevilla Shop\",\"url\":\"https:\\\/\\\/mandevillashop.com\\\/de\\\/\",\"logo\":{\"@type\":\"ImageObject\",\"inLanguage\":\"de\",\"@id\":\"https:\\\/\\\/mandevillashop.com\\\/de\\\/#\\\/schema\\\/logo\\\/image\\\/\",\"url\":\"https:\\\/\\\/mandevillashop.com\\\/wp-content\\\/uploads\\\/2023\\\/07\\\/mandevilla-shop-zwart.svg\",\"contentUrl\":\"https:\\\/\\\/mandevillashop.com\\\/wp-content\\\/uploads\\\/2023\\\/07\\\/mandevilla-shop-zwart.svg\",\"caption\":\"Mandevilla Shop\"},\"image\":{\"@id\":\"https:\\\/\\\/mandevillashop.com\\\/de\\\/#\\\/schema\\\/logo\\\/image\\\/\"}}]}<\/script>\n<!-- \/ Yoast SEO plugin. -->","yoast_head_json":{"title":"Senden & zur\u00fccksenden - Mandevillashop","description":"Vind alle informatie over verzenden & retourneren; zoals de levertijden, verzendkosten en hoe je jouw product kunt retourzenden.","robots":{"index":"index","follow":"follow","max-snippet":"max-snippet:-1","max-image-preview":"max-image-preview:large","max-video-preview":"max-video-preview:-1"},"canonical":"https:\/\/mandevillashop.com\/de\/senden-zuruecksenden\/","og_locale":"de_DE","og_type":"article","og_title":"Senden & zur\u00fccksenden - Mandevillashop","og_description":"Vind alle informatie over verzenden & retourneren; zoals de levertijden, verzendkosten en hoe je jouw product kunt retourzenden.","og_url":"https:\/\/mandevillashop.com\/de\/senden-zuruecksenden\/","og_site_name":"Mandevillashop","article_modified_time":"2026-02-28T19:36:35+00:00","twitter_card":"summary_large_image","twitter_misc":{"Gesch\u00e4tzte Lesezeit":"1\u00a0Minute"},"schema":{"@context":"https:\/\/schema.org","@graph":[{"@type":"WebPage","@id":"https:\/\/mandevillashop.com\/de\/senden-zuruecksenden\/","url":"https:\/\/mandevillashop.com\/de\/senden-zuruecksenden\/","name":"Senden & zur\u00fccksenden - Mandevillashop","isPartOf":{"@id":"https:\/\/mandevillashop.com\/de\/#website"},"datePublished":"2024-01-18T13:24:57+00:00","dateModified":"2026-02-28T19:36:35+00:00","description":"Vind alle informatie over verzenden & retourneren; zoals de levertijden, verzendkosten en hoe je jouw product kunt retourzenden.","breadcrumb":{"@id":"https:\/\/mandevillashop.com\/de\/senden-zuruecksenden\/#breadcrumb"},"inLanguage":"de","potentialAction":[{"@type":"ReadAction","target":["https:\/\/mandevillashop.com\/de\/senden-zuruecksenden\/"]}]},{"@type":"BreadcrumbList","@id":"https:\/\/mandevillashop.com\/de\/senden-zuruecksenden\/#breadcrumb","itemListElement":[{"@type":"ListItem","position":1,"name":"Home","item":"https:\/\/mandevillashop.com\/de\/"},{"@type":"ListItem","position":2,"name":"Senden &#038; zur\u00fccksenden"}]},{"@type":"WebSite","@id":"https:\/\/mandevillashop.com\/de\/#website","url":"https:\/\/mandevillashop.com\/de\/","name":"Mandevillashop","description":"De Mandevilla Specialist","publisher":{"@id":"https:\/\/mandevillashop.com\/de\/#organization"},"potentialAction":[{"@type":"SearchAction","target":{"@type":"EntryPoint","urlTemplate":"https:\/\/mandevillashop.com\/de\/?s={search_term_string}"},"query-input":{"@type":"PropertyValueSpecification","valueRequired":true,"valueName":"search_term_string"}}],"inLanguage":"de"},{"@type":"Organization","@id":"https:\/\/mandevillashop.com\/de\/#organization","name":"Mandevilla Shop","url":"https:\/\/mandevillashop.com\/de\/","logo":{"@type":"ImageObject","inLanguage":"de","@id":"https:\/\/mandevillashop.com\/de\/#\/schema\/logo\/image\/","url":"https:\/\/mandevillashop.com\/wp-content\/uploads\/2023\/07\/mandevilla-shop-zwart.svg","contentUrl":"https:\/\/mandevillashop.com\/wp-content\/uploads\/2023\/07\/mandevilla-shop-zwart.svg","caption":"Mandevilla Shop"},"image":{"@id":"https:\/\/mandevillashop.com\/de\/#\/schema\/logo\/image\/"}}]}},"_links":{"self":[{"href":"https:\/\/mandevillashop.com\/de\/wp-json\/wp\/v2\/pages\/6244","targetHints":{"allow":["GET"]}}],"collection":[{"href":"https:\/\/mandevillashop.com\/de\/wp-json\/wp\/v2\/pages"}],"about":[{"href":"https:\/\/mandevillashop.com\/de\/wp-json\/wp\/v2\/types\/page"}],"author":[{"embeddable":true,"href":"https:\/\/mandevillashop.com\/de\/wp-json\/wp\/v2\/users\/1"}],"replies":[{"embeddable":true,"href":"https:\/\/mandevillashop.com\/de\/wp-json\/wp\/v2\/comments?post=6244"}],"version-history":[{"count":7,"href":"https:\/\/mandevillashop.com\/de\/wp-json\/wp\/v2\/pages\/6244\/revisions"}],"predecessor-version":[{"id":11558,"href":"https:\/\/mandevillashop.com\/de\/wp-json\/wp\/v2\/pages\/6244\/revisions\/11558"}],"wp:attachment":[{"href":"https:\/\/mandevillashop.com\/de\/wp-json\/wp\/v2\/media?parent=6244"}],"curies":[{"name":"wp","href":"https:\/\/api.w.org\/{rel}","templated":true}]}}