{"id":6252,"date":"2023-12-22T13:13:44","date_gmt":"2023-12-22T12:13:44","guid":{"rendered":"https:\/\/mandevillashop.com\/care\/gelbes-blatt\/"},"modified":"2024-07-05T16:30:33","modified_gmt":"2024-07-05T14:30:33","slug":"gelbes-blatt","status":"publish","type":"page","link":"https:\/\/mandevillashop.com\/de\/pflege\/gelbes-blatt\/","title":{"rendered":"Gelbes Blatt"},"content":{"rendered":"\t\t<div data-elementor-type=\"wp-page\" data-elementor-id=\"6252\" class=\"elementor elementor-6252 elementor-550\" data-elementor-post-type=\"page\">\n\t\t\t\t<div class=\"elementor-element elementor-element-7fc52eaf e-flex e-con-boxed e-con e-parent\" data-id=\"7fc52eaf\" data-element_type=\"container\" data-e-type=\"container\">\n\t\t\t\t\t<div class=\"e-con-inner\">\n\t\t\t\t<div class=\"elementor-element elementor-element-36c93d0d elementor-widget elementor-widget-heading\" data-id=\"36c93d0d\" data-element_type=\"widget\" data-e-type=\"widget\" data-widget_type=\"heading.default\">\n\t\t\t\t<div class=\"elementor-widget-container\">\n\t\t\t\t\t<h1 class=\"elementor-heading-title elementor-size-default\">Gelbe Bl\u00e4tter an Ihrer Mandevilla?<\/h1>\t\t\t\t<\/div>\n\t\t\t\t<\/div>\n\t\t\t\t\t<\/div>\n\t\t\t\t<\/div>\n\t\t<div class=\"elementor-element elementor-element-7b2b2fe7 e-flex e-con-boxed e-con e-parent\" data-id=\"7b2b2fe7\" data-element_type=\"container\" data-e-type=\"container\">\n\t\t\t\t\t<div class=\"e-con-inner\">\n\t\t<div class=\"elementor-element elementor-element-739501c5 e-flex e-con-boxed e-con e-child\" data-id=\"739501c5\" data-element_type=\"container\" data-e-type=\"container\">\n\t\t\t\t\t<div class=\"e-con-inner\">\n\t\t<div class=\"elementor-element elementor-element-ea8a730 e-flex e-con-boxed e-con e-child\" data-id=\"ea8a730\" data-element_type=\"container\" data-e-type=\"container\" data-settings=\"{&quot;background_background&quot;:&quot;classic&quot;}\">\n\t\t\t\t\t<div class=\"e-con-inner\">\n\t\t\t\t<div class=\"elementor-element elementor-element-5350bffb elementor-widget elementor-widget-text-editor\" data-id=\"5350bffb\" data-element_type=\"widget\" data-e-type=\"widget\" data-widget_type=\"text-editor.default\">\n\t\t\t\t<div class=\"elementor-widget-container\">\n\t\t\t\t\t\t\t\t\t<p>\u201eSehen Sie gelbe Bl\u00e4tter an Ihrer Mandevilla\/Dipladenia? Das kann verschiedene Ursachen haben. Wir erkl\u00e4ren Ihnen in diesem Blog, wie es dazu kommt und \u2013 noch viel wichtiger \u2013 was Sie dagegen tun k\u00f6nnen!\u201c<\/p>\n<p><em>Tim \u2013 Z\u00fcchtungsspezialist von Mandevillashop.com<\/em><\/p>\n\t\t\t\t\t\t\t\t<\/div>\n\t\t\t\t<\/div>\n\t\t\t\t\t<\/div>\n\t\t\t\t<\/div>\n\t\t\t\t\t<\/div>\n\t\t\t\t<\/div>\n\t\t\t\t\t<\/div>\n\t\t\t\t<\/div>\n\t\t<div class=\"elementor-element elementor-element-754a9073 e-flex e-con-boxed e-con e-parent\" data-id=\"754a9073\" data-element_type=\"container\" data-e-type=\"container\">\n\t\t\t\t\t<div class=\"e-con-inner\">\n\t\t<div class=\"elementor-element elementor-element-2543bed0 e-flex e-con-boxed e-con e-child\" data-id=\"2543bed0\" data-element_type=\"container\" data-e-type=\"container\">\n\t\t\t\t\t<div class=\"e-con-inner\">\n\t\t\t\t<div class=\"elementor-element elementor-element-a8dd1ca elementor-widget elementor-widget-heading\" data-id=\"a8dd1ca\" data-element_type=\"widget\" data-e-type=\"widget\" data-widget_type=\"heading.default\">\n\t\t\t\t<div class=\"elementor-widget-container\">\n\t\t\t\t\t<h4 class=\"elementor-heading-title elementor-size-default\">1. Zu viel Wasser<\/h4>\t\t\t\t<\/div>\n\t\t\t\t<\/div>\n\t\t\t\t<div class=\"elementor-element elementor-element-54024296 elementor-widget elementor-widget-text-editor\" data-id=\"54024296\" data-element_type=\"widget\" data-e-type=\"widget\" data-widget_type=\"text-editor.default\">\n\t\t\t\t<div class=\"elementor-widget-container\">\n\t\t\t\t\t\t\t\t\t<p><strong>Was sehen Sie:<br \/><\/strong>Gelbe Bl\u00e4tter im unteren Bereich Ihrer Pflanze, die sich braun verf\u00e4rben und abfallen<\/p><p class=\"Plattetekst1\"><b><span lang=\"DE\">\u00dcberpr\u00fcfen:<\/span><\/b><span lang=\"DE\"><br \/>Holen Sie die Mandevilla aus dem Topf. Sind auch die Wurzeln braun? Dann hat sie zu viel Wasser bekommen. Wichtig zu wissen: Mandevilla mag keine nassen F\u00fc\u00dfe!<\/span><\/p><p><strong>Die L\u00f6sung:<br \/><\/strong>Versuchen Sie zun\u00e4chst, das \u00fcbersch\u00fcssige Wasser zu entfernen.<br \/>Vergewissern Sie sich, dass sich in Ihrem Topf L\u00f6cher befinden.<br \/>Von der Verwendung eines Untersetzers unter dem Topf raten wir ab, da das Wasser dadurch nicht richtig abflie\u00dfen kann.<br \/>Streuen Sie eine Schicht\u00a0<em><a href=\"https:\/\/mandevillashop.com\/de\/produkt\/mandevilla-hydrokorner-10l\/\">Hydrok\u00f6rner<\/a><\/em>\u00a0in den Topf; so kommen die Wurzeln nicht direkt mit Wasser in Ber\u00fchrung<\/p>\t\t\t\t\t\t\t\t<\/div>\n\t\t\t\t<\/div>\n\t\t\t\t<div class=\"elementor-element elementor-element-1cf2166d elementor-widget elementor-widget-heading\" data-id=\"1cf2166d\" data-element_type=\"widget\" data-e-type=\"widget\" data-widget_type=\"heading.default\">\n\t\t\t\t<div class=\"elementor-widget-container\">\n\t\t\t\t\t<h4 class=\"elementor-heading-title elementor-size-default\"> 2. Zu wenig Sonnenlicht<\/h4>\t\t\t\t<\/div>\n\t\t\t\t<\/div>\n\t\t\t\t<div class=\"elementor-element elementor-element-21409e0a elementor-widget elementor-widget-text-editor\" data-id=\"21409e0a\" data-element_type=\"widget\" data-e-type=\"widget\" data-widget_type=\"text-editor.default\">\n\t\t\t\t<div class=\"elementor-widget-container\">\n\t\t\t\t\t\t\t\t\t<p class=\"Plattetekst1\"><b><span lang=\"DE\">Was sehen Sie:<br \/><\/span><\/b><span lang=\"DE\">Gelbe Bl\u00e4tter in der Mitte der Pflanze<\/span><\/p><p class=\"Plattetekst1\"><b><span lang=\"DE\">\u00dcberpr\u00fcfen:<br \/><\/span><\/b><span lang=\"DE\">Sind die gelben Bl\u00e4tter auch feuchter? In das Zentrum der Pflanze gelangt eindeutig zu wenig Sonnenlicht, wodurch die Pflanze ihre Bl\u00e4tter abwirft.<\/span><\/p><p class=\"Plattetekst1\"><b><span lang=\"DE\">Die L\u00f6sung:<br \/><\/span><\/b>Entfernen Sie die abgefallenen Bl\u00e4tter, da diese schimmeln k\u00f6nnen. Im Herbst scheint die Sonne weniger und wird die Luft feuchter. Die Pflanze wird dann in ihrer Gesamtheit etwas gelber. Beobachten Sie dies (Mitte November)? Dann ist es an der Zeit, Ihre Mandevilla drinnen\u00a0<em><a href=\"https:\/\/mandevillashop.com\/de\/mandevilla-lets-ueberwintern\/\">\u00fcberwintern<\/a><\/em>\u00a0zu lassen, wenn Sie das m\u00f6chten!<\/p>\t\t\t\t\t\t\t\t<\/div>\n\t\t\t\t<\/div>\n\t\t\t\t<div class=\"elementor-element elementor-element-5e5b452 elementor-widget elementor-widget-heading\" data-id=\"5e5b452\" data-element_type=\"widget\" data-e-type=\"widget\" data-widget_type=\"heading.default\">\n\t\t\t\t<div class=\"elementor-widget-container\">\n\t\t\t\t\t<h4 class=\"elementor-heading-title elementor-size-default\">3. Mangel an N\u00e4hrstoffen <\/h4>\t\t\t\t<\/div>\n\t\t\t\t<\/div>\n\t\t\t\t<div class=\"elementor-element elementor-element-897aa52 elementor-widget elementor-widget-text-editor\" data-id=\"897aa52\" data-element_type=\"widget\" data-e-type=\"widget\" data-widget_type=\"text-editor.default\">\n\t\t\t\t<div class=\"elementor-widget-container\">\n\t\t\t\t\t\t\t\t\t<p><strong>Was sehen Sie:<\/strong><br \/>Einige gelbe Bl\u00e4tter im unteren Bereich der Pflanze<\/p><p><strong>Situation:<br \/><\/strong>Dass die Mandevilla eine au\u00dfergew\u00f6hnliche Pflanze ist, wissen wir bereits. Auch bei den N\u00e4hrstoffen hat sie eine besondere Eigenschaft: Sie wei\u00df ganz genau, was sie braucht. D\u00fcngen Sie sie zu viel? Kein Problem. Die Pflanze speichert diese N\u00e4hrstoffe in ihren Wurzeln. Und bei einem N\u00e4hrstoffmangel l\u00e4sst sie ihre untersten Bl\u00e4tter fallen. Diese stecken voller Abfallprodukte; man k\u00f6nnte es einen \u00dcberlebensmechanismus nennen. So sorgt die Pflanze daf\u00fcr, dass sich die oberen Bl\u00e4tter immer weiter entwickeln k\u00f6nnen.<strong><br \/><\/strong><\/p><p class=\"Plattetekst1\"><b><span lang=\"DE\">Die L\u00f6sung:<br \/><\/span><\/b><span lang=\"DE\">Die\u00a0<em><a href=\"https:\/\/mandevillashop.com\/product\/mandevilla-potgrond-incl-voeding-20l\/\">Topferde<\/a>,<\/em> die Sie bei Mandevillashop.com kaufen, enth\u00e4lt gen\u00fcgend N\u00e4hrstoffe f\u00fcr die ganze Saison!<\/span><\/p>\t\t\t\t\t\t\t\t<\/div>\n\t\t\t\t<\/div>\n\t\t\t\t<div class=\"elementor-element elementor-element-d8a7452 elementor-widget elementor-widget-heading\" data-id=\"d8a7452\" data-element_type=\"widget\" data-e-type=\"widget\" data-widget_type=\"heading.default\">\n\t\t\t\t<div class=\"elementor-widget-container\">\n\t\t\t\t\t<h4 class=\"elementor-heading-title elementor-size-default\">4. Krankheiten oder Sch\u00e4dlingsbefall<\/h4>\t\t\t\t<\/div>\n\t\t\t\t<\/div>\n\t\t\t\t<div class=\"elementor-element elementor-element-e7558e9 elementor-widget elementor-widget-text-editor\" data-id=\"e7558e9\" data-element_type=\"widget\" data-e-type=\"widget\" data-widget_type=\"text-editor.default\">\n\t\t\t\t<div class=\"elementor-widget-container\">\n\t\t\t\t\t\t\t\t\t<p>Diesbez\u00fcglich k\u00f6nnen wir uns kurz fassen: Blattverlust durch Krankheiten und Sch\u00e4dlingsbefall kommt bei der Mandevilla kaum vor. Sollte die Pflanze mit L\u00e4usen oder der wei\u00dfen Fliege zu k\u00e4mpfen haben, dann wird die Natur dies selbst l\u00f6sen. Bereits nach ein paar Tagen werden Sie schon einige Marienk\u00e4fer am Werk sehen. Und die sind sehr flei\u00dfig: Sie fressen bis zu 100 L\u00e4use pro Tag! Manchmal wird die Mandevilla von Pilzen und Bakterien befallen. Das erkennt man daran, dass ein Trieb braun wird und verdorrt. Entfernen Sie diesen Trieb so schnell wie m\u00f6glich, um einer Ansteckung der anderen Triebe vorzubeugen!<\/p>\n\t\t\t\t\t\t\t\t<\/div>\n\t\t\t\t<\/div>\n\t\t\t\t\t<\/div>\n\t\t\t\t<\/div>\n\t\t\t\t\t<\/div>\n\t\t\t\t<\/div>\n\t\t\t\t<\/div>\n\t\t","protected":false},"excerpt":{"rendered":"<p>Gelbe Bl\u00e4tter an Ihrer Mandevilla? \u201eSehen Sie gelbe Bl\u00e4tter an Ihrer Mandevilla\/Dipladenia? Das kann verschiedene Ursachen haben. Wir erkl\u00e4ren Ihnen in diesem Blog, wie es dazu kommt und \u2013 noch viel wichtiger \u2013 was Sie dagegen tun k\u00f6nnen!\u201c Tim \u2013 Z\u00fcchtungsspezialist von Mandevillashop.com 1. Zu viel Wasser Was sehen Sie:Gelbe Bl\u00e4tter im unteren Bereich Ihrer<\/p>\n","protected":false},"author":1,"featured_media":9845,"parent":6250,"menu_order":0,"comment_status":"closed","ping_status":"closed","template":"","meta":{"_acf_changed":false,"footnotes":""},"class_list":["post-6252","page","type-page","status-publish","has-post-thumbnail","hentry"],"acf":[],"yoast_head":"<!-- This site is optimized with the Yoast SEO plugin v27.4 - https:\/\/yoast.com\/product\/yoast-seo-wordpress\/ -->\n<title>Gelbes Blatt - Mandevillashop<\/title>\n<meta name=\"description\" content=\"Hat Ihre Dipladenia gelbes Bl\u00e4tt? Dies kann verschiedene Ursachen haben. Lesen Sie in unserem Blog mehr dar\u00fcber, was Sie dagegen tun k\u00f6nnen!\" \/>\n<meta name=\"robots\" content=\"index, follow, max-snippet:-1, max-image-preview:large, max-video-preview:-1\" \/>\n<link rel=\"canonical\" href=\"https:\/\/mandevillashop.com\/de\/pflege\/gelbes-blatt\/\" \/>\n<meta property=\"og:locale\" content=\"de_DE\" \/>\n<meta property=\"og:type\" content=\"article\" \/>\n<meta property=\"og:title\" content=\"Gelbes Blatt - Mandevillashop\" \/>\n<meta property=\"og:description\" content=\"Hat Ihre Dipladenia gelbes Bl\u00e4tt? Dies kann verschiedene Ursachen haben. Lesen Sie in unserem Blog mehr dar\u00fcber, was Sie dagegen tun k\u00f6nnen!\" \/>\n<meta property=\"og:url\" content=\"https:\/\/mandevillashop.com\/de\/pflege\/gelbes-blatt\/\" \/>\n<meta property=\"og:site_name\" content=\"Mandevillashop\" \/>\n<meta property=\"article:modified_time\" content=\"2024-07-05T14:30:33+00:00\" \/>\n<meta name=\"twitter:card\" content=\"summary_large_image\" \/>\n<meta name=\"twitter:label1\" content=\"Gesch\u00e4tzte Lesezeit\" \/>\n\t<meta name=\"twitter:data1\" content=\"3\u00a0Minuten\" \/>\n<script type=\"application\/ld+json\" class=\"yoast-schema-graph\">{\"@context\":\"https:\\\/\\\/schema.org\",\"@graph\":[{\"@type\":\"WebPage\",\"@id\":\"https:\\\/\\\/mandevillashop.com\\\/de\\\/pflege\\\/gelbes-blatt\\\/\",\"url\":\"https:\\\/\\\/mandevillashop.com\\\/de\\\/pflege\\\/gelbes-blatt\\\/\",\"name\":\"Gelbes Blatt - Mandevillashop\",\"isPartOf\":{\"@id\":\"https:\\\/\\\/mandevillashop.com\\\/de\\\/#website\"},\"primaryImageOfPage\":{\"@id\":\"https:\\\/\\\/mandevillashop.com\\\/de\\\/pflege\\\/gelbes-blatt\\\/#primaryimage\"},\"image\":{\"@id\":\"https:\\\/\\\/mandevillashop.com\\\/de\\\/pflege\\\/gelbes-blatt\\\/#primaryimage\"},\"thumbnailUrl\":\"https:\\\/\\\/mandevillashop.com\\\/wp-content\\\/uploads\\\/2024\\\/05\\\/20210818-Beauty-Plants-6321-scaled.jpg\",\"datePublished\":\"2023-12-22T12:13:44+00:00\",\"dateModified\":\"2024-07-05T14:30:33+00:00\",\"description\":\"Hat Ihre Dipladenia gelbes Bl\u00e4tt? Dies kann verschiedene Ursachen haben. Lesen Sie in unserem Blog mehr dar\u00fcber, was Sie dagegen tun k\u00f6nnen!\",\"breadcrumb\":{\"@id\":\"https:\\\/\\\/mandevillashop.com\\\/de\\\/pflege\\\/gelbes-blatt\\\/#breadcrumb\"},\"inLanguage\":\"de\",\"potentialAction\":[{\"@type\":\"ReadAction\",\"target\":[\"https:\\\/\\\/mandevillashop.com\\\/de\\\/pflege\\\/gelbes-blatt\\\/\"]}]},{\"@type\":\"ImageObject\",\"inLanguage\":\"de\",\"@id\":\"https:\\\/\\\/mandevillashop.com\\\/de\\\/pflege\\\/gelbes-blatt\\\/#primaryimage\",\"url\":\"https:\\\/\\\/mandevillashop.com\\\/wp-content\\\/uploads\\\/2024\\\/05\\\/20210818-Beauty-Plants-6321-scaled.jpg\",\"contentUrl\":\"https:\\\/\\\/mandevillashop.com\\\/wp-content\\\/uploads\\\/2024\\\/05\\\/20210818-Beauty-Plants-6321-scaled.jpg\",\"width\":2560,\"height\":1708},{\"@type\":\"BreadcrumbList\",\"@id\":\"https:\\\/\\\/mandevillashop.com\\\/de\\\/pflege\\\/gelbes-blatt\\\/#breadcrumb\",\"itemListElement\":[{\"@type\":\"ListItem\",\"position\":1,\"name\":\"Home\",\"item\":\"https:\\\/\\\/mandevillashop.com\\\/de\\\/\"},{\"@type\":\"ListItem\",\"position\":2,\"name\":\"Pflege\",\"item\":\"https:\\\/\\\/mandevillashop.com\\\/de\\\/verzorging\\\/\"},{\"@type\":\"ListItem\",\"position\":3,\"name\":\"Gelbes Blatt\"}]},{\"@type\":\"WebSite\",\"@id\":\"https:\\\/\\\/mandevillashop.com\\\/de\\\/#website\",\"url\":\"https:\\\/\\\/mandevillashop.com\\\/de\\\/\",\"name\":\"Mandevillashop\",\"description\":\"De Mandevilla Specialist\",\"publisher\":{\"@id\":\"https:\\\/\\\/mandevillashop.com\\\/de\\\/#organization\"},\"potentialAction\":[{\"@type\":\"SearchAction\",\"target\":{\"@type\":\"EntryPoint\",\"urlTemplate\":\"https:\\\/\\\/mandevillashop.com\\\/de\\\/?s={search_term_string}\"},\"query-input\":{\"@type\":\"PropertyValueSpecification\",\"valueRequired\":true,\"valueName\":\"search_term_string\"}}],\"inLanguage\":\"de\"},{\"@type\":\"Organization\",\"@id\":\"https:\\\/\\\/mandevillashop.com\\\/de\\\/#organization\",\"name\":\"Mandevilla Shop\",\"url\":\"https:\\\/\\\/mandevillashop.com\\\/de\\\/\",\"logo\":{\"@type\":\"ImageObject\",\"inLanguage\":\"de\",\"@id\":\"https:\\\/\\\/mandevillashop.com\\\/de\\\/#\\\/schema\\\/logo\\\/image\\\/\",\"url\":\"https:\\\/\\\/mandevillashop.com\\\/wp-content\\\/uploads\\\/2023\\\/07\\\/mandevilla-shop-zwart.svg\",\"contentUrl\":\"https:\\\/\\\/mandevillashop.com\\\/wp-content\\\/uploads\\\/2023\\\/07\\\/mandevilla-shop-zwart.svg\",\"caption\":\"Mandevilla Shop\"},\"image\":{\"@id\":\"https:\\\/\\\/mandevillashop.com\\\/de\\\/#\\\/schema\\\/logo\\\/image\\\/\"}}]}<\/script>\n<!-- \/ Yoast SEO plugin. -->","yoast_head_json":{"title":"Gelbes Blatt - Mandevillashop","description":"Hat Ihre Dipladenia gelbes Bl\u00e4tt? Dies kann verschiedene Ursachen haben. Lesen Sie in unserem Blog mehr dar\u00fcber, was Sie dagegen tun k\u00f6nnen!","robots":{"index":"index","follow":"follow","max-snippet":"max-snippet:-1","max-image-preview":"max-image-preview:large","max-video-preview":"max-video-preview:-1"},"canonical":"https:\/\/mandevillashop.com\/de\/pflege\/gelbes-blatt\/","og_locale":"de_DE","og_type":"article","og_title":"Gelbes Blatt - Mandevillashop","og_description":"Hat Ihre Dipladenia gelbes Bl\u00e4tt? Dies kann verschiedene Ursachen haben. Lesen Sie in unserem Blog mehr dar\u00fcber, was Sie dagegen tun k\u00f6nnen!","og_url":"https:\/\/mandevillashop.com\/de\/pflege\/gelbes-blatt\/","og_site_name":"Mandevillashop","article_modified_time":"2024-07-05T14:30:33+00:00","twitter_card":"summary_large_image","twitter_misc":{"Gesch\u00e4tzte Lesezeit":"3\u00a0Minuten"},"schema":{"@context":"https:\/\/schema.org","@graph":[{"@type":"WebPage","@id":"https:\/\/mandevillashop.com\/de\/pflege\/gelbes-blatt\/","url":"https:\/\/mandevillashop.com\/de\/pflege\/gelbes-blatt\/","name":"Gelbes Blatt - Mandevillashop","isPartOf":{"@id":"https:\/\/mandevillashop.com\/de\/#website"},"primaryImageOfPage":{"@id":"https:\/\/mandevillashop.com\/de\/pflege\/gelbes-blatt\/#primaryimage"},"image":{"@id":"https:\/\/mandevillashop.com\/de\/pflege\/gelbes-blatt\/#primaryimage"},"thumbnailUrl":"https:\/\/mandevillashop.com\/wp-content\/uploads\/2024\/05\/20210818-Beauty-Plants-6321-scaled.jpg","datePublished":"2023-12-22T12:13:44+00:00","dateModified":"2024-07-05T14:30:33+00:00","description":"Hat Ihre Dipladenia gelbes Bl\u00e4tt? Dies kann verschiedene Ursachen haben. Lesen Sie in unserem Blog mehr dar\u00fcber, was Sie dagegen tun k\u00f6nnen!","breadcrumb":{"@id":"https:\/\/mandevillashop.com\/de\/pflege\/gelbes-blatt\/#breadcrumb"},"inLanguage":"de","potentialAction":[{"@type":"ReadAction","target":["https:\/\/mandevillashop.com\/de\/pflege\/gelbes-blatt\/"]}]},{"@type":"ImageObject","inLanguage":"de","@id":"https:\/\/mandevillashop.com\/de\/pflege\/gelbes-blatt\/#primaryimage","url":"https:\/\/mandevillashop.com\/wp-content\/uploads\/2024\/05\/20210818-Beauty-Plants-6321-scaled.jpg","contentUrl":"https:\/\/mandevillashop.com\/wp-content\/uploads\/2024\/05\/20210818-Beauty-Plants-6321-scaled.jpg","width":2560,"height":1708},{"@type":"BreadcrumbList","@id":"https:\/\/mandevillashop.com\/de\/pflege\/gelbes-blatt\/#breadcrumb","itemListElement":[{"@type":"ListItem","position":1,"name":"Home","item":"https:\/\/mandevillashop.com\/de\/"},{"@type":"ListItem","position":2,"name":"Pflege","item":"https:\/\/mandevillashop.com\/de\/verzorging\/"},{"@type":"ListItem","position":3,"name":"Gelbes Blatt"}]},{"@type":"WebSite","@id":"https:\/\/mandevillashop.com\/de\/#website","url":"https:\/\/mandevillashop.com\/de\/","name":"Mandevillashop","description":"De Mandevilla Specialist","publisher":{"@id":"https:\/\/mandevillashop.com\/de\/#organization"},"potentialAction":[{"@type":"SearchAction","target":{"@type":"EntryPoint","urlTemplate":"https:\/\/mandevillashop.com\/de\/?s={search_term_string}"},"query-input":{"@type":"PropertyValueSpecification","valueRequired":true,"valueName":"search_term_string"}}],"inLanguage":"de"},{"@type":"Organization","@id":"https:\/\/mandevillashop.com\/de\/#organization","name":"Mandevilla Shop","url":"https:\/\/mandevillashop.com\/de\/","logo":{"@type":"ImageObject","inLanguage":"de","@id":"https:\/\/mandevillashop.com\/de\/#\/schema\/logo\/image\/","url":"https:\/\/mandevillashop.com\/wp-content\/uploads\/2023\/07\/mandevilla-shop-zwart.svg","contentUrl":"https:\/\/mandevillashop.com\/wp-content\/uploads\/2023\/07\/mandevilla-shop-zwart.svg","caption":"Mandevilla Shop"},"image":{"@id":"https:\/\/mandevillashop.com\/de\/#\/schema\/logo\/image\/"}}]}},"_links":{"self":[{"href":"https:\/\/mandevillashop.com\/de\/wp-json\/wp\/v2\/pages\/6252","targetHints":{"allow":["GET"]}}],"collection":[{"href":"https:\/\/mandevillashop.com\/de\/wp-json\/wp\/v2\/pages"}],"about":[{"href":"https:\/\/mandevillashop.com\/de\/wp-json\/wp\/v2\/types\/page"}],"author":[{"embeddable":true,"href":"https:\/\/mandevillashop.com\/de\/wp-json\/wp\/v2\/users\/1"}],"replies":[{"embeddable":true,"href":"https:\/\/mandevillashop.com\/de\/wp-json\/wp\/v2\/comments?post=6252"}],"version-history":[{"count":4,"href":"https:\/\/mandevillashop.com\/de\/wp-json\/wp\/v2\/pages\/6252\/revisions"}],"predecessor-version":[{"id":8673,"href":"https:\/\/mandevillashop.com\/de\/wp-json\/wp\/v2\/pages\/6252\/revisions\/8673"}],"up":[{"embeddable":true,"href":"https:\/\/mandevillashop.com\/de\/wp-json\/wp\/v2\/pages\/6250"}],"wp:featuredmedia":[{"embeddable":true,"href":"https:\/\/mandevillashop.com\/de\/wp-json\/wp\/v2\/media\/9845"}],"wp:attachment":[{"href":"https:\/\/mandevillashop.com\/de\/wp-json\/wp\/v2\/media?parent=6252"}],"curies":[{"name":"wp","href":"https:\/\/api.w.org\/{rel}","templated":true}]}}