{"id":6262,"date":"2023-12-22T13:00:17","date_gmt":"2023-12-22T12:00:17","guid":{"rendered":"https:\/\/mandevillashop.com\/pflege\/wachsen-un-eindrehen\/"},"modified":"2024-07-05T16:31:30","modified_gmt":"2024-07-05T14:31:30","slug":"wachsen-un-eindrehen","status":"publish","type":"page","link":"https:\/\/mandevillashop.com\/de\/pflege\/wachsen-un-eindrehen\/","title":{"rendered":"Wachsen un eindrehen"},"content":{"rendered":"\t\t<div data-elementor-type=\"wp-page\" data-elementor-id=\"6262\" class=\"elementor elementor-6262 elementor-544\" data-elementor-post-type=\"page\">\n\t\t\t\t<div class=\"elementor-element elementor-element-3a9c1800 e-flex e-con-boxed e-con e-parent\" data-id=\"3a9c1800\" data-element_type=\"container\" data-e-type=\"container\">\n\t\t\t\t\t<div class=\"e-con-inner\">\n\t\t\t\t<div class=\"elementor-element elementor-element-5e9de926 elementor-widget elementor-widget-heading\" data-id=\"5e9de926\" data-element_type=\"widget\" data-e-type=\"widget\" data-widget_type=\"heading.default\">\n\t\t\t\t<div class=\"elementor-widget-container\">\n\t\t\t\t\t<h1 class=\"elementor-heading-title elementor-size-default\">Mandevilla wachsen lassen<\/h1>\t\t\t\t<\/div>\n\t\t\t\t<\/div>\n\t\t\t\t\t<\/div>\n\t\t\t\t<\/div>\n\t\t<div class=\"elementor-element elementor-element-3cb69fb7 e-flex e-con-boxed e-con e-parent\" data-id=\"3cb69fb7\" data-element_type=\"container\" data-e-type=\"container\">\n\t\t\t\t\t<div class=\"e-con-inner\">\n\t\t<div class=\"elementor-element elementor-element-19dc9bb4 e-flex e-con-boxed e-con e-child\" data-id=\"19dc9bb4\" data-element_type=\"container\" data-e-type=\"container\">\n\t\t\t\t\t<div class=\"e-con-inner\">\n\t\t<div class=\"elementor-element elementor-element-4b29fdd1 e-flex e-con-boxed e-con e-child\" data-id=\"4b29fdd1\" data-element_type=\"container\" data-e-type=\"container\" data-settings=\"{&quot;background_background&quot;:&quot;classic&quot;}\">\n\t\t\t\t\t<div class=\"e-con-inner\">\n\t\t\t\t<div class=\"elementor-element elementor-element-6a1ea3a0 elementor-widget elementor-widget-text-editor\" data-id=\"6a1ea3a0\" data-element_type=\"widget\" data-e-type=\"widget\" data-widget_type=\"text-editor.default\">\n\t\t\t\t<div class=\"elementor-widget-container\">\n\t\t\t\t\t\t\t\t\t<p><em>\u201eDie Mandevilla kann in Ihrem Garten noch stark wachsen. Das Sch\u00f6ne daran ist, dass man die Wuchsform der Mandevilla beeinflussen kann. Dieser Blog ist f\u00fcr die echten Enthusiasten, die sich mit dem Mandevillawachstum auseinandersetzen m\u00f6chten.\u201c<\/em><\/p>\n<p><em>Tim \u2013 Z\u00fcchtungsspezialist von Mandevillashop.com<\/em><\/p>\n\t\t\t\t\t\t\t\t<\/div>\n\t\t\t\t<\/div>\n\t\t\t\t\t<\/div>\n\t\t\t\t<\/div>\n\t\t\t\t\t<\/div>\n\t\t\t\t<\/div>\n\t\t\t\t\t<\/div>\n\t\t\t\t<\/div>\n\t\t<div class=\"elementor-element elementor-element-58814c4 e-flex e-con-boxed e-con e-parent\" data-id=\"58814c4\" data-element_type=\"container\" data-e-type=\"container\">\n\t\t\t\t\t<div class=\"e-con-inner\">\n\t\t<div class=\"elementor-element elementor-element-2a6260f e-flex e-con-boxed e-con e-child\" data-id=\"2a6260f\" data-element_type=\"container\" data-e-type=\"container\">\n\t\t\t\t\t<div class=\"e-con-inner\">\n\t\t\t\t<div class=\"elementor-element elementor-element-25f6bb9b elementor-widget elementor-widget-text-editor\" data-id=\"25f6bb9b\" data-element_type=\"widget\" data-e-type=\"widget\" data-widget_type=\"text-editor.default\">\n\t\t\t\t<div class=\"elementor-widget-container\">\n\t\t\t\t\t\t\t\t\t<p>Die Mandevilla oder Dipladenia bietet viele M\u00f6glichkeiten. Sie k\u00f6nnen sich an der Pflanze im Istzustand erfreuen. Sie k\u00f6nnen das Wachstum der Pflanze aber auch unterst\u00fctzen und die Wuchsform bestimmen. Ihre Wahl!<\/p>\n\t\t\t\t\t\t\t\t<\/div>\n\t\t\t\t<\/div>\n\t\t\t\t<div class=\"elementor-element elementor-element-4899027e elementor-widget elementor-widget-heading\" data-id=\"4899027e\" data-element_type=\"widget\" data-e-type=\"widget\" data-widget_type=\"heading.default\">\n\t\t\t\t<div class=\"elementor-widget-container\">\n\t\t\t\t\t<h4 class=\"elementor-heading-title elementor-size-default\">Wie k\u00f6nnen Sie das Wachstum beeinflussen?<\/h4>\t\t\t\t<\/div>\n\t\t\t\t<\/div>\n\t\t\t\t<div class=\"elementor-element elementor-element-74726d2b elementor-widget elementor-widget-text-editor\" data-id=\"74726d2b\" data-element_type=\"widget\" data-e-type=\"widget\" data-widget_type=\"text-editor.default\">\n\t\t\t\t<div class=\"elementor-widget-container\">\n\t\t\t\t\t\t\t\t\t<p>Das ist m\u00f6glich durch eine bewusste Wahl des Standorts und durch die Verabreichung einer bestimmten Wassermenge. In der vollen Sonne produziert die Mandevilla die meisten Bl\u00fcten und im Halbschatten w\u00e4chst sie st\u00e4rker. Nicht nur der Standort, sondern auch die Gie\u00dfh\u00e4ufigkeit hat einen Einfluss. Wenn der Wurzelballen der Pflanze immer feucht ist, w\u00e4chst sie schneller. Wenn Sie ihr weniger Wasser geben, entwickelt die Pflanze sich weniger stark.<\/p>\n\t\t\t\t\t\t\t\t<\/div>\n\t\t\t\t<\/div>\n\t\t\t\t<div class=\"elementor-element elementor-element-5874f62d elementor-widget elementor-widget-heading\" data-id=\"5874f62d\" data-element_type=\"widget\" data-e-type=\"widget\" data-widget_type=\"heading.default\">\n\t\t\t\t<div class=\"elementor-widget-container\">\n\t\t\t\t\t<h4 class=\"elementor-heading-title elementor-size-default\">Mandevilla Rankhilfe<\/h4>\t\t\t\t<\/div>\n\t\t\t\t<\/div>\n\t\t\t\t<div class=\"elementor-element elementor-element-3b0dbe1d elementor-widget elementor-widget-text-editor\" data-id=\"3b0dbe1d\" data-element_type=\"widget\" data-e-type=\"widget\" data-widget_type=\"text-editor.default\">\n\t\t\t\t<div class=\"elementor-widget-container\">\n\t\t\t\t\t\t\t\t\t<p>M\u00f6chten Sie, dass Ihre Mandevilla stark w\u00e4chst? Sehr sch\u00f6n! Wir ziehen die gr\u00f6\u00dferen Mandevilla auf einem Bambusgestell oder Bambusst\u00e4ben heran, und wenn diese \u201evoll\u201c sind, kann sich die Pflanze nicht mehr weiterentwickeln. Dann k\u00f6nnen Sie das Gestell mithilfe der\u00a0<em><a href=\"https:\/\/mandevillashop.com\/de\/produkt\/kletterset\/\">Mandevilla-Rankhilfe<\/a><\/em>\u00a0erweitern. Deren Form k\u00f6nnen Sie selbst bestimmen. Wenn die Pflanze etwas hat, woran sie emporwachsen kann, geht es viel schneller!<\/p><p>Inhalt | Mit unserer Rankhilfe erhalten Sie:<\/p><ul><li>6 x Bambusst\u00e4be 35 cm<\/li><li>6 x Bambusst\u00e4be 50 cm<\/li><li>24 Klammern, sowohl f\u00fcr die Ranken als auch f\u00fcr die Befestigung der Bambusst\u00e4be<\/li><\/ul>\t\t\t\t\t\t\t\t<\/div>\n\t\t\t\t<\/div>\n\t\t\t\t<div class=\"elementor-element elementor-element-9916d4b elementor-widget elementor-widget-heading\" data-id=\"9916d4b\" data-element_type=\"widget\" data-e-type=\"widget\" data-widget_type=\"heading.default\">\n\t\t\t\t<div class=\"elementor-widget-container\">\n\t\t\t\t\t<h4 class=\"elementor-heading-title elementor-size-default\">Wie es funktioniert<\/h4>\t\t\t\t<\/div>\n\t\t\t\t<\/div>\n\t\t\t\t<div class=\"elementor-element elementor-element-6459172 elementor-widget elementor-widget-text-editor\" data-id=\"6459172\" data-element_type=\"widget\" data-e-type=\"widget\" data-widget_type=\"text-editor.default\">\n\t\t\t\t<div class=\"elementor-widget-container\">\n\t\t\t\t\t\t\t\t\t<p>M\u00f6chten Sie Ihre Mandevilla noch weiter in L\u00e4nge wachsen lassen? Verwenden Sie dann die Bambusst\u00e4be. Diese werden mit zwei gro\u00dfen Klammern vertikal an dem bereits in der Pflanze vorhandenen Gestell befestigt. Achten Sie darauf, dass das vorhandene Bambusgestell und die Bambusst\u00e4be etwa 10 cm \u00fcberlappen.<br \/>\nMit den kleinen Klammern k\u00f6nnen Sie dann die Triebe am Bambusstab befestigen. Werden sie kreativ: Die Form Ihrer Pflanze k\u00f6nnen Sie selbst bestimmen!<\/p>\n\t\t\t\t\t\t\t\t<\/div>\n\t\t\t\t<\/div>\n\t\t\t\t<div class=\"elementor-element elementor-element-502c7f6 elementor-widget elementor-widget-heading\" data-id=\"502c7f6\" data-element_type=\"widget\" data-e-type=\"widget\" data-widget_type=\"heading.default\">\n\t\t\t\t<div class=\"elementor-widget-container\">\n\t\t\t\t\t<h4 class=\"elementor-heading-title elementor-size-default\">Die Wuchsrichtung der Mandevilla weiter beeinflussen<\/h4>\t\t\t\t<\/div>\n\t\t\t\t<\/div>\n\t\t\t\t<div class=\"elementor-element elementor-element-152189b elementor-widget elementor-widget-text-editor\" data-id=\"152189b\" data-element_type=\"widget\" data-e-type=\"widget\" data-widget_type=\"text-editor.default\">\n\t\t\t\t<div class=\"elementor-widget-container\">\n\t\t\t\t\t\t\t\t\t<p>Mandevilla ist ziemlich eigensinnig und klammert sich gerne an etwas fest. Ein Abflussrohr, ein Zaun oder ein anderer Ableger derselben Pflanze. Es ist sch\u00f6n zu sehen, in wie viele Richtungen die Mandevilla w\u00e4chst. Sie k\u00f6nnen die Sache aber auch selbst in die Hand nehmen und die Wuchsform der Mandevilla beeinflussen. Eines ist dabei sehr wichtig: Drehen Sie die Triebe immer gegen den Uhrzeigersinn (von oben betrachtet), da sie sich sonst leicht wieder zur\u00fcckdrehen. Da zeigt sich wieder der eigensinnige Charakter der Pflanze.<\/p>\n<p>&nbsp;<\/p>\n\t\t\t\t\t\t\t\t<\/div>\n\t\t\t\t<\/div>\n\t\t\t\t\t<\/div>\n\t\t\t\t<\/div>\n\t\t\t\t\t<\/div>\n\t\t\t\t<\/div>\n\t\t\t\t<\/div>\n\t\t","protected":false},"excerpt":{"rendered":"<p>Mandevilla wachsen lassen \u201eDie Mandevilla kann in Ihrem Garten noch stark wachsen. Das Sch\u00f6ne daran ist, dass man die Wuchsform der Mandevilla beeinflussen kann. Dieser Blog ist f\u00fcr die echten Enthusiasten, die sich mit dem Mandevillawachstum auseinandersetzen m\u00f6chten.\u201c Tim \u2013 Z\u00fcchtungsspezialist von Mandevillashop.com Die Mandevilla oder Dipladenia bietet viele M\u00f6glichkeiten. Sie k\u00f6nnen sich an der<\/p>\n","protected":false},"author":1,"featured_media":5934,"parent":6250,"menu_order":0,"comment_status":"closed","ping_status":"closed","template":"","meta":{"_acf_changed":false,"footnotes":""},"class_list":["post-6262","page","type-page","status-publish","has-post-thumbnail","hentry"],"acf":[],"yoast_head":"<!-- This site is optimized with the Yoast SEO plugin v27.4 - https:\/\/yoast.com\/product\/yoast-seo-wordpress\/ -->\n<title>Wachsen un eindrehen - Mandevillashop<\/title>\n<meta name=\"description\" content=\"Die Mandevilla wird in Ihrem Garten weiter wachsen. Sind Sie ein Mandevilla-Liebhaber? Dann lesen Sie unsere Tipps f\u00fcr den Anbau Ihrer Pflanze.\" \/>\n<meta name=\"robots\" content=\"index, follow, max-snippet:-1, max-image-preview:large, max-video-preview:-1\" \/>\n<link rel=\"canonical\" href=\"https:\/\/mandevillashop.com\/de\/pflege\/wachsen-un-eindrehen\/\" \/>\n<meta property=\"og:locale\" content=\"de_DE\" \/>\n<meta property=\"og:type\" content=\"article\" \/>\n<meta property=\"og:title\" content=\"Wachsen un eindrehen - Mandevillashop\" \/>\n<meta property=\"og:description\" content=\"Die Mandevilla wird in Ihrem Garten weiter wachsen. Sind Sie ein Mandevilla-Liebhaber? Dann lesen Sie unsere Tipps f\u00fcr den Anbau Ihrer Pflanze.\" \/>\n<meta property=\"og:url\" content=\"https:\/\/mandevillashop.com\/de\/pflege\/wachsen-un-eindrehen\/\" \/>\n<meta property=\"og:site_name\" content=\"Mandevillashop\" \/>\n<meta property=\"article:modified_time\" content=\"2024-07-05T14:31:30+00:00\" \/>\n<meta name=\"twitter:card\" content=\"summary_large_image\" \/>\n<meta name=\"twitter:label1\" content=\"Gesch\u00e4tzte Lesezeit\" \/>\n\t<meta name=\"twitter:data1\" content=\"3\u00a0Minuten\" \/>\n<script type=\"application\/ld+json\" class=\"yoast-schema-graph\">{\"@context\":\"https:\\\/\\\/schema.org\",\"@graph\":[{\"@type\":\"WebPage\",\"@id\":\"https:\\\/\\\/mandevillashop.com\\\/de\\\/pflege\\\/wachsen-un-eindrehen\\\/\",\"url\":\"https:\\\/\\\/mandevillashop.com\\\/de\\\/pflege\\\/wachsen-un-eindrehen\\\/\",\"name\":\"Wachsen un eindrehen - Mandevillashop\",\"isPartOf\":{\"@id\":\"https:\\\/\\\/mandevillashop.com\\\/de\\\/#website\"},\"primaryImageOfPage\":{\"@id\":\"https:\\\/\\\/mandevillashop.com\\\/de\\\/pflege\\\/wachsen-un-eindrehen\\\/#primaryimage\"},\"image\":{\"@id\":\"https:\\\/\\\/mandevillashop.com\\\/de\\\/pflege\\\/wachsen-un-eindrehen\\\/#primaryimage\"},\"thumbnailUrl\":\"https:\\\/\\\/mandevillashop.com\\\/wp-content\\\/uploads\\\/2024\\\/01\\\/Mandevilla-klimset-close-up-14.jpg\",\"datePublished\":\"2023-12-22T12:00:17+00:00\",\"dateModified\":\"2024-07-05T14:31:30+00:00\",\"description\":\"Die Mandevilla wird in Ihrem Garten weiter wachsen. Sind Sie ein Mandevilla-Liebhaber? Dann lesen Sie unsere Tipps f\u00fcr den Anbau Ihrer Pflanze.\",\"breadcrumb\":{\"@id\":\"https:\\\/\\\/mandevillashop.com\\\/de\\\/pflege\\\/wachsen-un-eindrehen\\\/#breadcrumb\"},\"inLanguage\":\"de\",\"potentialAction\":[{\"@type\":\"ReadAction\",\"target\":[\"https:\\\/\\\/mandevillashop.com\\\/de\\\/pflege\\\/wachsen-un-eindrehen\\\/\"]}]},{\"@type\":\"ImageObject\",\"inLanguage\":\"de\",\"@id\":\"https:\\\/\\\/mandevillashop.com\\\/de\\\/pflege\\\/wachsen-un-eindrehen\\\/#primaryimage\",\"url\":\"https:\\\/\\\/mandevillashop.com\\\/wp-content\\\/uploads\\\/2024\\\/01\\\/Mandevilla-klimset-close-up-14.jpg\",\"contentUrl\":\"https:\\\/\\\/mandevillashop.com\\\/wp-content\\\/uploads\\\/2024\\\/01\\\/Mandevilla-klimset-close-up-14.jpg\",\"width\":1200,\"height\":1200},{\"@type\":\"BreadcrumbList\",\"@id\":\"https:\\\/\\\/mandevillashop.com\\\/de\\\/pflege\\\/wachsen-un-eindrehen\\\/#breadcrumb\",\"itemListElement\":[{\"@type\":\"ListItem\",\"position\":1,\"name\":\"Home\",\"item\":\"https:\\\/\\\/mandevillashop.com\\\/de\\\/\"},{\"@type\":\"ListItem\",\"position\":2,\"name\":\"Pflege\",\"item\":\"https:\\\/\\\/mandevillashop.com\\\/de\\\/verzorging\\\/\"},{\"@type\":\"ListItem\",\"position\":3,\"name\":\"Wachsen un eindrehen\"}]},{\"@type\":\"WebSite\",\"@id\":\"https:\\\/\\\/mandevillashop.com\\\/de\\\/#website\",\"url\":\"https:\\\/\\\/mandevillashop.com\\\/de\\\/\",\"name\":\"Mandevillashop\",\"description\":\"De Mandevilla Specialist\",\"publisher\":{\"@id\":\"https:\\\/\\\/mandevillashop.com\\\/de\\\/#organization\"},\"potentialAction\":[{\"@type\":\"SearchAction\",\"target\":{\"@type\":\"EntryPoint\",\"urlTemplate\":\"https:\\\/\\\/mandevillashop.com\\\/de\\\/?s={search_term_string}\"},\"query-input\":{\"@type\":\"PropertyValueSpecification\",\"valueRequired\":true,\"valueName\":\"search_term_string\"}}],\"inLanguage\":\"de\"},{\"@type\":\"Organization\",\"@id\":\"https:\\\/\\\/mandevillashop.com\\\/de\\\/#organization\",\"name\":\"Mandevilla Shop\",\"url\":\"https:\\\/\\\/mandevillashop.com\\\/de\\\/\",\"logo\":{\"@type\":\"ImageObject\",\"inLanguage\":\"de\",\"@id\":\"https:\\\/\\\/mandevillashop.com\\\/de\\\/#\\\/schema\\\/logo\\\/image\\\/\",\"url\":\"https:\\\/\\\/mandevillashop.com\\\/wp-content\\\/uploads\\\/2023\\\/07\\\/mandevilla-shop-zwart.svg\",\"contentUrl\":\"https:\\\/\\\/mandevillashop.com\\\/wp-content\\\/uploads\\\/2023\\\/07\\\/mandevilla-shop-zwart.svg\",\"caption\":\"Mandevilla Shop\"},\"image\":{\"@id\":\"https:\\\/\\\/mandevillashop.com\\\/de\\\/#\\\/schema\\\/logo\\\/image\\\/\"}}]}<\/script>\n<!-- \/ Yoast SEO plugin. -->","yoast_head_json":{"title":"Wachsen un eindrehen - Mandevillashop","description":"Die Mandevilla wird in Ihrem Garten weiter wachsen. Sind Sie ein Mandevilla-Liebhaber? Dann lesen Sie unsere Tipps f\u00fcr den Anbau Ihrer Pflanze.","robots":{"index":"index","follow":"follow","max-snippet":"max-snippet:-1","max-image-preview":"max-image-preview:large","max-video-preview":"max-video-preview:-1"},"canonical":"https:\/\/mandevillashop.com\/de\/pflege\/wachsen-un-eindrehen\/","og_locale":"de_DE","og_type":"article","og_title":"Wachsen un eindrehen - Mandevillashop","og_description":"Die Mandevilla wird in Ihrem Garten weiter wachsen. Sind Sie ein Mandevilla-Liebhaber? Dann lesen Sie unsere Tipps f\u00fcr den Anbau Ihrer Pflanze.","og_url":"https:\/\/mandevillashop.com\/de\/pflege\/wachsen-un-eindrehen\/","og_site_name":"Mandevillashop","article_modified_time":"2024-07-05T14:31:30+00:00","twitter_card":"summary_large_image","twitter_misc":{"Gesch\u00e4tzte Lesezeit":"3\u00a0Minuten"},"schema":{"@context":"https:\/\/schema.org","@graph":[{"@type":"WebPage","@id":"https:\/\/mandevillashop.com\/de\/pflege\/wachsen-un-eindrehen\/","url":"https:\/\/mandevillashop.com\/de\/pflege\/wachsen-un-eindrehen\/","name":"Wachsen un eindrehen - Mandevillashop","isPartOf":{"@id":"https:\/\/mandevillashop.com\/de\/#website"},"primaryImageOfPage":{"@id":"https:\/\/mandevillashop.com\/de\/pflege\/wachsen-un-eindrehen\/#primaryimage"},"image":{"@id":"https:\/\/mandevillashop.com\/de\/pflege\/wachsen-un-eindrehen\/#primaryimage"},"thumbnailUrl":"https:\/\/mandevillashop.com\/wp-content\/uploads\/2024\/01\/Mandevilla-klimset-close-up-14.jpg","datePublished":"2023-12-22T12:00:17+00:00","dateModified":"2024-07-05T14:31:30+00:00","description":"Die Mandevilla wird in Ihrem Garten weiter wachsen. Sind Sie ein Mandevilla-Liebhaber? Dann lesen Sie unsere Tipps f\u00fcr den Anbau Ihrer Pflanze.","breadcrumb":{"@id":"https:\/\/mandevillashop.com\/de\/pflege\/wachsen-un-eindrehen\/#breadcrumb"},"inLanguage":"de","potentialAction":[{"@type":"ReadAction","target":["https:\/\/mandevillashop.com\/de\/pflege\/wachsen-un-eindrehen\/"]}]},{"@type":"ImageObject","inLanguage":"de","@id":"https:\/\/mandevillashop.com\/de\/pflege\/wachsen-un-eindrehen\/#primaryimage","url":"https:\/\/mandevillashop.com\/wp-content\/uploads\/2024\/01\/Mandevilla-klimset-close-up-14.jpg","contentUrl":"https:\/\/mandevillashop.com\/wp-content\/uploads\/2024\/01\/Mandevilla-klimset-close-up-14.jpg","width":1200,"height":1200},{"@type":"BreadcrumbList","@id":"https:\/\/mandevillashop.com\/de\/pflege\/wachsen-un-eindrehen\/#breadcrumb","itemListElement":[{"@type":"ListItem","position":1,"name":"Home","item":"https:\/\/mandevillashop.com\/de\/"},{"@type":"ListItem","position":2,"name":"Pflege","item":"https:\/\/mandevillashop.com\/de\/verzorging\/"},{"@type":"ListItem","position":3,"name":"Wachsen un eindrehen"}]},{"@type":"WebSite","@id":"https:\/\/mandevillashop.com\/de\/#website","url":"https:\/\/mandevillashop.com\/de\/","name":"Mandevillashop","description":"De Mandevilla Specialist","publisher":{"@id":"https:\/\/mandevillashop.com\/de\/#organization"},"potentialAction":[{"@type":"SearchAction","target":{"@type":"EntryPoint","urlTemplate":"https:\/\/mandevillashop.com\/de\/?s={search_term_string}"},"query-input":{"@type":"PropertyValueSpecification","valueRequired":true,"valueName":"search_term_string"}}],"inLanguage":"de"},{"@type":"Organization","@id":"https:\/\/mandevillashop.com\/de\/#organization","name":"Mandevilla Shop","url":"https:\/\/mandevillashop.com\/de\/","logo":{"@type":"ImageObject","inLanguage":"de","@id":"https:\/\/mandevillashop.com\/de\/#\/schema\/logo\/image\/","url":"https:\/\/mandevillashop.com\/wp-content\/uploads\/2023\/07\/mandevilla-shop-zwart.svg","contentUrl":"https:\/\/mandevillashop.com\/wp-content\/uploads\/2023\/07\/mandevilla-shop-zwart.svg","caption":"Mandevilla Shop"},"image":{"@id":"https:\/\/mandevillashop.com\/de\/#\/schema\/logo\/image\/"}}]}},"_links":{"self":[{"href":"https:\/\/mandevillashop.com\/de\/wp-json\/wp\/v2\/pages\/6262","targetHints":{"allow":["GET"]}}],"collection":[{"href":"https:\/\/mandevillashop.com\/de\/wp-json\/wp\/v2\/pages"}],"about":[{"href":"https:\/\/mandevillashop.com\/de\/wp-json\/wp\/v2\/types\/page"}],"author":[{"embeddable":true,"href":"https:\/\/mandevillashop.com\/de\/wp-json\/wp\/v2\/users\/1"}],"replies":[{"embeddable":true,"href":"https:\/\/mandevillashop.com\/de\/wp-json\/wp\/v2\/comments?post=6262"}],"version-history":[{"count":4,"href":"https:\/\/mandevillashop.com\/de\/wp-json\/wp\/v2\/pages\/6262\/revisions"}],"predecessor-version":[{"id":8676,"href":"https:\/\/mandevillashop.com\/de\/wp-json\/wp\/v2\/pages\/6262\/revisions\/8676"}],"up":[{"embeddable":true,"href":"https:\/\/mandevillashop.com\/de\/wp-json\/wp\/v2\/pages\/6250"}],"wp:featuredmedia":[{"embeddable":true,"href":"https:\/\/mandevillashop.com\/de\/wp-json\/wp\/v2\/media\/5934"}],"wp:attachment":[{"href":"https:\/\/mandevillashop.com\/de\/wp-json\/wp\/v2\/media?parent=6262"}],"curies":[{"name":"wp","href":"https:\/\/api.w.org\/{rel}","templated":true}]}}