{"id":6269,"date":"2023-12-22T13:47:49","date_gmt":"2023-12-22T12:47:49","guid":{"rendered":"https:\/\/mandevillashop.com\/pflege\/insekten\/"},"modified":"2024-07-05T16:32:20","modified_gmt":"2024-07-05T14:32:20","slug":"insekten","status":"publish","type":"page","link":"https:\/\/mandevillashop.com\/de\/pflege\/insekten\/","title":{"rendered":"Insekten"},"content":{"rendered":"\t\t<div data-elementor-type=\"wp-page\" data-elementor-id=\"6269\" class=\"elementor elementor-6269 elementor-549\" data-elementor-post-type=\"page\">\n\t\t\t\t<div class=\"elementor-element elementor-element-6b59b1a1 e-flex e-con-boxed e-con e-parent\" data-id=\"6b59b1a1\" data-element_type=\"container\" data-e-type=\"container\">\n\t\t\t\t\t<div class=\"e-con-inner\">\n\t\t\t\t<div class=\"elementor-element elementor-element-4f58dcf1 elementor-widget elementor-widget-heading\" data-id=\"4f58dcf1\" data-element_type=\"widget\" data-e-type=\"widget\" data-widget_type=\"heading.default\">\n\t\t\t\t<div class=\"elementor-widget-container\">\n\t\t\t\t\t<h1 class=\"elementor-heading-title elementor-size-default\">Insekten in Ihrer Mandevilla?<\/h1>\t\t\t\t<\/div>\n\t\t\t\t<\/div>\n\t\t\t\t\t<\/div>\n\t\t\t\t<\/div>\n\t\t<div class=\"elementor-element elementor-element-15a6acea e-flex e-con-boxed e-con e-parent\" data-id=\"15a6acea\" data-element_type=\"container\" data-e-type=\"container\">\n\t\t\t\t\t<div class=\"e-con-inner\">\n\t\t<div class=\"elementor-element elementor-element-52326237 e-flex e-con-boxed e-con e-child\" data-id=\"52326237\" data-element_type=\"container\" data-e-type=\"container\">\n\t\t\t\t\t<div class=\"e-con-inner\">\n\t\t<div class=\"elementor-element elementor-element-7bcf7c14 e-flex e-con-boxed e-con e-child\" data-id=\"7bcf7c14\" data-element_type=\"container\" data-e-type=\"container\" data-settings=\"{&quot;background_background&quot;:&quot;classic&quot;}\">\n\t\t\t\t\t<div class=\"e-con-inner\">\n\t\t\t\t<div class=\"elementor-element elementor-element-158df5d elementor-widget elementor-widget-text-editor\" data-id=\"158df5d\" data-element_type=\"widget\" data-e-type=\"widget\" data-widget_type=\"text-editor.default\">\n\t\t\t\t<div class=\"elementor-widget-container\">\n\t\t\t\t\t\t\t\t\t<p><em>\u201eDie Mandevilla w\u00e4chst und bl\u00fcht in Ihrem Garten, was sie f\u00fcr Insekten, insbesondere f\u00fcr Blattl\u00e4use, attraktiv macht. Zum Gl\u00fcck lassen diese sich leicht entfernen. Wir erkl\u00e4ren Ihnen, wie das geht!\u201c<\/em><\/p>\n<p><em>Tim \u2013 Z\u00fcchtungsspezialist von Mandevillashop.com<\/em><\/p>\n\t\t\t\t\t\t\t\t<\/div>\n\t\t\t\t<\/div>\n\t\t\t\t\t<\/div>\n\t\t\t\t<\/div>\n\t\t\t\t\t<\/div>\n\t\t\t\t<\/div>\n\t\t\t\t\t<\/div>\n\t\t\t\t<\/div>\n\t\t<div class=\"elementor-element elementor-element-264305df e-flex e-con-boxed e-con e-parent\" data-id=\"264305df\" data-element_type=\"container\" data-e-type=\"container\">\n\t\t\t\t\t<div class=\"e-con-inner\">\n\t\t<div class=\"elementor-element elementor-element-6bb3967b e-flex e-con-boxed e-con e-child\" data-id=\"6bb3967b\" data-element_type=\"container\" data-e-type=\"container\">\n\t\t\t\t\t<div class=\"e-con-inner\">\n\t\t\t\t<div class=\"elementor-element elementor-element-0ed8a4f elementor-widget elementor-widget-heading\" data-id=\"0ed8a4f\" data-element_type=\"widget\" data-e-type=\"widget\" data-widget_type=\"heading.default\">\n\t\t\t\t<div class=\"elementor-widget-container\">\n\t\t\t\t\t<h4 class=\"elementor-heading-title elementor-size-default\">Befinden sich kleine Tierchen in Ihrer Mandevilla\/Dipladenia?<\/h4>\t\t\t\t<\/div>\n\t\t\t\t<\/div>\n\t\t\t\t<div class=\"elementor-element elementor-element-449403a6 elementor-widget elementor-widget-text-editor\" data-id=\"449403a6\" data-element_type=\"widget\" data-e-type=\"widget\" data-widget_type=\"text-editor.default\">\n\t\t\t\t<div class=\"elementor-widget-container\">\n\t\t\t\t\t\t\t\t\t<p>Dann k\u00f6nnen Sie davon ausgehen, dass es sich um Blattl\u00e4use handelt. Blattl\u00e4use erkennt man daran, dass sich viele Tiere konzentriert an einer Stelle aufhalten und sich langsam bewegen. Man sieht sie haupts\u00e4chlich an der Spitze der Pflanze. Es gibt sie in verschiedenen Farben: gelb, schwarz, gr\u00fcn und\/oder braun. Auch wenn Sie pl\u00f6tzlich viele Marienk\u00e4fer oder Ameisen in der N\u00e4he Ihrer Mandevilla beobachten, k\u00f6nnte das ein Anzeichen f\u00fcr die Anwesenheit von L\u00e4usen sein.<\/p>\n\t\t\t\t\t\t\t\t<\/div>\n\t\t\t\t<\/div>\n\t\t\t\t<div class=\"elementor-element elementor-element-5fc118b9 elementor-widget elementor-widget-heading\" data-id=\"5fc118b9\" data-element_type=\"widget\" data-e-type=\"widget\" data-widget_type=\"heading.default\">\n\t\t\t\t<div class=\"elementor-widget-container\">\n\t\t\t\t\t<h4 class=\"elementor-heading-title elementor-size-default\">Was k\u00f6nnen Sie gegen Blattl\u00e4use auf Ihrer Mandevilla tun?<\/h4>\t\t\t\t<\/div>\n\t\t\t\t<\/div>\n\t\t\t\t<div class=\"elementor-element elementor-element-69015898 elementor-widget elementor-widget-text-editor\" data-id=\"69015898\" data-element_type=\"widget\" data-e-type=\"widget\" data-widget_type=\"text-editor.default\">\n\t\t\t\t<div class=\"elementor-widget-container\">\n\t\t\t\t\t\t\t\t\t<p>Wenn Sie festgestellt haben, dass Ihre Mandevilla unter L\u00e4usen leidet, sollten Sie die folgenden Tipps zur Bek\u00e4mpfung der L\u00e4use befolgen:<\/p><ol><li>Sorgen Sie daf\u00fcr, dass die Blattlaus sich nicht auf andere Pflanzen ausbreiten kann, z. B. indem Sie die Pflanze separieren.<\/li><li>Beseitigen Sie so viele L\u00e4use wie m\u00f6glich von Hand. Sie k\u00f6nnen einen Teil der Pflanze abschneiden, wenn dieser stark befallen ist.<\/li><li>Achten Sie darauf, dass die Pflanze an einem windgesch\u00fctzten Ort steht.<\/li><li>Der beste Zeitpunkt f\u00fcr eine Behandlung Ihrer Pflanze (mit unserem nat\u00fcrlichen\u00a0<em><a href=\"https:\/\/mandevillashop.com\/product\/natuurlijke-insectenspray\/\">Insektenspray<\/a>)<\/em> ist ein trockener (nicht zu hei\u00dfer) Tag, vorzugsweise morgens<\/li><li>\u00dcberpr\u00fcfen Sie zun\u00e4chst, ob die Bl\u00e4tter trocken sind.<\/li><li>Verwenden Sie das Pestizid nur an den befallenen Pflanzenteilen.<\/li><li>Versuchen Sie zu vermeiden, dass die Bl\u00fcten mit dem Pestizid in Kontakt kommen.<\/li><li>Befolgen Sie die Anweisungen auf der Verpackung des Pestizids.<\/li><li>Wiederholen Sie diese Schritte mindestens einmal w\u00f6chentlich, bis die L\u00e4use verschwunden sind.<\/li><\/ol>\t\t\t\t\t\t\t\t<\/div>\n\t\t\t\t<\/div>\n\t\t\t\t<div class=\"elementor-element elementor-element-11af65e1 elementor-widget elementor-widget-heading\" data-id=\"11af65e1\" data-element_type=\"widget\" data-e-type=\"widget\" data-widget_type=\"heading.default\">\n\t\t\t\t<div class=\"elementor-widget-container\">\n\t\t\t\t\t<h4 class=\"elementor-heading-title elementor-size-default\">Welches Mittel ist wirksam gegen Blattl\u00e4use?<\/h4>\t\t\t\t<\/div>\n\t\t\t\t<\/div>\n\t\t\t\t<div class=\"elementor-element elementor-element-4ccc6eef elementor-widget elementor-widget-text-editor\" data-id=\"4ccc6eef\" data-element_type=\"widget\" data-e-type=\"widget\" data-widget_type=\"text-editor.default\">\n\t\t\t\t<div class=\"elementor-widget-container\">\n\t\t\t\t\t\t\t\t\t<p>Auf dem Markt gibt es viele Mittel, die gegen Blattl\u00e4use helfen k\u00f6nnen. Bio-Produkte sind zu bevorzugen, einfach weil diese besser sind f\u00fcr die Umwelt. Wir haben verschiedene Produkte f\u00fcr Sie getestet und k\u00f6nnen Savon Noir Jardin (von der Marke Marius Fabre) empfehlen. Ein wirksames Mittel aus schwarzer Seife, ohne Zusatz von Giftstoffen. Das Mittel sorgt daf\u00fcr, dass die Blattlaus austrocknet.<\/p>\n\t\t\t\t\t\t\t\t<\/div>\n\t\t\t\t<\/div>\n\t\t\t\t<div class=\"elementor-element elementor-element-663bbca elementor-widget elementor-widget-heading\" data-id=\"663bbca\" data-element_type=\"widget\" data-e-type=\"widget\" data-widget_type=\"heading.default\">\n\t\t\t\t<div class=\"elementor-widget-container\">\n\t\t\t\t\t<h4 class=\"elementor-heading-title elementor-size-default\">Hat es funktioniert?<\/h4>\t\t\t\t<\/div>\n\t\t\t\t<\/div>\n\t\t\t\t<div class=\"elementor-element elementor-element-b9ff9c5 elementor-widget elementor-widget-text-editor\" data-id=\"b9ff9c5\" data-element_type=\"widget\" data-e-type=\"widget\" data-widget_type=\"text-editor.default\">\n\t\t\t\t<div class=\"elementor-widget-container\">\n\t\t\t\t\t\t\t\t\t<p>Sehen Sie wei\u00dfe H\u00e4utchen an der Pflanze? Dann wissen Sie, dass die Behandlung Effekt hat. Die L\u00e4use hinterlassen n\u00e4mlich eine wei\u00dfe Haut, wenn sie ausgetrocknet sind.<\/p>\n<p>&nbsp;<\/p>\n\t\t\t\t\t\t\t\t<\/div>\n\t\t\t\t<\/div>\n\t\t\t\t\t<\/div>\n\t\t\t\t<\/div>\n\t\t\t\t\t<\/div>\n\t\t\t\t<\/div>\n\t\t\t\t<\/div>\n\t\t","protected":false},"excerpt":{"rendered":"<p>Insekten in Ihrer Mandevilla? \u201eDie Mandevilla w\u00e4chst und bl\u00fcht in Ihrem Garten, was sie f\u00fcr Insekten, insbesondere f\u00fcr Blattl\u00e4use, attraktiv macht. Zum Gl\u00fcck lassen diese sich leicht entfernen. Wir erkl\u00e4ren Ihnen, wie das geht!\u201c Tim \u2013 Z\u00fcchtungsspezialist von Mandevillashop.com Befinden sich kleine Tierchen in Ihrer Mandevilla\/Dipladenia? Dann k\u00f6nnen Sie davon ausgehen, dass es sich um<\/p>\n","protected":false},"author":1,"featured_media":6147,"parent":6250,"menu_order":0,"comment_status":"closed","ping_status":"closed","template":"","meta":{"_acf_changed":false,"footnotes":""},"class_list":["post-6269","page","type-page","status-publish","has-post-thumbnail","hentry"],"acf":[],"yoast_head":"<!-- This site is optimized with the Yoast SEO plugin v27.4 - https:\/\/yoast.com\/product\/yoast-seo-wordpress\/ -->\n<title>Insekten - Mandevillashop<\/title>\n<meta name=\"description\" content=\"Haben Sie Insekten in Ihrer Mandevilla entdeckt? Sie sind attraktiv f\u00fcr Blattl\u00e4use. Mit unseren Tipps sind sie im Handumdrehen verschwunden\" \/>\n<meta name=\"robots\" content=\"index, follow, max-snippet:-1, max-image-preview:large, max-video-preview:-1\" \/>\n<link rel=\"canonical\" href=\"https:\/\/mandevillashop.com\/de\/pflege\/insekten\/\" \/>\n<meta property=\"og:locale\" content=\"de_DE\" \/>\n<meta property=\"og:type\" content=\"article\" \/>\n<meta property=\"og:title\" content=\"Insekten - Mandevillashop\" \/>\n<meta property=\"og:description\" content=\"Haben Sie Insekten in Ihrer Mandevilla entdeckt? Sie sind attraktiv f\u00fcr Blattl\u00e4use. Mit unseren Tipps sind sie im Handumdrehen verschwunden\" \/>\n<meta property=\"og:url\" content=\"https:\/\/mandevillashop.com\/de\/pflege\/insekten\/\" \/>\n<meta property=\"og:site_name\" content=\"Mandevillashop\" \/>\n<meta property=\"article:modified_time\" content=\"2024-07-05T14:32:20+00:00\" \/>\n<meta property=\"og:image\" content=\"https:\/\/mandevillashop.com\/wp-content\/uploads\/2024\/01\/20220809-Beautyplants-8437-3-Web-scaled-25.jpg\" \/>\n\t<meta property=\"og:image:width\" content=\"1708\" \/>\n\t<meta property=\"og:image:height\" content=\"2560\" \/>\n\t<meta property=\"og:image:type\" content=\"image\/jpeg\" \/>\n<meta name=\"twitter:card\" content=\"summary_large_image\" \/>\n<meta name=\"twitter:label1\" content=\"Gesch\u00e4tzte Lesezeit\" \/>\n\t<meta name=\"twitter:data1\" content=\"3\u00a0Minuten\" \/>\n<script type=\"application\/ld+json\" class=\"yoast-schema-graph\">{\"@context\":\"https:\\\/\\\/schema.org\",\"@graph\":[{\"@type\":\"WebPage\",\"@id\":\"https:\\\/\\\/mandevillashop.com\\\/de\\\/pflege\\\/insekten\\\/\",\"url\":\"https:\\\/\\\/mandevillashop.com\\\/de\\\/pflege\\\/insekten\\\/\",\"name\":\"Insekten - Mandevillashop\",\"isPartOf\":{\"@id\":\"https:\\\/\\\/mandevillashop.com\\\/de\\\/#website\"},\"primaryImageOfPage\":{\"@id\":\"https:\\\/\\\/mandevillashop.com\\\/de\\\/pflege\\\/insekten\\\/#primaryimage\"},\"image\":{\"@id\":\"https:\\\/\\\/mandevillashop.com\\\/de\\\/pflege\\\/insekten\\\/#primaryimage\"},\"thumbnailUrl\":\"https:\\\/\\\/mandevillashop.com\\\/wp-content\\\/uploads\\\/2024\\\/01\\\/20220809-Beautyplants-8437-3-Web-scaled-25.jpg\",\"datePublished\":\"2023-12-22T12:47:49+00:00\",\"dateModified\":\"2024-07-05T14:32:20+00:00\",\"description\":\"Haben Sie Insekten in Ihrer Mandevilla entdeckt? Sie sind attraktiv f\u00fcr Blattl\u00e4use. Mit unseren Tipps sind sie im Handumdrehen verschwunden\",\"breadcrumb\":{\"@id\":\"https:\\\/\\\/mandevillashop.com\\\/de\\\/pflege\\\/insekten\\\/#breadcrumb\"},\"inLanguage\":\"de\",\"potentialAction\":[{\"@type\":\"ReadAction\",\"target\":[\"https:\\\/\\\/mandevillashop.com\\\/de\\\/pflege\\\/insekten\\\/\"]}]},{\"@type\":\"ImageObject\",\"inLanguage\":\"de\",\"@id\":\"https:\\\/\\\/mandevillashop.com\\\/de\\\/pflege\\\/insekten\\\/#primaryimage\",\"url\":\"https:\\\/\\\/mandevillashop.com\\\/wp-content\\\/uploads\\\/2024\\\/01\\\/20220809-Beautyplants-8437-3-Web-scaled-25.jpg\",\"contentUrl\":\"https:\\\/\\\/mandevillashop.com\\\/wp-content\\\/uploads\\\/2024\\\/01\\\/20220809-Beautyplants-8437-3-Web-scaled-25.jpg\",\"width\":1708,\"height\":2560},{\"@type\":\"BreadcrumbList\",\"@id\":\"https:\\\/\\\/mandevillashop.com\\\/de\\\/pflege\\\/insekten\\\/#breadcrumb\",\"itemListElement\":[{\"@type\":\"ListItem\",\"position\":1,\"name\":\"Home\",\"item\":\"https:\\\/\\\/mandevillashop.com\\\/de\\\/\"},{\"@type\":\"ListItem\",\"position\":2,\"name\":\"Pflege\",\"item\":\"https:\\\/\\\/mandevillashop.com\\\/de\\\/verzorging\\\/\"},{\"@type\":\"ListItem\",\"position\":3,\"name\":\"Insekten\"}]},{\"@type\":\"WebSite\",\"@id\":\"https:\\\/\\\/mandevillashop.com\\\/de\\\/#website\",\"url\":\"https:\\\/\\\/mandevillashop.com\\\/de\\\/\",\"name\":\"Mandevillashop\",\"description\":\"De Mandevilla Specialist\",\"publisher\":{\"@id\":\"https:\\\/\\\/mandevillashop.com\\\/de\\\/#organization\"},\"potentialAction\":[{\"@type\":\"SearchAction\",\"target\":{\"@type\":\"EntryPoint\",\"urlTemplate\":\"https:\\\/\\\/mandevillashop.com\\\/de\\\/?s={search_term_string}\"},\"query-input\":{\"@type\":\"PropertyValueSpecification\",\"valueRequired\":true,\"valueName\":\"search_term_string\"}}],\"inLanguage\":\"de\"},{\"@type\":\"Organization\",\"@id\":\"https:\\\/\\\/mandevillashop.com\\\/de\\\/#organization\",\"name\":\"Mandevilla Shop\",\"url\":\"https:\\\/\\\/mandevillashop.com\\\/de\\\/\",\"logo\":{\"@type\":\"ImageObject\",\"inLanguage\":\"de\",\"@id\":\"https:\\\/\\\/mandevillashop.com\\\/de\\\/#\\\/schema\\\/logo\\\/image\\\/\",\"url\":\"https:\\\/\\\/mandevillashop.com\\\/wp-content\\\/uploads\\\/2023\\\/07\\\/mandevilla-shop-zwart.svg\",\"contentUrl\":\"https:\\\/\\\/mandevillashop.com\\\/wp-content\\\/uploads\\\/2023\\\/07\\\/mandevilla-shop-zwart.svg\",\"caption\":\"Mandevilla Shop\"},\"image\":{\"@id\":\"https:\\\/\\\/mandevillashop.com\\\/de\\\/#\\\/schema\\\/logo\\\/image\\\/\"}}]}<\/script>\n<!-- \/ Yoast SEO plugin. -->","yoast_head_json":{"title":"Insekten - Mandevillashop","description":"Haben Sie Insekten in Ihrer Mandevilla entdeckt? Sie sind attraktiv f\u00fcr Blattl\u00e4use. Mit unseren Tipps sind sie im Handumdrehen verschwunden","robots":{"index":"index","follow":"follow","max-snippet":"max-snippet:-1","max-image-preview":"max-image-preview:large","max-video-preview":"max-video-preview:-1"},"canonical":"https:\/\/mandevillashop.com\/de\/pflege\/insekten\/","og_locale":"de_DE","og_type":"article","og_title":"Insekten - Mandevillashop","og_description":"Haben Sie Insekten in Ihrer Mandevilla entdeckt? Sie sind attraktiv f\u00fcr Blattl\u00e4use. Mit unseren Tipps sind sie im Handumdrehen verschwunden","og_url":"https:\/\/mandevillashop.com\/de\/pflege\/insekten\/","og_site_name":"Mandevillashop","article_modified_time":"2024-07-05T14:32:20+00:00","og_image":[{"width":1708,"height":2560,"url":"https:\/\/mandevillashop.com\/wp-content\/uploads\/2024\/01\/20220809-Beautyplants-8437-3-Web-scaled-25.jpg","type":"image\/jpeg"}],"twitter_card":"summary_large_image","twitter_misc":{"Gesch\u00e4tzte Lesezeit":"3\u00a0Minuten"},"schema":{"@context":"https:\/\/schema.org","@graph":[{"@type":"WebPage","@id":"https:\/\/mandevillashop.com\/de\/pflege\/insekten\/","url":"https:\/\/mandevillashop.com\/de\/pflege\/insekten\/","name":"Insekten - Mandevillashop","isPartOf":{"@id":"https:\/\/mandevillashop.com\/de\/#website"},"primaryImageOfPage":{"@id":"https:\/\/mandevillashop.com\/de\/pflege\/insekten\/#primaryimage"},"image":{"@id":"https:\/\/mandevillashop.com\/de\/pflege\/insekten\/#primaryimage"},"thumbnailUrl":"https:\/\/mandevillashop.com\/wp-content\/uploads\/2024\/01\/20220809-Beautyplants-8437-3-Web-scaled-25.jpg","datePublished":"2023-12-22T12:47:49+00:00","dateModified":"2024-07-05T14:32:20+00:00","description":"Haben Sie Insekten in Ihrer Mandevilla entdeckt? Sie sind attraktiv f\u00fcr Blattl\u00e4use. Mit unseren Tipps sind sie im Handumdrehen verschwunden","breadcrumb":{"@id":"https:\/\/mandevillashop.com\/de\/pflege\/insekten\/#breadcrumb"},"inLanguage":"de","potentialAction":[{"@type":"ReadAction","target":["https:\/\/mandevillashop.com\/de\/pflege\/insekten\/"]}]},{"@type":"ImageObject","inLanguage":"de","@id":"https:\/\/mandevillashop.com\/de\/pflege\/insekten\/#primaryimage","url":"https:\/\/mandevillashop.com\/wp-content\/uploads\/2024\/01\/20220809-Beautyplants-8437-3-Web-scaled-25.jpg","contentUrl":"https:\/\/mandevillashop.com\/wp-content\/uploads\/2024\/01\/20220809-Beautyplants-8437-3-Web-scaled-25.jpg","width":1708,"height":2560},{"@type":"BreadcrumbList","@id":"https:\/\/mandevillashop.com\/de\/pflege\/insekten\/#breadcrumb","itemListElement":[{"@type":"ListItem","position":1,"name":"Home","item":"https:\/\/mandevillashop.com\/de\/"},{"@type":"ListItem","position":2,"name":"Pflege","item":"https:\/\/mandevillashop.com\/de\/verzorging\/"},{"@type":"ListItem","position":3,"name":"Insekten"}]},{"@type":"WebSite","@id":"https:\/\/mandevillashop.com\/de\/#website","url":"https:\/\/mandevillashop.com\/de\/","name":"Mandevillashop","description":"De Mandevilla Specialist","publisher":{"@id":"https:\/\/mandevillashop.com\/de\/#organization"},"potentialAction":[{"@type":"SearchAction","target":{"@type":"EntryPoint","urlTemplate":"https:\/\/mandevillashop.com\/de\/?s={search_term_string}"},"query-input":{"@type":"PropertyValueSpecification","valueRequired":true,"valueName":"search_term_string"}}],"inLanguage":"de"},{"@type":"Organization","@id":"https:\/\/mandevillashop.com\/de\/#organization","name":"Mandevilla Shop","url":"https:\/\/mandevillashop.com\/de\/","logo":{"@type":"ImageObject","inLanguage":"de","@id":"https:\/\/mandevillashop.com\/de\/#\/schema\/logo\/image\/","url":"https:\/\/mandevillashop.com\/wp-content\/uploads\/2023\/07\/mandevilla-shop-zwart.svg","contentUrl":"https:\/\/mandevillashop.com\/wp-content\/uploads\/2023\/07\/mandevilla-shop-zwart.svg","caption":"Mandevilla Shop"},"image":{"@id":"https:\/\/mandevillashop.com\/de\/#\/schema\/logo\/image\/"}}]}},"_links":{"self":[{"href":"https:\/\/mandevillashop.com\/de\/wp-json\/wp\/v2\/pages\/6269","targetHints":{"allow":["GET"]}}],"collection":[{"href":"https:\/\/mandevillashop.com\/de\/wp-json\/wp\/v2\/pages"}],"about":[{"href":"https:\/\/mandevillashop.com\/de\/wp-json\/wp\/v2\/types\/page"}],"author":[{"embeddable":true,"href":"https:\/\/mandevillashop.com\/de\/wp-json\/wp\/v2\/users\/1"}],"replies":[{"embeddable":true,"href":"https:\/\/mandevillashop.com\/de\/wp-json\/wp\/v2\/comments?post=6269"}],"version-history":[{"count":4,"href":"https:\/\/mandevillashop.com\/de\/wp-json\/wp\/v2\/pages\/6269\/revisions"}],"predecessor-version":[{"id":8679,"href":"https:\/\/mandevillashop.com\/de\/wp-json\/wp\/v2\/pages\/6269\/revisions\/8679"}],"up":[{"embeddable":true,"href":"https:\/\/mandevillashop.com\/de\/wp-json\/wp\/v2\/pages\/6250"}],"wp:featuredmedia":[{"embeddable":true,"href":"https:\/\/mandevillashop.com\/de\/wp-json\/wp\/v2\/media\/6147"}],"wp:attachment":[{"href":"https:\/\/mandevillashop.com\/de\/wp-json\/wp\/v2\/media?parent=6269"}],"curies":[{"name":"wp","href":"https:\/\/api.w.org\/{rel}","templated":true}]}}