{"id":6278,"date":"2024-01-03T09:28:06","date_gmt":"2024-01-03T08:28:06","guid":{"rendered":"https:\/\/mandevillashop.com\/pflege\/mandevilla-steckelinge\/"},"modified":"2024-02-06T14:03:29","modified_gmt":"2024-02-06T14:03:29","slug":"mandevilla-steckelinge","status":"publish","type":"page","link":"https:\/\/mandevillashop.com\/de\/pflege\/mandevilla-steckelinge\/","title":{"rendered":"Mandevilla Steckelinge"},"content":{"rendered":"\t\t<div data-elementor-type=\"wp-page\" data-elementor-id=\"6278\" class=\"elementor elementor-6278 elementor-582\" data-elementor-post-type=\"page\">\n\t\t\t\t<div class=\"elementor-element elementor-element-7b4ff7f4 e-flex e-con-boxed e-con e-parent\" data-id=\"7b4ff7f4\" data-element_type=\"container\">\n\t\t\t\t\t<div class=\"e-con-inner\">\n\t\t\t\t<div class=\"elementor-element elementor-element-75831dcf elementor-widget elementor-widget-heading\" data-id=\"75831dcf\" data-element_type=\"widget\" data-widget_type=\"heading.default\">\n\t\t\t\t<div class=\"elementor-widget-container\">\n\t\t\t\t\t<h1 class=\"elementor-heading-title elementor-size-default\">Los geht\u2018s: Ihre Mandevilla selbst mit Stecklingen vermehren!<\/h1>\t\t\t\t<\/div>\n\t\t\t\t<\/div>\n\t\t\t\t\t<\/div>\n\t\t\t\t<\/div>\n\t\t<div class=\"elementor-element elementor-element-5b08c6b9 e-flex e-con-boxed e-con e-parent\" data-id=\"5b08c6b9\" data-element_type=\"container\">\n\t\t\t\t\t<div class=\"e-con-inner\">\n\t\t<div class=\"elementor-element elementor-element-7b72b60b e-flex e-con-boxed e-con e-child\" data-id=\"7b72b60b\" data-element_type=\"container\">\n\t\t\t\t\t<div class=\"e-con-inner\">\n\t\t<div class=\"elementor-element elementor-element-701deb22 e-flex e-con-boxed e-con e-child\" data-id=\"701deb22\" data-element_type=\"container\" data-settings=\"{&quot;background_background&quot;:&quot;classic&quot;}\">\n\t\t\t\t\t<div class=\"e-con-inner\">\n\t\t\t\t<div class=\"elementor-element elementor-element-5b119562 elementor-widget elementor-widget-text-editor\" data-id=\"5b119562\" data-element_type=\"widget\" data-widget_type=\"text-editor.default\">\n\t\t\t\t<div class=\"elementor-widget-container\">\n\t\t\t\t\t\t\t\t\t<p><em>\u201eSind Sie ein echter Mandevilla-Fan, haben Sie einen gr\u00fcnen Daumen und m\u00f6chten Sie noch mehr aus Ihrer Pflanze herausholen? Kein Problem! Es ist nicht so einfach, aber Sie k\u00f6nnen Mandevilla mithilfe von Stecklingen vermehren. Nehmen Sie die Herausforderung an? Wir unterst\u00fctzen Sie mit unseren Mandevilla-Stecklingstipps. Folgen Sie den nachfolgenden Schritten, auf geht\u2018s! \u201c<\/em><\/p>\n<p><em>Tim \u2013 Z\u00fcchtungsspezialist von Mandevillashop.com<\/em><\/p>\n\t\t\t\t\t\t\t\t<\/div>\n\t\t\t\t<\/div>\n\t\t\t\t\t<\/div>\n\t\t\t\t<\/div>\n\t\t\t\t\t<\/div>\n\t\t\t\t<\/div>\n\t\t\t\t\t<\/div>\n\t\t\t\t<\/div>\n\t\t<div class=\"elementor-element elementor-element-699d02c5 e-flex e-con-boxed e-con e-parent\" data-id=\"699d02c5\" data-element_type=\"container\">\n\t\t\t\t\t<div class=\"e-con-inner\">\n\t\t<div class=\"elementor-element elementor-element-7479918f e-flex e-con-boxed e-con e-child\" data-id=\"7479918f\" data-element_type=\"container\">\n\t\t\t\t\t<div class=\"e-con-inner\">\n\t\t\t\t<div class=\"elementor-element elementor-element-5c57779 elementor-widget elementor-widget-text-editor\" data-id=\"5c57779\" data-element_type=\"widget\" data-widget_type=\"text-editor.default\">\n\t\t\t\t<div class=\"elementor-widget-container\">\n\t\t\t\t\t\t\t\t\t<p>Die beste Zeit f\u00fcr Mandevilla-Stecklinge ist der Juni. Der wechselhafte Fr\u00fchling ist dann bereits vorbei und der Sommer steht vor der T\u00fcr!<\/p>\n\t\t\t\t\t\t\t\t<\/div>\n\t\t\t\t<\/div>\n\t\t\t\t<div class=\"elementor-element elementor-element-5b576e9f elementor-widget elementor-widget-heading\" data-id=\"5b576e9f\" data-element_type=\"widget\" data-widget_type=\"heading.default\">\n\t\t\t\t<div class=\"elementor-widget-container\">\n\t\t\t\t\t<h4 class=\"elementor-heading-title elementor-size-default\">1. Was ben\u00f6tigen Sie?<\/h4>\t\t\t\t<\/div>\n\t\t\t\t<\/div>\n\t\t\t\t<div class=\"elementor-element elementor-element-4eaf58ce elementor-widget elementor-widget-text-editor\" data-id=\"4eaf58ce\" data-element_type=\"widget\" data-widget_type=\"text-editor.default\">\n\t\t\t\t<div class=\"elementor-widget-container\">\n\t\t\t\t\t\t\t\t\t<ul>\n<li>Einen Eierkarton,<\/li>\n<li>Topferde (so luftig m\u00f6glich)<\/li>\n<li>Plastikt\u00fcte oder ein St\u00fcck Plastik<\/li>\n<\/ul>\n\t\t\t\t\t\t\t\t<\/div>\n\t\t\t\t<\/div>\n\t\t\t\t<div class=\"elementor-element elementor-element-107c42 elementor-widget elementor-widget-heading\" data-id=\"107c42\" data-element_type=\"widget\" data-widget_type=\"heading.default\">\n\t\t\t\t<div class=\"elementor-widget-container\">\n\t\t\t\t\t<h4 class=\"elementor-heading-title elementor-size-default\">2. Los geht\u2018s<\/h4>\t\t\t\t<\/div>\n\t\t\t\t<\/div>\n\t\t\t\t<div class=\"elementor-element elementor-element-bd8753b elementor-widget elementor-widget-text-editor\" data-id=\"bd8753b\" data-element_type=\"widget\" data-widget_type=\"text-editor.default\">\n\t\t\t\t<div class=\"elementor-widget-container\">\n\t\t\t\t\t\t\t\t\t<p>Suchen Sie das Ende eines Triebes Ihrer Mandevilla und schneiden Sie davon Ihren Steckling ab. Nehmen Sie einen etwa 6 cm langen Steckling mit etwa einem ausgewachsenen Blattpaar und befolgen Sie folgende Schritte:<\/p>\n<ul>\n<li>Schneiden Sie die Bl\u00fctentraube vom Steckling ab.<\/li>\n<li>Nehmen Sie mehrere Stecklinge, da die Wahrscheinlichkeit gro\u00df ist, dass einige von ihnen die Prozedur nicht \u00fcberleben werden.<\/li>\n<li>F\u00fcllen Sie die L\u00f6cher des Eierkartons mit Topferde und befeuchten Sie diese mit einer Pflanzenspritze.<\/li>\n<li>F\u00fcllen Sie jedes Fach des Eierkartons mit einem Steckling. Achten Sie darauf, dass Sie den Steckling nur mit dem Stiel in die Erde stecken.<\/li>\n<li>Stecken Sie den Eierkarton in eine Plastikt\u00fcte und verschlie\u00dfen Sie sie. Und schon haben Sie Ihr eigenes Gew\u00e4chshaus gezaubert!<\/li>\n<\/ul>\n\t\t\t\t\t\t\t\t<\/div>\n\t\t\t\t<\/div>\n\t\t\t\t<div class=\"elementor-element elementor-element-6aef4a7 elementor-widget elementor-widget-image-gallery\" data-id=\"6aef4a7\" data-element_type=\"widget\" data-widget_type=\"image-gallery.default\">\n\t\t\t\t<div class=\"elementor-widget-container\">\n\t\t\t\t\t\t\t<div class=\"elementor-image-gallery\">\n\t\t\t<div id='gallery-1' class='gallery galleryid-6278 gallery-columns-2 gallery-size-large'><figure class='gallery-item'>\n\t\t\t<div class='gallery-icon landscape'>\n\t\t\t\t<a data-elementor-open-lightbox=\"yes\" data-elementor-lightbox-slideshow=\"6aef4a7\" data-elementor-lightbox-title=\"mandevilla-stek2\" data-e-action-hash=\"#elementor-action%3Aaction%3Dlightbox%26settings%3DeyJpZCI6MjY4OSwidXJsIjoiaHR0cHM6XC9cL21hbmRldmlsbGFzaG9wLmNvbVwvd3AtY29udGVudFwvdXBsb2Fkc1wvMjAyNFwvMDFcL21hbmRldmlsbGEtc3RlazIud2VicCIsInNsaWRlc2hvdyI6IjZhZWY0YTcifQ%3D%3D\" href='https:\/\/mandevillashop.com\/wp-content\/uploads\/2024\/01\/mandevilla-stek2.webp'><img fetchpriority=\"high\" decoding=\"async\" width=\"1024\" height=\"683\" src=\"https:\/\/mandevillashop.com\/wp-content\/uploads\/2024\/01\/mandevilla-stek2-1024x683.webp\" class=\"attachment-large size-large\" alt=\"\" srcset=\"https:\/\/mandevillashop.com\/wp-content\/uploads\/2024\/01\/mandevilla-stek2-1024x683.webp 1024w, https:\/\/mandevillashop.com\/wp-content\/uploads\/2024\/01\/mandevilla-stek2-300x200.webp 300w, https:\/\/mandevillashop.com\/wp-content\/uploads\/2024\/01\/mandevilla-stek2-768x512.webp 768w, https:\/\/mandevillashop.com\/wp-content\/uploads\/2024\/01\/mandevilla-stek2-600x400.webp 600w, https:\/\/mandevillashop.com\/wp-content\/uploads\/2024\/01\/mandevilla-stek2.webp 1200w\" sizes=\"(max-width: 1024px) 100vw, 1024px\" \/><\/a>\n\t\t\t<\/div><\/figure><figure class='gallery-item'>\n\t\t\t<div class='gallery-icon landscape'>\n\t\t\t\t<a data-elementor-open-lightbox=\"yes\" data-elementor-lightbox-slideshow=\"6aef4a7\" data-elementor-lightbox-title=\"mandevilla-stek\" data-e-action-hash=\"#elementor-action%3Aaction%3Dlightbox%26settings%3DeyJpZCI6MjY5MiwidXJsIjoiaHR0cHM6XC9cL21hbmRldmlsbGFzaG9wLmNvbVwvd3AtY29udGVudFwvdXBsb2Fkc1wvMjAyNFwvMDFcL21hbmRldmlsbGEtc3Rlay53ZWJwIiwic2xpZGVzaG93IjoiNmFlZjRhNyJ9\" href='https:\/\/mandevillashop.com\/wp-content\/uploads\/2024\/01\/mandevilla-stek.webp'><img decoding=\"async\" width=\"1024\" height=\"683\" src=\"https:\/\/mandevillashop.com\/wp-content\/uploads\/2024\/01\/mandevilla-stek-1024x683.webp\" class=\"attachment-large size-large\" alt=\"\" srcset=\"https:\/\/mandevillashop.com\/wp-content\/uploads\/2024\/01\/mandevilla-stek-1024x683.webp 1024w, https:\/\/mandevillashop.com\/wp-content\/uploads\/2024\/01\/mandevilla-stek-300x200.webp 300w, https:\/\/mandevillashop.com\/wp-content\/uploads\/2024\/01\/mandevilla-stek-768x512.webp 768w, https:\/\/mandevillashop.com\/wp-content\/uploads\/2024\/01\/mandevilla-stek-600x400.webp 600w, https:\/\/mandevillashop.com\/wp-content\/uploads\/2024\/01\/mandevilla-stek.webp 1200w\" sizes=\"(max-width: 1024px) 100vw, 1024px\" \/><\/a>\n\t\t\t<\/div><\/figure>\n\t\t<\/div>\n\t\t<\/div>\n\t\t\t\t\t\t<\/div>\n\t\t\t\t<\/div>\n\t\t\t\t<div class=\"elementor-element elementor-element-4bc0e75 elementor-widget elementor-widget-heading\" data-id=\"4bc0e75\" data-element_type=\"widget\" data-widget_type=\"heading.default\">\n\t\t\t\t<div class=\"elementor-widget-container\">\n\t\t\t\t\t<h4 class=\"elementor-heading-title elementor-size-default\">3. Pflege<\/h4>\t\t\t\t<\/div>\n\t\t\t\t<\/div>\n\t\t\t\t<div class=\"elementor-element elementor-element-84402d2 elementor-widget elementor-widget-text-editor\" data-id=\"84402d2\" data-element_type=\"widget\" data-widget_type=\"text-editor.default\">\n\t\t\t\t<div class=\"elementor-widget-container\">\n\t\t\t\t\t\t\t\t\t<p>Stellen Sie Ihr kleines Gew\u00e4chshaus drau\u00dfen an einem warmen, aber schattigen Ort auf. Kontrollieren Sie t\u00e4glich, wie es Ihren Stecklingen geht; ist die Blumenerde leicht feucht? Dann ist alles in Ordnung! Sehen Sie Kondenswasser an der T\u00fctenwand? Dann sollten Sie Ihr kleines Gew\u00e4chshaus f\u00fcr eine Weile (eine halbe Stunde) \u00fcber einen kleinen Spalt l\u00fcften. Seien Sie beim Gie\u00dfen sehr vorsichtig; zu viel Wasser f\u00fchrt dazu, dass die Stecklinge verfaulen und dann absterben. Keine Sorge, versuchen Sie es einfach noch einmal, dann aber mit deutlich weniger Wasser; solange, bis es Ihnen gelingt.<\/p>\n\t\t\t\t\t\t\t\t<\/div>\n\t\t\t\t<\/div>\n\t\t\t\t<div class=\"elementor-element elementor-element-c8e9582 elementor-widget elementor-widget-heading\" data-id=\"c8e9582\" data-element_type=\"widget\" data-widget_type=\"heading.default\">\n\t\t\t\t<div class=\"elementor-widget-container\">\n\t\t\t\t\t<h4 class=\"elementor-heading-title elementor-size-default\">Nach zwei Wochen\u2026<\/h4>\t\t\t\t<\/div>\n\t\t\t\t<\/div>\n\t\t\t\t<div class=\"elementor-element elementor-element-92099da elementor-widget elementor-widget-text-editor\" data-id=\"92099da\" data-element_type=\"widget\" data-widget_type=\"text-editor.default\">\n\t\t\t\t<div class=\"elementor-widget-container\">\n\t\t\t\t\t\t\t\t\t<p>\u00dcberpr\u00fcfen Sie, wie der Steckling aussieht: Nehmen Sie ihn aus der Topferde und sehen Sie sich die Unterseite des St\u00e4ngels an. Und? Sehen Sie schon eine Verdickung oder sogar eine kleine Wurzel? Dann k\u00f6nnen Sie die T\u00fcte einen Tag lang ein klein wenig ge\u00f6ffnet lassen. \u00d6ffnen Sie die T\u00fcte am zweiten Tag vollst\u00e4ndig, und entfernen Sie sie am dritten Tag komplett. Wichtig: Bewahren Sie den Steckling noch eine Weile im Schatten. Jetzt sollten Sie auch \u00f6fter gie\u00dfen, um die Topferde leicht feucht zu halten.<\/p>\n\t\t\t\t\t\t\t\t<\/div>\n\t\t\t\t<\/div>\n\t\t\t\t<div class=\"elementor-element elementor-element-645c76a elementor-widget elementor-widget-heading\" data-id=\"645c76a\" data-element_type=\"widget\" data-widget_type=\"heading.default\">\n\t\t\t\t<div class=\"elementor-widget-container\">\n\t\t\t\t\t<h4 class=\"elementor-heading-title elementor-size-default\">Ja, geschafft!<\/h4>\t\t\t\t<\/div>\n\t\t\t\t<\/div>\n\t\t\t\t<div class=\"elementor-element elementor-element-0d8bda6 elementor-widget elementor-widget-text-editor\" data-id=\"0d8bda6\" data-element_type=\"widget\" data-widget_type=\"text-editor.default\">\n\t\t\t\t<div class=\"elementor-widget-container\">\n\t\t\t\t\t\t\t\t\t<p>Wenn die Stecklinge zu wachsen beginnen und die Spitze sich leicht bronzefarben verf\u00e4rbt, k\u00f6nnen Sie die Pflanzen in die Sonne oder den Halbschatten stellen. Sobald alle Stecklinge bewurzelt sind, k\u00f6nnen Sie sie abtrennen und in einen gr\u00f6\u00dferen Topf mit der richtigen Topferde umtopfen.<br \/>\nDer Anfang Ihrer Pflanze ist nun gemacht. Von nun an k\u00f6nnen Sie sie pflegen wie eine normale Mandevilla.<\/p>\n\t\t\t\t\t\t\t\t<\/div>\n\t\t\t\t<\/div>\n\t\t\t\t\t<\/div>\n\t\t\t\t<\/div>\n\t\t\t\t\t<\/div>\n\t\t\t\t<\/div>\n\t\t\t\t<\/div>\n\t\t","protected":false},"excerpt":{"rendered":"<p>Los geht\u2018s: Ihre Mandevilla selbst mit Stecklingen vermehren! \u201eSind Sie ein echter Mandevilla-Fan, haben Sie einen gr\u00fcnen Daumen und m\u00f6chten Sie noch mehr aus Ihrer Pflanze herausholen? Kein Problem! Es ist nicht so einfach, aber Sie k\u00f6nnen Mandevilla mithilfe von Stecklingen vermehren. Nehmen Sie die Herausforderung an? Wir unterst\u00fctzen Sie mit unseren Mandevilla-Stecklingstipps. Folgen Sie<\/p>\n","protected":false},"author":1,"featured_media":6044,"parent":6250,"menu_order":0,"comment_status":"closed","ping_status":"closed","template":"","meta":{"_acf_changed":false,"footnotes":""},"class_list":["post-6278","page","type-page","status-publish","has-post-thumbnail","hentry"],"acf":[],"yoast_head":"<!-- This site is optimized with the Yoast SEO plugin v26.7 - https:\/\/yoast.com\/wordpress\/plugins\/seo\/ -->\n<title>Mandevilla Steckelinge - Mandevillashop<\/title>\n<meta name=\"description\" content=\"Sie k\u00f6nnen auch Stecklinge von der Mandevilla nehmen! Es ist nicht ganz einfach, aber wir geben Ihnen einen Schritt-f\u00fcr-Schritt-Plan.\" \/>\n<meta name=\"robots\" content=\"index, follow, max-snippet:-1, max-image-preview:large, max-video-preview:-1\" \/>\n<link rel=\"canonical\" href=\"https:\/\/mandevillashop.com\/de\/pflege\/mandevilla-steckelinge\/\" \/>\n<meta property=\"og:locale\" content=\"de_DE\" \/>\n<meta property=\"og:type\" content=\"article\" \/>\n<meta property=\"og:title\" content=\"Mandevilla Steckelinge - Mandevillashop\" \/>\n<meta property=\"og:description\" content=\"Sie k\u00f6nnen auch Stecklinge von der Mandevilla nehmen! Es ist nicht ganz einfach, aber wir geben Ihnen einen Schritt-f\u00fcr-Schritt-Plan.\" \/>\n<meta property=\"og:url\" content=\"https:\/\/mandevillashop.com\/de\/pflege\/mandevilla-steckelinge\/\" \/>\n<meta property=\"og:site_name\" content=\"Mandevillashop\" \/>\n<meta property=\"article:modified_time\" content=\"2024-02-06T14:03:29+00:00\" \/>\n<meta property=\"og:image\" content=\"https:\/\/mandevillashop.com\/wp-content\/uploads\/2024\/01\/11-mei-13.jpg\" \/>\n\t<meta property=\"og:image:width\" content=\"2048\" \/>\n\t<meta property=\"og:image:height\" content=\"2048\" \/>\n\t<meta property=\"og:image:type\" content=\"image\/jpeg\" \/>\n<meta name=\"twitter:card\" content=\"summary_large_image\" \/>\n<meta name=\"twitter:label1\" content=\"Gesch\u00e4tzte Lesezeit\" \/>\n\t<meta name=\"twitter:data1\" content=\"3\u00a0Minuten\" \/>\n<script type=\"application\/ld+json\" class=\"yoast-schema-graph\">{\"@context\":\"https:\/\/schema.org\",\"@graph\":[{\"@type\":\"WebPage\",\"@id\":\"https:\/\/mandevillashop.com\/de\/pflege\/mandevilla-steckelinge\/\",\"url\":\"https:\/\/mandevillashop.com\/de\/pflege\/mandevilla-steckelinge\/\",\"name\":\"Mandevilla Steckelinge - Mandevillashop\",\"isPartOf\":{\"@id\":\"https:\/\/mandevillashop.com\/de\/#website\"},\"primaryImageOfPage\":{\"@id\":\"https:\/\/mandevillashop.com\/de\/pflege\/mandevilla-steckelinge\/#primaryimage\"},\"image\":{\"@id\":\"https:\/\/mandevillashop.com\/de\/pflege\/mandevilla-steckelinge\/#primaryimage\"},\"thumbnailUrl\":\"https:\/\/mandevillashop.com\/wp-content\/uploads\/2024\/01\/11-mei-13.jpg\",\"datePublished\":\"2024-01-03T08:28:06+00:00\",\"dateModified\":\"2024-02-06T14:03:29+00:00\",\"description\":\"Sie k\u00f6nnen auch Stecklinge von der Mandevilla nehmen! Es ist nicht ganz einfach, aber wir geben Ihnen einen Schritt-f\u00fcr-Schritt-Plan.\",\"breadcrumb\":{\"@id\":\"https:\/\/mandevillashop.com\/de\/pflege\/mandevilla-steckelinge\/#breadcrumb\"},\"inLanguage\":\"de\",\"potentialAction\":[{\"@type\":\"ReadAction\",\"target\":[\"https:\/\/mandevillashop.com\/de\/pflege\/mandevilla-steckelinge\/\"]}]},{\"@type\":\"ImageObject\",\"inLanguage\":\"de\",\"@id\":\"https:\/\/mandevillashop.com\/de\/pflege\/mandevilla-steckelinge\/#primaryimage\",\"url\":\"https:\/\/mandevillashop.com\/wp-content\/uploads\/2024\/01\/11-mei-13.jpg\",\"contentUrl\":\"https:\/\/mandevillashop.com\/wp-content\/uploads\/2024\/01\/11-mei-13.jpg\",\"width\":2048,\"height\":2048},{\"@type\":\"BreadcrumbList\",\"@id\":\"https:\/\/mandevillashop.com\/de\/pflege\/mandevilla-steckelinge\/#breadcrumb\",\"itemListElement\":[{\"@type\":\"ListItem\",\"position\":1,\"name\":\"Home\",\"item\":\"https:\/\/mandevillashop.com\/de\/\"},{\"@type\":\"ListItem\",\"position\":2,\"name\":\"Pflege\",\"item\":\"https:\/\/mandevillashop.com\/de\/verzorging\/\"},{\"@type\":\"ListItem\",\"position\":3,\"name\":\"Mandevilla Steckelinge\"}]},{\"@type\":\"WebSite\",\"@id\":\"https:\/\/mandevillashop.com\/de\/#website\",\"url\":\"https:\/\/mandevillashop.com\/de\/\",\"name\":\"Mandevillashop\",\"description\":\"De Mandevilla Specialist\",\"publisher\":{\"@id\":\"https:\/\/mandevillashop.com\/de\/#organization\"},\"potentialAction\":[{\"@type\":\"SearchAction\",\"target\":{\"@type\":\"EntryPoint\",\"urlTemplate\":\"https:\/\/mandevillashop.com\/de\/?s={search_term_string}\"},\"query-input\":{\"@type\":\"PropertyValueSpecification\",\"valueRequired\":true,\"valueName\":\"search_term_string\"}}],\"inLanguage\":\"de\"},{\"@type\":\"Organization\",\"@id\":\"https:\/\/mandevillashop.com\/de\/#organization\",\"name\":\"Mandevilla Shop\",\"url\":\"https:\/\/mandevillashop.com\/de\/\",\"logo\":{\"@type\":\"ImageObject\",\"inLanguage\":\"de\",\"@id\":\"https:\/\/mandevillashop.com\/de\/#\/schema\/logo\/image\/\",\"url\":\"https:\/\/mandevillashop.com\/wp-content\/uploads\/2023\/07\/mandevilla-shop-zwart.svg\",\"contentUrl\":\"https:\/\/mandevillashop.com\/wp-content\/uploads\/2023\/07\/mandevilla-shop-zwart.svg\",\"caption\":\"Mandevilla Shop\"},\"image\":{\"@id\":\"https:\/\/mandevillashop.com\/de\/#\/schema\/logo\/image\/\"}}]}<\/script>\n<!-- \/ Yoast SEO plugin. -->","yoast_head_json":{"title":"Mandevilla Steckelinge - Mandevillashop","description":"Sie k\u00f6nnen auch Stecklinge von der Mandevilla nehmen! Es ist nicht ganz einfach, aber wir geben Ihnen einen Schritt-f\u00fcr-Schritt-Plan.","robots":{"index":"index","follow":"follow","max-snippet":"max-snippet:-1","max-image-preview":"max-image-preview:large","max-video-preview":"max-video-preview:-1"},"canonical":"https:\/\/mandevillashop.com\/de\/pflege\/mandevilla-steckelinge\/","og_locale":"de_DE","og_type":"article","og_title":"Mandevilla Steckelinge - Mandevillashop","og_description":"Sie k\u00f6nnen auch Stecklinge von der Mandevilla nehmen! Es ist nicht ganz einfach, aber wir geben Ihnen einen Schritt-f\u00fcr-Schritt-Plan.","og_url":"https:\/\/mandevillashop.com\/de\/pflege\/mandevilla-steckelinge\/","og_site_name":"Mandevillashop","article_modified_time":"2024-02-06T14:03:29+00:00","og_image":[{"width":2048,"height":2048,"url":"https:\/\/mandevillashop.com\/wp-content\/uploads\/2024\/01\/11-mei-13.jpg","type":"image\/jpeg"}],"twitter_card":"summary_large_image","twitter_misc":{"Gesch\u00e4tzte Lesezeit":"3\u00a0Minuten"},"schema":{"@context":"https:\/\/schema.org","@graph":[{"@type":"WebPage","@id":"https:\/\/mandevillashop.com\/de\/pflege\/mandevilla-steckelinge\/","url":"https:\/\/mandevillashop.com\/de\/pflege\/mandevilla-steckelinge\/","name":"Mandevilla Steckelinge - Mandevillashop","isPartOf":{"@id":"https:\/\/mandevillashop.com\/de\/#website"},"primaryImageOfPage":{"@id":"https:\/\/mandevillashop.com\/de\/pflege\/mandevilla-steckelinge\/#primaryimage"},"image":{"@id":"https:\/\/mandevillashop.com\/de\/pflege\/mandevilla-steckelinge\/#primaryimage"},"thumbnailUrl":"https:\/\/mandevillashop.com\/wp-content\/uploads\/2024\/01\/11-mei-13.jpg","datePublished":"2024-01-03T08:28:06+00:00","dateModified":"2024-02-06T14:03:29+00:00","description":"Sie k\u00f6nnen auch Stecklinge von der Mandevilla nehmen! Es ist nicht ganz einfach, aber wir geben Ihnen einen Schritt-f\u00fcr-Schritt-Plan.","breadcrumb":{"@id":"https:\/\/mandevillashop.com\/de\/pflege\/mandevilla-steckelinge\/#breadcrumb"},"inLanguage":"de","potentialAction":[{"@type":"ReadAction","target":["https:\/\/mandevillashop.com\/de\/pflege\/mandevilla-steckelinge\/"]}]},{"@type":"ImageObject","inLanguage":"de","@id":"https:\/\/mandevillashop.com\/de\/pflege\/mandevilla-steckelinge\/#primaryimage","url":"https:\/\/mandevillashop.com\/wp-content\/uploads\/2024\/01\/11-mei-13.jpg","contentUrl":"https:\/\/mandevillashop.com\/wp-content\/uploads\/2024\/01\/11-mei-13.jpg","width":2048,"height":2048},{"@type":"BreadcrumbList","@id":"https:\/\/mandevillashop.com\/de\/pflege\/mandevilla-steckelinge\/#breadcrumb","itemListElement":[{"@type":"ListItem","position":1,"name":"Home","item":"https:\/\/mandevillashop.com\/de\/"},{"@type":"ListItem","position":2,"name":"Pflege","item":"https:\/\/mandevillashop.com\/de\/verzorging\/"},{"@type":"ListItem","position":3,"name":"Mandevilla Steckelinge"}]},{"@type":"WebSite","@id":"https:\/\/mandevillashop.com\/de\/#website","url":"https:\/\/mandevillashop.com\/de\/","name":"Mandevillashop","description":"De Mandevilla Specialist","publisher":{"@id":"https:\/\/mandevillashop.com\/de\/#organization"},"potentialAction":[{"@type":"SearchAction","target":{"@type":"EntryPoint","urlTemplate":"https:\/\/mandevillashop.com\/de\/?s={search_term_string}"},"query-input":{"@type":"PropertyValueSpecification","valueRequired":true,"valueName":"search_term_string"}}],"inLanguage":"de"},{"@type":"Organization","@id":"https:\/\/mandevillashop.com\/de\/#organization","name":"Mandevilla Shop","url":"https:\/\/mandevillashop.com\/de\/","logo":{"@type":"ImageObject","inLanguage":"de","@id":"https:\/\/mandevillashop.com\/de\/#\/schema\/logo\/image\/","url":"https:\/\/mandevillashop.com\/wp-content\/uploads\/2023\/07\/mandevilla-shop-zwart.svg","contentUrl":"https:\/\/mandevillashop.com\/wp-content\/uploads\/2023\/07\/mandevilla-shop-zwart.svg","caption":"Mandevilla Shop"},"image":{"@id":"https:\/\/mandevillashop.com\/de\/#\/schema\/logo\/image\/"}}]}},"_links":{"self":[{"href":"https:\/\/mandevillashop.com\/de\/wp-json\/wp\/v2\/pages\/6278","targetHints":{"allow":["GET"]}}],"collection":[{"href":"https:\/\/mandevillashop.com\/de\/wp-json\/wp\/v2\/pages"}],"about":[{"href":"https:\/\/mandevillashop.com\/de\/wp-json\/wp\/v2\/types\/page"}],"author":[{"embeddable":true,"href":"https:\/\/mandevillashop.com\/de\/wp-json\/wp\/v2\/users\/1"}],"replies":[{"embeddable":true,"href":"https:\/\/mandevillashop.com\/de\/wp-json\/wp\/v2\/comments?post=6278"}],"version-history":[{"count":1,"href":"https:\/\/mandevillashop.com\/de\/wp-json\/wp\/v2\/pages\/6278\/revisions"}],"predecessor-version":[{"id":6505,"href":"https:\/\/mandevillashop.com\/de\/wp-json\/wp\/v2\/pages\/6278\/revisions\/6505"}],"up":[{"embeddable":true,"href":"https:\/\/mandevillashop.com\/de\/wp-json\/wp\/v2\/pages\/6250"}],"wp:featuredmedia":[{"embeddable":true,"href":"https:\/\/mandevillashop.com\/de\/wp-json\/wp\/v2\/media\/6044"}],"wp:attachment":[{"href":"https:\/\/mandevillashop.com\/de\/wp-json\/wp\/v2\/media?parent=6278"}],"curies":[{"name":"wp","href":"https:\/\/api.w.org\/{rel}","templated":true}]}}