{"id":6284,"date":"2024-01-03T08:49:06","date_gmt":"2024-01-03T07:49:06","guid":{"rendered":"https:\/\/mandevillashop.com\/pflege\/ueberwintern\/"},"modified":"2024-02-06T14:04:18","modified_gmt":"2024-02-06T14:04:18","slug":"ueberwintern","status":"publish","type":"page","link":"https:\/\/mandevillashop.com\/de\/pflege\/ueberwintern\/","title":{"rendered":"\u00dcberwintern"},"content":{"rendered":"\t\t<div data-elementor-type=\"wp-page\" data-elementor-id=\"6284\" class=\"elementor elementor-6284 elementor-568\" data-elementor-post-type=\"page\">\n\t\t\t\t<div class=\"elementor-element elementor-element-d50e1d9 e-flex e-con-boxed e-con e-parent\" data-id=\"d50e1d9\" data-element_type=\"container\" data-e-type=\"container\">\n\t\t\t\t\t<div class=\"e-con-inner\">\n\t\t\t\t<div class=\"elementor-element elementor-element-54fde22e elementor-widget elementor-widget-heading\" data-id=\"54fde22e\" data-element_type=\"widget\" data-e-type=\"widget\" data-widget_type=\"heading.default\">\n\t\t\t\t<div class=\"elementor-widget-container\">\n\t\t\t\t\t<h1 class=\"elementor-heading-title elementor-size-default\">Ihre Mandevilla \u00fcberwintern lassen<\/h1>\t\t\t\t<\/div>\n\t\t\t\t<\/div>\n\t\t\t\t\t<\/div>\n\t\t\t\t<\/div>\n\t\t<div class=\"elementor-element elementor-element-7a89254 e-flex e-con-boxed e-con e-parent\" data-id=\"7a89254\" data-element_type=\"container\" data-e-type=\"container\">\n\t\t\t\t\t<div class=\"e-con-inner\">\n\t\t<div class=\"elementor-element elementor-element-5e1917e1 e-flex e-con-boxed e-con e-child\" data-id=\"5e1917e1\" data-element_type=\"container\" data-e-type=\"container\">\n\t\t\t\t\t<div class=\"e-con-inner\">\n\t\t<div class=\"elementor-element elementor-element-543a631b e-flex e-con-boxed e-con e-child\" data-id=\"543a631b\" data-element_type=\"container\" data-e-type=\"container\" data-settings=\"{&quot;background_background&quot;:&quot;classic&quot;}\">\n\t\t\t\t\t<div class=\"e-con-inner\">\n\t\t\t\t<div class=\"elementor-element elementor-element-3872d13e elementor-widget elementor-widget-text-editor\" data-id=\"3872d13e\" data-element_type=\"widget\" data-e-type=\"widget\" data-widget_type=\"text-editor.default\">\n\t\t\t\t<div class=\"elementor-widget-container\">\n\t\t\t\t\t\t\t\t\t<p><em>\u201eNachdem Sie sich monatelang an Ihrem Sommerbl\u00fcher erfreut haben, haben Sie sich wahrscheinlich so sehr an ihn gew\u00f6hnt, dass Sie sich nicht mehr von ihm trennen k\u00f6nnen. Verst\u00e4ndlich! In diesem Fall k\u00f6nnen Sie versuchen, Ihre Mandevilla \u00fcberwintern zu lassen, damit Sie sie sich ab dem Fr\u00fchjahr aufs Neue an ihr erfreuen k\u00f6nnen. Genau das tun wir auch in unseren Gew\u00e4chsh\u00e4usern. Unsere besten Tipps geben wir gerne an Sie weiter. Wir m\u00fcssen allerdings darauf hinweisen, dass die \u00dcberwinterung einer Mandevilla nicht ganz einfach ist, aber eine interessante Herausforderung ist es in jedem Fall!\u201c<\/em><\/p>\n<p><em>Tim \u2013 Z\u00fcchtungsspezialist von Mandevillashop.com<\/em><\/p>\n\t\t\t\t\t\t\t\t<\/div>\n\t\t\t\t<\/div>\n\t\t\t\t\t<\/div>\n\t\t\t\t<\/div>\n\t\t\t\t\t<\/div>\n\t\t\t\t<\/div>\n\t\t\t\t\t<\/div>\n\t\t\t\t<\/div>\n\t\t<div class=\"elementor-element elementor-element-6bd486dc e-flex e-con-boxed e-con e-parent\" data-id=\"6bd486dc\" data-element_type=\"container\" data-e-type=\"container\">\n\t\t\t\t\t<div class=\"e-con-inner\">\n\t\t<div class=\"elementor-element elementor-element-60c7e3f7 e-flex e-con-boxed e-con e-child\" data-id=\"60c7e3f7\" data-element_type=\"container\" data-e-type=\"container\">\n\t\t\t\t\t<div class=\"e-con-inner\">\n\t\t\t\t<div class=\"elementor-element elementor-element-46ec592b elementor-widget elementor-widget-text-editor\" data-id=\"46ec592b\" data-element_type=\"widget\" data-e-type=\"widget\" data-widget_type=\"text-editor.default\">\n\t\t\t\t<div class=\"elementor-widget-container\">\n\t\t\t\t\t\t\t\t\t<p>Also gut, los geht\u2019s! Im Allgemeinen gilt: Je mehr Licht die Pflanze w\u00e4hrend der \u00dcberwinterung bekommt, desto gr\u00f6\u00dfer sind die Erfolgschancen. W\u00e4hrend des Winterschlafs soll sich Ihre Mandevilla in einen Ruhezustand begeben, eine Art Winterschlaf sozusagen. Hierzu sollten Sie folgende Schritte befolgen:<\/p>\n\t\t\t\t\t\t\t\t<\/div>\n\t\t\t\t<\/div>\n\t\t\t\t<div class=\"elementor-element elementor-element-5e9638c8 elementor-widget elementor-widget-heading\" data-id=\"5e9638c8\" data-element_type=\"widget\" data-e-type=\"widget\" data-widget_type=\"heading.default\">\n\t\t\t\t<div class=\"elementor-widget-container\">\n\t\t\t\t\t<h4 class=\"elementor-heading-title elementor-size-default\">Schritt 1: Zur\u00fcckschneiden der Pflanze<\/h4>\t\t\t\t<\/div>\n\t\t\t\t<\/div>\n\t\t\t\t<div class=\"elementor-element elementor-element-ff3fd76 elementor-widget elementor-widget-text-editor\" data-id=\"ff3fd76\" data-element_type=\"widget\" data-e-type=\"widget\" data-widget_type=\"text-editor.default\">\n\t\t\t\t<div class=\"elementor-widget-container\">\n\t\t\t\t\t\t\t\t\t<p>Nach einer langen Bl\u00fcte- und Wachstumsphase ist es hilfreich, die Pflanze ein wenig zur\u00fcckzuschneiden. So wird sie im Fr\u00fchjahr wieder eine sch\u00f6ne Form annehmen. Entfernen Sie dazu lange Triebe, achten Sie aber darauf, dass Ihre Pflanze noch gr\u00fcne Bl\u00e4tter beh\u00e4lt. Am besten ist es, dies Ende September oder Anfang Oktober zu tun und zwar an einem trockenen Tag und bei mildem Wetter. Idealerweise tun Sie dies morgens, damit die Schnittwunden tags\u00fcber in Ruhe trocknen k\u00f6nnen.<\/p>\n\t\t\t\t\t\t\t\t<\/div>\n\t\t\t\t<\/div>\n\t\t\t\t<div class=\"elementor-element elementor-element-64cffd8c elementor-widget elementor-widget-heading\" data-id=\"64cffd8c\" data-element_type=\"widget\" data-e-type=\"widget\" data-widget_type=\"heading.default\">\n\t\t\t\t<div class=\"elementor-widget-container\">\n\t\t\t\t\t<h4 class=\"elementor-heading-title elementor-size-default\">Schritt 2: Sorgen Sie daf\u00fcr, dass der Wurzelballen der Pflanze stets leicht feucht bleibt<\/h4>\t\t\t\t<\/div>\n\t\t\t\t<\/div>\n\t\t\t\t<div class=\"elementor-element elementor-element-149f1b2 elementor-widget elementor-widget-text-editor\" data-id=\"149f1b2\" data-element_type=\"widget\" data-e-type=\"widget\" data-widget_type=\"text-editor.default\">\n\t\t\t\t<div class=\"elementor-widget-container\">\n\t\t\t\t\t\t\t\t\t<p>Achten Sie darauf, dass der Wurzelballen der Pflanze leicht feucht ist, wenn Sie sie ins Haus bringen. Nicht zu nass, da das daf\u00fcr sorgen kann, dass die Wurzeln verfaulen.<\/p>\n\t\t\t\t\t\t\t\t<\/div>\n\t\t\t\t<\/div>\n\t\t\t\t<div class=\"elementor-element elementor-element-7c2e62f elementor-widget elementor-widget-heading\" data-id=\"7c2e62f\" data-element_type=\"widget\" data-e-type=\"widget\" data-widget_type=\"heading.default\">\n\t\t\t\t<div class=\"elementor-widget-container\">\n\t\t\t\t\t<h4 class=\"elementor-heading-title elementor-size-default\">Schritt 3: Einen geeigneten Ort finden<\/h4>\t\t\t\t<\/div>\n\t\t\t\t<\/div>\n\t\t\t\t<div class=\"elementor-element elementor-element-4a836a9 elementor-widget elementor-widget-text-editor\" data-id=\"4a836a9\" data-element_type=\"widget\" data-e-type=\"widget\" data-widget_type=\"text-editor.default\">\n\t\t\t\t<div class=\"elementor-widget-container\">\n\t\t\t\t\t\t\t\t\t<p>Der n\u00e4chste Schritt besteht darin, einen geeigneten Ort zu finden, an dem Ihre Gartenpflanze \u00fcberwintern kann. Die Lichtmenge und die Temperatur spielen dabei die wichtigste Rolle. Idealerweise sollte die Pflanze in einem Hobbygew\u00e4chshaus oder Fr\u00fchbeet stehen, in dem eine Temperatur von etwa 10 bis 12 Grad Celsius herrscht. Eine weitere gute M\u00f6glichkeit ist das Aufstellen der Pflanze in einer Dachkammer des Hauses hinter dem Fenster. Da es im Dachgeschoss oft nicht so hell ist, ist es wichtig, darauf zu achten, dass die Temperatur nicht zu hoch wird. Je weniger Licht vorhanden ist, desto weniger W\u00e4rme ist notwendig.<\/p>\n<p>Wenn die Temperatur an dem Ort, an dem Ihre Mandevilla \u00fcberwintert, unter 5 Grad Celsius f\u00e4llt, kann sie ihre Bl\u00e4tter abwerfen. Das muss aber kein Problem sein. Solange an den Zweigen gr\u00fcne Triebspitzen oder Augen zu sehen sind, wird die Pflanze \u00fcberleben.<\/p>\n\t\t\t\t\t\t\t\t<\/div>\n\t\t\t\t<\/div>\n\t\t\t\t<div class=\"elementor-element elementor-element-4ba1295 elementor-widget elementor-widget-heading\" data-id=\"4ba1295\" data-element_type=\"widget\" data-e-type=\"widget\" data-widget_type=\"heading.default\">\n\t\t\t\t<div class=\"elementor-widget-container\">\n\t\t\t\t\t<h4 class=\"elementor-heading-title elementor-size-default\">Schritt 4: Pflege im Winter<\/h4>\t\t\t\t<\/div>\n\t\t\t\t<\/div>\n\t\t\t\t<div class=\"elementor-element elementor-element-da5eb29 elementor-widget elementor-widget-text-editor\" data-id=\"da5eb29\" data-element_type=\"widget\" data-e-type=\"widget\" data-widget_type=\"text-editor.default\">\n\t\t\t\t<div class=\"elementor-widget-container\">\n\t\t\t\t\t\t\t\t\t<p>Gie\u00dfen Sie die Pflanze auch w\u00e4hrend der \u00dcberwinterung, beschr\u00e4nken Sie die Menge aber auf ein Minimum! Die Blumenerde sollte nur leicht feucht bis trocken sein. Zu viel Wasser kann n\u00e4mlich zu Wurzelf\u00e4ule f\u00fchren. Als Faustregel f\u00fcr die Wassermenge gilt: alle ein bis zwei Wochen ein Schnapsglas Wasser. Das h\u00e4ngt auch ein wenig von der Gr\u00f6\u00dfe Ihrer Pflanze ab.<\/p>\n\t\t\t\t\t\t\t\t<\/div>\n\t\t\t\t<\/div>\n\t\t\t\t<div class=\"elementor-element elementor-element-902130d elementor-widget elementor-widget-heading\" data-id=\"902130d\" data-element_type=\"widget\" data-e-type=\"widget\" data-widget_type=\"heading.default\">\n\t\t\t\t<div class=\"elementor-widget-container\">\n\t\t\t\t\t<h4 class=\"elementor-heading-title elementor-size-default\">Schritt 5: Wieder ins Freie!<\/h4>\t\t\t\t<\/div>\n\t\t\t\t<\/div>\n\t\t\t\t<div class=\"elementor-element elementor-element-4bd4214 elementor-widget elementor-widget-text-editor\" data-id=\"4bd4214\" data-element_type=\"widget\" data-e-type=\"widget\" data-widget_type=\"text-editor.default\">\n\t\t\t\t<div class=\"elementor-widget-container\">\n\t\t\t\t\t\t\t\t\t<p>Im April ist es dann soweit: Dann kann Ihre Mandevilla wieder an die frische Luft! Bitte beachten Sie, dass es bei Nachttemperaturen unter 3 Grad besser ist, sie noch drinnen zu behalten (oder sie wieder ins Haus zu stellen). Wenn die Pflanze ins Freie kommt, ist es am besten, sie in einen gr\u00f6\u00dferen Topf mit frischer\u00a0<a href=\"https:\/\/mandevillashop.com\/de\/produkt\/mandevilla-topferde-incl-nahrstoffen-20l\/\">Topferde<\/a>\u00a0und D\u00fcnger zu setzen. So k\u00f6nnen sich die Wurzeln schneller erholen und kann Ihr Stimmungsmacher wieder flei\u00dfig draufloswachsen! Es wird dann noch einige Zeit dauern, bis Ihre Mandevilla wieder bl\u00fcht, da die Pflanze erst neue Triebe und Knospen bilden muss. Die ersten Bl\u00fcten werden voraussichtlich Ende Juni erscheinen.<\/p>\n<p>Expertentipp: Steht Ihnen ein beheiztes Gew\u00e4chshaus zur Verf\u00fcgung? Schneiden Sie die Pflanze dann leicht zur\u00fcck und g\u00f6nnen Sie ihr einen Platz in Ihrem Gew\u00e4chshaus. Halten Sie den Wurzelballen im Winter in diesem Fall ein wenig feuchter als oben beschrieben. Mit etwas Gl\u00fcck bl\u00fcht Ihre Mandevilla dann bereits ab Mai.<\/p>\n<p>Wie wir bereits erw\u00e4hnt haben, ist es sehr schwierig, eine Mandevilla \u00fcberwintern zu lassen. Sie sind ganz einfach von den M\u00f6glichkeiten abh\u00e4ngig, die Ihnen in Ihrem Haus zur Verf\u00fcgung stehen. Seien Sie also nicht allzu entt\u00e4uscht, wenn es nicht klappen sollte! In jedem Fall hoffen wir, dass diese Informationen Ihnen weitergeholfen haben. Wir w\u00fcnschen Ihnen viel Erfolg!<\/p>\n\t\t\t\t\t\t\t\t<\/div>\n\t\t\t\t<\/div>\n\t\t\t\t\t<\/div>\n\t\t\t\t<\/div>\n\t\t\t\t\t<\/div>\n\t\t\t\t<\/div>\n\t\t\t\t<\/div>\n\t\t","protected":false},"excerpt":{"rendered":"<p>Ihre Mandevilla \u00fcberwintern lassen \u201eNachdem Sie sich monatelang an Ihrem Sommerbl\u00fcher erfreut haben, haben Sie sich wahrscheinlich so sehr an ihn gew\u00f6hnt, dass Sie sich nicht mehr von ihm trennen k\u00f6nnen. Verst\u00e4ndlich! In diesem Fall k\u00f6nnen Sie versuchen, Ihre Mandevilla \u00fcberwintern zu lassen, damit Sie sie sich ab dem Fr\u00fchjahr aufs Neue an ihr erfreuen<\/p>\n","protected":false},"author":1,"featured_media":6060,"parent":6250,"menu_order":0,"comment_status":"closed","ping_status":"closed","template":"","meta":{"_acf_changed":false,"footnotes":""},"class_list":["post-6284","page","type-page","status-publish","has-post-thumbnail","hentry"],"acf":[],"yoast_head":"<!-- This site is optimized with the Yoast SEO plugin v27.4 - https:\/\/yoast.com\/product\/yoast-seo-wordpress\/ -->\n<title>\u00dcberwintern - Mandevillashop<\/title>\n<meta name=\"description\" content=\"Die Mandevilla ist keine winterharte Pflanze, aber Sie k\u00f6nnen einiges tun, damit sie wieder bl\u00fcht. Lesen Sie unsere Pflegetipps f\u00fcr den Winter!\" \/>\n<meta name=\"robots\" content=\"index, follow, max-snippet:-1, max-image-preview:large, max-video-preview:-1\" \/>\n<link rel=\"canonical\" href=\"https:\/\/mandevillashop.com\/de\/pflege\/ueberwintern\/\" \/>\n<meta property=\"og:locale\" content=\"de_DE\" \/>\n<meta property=\"og:type\" content=\"article\" \/>\n<meta property=\"og:title\" content=\"\u00dcberwintern - Mandevillashop\" \/>\n<meta property=\"og:description\" content=\"Die Mandevilla ist keine winterharte Pflanze, aber Sie k\u00f6nnen einiges tun, damit sie wieder bl\u00fcht. Lesen Sie unsere Pflegetipps f\u00fcr den Winter!\" \/>\n<meta property=\"og:url\" content=\"https:\/\/mandevillashop.com\/de\/pflege\/ueberwintern\/\" \/>\n<meta property=\"og:site_name\" content=\"Mandevillashop\" \/>\n<meta property=\"article:modified_time\" content=\"2024-02-06T14:04:18+00:00\" \/>\n<meta property=\"og:image\" content=\"https:\/\/mandevillashop.com\/wp-content\/uploads\/2024\/01\/01Tekengebied-1-kopie-7-13.webp\" \/>\n\t<meta property=\"og:image:width\" content=\"802\" \/>\n\t<meta property=\"og:image:height\" content=\"702\" \/>\n\t<meta property=\"og:image:type\" content=\"image\/webp\" \/>\n<meta name=\"twitter:card\" content=\"summary_large_image\" \/>\n<meta name=\"twitter:label1\" content=\"Gesch\u00e4tzte Lesezeit\" \/>\n\t<meta name=\"twitter:data1\" content=\"4\u00a0Minuten\" \/>\n<script type=\"application\/ld+json\" class=\"yoast-schema-graph\">{\"@context\":\"https:\\\/\\\/schema.org\",\"@graph\":[{\"@type\":\"WebPage\",\"@id\":\"https:\\\/\\\/mandevillashop.com\\\/de\\\/pflege\\\/ueberwintern\\\/\",\"url\":\"https:\\\/\\\/mandevillashop.com\\\/de\\\/pflege\\\/ueberwintern\\\/\",\"name\":\"\u00dcberwintern - Mandevillashop\",\"isPartOf\":{\"@id\":\"https:\\\/\\\/mandevillashop.com\\\/de\\\/#website\"},\"primaryImageOfPage\":{\"@id\":\"https:\\\/\\\/mandevillashop.com\\\/de\\\/pflege\\\/ueberwintern\\\/#primaryimage\"},\"image\":{\"@id\":\"https:\\\/\\\/mandevillashop.com\\\/de\\\/pflege\\\/ueberwintern\\\/#primaryimage\"},\"thumbnailUrl\":\"https:\\\/\\\/mandevillashop.com\\\/wp-content\\\/uploads\\\/2024\\\/01\\\/01Tekengebied-1-kopie-7-13.webp\",\"datePublished\":\"2024-01-03T07:49:06+00:00\",\"dateModified\":\"2024-02-06T14:04:18+00:00\",\"description\":\"Die Mandevilla ist keine winterharte Pflanze, aber Sie k\u00f6nnen einiges tun, damit sie wieder bl\u00fcht. Lesen Sie unsere Pflegetipps f\u00fcr den Winter!\",\"breadcrumb\":{\"@id\":\"https:\\\/\\\/mandevillashop.com\\\/de\\\/pflege\\\/ueberwintern\\\/#breadcrumb\"},\"inLanguage\":\"de\",\"potentialAction\":[{\"@type\":\"ReadAction\",\"target\":[\"https:\\\/\\\/mandevillashop.com\\\/de\\\/pflege\\\/ueberwintern\\\/\"]}]},{\"@type\":\"ImageObject\",\"inLanguage\":\"de\",\"@id\":\"https:\\\/\\\/mandevillashop.com\\\/de\\\/pflege\\\/ueberwintern\\\/#primaryimage\",\"url\":\"https:\\\/\\\/mandevillashop.com\\\/wp-content\\\/uploads\\\/2024\\\/01\\\/01Tekengebied-1-kopie-7-13.webp\",\"contentUrl\":\"https:\\\/\\\/mandevillashop.com\\\/wp-content\\\/uploads\\\/2024\\\/01\\\/01Tekengebied-1-kopie-7-13.webp\",\"width\":802,\"height\":702},{\"@type\":\"BreadcrumbList\",\"@id\":\"https:\\\/\\\/mandevillashop.com\\\/de\\\/pflege\\\/ueberwintern\\\/#breadcrumb\",\"itemListElement\":[{\"@type\":\"ListItem\",\"position\":1,\"name\":\"Home\",\"item\":\"https:\\\/\\\/mandevillashop.com\\\/de\\\/\"},{\"@type\":\"ListItem\",\"position\":2,\"name\":\"Pflege\",\"item\":\"https:\\\/\\\/mandevillashop.com\\\/de\\\/verzorging\\\/\"},{\"@type\":\"ListItem\",\"position\":3,\"name\":\"\u00dcberwintern\"}]},{\"@type\":\"WebSite\",\"@id\":\"https:\\\/\\\/mandevillashop.com\\\/de\\\/#website\",\"url\":\"https:\\\/\\\/mandevillashop.com\\\/de\\\/\",\"name\":\"Mandevillashop\",\"description\":\"De Mandevilla Specialist\",\"publisher\":{\"@id\":\"https:\\\/\\\/mandevillashop.com\\\/de\\\/#organization\"},\"potentialAction\":[{\"@type\":\"SearchAction\",\"target\":{\"@type\":\"EntryPoint\",\"urlTemplate\":\"https:\\\/\\\/mandevillashop.com\\\/de\\\/?s={search_term_string}\"},\"query-input\":{\"@type\":\"PropertyValueSpecification\",\"valueRequired\":true,\"valueName\":\"search_term_string\"}}],\"inLanguage\":\"de\"},{\"@type\":\"Organization\",\"@id\":\"https:\\\/\\\/mandevillashop.com\\\/de\\\/#organization\",\"name\":\"Mandevilla Shop\",\"url\":\"https:\\\/\\\/mandevillashop.com\\\/de\\\/\",\"logo\":{\"@type\":\"ImageObject\",\"inLanguage\":\"de\",\"@id\":\"https:\\\/\\\/mandevillashop.com\\\/de\\\/#\\\/schema\\\/logo\\\/image\\\/\",\"url\":\"https:\\\/\\\/mandevillashop.com\\\/wp-content\\\/uploads\\\/2023\\\/07\\\/mandevilla-shop-zwart.svg\",\"contentUrl\":\"https:\\\/\\\/mandevillashop.com\\\/wp-content\\\/uploads\\\/2023\\\/07\\\/mandevilla-shop-zwart.svg\",\"caption\":\"Mandevilla Shop\"},\"image\":{\"@id\":\"https:\\\/\\\/mandevillashop.com\\\/de\\\/#\\\/schema\\\/logo\\\/image\\\/\"}}]}<\/script>\n<!-- \/ Yoast SEO plugin. -->","yoast_head_json":{"title":"\u00dcberwintern - Mandevillashop","description":"Die Mandevilla ist keine winterharte Pflanze, aber Sie k\u00f6nnen einiges tun, damit sie wieder bl\u00fcht. Lesen Sie unsere Pflegetipps f\u00fcr den Winter!","robots":{"index":"index","follow":"follow","max-snippet":"max-snippet:-1","max-image-preview":"max-image-preview:large","max-video-preview":"max-video-preview:-1"},"canonical":"https:\/\/mandevillashop.com\/de\/pflege\/ueberwintern\/","og_locale":"de_DE","og_type":"article","og_title":"\u00dcberwintern - Mandevillashop","og_description":"Die Mandevilla ist keine winterharte Pflanze, aber Sie k\u00f6nnen einiges tun, damit sie wieder bl\u00fcht. Lesen Sie unsere Pflegetipps f\u00fcr den Winter!","og_url":"https:\/\/mandevillashop.com\/de\/pflege\/ueberwintern\/","og_site_name":"Mandevillashop","article_modified_time":"2024-02-06T14:04:18+00:00","og_image":[{"width":802,"height":702,"url":"https:\/\/mandevillashop.com\/wp-content\/uploads\/2024\/01\/01Tekengebied-1-kopie-7-13.webp","type":"image\/webp"}],"twitter_card":"summary_large_image","twitter_misc":{"Gesch\u00e4tzte Lesezeit":"4\u00a0Minuten"},"schema":{"@context":"https:\/\/schema.org","@graph":[{"@type":"WebPage","@id":"https:\/\/mandevillashop.com\/de\/pflege\/ueberwintern\/","url":"https:\/\/mandevillashop.com\/de\/pflege\/ueberwintern\/","name":"\u00dcberwintern - Mandevillashop","isPartOf":{"@id":"https:\/\/mandevillashop.com\/de\/#website"},"primaryImageOfPage":{"@id":"https:\/\/mandevillashop.com\/de\/pflege\/ueberwintern\/#primaryimage"},"image":{"@id":"https:\/\/mandevillashop.com\/de\/pflege\/ueberwintern\/#primaryimage"},"thumbnailUrl":"https:\/\/mandevillashop.com\/wp-content\/uploads\/2024\/01\/01Tekengebied-1-kopie-7-13.webp","datePublished":"2024-01-03T07:49:06+00:00","dateModified":"2024-02-06T14:04:18+00:00","description":"Die Mandevilla ist keine winterharte Pflanze, aber Sie k\u00f6nnen einiges tun, damit sie wieder bl\u00fcht. Lesen Sie unsere Pflegetipps f\u00fcr den Winter!","breadcrumb":{"@id":"https:\/\/mandevillashop.com\/de\/pflege\/ueberwintern\/#breadcrumb"},"inLanguage":"de","potentialAction":[{"@type":"ReadAction","target":["https:\/\/mandevillashop.com\/de\/pflege\/ueberwintern\/"]}]},{"@type":"ImageObject","inLanguage":"de","@id":"https:\/\/mandevillashop.com\/de\/pflege\/ueberwintern\/#primaryimage","url":"https:\/\/mandevillashop.com\/wp-content\/uploads\/2024\/01\/01Tekengebied-1-kopie-7-13.webp","contentUrl":"https:\/\/mandevillashop.com\/wp-content\/uploads\/2024\/01\/01Tekengebied-1-kopie-7-13.webp","width":802,"height":702},{"@type":"BreadcrumbList","@id":"https:\/\/mandevillashop.com\/de\/pflege\/ueberwintern\/#breadcrumb","itemListElement":[{"@type":"ListItem","position":1,"name":"Home","item":"https:\/\/mandevillashop.com\/de\/"},{"@type":"ListItem","position":2,"name":"Pflege","item":"https:\/\/mandevillashop.com\/de\/verzorging\/"},{"@type":"ListItem","position":3,"name":"\u00dcberwintern"}]},{"@type":"WebSite","@id":"https:\/\/mandevillashop.com\/de\/#website","url":"https:\/\/mandevillashop.com\/de\/","name":"Mandevillashop","description":"De Mandevilla Specialist","publisher":{"@id":"https:\/\/mandevillashop.com\/de\/#organization"},"potentialAction":[{"@type":"SearchAction","target":{"@type":"EntryPoint","urlTemplate":"https:\/\/mandevillashop.com\/de\/?s={search_term_string}"},"query-input":{"@type":"PropertyValueSpecification","valueRequired":true,"valueName":"search_term_string"}}],"inLanguage":"de"},{"@type":"Organization","@id":"https:\/\/mandevillashop.com\/de\/#organization","name":"Mandevilla Shop","url":"https:\/\/mandevillashop.com\/de\/","logo":{"@type":"ImageObject","inLanguage":"de","@id":"https:\/\/mandevillashop.com\/de\/#\/schema\/logo\/image\/","url":"https:\/\/mandevillashop.com\/wp-content\/uploads\/2023\/07\/mandevilla-shop-zwart.svg","contentUrl":"https:\/\/mandevillashop.com\/wp-content\/uploads\/2023\/07\/mandevilla-shop-zwart.svg","caption":"Mandevilla Shop"},"image":{"@id":"https:\/\/mandevillashop.com\/de\/#\/schema\/logo\/image\/"}}]}},"_links":{"self":[{"href":"https:\/\/mandevillashop.com\/de\/wp-json\/wp\/v2\/pages\/6284","targetHints":{"allow":["GET"]}}],"collection":[{"href":"https:\/\/mandevillashop.com\/de\/wp-json\/wp\/v2\/pages"}],"about":[{"href":"https:\/\/mandevillashop.com\/de\/wp-json\/wp\/v2\/types\/page"}],"author":[{"embeddable":true,"href":"https:\/\/mandevillashop.com\/de\/wp-json\/wp\/v2\/users\/1"}],"replies":[{"embeddable":true,"href":"https:\/\/mandevillashop.com\/de\/wp-json\/wp\/v2\/comments?post=6284"}],"version-history":[{"count":1,"href":"https:\/\/mandevillashop.com\/de\/wp-json\/wp\/v2\/pages\/6284\/revisions"}],"predecessor-version":[{"id":6508,"href":"https:\/\/mandevillashop.com\/de\/wp-json\/wp\/v2\/pages\/6284\/revisions\/6508"}],"up":[{"embeddable":true,"href":"https:\/\/mandevillashop.com\/de\/wp-json\/wp\/v2\/pages\/6250"}],"wp:featuredmedia":[{"embeddable":true,"href":"https:\/\/mandevillashop.com\/de\/wp-json\/wp\/v2\/media\/6060"}],"wp:attachment":[{"href":"https:\/\/mandevillashop.com\/de\/wp-json\/wp\/v2\/media?parent=6284"}],"curies":[{"name":"wp","href":"https:\/\/api.w.org\/{rel}","templated":true}]}}