{"id":6290,"date":"2024-01-03T09:03:08","date_gmt":"2024-01-03T08:03:08","guid":{"rendered":"https:\/\/mandevillashop.com\/pflege\/von-der-gaertnerei-bis-zu-ihnen-nach-hause\/"},"modified":"2026-03-25T09:21:10","modified_gmt":"2026-03-25T08:21:10","slug":"von-der-gaertnerei-bis-zu-ihnen-nach-hause","status":"publish","type":"page","link":"https:\/\/mandevillashop.com\/de\/pflege\/von-der-gaertnerei-bis-zu-ihnen-nach-hause\/","title":{"rendered":"Vom Kinderzimmer zu Ihnen nach Hause"},"content":{"rendered":"\t\t<div data-elementor-type=\"wp-page\" data-elementor-id=\"6290\" class=\"elementor elementor-6290 elementor-573\" data-elementor-post-type=\"page\">\n\t\t\t\t<div class=\"elementor-element elementor-element-64d9ce34 e-flex e-con-boxed e-con e-parent\" data-id=\"64d9ce34\" data-element_type=\"container\" data-e-type=\"container\">\n\t\t\t\t\t<div class=\"e-con-inner\">\n\t\t\t\t<div class=\"elementor-element elementor-element-7ef35c05 elementor-widget elementor-widget-heading\" data-id=\"7ef35c05\" data-element_type=\"widget\" data-e-type=\"widget\" data-widget_type=\"heading.default\">\n\t\t\t\t<div class=\"elementor-widget-container\">\n\t\t\t\t\t<h1 class=\"elementor-heading-title elementor-size-default\">Von der G\u00e4rtnerei in Ihren Garten<\/h1>\t\t\t\t<\/div>\n\t\t\t\t<\/div>\n\t\t\t\t\t<\/div>\n\t\t\t\t<\/div>\n\t\t<div class=\"elementor-element elementor-element-4341cdbb e-flex e-con-boxed e-con e-parent\" data-id=\"4341cdbb\" data-element_type=\"container\" data-e-type=\"container\">\n\t\t\t\t\t<div class=\"e-con-inner\">\n\t\t<div class=\"elementor-element elementor-element-645bb2c0 e-flex e-con-boxed e-con e-child\" data-id=\"645bb2c0\" data-element_type=\"container\" data-e-type=\"container\">\n\t\t\t\t\t<div class=\"e-con-inner\">\n\t\t<div class=\"elementor-element elementor-element-7440e625 e-flex e-con-boxed e-con e-child\" data-id=\"7440e625\" data-element_type=\"container\" data-e-type=\"container\" data-settings=\"{&quot;background_background&quot;:&quot;classic&quot;}\">\n\t\t\t\t\t<div class=\"e-con-inner\">\n\t\t\t\t<div class=\"elementor-element elementor-element-1d79909c elementor-widget elementor-widget-text-editor\" data-id=\"1d79909c\" data-element_type=\"widget\" data-e-type=\"widget\" data-widget_type=\"text-editor.default\">\n\t\t\t\t<div class=\"elementor-widget-container\">\n\t\t\t\t\t\t\t\t\t<p><em>&#8220;Es dauert eine ganze Weile, bis Ihre Mandevilla, auch bekannt als Dipladenia, zu der sch\u00f6nen Gartenpflanze heranw\u00e4chst, die sie heute ist. In der G\u00e4rtnerei widmen wir uns t\u00e4glich der Schaffung der idealen Bedingungen, unter denen die Pflanzen am besten wachsen k\u00f6nnen.&#8221;<\/em><\/p><p><em>&#8220;Unsere Arbeit ist jedoch nicht zu Ende, wenn die Pflanzen ausgewachsen sind. Denn der schnelle und sichere Versand der bestellten Pflanzen ist eine weitere Aufgabe f\u00fcr sich. Sind Sie neugierig, was n\u00f6tig ist, um Ihnen einen so fr\u00f6hlichen Sommerbl\u00fcher in perfektem Zustand zu liefern? Dann lesen Sie schnell weiter!&#8221;<\/em><\/p><p><em>Tim &#8211; Anbauspezialist von Mandevillashop.com<\/em><br><em>Sanne &#8211; Leiterin des elektronischen Handels von Mandevillashop.com<\/em><\/p>\t\t\t\t\t\t\t\t<\/div>\n\t\t\t\t<\/div>\n\t\t\t\t\t<\/div>\n\t\t\t\t<\/div>\n\t\t\t\t\t<\/div>\n\t\t\t\t<\/div>\n\t\t\t\t\t<\/div>\n\t\t\t\t<\/div>\n\t\t<div class=\"elementor-element elementor-element-5e99bfa3 e-flex e-con-boxed e-con e-parent\" data-id=\"5e99bfa3\" data-element_type=\"container\" data-e-type=\"container\">\n\t\t\t\t\t<div class=\"e-con-inner\">\n\t\t<div class=\"elementor-element elementor-element-a05dc15 e-flex e-con-boxed e-con e-child\" data-id=\"a05dc15\" data-element_type=\"container\" data-e-type=\"container\">\n\t\t\t\t\t<div class=\"e-con-inner\">\n\t\t\t\t<div class=\"elementor-element elementor-element-32d8f679 elementor-widget elementor-widget-heading\" data-id=\"32d8f679\" data-element_type=\"widget\" data-e-type=\"widget\" data-widget_type=\"heading.default\">\n\t\t\t\t<div class=\"elementor-widget-container\">\n\t\t\t\t\t<h4 class=\"elementor-heading-title elementor-size-default\">Vom kleinen Steckling zur vollwertigen Gartenpflanze<\/h4>\t\t\t\t<\/div>\n\t\t\t\t<\/div>\n\t\t\t\t<div class=\"elementor-element elementor-element-2a3e80d7 elementor-widget elementor-widget-text-editor\" data-id=\"2a3e80d7\" data-element_type=\"widget\" data-e-type=\"widget\" data-widget_type=\"text-editor.default\">\n\t\t\t\t<div class=\"elementor-widget-container\">\n\t\t\t\t\t\t\t\t\t<p>Alles beginnt mit Mini-Mandevillia-Stecklingen. Dabei wird ein St\u00fcck einer Pflanze abgeschnitten, aus dem sich eine neue Pflanze entwickeln soll. Diese Stecklinge werden zum ersten Mal um den Mai herum gemacht und von Pflanzen geschnitten, die die Eigenschaften haben, die wir auch bei den neuen Pflanzen sehen wollen. Solche Mutterpflanzen haben alle Arten von Tests bestanden und damit bewiesen, dass sie die besten Eigenschaften in Bezug auf Wachstum, Bl\u00fcte und Krankheitsresistenz haben. Von einer solchen Mutterpflanze k\u00f6nnen mehrere Stecklinge abgeschnitten werden, so dass schnell weitere Mandevillas entstehen. Dieser Vorgang wird Vermehrung genannt.     <\/p><p>Der Schnitt erfolgt in einer speziellen Umgebung, in der die Pflanzen besondere Aufmerksamkeit erhalten. Die junge Pflanze ist noch sehr empfindlich. Wir sorgen f\u00fcr eine hohe Luftfeuchtigkeit, damit der Steckling Wurzeln entwickeln kann, ohne auszutrocknen. Wenn er diese Wurzeln entwickelt hat, wird der Steckling zusammen mit anderen Stecklingen in einen gr\u00f6\u00dferen Topf gesetzt. Dies ist bereits der Topf, in dem Ihre Mandevilla schlie\u00dflich bei Ihnen zu Hause ankommen wird! W\u00e4hrend des Wachstumsprozesses wird die Pflanze von einem Bambusgestell oder Pf\u00e4hlen gef\u00fchrt. Dies erfordert eine ganze Reihe von Ma\u00dfnahmen. Jeder Pflanze wird mehrmals geholfen, in die richtige Form zu wachsen. Dazu beschneiden wir die Pflanzen und f\u00fchren die Zweige entlang des Bambusgestells.        <\/p><p>In den Wintermonaten sorgen wir f\u00fcr eine angenehme Temperatur in den Gew\u00e4chsh\u00e4usern, damit die jungen Pflanzen ungest\u00f6rt weiterwachsen k\u00f6nnen. Der Wachstumsprozess kommt jedoch erst mit dem Eintreffen des Fr\u00fchlings richtig in Gang, wenn es mehr Lichtstunden am Tag gibt. Im April (fast ein Jahr nach dem Schnitt!) werden die ersten Mandevilla-Pflanzen bereit sein, zu ihren neuen Besitzern aufzubrechen.   F\u00fcr Bestellungen \u00fcber Mandevillashop w\u00e4hlen wir sorgf\u00e4ltig die besten Pflanzen aus!  <\/p>\t\t\t\t\t\t\t\t<\/div>\n\t\t\t\t<\/div>\n\t\t\t\t<div class=\"elementor-element elementor-element-24cf0eea elementor-widget elementor-widget-heading\" data-id=\"24cf0eea\" data-element_type=\"widget\" data-e-type=\"widget\" data-widget_type=\"heading.default\">\n\t\t\t\t<div class=\"elementor-widget-container\">\n\t\t\t\t\t<h4 class=\"elementor-heading-title elementor-size-default\">Von der G\u00e4rtnerei in Ihren Garten<\/h4>\t\t\t\t<\/div>\n\t\t\t\t<\/div>\n\t\t\t\t<div class=\"elementor-element elementor-element-53135d22 elementor-widget elementor-widget-text-editor\" data-id=\"53135d22\" data-element_type=\"widget\" data-e-type=\"widget\" data-widget_type=\"text-editor.default\">\n\t\t\t\t<div class=\"elementor-widget-container\">\n\t\t\t\t\t\t\t\t\t<p>Sobald eine Bestellung im Webshop aufgegeben wird <em><a href=\"https:\/\/mandevillashop.com\/shop\/\">Webshop<\/a><\/em>aufgegeben wird, erhalten wir eine Benachrichtigung dar\u00fcber. Wir beginnen dann sofort mit der Zusammenstellung der Bestellung. Wenn die Bestellung vor 12:00 Uhr aufgegeben wird, kann sie sogar noch am selben Tag versandt werden!  <\/p><p>Wenn die Pflanzen ausgew\u00e4hlt sind, geben wir ihnen etwas Wasser und Nahrung f\u00fcr die Stra\u00dfe. Auf diese Weise k\u00f6nnen sie eine Weile \u00fcberleben, auch wenn der Transport etwas l\u00e4nger dauert, als uns lieb ist. Als n\u00e4chstes verpacken wir die T\u00f6pfe wasserdicht, um die Kiste zu sch\u00fctzen. Nachdem wir die T\u00f6pfe verpackt haben, stellen wir die Pflanzen in die entsprechenden Kisten. F\u00fcr jede Pflanzengr\u00f6\u00dfe gibt es sogar einen eigenen, ma\u00dfgeschneiderten Karton. Auf diese Weise k\u00f6nnen wir sicher sein, dass die Pflanzen w\u00e4hrend des Transports optimal gesch\u00fctzt sind.     <\/p><p>Kurz vor der Abreise verschlie\u00dfen wir die Kartons und stellen die Pakete auf Postwagen, von da an hat die Reise in Ihren Garten wirklich begonnen. Wenn Sie Ihren neuen Blickfang erhalten, nehmen Sie ihn sofort aus dem Karton. Geben Sie ihr ein sch\u00f6nes sonniges Pl\u00e4tzchen und eventuell etwas frisches Wasser, dann kann das Vergn\u00fcgen beginnen!    <\/p>\t\t\t\t\t\t\t\t<\/div>\n\t\t\t\t<\/div>\n\t\t\t\t\t<\/div>\n\t\t\t\t<\/div>\n\t\t\t\t\t<\/div>\n\t\t\t\t<\/div>\n\t\t\t\t<\/div>\n\t\t","protected":false},"excerpt":{"rendered":"<p>Von der G\u00e4rtnerei in Ihren Garten &#8220;Es dauert eine ganze Weile, bis Ihre Mandevilla, auch bekannt als Dipladenia, zu der sch\u00f6nen Gartenpflanze heranw\u00e4chst, die sie heute ist. In der G\u00e4rtnerei widmen wir uns t\u00e4glich der Schaffung der idealen Bedingungen, unter denen die Pflanzen am besten wachsen k\u00f6nnen.&#8221; &#8220;Unsere Arbeit ist jedoch nicht zu Ende, wenn<\/p>\n","protected":false},"author":1,"featured_media":6088,"parent":6250,"menu_order":0,"comment_status":"closed","ping_status":"closed","template":"","meta":{"_acf_changed":false,"footnotes":""},"class_list":["post-6290","page","type-page","status-publish","has-post-thumbnail","hentry"],"acf":[],"yoast_head":"<!-- This site is optimized with the Yoast SEO plugin v27.4 - https:\/\/yoast.com\/product\/yoast-seo-wordpress\/ -->\n<title>Vom Kinderzimmer zu Ihnen nach Hause - Mandevillashop<\/title>\n<meta name=\"description\" content=\"Bevor die Mandevilla in Ihrem Garten stehen kann, geht ihr ein ganzer Wachstumsprozess voraus. Lesen Sie hier, wie sie in unseren Gew\u00e4chsh\u00e4usern w\u00e4chst.\" \/>\n<meta name=\"robots\" content=\"index, follow, max-snippet:-1, max-image-preview:large, max-video-preview:-1\" \/>\n<link rel=\"canonical\" href=\"https:\/\/mandevillashop.com\/de\/pflege\/von-der-gaertnerei-bis-zu-ihnen-nach-hause\/\" \/>\n<meta property=\"og:locale\" content=\"de_DE\" \/>\n<meta property=\"og:type\" content=\"article\" \/>\n<meta property=\"og:title\" content=\"Vom Kinderzimmer zu Ihnen nach Hause - Mandevillashop\" \/>\n<meta property=\"og:description\" content=\"Bevor die Mandevilla in Ihrem Garten stehen kann, geht ihr ein ganzer Wachstumsprozess voraus. Lesen Sie hier, wie sie in unseren Gew\u00e4chsh\u00e4usern w\u00e4chst.\" \/>\n<meta property=\"og:url\" content=\"https:\/\/mandevillashop.com\/de\/pflege\/von-der-gaertnerei-bis-zu-ihnen-nach-hause\/\" \/>\n<meta property=\"og:site_name\" content=\"Mandevillashop\" \/>\n<meta property=\"article:modified_time\" content=\"2026-03-25T08:21:10+00:00\" \/>\n<meta property=\"og:image\" content=\"https:\/\/mandevillashop.com\/wp-content\/uploads\/2024\/01\/01Tekengebied-1-kopie-15-13.webp\" \/>\n\t<meta property=\"og:image:width\" content=\"802\" \/>\n\t<meta property=\"og:image:height\" content=\"701\" \/>\n\t<meta property=\"og:image:type\" content=\"image\/webp\" \/>\n<meta name=\"twitter:card\" content=\"summary_large_image\" \/>\n<meta name=\"twitter:label1\" content=\"Gesch\u00e4tzte Lesezeit\" \/>\n\t<meta name=\"twitter:data1\" content=\"4\u00a0Minuten\" \/>\n<script type=\"application\/ld+json\" class=\"yoast-schema-graph\">{\"@context\":\"https:\\\/\\\/schema.org\",\"@graph\":[{\"@type\":\"WebPage\",\"@id\":\"https:\\\/\\\/mandevillashop.com\\\/de\\\/pflege\\\/von-der-gaertnerei-bis-zu-ihnen-nach-hause\\\/\",\"url\":\"https:\\\/\\\/mandevillashop.com\\\/de\\\/pflege\\\/von-der-gaertnerei-bis-zu-ihnen-nach-hause\\\/\",\"name\":\"Vom Kinderzimmer zu Ihnen nach Hause - Mandevillashop\",\"isPartOf\":{\"@id\":\"https:\\\/\\\/mandevillashop.com\\\/de\\\/#website\"},\"primaryImageOfPage\":{\"@id\":\"https:\\\/\\\/mandevillashop.com\\\/de\\\/pflege\\\/von-der-gaertnerei-bis-zu-ihnen-nach-hause\\\/#primaryimage\"},\"image\":{\"@id\":\"https:\\\/\\\/mandevillashop.com\\\/de\\\/pflege\\\/von-der-gaertnerei-bis-zu-ihnen-nach-hause\\\/#primaryimage\"},\"thumbnailUrl\":\"https:\\\/\\\/mandevillashop.com\\\/wp-content\\\/uploads\\\/2024\\\/01\\\/01Tekengebied-1-kopie-15-13.webp\",\"datePublished\":\"2024-01-03T08:03:08+00:00\",\"dateModified\":\"2026-03-25T08:21:10+00:00\",\"description\":\"Bevor die Mandevilla in Ihrem Garten stehen kann, geht ihr ein ganzer Wachstumsprozess voraus. Lesen Sie hier, wie sie in unseren Gew\u00e4chsh\u00e4usern w\u00e4chst.\",\"breadcrumb\":{\"@id\":\"https:\\\/\\\/mandevillashop.com\\\/de\\\/pflege\\\/von-der-gaertnerei-bis-zu-ihnen-nach-hause\\\/#breadcrumb\"},\"inLanguage\":\"de\",\"potentialAction\":[{\"@type\":\"ReadAction\",\"target\":[\"https:\\\/\\\/mandevillashop.com\\\/de\\\/pflege\\\/von-der-gaertnerei-bis-zu-ihnen-nach-hause\\\/\"]}]},{\"@type\":\"ImageObject\",\"inLanguage\":\"de\",\"@id\":\"https:\\\/\\\/mandevillashop.com\\\/de\\\/pflege\\\/von-der-gaertnerei-bis-zu-ihnen-nach-hause\\\/#primaryimage\",\"url\":\"https:\\\/\\\/mandevillashop.com\\\/wp-content\\\/uploads\\\/2024\\\/01\\\/01Tekengebied-1-kopie-15-13.webp\",\"contentUrl\":\"https:\\\/\\\/mandevillashop.com\\\/wp-content\\\/uploads\\\/2024\\\/01\\\/01Tekengebied-1-kopie-15-13.webp\",\"width\":802,\"height\":701},{\"@type\":\"BreadcrumbList\",\"@id\":\"https:\\\/\\\/mandevillashop.com\\\/de\\\/pflege\\\/von-der-gaertnerei-bis-zu-ihnen-nach-hause\\\/#breadcrumb\",\"itemListElement\":[{\"@type\":\"ListItem\",\"position\":1,\"name\":\"Home\",\"item\":\"https:\\\/\\\/mandevillashop.com\\\/de\\\/\"},{\"@type\":\"ListItem\",\"position\":2,\"name\":\"Pflege\",\"item\":\"https:\\\/\\\/mandevillashop.com\\\/de\\\/verzorging\\\/\"},{\"@type\":\"ListItem\",\"position\":3,\"name\":\"Vom Kinderzimmer zu Ihnen nach Hause\"}]},{\"@type\":\"WebSite\",\"@id\":\"https:\\\/\\\/mandevillashop.com\\\/de\\\/#website\",\"url\":\"https:\\\/\\\/mandevillashop.com\\\/de\\\/\",\"name\":\"Mandevillashop\",\"description\":\"De Mandevilla Specialist\",\"publisher\":{\"@id\":\"https:\\\/\\\/mandevillashop.com\\\/de\\\/#organization\"},\"potentialAction\":[{\"@type\":\"SearchAction\",\"target\":{\"@type\":\"EntryPoint\",\"urlTemplate\":\"https:\\\/\\\/mandevillashop.com\\\/de\\\/?s={search_term_string}\"},\"query-input\":{\"@type\":\"PropertyValueSpecification\",\"valueRequired\":true,\"valueName\":\"search_term_string\"}}],\"inLanguage\":\"de\"},{\"@type\":\"Organization\",\"@id\":\"https:\\\/\\\/mandevillashop.com\\\/de\\\/#organization\",\"name\":\"Mandevilla Shop\",\"url\":\"https:\\\/\\\/mandevillashop.com\\\/de\\\/\",\"logo\":{\"@type\":\"ImageObject\",\"inLanguage\":\"de\",\"@id\":\"https:\\\/\\\/mandevillashop.com\\\/de\\\/#\\\/schema\\\/logo\\\/image\\\/\",\"url\":\"https:\\\/\\\/mandevillashop.com\\\/wp-content\\\/uploads\\\/2023\\\/07\\\/mandevilla-shop-zwart.svg\",\"contentUrl\":\"https:\\\/\\\/mandevillashop.com\\\/wp-content\\\/uploads\\\/2023\\\/07\\\/mandevilla-shop-zwart.svg\",\"caption\":\"Mandevilla Shop\"},\"image\":{\"@id\":\"https:\\\/\\\/mandevillashop.com\\\/de\\\/#\\\/schema\\\/logo\\\/image\\\/\"}}]}<\/script>\n<!-- \/ Yoast SEO plugin. -->","yoast_head_json":{"title":"Vom Kinderzimmer zu Ihnen nach Hause - Mandevillashop","description":"Bevor die Mandevilla in Ihrem Garten stehen kann, geht ihr ein ganzer Wachstumsprozess voraus. Lesen Sie hier, wie sie in unseren Gew\u00e4chsh\u00e4usern w\u00e4chst.","robots":{"index":"index","follow":"follow","max-snippet":"max-snippet:-1","max-image-preview":"max-image-preview:large","max-video-preview":"max-video-preview:-1"},"canonical":"https:\/\/mandevillashop.com\/de\/pflege\/von-der-gaertnerei-bis-zu-ihnen-nach-hause\/","og_locale":"de_DE","og_type":"article","og_title":"Vom Kinderzimmer zu Ihnen nach Hause - Mandevillashop","og_description":"Bevor die Mandevilla in Ihrem Garten stehen kann, geht ihr ein ganzer Wachstumsprozess voraus. Lesen Sie hier, wie sie in unseren Gew\u00e4chsh\u00e4usern w\u00e4chst.","og_url":"https:\/\/mandevillashop.com\/de\/pflege\/von-der-gaertnerei-bis-zu-ihnen-nach-hause\/","og_site_name":"Mandevillashop","article_modified_time":"2026-03-25T08:21:10+00:00","og_image":[{"width":802,"height":701,"url":"https:\/\/mandevillashop.com\/wp-content\/uploads\/2024\/01\/01Tekengebied-1-kopie-15-13.webp","type":"image\/webp"}],"twitter_card":"summary_large_image","twitter_misc":{"Gesch\u00e4tzte Lesezeit":"4\u00a0Minuten"},"schema":{"@context":"https:\/\/schema.org","@graph":[{"@type":"WebPage","@id":"https:\/\/mandevillashop.com\/de\/pflege\/von-der-gaertnerei-bis-zu-ihnen-nach-hause\/","url":"https:\/\/mandevillashop.com\/de\/pflege\/von-der-gaertnerei-bis-zu-ihnen-nach-hause\/","name":"Vom Kinderzimmer zu Ihnen nach Hause - Mandevillashop","isPartOf":{"@id":"https:\/\/mandevillashop.com\/de\/#website"},"primaryImageOfPage":{"@id":"https:\/\/mandevillashop.com\/de\/pflege\/von-der-gaertnerei-bis-zu-ihnen-nach-hause\/#primaryimage"},"image":{"@id":"https:\/\/mandevillashop.com\/de\/pflege\/von-der-gaertnerei-bis-zu-ihnen-nach-hause\/#primaryimage"},"thumbnailUrl":"https:\/\/mandevillashop.com\/wp-content\/uploads\/2024\/01\/01Tekengebied-1-kopie-15-13.webp","datePublished":"2024-01-03T08:03:08+00:00","dateModified":"2026-03-25T08:21:10+00:00","description":"Bevor die Mandevilla in Ihrem Garten stehen kann, geht ihr ein ganzer Wachstumsprozess voraus. Lesen Sie hier, wie sie in unseren Gew\u00e4chsh\u00e4usern w\u00e4chst.","breadcrumb":{"@id":"https:\/\/mandevillashop.com\/de\/pflege\/von-der-gaertnerei-bis-zu-ihnen-nach-hause\/#breadcrumb"},"inLanguage":"de","potentialAction":[{"@type":"ReadAction","target":["https:\/\/mandevillashop.com\/de\/pflege\/von-der-gaertnerei-bis-zu-ihnen-nach-hause\/"]}]},{"@type":"ImageObject","inLanguage":"de","@id":"https:\/\/mandevillashop.com\/de\/pflege\/von-der-gaertnerei-bis-zu-ihnen-nach-hause\/#primaryimage","url":"https:\/\/mandevillashop.com\/wp-content\/uploads\/2024\/01\/01Tekengebied-1-kopie-15-13.webp","contentUrl":"https:\/\/mandevillashop.com\/wp-content\/uploads\/2024\/01\/01Tekengebied-1-kopie-15-13.webp","width":802,"height":701},{"@type":"BreadcrumbList","@id":"https:\/\/mandevillashop.com\/de\/pflege\/von-der-gaertnerei-bis-zu-ihnen-nach-hause\/#breadcrumb","itemListElement":[{"@type":"ListItem","position":1,"name":"Home","item":"https:\/\/mandevillashop.com\/de\/"},{"@type":"ListItem","position":2,"name":"Pflege","item":"https:\/\/mandevillashop.com\/de\/verzorging\/"},{"@type":"ListItem","position":3,"name":"Vom Kinderzimmer zu Ihnen nach Hause"}]},{"@type":"WebSite","@id":"https:\/\/mandevillashop.com\/de\/#website","url":"https:\/\/mandevillashop.com\/de\/","name":"Mandevillashop","description":"De Mandevilla Specialist","publisher":{"@id":"https:\/\/mandevillashop.com\/de\/#organization"},"potentialAction":[{"@type":"SearchAction","target":{"@type":"EntryPoint","urlTemplate":"https:\/\/mandevillashop.com\/de\/?s={search_term_string}"},"query-input":{"@type":"PropertyValueSpecification","valueRequired":true,"valueName":"search_term_string"}}],"inLanguage":"de"},{"@type":"Organization","@id":"https:\/\/mandevillashop.com\/de\/#organization","name":"Mandevilla Shop","url":"https:\/\/mandevillashop.com\/de\/","logo":{"@type":"ImageObject","inLanguage":"de","@id":"https:\/\/mandevillashop.com\/de\/#\/schema\/logo\/image\/","url":"https:\/\/mandevillashop.com\/wp-content\/uploads\/2023\/07\/mandevilla-shop-zwart.svg","contentUrl":"https:\/\/mandevillashop.com\/wp-content\/uploads\/2023\/07\/mandevilla-shop-zwart.svg","caption":"Mandevilla Shop"},"image":{"@id":"https:\/\/mandevillashop.com\/de\/#\/schema\/logo\/image\/"}}]}},"_links":{"self":[{"href":"https:\/\/mandevillashop.com\/de\/wp-json\/wp\/v2\/pages\/6290","targetHints":{"allow":["GET"]}}],"collection":[{"href":"https:\/\/mandevillashop.com\/de\/wp-json\/wp\/v2\/pages"}],"about":[{"href":"https:\/\/mandevillashop.com\/de\/wp-json\/wp\/v2\/types\/page"}],"author":[{"embeddable":true,"href":"https:\/\/mandevillashop.com\/de\/wp-json\/wp\/v2\/users\/1"}],"replies":[{"embeddable":true,"href":"https:\/\/mandevillashop.com\/de\/wp-json\/wp\/v2\/comments?post=6290"}],"version-history":[{"count":3,"href":"https:\/\/mandevillashop.com\/de\/wp-json\/wp\/v2\/pages\/6290\/revisions"}],"predecessor-version":[{"id":12039,"href":"https:\/\/mandevillashop.com\/de\/wp-json\/wp\/v2\/pages\/6290\/revisions\/12039"}],"up":[{"embeddable":true,"href":"https:\/\/mandevillashop.com\/de\/wp-json\/wp\/v2\/pages\/6250"}],"wp:featuredmedia":[{"embeddable":true,"href":"https:\/\/mandevillashop.com\/de\/wp-json\/wp\/v2\/media\/6088"}],"wp:attachment":[{"href":"https:\/\/mandevillashop.com\/de\/wp-json\/wp\/v2\/media?parent=6290"}],"curies":[{"name":"wp","href":"https:\/\/api.w.org\/{rel}","templated":true}]}}