{"id":6292,"date":"2023-12-22T12:53:58","date_gmt":"2023-12-22T11:53:58","guid":{"rendered":"https:\/\/mandevillashop.com\/pflege\/pflegetipps\/"},"modified":"2024-07-05T16:27:14","modified_gmt":"2024-07-05T14:27:14","slug":"pflegetipps","status":"publish","type":"page","link":"https:\/\/mandevillashop.com\/de\/pflege\/pflegetipps\/","title":{"rendered":"Pflegetipps"},"content":{"rendered":"\t\t<div data-elementor-type=\"wp-page\" data-elementor-id=\"6292\" class=\"elementor elementor-6292 elementor-538\" data-elementor-post-type=\"page\">\n\t\t\t\t<div class=\"elementor-element elementor-element-6e1d10f4 e-flex e-con-boxed e-con e-parent\" data-id=\"6e1d10f4\" data-element_type=\"container\" data-e-type=\"container\">\n\t\t\t\t\t<div class=\"e-con-inner\">\n\t\t\t\t<div class=\"elementor-element elementor-element-3d5eca7e elementor-widget elementor-widget-heading\" data-id=\"3d5eca7e\" data-element_type=\"widget\" data-e-type=\"widget\" data-widget_type=\"heading.default\">\n\t\t\t\t<div class=\"elementor-widget-container\">\n\t\t\t\t\t<h1 class=\"elementor-heading-title elementor-size-default\">Unsere Mandevilla-Pflegetipps<\/h1>\t\t\t\t<\/div>\n\t\t\t\t<\/div>\n\t\t\t\t\t<\/div>\n\t\t\t\t<\/div>\n\t\t<div class=\"elementor-element elementor-element-3c7ba730 e-flex e-con-boxed e-con e-parent\" data-id=\"3c7ba730\" data-element_type=\"container\" data-e-type=\"container\">\n\t\t\t\t\t<div class=\"e-con-inner\">\n\t\t<div class=\"elementor-element elementor-element-7c792755 e-flex e-con-boxed e-con e-child\" data-id=\"7c792755\" data-element_type=\"container\" data-e-type=\"container\">\n\t\t\t\t\t<div class=\"e-con-inner\">\n\t\t<div class=\"elementor-element elementor-element-2972493d e-flex e-con-boxed e-con e-child\" data-id=\"2972493d\" data-element_type=\"container\" data-e-type=\"container\" data-settings=\"{&quot;background_background&quot;:&quot;classic&quot;}\">\n\t\t\t\t\t<div class=\"e-con-inner\">\n\t\t\t\t<div class=\"elementor-element elementor-element-4c6bb190 elementor-widget elementor-widget-text-editor\" data-id=\"4c6bb190\" data-element_type=\"widget\" data-e-type=\"widget\" data-widget_type=\"text-editor.default\">\n\t\t\t\t<div class=\"elementor-widget-container\">\n\t\t\t\t\t\t\t\t\t<p class=\"Plattetekst1\"><span lang=\"DE\">\u201eDie Mandevilla \u2013 wie k\u00f6nnte es auch anders sein \u2013 ist mein Favorit unter den Gartenpflanzen. Ich hoffe, dass sie auch Ihr Favorit ist\u2026 oder zu Ihrem Favoriten wird. Vielleicht haben Sie gerade Ihre erste Mandevilla erhalten oder geh\u00f6ren schon l\u00e4nger zu den Fans dieser Pflanze. Ich gebe Ihnen in diesem Blog meine pers\u00f6nlichen Tipps zur optimalen Pflege Ihrer Mandevilla. Auch wenn die Pflanze sehr pflegeleicht ist, k\u00f6nnen Sie selbstverst\u00e4ndlich daf\u00fcr sorgen, dass sie sich in Ihrem Garten maximal wohlf\u00fchlt.<\/span><\/p>\n<p class=\"Plattetekst1\"><em><span lang=\"DE\">\u00a0\u2013 Tim, Z\u00fcchtungsspezialist von Mandevillashop.com<\/span><\/em><\/p>\n<p><em>PS: Ich schreibe hier \u00fcber \u201eMandevilla\u201c, aber die Pflanze ist auch bekannt unter dem Namen \u201eDipladenia\u201c. Gibt es da einen Unterschied? Nein, den gibt es nicht. Es handelt sich um dieselbe Pflanzenart!<\/em><\/p>\n\t\t\t\t\t\t\t\t<\/div>\n\t\t\t\t<\/div>\n\t\t\t\t\t<\/div>\n\t\t\t\t<\/div>\n\t\t\t\t\t<\/div>\n\t\t\t\t<\/div>\n\t\t\t\t\t<\/div>\n\t\t\t\t<\/div>\n\t\t<div class=\"elementor-element elementor-element-6d47328d e-flex e-con-boxed e-con e-parent\" data-id=\"6d47328d\" data-element_type=\"container\" data-e-type=\"container\">\n\t\t\t\t\t<div class=\"e-con-inner\">\n\t\t<div class=\"elementor-element elementor-element-3478e63e e-flex e-con-boxed e-con e-child\" data-id=\"3478e63e\" data-element_type=\"container\" data-e-type=\"container\">\n\t\t\t\t\t<div class=\"e-con-inner\">\n\t\t\t\t<div class=\"elementor-element elementor-element-21e98bb8 elementor-widget elementor-widget-heading\" data-id=\"21e98bb8\" data-element_type=\"widget\" data-e-type=\"widget\" data-widget_type=\"heading.default\">\n\t\t\t\t<div class=\"elementor-widget-container\">\n\t\t\t\t\t<h4 class=\"elementor-heading-title elementor-size-default\">Erholung g\u00f6nnen<\/h4>\t\t\t\t<\/div>\n\t\t\t\t<\/div>\n\t\t\t\t<div class=\"elementor-element elementor-element-35fddd68 elementor-widget elementor-widget-text-editor\" data-id=\"35fddd68\" data-element_type=\"widget\" data-e-type=\"widget\" data-widget_type=\"text-editor.default\">\n\t\t\t\t<div class=\"elementor-widget-container\">\n\t\t\t\t\t\t\t\t\t<p>Haben Sie Ihre Mandevilla \u00fcber unseren Webshop bestellt? Packen Sie die Pflanze aus und stellen Sie sie ins Freie, sodass sie sich von der Reise erholen kann. Bei Temperaturen unter Null Grad sollten Sie die Pflanze allerdings nicht nach drau\u00dfen stellen.\u00a0 Die Sonne dient der Pflanze als Energiequelle und diese Energie ben\u00f6tigt sie jetzt dringend. Stellen Sie zudem sicher, dass die Topferde nicht zu trocken ist und gie\u00dfen Sie sie die Pflanze gegebenenfalls mit etwas Wasser. Es ist m\u00f6glich, dass ein paar Bl\u00fcten w\u00e4hrend des Transports besch\u00e4digt werden und darum im Laufe der ersten Tage verwelken. Machen Sie sich deswegen aber keine Sorgen! Sie erhalten von uns Mandevillas mit Unmengen an Bl\u00fctenknospen und daraus werden Tag f\u00fcr Tag neue Bl\u00fcten hervorkommen. Wir bieten nicht ohne Grund eine\u00a0<em><a href=\"https:\/\/mandevillashop.com\/de\/mandevilla-bluehgarantie\/\">Bl\u00fchgarantie<\/a><\/em>\u00a0an.<\/p>\t\t\t\t\t\t\t\t<\/div>\n\t\t\t\t<\/div>\n\t\t\t\t<div class=\"elementor-element elementor-element-1f2e5255 elementor-widget elementor-widget-heading\" data-id=\"1f2e5255\" data-element_type=\"widget\" data-e-type=\"widget\" data-widget_type=\"heading.default\">\n\t\t\t\t<div class=\"elementor-widget-container\">\n\t\t\t\t\t<h4 class=\"elementor-heading-title elementor-size-default\">Sonnenanbeterin<\/h4>\t\t\t\t<\/div>\n\t\t\t\t<\/div>\n\t\t\t\t<div class=\"elementor-element elementor-element-41b6d478 elementor-widget elementor-widget-text-editor\" data-id=\"41b6d478\" data-element_type=\"widget\" data-e-type=\"widget\" data-widget_type=\"text-editor.default\">\n\t\t\t\t<div class=\"elementor-widget-container\">\n\t\t\t\t\t\t\t\t\t<p class=\"Plattetekst1\"><span lang=\"DE\">Es versteht sich von selbst, dass Sie den Ihrer Meinung nach sch\u00f6nsten Platz in Ihrem Garten oder auf Ihrer Terrasse oder Ihrem Balkon f\u00fcr Ihre Mandevilla reservieren. Ein Aspekt ist dabei aber besonders wichtig: Sonnenlicht! Nichts mag diese Pflanze n\u00e4mlich lieber. Ein Platz an der Sonne sorgt daf\u00fcr, dass sie ausgiebig bl\u00fchen wird. Sie muss nicht den ganzen Tag Sonne haben, auch im Halbschatten f\u00fchlt sie sich immer noch pudelwohl. Wenn die Mandevilla allerdings ausschlie\u00dflich im Schatten steht, wird sie irgendwann keine neuen Bl\u00fctenknospen mehr produzieren. Das w\u00e4re nat\u00fcrlich schade!<\/span><\/p>\n\t\t\t\t\t\t\t\t<\/div>\n\t\t\t\t<\/div>\n\t\t\t\t<div class=\"elementor-element elementor-element-5f50bff elementor-widget elementor-widget-heading\" data-id=\"5f50bff\" data-element_type=\"widget\" data-e-type=\"widget\" data-widget_type=\"heading.default\">\n\t\t\t\t<div class=\"elementor-widget-container\">\n\t\t\t\t\t<h4 class=\"elementor-heading-title elementor-size-default\">Ein neues Zuhause<\/h4>\t\t\t\t<\/div>\n\t\t\t\t<\/div>\n\t\t\t\t<div class=\"elementor-element elementor-element-501a3cd elementor-widget elementor-widget-text-editor\" data-id=\"501a3cd\" data-element_type=\"widget\" data-e-type=\"widget\" data-widget_type=\"text-editor.default\">\n\t\t\t\t<div class=\"elementor-widget-container\">\n\t\t\t\t\t\t\t\t\t<p>Wir empfehlen Ihnen, die Pflanzen aus dem Anzuchttopf zu holen und in einen gr\u00f6\u00dferen Pflanzk\u00fcbel oder Blumentopf zu setzen; diesen Vorgang nennen wir\u00a0<em>Umtopfen.<\/em>\u00a0Interessant zu wissen: Die Mandevilla w\u00e4chst sowohl oberhalb als in der Erde im Gleichgewicht. Wenn die Wurzeln keinen Platz zum Wachsen mehr haben, dann stellt die gesamte Pflanze das weitere Wachstum ein. Um zu bestimmen, wie viel Erde, Pflanzen oder Hydrok\u00f6rner Sie ben\u00f6tigen, haben wir ein sehr praktisches Tool entwickelt: den\u00a0<em><a href=\"https:\/\/mandevillashop.com\/de\/pflanzgefaess-konfigurator\/\">Pflanzk\u00fcbel-Konfigurator<\/a>!<\/em><\/p>\t\t\t\t\t\t\t\t<\/div>\n\t\t\t\t<\/div>\n\t\t\t\t<div class=\"elementor-element elementor-element-075dd27 elementor-widget elementor-widget-heading\" data-id=\"075dd27\" data-element_type=\"widget\" data-e-type=\"widget\" data-widget_type=\"heading.default\">\n\t\t\t\t<div class=\"elementor-widget-container\">\n\t\t\t\t\t<h4 class=\"elementor-heading-title elementor-size-default\">Mandevilla umtopfen<\/h4>\t\t\t\t<\/div>\n\t\t\t\t<\/div>\n\t\t\t\t<div class=\"elementor-element elementor-element-83f7460 elementor-widget elementor-widget-text-editor\" data-id=\"83f7460\" data-element_type=\"widget\" data-e-type=\"widget\" data-widget_type=\"text-editor.default\">\n\t\t\t\t<div class=\"elementor-widget-container\">\n\t\t\t\t\t\t\t\t\t<p>Sie k\u00f6nnen die Mandevilla jederzeit umtopfen. Wir arbeiten mit spezieller Mandevilla-Topferde, der D\u00fcngek\u00f6rner mit einer sehr langen Wirksamkeit hinzugef\u00fcgt werden. Dadurch ist es nicht mehr notwendig, Ihre Mandevilla noch zus\u00e4tzlich zu d\u00fcngen. Das h\u00f6rt man gerne, oder? Wenn Sie diese Topferde zusammen mit Ihrer Mandevilla in unserem Webshop bestellen, erhalten Sie von uns eine 3-monatige Wachstums- und Bl\u00fchgarantie. Aber, wie funktioniert das Umtopfen eigentlich? H\u00e4ufig ist es so, dass die Pflanze sich nicht ganz ohne M\u00fche aus dem Topf l\u00f6sen l\u00e4sst. Dann hilft es, sie \u00fcber Kopf zu halten und den Topf aufzuschneiden, sodass die Pflanze sich l\u00f6st. Sie sollten nie an der Pflanze ziehen, da hierdurch die Wurzeln rei\u00dfen k\u00f6nnten. Gie\u00dfen Sie die Pflanze nach dem Umtopfen ausgiebig, um f\u00fcr eine gute Bindung zwischen der alten und neuen Topferde zu sorgen. Es ist auch m\u00f6glich, nach dem Umtopfen\u00a0<em><a href=\"https:\/\/mandevillashop.com\/de\/produkt\/mandevilla-nahrstoffkegel-12-stuck\/\">N\u00e4hrstoffkegel<\/a><\/em>\u00a0hinzuzuf\u00fcgen, um die Bl\u00fcte und das Wachstum Ihrer Pflanze noch st\u00e4rker zu f\u00f6rdern.<\/p>\t\t\t\t\t\t\t\t<\/div>\n\t\t\t\t<\/div>\n\t\t\t\t<div class=\"elementor-element elementor-element-b1d4d96 elementor-widget elementor-widget-heading\" data-id=\"b1d4d96\" data-element_type=\"widget\" data-e-type=\"widget\" data-widget_type=\"heading.default\">\n\t\t\t\t<div class=\"elementor-widget-container\">\n\t\t\t\t\t<h4 class=\"elementor-heading-title elementor-size-default\">Gie\u00dfen<\/h4>\t\t\t\t<\/div>\n\t\t\t\t<\/div>\n\t\t\t\t<div class=\"elementor-element elementor-element-90f0456 elementor-widget elementor-widget-text-editor\" data-id=\"90f0456\" data-element_type=\"widget\" data-e-type=\"widget\" data-widget_type=\"text-editor.default\">\n\t\t\t\t<div class=\"elementor-widget-container\">\n\t\t\t\t\t\t\t\t\t<p class=\"Plattetekst1\">Trockenheit ist f\u00fcr die Mandevilla kein Problem. Das ist auch einer der Gr\u00fcnde, warum sie so pflegeleicht ist. Von Kunden erhalten wir h\u00e4ufig folgende R\u00fcckmeldung: \u201eNach unserem Urlaub waren alle Terrassenpflanzen tot, aber die Mandevillas hatten es \u00fcberlebt!\u201c Das bedeutet nicht, dass Sie die Pflanze komplett verwahrlosen sollten, aber es ist noch kein Bein-\/Wurzelbruch, wenn sie einmal nicht gegossen wird. Sie k\u00f6nnen die Mandevilla am besten einmal pro Woche gie\u00dfen (wenn es nicht geregnet hat). Wenn es l\u00e4ngere Zeit warm ist, sollten Sie die Pflanze jeden zweiten Tag gie\u00dfen (im Wurzelbereich\/am Boden). Wir empfehlen die Verwendung eines Pflanzk\u00fcbels mit einem Loch im Boden. Damit kann \u00fcbersch\u00fcssiges Wasser (nach einem Regenschauer) abflie\u00dfen. Hat Ihr K\u00fcbel\/Topf kein Loch im Boden? Sorgen Sie dann f\u00fcr eine dicke Schicht\u00a0<em><a href=\"https:\/\/mandevillashop.com\/de\/produkt\/mandevilla-hydrokorner-10l\/\">Hydrok\u00f6rner<\/a>,<\/em> da diese Wasser sehr gut aufnehmen und langsam wieder abgeben, sodass die Pflanze keine \u201enassen F\u00fc\u00dfe\u201c bekommt. Wir empfehlen sowieso, dem Topf eine kleine Schicht (ca. 20 %) Hydrok\u00f6rner hinzuzuf\u00fcgen. Dann m\u00fcssen Sie sich noch weniger um die Pflanze k\u00fcmmern.<\/p><p>F\u00e4rben die Bl\u00e4tter Ihrer Mandevilla sich gelb. Das hat h\u00e4ufig mit dem Wasserhaushalt zu tun. Wir erkl\u00e4ren Ihnen in\u00a0<a href=\"https:\/\/mandevillashop.com\/de\/mandevilla-mit-gelbes-blatt\/\"><em>diesem<\/em> Blog<\/a>, was Sie dagegen tun k\u00f6nnen.<\/p>\t\t\t\t\t\t\t\t<\/div>\n\t\t\t\t<\/div>\n\t\t\t\t<div class=\"elementor-element elementor-element-047b64c elementor-widget elementor-widget-heading\" data-id=\"047b64c\" data-element_type=\"widget\" data-e-type=\"widget\" data-widget_type=\"heading.default\">\n\t\t\t\t<div class=\"elementor-widget-container\">\n\t\t\t\t\t<h4 class=\"elementor-heading-title elementor-size-default\">Ranken<\/h4>\t\t\t\t<\/div>\n\t\t\t\t<\/div>\n\t\t\t\t<div class=\"elementor-element elementor-element-9f07e05 elementor-widget elementor-widget-text-editor\" data-id=\"9f07e05\" data-element_type=\"widget\" data-e-type=\"widget\" data-widget_type=\"text-editor.default\">\n\t\t\t\t<div class=\"elementor-widget-container\">\n\t\t\t\t\t\t\t\t\t<p>Die Mandevilla kann \u201eranken\u201c (klettern), allerdings ist das abh\u00e4ngig vom Ort, an dem sie steht. In der Sonne produziert sie mehr Bl\u00fcten. Wenn die Pflanze an einem k\u00fchleren Ort steht, hat sie mehr Energie, um zu wachsen und so entstehen die charakteristischen Ranken. Die Wuchsform k\u00f6nnen Sie beeinflussen. Wir verraten Ihnen alles dar\u00fcber in unserem Blog \u00fcber\u00a0<a href=\"https:\/\/mandevillashop.com\/de\/mandevilla-wachstum\/\"><em>Wachsen<\/em> und eindrehen<\/a>. Wir verkaufen auch eine\u00a0<em><a href=\"https:\/\/mandevillashop.com\/de\/produkt\/kletterset\/\">Rankhilfe<\/a>,<\/em> mit der die Mandevilla wachsen kann.<\/p>\t\t\t\t\t\t\t\t<\/div>\n\t\t\t\t<\/div>\n\t\t\t\t<div class=\"elementor-element elementor-element-6f76b8a elementor-widget elementor-widget-heading\" data-id=\"6f76b8a\" data-element_type=\"widget\" data-e-type=\"widget\" data-widget_type=\"heading.default\">\n\t\t\t\t<div class=\"elementor-widget-container\">\n\t\t\t\t\t<h4 class=\"elementor-heading-title elementor-size-default\">Insekten und Sch\u00e4dlingsbefall<\/h4>\t\t\t\t<\/div>\n\t\t\t\t<\/div>\n\t\t\t\t<div class=\"elementor-element elementor-element-4c39f1a elementor-widget elementor-widget-text-editor\" data-id=\"4c39f1a\" data-element_type=\"widget\" data-e-type=\"widget\" data-widget_type=\"text-editor.default\">\n\t\t\t\t<div class=\"elementor-widget-container\">\n\t\t\t\t\t\t\t\t\t<p>Mandevillas sind zum Gl\u00fcck nicht besonders empf\u00e4nglich f\u00fcr Insekten- und Sch\u00e4dlingsbefall. Nur die Blattlaus nistet sich ab und zu ein. Die umweltfreundlichste Option ist das Abschneiden und Entsorgen der Triebe, die von der Laus befallen sind.Es ist auch m\u00f6glich, ein biologisches Pestizid zu verwenden. Leidet Ihre Mandevilla unter Insektenbefall? Lesen Sie dann den\u00a0<a href=\"https:\/\/mandevillashop.com\/de\/mandevilla-mit-insekten\/\">Blog mit <em>Tipps<\/em><\/a><em>,<\/em> den wir zu diesem Thema verfasst haben!<\/p><p>Dies waren die wichtigsten Tipps bez\u00fcglich der Pflege der Mandevilla\/Dipladenia. Wir w\u00fcnschen Ihnen viel Freude an Ihrer Mandevilla!<\/p>\t\t\t\t\t\t\t\t<\/div>\n\t\t\t\t<\/div>\n\t\t\t\t\t<\/div>\n\t\t\t\t<\/div>\n\t\t\t\t\t<\/div>\n\t\t\t\t<\/div>\n\t\t\t\t<\/div>\n\t\t","protected":false},"excerpt":{"rendered":"<p>Unsere Mandevilla-Pflegetipps \u201eDie Mandevilla \u2013 wie k\u00f6nnte es auch anders sein \u2013 ist mein Favorit unter den Gartenpflanzen. Ich hoffe, dass sie auch Ihr Favorit ist\u2026 oder zu Ihrem Favoriten wird. Vielleicht haben Sie gerade Ihre erste Mandevilla erhalten oder geh\u00f6ren schon l\u00e4nger zu den Fans dieser Pflanze. Ich gebe Ihnen in diesem Blog meine<\/p>\n","protected":false},"author":1,"featured_media":6156,"parent":6250,"menu_order":0,"comment_status":"closed","ping_status":"closed","template":"","meta":{"_acf_changed":false,"footnotes":""},"class_list":["post-6292","page","type-page","status-publish","has-post-thumbnail","hentry"],"acf":[],"yoast_head":"<!-- This site is optimized with the Yoast SEO plugin v27.4 - https:\/\/yoast.com\/product\/yoast-seo-wordpress\/ -->\n<title>Pflegetipps - Mandevillashop<\/title>\n<meta name=\"description\" content=\"M\u00f6chten Sie wissen, wie Sie Ihre Mandevilla so lange wie m\u00f6glich sch\u00f6n halten k\u00f6nnen? Wir haben alle Pflegetipps f\u00fcr Sie aufgelistet.\" \/>\n<meta name=\"robots\" content=\"index, follow, max-snippet:-1, max-image-preview:large, max-video-preview:-1\" \/>\n<link rel=\"canonical\" href=\"https:\/\/mandevillashop.com\/de\/pflege\/pflegetipps\/\" \/>\n<meta property=\"og:locale\" content=\"de_DE\" \/>\n<meta property=\"og:type\" content=\"article\" \/>\n<meta property=\"og:title\" content=\"Pflegetipps - Mandevillashop\" \/>\n<meta property=\"og:description\" content=\"M\u00f6chten Sie wissen, wie Sie Ihre Mandevilla so lange wie m\u00f6glich sch\u00f6n halten k\u00f6nnen? Wir haben alle Pflegetipps f\u00fcr Sie aufgelistet.\" \/>\n<meta property=\"og:url\" content=\"https:\/\/mandevillashop.com\/de\/pflege\/pflegetipps\/\" \/>\n<meta property=\"og:site_name\" content=\"Mandevillashop\" \/>\n<meta property=\"article:modified_time\" content=\"2024-07-05T14:27:14+00:00\" \/>\n<meta property=\"og:image\" content=\"https:\/\/mandevillashop.com\/wp-content\/uploads\/2024\/01\/2.1-Web-scaled-31.jpg\" \/>\n\t<meta property=\"og:image:width\" content=\"1708\" \/>\n\t<meta property=\"og:image:height\" content=\"2560\" \/>\n\t<meta property=\"og:image:type\" content=\"image\/jpeg\" \/>\n<meta name=\"twitter:card\" content=\"summary_large_image\" \/>\n<meta name=\"twitter:label1\" content=\"Gesch\u00e4tzte Lesezeit\" \/>\n\t<meta name=\"twitter:data1\" content=\"6\u00a0Minuten\" \/>\n<script type=\"application\/ld+json\" class=\"yoast-schema-graph\">{\"@context\":\"https:\\\/\\\/schema.org\",\"@graph\":[{\"@type\":\"WebPage\",\"@id\":\"https:\\\/\\\/mandevillashop.com\\\/de\\\/pflege\\\/pflegetipps\\\/\",\"url\":\"https:\\\/\\\/mandevillashop.com\\\/de\\\/pflege\\\/pflegetipps\\\/\",\"name\":\"Pflegetipps - Mandevillashop\",\"isPartOf\":{\"@id\":\"https:\\\/\\\/mandevillashop.com\\\/de\\\/#website\"},\"primaryImageOfPage\":{\"@id\":\"https:\\\/\\\/mandevillashop.com\\\/de\\\/pflege\\\/pflegetipps\\\/#primaryimage\"},\"image\":{\"@id\":\"https:\\\/\\\/mandevillashop.com\\\/de\\\/pflege\\\/pflegetipps\\\/#primaryimage\"},\"thumbnailUrl\":\"https:\\\/\\\/mandevillashop.com\\\/wp-content\\\/uploads\\\/2024\\\/01\\\/2.1-Web-scaled-31.jpg\",\"datePublished\":\"2023-12-22T11:53:58+00:00\",\"dateModified\":\"2024-07-05T14:27:14+00:00\",\"description\":\"M\u00f6chten Sie wissen, wie Sie Ihre Mandevilla so lange wie m\u00f6glich sch\u00f6n halten k\u00f6nnen? Wir haben alle Pflegetipps f\u00fcr Sie aufgelistet.\",\"breadcrumb\":{\"@id\":\"https:\\\/\\\/mandevillashop.com\\\/de\\\/pflege\\\/pflegetipps\\\/#breadcrumb\"},\"inLanguage\":\"de\",\"potentialAction\":[{\"@type\":\"ReadAction\",\"target\":[\"https:\\\/\\\/mandevillashop.com\\\/de\\\/pflege\\\/pflegetipps\\\/\"]}]},{\"@type\":\"ImageObject\",\"inLanguage\":\"de\",\"@id\":\"https:\\\/\\\/mandevillashop.com\\\/de\\\/pflege\\\/pflegetipps\\\/#primaryimage\",\"url\":\"https:\\\/\\\/mandevillashop.com\\\/wp-content\\\/uploads\\\/2024\\\/01\\\/2.1-Web-scaled-31.jpg\",\"contentUrl\":\"https:\\\/\\\/mandevillashop.com\\\/wp-content\\\/uploads\\\/2024\\\/01\\\/2.1-Web-scaled-31.jpg\",\"width\":1708,\"height\":2560},{\"@type\":\"BreadcrumbList\",\"@id\":\"https:\\\/\\\/mandevillashop.com\\\/de\\\/pflege\\\/pflegetipps\\\/#breadcrumb\",\"itemListElement\":[{\"@type\":\"ListItem\",\"position\":1,\"name\":\"Home\",\"item\":\"https:\\\/\\\/mandevillashop.com\\\/de\\\/\"},{\"@type\":\"ListItem\",\"position\":2,\"name\":\"Pflege\",\"item\":\"https:\\\/\\\/mandevillashop.com\\\/de\\\/verzorging\\\/\"},{\"@type\":\"ListItem\",\"position\":3,\"name\":\"Pflegetipps\"}]},{\"@type\":\"WebSite\",\"@id\":\"https:\\\/\\\/mandevillashop.com\\\/de\\\/#website\",\"url\":\"https:\\\/\\\/mandevillashop.com\\\/de\\\/\",\"name\":\"Mandevillashop\",\"description\":\"De Mandevilla Specialist\",\"publisher\":{\"@id\":\"https:\\\/\\\/mandevillashop.com\\\/de\\\/#organization\"},\"potentialAction\":[{\"@type\":\"SearchAction\",\"target\":{\"@type\":\"EntryPoint\",\"urlTemplate\":\"https:\\\/\\\/mandevillashop.com\\\/de\\\/?s={search_term_string}\"},\"query-input\":{\"@type\":\"PropertyValueSpecification\",\"valueRequired\":true,\"valueName\":\"search_term_string\"}}],\"inLanguage\":\"de\"},{\"@type\":\"Organization\",\"@id\":\"https:\\\/\\\/mandevillashop.com\\\/de\\\/#organization\",\"name\":\"Mandevilla Shop\",\"url\":\"https:\\\/\\\/mandevillashop.com\\\/de\\\/\",\"logo\":{\"@type\":\"ImageObject\",\"inLanguage\":\"de\",\"@id\":\"https:\\\/\\\/mandevillashop.com\\\/de\\\/#\\\/schema\\\/logo\\\/image\\\/\",\"url\":\"https:\\\/\\\/mandevillashop.com\\\/wp-content\\\/uploads\\\/2023\\\/07\\\/mandevilla-shop-zwart.svg\",\"contentUrl\":\"https:\\\/\\\/mandevillashop.com\\\/wp-content\\\/uploads\\\/2023\\\/07\\\/mandevilla-shop-zwart.svg\",\"caption\":\"Mandevilla Shop\"},\"image\":{\"@id\":\"https:\\\/\\\/mandevillashop.com\\\/de\\\/#\\\/schema\\\/logo\\\/image\\\/\"}}]}<\/script>\n<!-- \/ Yoast SEO plugin. -->","yoast_head_json":{"title":"Pflegetipps - Mandevillashop","description":"M\u00f6chten Sie wissen, wie Sie Ihre Mandevilla so lange wie m\u00f6glich sch\u00f6n halten k\u00f6nnen? Wir haben alle Pflegetipps f\u00fcr Sie aufgelistet.","robots":{"index":"index","follow":"follow","max-snippet":"max-snippet:-1","max-image-preview":"max-image-preview:large","max-video-preview":"max-video-preview:-1"},"canonical":"https:\/\/mandevillashop.com\/de\/pflege\/pflegetipps\/","og_locale":"de_DE","og_type":"article","og_title":"Pflegetipps - Mandevillashop","og_description":"M\u00f6chten Sie wissen, wie Sie Ihre Mandevilla so lange wie m\u00f6glich sch\u00f6n halten k\u00f6nnen? Wir haben alle Pflegetipps f\u00fcr Sie aufgelistet.","og_url":"https:\/\/mandevillashop.com\/de\/pflege\/pflegetipps\/","og_site_name":"Mandevillashop","article_modified_time":"2024-07-05T14:27:14+00:00","og_image":[{"width":1708,"height":2560,"url":"https:\/\/mandevillashop.com\/wp-content\/uploads\/2024\/01\/2.1-Web-scaled-31.jpg","type":"image\/jpeg"}],"twitter_card":"summary_large_image","twitter_misc":{"Gesch\u00e4tzte Lesezeit":"6\u00a0Minuten"},"schema":{"@context":"https:\/\/schema.org","@graph":[{"@type":"WebPage","@id":"https:\/\/mandevillashop.com\/de\/pflege\/pflegetipps\/","url":"https:\/\/mandevillashop.com\/de\/pflege\/pflegetipps\/","name":"Pflegetipps - Mandevillashop","isPartOf":{"@id":"https:\/\/mandevillashop.com\/de\/#website"},"primaryImageOfPage":{"@id":"https:\/\/mandevillashop.com\/de\/pflege\/pflegetipps\/#primaryimage"},"image":{"@id":"https:\/\/mandevillashop.com\/de\/pflege\/pflegetipps\/#primaryimage"},"thumbnailUrl":"https:\/\/mandevillashop.com\/wp-content\/uploads\/2024\/01\/2.1-Web-scaled-31.jpg","datePublished":"2023-12-22T11:53:58+00:00","dateModified":"2024-07-05T14:27:14+00:00","description":"M\u00f6chten Sie wissen, wie Sie Ihre Mandevilla so lange wie m\u00f6glich sch\u00f6n halten k\u00f6nnen? Wir haben alle Pflegetipps f\u00fcr Sie aufgelistet.","breadcrumb":{"@id":"https:\/\/mandevillashop.com\/de\/pflege\/pflegetipps\/#breadcrumb"},"inLanguage":"de","potentialAction":[{"@type":"ReadAction","target":["https:\/\/mandevillashop.com\/de\/pflege\/pflegetipps\/"]}]},{"@type":"ImageObject","inLanguage":"de","@id":"https:\/\/mandevillashop.com\/de\/pflege\/pflegetipps\/#primaryimage","url":"https:\/\/mandevillashop.com\/wp-content\/uploads\/2024\/01\/2.1-Web-scaled-31.jpg","contentUrl":"https:\/\/mandevillashop.com\/wp-content\/uploads\/2024\/01\/2.1-Web-scaled-31.jpg","width":1708,"height":2560},{"@type":"BreadcrumbList","@id":"https:\/\/mandevillashop.com\/de\/pflege\/pflegetipps\/#breadcrumb","itemListElement":[{"@type":"ListItem","position":1,"name":"Home","item":"https:\/\/mandevillashop.com\/de\/"},{"@type":"ListItem","position":2,"name":"Pflege","item":"https:\/\/mandevillashop.com\/de\/verzorging\/"},{"@type":"ListItem","position":3,"name":"Pflegetipps"}]},{"@type":"WebSite","@id":"https:\/\/mandevillashop.com\/de\/#website","url":"https:\/\/mandevillashop.com\/de\/","name":"Mandevillashop","description":"De Mandevilla Specialist","publisher":{"@id":"https:\/\/mandevillashop.com\/de\/#organization"},"potentialAction":[{"@type":"SearchAction","target":{"@type":"EntryPoint","urlTemplate":"https:\/\/mandevillashop.com\/de\/?s={search_term_string}"},"query-input":{"@type":"PropertyValueSpecification","valueRequired":true,"valueName":"search_term_string"}}],"inLanguage":"de"},{"@type":"Organization","@id":"https:\/\/mandevillashop.com\/de\/#organization","name":"Mandevilla Shop","url":"https:\/\/mandevillashop.com\/de\/","logo":{"@type":"ImageObject","inLanguage":"de","@id":"https:\/\/mandevillashop.com\/de\/#\/schema\/logo\/image\/","url":"https:\/\/mandevillashop.com\/wp-content\/uploads\/2023\/07\/mandevilla-shop-zwart.svg","contentUrl":"https:\/\/mandevillashop.com\/wp-content\/uploads\/2023\/07\/mandevilla-shop-zwart.svg","caption":"Mandevilla Shop"},"image":{"@id":"https:\/\/mandevillashop.com\/de\/#\/schema\/logo\/image\/"}}]}},"_links":{"self":[{"href":"https:\/\/mandevillashop.com\/de\/wp-json\/wp\/v2\/pages\/6292","targetHints":{"allow":["GET"]}}],"collection":[{"href":"https:\/\/mandevillashop.com\/de\/wp-json\/wp\/v2\/pages"}],"about":[{"href":"https:\/\/mandevillashop.com\/de\/wp-json\/wp\/v2\/types\/page"}],"author":[{"embeddable":true,"href":"https:\/\/mandevillashop.com\/de\/wp-json\/wp\/v2\/users\/1"}],"replies":[{"embeddable":true,"href":"https:\/\/mandevillashop.com\/de\/wp-json\/wp\/v2\/comments?post=6292"}],"version-history":[{"count":4,"href":"https:\/\/mandevillashop.com\/de\/wp-json\/wp\/v2\/pages\/6292\/revisions"}],"predecessor-version":[{"id":8667,"href":"https:\/\/mandevillashop.com\/de\/wp-json\/wp\/v2\/pages\/6292\/revisions\/8667"}],"up":[{"embeddable":true,"href":"https:\/\/mandevillashop.com\/de\/wp-json\/wp\/v2\/pages\/6250"}],"wp:featuredmedia":[{"embeddable":true,"href":"https:\/\/mandevillashop.com\/de\/wp-json\/wp\/v2\/media\/6156"}],"wp:attachment":[{"href":"https:\/\/mandevillashop.com\/de\/wp-json\/wp\/v2\/media?parent=6292"}],"curies":[{"name":"wp","href":"https:\/\/api.w.org\/{rel}","templated":true}]}}