{"id":6298,"date":"2023-12-22T12:44:10","date_gmt":"2023-12-22T11:44:10","guid":{"rendered":"https:\/\/mandevillashop.com\/pflege\/duengen\/"},"modified":"2024-07-05T16:29:32","modified_gmt":"2024-07-05T14:29:32","slug":"duengen","status":"publish","type":"page","link":"https:\/\/mandevillashop.com\/de\/pflege\/duengen\/","title":{"rendered":"D\u00fcngen"},"content":{"rendered":"\t\t<div data-elementor-type=\"wp-page\" data-elementor-id=\"6298\" class=\"elementor elementor-6298 elementor-514\" data-elementor-post-type=\"page\">\n\t\t\t\t<div class=\"elementor-element elementor-element-6db9a43 e-flex e-con-boxed e-con e-parent\" data-id=\"6db9a43\" data-element_type=\"container\">\n\t\t\t\t\t<div class=\"e-con-inner\">\n\t\t\t\t<div class=\"elementor-element elementor-element-b8e0710 elementor-widget elementor-widget-heading\" data-id=\"b8e0710\" data-element_type=\"widget\" data-widget_type=\"heading.default\">\n\t\t\t\t<div class=\"elementor-widget-container\">\n\t\t\t\t\t<h1 class=\"elementor-heading-title elementor-size-default\">Welcher D\u00fcnger f\u00fcr meine Mandevilla?<\/h1>\t\t\t\t<\/div>\n\t\t\t\t<\/div>\n\t\t\t\t\t<\/div>\n\t\t\t\t<\/div>\n\t\t<div class=\"elementor-element elementor-element-80741ac e-flex e-con-boxed e-con e-parent\" data-id=\"80741ac\" data-element_type=\"container\">\n\t\t\t\t\t<div class=\"e-con-inner\">\n\t\t<div class=\"elementor-element elementor-element-96aa27a e-flex e-con-boxed e-con e-child\" data-id=\"96aa27a\" data-element_type=\"container\">\n\t\t\t\t\t<div class=\"e-con-inner\">\n\t\t<div class=\"elementor-element elementor-element-c8a7161 e-flex e-con-boxed e-con e-child\" data-id=\"c8a7161\" data-element_type=\"container\" data-settings=\"{&quot;background_background&quot;:&quot;classic&quot;}\">\n\t\t\t\t\t<div class=\"e-con-inner\">\n\t\t\t\t<div class=\"elementor-element elementor-element-2efdb3d elementor-widget elementor-widget-text-editor\" data-id=\"2efdb3d\" data-element_type=\"widget\" data-widget_type=\"text-editor.default\">\n\t\t\t\t<div class=\"elementor-widget-container\">\n\t\t\t\t\t\t\t\t\t<p>\u201eMandevillas sind pflegeleichte Gartenpflanzen, die wenig Anspr\u00fcche stellen. Nichtsdestotrotz ist es mit dem richtigen D\u00fcnger m\u00f6glich, alles aus Ihrer Pflanze herauszuholen, was in ihr steckt. Sowohl der Einsatz von festem als auch von fl\u00fcssigem Pflanzend\u00fcnger ist m\u00f6glich. Die Mandevilla kann einiges an D\u00fcnger gebrauchen. Und den wollen wir ihr auch g\u00f6nnen, oder?\u201c<\/p>\n<p><em>Tim \u2013 Z\u00fcchtungsspezialist von Mandevillashop.com<\/em><\/p>\n\t\t\t\t\t\t\t\t<\/div>\n\t\t\t\t<\/div>\n\t\t\t\t\t<\/div>\n\t\t\t\t<\/div>\n\t\t\t\t\t<\/div>\n\t\t\t\t<\/div>\n\t\t\t\t\t<\/div>\n\t\t\t\t<\/div>\n\t\t<div class=\"elementor-element elementor-element-34e049b e-flex e-con-boxed e-con e-parent\" data-id=\"34e049b\" data-element_type=\"container\">\n\t\t\t\t\t<div class=\"e-con-inner\">\n\t\t<div class=\"elementor-element elementor-element-8160597 e-flex e-con-boxed e-con e-child\" data-id=\"8160597\" data-element_type=\"container\">\n\t\t\t\t\t<div class=\"e-con-inner\">\n\t\t\t\t<div class=\"elementor-element elementor-element-6704db2 elementor-widget elementor-widget-text-editor\" data-id=\"6704db2\" data-element_type=\"widget\" data-widget_type=\"text-editor.default\">\n\t\t\t\t<div class=\"elementor-widget-container\">\n\t\t\t\t\t\t\t\t\t<p>Pflanzend\u00fcnger f\u00fcr Ihre Mandevilla \/ Dipladenia gibt es in Form von anorganischem und organischem D\u00fcnger. \u00a0Anorganischer D\u00fcnger ist eigentlich Kunstd\u00fcnger, der chemisch hergestellt wird. Organischer D\u00fcnger ist tierischen und pflanzlichen Ursprungs, z.\u00a0B. Kuhdungk\u00f6rner.<\/p>\n\t\t\t\t\t\t\t\t<\/div>\n\t\t\t\t<\/div>\n\t\t\t\t<div class=\"elementor-element elementor-element-d1be9b4 elementor-widget elementor-widget-heading\" data-id=\"d1be9b4\" data-element_type=\"widget\" data-widget_type=\"heading.default\">\n\t\t\t\t<div class=\"elementor-widget-container\">\n\t\t\t\t\t<h4 class=\"elementor-heading-title elementor-size-default\">Kunstd\u00fcnger f\u00fcr Ihre Mandevilla<\/h4>\t\t\t\t<\/div>\n\t\t\t\t<\/div>\n\t\t\t\t<div class=\"elementor-element elementor-element-fa0f1ef elementor-widget elementor-widget-text-editor\" data-id=\"fa0f1ef\" data-element_type=\"widget\" data-widget_type=\"text-editor.default\">\n\t\t\t\t<div class=\"elementor-widget-container\">\n\t\t\t\t\t\t\t\t\t<p>Kunstd\u00fcnger ist f\u00fcr Ihre Mandevilla eine gute Option. Sie sollten maximal alle zwei Wochen mit 15-20 Gramm auf 10 Liter d\u00fcngen.<\/p><p>Wir empfehlen Osmocote, ein umh\u00fclltes Mistkorn. Dieses Korn gibt \u00fcber die gesamte Wachstumssaison langsam N\u00e4hrstoffe ab. Ideal! In unserer speziellen Mandevilla-Topferde ist Osmocote bereits enthalten. Wir verkaufen auch Mandevilla\u00a0<em><a href=\"https:\/\/mandevillashop.com\/de\/produkt\/mandevilla-nahrstoffkegel-12-stuck\/\">N\u00e4hrstoffkegel<\/a><\/em>\u00a0in unserem Webshop. Diese k\u00f6nnen Sie in die Topferde rundum die Pflanze dr\u00fccken. Wenn Sie einen Blumentopf mit mehreren Pflanzen f\u00fcllen m\u00f6chten, dann sollten Sie sich an folgende Faustregeln halten:<\/p><ul><li>Ein Kegel auf vier kleine Pflanzen (z.\u00a0B.: Mandevilla Minis)<\/li><li>Ein Kegel auf zwei mittelgro\u00dfe Pflanzen (z.\u00a0B.: Mandevilla Turm)<\/li><li>Ein Kegel auf eine gro\u00dfe Pflanze (z.\u00a0B.: Mandevilla XL)<\/li><\/ul>\t\t\t\t\t\t\t\t<\/div>\n\t\t\t\t<\/div>\n\t\t\t\t<div class=\"elementor-element elementor-element-6256830 elementor-widget elementor-widget-heading\" data-id=\"6256830\" data-element_type=\"widget\" data-widget_type=\"heading.default\">\n\t\t\t\t<div class=\"elementor-widget-container\">\n\t\t\t\t\t<h4 class=\"elementor-heading-title elementor-size-default\">Organischer D\u00fcnger f\u00fcr Ihre Mandevilla<\/h4>\t\t\t\t<\/div>\n\t\t\t\t<\/div>\n\t\t\t\t<div class=\"elementor-element elementor-element-690d8c9 elementor-widget elementor-widget-text-editor\" data-id=\"690d8c9\" data-element_type=\"widget\" data-widget_type=\"text-editor.default\">\n\t\t\t\t<div class=\"elementor-widget-container\">\n\t\t\t\t\t\t\t\t\t<p>Es sind verschiedene D\u00fcngeprodukte tierischen und pflanzlichen Ursprungs erh\u00e4ltlich. Diese werden h\u00e4ufig angereichert mit anorganischem D\u00fcnger (um die richtige N\u00e4hrstoffmenge zu garantieren). Sie k\u00f6nnen f\u00fcr Ihre Mandevilla auch Kompost oder Kuhdungk\u00f6rner verwenden, die beide als Basisd\u00fcnger dienen. Das bedeutet beispielsweise: dem Topf einmal alle 6 Wochen ein wenig Basisd\u00fcnger hinzuf\u00fcgen. Wir empfehlen dies mit anorganischem D\u00fcnger zu kombinieren. So k\u00f6nnte beispielsweise das D\u00fcngeschema aussehen: Woche 1: organischer D\u00fcnger, Woche 3: anorganischer D\u00fcnger, Woche 5: anorganischer D\u00fcnger und in Woche 7 wieder organischer D\u00fcnger.<\/p>\n<p>&nbsp;<\/p>\n\t\t\t\t\t\t\t\t<\/div>\n\t\t\t\t<\/div>\n\t\t\t\t\t<\/div>\n\t\t\t\t<\/div>\n\t\t\t\t\t<\/div>\n\t\t\t\t<\/div>\n\t\t\t\t<\/div>\n\t\t","protected":false},"excerpt":{"rendered":"<p>Welcher D\u00fcnger f\u00fcr meine Mandevilla? \u201eMandevillas sind pflegeleichte Gartenpflanzen, die wenig Anspr\u00fcche stellen. Nichtsdestotrotz ist es mit dem richtigen D\u00fcnger m\u00f6glich, alles aus Ihrer Pflanze herauszuholen, was in ihr steckt. Sowohl der Einsatz von festem als auch von fl\u00fcssigem Pflanzend\u00fcnger ist m\u00f6glich. Die Mandevilla kann einiges an D\u00fcnger gebrauchen. Und den wollen wir ihr auch<\/p>\n","protected":false},"author":1,"featured_media":6048,"parent":6250,"menu_order":0,"comment_status":"closed","ping_status":"closed","template":"","meta":{"_acf_changed":false,"footnotes":""},"class_list":["post-6298","page","type-page","status-publish","has-post-thumbnail","hentry"],"acf":[],"yoast_head":"<!-- This site is optimized with the Yoast SEO plugin v26.7 - https:\/\/yoast.com\/wordpress\/plugins\/seo\/ -->\n<title>D\u00fcngen - Mandevillashop<\/title>\n<meta name=\"description\" content=\"De Mandevilla is een makkelijke tuinplant en vraagt weinig verzorging. Met de juiste voeding kun je het maximale uit je plant halen. Wij vertellen je hoe!\" \/>\n<meta name=\"robots\" content=\"index, follow, max-snippet:-1, max-image-preview:large, max-video-preview:-1\" \/>\n<link rel=\"canonical\" href=\"https:\/\/mandevillashop.com\/de\/pflege\/duengen\/\" \/>\n<meta property=\"og:locale\" content=\"de_DE\" \/>\n<meta property=\"og:type\" content=\"article\" \/>\n<meta property=\"og:title\" content=\"D\u00fcngen - Mandevillashop\" \/>\n<meta property=\"og:description\" content=\"De Mandevilla is een makkelijke tuinplant en vraagt weinig verzorging. Met de juiste voeding kun je het maximale uit je plant halen. Wij vertellen je hoe!\" \/>\n<meta property=\"og:url\" content=\"https:\/\/mandevillashop.com\/de\/pflege\/duengen\/\" \/>\n<meta property=\"og:site_name\" content=\"Mandevillashop\" \/>\n<meta property=\"article:modified_time\" content=\"2024-07-05T14:29:32+00:00\" \/>\n<meta property=\"og:image\" content=\"https:\/\/mandevillashop.com\/wp-content\/uploads\/2024\/01\/9-juli-13.jpg\" \/>\n\t<meta property=\"og:image:width\" content=\"2048\" \/>\n\t<meta property=\"og:image:height\" content=\"2048\" \/>\n\t<meta property=\"og:image:type\" content=\"image\/jpeg\" \/>\n<meta name=\"twitter:card\" content=\"summary_large_image\" \/>\n<meta name=\"twitter:label1\" content=\"Gesch\u00e4tzte Lesezeit\" \/>\n\t<meta name=\"twitter:data1\" content=\"2\u00a0Minuten\" \/>\n<script type=\"application\/ld+json\" class=\"yoast-schema-graph\">{\"@context\":\"https:\/\/schema.org\",\"@graph\":[{\"@type\":\"WebPage\",\"@id\":\"https:\/\/mandevillashop.com\/de\/pflege\/duengen\/\",\"url\":\"https:\/\/mandevillashop.com\/de\/pflege\/duengen\/\",\"name\":\"D\u00fcngen - Mandevillashop\",\"isPartOf\":{\"@id\":\"https:\/\/mandevillashop.com\/de\/#website\"},\"primaryImageOfPage\":{\"@id\":\"https:\/\/mandevillashop.com\/de\/pflege\/duengen\/#primaryimage\"},\"image\":{\"@id\":\"https:\/\/mandevillashop.com\/de\/pflege\/duengen\/#primaryimage\"},\"thumbnailUrl\":\"https:\/\/mandevillashop.com\/wp-content\/uploads\/2024\/01\/9-juli-13.jpg\",\"datePublished\":\"2023-12-22T11:44:10+00:00\",\"dateModified\":\"2024-07-05T14:29:32+00:00\",\"description\":\"De Mandevilla is een makkelijke tuinplant en vraagt weinig verzorging. Met de juiste voeding kun je het maximale uit je plant halen. Wij vertellen je hoe!\",\"breadcrumb\":{\"@id\":\"https:\/\/mandevillashop.com\/de\/pflege\/duengen\/#breadcrumb\"},\"inLanguage\":\"de\",\"potentialAction\":[{\"@type\":\"ReadAction\",\"target\":[\"https:\/\/mandevillashop.com\/de\/pflege\/duengen\/\"]}]},{\"@type\":\"ImageObject\",\"inLanguage\":\"de\",\"@id\":\"https:\/\/mandevillashop.com\/de\/pflege\/duengen\/#primaryimage\",\"url\":\"https:\/\/mandevillashop.com\/wp-content\/uploads\/2024\/01\/9-juli-13.jpg\",\"contentUrl\":\"https:\/\/mandevillashop.com\/wp-content\/uploads\/2024\/01\/9-juli-13.jpg\",\"width\":2048,\"height\":2048},{\"@type\":\"BreadcrumbList\",\"@id\":\"https:\/\/mandevillashop.com\/de\/pflege\/duengen\/#breadcrumb\",\"itemListElement\":[{\"@type\":\"ListItem\",\"position\":1,\"name\":\"Home\",\"item\":\"https:\/\/mandevillashop.com\/de\/\"},{\"@type\":\"ListItem\",\"position\":2,\"name\":\"Pflege\",\"item\":\"https:\/\/mandevillashop.com\/de\/verzorging\/\"},{\"@type\":\"ListItem\",\"position\":3,\"name\":\"D\u00fcngen\"}]},{\"@type\":\"WebSite\",\"@id\":\"https:\/\/mandevillashop.com\/de\/#website\",\"url\":\"https:\/\/mandevillashop.com\/de\/\",\"name\":\"Mandevillashop\",\"description\":\"De Mandevilla Specialist\",\"publisher\":{\"@id\":\"https:\/\/mandevillashop.com\/de\/#organization\"},\"potentialAction\":[{\"@type\":\"SearchAction\",\"target\":{\"@type\":\"EntryPoint\",\"urlTemplate\":\"https:\/\/mandevillashop.com\/de\/?s={search_term_string}\"},\"query-input\":{\"@type\":\"PropertyValueSpecification\",\"valueRequired\":true,\"valueName\":\"search_term_string\"}}],\"inLanguage\":\"de\"},{\"@type\":\"Organization\",\"@id\":\"https:\/\/mandevillashop.com\/de\/#organization\",\"name\":\"Mandevilla Shop\",\"url\":\"https:\/\/mandevillashop.com\/de\/\",\"logo\":{\"@type\":\"ImageObject\",\"inLanguage\":\"de\",\"@id\":\"https:\/\/mandevillashop.com\/de\/#\/schema\/logo\/image\/\",\"url\":\"https:\/\/mandevillashop.com\/wp-content\/uploads\/2023\/07\/mandevilla-shop-zwart.svg\",\"contentUrl\":\"https:\/\/mandevillashop.com\/wp-content\/uploads\/2023\/07\/mandevilla-shop-zwart.svg\",\"caption\":\"Mandevilla Shop\"},\"image\":{\"@id\":\"https:\/\/mandevillashop.com\/de\/#\/schema\/logo\/image\/\"}}]}<\/script>\n<!-- \/ Yoast SEO plugin. -->","yoast_head_json":{"title":"D\u00fcngen - Mandevillashop","description":"De Mandevilla is een makkelijke tuinplant en vraagt weinig verzorging. Met de juiste voeding kun je het maximale uit je plant halen. Wij vertellen je hoe!","robots":{"index":"index","follow":"follow","max-snippet":"max-snippet:-1","max-image-preview":"max-image-preview:large","max-video-preview":"max-video-preview:-1"},"canonical":"https:\/\/mandevillashop.com\/de\/pflege\/duengen\/","og_locale":"de_DE","og_type":"article","og_title":"D\u00fcngen - Mandevillashop","og_description":"De Mandevilla is een makkelijke tuinplant en vraagt weinig verzorging. Met de juiste voeding kun je het maximale uit je plant halen. Wij vertellen je hoe!","og_url":"https:\/\/mandevillashop.com\/de\/pflege\/duengen\/","og_site_name":"Mandevillashop","article_modified_time":"2024-07-05T14:29:32+00:00","og_image":[{"width":2048,"height":2048,"url":"https:\/\/mandevillashop.com\/wp-content\/uploads\/2024\/01\/9-juli-13.jpg","type":"image\/jpeg"}],"twitter_card":"summary_large_image","twitter_misc":{"Gesch\u00e4tzte Lesezeit":"2\u00a0Minuten"},"schema":{"@context":"https:\/\/schema.org","@graph":[{"@type":"WebPage","@id":"https:\/\/mandevillashop.com\/de\/pflege\/duengen\/","url":"https:\/\/mandevillashop.com\/de\/pflege\/duengen\/","name":"D\u00fcngen - Mandevillashop","isPartOf":{"@id":"https:\/\/mandevillashop.com\/de\/#website"},"primaryImageOfPage":{"@id":"https:\/\/mandevillashop.com\/de\/pflege\/duengen\/#primaryimage"},"image":{"@id":"https:\/\/mandevillashop.com\/de\/pflege\/duengen\/#primaryimage"},"thumbnailUrl":"https:\/\/mandevillashop.com\/wp-content\/uploads\/2024\/01\/9-juli-13.jpg","datePublished":"2023-12-22T11:44:10+00:00","dateModified":"2024-07-05T14:29:32+00:00","description":"De Mandevilla is een makkelijke tuinplant en vraagt weinig verzorging. Met de juiste voeding kun je het maximale uit je plant halen. Wij vertellen je hoe!","breadcrumb":{"@id":"https:\/\/mandevillashop.com\/de\/pflege\/duengen\/#breadcrumb"},"inLanguage":"de","potentialAction":[{"@type":"ReadAction","target":["https:\/\/mandevillashop.com\/de\/pflege\/duengen\/"]}]},{"@type":"ImageObject","inLanguage":"de","@id":"https:\/\/mandevillashop.com\/de\/pflege\/duengen\/#primaryimage","url":"https:\/\/mandevillashop.com\/wp-content\/uploads\/2024\/01\/9-juli-13.jpg","contentUrl":"https:\/\/mandevillashop.com\/wp-content\/uploads\/2024\/01\/9-juli-13.jpg","width":2048,"height":2048},{"@type":"BreadcrumbList","@id":"https:\/\/mandevillashop.com\/de\/pflege\/duengen\/#breadcrumb","itemListElement":[{"@type":"ListItem","position":1,"name":"Home","item":"https:\/\/mandevillashop.com\/de\/"},{"@type":"ListItem","position":2,"name":"Pflege","item":"https:\/\/mandevillashop.com\/de\/verzorging\/"},{"@type":"ListItem","position":3,"name":"D\u00fcngen"}]},{"@type":"WebSite","@id":"https:\/\/mandevillashop.com\/de\/#website","url":"https:\/\/mandevillashop.com\/de\/","name":"Mandevillashop","description":"De Mandevilla Specialist","publisher":{"@id":"https:\/\/mandevillashop.com\/de\/#organization"},"potentialAction":[{"@type":"SearchAction","target":{"@type":"EntryPoint","urlTemplate":"https:\/\/mandevillashop.com\/de\/?s={search_term_string}"},"query-input":{"@type":"PropertyValueSpecification","valueRequired":true,"valueName":"search_term_string"}}],"inLanguage":"de"},{"@type":"Organization","@id":"https:\/\/mandevillashop.com\/de\/#organization","name":"Mandevilla Shop","url":"https:\/\/mandevillashop.com\/de\/","logo":{"@type":"ImageObject","inLanguage":"de","@id":"https:\/\/mandevillashop.com\/de\/#\/schema\/logo\/image\/","url":"https:\/\/mandevillashop.com\/wp-content\/uploads\/2023\/07\/mandevilla-shop-zwart.svg","contentUrl":"https:\/\/mandevillashop.com\/wp-content\/uploads\/2023\/07\/mandevilla-shop-zwart.svg","caption":"Mandevilla Shop"},"image":{"@id":"https:\/\/mandevillashop.com\/de\/#\/schema\/logo\/image\/"}}]}},"_links":{"self":[{"href":"https:\/\/mandevillashop.com\/de\/wp-json\/wp\/v2\/pages\/6298","targetHints":{"allow":["GET"]}}],"collection":[{"href":"https:\/\/mandevillashop.com\/de\/wp-json\/wp\/v2\/pages"}],"about":[{"href":"https:\/\/mandevillashop.com\/de\/wp-json\/wp\/v2\/types\/page"}],"author":[{"embeddable":true,"href":"https:\/\/mandevillashop.com\/de\/wp-json\/wp\/v2\/users\/1"}],"replies":[{"embeddable":true,"href":"https:\/\/mandevillashop.com\/de\/wp-json\/wp\/v2\/comments?post=6298"}],"version-history":[{"count":4,"href":"https:\/\/mandevillashop.com\/de\/wp-json\/wp\/v2\/pages\/6298\/revisions"}],"predecessor-version":[{"id":8670,"href":"https:\/\/mandevillashop.com\/de\/wp-json\/wp\/v2\/pages\/6298\/revisions\/8670"}],"up":[{"embeddable":true,"href":"https:\/\/mandevillashop.com\/de\/wp-json\/wp\/v2\/pages\/6250"}],"wp:featuredmedia":[{"embeddable":true,"href":"https:\/\/mandevillashop.com\/de\/wp-json\/wp\/v2\/media\/6048"}],"wp:attachment":[{"href":"https:\/\/mandevillashop.com\/de\/wp-json\/wp\/v2\/media?parent=6298"}],"curies":[{"name":"wp","href":"https:\/\/api.w.org\/{rel}","templated":true}]}}