{"id":6686,"date":"2024-02-21T08:52:42","date_gmt":"2024-02-21T08:52:42","guid":{"rendered":"https:\/\/mandevillashop.com\/mandevilla-bluehgarantie\/"},"modified":"2024-02-21T09:06:21","modified_gmt":"2024-02-21T09:06:21","slug":"mandevilla-bluehgarantie","status":"publish","type":"page","link":"https:\/\/mandevillashop.com\/de\/mandevilla-bluehgarantie\/","title":{"rendered":"Mandevilla Bl\u00fchgarantie"},"content":{"rendered":"\t\t<div data-elementor-type=\"wp-page\" data-elementor-id=\"6686\" class=\"elementor elementor-6686 elementor-6677\" data-elementor-post-type=\"page\">\n\t\t\t\t<div class=\"elementor-element elementor-element-aecace4 e-flex e-con-boxed e-con e-parent\" data-id=\"aecace4\" data-element_type=\"container\">\n\t\t\t\t\t<div class=\"e-con-inner\">\n\t\t<div class=\"elementor-element elementor-element-c6f58d9 e-flex e-con-boxed e-con e-child\" data-id=\"c6f58d9\" data-element_type=\"container\">\n\t\t\t\t\t<div class=\"e-con-inner\">\n\t\t\t\t<div class=\"elementor-element elementor-element-6362865 elementor-widget elementor-widget-heading\" data-id=\"6362865\" data-element_type=\"widget\" data-widget_type=\"heading.default\">\n\t\t\t\t<div class=\"elementor-widget-container\">\n\t\t\t\t\t<h1 class=\"elementor-heading-title elementor-size-default\">Mandevilla Bl\u00fchgarantie<\/h1>\t\t\t\t<\/div>\n\t\t\t\t<\/div>\n\t\t\t\t<div class=\"elementor-element elementor-element-9b8e027 elementor-widget elementor-widget-text-editor\" data-id=\"9b8e027\" data-element_type=\"widget\" data-widget_type=\"text-editor.default\">\n\t\t\t\t<div class=\"elementor-widget-container\">\n\t\t\t\t\t\t\t\t\t<p>Haben Sie eine Mandevilla bei Mandevillashop gekauft? Dann erhalten Sie eine 3-monatige Bl\u00fch- und Wachstumsgarantie. Auf dieser Seite erkl\u00e4ren wir, wie dies funktioniert.<\/p>\n<p>Mandevilla ist eine Pflanze, die vom Zeitpunkt des Kaufs bis weit in den Herbst hinein kontinuierlich bl\u00fcht. In unserer G\u00e4rtnerei sorgen wir daf\u00fcr, dass die Pflanze \u00fcber die gesamte Saison hinweg mit den notwendigen N\u00e4hrstoffen versorgt wird, um wachsen und bl\u00fchen zu k\u00f6nnen. H\u00f6rt Ihre Mandevilla pl\u00f6tzlich auf zu bl\u00fchen? Dann stimmt irgendetwas nicht! Sie k\u00f6nnen die Garantie in Anspruch nehmen, wenn die folgenden Bedingungen erf\u00fcllt sind:<\/p>\n<p><strong>Garantiebedingungen<\/strong><\/p>\n<ol>\n<li>Die Garantie gilt f\u00fcr die Periode vom 1. Mai bis zum 1. Oktober;<\/li>\n<li>Die Pflanze muss in der von uns angebotenen\u00a0<a href=\"https:\/\/mandevilla-old.ttpd.dev\/20l-mandevilla-grond.html\">Topferde<\/a>\u00a0gepflanzt sein;<\/li>\n<li>Die Garantie gilt, wenn die Pflanze keine neuen Bl\u00fctenknospen mehr bildet;<\/li>\n<li>Die Pflanze darf nicht in einer Umgebung stehen, in der die Temperatur unter 5 Grad Celsius f\u00e4llt oder \u00fcber 40 Grad Celsius steigt;<\/li>\n<li>Die Pflanze muss normal behandelt worden und darf nicht besch\u00e4digt sein (durch Menschen, Tiere oder Umweltereignisse).<\/li>\n<\/ol>\n<p><strong>Was Sie tun m\u00fcssen<\/strong><br \/>\nTreffen die oben genannten Bedingungen auf Ihre Situation zu? Dann befolgen Sie die nachstehenden Schritte, um von uns eine neue Pflanze zu erhalten:<\/p>\n<ol>\n<li>Pr\u00fcfen Sie zun\u00e4chst, ob Ihre Pflanze die 5 oben genannten Bedingungen erf\u00fcllt;<\/li>\n<li>Machen Sie zwei Fotos von der Pflanze: 1 von der Seite und 1 von oben;<\/li>\n<li>Bitte senden Sie die Fotos + Bestellnummer (steht in der beim Kauf erstellten Bestellbest\u00e4tigung) an\u00a0<a href=\"mailto:info@mandevillashop.com\">info@mandevillashop.com;<\/a><\/li>\n<li>Wir senden Ihnen dann eine E-Mail mit Informationen \u00fcber die Lieferung Ihrer neuen Pflanze zur\u00fcck;<\/li>\n<li>Auf ein Neues! \ud83d\ude42<\/li>\n<\/ol>\n\t\t\t\t\t\t\t\t<\/div>\n\t\t\t\t<\/div>\n\t\t\t\t\t<\/div>\n\t\t\t\t<\/div>\n\t\t\t\t\t<\/div>\n\t\t\t\t<\/div>\n\t\t\t\t<\/div>\n\t\t","protected":false},"excerpt":{"rendered":"<p>Mandevilla Bl\u00fchgarantie Haben Sie eine Mandevilla bei Mandevillashop gekauft? Dann erhalten Sie eine 3-monatige Bl\u00fch- und Wachstumsgarantie. Auf dieser Seite erkl\u00e4ren wir, wie dies funktioniert. Mandevilla ist eine Pflanze, die vom Zeitpunkt des Kaufs bis weit in den Herbst hinein kontinuierlich bl\u00fcht. In unserer G\u00e4rtnerei sorgen wir daf\u00fcr, dass die Pflanze \u00fcber die gesamte Saison<\/p>\n","protected":false},"author":1,"featured_media":0,"parent":0,"menu_order":0,"comment_status":"closed","ping_status":"closed","template":"","meta":{"_acf_changed":false,"footnotes":""},"class_list":["post-6686","page","type-page","status-publish","hentry"],"acf":[],"yoast_head":"<!-- This site is optimized with the Yoast SEO plugin v26.7 - https:\/\/yoast.com\/wordpress\/plugins\/seo\/ -->\n<title>Mandevilla Bl\u00fchgarantie - Mandevillashop<\/title>\n<meta name=\"description\" content=\"Haben Sie eine Mandevilla im Mandevillashop gekauft? Dann erhalten Sie 3 Monate Mandevilla-Bl\u00fctengarantie. Wir erkl\u00e4ren, wie das funktioniert.\" \/>\n<meta name=\"robots\" content=\"index, follow, max-snippet:-1, max-image-preview:large, max-video-preview:-1\" \/>\n<link rel=\"canonical\" href=\"https:\/\/mandevillashop.com\/de\/mandevilla-bluehgarantie\/\" \/>\n<meta property=\"og:locale\" content=\"de_DE\" \/>\n<meta property=\"og:type\" content=\"article\" \/>\n<meta property=\"og:title\" content=\"Mandevilla Bl\u00fchgarantie - Mandevillashop\" \/>\n<meta property=\"og:description\" content=\"Haben Sie eine Mandevilla im Mandevillashop gekauft? Dann erhalten Sie 3 Monate Mandevilla-Bl\u00fctengarantie. Wir erkl\u00e4ren, wie das funktioniert.\" \/>\n<meta property=\"og:url\" content=\"https:\/\/mandevillashop.com\/de\/mandevilla-bluehgarantie\/\" \/>\n<meta property=\"og:site_name\" content=\"Mandevillashop\" \/>\n<meta property=\"article:modified_time\" content=\"2024-02-21T09:06:21+00:00\" \/>\n<meta name=\"twitter:card\" content=\"summary_large_image\" \/>\n<meta name=\"twitter:label1\" content=\"Gesch\u00e4tzte Lesezeit\" \/>\n\t<meta name=\"twitter:data1\" content=\"1\u00a0Minute\" \/>\n<script type=\"application\/ld+json\" class=\"yoast-schema-graph\">{\"@context\":\"https:\/\/schema.org\",\"@graph\":[{\"@type\":\"WebPage\",\"@id\":\"https:\/\/mandevillashop.com\/de\/mandevilla-bluehgarantie\/\",\"url\":\"https:\/\/mandevillashop.com\/de\/mandevilla-bluehgarantie\/\",\"name\":\"Mandevilla Bl\u00fchgarantie - Mandevillashop\",\"isPartOf\":{\"@id\":\"https:\/\/mandevillashop.com\/de\/#website\"},\"datePublished\":\"2024-02-21T08:52:42+00:00\",\"dateModified\":\"2024-02-21T09:06:21+00:00\",\"description\":\"Haben Sie eine Mandevilla im Mandevillashop gekauft? Dann erhalten Sie 3 Monate Mandevilla-Bl\u00fctengarantie. Wir erkl\u00e4ren, wie das funktioniert.\",\"breadcrumb\":{\"@id\":\"https:\/\/mandevillashop.com\/de\/mandevilla-bluehgarantie\/#breadcrumb\"},\"inLanguage\":\"de\",\"potentialAction\":[{\"@type\":\"ReadAction\",\"target\":[\"https:\/\/mandevillashop.com\/de\/mandevilla-bluehgarantie\/\"]}]},{\"@type\":\"BreadcrumbList\",\"@id\":\"https:\/\/mandevillashop.com\/de\/mandevilla-bluehgarantie\/#breadcrumb\",\"itemListElement\":[{\"@type\":\"ListItem\",\"position\":1,\"name\":\"Home\",\"item\":\"https:\/\/mandevillashop.com\/de\/\"},{\"@type\":\"ListItem\",\"position\":2,\"name\":\"Mandevilla Bl\u00fchgarantie\"}]},{\"@type\":\"WebSite\",\"@id\":\"https:\/\/mandevillashop.com\/de\/#website\",\"url\":\"https:\/\/mandevillashop.com\/de\/\",\"name\":\"Mandevillashop\",\"description\":\"De Mandevilla Specialist\",\"publisher\":{\"@id\":\"https:\/\/mandevillashop.com\/de\/#organization\"},\"potentialAction\":[{\"@type\":\"SearchAction\",\"target\":{\"@type\":\"EntryPoint\",\"urlTemplate\":\"https:\/\/mandevillashop.com\/de\/?s={search_term_string}\"},\"query-input\":{\"@type\":\"PropertyValueSpecification\",\"valueRequired\":true,\"valueName\":\"search_term_string\"}}],\"inLanguage\":\"de\"},{\"@type\":\"Organization\",\"@id\":\"https:\/\/mandevillashop.com\/de\/#organization\",\"name\":\"Mandevilla Shop\",\"url\":\"https:\/\/mandevillashop.com\/de\/\",\"logo\":{\"@type\":\"ImageObject\",\"inLanguage\":\"de\",\"@id\":\"https:\/\/mandevillashop.com\/de\/#\/schema\/logo\/image\/\",\"url\":\"https:\/\/mandevillashop.com\/wp-content\/uploads\/2023\/07\/mandevilla-shop-zwart.svg\",\"contentUrl\":\"https:\/\/mandevillashop.com\/wp-content\/uploads\/2023\/07\/mandevilla-shop-zwart.svg\",\"caption\":\"Mandevilla Shop\"},\"image\":{\"@id\":\"https:\/\/mandevillashop.com\/de\/#\/schema\/logo\/image\/\"}}]}<\/script>\n<!-- \/ Yoast SEO plugin. -->","yoast_head_json":{"title":"Mandevilla Bl\u00fchgarantie - Mandevillashop","description":"Haben Sie eine Mandevilla im Mandevillashop gekauft? Dann erhalten Sie 3 Monate Mandevilla-Bl\u00fctengarantie. Wir erkl\u00e4ren, wie das funktioniert.","robots":{"index":"index","follow":"follow","max-snippet":"max-snippet:-1","max-image-preview":"max-image-preview:large","max-video-preview":"max-video-preview:-1"},"canonical":"https:\/\/mandevillashop.com\/de\/mandevilla-bluehgarantie\/","og_locale":"de_DE","og_type":"article","og_title":"Mandevilla Bl\u00fchgarantie - Mandevillashop","og_description":"Haben Sie eine Mandevilla im Mandevillashop gekauft? Dann erhalten Sie 3 Monate Mandevilla-Bl\u00fctengarantie. Wir erkl\u00e4ren, wie das funktioniert.","og_url":"https:\/\/mandevillashop.com\/de\/mandevilla-bluehgarantie\/","og_site_name":"Mandevillashop","article_modified_time":"2024-02-21T09:06:21+00:00","twitter_card":"summary_large_image","twitter_misc":{"Gesch\u00e4tzte Lesezeit":"1\u00a0Minute"},"schema":{"@context":"https:\/\/schema.org","@graph":[{"@type":"WebPage","@id":"https:\/\/mandevillashop.com\/de\/mandevilla-bluehgarantie\/","url":"https:\/\/mandevillashop.com\/de\/mandevilla-bluehgarantie\/","name":"Mandevilla Bl\u00fchgarantie - Mandevillashop","isPartOf":{"@id":"https:\/\/mandevillashop.com\/de\/#website"},"datePublished":"2024-02-21T08:52:42+00:00","dateModified":"2024-02-21T09:06:21+00:00","description":"Haben Sie eine Mandevilla im Mandevillashop gekauft? Dann erhalten Sie 3 Monate Mandevilla-Bl\u00fctengarantie. Wir erkl\u00e4ren, wie das funktioniert.","breadcrumb":{"@id":"https:\/\/mandevillashop.com\/de\/mandevilla-bluehgarantie\/#breadcrumb"},"inLanguage":"de","potentialAction":[{"@type":"ReadAction","target":["https:\/\/mandevillashop.com\/de\/mandevilla-bluehgarantie\/"]}]},{"@type":"BreadcrumbList","@id":"https:\/\/mandevillashop.com\/de\/mandevilla-bluehgarantie\/#breadcrumb","itemListElement":[{"@type":"ListItem","position":1,"name":"Home","item":"https:\/\/mandevillashop.com\/de\/"},{"@type":"ListItem","position":2,"name":"Mandevilla Bl\u00fchgarantie"}]},{"@type":"WebSite","@id":"https:\/\/mandevillashop.com\/de\/#website","url":"https:\/\/mandevillashop.com\/de\/","name":"Mandevillashop","description":"De Mandevilla Specialist","publisher":{"@id":"https:\/\/mandevillashop.com\/de\/#organization"},"potentialAction":[{"@type":"SearchAction","target":{"@type":"EntryPoint","urlTemplate":"https:\/\/mandevillashop.com\/de\/?s={search_term_string}"},"query-input":{"@type":"PropertyValueSpecification","valueRequired":true,"valueName":"search_term_string"}}],"inLanguage":"de"},{"@type":"Organization","@id":"https:\/\/mandevillashop.com\/de\/#organization","name":"Mandevilla Shop","url":"https:\/\/mandevillashop.com\/de\/","logo":{"@type":"ImageObject","inLanguage":"de","@id":"https:\/\/mandevillashop.com\/de\/#\/schema\/logo\/image\/","url":"https:\/\/mandevillashop.com\/wp-content\/uploads\/2023\/07\/mandevilla-shop-zwart.svg","contentUrl":"https:\/\/mandevillashop.com\/wp-content\/uploads\/2023\/07\/mandevilla-shop-zwart.svg","caption":"Mandevilla Shop"},"image":{"@id":"https:\/\/mandevillashop.com\/de\/#\/schema\/logo\/image\/"}}]}},"_links":{"self":[{"href":"https:\/\/mandevillashop.com\/de\/wp-json\/wp\/v2\/pages\/6686","targetHints":{"allow":["GET"]}}],"collection":[{"href":"https:\/\/mandevillashop.com\/de\/wp-json\/wp\/v2\/pages"}],"about":[{"href":"https:\/\/mandevillashop.com\/de\/wp-json\/wp\/v2\/types\/page"}],"author":[{"embeddable":true,"href":"https:\/\/mandevillashop.com\/de\/wp-json\/wp\/v2\/users\/1"}],"replies":[{"embeddable":true,"href":"https:\/\/mandevillashop.com\/de\/wp-json\/wp\/v2\/comments?post=6686"}],"version-history":[{"count":1,"href":"https:\/\/mandevillashop.com\/de\/wp-json\/wp\/v2\/pages\/6686\/revisions"}],"predecessor-version":[{"id":6687,"href":"https:\/\/mandevillashop.com\/de\/wp-json\/wp\/v2\/pages\/6686\/revisions\/6687"}],"wp:attachment":[{"href":"https:\/\/mandevillashop.com\/de\/wp-json\/wp\/v2\/media?parent=6686"}],"curies":[{"name":"wp","href":"https:\/\/api.w.org\/{rel}","templated":true}]}}