{"id":5039,"date":"2022-02-17T14:08:15","date_gmt":"2022-02-17T13:08:15","guid":{"rendered":"https:\/\/mandevillashop.com\/product\/mandevilla-cream-pink-2\/"},"modified":"2026-02-28T22:12:24","modified_gmt":"2026-02-28T21:12:24","slug":"mandevilla-cream-pink-2","status":"publish","type":"product","link":"https:\/\/mandevillashop.com\/de\/produkt\/mandevilla-cream-pink-2\/","title":{"rendered":"Dipladenia Cream Pink"},"content":{"rendered":"<h2>Standort &amp; Bl\u00fcte<\/h2>\n<p>Die Dipladenia Cream Pink ist eine elegante Sommerpflanze mit einer sanften, harmonischen Ausstrahlung.<br \/>\nIhre zart rosafarbenen, trompetenf\u00f6rmigen Bl\u00fcten wirken dezent und passen perfekt zu einer ruhigen,<br \/>\nsommerlichen Gestaltung auf Balkon, Terrasse oder im Garten.<\/p>\n<p>Die Dipladenia, auch als Mandevilla bekannt, beginnt bereits im Fr\u00fchjahr zu bl\u00fchen und bildet bis zum<br \/>\nersten Frost kontinuierlich neue Bl\u00fcten. Durch ihre kompakte Gr\u00f6\u00dfe eignet sich diese Variante besonders<br \/>\ngut f\u00fcr einen Pflanztopf auf dem Tisch, wo sie als stilvoller Blickfang eingesetzt werden kann.<\/p>\n<p>Der ideale Standort f\u00fcr diese Dipladenia Sundaville ist ein heller Platz in voller Sonne oder im<br \/>\nHalbschatten. Je mehr Licht die Pflanze erh\u00e4lt, desto gleichm\u00e4\u00dfiger entwickelt sich die Bl\u00fcte.<br \/>\nAn sehr hei\u00dfen Tagen ist ein leicht gesch\u00fctzter Standort empfehlenswert.<\/p>\n<p>Urspr\u00fcnglich stammt die Dipladenia aus S\u00fcdamerika. Das zeigt sich in ihrer langen Bl\u00fctezeit und ihrer<br \/>\nsommerlichen, mediterranen Ausstrahlung. Mit der Cream-Pink-Variante setzen Sie bewusst ruhige und<br \/>\nelegante Akzente im Au\u00dfenbereich.<\/p>\n<h2>Pflege<\/h2>\n<p>Die Pflege der Dipladenia Cream Pink ist unkompliziert und auch f\u00fcr Einsteiger gut geeignet. Verwenden Sie<br \/>\nlockere, gut durchl\u00e4ssige Blumenerde, damit \u00fcbersch\u00fcssiges Wasser gut abflie\u00dfen kann. Zu nasse Wurzeln<br \/>\nsollten vermieden werden.<\/p>\n<p>Halten Sie die Erde leicht feucht und gie\u00dfen Sie regelm\u00e4\u00dfig, ohne dass die Wurzeln zu nass werden.<br \/>\nF\u00fcr die N\u00e4hrstoffversorgung reicht es aus, einmal pro Saison D\u00fcngekegel zu verwenden. So bleibt die<br \/>\nDipladenia w\u00e4hrend der gesamten Saison gesund und bl\u00fchfreudig.<\/p>\n<p>So pflegen Sie die Dipladenia optimal:<\/p>\n<ul>\n<li>Regelm\u00e4\u00dfig gie\u00dfen und zu nasse Wurzeln vermeiden<\/li>\n<li>F\u00fcr eine gute Drainage im Topf sorgen<\/li>\n<li>Ein zus\u00e4tzlicher R\u00fcckschnitt ist nicht notwendig, die Pflanze ist bereits in der G\u00e4rtnerei geschnitten<\/li>\n<li>Eventuelle Ausl\u00e4ufer k\u00f6nnen w\u00e4hrend der Saison entfernt oder zur\u00fcckgeschnitten werden<\/li>\n<li>Nicht winterhart: Vor dem ersten Frost an einen hellen, frostfreien Ort stellen<\/li>\n<\/ul>\n<h2>Lieferung von Mandevillashop<\/h2>\n<p>Bei Mandevillashop ziehen wir unsere Dipladenia-Pflanzen von der Stecklingsphase bis zur ausgewachsenen<br \/>\nAu\u00dfenpflanze in unserer eigenen G\u00e4rtnerei heran. Wir liefern ausschlie\u00dflich w\u00e4hrend der Saison und immer<br \/>\nfrisch aus dem Gew\u00e4chshaus.<\/p>\n<p>Die Dipladenia Sundaville Cream Pink wird sorgf\u00e4ltig verpackt und sicher zu Ihnen nach Hause geliefert.<br \/>\nSie erhalten eine kr\u00e4ftige Pflanze mit einer Topfgr\u00f6\u00dfe von 14 cm und einer H\u00f6he von etwa 37 cm inklusive<br \/>\nTopf \u2013 ideal f\u00fcr Tisch, Balkon, Terrasse oder Garten.<\/p>\n","protected":false},"excerpt":{"rendered":"<p>Dipladenia (Mandevilla) Cream Pink \u00fcberzeugt mit ihren zart rosafarbenen Bl\u00fcten und einer ruhigen, sommerlichen Ausstrahlung. Dank ihres kompakten Formats eignet sich diese Dipladenia ideal f\u00fcr einen Pflanztopf auf dem Tisch, wo ihre besonderen Bl\u00fcten vom Fr\u00fchjahr bis zum ersten Frost sch\u00f6n zur Geltung kommen.<\/p>\n","protected":false},"featured_media":10146,"comment_status":"open","ping_status":"closed","template":"","meta":{"_acf_changed":false},"product_brand":[],"product_cat":[408,257,236],"product_tag":[331],"linked_variations":[264],"class_list":{"0":"post-5039","1":"product","2":"type-product","3":"status-publish","4":"has-post-thumbnail","6":"product_cat-dipladenias","7":"product_cat-dipladenien","8":"product_cat-mandevilla-pink-de","9":"product_tag-lichtroze-de","10":"pa_potmaat-14cm-de","11":"linked_variations-mandevilla","13":"first","14":"instock","15":"taxable","16":"shipping-taxable","17":"purchasable","18":"product-type-simple"},"acf":[],"yoast_head":"<!-- This site is optimized with the Yoast SEO plugin v27.4 - https:\/\/yoast.com\/product\/yoast-seo-wordpress\/ -->\n<title>Dipladenia Cream Pink kaufen - Mandevillashop<\/title>\n<meta name=\"description\" content=\"Die Cream Pink Mandevilla in einem 14-cm-Topf passt gut auf Ihren Gartentisch. Mit ihrer zartrosa Farbe bl\u00fcht sie den ganzen Sommer \u00fcber.\" \/>\n<meta name=\"robots\" content=\"index, follow, max-snippet:-1, max-image-preview:large, max-video-preview:-1\" \/>\n<link rel=\"canonical\" href=\"https:\/\/mandevillashop.com\/de\/produkt\/mandevilla-cream-pink-2\/\" \/>\n<meta property=\"og:locale\" content=\"de_DE\" \/>\n<meta property=\"og:type\" content=\"article\" \/>\n<meta property=\"og:title\" content=\"Dipladenia Cream Pink kaufen - Mandevillashop\" \/>\n<meta property=\"og:description\" content=\"Die Cream Pink Mandevilla in einem 14-cm-Topf passt gut auf Ihren Gartentisch. Mit ihrer zartrosa Farbe bl\u00fcht sie den ganzen Sommer \u00fcber.\" \/>\n<meta property=\"og:url\" content=\"https:\/\/mandevillashop.com\/de\/produkt\/mandevilla-cream-pink-2\/\" \/>\n<meta property=\"og:site_name\" content=\"Mandevillashop\" \/>\n<meta property=\"article:modified_time\" content=\"2026-02-28T21:12:24+00:00\" \/>\n<meta property=\"og:image\" content=\"https:\/\/mandevillashop.com\/wp-content\/uploads\/2022\/02\/SV-CP-14-2-scaled.png\" \/>\n\t<meta property=\"og:image:width\" content=\"2560\" \/>\n\t<meta property=\"og:image:height\" content=\"2560\" \/>\n\t<meta property=\"og:image:type\" content=\"image\/png\" \/>\n<meta name=\"twitter:card\" content=\"summary_large_image\" \/>\n<meta name=\"twitter:label1\" content=\"Gesch\u00e4tzte Lesezeit\" \/>\n\t<meta name=\"twitter:data1\" content=\"2\u00a0Minuten\" \/>\n<script type=\"application\/ld+json\" class=\"yoast-schema-graph\">{\"@context\":\"https:\\\/\\\/schema.org\",\"@graph\":[{\"@type\":[\"WebPage\",\"ItemPage\"],\"@id\":\"https:\\\/\\\/mandevillashop.com\\\/de\\\/produkt\\\/mandevilla-cream-pink-2\\\/\",\"url\":\"https:\\\/\\\/mandevillashop.com\\\/de\\\/produkt\\\/mandevilla-cream-pink-2\\\/\",\"name\":\"Dipladenia Cream Pink kaufen - Mandevillashop\",\"isPartOf\":{\"@id\":\"https:\\\/\\\/mandevillashop.com\\\/de\\\/#website\"},\"primaryImageOfPage\":{\"@id\":\"https:\\\/\\\/mandevillashop.com\\\/de\\\/produkt\\\/mandevilla-cream-pink-2\\\/#primaryimage\"},\"image\":{\"@id\":\"https:\\\/\\\/mandevillashop.com\\\/de\\\/produkt\\\/mandevilla-cream-pink-2\\\/#primaryimage\"},\"thumbnailUrl\":\"https:\\\/\\\/mandevillashop.com\\\/wp-content\\\/uploads\\\/2022\\\/02\\\/SV-CP-14-2-scaled.png\",\"datePublished\":\"2022-02-17T13:08:15+00:00\",\"dateModified\":\"2026-02-28T21:12:24+00:00\",\"description\":\"Die Cream Pink Mandevilla in einem 14-cm-Topf passt gut auf Ihren Gartentisch. Mit ihrer zartrosa Farbe bl\u00fcht sie den ganzen Sommer \u00fcber.\",\"breadcrumb\":{\"@id\":\"https:\\\/\\\/mandevillashop.com\\\/de\\\/produkt\\\/mandevilla-cream-pink-2\\\/#breadcrumb\"},\"inLanguage\":\"de\",\"potentialAction\":[{\"@type\":\"ReadAction\",\"target\":[\"https:\\\/\\\/mandevillashop.com\\\/de\\\/produkt\\\/mandevilla-cream-pink-2\\\/\"]}]},{\"@type\":\"ImageObject\",\"inLanguage\":\"de\",\"@id\":\"https:\\\/\\\/mandevillashop.com\\\/de\\\/produkt\\\/mandevilla-cream-pink-2\\\/#primaryimage\",\"url\":\"https:\\\/\\\/mandevillashop.com\\\/wp-content\\\/uploads\\\/2022\\\/02\\\/SV-CP-14-2-scaled.png\",\"contentUrl\":\"https:\\\/\\\/mandevillashop.com\\\/wp-content\\\/uploads\\\/2022\\\/02\\\/SV-CP-14-2-scaled.png\",\"width\":2560,\"height\":2560,\"caption\":\"Dipladenia Cream Pink\"},{\"@type\":\"BreadcrumbList\",\"@id\":\"https:\\\/\\\/mandevillashop.com\\\/de\\\/produkt\\\/mandevilla-cream-pink-2\\\/#breadcrumb\",\"itemListElement\":[{\"@type\":\"ListItem\",\"position\":1,\"name\":\"Home\",\"item\":\"https:\\\/\\\/mandevillashop.com\\\/de\\\/\"},{\"@type\":\"ListItem\",\"position\":2,\"name\":\"Shop\",\"item\":\"https:\\\/\\\/mandevillashop.com\\\/de\\\/dipladenia-webshop\\\/\"},{\"@type\":\"ListItem\",\"position\":3,\"name\":\"Dipladenia Cream Pink\"}]},{\"@type\":\"WebSite\",\"@id\":\"https:\\\/\\\/mandevillashop.com\\\/de\\\/#website\",\"url\":\"https:\\\/\\\/mandevillashop.com\\\/de\\\/\",\"name\":\"Mandevillashop\",\"description\":\"De Mandevilla Specialist\",\"publisher\":{\"@id\":\"https:\\\/\\\/mandevillashop.com\\\/de\\\/#organization\"},\"potentialAction\":[{\"@type\":\"SearchAction\",\"target\":{\"@type\":\"EntryPoint\",\"urlTemplate\":\"https:\\\/\\\/mandevillashop.com\\\/de\\\/?s={search_term_string}\"},\"query-input\":{\"@type\":\"PropertyValueSpecification\",\"valueRequired\":true,\"valueName\":\"search_term_string\"}}],\"inLanguage\":\"de\"},{\"@type\":\"Organization\",\"@id\":\"https:\\\/\\\/mandevillashop.com\\\/de\\\/#organization\",\"name\":\"Mandevilla Shop\",\"url\":\"https:\\\/\\\/mandevillashop.com\\\/de\\\/\",\"logo\":{\"@type\":\"ImageObject\",\"inLanguage\":\"de\",\"@id\":\"https:\\\/\\\/mandevillashop.com\\\/de\\\/#\\\/schema\\\/logo\\\/image\\\/\",\"url\":\"https:\\\/\\\/mandevillashop.com\\\/wp-content\\\/uploads\\\/2023\\\/07\\\/mandevilla-shop-zwart.svg\",\"contentUrl\":\"https:\\\/\\\/mandevillashop.com\\\/wp-content\\\/uploads\\\/2023\\\/07\\\/mandevilla-shop-zwart.svg\",\"caption\":\"Mandevilla Shop\"},\"image\":{\"@id\":\"https:\\\/\\\/mandevillashop.com\\\/de\\\/#\\\/schema\\\/logo\\\/image\\\/\"}}]}<\/script>\n<!-- \/ Yoast SEO plugin. -->","yoast_head_json":{"title":"Dipladenia Cream Pink kaufen - Mandevillashop","description":"Die Cream Pink Mandevilla in einem 14-cm-Topf passt gut auf Ihren Gartentisch. Mit ihrer zartrosa Farbe bl\u00fcht sie den ganzen Sommer \u00fcber.","robots":{"index":"index","follow":"follow","max-snippet":"max-snippet:-1","max-image-preview":"max-image-preview:large","max-video-preview":"max-video-preview:-1"},"canonical":"https:\/\/mandevillashop.com\/de\/produkt\/mandevilla-cream-pink-2\/","og_locale":"de_DE","og_type":"article","og_title":"Dipladenia Cream Pink kaufen - Mandevillashop","og_description":"Die Cream Pink Mandevilla in einem 14-cm-Topf passt gut auf Ihren Gartentisch. Mit ihrer zartrosa Farbe bl\u00fcht sie den ganzen Sommer \u00fcber.","og_url":"https:\/\/mandevillashop.com\/de\/produkt\/mandevilla-cream-pink-2\/","og_site_name":"Mandevillashop","article_modified_time":"2026-02-28T21:12:24+00:00","og_image":[{"width":2560,"height":2560,"url":"https:\/\/mandevillashop.com\/wp-content\/uploads\/2022\/02\/SV-CP-14-2-scaled.png","type":"image\/png"}],"twitter_card":"summary_large_image","twitter_misc":{"Gesch\u00e4tzte Lesezeit":"2\u00a0Minuten"},"schema":{"@context":"https:\/\/schema.org","@graph":[{"@type":["WebPage","ItemPage"],"@id":"https:\/\/mandevillashop.com\/de\/produkt\/mandevilla-cream-pink-2\/","url":"https:\/\/mandevillashop.com\/de\/produkt\/mandevilla-cream-pink-2\/","name":"Dipladenia Cream Pink kaufen - Mandevillashop","isPartOf":{"@id":"https:\/\/mandevillashop.com\/de\/#website"},"primaryImageOfPage":{"@id":"https:\/\/mandevillashop.com\/de\/produkt\/mandevilla-cream-pink-2\/#primaryimage"},"image":{"@id":"https:\/\/mandevillashop.com\/de\/produkt\/mandevilla-cream-pink-2\/#primaryimage"},"thumbnailUrl":"https:\/\/mandevillashop.com\/wp-content\/uploads\/2022\/02\/SV-CP-14-2-scaled.png","datePublished":"2022-02-17T13:08:15+00:00","dateModified":"2026-02-28T21:12:24+00:00","description":"Die Cream Pink Mandevilla in einem 14-cm-Topf passt gut auf Ihren Gartentisch. Mit ihrer zartrosa Farbe bl\u00fcht sie den ganzen Sommer \u00fcber.","breadcrumb":{"@id":"https:\/\/mandevillashop.com\/de\/produkt\/mandevilla-cream-pink-2\/#breadcrumb"},"inLanguage":"de","potentialAction":[{"@type":"ReadAction","target":["https:\/\/mandevillashop.com\/de\/produkt\/mandevilla-cream-pink-2\/"]}]},{"@type":"ImageObject","inLanguage":"de","@id":"https:\/\/mandevillashop.com\/de\/produkt\/mandevilla-cream-pink-2\/#primaryimage","url":"https:\/\/mandevillashop.com\/wp-content\/uploads\/2022\/02\/SV-CP-14-2-scaled.png","contentUrl":"https:\/\/mandevillashop.com\/wp-content\/uploads\/2022\/02\/SV-CP-14-2-scaled.png","width":2560,"height":2560,"caption":"Dipladenia Cream Pink"},{"@type":"BreadcrumbList","@id":"https:\/\/mandevillashop.com\/de\/produkt\/mandevilla-cream-pink-2\/#breadcrumb","itemListElement":[{"@type":"ListItem","position":1,"name":"Home","item":"https:\/\/mandevillashop.com\/de\/"},{"@type":"ListItem","position":2,"name":"Shop","item":"https:\/\/mandevillashop.com\/de\/dipladenia-webshop\/"},{"@type":"ListItem","position":3,"name":"Dipladenia Cream Pink"}]},{"@type":"WebSite","@id":"https:\/\/mandevillashop.com\/de\/#website","url":"https:\/\/mandevillashop.com\/de\/","name":"Mandevillashop","description":"De Mandevilla Specialist","publisher":{"@id":"https:\/\/mandevillashop.com\/de\/#organization"},"potentialAction":[{"@type":"SearchAction","target":{"@type":"EntryPoint","urlTemplate":"https:\/\/mandevillashop.com\/de\/?s={search_term_string}"},"query-input":{"@type":"PropertyValueSpecification","valueRequired":true,"valueName":"search_term_string"}}],"inLanguage":"de"},{"@type":"Organization","@id":"https:\/\/mandevillashop.com\/de\/#organization","name":"Mandevilla Shop","url":"https:\/\/mandevillashop.com\/de\/","logo":{"@type":"ImageObject","inLanguage":"de","@id":"https:\/\/mandevillashop.com\/de\/#\/schema\/logo\/image\/","url":"https:\/\/mandevillashop.com\/wp-content\/uploads\/2023\/07\/mandevilla-shop-zwart.svg","contentUrl":"https:\/\/mandevillashop.com\/wp-content\/uploads\/2023\/07\/mandevilla-shop-zwart.svg","caption":"Mandevilla Shop"},"image":{"@id":"https:\/\/mandevillashop.com\/de\/#\/schema\/logo\/image\/"}}]}},"_links":{"self":[{"href":"https:\/\/mandevillashop.com\/de\/wp-json\/wp\/v2\/product\/5039","targetHints":{"allow":["GET"]}}],"collection":[{"href":"https:\/\/mandevillashop.com\/de\/wp-json\/wp\/v2\/product"}],"about":[{"href":"https:\/\/mandevillashop.com\/de\/wp-json\/wp\/v2\/types\/product"}],"replies":[{"embeddable":true,"href":"https:\/\/mandevillashop.com\/de\/wp-json\/wp\/v2\/comments?post=5039"}],"wp:featuredmedia":[{"embeddable":true,"href":"https:\/\/mandevillashop.com\/de\/wp-json\/wp\/v2\/media\/10146"}],"wp:attachment":[{"href":"https:\/\/mandevillashop.com\/de\/wp-json\/wp\/v2\/media?parent=5039"}],"wp:term":[{"taxonomy":"product_brand","embeddable":true,"href":"https:\/\/mandevillashop.com\/de\/wp-json\/wp\/v2\/product_brand?post=5039"},{"taxonomy":"product_cat","embeddable":true,"href":"https:\/\/mandevillashop.com\/de\/wp-json\/wp\/v2\/product_cat?post=5039"},{"taxonomy":"product_tag","embeddable":true,"href":"https:\/\/mandevillashop.com\/de\/wp-json\/wp\/v2\/product_tag?post=5039"},{"taxonomy":"linked_variations","embeddable":true,"href":"https:\/\/mandevillashop.com\/de\/wp-json\/wp\/v2\/linked_variations?post=5039"}],"curies":[{"name":"wp","href":"https:\/\/api.w.org\/{rel}","templated":true}]}}