{"id":5048,"date":"2022-02-17T14:05:49","date_gmt":"2022-02-17T13:05:49","guid":{"rendered":"https:\/\/mandevillashop.com\/product\/mandevilla-pink-2\/"},"modified":"2026-02-10T12:36:24","modified_gmt":"2026-02-10T11:36:24","slug":"mandevilla-pink-2","status":"publish","type":"product","link":"https:\/\/mandevillashop.com\/de\/produkt\/mandevilla-pink-2\/","title":{"rendered":"Dipladenia Rosa"},"content":{"rendered":"<h2>Standort &amp; Bl\u00fcte<\/h2>\n<p>Der ideale Standort f\u00fcr die Dipladenia Rosa ist sonnig und lichtreich. Volle Sonne oder Halbschatten sind bestens geeignet. Wichtig ist lediglich, an extrem hei\u00dfen Tagen die pralle Mittagssonne zu vermeiden, damit die zarten Bl\u00fcten ihre Sch\u00f6nheit lange behalten.<\/p>\n<p>Die Dipladenia bl\u00fcht reichlich ab dem fr\u00fchen Fr\u00fchjahr und setzt ihre Bl\u00fctenpracht bis in den Herbst fort. Ihre eleganten, trompetenf\u00f6rmigen Bl\u00fcten \u2013 typische Trichterbl\u00fcte mit feinen Bl\u00fctentrichtern \u2013 erscheinen in verschiedenen rosa- und pink-Nuancen und bilden einen wundersch\u00f6nen Flor.<\/p>\n<p>Urspr\u00fcnglich stammt die Dipladenia aus ihrer tropischen Heimat in S\u00fcdamerika. Diese Herkunft verleiht ihr den warmen, sommerlichen Charakter, der an Urlaub, Sonne und Dschungel erinnert. Besonders sch\u00f6n wirkt sie in Kombination mit wei\u00dfen oder kr\u00e4ftiger gef\u00e4rbten Dipladenien.<\/p>\n<h2>Pflege<\/h2>\n<p>Die Pflege der Dipladenia Rosa ist unkompliziert und auch f\u00fcr Einsteiger gut geeignet. Entscheidend ist eine hochwertige, luftige Erde mit guter Drainage.<\/p>\n<p><strong>So pflegst du deine Mandevilla Rosa optimal:<\/strong><\/p>\n<ul>\n<li>Regelm\u00e4\u00dfig gie\u00dfen, dabei jedoch unbedingt Staun\u00e4sse vermeiden<\/li>\n<li>Zus\u00e4tzliche N\u00e4hrstoffe unterst\u00fctzen eine reiche Bl\u00fcte und einen gesunden Wuchs<\/li>\n<li>Bei Bedarf die Triebe sanft an Rankhilfen oder einem Kletterger\u00fcst entlangf\u00fchren<\/li>\n<li>In unserer G\u00e4rtnerei wurde die Pflanze bereits fachgerecht vorbereitet \u2013 ein R\u00fcckschnitt ist daher nicht notwendig<\/li>\n<li>W\u00e4hrend der Saison k\u00f6nnen einzelne lange Triebe entfernt werden, um die Pflanze kompakt zu halten und neue Bl\u00fctenknospen zu f\u00f6rdern<\/li>\n<li>F\u00fcr die \u00dcberwinterung ist sp\u00e4ter im Jahr ein st\u00e4rkerer R\u00fcckschnitt m\u00f6glich<\/li>\n<\/ul>\n<p>Die Dipladenia ist nicht winterhart. F\u00fcr die \u00dcberwinterung wird ein heller, frostfreier Winterplatz im Haus oder im Wintergarten empfohlen. Die ideale Temperatur liegt zwischen 10 und 12 Grad. So \u00fcbersteht die Pflanze den Winter gut und beginnt im Fr\u00fchjahr wieder von vorne. Ausf\u00fchrliche Pflegetipps finden Sie in unserem <a href=\"https:\/\/mandevillashop.com\/de\/pflege\/ueberwintern\/\">\u00dcberwinterungsblog<\/a>.<\/p>\n<h2>Lieferung von Mandevillashop<\/h2>\n<p>Bei Mandevillashop dreht sich allem um Leidenschaft f\u00fcr die Mandevilla. Unsere Dipladenia Rosa wird nachhaltig und mit gro\u00dfer Sorgfalt kultiviert \u2013 vom Steckling bis zur ausgewachsenen Pflanze. Jede Pflanze wird sorgf\u00e4ltig vorbereitet und direkt vom Z\u00fcchter versendet.<\/p>\n<p>Du erh\u00e4ltst eine kr\u00e4ftige Pflanze in passender Gr\u00f6\u00dfe, bereit zum Aufstellen auf Balkon oder Terrasse. Die Pflanzung gelingt sofort und unkompliziert. Eine Beschreibung, klare Besonderheiten und praktische Tipps helfen dir bei der Auswahl.<\/p>\n<p>Mit der Dipladenia Rosa holst du dir nicht nur eine Pflanze nach Hause, sondern sommerliche Farbe, mediterranes Flair und langanhaltende Bl\u00fctenfreude<\/p>\n","protected":false},"excerpt":{"rendered":"<p>Die Dipladenia Rosa, auch als Mandevilla bekannt, ist eine sommerliche Gartenpflanze mit zarten rosa bis pinkfarbenen Bl\u00fcten. Sie bl\u00fcht zuverl\u00e4ssig vom Fr\u00fchjahr bis in den Herbst und sorgt auf Balkon, Terrasse oder im Garten f\u00fcr eine warme, mediterrane Ausstrahlung.<\/p>\n<p>Mit ihrem frischen gr\u00fcnen Laub und dem harmonischen Farbspiel bringt die Dipladenia Rosa Leichtigkeit und Farbe in jeden Au\u00dfenbereich \u2013 unkompliziert und einfach zu genie\u00dfen.<\/p>\n","protected":false},"featured_media":10138,"comment_status":"open","ping_status":"closed","template":"","meta":{"_acf_changed":false},"product_brand":[],"product_cat":[408,257,236],"product_tag":[],"linked_variations":[264],"class_list":{"0":"post-5048","1":"product","2":"type-product","3":"status-publish","4":"has-post-thumbnail","6":"product_cat-dipladenias","7":"product_cat-dipladenien","8":"product_cat-mandevilla-pink-de","9":"pa_potmaat-14cm-de","10":"linked_variations-mandevilla","12":"first","13":"instock","14":"taxable","15":"shipping-taxable","16":"purchasable","17":"product-type-simple"},"acf":[],"yoast_head":"<!-- This site is optimized with the Yoast SEO plugin v27.4 - https:\/\/yoast.com\/product\/yoast-seo-wordpress\/ -->\n<title>Dipladenia (Mandevilla) Rosa kaufen - Mandevillashop<\/title>\n<meta name=\"description\" content=\"Die Rosa Mandevilla im 14-cm-Topf eignet sich sehr gut f\u00fcr Ihren Gartentisch. Mit ihrer zartrosa Farbe bl\u00fcht sie den ganzen Sommer \u00fcber.\" \/>\n<meta name=\"robots\" content=\"index, follow, max-snippet:-1, max-image-preview:large, max-video-preview:-1\" \/>\n<link rel=\"canonical\" href=\"https:\/\/mandevillashop.com\/de\/produkt\/mandevilla-pink-2\/\" \/>\n<meta property=\"og:locale\" content=\"de_DE\" \/>\n<meta property=\"og:type\" content=\"article\" \/>\n<meta property=\"og:title\" content=\"Dipladenia (Mandevilla) Rosa kaufen - Mandevillashop\" \/>\n<meta property=\"og:description\" content=\"Die Rosa Mandevilla im 14-cm-Topf eignet sich sehr gut f\u00fcr Ihren Gartentisch. Mit ihrer zartrosa Farbe bl\u00fcht sie den ganzen Sommer \u00fcber.\" \/>\n<meta property=\"og:url\" content=\"https:\/\/mandevillashop.com\/de\/produkt\/mandevilla-pink-2\/\" \/>\n<meta property=\"og:site_name\" content=\"Mandevillashop\" \/>\n<meta property=\"article:modified_time\" content=\"2026-02-10T11:36:24+00:00\" \/>\n<meta property=\"og:image\" content=\"https:\/\/mandevillashop.com\/wp-content\/uploads\/2022\/02\/SV-P-14-2-scaled.png\" \/>\n\t<meta property=\"og:image:width\" content=\"2560\" \/>\n\t<meta property=\"og:image:height\" content=\"2560\" \/>\n\t<meta property=\"og:image:type\" content=\"image\/png\" \/>\n<meta name=\"twitter:card\" content=\"summary_large_image\" \/>\n<meta name=\"twitter:label1\" content=\"Gesch\u00e4tzte Lesezeit\" \/>\n\t<meta name=\"twitter:data1\" content=\"2\u00a0Minuten\" \/>\n<script type=\"application\/ld+json\" class=\"yoast-schema-graph\">{\"@context\":\"https:\\\/\\\/schema.org\",\"@graph\":[{\"@type\":[\"WebPage\",\"ItemPage\"],\"@id\":\"https:\\\/\\\/mandevillashop.com\\\/de\\\/produkt\\\/mandevilla-pink-2\\\/\",\"url\":\"https:\\\/\\\/mandevillashop.com\\\/de\\\/produkt\\\/mandevilla-pink-2\\\/\",\"name\":\"Dipladenia (Mandevilla) Rosa kaufen - Mandevillashop\",\"isPartOf\":{\"@id\":\"https:\\\/\\\/mandevillashop.com\\\/de\\\/#website\"},\"primaryImageOfPage\":{\"@id\":\"https:\\\/\\\/mandevillashop.com\\\/de\\\/produkt\\\/mandevilla-pink-2\\\/#primaryimage\"},\"image\":{\"@id\":\"https:\\\/\\\/mandevillashop.com\\\/de\\\/produkt\\\/mandevilla-pink-2\\\/#primaryimage\"},\"thumbnailUrl\":\"https:\\\/\\\/mandevillashop.com\\\/wp-content\\\/uploads\\\/2022\\\/02\\\/SV-P-14-2-scaled.png\",\"datePublished\":\"2022-02-17T13:05:49+00:00\",\"dateModified\":\"2026-02-10T11:36:24+00:00\",\"description\":\"Die Rosa Mandevilla im 14-cm-Topf eignet sich sehr gut f\u00fcr Ihren Gartentisch. Mit ihrer zartrosa Farbe bl\u00fcht sie den ganzen Sommer \u00fcber.\",\"breadcrumb\":{\"@id\":\"https:\\\/\\\/mandevillashop.com\\\/de\\\/produkt\\\/mandevilla-pink-2\\\/#breadcrumb\"},\"inLanguage\":\"de\",\"potentialAction\":[{\"@type\":\"ReadAction\",\"target\":[\"https:\\\/\\\/mandevillashop.com\\\/de\\\/produkt\\\/mandevilla-pink-2\\\/\"]}]},{\"@type\":\"ImageObject\",\"inLanguage\":\"de\",\"@id\":\"https:\\\/\\\/mandevillashop.com\\\/de\\\/produkt\\\/mandevilla-pink-2\\\/#primaryimage\",\"url\":\"https:\\\/\\\/mandevillashop.com\\\/wp-content\\\/uploads\\\/2022\\\/02\\\/SV-P-14-2-scaled.png\",\"contentUrl\":\"https:\\\/\\\/mandevillashop.com\\\/wp-content\\\/uploads\\\/2022\\\/02\\\/SV-P-14-2-scaled.png\",\"width\":2560,\"height\":2560,\"caption\":\"Dipladenia rosa\"},{\"@type\":\"BreadcrumbList\",\"@id\":\"https:\\\/\\\/mandevillashop.com\\\/de\\\/produkt\\\/mandevilla-pink-2\\\/#breadcrumb\",\"itemListElement\":[{\"@type\":\"ListItem\",\"position\":1,\"name\":\"Home\",\"item\":\"https:\\\/\\\/mandevillashop.com\\\/de\\\/\"},{\"@type\":\"ListItem\",\"position\":2,\"name\":\"Shop\",\"item\":\"https:\\\/\\\/mandevillashop.com\\\/de\\\/dipladenia-webshop\\\/\"},{\"@type\":\"ListItem\",\"position\":3,\"name\":\"Dipladenia Rosa\"}]},{\"@type\":\"WebSite\",\"@id\":\"https:\\\/\\\/mandevillashop.com\\\/de\\\/#website\",\"url\":\"https:\\\/\\\/mandevillashop.com\\\/de\\\/\",\"name\":\"Mandevillashop\",\"description\":\"De Mandevilla Specialist\",\"publisher\":{\"@id\":\"https:\\\/\\\/mandevillashop.com\\\/de\\\/#organization\"},\"potentialAction\":[{\"@type\":\"SearchAction\",\"target\":{\"@type\":\"EntryPoint\",\"urlTemplate\":\"https:\\\/\\\/mandevillashop.com\\\/de\\\/?s={search_term_string}\"},\"query-input\":{\"@type\":\"PropertyValueSpecification\",\"valueRequired\":true,\"valueName\":\"search_term_string\"}}],\"inLanguage\":\"de\"},{\"@type\":\"Organization\",\"@id\":\"https:\\\/\\\/mandevillashop.com\\\/de\\\/#organization\",\"name\":\"Mandevilla Shop\",\"url\":\"https:\\\/\\\/mandevillashop.com\\\/de\\\/\",\"logo\":{\"@type\":\"ImageObject\",\"inLanguage\":\"de\",\"@id\":\"https:\\\/\\\/mandevillashop.com\\\/de\\\/#\\\/schema\\\/logo\\\/image\\\/\",\"url\":\"https:\\\/\\\/mandevillashop.com\\\/wp-content\\\/uploads\\\/2023\\\/07\\\/mandevilla-shop-zwart.svg\",\"contentUrl\":\"https:\\\/\\\/mandevillashop.com\\\/wp-content\\\/uploads\\\/2023\\\/07\\\/mandevilla-shop-zwart.svg\",\"caption\":\"Mandevilla Shop\"},\"image\":{\"@id\":\"https:\\\/\\\/mandevillashop.com\\\/de\\\/#\\\/schema\\\/logo\\\/image\\\/\"}}]}<\/script>\n<!-- \/ Yoast SEO plugin. -->","yoast_head_json":{"title":"Dipladenia (Mandevilla) Rosa kaufen - Mandevillashop","description":"Die Rosa Mandevilla im 14-cm-Topf eignet sich sehr gut f\u00fcr Ihren Gartentisch. Mit ihrer zartrosa Farbe bl\u00fcht sie den ganzen Sommer \u00fcber.","robots":{"index":"index","follow":"follow","max-snippet":"max-snippet:-1","max-image-preview":"max-image-preview:large","max-video-preview":"max-video-preview:-1"},"canonical":"https:\/\/mandevillashop.com\/de\/produkt\/mandevilla-pink-2\/","og_locale":"de_DE","og_type":"article","og_title":"Dipladenia (Mandevilla) Rosa kaufen - Mandevillashop","og_description":"Die Rosa Mandevilla im 14-cm-Topf eignet sich sehr gut f\u00fcr Ihren Gartentisch. Mit ihrer zartrosa Farbe bl\u00fcht sie den ganzen Sommer \u00fcber.","og_url":"https:\/\/mandevillashop.com\/de\/produkt\/mandevilla-pink-2\/","og_site_name":"Mandevillashop","article_modified_time":"2026-02-10T11:36:24+00:00","og_image":[{"width":2560,"height":2560,"url":"https:\/\/mandevillashop.com\/wp-content\/uploads\/2022\/02\/SV-P-14-2-scaled.png","type":"image\/png"}],"twitter_card":"summary_large_image","twitter_misc":{"Gesch\u00e4tzte Lesezeit":"2\u00a0Minuten"},"schema":{"@context":"https:\/\/schema.org","@graph":[{"@type":["WebPage","ItemPage"],"@id":"https:\/\/mandevillashop.com\/de\/produkt\/mandevilla-pink-2\/","url":"https:\/\/mandevillashop.com\/de\/produkt\/mandevilla-pink-2\/","name":"Dipladenia (Mandevilla) Rosa kaufen - Mandevillashop","isPartOf":{"@id":"https:\/\/mandevillashop.com\/de\/#website"},"primaryImageOfPage":{"@id":"https:\/\/mandevillashop.com\/de\/produkt\/mandevilla-pink-2\/#primaryimage"},"image":{"@id":"https:\/\/mandevillashop.com\/de\/produkt\/mandevilla-pink-2\/#primaryimage"},"thumbnailUrl":"https:\/\/mandevillashop.com\/wp-content\/uploads\/2022\/02\/SV-P-14-2-scaled.png","datePublished":"2022-02-17T13:05:49+00:00","dateModified":"2026-02-10T11:36:24+00:00","description":"Die Rosa Mandevilla im 14-cm-Topf eignet sich sehr gut f\u00fcr Ihren Gartentisch. Mit ihrer zartrosa Farbe bl\u00fcht sie den ganzen Sommer \u00fcber.","breadcrumb":{"@id":"https:\/\/mandevillashop.com\/de\/produkt\/mandevilla-pink-2\/#breadcrumb"},"inLanguage":"de","potentialAction":[{"@type":"ReadAction","target":["https:\/\/mandevillashop.com\/de\/produkt\/mandevilla-pink-2\/"]}]},{"@type":"ImageObject","inLanguage":"de","@id":"https:\/\/mandevillashop.com\/de\/produkt\/mandevilla-pink-2\/#primaryimage","url":"https:\/\/mandevillashop.com\/wp-content\/uploads\/2022\/02\/SV-P-14-2-scaled.png","contentUrl":"https:\/\/mandevillashop.com\/wp-content\/uploads\/2022\/02\/SV-P-14-2-scaled.png","width":2560,"height":2560,"caption":"Dipladenia rosa"},{"@type":"BreadcrumbList","@id":"https:\/\/mandevillashop.com\/de\/produkt\/mandevilla-pink-2\/#breadcrumb","itemListElement":[{"@type":"ListItem","position":1,"name":"Home","item":"https:\/\/mandevillashop.com\/de\/"},{"@type":"ListItem","position":2,"name":"Shop","item":"https:\/\/mandevillashop.com\/de\/dipladenia-webshop\/"},{"@type":"ListItem","position":3,"name":"Dipladenia Rosa"}]},{"@type":"WebSite","@id":"https:\/\/mandevillashop.com\/de\/#website","url":"https:\/\/mandevillashop.com\/de\/","name":"Mandevillashop","description":"De Mandevilla Specialist","publisher":{"@id":"https:\/\/mandevillashop.com\/de\/#organization"},"potentialAction":[{"@type":"SearchAction","target":{"@type":"EntryPoint","urlTemplate":"https:\/\/mandevillashop.com\/de\/?s={search_term_string}"},"query-input":{"@type":"PropertyValueSpecification","valueRequired":true,"valueName":"search_term_string"}}],"inLanguage":"de"},{"@type":"Organization","@id":"https:\/\/mandevillashop.com\/de\/#organization","name":"Mandevilla Shop","url":"https:\/\/mandevillashop.com\/de\/","logo":{"@type":"ImageObject","inLanguage":"de","@id":"https:\/\/mandevillashop.com\/de\/#\/schema\/logo\/image\/","url":"https:\/\/mandevillashop.com\/wp-content\/uploads\/2023\/07\/mandevilla-shop-zwart.svg","contentUrl":"https:\/\/mandevillashop.com\/wp-content\/uploads\/2023\/07\/mandevilla-shop-zwart.svg","caption":"Mandevilla Shop"},"image":{"@id":"https:\/\/mandevillashop.com\/de\/#\/schema\/logo\/image\/"}}]}},"_links":{"self":[{"href":"https:\/\/mandevillashop.com\/de\/wp-json\/wp\/v2\/product\/5048","targetHints":{"allow":["GET"]}}],"collection":[{"href":"https:\/\/mandevillashop.com\/de\/wp-json\/wp\/v2\/product"}],"about":[{"href":"https:\/\/mandevillashop.com\/de\/wp-json\/wp\/v2\/types\/product"}],"replies":[{"embeddable":true,"href":"https:\/\/mandevillashop.com\/de\/wp-json\/wp\/v2\/comments?post=5048"}],"wp:featuredmedia":[{"embeddable":true,"href":"https:\/\/mandevillashop.com\/de\/wp-json\/wp\/v2\/media\/10138"}],"wp:attachment":[{"href":"https:\/\/mandevillashop.com\/de\/wp-json\/wp\/v2\/media?parent=5048"}],"wp:term":[{"taxonomy":"product_brand","embeddable":true,"href":"https:\/\/mandevillashop.com\/de\/wp-json\/wp\/v2\/product_brand?post=5048"},{"taxonomy":"product_cat","embeddable":true,"href":"https:\/\/mandevillashop.com\/de\/wp-json\/wp\/v2\/product_cat?post=5048"},{"taxonomy":"product_tag","embeddable":true,"href":"https:\/\/mandevillashop.com\/de\/wp-json\/wp\/v2\/product_tag?post=5048"},{"taxonomy":"linked_variations","embeddable":true,"href":"https:\/\/mandevillashop.com\/de\/wp-json\/wp\/v2\/linked_variations?post=5048"}],"curies":[{"name":"wp","href":"https:\/\/api.w.org\/{rel}","templated":true}]}}