{"id":5119,"date":"2022-02-17T13:40:26","date_gmt":"2022-02-17T12:40:26","guid":{"rendered":"https:\/\/mandevillashop.com\/product\/mandevilla-cream-pink-tower\/"},"modified":"2026-02-17T11:07:33","modified_gmt":"2026-02-17T10:07:33","slug":"mandevilla-cream-pink-tower","status":"publish","type":"product","link":"https:\/\/mandevillashop.com\/de\/produkt\/mandevilla-cream-pink-tower\/","title":{"rendered":"Dipladenia Cream Pink Tower"},"content":{"rendered":"<h2>Standort &amp; Bl\u00fcte<\/h2>\n<p>Die Dipladenia Cream Pink Tower ist eine vertikal wachsende Sommerpflanze mit einer eleganten und harmonischen Ausstrahlung.<br \/>\nDurch das dreieckige Bambusgestell w\u00e4chst die Pflanze aufrecht nach oben und bildet eine kompakte Turmform,<br \/>\ndie Struktur und H\u00f6he in den Au\u00dfenbereich bringt.<\/p>\n<p>Die Dipladenia, auch als Mandevilla bekannt, \u00fcberzeugt mit ihren zart rosafarbenen, trompetenf\u00f6rmigen Bl\u00fcten.<br \/>\nSie beginnt bereits im Fr\u00fchjahr zu bl\u00fchen und bildet bis zum ersten Frost kontinuierlich neue Bl\u00fcten.<br \/>\nDie dezente Bl\u00fctenfarbe sorgt f\u00fcr ein ausgewogenes und gepflegtes Gesamtbild.<\/p>\n<p>Der ideale Standort f\u00fcr diese Dipladenia Sundaville ist ein heller Platz in voller Sonne oder im<br \/>\nHalbschatten. Je mehr Licht die Pflanze erh\u00e4lt, desto gleichm\u00e4\u00dfiger entwickelt sich die Bl\u00fcte.<br \/>\nAn sehr hei\u00dfen Tagen ist ein leicht gesch\u00fctzter Standort empfehlenswert.<\/p>\n<p>Urspr\u00fcnglich stammt die Dipladenia aus S\u00fcdamerika. Das zeigt sich in ihrer langen Bl\u00fctezeit und ihrer<br \/>\nsommerlichen, mediterranen Ausstrahlung. Die Tower-Form eignet sich besonders gut, um auf Terrasse<br \/>\noder Balkon vertikale Akzente zu setzen.<\/p>\n<h2>Pflege<\/h2>\n<p>Die Pflege der Dipladenia Cream Pink Tower ist unkompliziert und auch f\u00fcr Einsteiger gut geeignet.<br \/>\nVerwenden Sie lockere, gut durchl\u00e4ssige Blumenerde, damit \u00fcbersch\u00fcssiges Wasser gut abflie\u00dfen kann.<br \/>\nZu nasse Wurzeln sollten vermieden werden.<\/p>\n<p>Halten Sie die Erde leicht feucht und gie\u00dfen Sie regelm\u00e4\u00dfig, ohne dass die Wurzeln zu nass werden.<br \/>\nF\u00fcr die N\u00e4hrstoffversorgung reicht es aus, einmal pro Saison D\u00fcngekegel zu verwenden. So bleibt die<br \/>\nDipladenia w\u00e4hrend der gesamten Saison gesund und bl\u00fchfreudig.<\/p>\n<p>So pflegen Sie die Dipladenia optimal:<\/p>\n<ul>\n<li>Regelm\u00e4\u00dfig gie\u00dfen und zu nasse Wurzeln vermeiden<\/li>\n<li>F\u00fcr eine gute Drainage im Topf sorgen<\/li>\n<li>Ein zus\u00e4tzlicher R\u00fcckschnitt ist nicht notwendig, die Pflanze ist bereits an das Gestell gef\u00fchrt<\/li>\n<li>Eventuelle Ausl\u00e4ufer k\u00f6nnen w\u00e4hrend der Saison entfernt oder zur\u00fcckgeschnitten werden<\/li>\n<li>Nicht winterhart: Vor dem ersten Frost an einen hellen, frostfreien Ort stellen<\/li>\n<\/ul>\n<h2>Lieferung von Mandevillashop<\/h2>\n<p>Bei Mandevillashop ziehen wir unsere Dipladenia-Pflanzen von der Stecklingsphase bis zur<br \/>\nausgewachsenen Au\u00dfenpflanze in unserer eigenen G\u00e4rtnerei heran. Wir liefern ausschlie\u00dflich<br \/>\nw\u00e4hrend der Saison und immer frisch aus dem Gew\u00e4chshaus.<\/p>\n<p>Die Dipladenia Sundaville Cream Pink Tower wird sorgf\u00e4ltig verpackt und sicher zu Ihnen nach Hause<br \/>\ngeliefert. Sie erhalten eine kr\u00e4ftige Pflanze mit einer Topfgr\u00f6\u00dfe von 17 cm und einer H\u00f6he von<br \/>\netwa 55 cm inklusive Topf \u2013 inklusive dreieckigem Bambusgestell.<\/p>\n","protected":false},"excerpt":{"rendered":"<p>Diese Mandevilla Dipladenia Cream Pink Tower w\u00e4chst an einem dreieckigen Bambusgestell senkrecht in die H\u00f6he und erh\u00e4lt dadurch ihre charakteristische Turmform. Die zart rosafarbenen Bl\u00fcten verleihen Balkon, Terrasse oder Garten eine ruhige und sommerliche Ausstrahlung.<\/p>\n","protected":false},"featured_media":8121,"comment_status":"open","ping_status":"closed","template":"","meta":{"_acf_changed":false},"product_brand":[],"product_cat":[408,257,236],"product_tag":[331],"linked_variations":[204],"class_list":{"0":"post-5119","1":"product","2":"type-product","3":"status-publish","4":"has-post-thumbnail","6":"product_cat-dipladenias","7":"product_cat-dipladenien","8":"product_cat-mandevilla-pink-de","9":"product_tag-lichtroze-de","10":"pa_potmaat-17cm-de","11":"linked_variations-tower","13":"first","14":"instock","15":"featured","16":"taxable","17":"shipping-taxable","18":"purchasable","19":"product-type-simple"},"acf":[],"yoast_head":"<!-- This site is optimized with the Yoast SEO plugin v26.7 - https:\/\/yoast.com\/wordpress\/plugins\/seo\/ -->\n<title>Mandevilla Dipladenia Cream Pink Tower - Mandevillashop<\/title>\n<meta name=\"description\" content=\"Diese Mandevilla Cream Pink Tower hat eine sch\u00f6ne, zartrosa Farbe. Sie w\u00e4chst entlang einer dreieckigen Bambusst\u00fctze: in Form eines Turms!\" \/>\n<meta name=\"robots\" content=\"index, follow, max-snippet:-1, max-image-preview:large, max-video-preview:-1\" \/>\n<link rel=\"canonical\" href=\"https:\/\/mandevillashop.com\/de\/produkt\/mandevilla-cream-pink-tower\/\" \/>\n<meta property=\"og:locale\" content=\"de_DE\" \/>\n<meta property=\"og:type\" content=\"article\" \/>\n<meta property=\"og:title\" content=\"Mandevilla Dipladenia Cream Pink Tower - Mandevillashop\" \/>\n<meta property=\"og:description\" content=\"Diese Mandevilla Cream Pink Tower hat eine sch\u00f6ne, zartrosa Farbe. Sie w\u00e4chst entlang einer dreieckigen Bambusst\u00fctze: in Form eines Turms!\" \/>\n<meta property=\"og:url\" content=\"https:\/\/mandevillashop.com\/de\/produkt\/mandevilla-cream-pink-tower\/\" \/>\n<meta property=\"og:site_name\" content=\"Mandevillashop\" \/>\n<meta property=\"article:modified_time\" content=\"2026-02-17T10:07:33+00:00\" \/>\n<meta property=\"og:image\" content=\"https:\/\/mandevillashop.com\/wp-content\/uploads\/2022\/03\/SC-CP-17-1024x1024.png\" \/>\n\t<meta property=\"og:image:width\" content=\"1024\" \/>\n\t<meta property=\"og:image:height\" content=\"1024\" \/>\n\t<meta property=\"og:image:type\" content=\"image\/png\" \/>\n<meta name=\"twitter:card\" content=\"summary_large_image\" \/>\n<meta name=\"twitter:label1\" content=\"Gesch\u00e4tzte Lesezeit\" \/>\n\t<meta name=\"twitter:data1\" content=\"2\u00a0Minuten\" \/>\n<script type=\"application\/ld+json\" class=\"yoast-schema-graph\">{\"@context\":\"https:\/\/schema.org\",\"@graph\":[{\"@type\":[\"WebPage\",\"ItemPage\"],\"@id\":\"https:\/\/mandevillashop.com\/de\/produkt\/mandevilla-cream-pink-tower\/\",\"url\":\"https:\/\/mandevillashop.com\/de\/produkt\/mandevilla-cream-pink-tower\/\",\"name\":\"Mandevilla Dipladenia Cream Pink Tower - Mandevillashop\",\"isPartOf\":{\"@id\":\"https:\/\/mandevillashop.com\/de\/#website\"},\"primaryImageOfPage\":{\"@id\":\"https:\/\/mandevillashop.com\/de\/produkt\/mandevilla-cream-pink-tower\/#primaryimage\"},\"image\":{\"@id\":\"https:\/\/mandevillashop.com\/de\/produkt\/mandevilla-cream-pink-tower\/#primaryimage\"},\"thumbnailUrl\":\"https:\/\/mandevillashop.com\/wp-content\/uploads\/2022\/03\/SC-CP-17.png\",\"datePublished\":\"2022-02-17T12:40:26+00:00\",\"dateModified\":\"2026-02-17T10:07:33+00:00\",\"description\":\"Diese Mandevilla Cream Pink Tower hat eine sch\u00f6ne, zartrosa Farbe. Sie w\u00e4chst entlang einer dreieckigen Bambusst\u00fctze: in Form eines Turms!\",\"breadcrumb\":{\"@id\":\"https:\/\/mandevillashop.com\/de\/produkt\/mandevilla-cream-pink-tower\/#breadcrumb\"},\"inLanguage\":\"de\",\"potentialAction\":[{\"@type\":\"ReadAction\",\"target\":[\"https:\/\/mandevillashop.com\/de\/produkt\/mandevilla-cream-pink-tower\/\"]}]},{\"@type\":\"ImageObject\",\"inLanguage\":\"de\",\"@id\":\"https:\/\/mandevillashop.com\/de\/produkt\/mandevilla-cream-pink-tower\/#primaryimage\",\"url\":\"https:\/\/mandevillashop.com\/wp-content\/uploads\/2022\/03\/SC-CP-17.png\",\"contentUrl\":\"https:\/\/mandevillashop.com\/wp-content\/uploads\/2022\/03\/SC-CP-17.png\",\"width\":5000,\"height\":5000,\"caption\":\"Dipladenia Cream Pink Tower\"},{\"@type\":\"BreadcrumbList\",\"@id\":\"https:\/\/mandevillashop.com\/de\/produkt\/mandevilla-cream-pink-tower\/#breadcrumb\",\"itemListElement\":[{\"@type\":\"ListItem\",\"position\":1,\"name\":\"Home\",\"item\":\"https:\/\/mandevillashop.com\/de\/\"},{\"@type\":\"ListItem\",\"position\":2,\"name\":\"Shop\",\"item\":\"https:\/\/mandevillashop.com\/de\/dipladenia-webshop\/\"},{\"@type\":\"ListItem\",\"position\":3,\"name\":\"Dipladenia Cream Pink Tower\"}]},{\"@type\":\"WebSite\",\"@id\":\"https:\/\/mandevillashop.com\/de\/#website\",\"url\":\"https:\/\/mandevillashop.com\/de\/\",\"name\":\"Mandevillashop\",\"description\":\"De Mandevilla Specialist\",\"publisher\":{\"@id\":\"https:\/\/mandevillashop.com\/de\/#organization\"},\"potentialAction\":[{\"@type\":\"SearchAction\",\"target\":{\"@type\":\"EntryPoint\",\"urlTemplate\":\"https:\/\/mandevillashop.com\/de\/?s={search_term_string}\"},\"query-input\":{\"@type\":\"PropertyValueSpecification\",\"valueRequired\":true,\"valueName\":\"search_term_string\"}}],\"inLanguage\":\"de\"},{\"@type\":\"Organization\",\"@id\":\"https:\/\/mandevillashop.com\/de\/#organization\",\"name\":\"Mandevilla Shop\",\"url\":\"https:\/\/mandevillashop.com\/de\/\",\"logo\":{\"@type\":\"ImageObject\",\"inLanguage\":\"de\",\"@id\":\"https:\/\/mandevillashop.com\/de\/#\/schema\/logo\/image\/\",\"url\":\"https:\/\/mandevillashop.com\/wp-content\/uploads\/2023\/07\/mandevilla-shop-zwart.svg\",\"contentUrl\":\"https:\/\/mandevillashop.com\/wp-content\/uploads\/2023\/07\/mandevilla-shop-zwart.svg\",\"caption\":\"Mandevilla Shop\"},\"image\":{\"@id\":\"https:\/\/mandevillashop.com\/de\/#\/schema\/logo\/image\/\"}}]}<\/script>\n<!-- \/ Yoast SEO plugin. -->","yoast_head_json":{"title":"Mandevilla Dipladenia Cream Pink Tower - Mandevillashop","description":"Diese Mandevilla Cream Pink Tower hat eine sch\u00f6ne, zartrosa Farbe. Sie w\u00e4chst entlang einer dreieckigen Bambusst\u00fctze: in Form eines Turms!","robots":{"index":"index","follow":"follow","max-snippet":"max-snippet:-1","max-image-preview":"max-image-preview:large","max-video-preview":"max-video-preview:-1"},"canonical":"https:\/\/mandevillashop.com\/de\/produkt\/mandevilla-cream-pink-tower\/","og_locale":"de_DE","og_type":"article","og_title":"Mandevilla Dipladenia Cream Pink Tower - Mandevillashop","og_description":"Diese Mandevilla Cream Pink Tower hat eine sch\u00f6ne, zartrosa Farbe. Sie w\u00e4chst entlang einer dreieckigen Bambusst\u00fctze: in Form eines Turms!","og_url":"https:\/\/mandevillashop.com\/de\/produkt\/mandevilla-cream-pink-tower\/","og_site_name":"Mandevillashop","article_modified_time":"2026-02-17T10:07:33+00:00","og_image":[{"width":1024,"height":1024,"url":"https:\/\/mandevillashop.com\/wp-content\/uploads\/2022\/03\/SC-CP-17-1024x1024.png","type":"image\/png"}],"twitter_card":"summary_large_image","twitter_misc":{"Gesch\u00e4tzte Lesezeit":"2\u00a0Minuten"},"schema":{"@context":"https:\/\/schema.org","@graph":[{"@type":["WebPage","ItemPage"],"@id":"https:\/\/mandevillashop.com\/de\/produkt\/mandevilla-cream-pink-tower\/","url":"https:\/\/mandevillashop.com\/de\/produkt\/mandevilla-cream-pink-tower\/","name":"Mandevilla Dipladenia Cream Pink Tower - Mandevillashop","isPartOf":{"@id":"https:\/\/mandevillashop.com\/de\/#website"},"primaryImageOfPage":{"@id":"https:\/\/mandevillashop.com\/de\/produkt\/mandevilla-cream-pink-tower\/#primaryimage"},"image":{"@id":"https:\/\/mandevillashop.com\/de\/produkt\/mandevilla-cream-pink-tower\/#primaryimage"},"thumbnailUrl":"https:\/\/mandevillashop.com\/wp-content\/uploads\/2022\/03\/SC-CP-17.png","datePublished":"2022-02-17T12:40:26+00:00","dateModified":"2026-02-17T10:07:33+00:00","description":"Diese Mandevilla Cream Pink Tower hat eine sch\u00f6ne, zartrosa Farbe. Sie w\u00e4chst entlang einer dreieckigen Bambusst\u00fctze: in Form eines Turms!","breadcrumb":{"@id":"https:\/\/mandevillashop.com\/de\/produkt\/mandevilla-cream-pink-tower\/#breadcrumb"},"inLanguage":"de","potentialAction":[{"@type":"ReadAction","target":["https:\/\/mandevillashop.com\/de\/produkt\/mandevilla-cream-pink-tower\/"]}]},{"@type":"ImageObject","inLanguage":"de","@id":"https:\/\/mandevillashop.com\/de\/produkt\/mandevilla-cream-pink-tower\/#primaryimage","url":"https:\/\/mandevillashop.com\/wp-content\/uploads\/2022\/03\/SC-CP-17.png","contentUrl":"https:\/\/mandevillashop.com\/wp-content\/uploads\/2022\/03\/SC-CP-17.png","width":5000,"height":5000,"caption":"Dipladenia Cream Pink Tower"},{"@type":"BreadcrumbList","@id":"https:\/\/mandevillashop.com\/de\/produkt\/mandevilla-cream-pink-tower\/#breadcrumb","itemListElement":[{"@type":"ListItem","position":1,"name":"Home","item":"https:\/\/mandevillashop.com\/de\/"},{"@type":"ListItem","position":2,"name":"Shop","item":"https:\/\/mandevillashop.com\/de\/dipladenia-webshop\/"},{"@type":"ListItem","position":3,"name":"Dipladenia Cream Pink Tower"}]},{"@type":"WebSite","@id":"https:\/\/mandevillashop.com\/de\/#website","url":"https:\/\/mandevillashop.com\/de\/","name":"Mandevillashop","description":"De Mandevilla Specialist","publisher":{"@id":"https:\/\/mandevillashop.com\/de\/#organization"},"potentialAction":[{"@type":"SearchAction","target":{"@type":"EntryPoint","urlTemplate":"https:\/\/mandevillashop.com\/de\/?s={search_term_string}"},"query-input":{"@type":"PropertyValueSpecification","valueRequired":true,"valueName":"search_term_string"}}],"inLanguage":"de"},{"@type":"Organization","@id":"https:\/\/mandevillashop.com\/de\/#organization","name":"Mandevilla Shop","url":"https:\/\/mandevillashop.com\/de\/","logo":{"@type":"ImageObject","inLanguage":"de","@id":"https:\/\/mandevillashop.com\/de\/#\/schema\/logo\/image\/","url":"https:\/\/mandevillashop.com\/wp-content\/uploads\/2023\/07\/mandevilla-shop-zwart.svg","contentUrl":"https:\/\/mandevillashop.com\/wp-content\/uploads\/2023\/07\/mandevilla-shop-zwart.svg","caption":"Mandevilla Shop"},"image":{"@id":"https:\/\/mandevillashop.com\/de\/#\/schema\/logo\/image\/"}}]}},"_links":{"self":[{"href":"https:\/\/mandevillashop.com\/de\/wp-json\/wp\/v2\/product\/5119","targetHints":{"allow":["GET"]}}],"collection":[{"href":"https:\/\/mandevillashop.com\/de\/wp-json\/wp\/v2\/product"}],"about":[{"href":"https:\/\/mandevillashop.com\/de\/wp-json\/wp\/v2\/types\/product"}],"replies":[{"embeddable":true,"href":"https:\/\/mandevillashop.com\/de\/wp-json\/wp\/v2\/comments?post=5119"}],"wp:featuredmedia":[{"embeddable":true,"href":"https:\/\/mandevillashop.com\/de\/wp-json\/wp\/v2\/media\/8121"}],"wp:attachment":[{"href":"https:\/\/mandevillashop.com\/de\/wp-json\/wp\/v2\/media?parent=5119"}],"wp:term":[{"taxonomy":"product_brand","embeddable":true,"href":"https:\/\/mandevillashop.com\/de\/wp-json\/wp\/v2\/product_brand?post=5119"},{"taxonomy":"product_cat","embeddable":true,"href":"https:\/\/mandevillashop.com\/de\/wp-json\/wp\/v2\/product_cat?post=5119"},{"taxonomy":"product_tag","embeddable":true,"href":"https:\/\/mandevillashop.com\/de\/wp-json\/wp\/v2\/product_tag?post=5119"},{"taxonomy":"linked_variations","embeddable":true,"href":"https:\/\/mandevillashop.com\/de\/wp-json\/wp\/v2\/linked_variations?post=5119"}],"curies":[{"name":"wp","href":"https:\/\/api.w.org\/{rel}","templated":true}]}}