{"id":5334,"date":"2022-02-22T12:16:24","date_gmt":"2022-02-22T11:16:24","guid":{"rendered":"https:\/\/mandevillashop.com\/product\/mandevilla-hydrokorner-10l\/"},"modified":"2024-01-24T15:02:24","modified_gmt":"2024-01-24T15:02:24","slug":"mandevilla-hydrokorner-10l","status":"publish","type":"product","link":"https:\/\/mandevillashop.com\/de\/produkt\/mandevilla-hydrokorner-10l\/","title":{"rendered":"Mandevilla Hydrok\u00f6rner"},"content":{"rendered":"<p>Hydrok\u00f6rner sind die perfekte Basis f\u00fcr Ihre Pflanzk\u00fcbel. Sie nehmen ein Zuviel an Wasser auf und geben es im Falle eines Feuchtigkeitsmangels wieder an die Wurzeln ab. Dadurch leidet die Pflanze weniger schnell unter einem zu kleinen oder zu gro\u00dfen Wasservorrat. Dar\u00fcber hinaus sorgen Hydrok\u00f6rner auch f\u00fcr Sauerstoff an den Wurzeln, was daf\u00fcr sorgt, dass N\u00e4hrstoffe besser aufgenommen werden und die Pflanze besser w\u00e4chst.<\/p>\n","protected":false},"excerpt":{"rendered":"<p>Diese Mandevilla-Hydrok\u00f6rner (10 Liter) bilden, in Kombination mit Mandevilla-Topferde, die beste Grundlage f\u00fcr Ihre Mandevillas.<\/p>\n","protected":false},"featured_media":2986,"comment_status":"open","ping_status":"closed","template":"","meta":{"_acf_changed":false},"product_brand":[],"product_cat":[260,237],"product_tag":[],"linked_variations":[],"class_list":{"0":"post-5334","1":"product","2":"type-product","3":"status-publish","4":"has-post-thumbnail","6":"product_cat-extras-de","7":"product_cat-mandevilla-extras-de","9":"first","10":"instock","11":"taxable","12":"shipping-taxable","13":"purchasable","14":"product-type-simple"},"acf":[],"yoast_head":"<!-- This site is optimized with the Yoast SEO plugin v26.7 - https:\/\/yoast.com\/wordpress\/plugins\/seo\/ -->\n<title>Mandevilla Dipladenia Mandevilla Hydrok\u00f6rner - Mandevillashop<\/title>\n<meta name=\"description\" content=\"Diese Mandevilla Hydrok\u00f6rner (10 Liter) bilden in Kombination mit Mandevilla-Blumenerde die beste Grundlage f\u00fcr Ihre Mandevilla.\" \/>\n<meta name=\"robots\" content=\"index, follow, max-snippet:-1, max-image-preview:large, max-video-preview:-1\" \/>\n<link rel=\"canonical\" href=\"https:\/\/mandevillashop.com\/de\/produkt\/mandevilla-hydrokorner-10l\/\" \/>\n<meta property=\"og:locale\" content=\"de_DE\" \/>\n<meta property=\"og:type\" content=\"article\" \/>\n<meta property=\"og:title\" content=\"Mandevilla Dipladenia Mandevilla Hydrok\u00f6rner - Mandevillashop\" \/>\n<meta property=\"og:description\" content=\"Diese Mandevilla Hydrok\u00f6rner (10 Liter) bilden in Kombination mit Mandevilla-Blumenerde die beste Grundlage f\u00fcr Ihre Mandevilla.\" \/>\n<meta property=\"og:url\" content=\"https:\/\/mandevillashop.com\/de\/produkt\/mandevilla-hydrokorner-10l\/\" \/>\n<meta property=\"og:site_name\" content=\"Mandevillashop\" \/>\n<meta property=\"article:modified_time\" content=\"2024-01-24T15:02:24+00:00\" \/>\n<meta property=\"og:image\" content=\"https:\/\/mandevillashop.com\/wp-content\/uploads\/2024\/01\/01Tekengebied-1-kopie-8.webp\" \/>\n\t<meta property=\"og:image:width\" content=\"802\" \/>\n\t<meta property=\"og:image:height\" content=\"702\" \/>\n\t<meta property=\"og:image:type\" content=\"image\/webp\" \/>\n<meta name=\"twitter:card\" content=\"summary_large_image\" \/>\n<script type=\"application\/ld+json\" class=\"yoast-schema-graph\">{\"@context\":\"https:\/\/schema.org\",\"@graph\":[{\"@type\":[\"WebPage\",\"ItemPage\"],\"@id\":\"https:\/\/mandevillashop.com\/de\/produkt\/mandevilla-hydrokorner-10l\/\",\"url\":\"https:\/\/mandevillashop.com\/de\/produkt\/mandevilla-hydrokorner-10l\/\",\"name\":\"Mandevilla Dipladenia Mandevilla Hydrok\u00f6rner - Mandevillashop\",\"isPartOf\":{\"@id\":\"https:\/\/mandevillashop.com\/de\/#website\"},\"primaryImageOfPage\":{\"@id\":\"https:\/\/mandevillashop.com\/de\/produkt\/mandevilla-hydrokorner-10l\/#primaryimage\"},\"image\":{\"@id\":\"https:\/\/mandevillashop.com\/de\/produkt\/mandevilla-hydrokorner-10l\/#primaryimage\"},\"thumbnailUrl\":\"https:\/\/mandevillashop.com\/wp-content\/uploads\/2024\/01\/01Tekengebied-1-kopie-8.webp\",\"datePublished\":\"2022-02-22T11:16:24+00:00\",\"dateModified\":\"2024-01-24T15:02:24+00:00\",\"description\":\"Diese Mandevilla Hydrok\u00f6rner (10 Liter) bilden in Kombination mit Mandevilla-Blumenerde die beste Grundlage f\u00fcr Ihre Mandevilla.\",\"breadcrumb\":{\"@id\":\"https:\/\/mandevillashop.com\/de\/produkt\/mandevilla-hydrokorner-10l\/#breadcrumb\"},\"inLanguage\":\"de\",\"potentialAction\":[{\"@type\":\"ReadAction\",\"target\":[\"https:\/\/mandevillashop.com\/de\/produkt\/mandevilla-hydrokorner-10l\/\"]}]},{\"@type\":\"ImageObject\",\"inLanguage\":\"de\",\"@id\":\"https:\/\/mandevillashop.com\/de\/produkt\/mandevilla-hydrokorner-10l\/#primaryimage\",\"url\":\"https:\/\/mandevillashop.com\/wp-content\/uploads\/2024\/01\/01Tekengebied-1-kopie-8.webp\",\"contentUrl\":\"https:\/\/mandevillashop.com\/wp-content\/uploads\/2024\/01\/01Tekengebied-1-kopie-8.webp\",\"width\":802,\"height\":702,\"caption\":\"Mehrere Mandevilla Hydrok\u00f6rner kleine Kugeln braun\"},{\"@type\":\"BreadcrumbList\",\"@id\":\"https:\/\/mandevillashop.com\/de\/produkt\/mandevilla-hydrokorner-10l\/#breadcrumb\",\"itemListElement\":[{\"@type\":\"ListItem\",\"position\":1,\"name\":\"Home\",\"item\":\"https:\/\/mandevillashop.com\/de\/\"},{\"@type\":\"ListItem\",\"position\":2,\"name\":\"Shop\",\"item\":\"https:\/\/mandevillashop.com\/de\/dipladenia-webshop\/\"},{\"@type\":\"ListItem\",\"position\":3,\"name\":\"Mandevilla Hydrok\u00f6rner\"}]},{\"@type\":\"WebSite\",\"@id\":\"https:\/\/mandevillashop.com\/de\/#website\",\"url\":\"https:\/\/mandevillashop.com\/de\/\",\"name\":\"Mandevillashop\",\"description\":\"De Mandevilla Specialist\",\"publisher\":{\"@id\":\"https:\/\/mandevillashop.com\/de\/#organization\"},\"potentialAction\":[{\"@type\":\"SearchAction\",\"target\":{\"@type\":\"EntryPoint\",\"urlTemplate\":\"https:\/\/mandevillashop.com\/de\/?s={search_term_string}\"},\"query-input\":{\"@type\":\"PropertyValueSpecification\",\"valueRequired\":true,\"valueName\":\"search_term_string\"}}],\"inLanguage\":\"de\"},{\"@type\":\"Organization\",\"@id\":\"https:\/\/mandevillashop.com\/de\/#organization\",\"name\":\"Mandevilla Shop\",\"url\":\"https:\/\/mandevillashop.com\/de\/\",\"logo\":{\"@type\":\"ImageObject\",\"inLanguage\":\"de\",\"@id\":\"https:\/\/mandevillashop.com\/de\/#\/schema\/logo\/image\/\",\"url\":\"https:\/\/mandevillashop.com\/wp-content\/uploads\/2023\/07\/mandevilla-shop-zwart.svg\",\"contentUrl\":\"https:\/\/mandevillashop.com\/wp-content\/uploads\/2023\/07\/mandevilla-shop-zwart.svg\",\"caption\":\"Mandevilla Shop\"},\"image\":{\"@id\":\"https:\/\/mandevillashop.com\/de\/#\/schema\/logo\/image\/\"}}]}<\/script>\n<!-- \/ Yoast SEO plugin. -->","yoast_head_json":{"title":"Mandevilla Dipladenia Mandevilla Hydrok\u00f6rner - Mandevillashop","description":"Diese Mandevilla Hydrok\u00f6rner (10 Liter) bilden in Kombination mit Mandevilla-Blumenerde die beste Grundlage f\u00fcr Ihre Mandevilla.","robots":{"index":"index","follow":"follow","max-snippet":"max-snippet:-1","max-image-preview":"max-image-preview:large","max-video-preview":"max-video-preview:-1"},"canonical":"https:\/\/mandevillashop.com\/de\/produkt\/mandevilla-hydrokorner-10l\/","og_locale":"de_DE","og_type":"article","og_title":"Mandevilla Dipladenia Mandevilla Hydrok\u00f6rner - Mandevillashop","og_description":"Diese Mandevilla Hydrok\u00f6rner (10 Liter) bilden in Kombination mit Mandevilla-Blumenerde die beste Grundlage f\u00fcr Ihre Mandevilla.","og_url":"https:\/\/mandevillashop.com\/de\/produkt\/mandevilla-hydrokorner-10l\/","og_site_name":"Mandevillashop","article_modified_time":"2024-01-24T15:02:24+00:00","og_image":[{"width":802,"height":702,"url":"https:\/\/mandevillashop.com\/wp-content\/uploads\/2024\/01\/01Tekengebied-1-kopie-8.webp","type":"image\/webp"}],"twitter_card":"summary_large_image","schema":{"@context":"https:\/\/schema.org","@graph":[{"@type":["WebPage","ItemPage"],"@id":"https:\/\/mandevillashop.com\/de\/produkt\/mandevilla-hydrokorner-10l\/","url":"https:\/\/mandevillashop.com\/de\/produkt\/mandevilla-hydrokorner-10l\/","name":"Mandevilla Dipladenia Mandevilla Hydrok\u00f6rner - Mandevillashop","isPartOf":{"@id":"https:\/\/mandevillashop.com\/de\/#website"},"primaryImageOfPage":{"@id":"https:\/\/mandevillashop.com\/de\/produkt\/mandevilla-hydrokorner-10l\/#primaryimage"},"image":{"@id":"https:\/\/mandevillashop.com\/de\/produkt\/mandevilla-hydrokorner-10l\/#primaryimage"},"thumbnailUrl":"https:\/\/mandevillashop.com\/wp-content\/uploads\/2024\/01\/01Tekengebied-1-kopie-8.webp","datePublished":"2022-02-22T11:16:24+00:00","dateModified":"2024-01-24T15:02:24+00:00","description":"Diese Mandevilla Hydrok\u00f6rner (10 Liter) bilden in Kombination mit Mandevilla-Blumenerde die beste Grundlage f\u00fcr Ihre Mandevilla.","breadcrumb":{"@id":"https:\/\/mandevillashop.com\/de\/produkt\/mandevilla-hydrokorner-10l\/#breadcrumb"},"inLanguage":"de","potentialAction":[{"@type":"ReadAction","target":["https:\/\/mandevillashop.com\/de\/produkt\/mandevilla-hydrokorner-10l\/"]}]},{"@type":"ImageObject","inLanguage":"de","@id":"https:\/\/mandevillashop.com\/de\/produkt\/mandevilla-hydrokorner-10l\/#primaryimage","url":"https:\/\/mandevillashop.com\/wp-content\/uploads\/2024\/01\/01Tekengebied-1-kopie-8.webp","contentUrl":"https:\/\/mandevillashop.com\/wp-content\/uploads\/2024\/01\/01Tekengebied-1-kopie-8.webp","width":802,"height":702,"caption":"Mehrere Mandevilla Hydrok\u00f6rner kleine Kugeln braun"},{"@type":"BreadcrumbList","@id":"https:\/\/mandevillashop.com\/de\/produkt\/mandevilla-hydrokorner-10l\/#breadcrumb","itemListElement":[{"@type":"ListItem","position":1,"name":"Home","item":"https:\/\/mandevillashop.com\/de\/"},{"@type":"ListItem","position":2,"name":"Shop","item":"https:\/\/mandevillashop.com\/de\/dipladenia-webshop\/"},{"@type":"ListItem","position":3,"name":"Mandevilla Hydrok\u00f6rner"}]},{"@type":"WebSite","@id":"https:\/\/mandevillashop.com\/de\/#website","url":"https:\/\/mandevillashop.com\/de\/","name":"Mandevillashop","description":"De Mandevilla Specialist","publisher":{"@id":"https:\/\/mandevillashop.com\/de\/#organization"},"potentialAction":[{"@type":"SearchAction","target":{"@type":"EntryPoint","urlTemplate":"https:\/\/mandevillashop.com\/de\/?s={search_term_string}"},"query-input":{"@type":"PropertyValueSpecification","valueRequired":true,"valueName":"search_term_string"}}],"inLanguage":"de"},{"@type":"Organization","@id":"https:\/\/mandevillashop.com\/de\/#organization","name":"Mandevilla Shop","url":"https:\/\/mandevillashop.com\/de\/","logo":{"@type":"ImageObject","inLanguage":"de","@id":"https:\/\/mandevillashop.com\/de\/#\/schema\/logo\/image\/","url":"https:\/\/mandevillashop.com\/wp-content\/uploads\/2023\/07\/mandevilla-shop-zwart.svg","contentUrl":"https:\/\/mandevillashop.com\/wp-content\/uploads\/2023\/07\/mandevilla-shop-zwart.svg","caption":"Mandevilla Shop"},"image":{"@id":"https:\/\/mandevillashop.com\/de\/#\/schema\/logo\/image\/"}}]}},"_links":{"self":[{"href":"https:\/\/mandevillashop.com\/de\/wp-json\/wp\/v2\/product\/5334","targetHints":{"allow":["GET"]}}],"collection":[{"href":"https:\/\/mandevillashop.com\/de\/wp-json\/wp\/v2\/product"}],"about":[{"href":"https:\/\/mandevillashop.com\/de\/wp-json\/wp\/v2\/types\/product"}],"replies":[{"embeddable":true,"href":"https:\/\/mandevillashop.com\/de\/wp-json\/wp\/v2\/comments?post=5334"}],"wp:featuredmedia":[{"embeddable":true,"href":"https:\/\/mandevillashop.com\/de\/wp-json\/wp\/v2\/media\/2986"}],"wp:attachment":[{"href":"https:\/\/mandevillashop.com\/de\/wp-json\/wp\/v2\/media?parent=5334"}],"wp:term":[{"taxonomy":"product_brand","embeddable":true,"href":"https:\/\/mandevillashop.com\/de\/wp-json\/wp\/v2\/product_brand?post=5334"},{"taxonomy":"product_cat","embeddable":true,"href":"https:\/\/mandevillashop.com\/de\/wp-json\/wp\/v2\/product_cat?post=5334"},{"taxonomy":"product_tag","embeddable":true,"href":"https:\/\/mandevillashop.com\/de\/wp-json\/wp\/v2\/product_tag?post=5334"},{"taxonomy":"linked_variations","embeddable":true,"href":"https:\/\/mandevillashop.com\/de\/wp-json\/wp\/v2\/linked_variations?post=5334"}],"curies":[{"name":"wp","href":"https:\/\/api.w.org\/{rel}","templated":true}]}}