{"id":5360,"date":"2022-02-22T12:20:02","date_gmt":"2022-02-22T11:20:02","guid":{"rendered":"https:\/\/mandevillashop.com\/product\/mandevilla-nahrstoffkegel-12-stuck\/"},"modified":"2024-01-24T15:02:24","modified_gmt":"2024-01-24T15:02:24","slug":"mandevilla-nahrstoffkegel-12-stuck","status":"publish","type":"product","link":"https:\/\/mandevillashop.com\/de\/produkt\/mandevilla-nahrstoffkegel-12-stuck\/","title":{"rendered":"Mandevilla N\u00e4hrstoffkegel"},"content":{"rendered":"<p>Mandevilla-N\u00e4hrstoffkegel sind praktische N\u00e4hrstoffkegel f\u00fcr Ihre Mandevillas und andere Balkon- und Terrassenpflanzen. Mit diesen lang wirkenden Kegeln sind die Pflanzen \u00fcber die gesamte Mandevilla-Saison hinweg bestens versorgt. Mit einer einmaligen D\u00fcngung versorgen Sie Ihre Gartenpflanzen f\u00fcr 8 bis 9 Monate mit N\u00e4hrstoffen. F\u00fcr das beste Ergebnis f\u00fcgen Sie diese N\u00e4hrstoffkegel beim Ein- oder Umtopfen der Mandevillas hinzu. Der Einsatz der Kegel h\u00e4ngt vom Durchmesser des Pflanztopfes ab.<\/p>\n<p>&nbsp;<\/p>\n","protected":false},"excerpt":{"rendered":"<p>Diese praktischen N\u00e4hrstoffkegel (12 St\u00fcck) bilden eine optimale N\u00e4hrstoffgrundlage f\u00fcr Ihre Mandevilla und sie sorgen f\u00fcr ein gutes Wachstum und eine volle Bl\u00fcte der Pflanze. Die N\u00e4hrstoffkegel versorgen die Pflanze \u00fcber die gesamte Mandevilla-Saison hinweg mit N\u00e4hrstoffen.<\/p>\n","protected":false},"featured_media":3010,"comment_status":"open","ping_status":"closed","template":"","meta":{"_acf_changed":false},"product_brand":[],"product_cat":[260,237],"product_tag":[],"linked_variations":[],"class_list":{"0":"post-5360","1":"product","2":"type-product","3":"status-publish","4":"has-post-thumbnail","6":"product_cat-extras-de","7":"product_cat-mandevilla-extras-de","9":"first","10":"instock","11":"taxable","12":"shipping-taxable","13":"purchasable","14":"product-type-simple"},"acf":[],"yoast_head":"<!-- This site is optimized with the Yoast SEO plugin v26.7 - https:\/\/yoast.com\/wordpress\/plugins\/seo\/ -->\n<title>Mandevilla Dipladenia Mandevilla N\u00e4hrstoffkegel - Mandevillashop<\/title>\n<meta name=\"description\" content=\"Diese praktischen Mandevilla N\u00e4hrstoffkegel sind die ideale N\u00e4hrstoffgrundlage f\u00fcr Ihre Mandevilla und sorgen f\u00fcr eine \u00fcppige Bl\u00fcte der Pflanze.\" \/>\n<meta name=\"robots\" content=\"index, follow, max-snippet:-1, max-image-preview:large, max-video-preview:-1\" \/>\n<link rel=\"canonical\" href=\"https:\/\/mandevillashop.com\/de\/produkt\/mandevilla-nahrstoffkegel-12-stuck\/\" \/>\n<meta property=\"og:locale\" content=\"de_DE\" \/>\n<meta property=\"og:type\" content=\"article\" \/>\n<meta property=\"og:title\" content=\"Mandevilla Dipladenia Mandevilla N\u00e4hrstoffkegel - Mandevillashop\" \/>\n<meta property=\"og:description\" content=\"Diese praktischen Mandevilla N\u00e4hrstoffkegel sind die ideale N\u00e4hrstoffgrundlage f\u00fcr Ihre Mandevilla und sorgen f\u00fcr eine \u00fcppige Bl\u00fcte der Pflanze.\" \/>\n<meta property=\"og:url\" content=\"https:\/\/mandevillashop.com\/de\/produkt\/mandevilla-nahrstoffkegel-12-stuck\/\" \/>\n<meta property=\"og:site_name\" content=\"Mandevillashop\" \/>\n<meta property=\"article:modified_time\" content=\"2024-01-24T15:02:24+00:00\" \/>\n<meta property=\"og:image\" content=\"https:\/\/mandevillashop.com\/wp-content\/uploads\/2024\/01\/01Tekengebied-1-kopie-17.webp\" \/>\n\t<meta property=\"og:image:width\" content=\"802\" \/>\n\t<meta property=\"og:image:height\" content=\"702\" \/>\n\t<meta property=\"og:image:type\" content=\"image\/webp\" \/>\n<meta name=\"twitter:card\" content=\"summary_large_image\" \/>\n<meta name=\"twitter:label1\" content=\"Gesch\u00e4tzte Lesezeit\" \/>\n\t<meta name=\"twitter:data1\" content=\"1\u00a0Minute\" \/>\n<script type=\"application\/ld+json\" class=\"yoast-schema-graph\">{\"@context\":\"https:\/\/schema.org\",\"@graph\":[{\"@type\":[\"WebPage\",\"ItemPage\"],\"@id\":\"https:\/\/mandevillashop.com\/de\/produkt\/mandevilla-nahrstoffkegel-12-stuck\/\",\"url\":\"https:\/\/mandevillashop.com\/de\/produkt\/mandevilla-nahrstoffkegel-12-stuck\/\",\"name\":\"Mandevilla Dipladenia Mandevilla N\u00e4hrstoffkegel - Mandevillashop\",\"isPartOf\":{\"@id\":\"https:\/\/mandevillashop.com\/de\/#website\"},\"primaryImageOfPage\":{\"@id\":\"https:\/\/mandevillashop.com\/de\/produkt\/mandevilla-nahrstoffkegel-12-stuck\/#primaryimage\"},\"image\":{\"@id\":\"https:\/\/mandevillashop.com\/de\/produkt\/mandevilla-nahrstoffkegel-12-stuck\/#primaryimage\"},\"thumbnailUrl\":\"https:\/\/mandevillashop.com\/wp-content\/uploads\/2024\/01\/01Tekengebied-1-kopie-17.webp\",\"datePublished\":\"2022-02-22T11:20:02+00:00\",\"dateModified\":\"2024-01-24T15:02:24+00:00\",\"description\":\"Diese praktischen Mandevilla N\u00e4hrstoffkegel sind die ideale N\u00e4hrstoffgrundlage f\u00fcr Ihre Mandevilla und sorgen f\u00fcr eine \u00fcppige Bl\u00fcte der Pflanze.\",\"breadcrumb\":{\"@id\":\"https:\/\/mandevillashop.com\/de\/produkt\/mandevilla-nahrstoffkegel-12-stuck\/#breadcrumb\"},\"inLanguage\":\"de\",\"potentialAction\":[{\"@type\":\"ReadAction\",\"target\":[\"https:\/\/mandevillashop.com\/de\/produkt\/mandevilla-nahrstoffkegel-12-stuck\/\"]}]},{\"@type\":\"ImageObject\",\"inLanguage\":\"de\",\"@id\":\"https:\/\/mandevillashop.com\/de\/produkt\/mandevilla-nahrstoffkegel-12-stuck\/#primaryimage\",\"url\":\"https:\/\/mandevillashop.com\/wp-content\/uploads\/2024\/01\/01Tekengebied-1-kopie-17.webp\",\"contentUrl\":\"https:\/\/mandevillashop.com\/wp-content\/uploads\/2024\/01\/01Tekengebied-1-kopie-17.webp\",\"width\":802,\"height\":702,\"caption\":\"Mehrere Mandevilla N\u00e4hrstoffkegel\"},{\"@type\":\"BreadcrumbList\",\"@id\":\"https:\/\/mandevillashop.com\/de\/produkt\/mandevilla-nahrstoffkegel-12-stuck\/#breadcrumb\",\"itemListElement\":[{\"@type\":\"ListItem\",\"position\":1,\"name\":\"Home\",\"item\":\"https:\/\/mandevillashop.com\/de\/\"},{\"@type\":\"ListItem\",\"position\":2,\"name\":\"Shop\",\"item\":\"https:\/\/mandevillashop.com\/de\/dipladenia-webshop\/\"},{\"@type\":\"ListItem\",\"position\":3,\"name\":\"Mandevilla N\u00e4hrstoffkegel\"}]},{\"@type\":\"WebSite\",\"@id\":\"https:\/\/mandevillashop.com\/de\/#website\",\"url\":\"https:\/\/mandevillashop.com\/de\/\",\"name\":\"Mandevillashop\",\"description\":\"De Mandevilla Specialist\",\"publisher\":{\"@id\":\"https:\/\/mandevillashop.com\/de\/#organization\"},\"potentialAction\":[{\"@type\":\"SearchAction\",\"target\":{\"@type\":\"EntryPoint\",\"urlTemplate\":\"https:\/\/mandevillashop.com\/de\/?s={search_term_string}\"},\"query-input\":{\"@type\":\"PropertyValueSpecification\",\"valueRequired\":true,\"valueName\":\"search_term_string\"}}],\"inLanguage\":\"de\"},{\"@type\":\"Organization\",\"@id\":\"https:\/\/mandevillashop.com\/de\/#organization\",\"name\":\"Mandevilla Shop\",\"url\":\"https:\/\/mandevillashop.com\/de\/\",\"logo\":{\"@type\":\"ImageObject\",\"inLanguage\":\"de\",\"@id\":\"https:\/\/mandevillashop.com\/de\/#\/schema\/logo\/image\/\",\"url\":\"https:\/\/mandevillashop.com\/wp-content\/uploads\/2023\/07\/mandevilla-shop-zwart.svg\",\"contentUrl\":\"https:\/\/mandevillashop.com\/wp-content\/uploads\/2023\/07\/mandevilla-shop-zwart.svg\",\"caption\":\"Mandevilla Shop\"},\"image\":{\"@id\":\"https:\/\/mandevillashop.com\/de\/#\/schema\/logo\/image\/\"}}]}<\/script>\n<!-- \/ Yoast SEO plugin. -->","yoast_head_json":{"title":"Mandevilla Dipladenia Mandevilla N\u00e4hrstoffkegel - Mandevillashop","description":"Diese praktischen Mandevilla N\u00e4hrstoffkegel sind die ideale N\u00e4hrstoffgrundlage f\u00fcr Ihre Mandevilla und sorgen f\u00fcr eine \u00fcppige Bl\u00fcte der Pflanze.","robots":{"index":"index","follow":"follow","max-snippet":"max-snippet:-1","max-image-preview":"max-image-preview:large","max-video-preview":"max-video-preview:-1"},"canonical":"https:\/\/mandevillashop.com\/de\/produkt\/mandevilla-nahrstoffkegel-12-stuck\/","og_locale":"de_DE","og_type":"article","og_title":"Mandevilla Dipladenia Mandevilla N\u00e4hrstoffkegel - Mandevillashop","og_description":"Diese praktischen Mandevilla N\u00e4hrstoffkegel sind die ideale N\u00e4hrstoffgrundlage f\u00fcr Ihre Mandevilla und sorgen f\u00fcr eine \u00fcppige Bl\u00fcte der Pflanze.","og_url":"https:\/\/mandevillashop.com\/de\/produkt\/mandevilla-nahrstoffkegel-12-stuck\/","og_site_name":"Mandevillashop","article_modified_time":"2024-01-24T15:02:24+00:00","og_image":[{"width":802,"height":702,"url":"https:\/\/mandevillashop.com\/wp-content\/uploads\/2024\/01\/01Tekengebied-1-kopie-17.webp","type":"image\/webp"}],"twitter_card":"summary_large_image","twitter_misc":{"Gesch\u00e4tzte Lesezeit":"1\u00a0Minute"},"schema":{"@context":"https:\/\/schema.org","@graph":[{"@type":["WebPage","ItemPage"],"@id":"https:\/\/mandevillashop.com\/de\/produkt\/mandevilla-nahrstoffkegel-12-stuck\/","url":"https:\/\/mandevillashop.com\/de\/produkt\/mandevilla-nahrstoffkegel-12-stuck\/","name":"Mandevilla Dipladenia Mandevilla N\u00e4hrstoffkegel - Mandevillashop","isPartOf":{"@id":"https:\/\/mandevillashop.com\/de\/#website"},"primaryImageOfPage":{"@id":"https:\/\/mandevillashop.com\/de\/produkt\/mandevilla-nahrstoffkegel-12-stuck\/#primaryimage"},"image":{"@id":"https:\/\/mandevillashop.com\/de\/produkt\/mandevilla-nahrstoffkegel-12-stuck\/#primaryimage"},"thumbnailUrl":"https:\/\/mandevillashop.com\/wp-content\/uploads\/2024\/01\/01Tekengebied-1-kopie-17.webp","datePublished":"2022-02-22T11:20:02+00:00","dateModified":"2024-01-24T15:02:24+00:00","description":"Diese praktischen Mandevilla N\u00e4hrstoffkegel sind die ideale N\u00e4hrstoffgrundlage f\u00fcr Ihre Mandevilla und sorgen f\u00fcr eine \u00fcppige Bl\u00fcte der Pflanze.","breadcrumb":{"@id":"https:\/\/mandevillashop.com\/de\/produkt\/mandevilla-nahrstoffkegel-12-stuck\/#breadcrumb"},"inLanguage":"de","potentialAction":[{"@type":"ReadAction","target":["https:\/\/mandevillashop.com\/de\/produkt\/mandevilla-nahrstoffkegel-12-stuck\/"]}]},{"@type":"ImageObject","inLanguage":"de","@id":"https:\/\/mandevillashop.com\/de\/produkt\/mandevilla-nahrstoffkegel-12-stuck\/#primaryimage","url":"https:\/\/mandevillashop.com\/wp-content\/uploads\/2024\/01\/01Tekengebied-1-kopie-17.webp","contentUrl":"https:\/\/mandevillashop.com\/wp-content\/uploads\/2024\/01\/01Tekengebied-1-kopie-17.webp","width":802,"height":702,"caption":"Mehrere Mandevilla N\u00e4hrstoffkegel"},{"@type":"BreadcrumbList","@id":"https:\/\/mandevillashop.com\/de\/produkt\/mandevilla-nahrstoffkegel-12-stuck\/#breadcrumb","itemListElement":[{"@type":"ListItem","position":1,"name":"Home","item":"https:\/\/mandevillashop.com\/de\/"},{"@type":"ListItem","position":2,"name":"Shop","item":"https:\/\/mandevillashop.com\/de\/dipladenia-webshop\/"},{"@type":"ListItem","position":3,"name":"Mandevilla N\u00e4hrstoffkegel"}]},{"@type":"WebSite","@id":"https:\/\/mandevillashop.com\/de\/#website","url":"https:\/\/mandevillashop.com\/de\/","name":"Mandevillashop","description":"De Mandevilla Specialist","publisher":{"@id":"https:\/\/mandevillashop.com\/de\/#organization"},"potentialAction":[{"@type":"SearchAction","target":{"@type":"EntryPoint","urlTemplate":"https:\/\/mandevillashop.com\/de\/?s={search_term_string}"},"query-input":{"@type":"PropertyValueSpecification","valueRequired":true,"valueName":"search_term_string"}}],"inLanguage":"de"},{"@type":"Organization","@id":"https:\/\/mandevillashop.com\/de\/#organization","name":"Mandevilla Shop","url":"https:\/\/mandevillashop.com\/de\/","logo":{"@type":"ImageObject","inLanguage":"de","@id":"https:\/\/mandevillashop.com\/de\/#\/schema\/logo\/image\/","url":"https:\/\/mandevillashop.com\/wp-content\/uploads\/2023\/07\/mandevilla-shop-zwart.svg","contentUrl":"https:\/\/mandevillashop.com\/wp-content\/uploads\/2023\/07\/mandevilla-shop-zwart.svg","caption":"Mandevilla Shop"},"image":{"@id":"https:\/\/mandevillashop.com\/de\/#\/schema\/logo\/image\/"}}]}},"_links":{"self":[{"href":"https:\/\/mandevillashop.com\/de\/wp-json\/wp\/v2\/product\/5360","targetHints":{"allow":["GET"]}}],"collection":[{"href":"https:\/\/mandevillashop.com\/de\/wp-json\/wp\/v2\/product"}],"about":[{"href":"https:\/\/mandevillashop.com\/de\/wp-json\/wp\/v2\/types\/product"}],"replies":[{"embeddable":true,"href":"https:\/\/mandevillashop.com\/de\/wp-json\/wp\/v2\/comments?post=5360"}],"wp:featuredmedia":[{"embeddable":true,"href":"https:\/\/mandevillashop.com\/de\/wp-json\/wp\/v2\/media\/3010"}],"wp:attachment":[{"href":"https:\/\/mandevillashop.com\/de\/wp-json\/wp\/v2\/media?parent=5360"}],"wp:term":[{"taxonomy":"product_brand","embeddable":true,"href":"https:\/\/mandevillashop.com\/de\/wp-json\/wp\/v2\/product_brand?post=5360"},{"taxonomy":"product_cat","embeddable":true,"href":"https:\/\/mandevillashop.com\/de\/wp-json\/wp\/v2\/product_cat?post=5360"},{"taxonomy":"product_tag","embeddable":true,"href":"https:\/\/mandevillashop.com\/de\/wp-json\/wp\/v2\/product_tag?post=5360"},{"taxonomy":"linked_variations","embeddable":true,"href":"https:\/\/mandevillashop.com\/de\/wp-json\/wp\/v2\/linked_variations?post=5360"}],"curies":[{"name":"wp","href":"https:\/\/api.w.org\/{rel}","templated":true}]}}