{"id":5377,"date":"2022-03-04T09:46:23","date_gmt":"2022-03-04T08:46:23","guid":{"rendered":"https:\/\/mandevillashop.com\/product\/natur-insektenspray\/"},"modified":"2025-06-23T09:07:46","modified_gmt":"2025-06-23T07:07:46","slug":"natur-insektenspray","status":"publish","type":"product","link":"https:\/\/mandevillashop.com\/de\/produkt\/natur-insektenspray\/","title":{"rendered":"Mandevilla Insektenspray"},"content":{"rendered":"<p>Das 500ml-Spray Savon Noir Jardin wurde speziell gegen Pflanzenl\u00e4use entwickelt. Dieses auf schwarzer Seife basierende Insektenspray wird aus der patentierten Savon Noir von Marius Fabre hergestellt. Es handelt sich um ein nat\u00fcrliches Spray, das frei ist von hinzugef\u00fcgten Giftstoffen. Das Savon Noir Jardin kann zur Beseitigung von Blatt- und Schildl\u00e4usen eingesetzt werden. Nicht nur auf Ihrer Mandevilla, sondern auch auf allerlei anderen Pflanzen, z. B.: Rosen, Zierpflanzen, Zimmerpflanzen, Obstb\u00e4umen oder gar Gem\u00fcse. Dar\u00fcber hinaus k\u00f6nnen Sie mithilfe dieses Sprays den von L\u00e4usen hinterlassenen schwarzen Schimmel vom Blatt entfernen. Savon Noir ist sicher f\u00fcr die Umwelt und eignet sich sowohl f\u00fcr den Einsatz innerhalb und au\u00dferhalb des Hauses. Das Produkt eignet sich f\u00fcr den biologischen Anbau von Pflanzen und ist ecocert\u00ae-zertifiziert.<\/p>\n","protected":false},"excerpt":{"rendered":"<p>Das Savon Noir Jardin nat\u00fcrliche Insektenspray (500 ml) ist ein gebrauchsfertiges, pflanzenfreundliches Spray f\u00fcr Ihre Mandevilla, mit der Sie Ihre Pflanze von unerw\u00fcnschten Insekten befreien.<\/p>\n","protected":false},"featured_media":3025,"comment_status":"open","ping_status":"closed","template":"","meta":{"_acf_changed":false},"product_brand":[],"product_cat":[260,237],"product_tag":[],"linked_variations":[],"class_list":{"0":"post-5377","1":"product","2":"type-product","3":"status-publish","4":"has-post-thumbnail","6":"product_cat-extras-de","7":"product_cat-mandevilla-extras-de","9":"first","10":"instock","11":"taxable","12":"shipping-taxable","13":"purchasable","14":"product-type-simple"},"acf":[],"yoast_head":"<!-- This site is optimized with the Yoast SEO plugin v27.4 - https:\/\/yoast.com\/product\/yoast-seo-wordpress\/ -->\n<title>Mandevilla Dipladenia Mandevilla Insektenspray - Mandevillashop<\/title>\n<meta name=\"description\" content=\"Das Savon Noir Jardin natural Mandevilla insektenspray (500 ml) ist ein gebrauchsfertiges, pflanzenfreundliches Spray f\u00fcr Ihre Mandevilla.\" \/>\n<meta name=\"robots\" content=\"index, follow, max-snippet:-1, max-image-preview:large, max-video-preview:-1\" \/>\n<link rel=\"canonical\" href=\"https:\/\/mandevillashop.com\/de\/produkt\/natur-insektenspray\/\" \/>\n<meta property=\"og:locale\" content=\"de_DE\" \/>\n<meta property=\"og:type\" content=\"article\" \/>\n<meta property=\"og:title\" content=\"Mandevilla Dipladenia Mandevilla Insektenspray - Mandevillashop\" \/>\n<meta property=\"og:description\" content=\"Das Savon Noir Jardin natural Mandevilla insektenspray (500 ml) ist ein gebrauchsfertiges, pflanzenfreundliches Spray f\u00fcr Ihre Mandevilla.\" \/>\n<meta property=\"og:url\" content=\"https:\/\/mandevillashop.com\/de\/produkt\/natur-insektenspray\/\" \/>\n<meta property=\"og:site_name\" content=\"Mandevillashop\" \/>\n<meta property=\"article:modified_time\" content=\"2025-06-23T07:07:46+00:00\" \/>\n<meta property=\"og:image\" content=\"https:\/\/mandevillashop.com\/wp-content\/uploads\/2024\/01\/Insectenspray.jpg\" \/>\n\t<meta property=\"og:image:width\" content=\"1200\" \/>\n\t<meta property=\"og:image:height\" content=\"1200\" \/>\n\t<meta property=\"og:image:type\" content=\"image\/jpeg\" \/>\n<meta name=\"twitter:card\" content=\"summary_large_image\" \/>\n<meta name=\"twitter:label1\" content=\"Gesch\u00e4tzte Lesezeit\" \/>\n\t<meta name=\"twitter:data1\" content=\"1\u00a0Minute\" \/>\n<script type=\"application\/ld+json\" class=\"yoast-schema-graph\">{\"@context\":\"https:\\\/\\\/schema.org\",\"@graph\":[{\"@type\":[\"WebPage\",\"ItemPage\"],\"@id\":\"https:\\\/\\\/mandevillashop.com\\\/de\\\/produkt\\\/natur-insektenspray\\\/\",\"url\":\"https:\\\/\\\/mandevillashop.com\\\/de\\\/produkt\\\/natur-insektenspray\\\/\",\"name\":\"Mandevilla Dipladenia Mandevilla Insektenspray - Mandevillashop\",\"isPartOf\":{\"@id\":\"https:\\\/\\\/mandevillashop.com\\\/de\\\/#website\"},\"primaryImageOfPage\":{\"@id\":\"https:\\\/\\\/mandevillashop.com\\\/de\\\/produkt\\\/natur-insektenspray\\\/#primaryimage\"},\"image\":{\"@id\":\"https:\\\/\\\/mandevillashop.com\\\/de\\\/produkt\\\/natur-insektenspray\\\/#primaryimage\"},\"thumbnailUrl\":\"https:\\\/\\\/mandevillashop.com\\\/wp-content\\\/uploads\\\/2024\\\/01\\\/Insectenspray.jpg\",\"datePublished\":\"2022-03-04T08:46:23+00:00\",\"dateModified\":\"2025-06-23T07:07:46+00:00\",\"description\":\"Das Savon Noir Jardin natural Mandevilla insektenspray (500 ml) ist ein gebrauchsfertiges, pflanzenfreundliches Spray f\u00fcr Ihre Mandevilla.\",\"breadcrumb\":{\"@id\":\"https:\\\/\\\/mandevillashop.com\\\/de\\\/produkt\\\/natur-insektenspray\\\/#breadcrumb\"},\"inLanguage\":\"de\",\"potentialAction\":[{\"@type\":\"ReadAction\",\"target\":[\"https:\\\/\\\/mandevillashop.com\\\/de\\\/produkt\\\/natur-insektenspray\\\/\"]}]},{\"@type\":\"ImageObject\",\"inLanguage\":\"de\",\"@id\":\"https:\\\/\\\/mandevillashop.com\\\/de\\\/produkt\\\/natur-insektenspray\\\/#primaryimage\",\"url\":\"https:\\\/\\\/mandevillashop.com\\\/wp-content\\\/uploads\\\/2024\\\/01\\\/Insectenspray.jpg\",\"contentUrl\":\"https:\\\/\\\/mandevillashop.com\\\/wp-content\\\/uploads\\\/2024\\\/01\\\/Insectenspray.jpg\",\"width\":1200,\"height\":1200,\"caption\":\"Mandevilla Insektenspray 500 ml gr\u00fcne Spr\u00fchflasche\"},{\"@type\":\"BreadcrumbList\",\"@id\":\"https:\\\/\\\/mandevillashop.com\\\/de\\\/produkt\\\/natur-insektenspray\\\/#breadcrumb\",\"itemListElement\":[{\"@type\":\"ListItem\",\"position\":1,\"name\":\"Home\",\"item\":\"https:\\\/\\\/mandevillashop.com\\\/de\\\/\"},{\"@type\":\"ListItem\",\"position\":2,\"name\":\"Shop\",\"item\":\"https:\\\/\\\/mandevillashop.com\\\/de\\\/dipladenia-webshop\\\/\"},{\"@type\":\"ListItem\",\"position\":3,\"name\":\"Mandevilla Insektenspray\"}]},{\"@type\":\"WebSite\",\"@id\":\"https:\\\/\\\/mandevillashop.com\\\/de\\\/#website\",\"url\":\"https:\\\/\\\/mandevillashop.com\\\/de\\\/\",\"name\":\"Mandevillashop\",\"description\":\"De Mandevilla Specialist\",\"publisher\":{\"@id\":\"https:\\\/\\\/mandevillashop.com\\\/de\\\/#organization\"},\"potentialAction\":[{\"@type\":\"SearchAction\",\"target\":{\"@type\":\"EntryPoint\",\"urlTemplate\":\"https:\\\/\\\/mandevillashop.com\\\/de\\\/?s={search_term_string}\"},\"query-input\":{\"@type\":\"PropertyValueSpecification\",\"valueRequired\":true,\"valueName\":\"search_term_string\"}}],\"inLanguage\":\"de\"},{\"@type\":\"Organization\",\"@id\":\"https:\\\/\\\/mandevillashop.com\\\/de\\\/#organization\",\"name\":\"Mandevilla Shop\",\"url\":\"https:\\\/\\\/mandevillashop.com\\\/de\\\/\",\"logo\":{\"@type\":\"ImageObject\",\"inLanguage\":\"de\",\"@id\":\"https:\\\/\\\/mandevillashop.com\\\/de\\\/#\\\/schema\\\/logo\\\/image\\\/\",\"url\":\"https:\\\/\\\/mandevillashop.com\\\/wp-content\\\/uploads\\\/2023\\\/07\\\/mandevilla-shop-zwart.svg\",\"contentUrl\":\"https:\\\/\\\/mandevillashop.com\\\/wp-content\\\/uploads\\\/2023\\\/07\\\/mandevilla-shop-zwart.svg\",\"caption\":\"Mandevilla Shop\"},\"image\":{\"@id\":\"https:\\\/\\\/mandevillashop.com\\\/de\\\/#\\\/schema\\\/logo\\\/image\\\/\"}}]}<\/script>\n<!-- \/ Yoast SEO plugin. -->","yoast_head_json":{"title":"Mandevilla Dipladenia Mandevilla Insektenspray - Mandevillashop","description":"Das Savon Noir Jardin natural Mandevilla insektenspray (500 ml) ist ein gebrauchsfertiges, pflanzenfreundliches Spray f\u00fcr Ihre Mandevilla.","robots":{"index":"index","follow":"follow","max-snippet":"max-snippet:-1","max-image-preview":"max-image-preview:large","max-video-preview":"max-video-preview:-1"},"canonical":"https:\/\/mandevillashop.com\/de\/produkt\/natur-insektenspray\/","og_locale":"de_DE","og_type":"article","og_title":"Mandevilla Dipladenia Mandevilla Insektenspray - Mandevillashop","og_description":"Das Savon Noir Jardin natural Mandevilla insektenspray (500 ml) ist ein gebrauchsfertiges, pflanzenfreundliches Spray f\u00fcr Ihre Mandevilla.","og_url":"https:\/\/mandevillashop.com\/de\/produkt\/natur-insektenspray\/","og_site_name":"Mandevillashop","article_modified_time":"2025-06-23T07:07:46+00:00","og_image":[{"width":1200,"height":1200,"url":"https:\/\/mandevillashop.com\/wp-content\/uploads\/2024\/01\/Insectenspray.jpg","type":"image\/jpeg"}],"twitter_card":"summary_large_image","twitter_misc":{"Gesch\u00e4tzte Lesezeit":"1\u00a0Minute"},"schema":{"@context":"https:\/\/schema.org","@graph":[{"@type":["WebPage","ItemPage"],"@id":"https:\/\/mandevillashop.com\/de\/produkt\/natur-insektenspray\/","url":"https:\/\/mandevillashop.com\/de\/produkt\/natur-insektenspray\/","name":"Mandevilla Dipladenia Mandevilla Insektenspray - Mandevillashop","isPartOf":{"@id":"https:\/\/mandevillashop.com\/de\/#website"},"primaryImageOfPage":{"@id":"https:\/\/mandevillashop.com\/de\/produkt\/natur-insektenspray\/#primaryimage"},"image":{"@id":"https:\/\/mandevillashop.com\/de\/produkt\/natur-insektenspray\/#primaryimage"},"thumbnailUrl":"https:\/\/mandevillashop.com\/wp-content\/uploads\/2024\/01\/Insectenspray.jpg","datePublished":"2022-03-04T08:46:23+00:00","dateModified":"2025-06-23T07:07:46+00:00","description":"Das Savon Noir Jardin natural Mandevilla insektenspray (500 ml) ist ein gebrauchsfertiges, pflanzenfreundliches Spray f\u00fcr Ihre Mandevilla.","breadcrumb":{"@id":"https:\/\/mandevillashop.com\/de\/produkt\/natur-insektenspray\/#breadcrumb"},"inLanguage":"de","potentialAction":[{"@type":"ReadAction","target":["https:\/\/mandevillashop.com\/de\/produkt\/natur-insektenspray\/"]}]},{"@type":"ImageObject","inLanguage":"de","@id":"https:\/\/mandevillashop.com\/de\/produkt\/natur-insektenspray\/#primaryimage","url":"https:\/\/mandevillashop.com\/wp-content\/uploads\/2024\/01\/Insectenspray.jpg","contentUrl":"https:\/\/mandevillashop.com\/wp-content\/uploads\/2024\/01\/Insectenspray.jpg","width":1200,"height":1200,"caption":"Mandevilla Insektenspray 500 ml gr\u00fcne Spr\u00fchflasche"},{"@type":"BreadcrumbList","@id":"https:\/\/mandevillashop.com\/de\/produkt\/natur-insektenspray\/#breadcrumb","itemListElement":[{"@type":"ListItem","position":1,"name":"Home","item":"https:\/\/mandevillashop.com\/de\/"},{"@type":"ListItem","position":2,"name":"Shop","item":"https:\/\/mandevillashop.com\/de\/dipladenia-webshop\/"},{"@type":"ListItem","position":3,"name":"Mandevilla Insektenspray"}]},{"@type":"WebSite","@id":"https:\/\/mandevillashop.com\/de\/#website","url":"https:\/\/mandevillashop.com\/de\/","name":"Mandevillashop","description":"De Mandevilla Specialist","publisher":{"@id":"https:\/\/mandevillashop.com\/de\/#organization"},"potentialAction":[{"@type":"SearchAction","target":{"@type":"EntryPoint","urlTemplate":"https:\/\/mandevillashop.com\/de\/?s={search_term_string}"},"query-input":{"@type":"PropertyValueSpecification","valueRequired":true,"valueName":"search_term_string"}}],"inLanguage":"de"},{"@type":"Organization","@id":"https:\/\/mandevillashop.com\/de\/#organization","name":"Mandevilla Shop","url":"https:\/\/mandevillashop.com\/de\/","logo":{"@type":"ImageObject","inLanguage":"de","@id":"https:\/\/mandevillashop.com\/de\/#\/schema\/logo\/image\/","url":"https:\/\/mandevillashop.com\/wp-content\/uploads\/2023\/07\/mandevilla-shop-zwart.svg","contentUrl":"https:\/\/mandevillashop.com\/wp-content\/uploads\/2023\/07\/mandevilla-shop-zwart.svg","caption":"Mandevilla Shop"},"image":{"@id":"https:\/\/mandevillashop.com\/de\/#\/schema\/logo\/image\/"}}]}},"_links":{"self":[{"href":"https:\/\/mandevillashop.com\/de\/wp-json\/wp\/v2\/product\/5377","targetHints":{"allow":["GET"]}}],"collection":[{"href":"https:\/\/mandevillashop.com\/de\/wp-json\/wp\/v2\/product"}],"about":[{"href":"https:\/\/mandevillashop.com\/de\/wp-json\/wp\/v2\/types\/product"}],"replies":[{"embeddable":true,"href":"https:\/\/mandevillashop.com\/de\/wp-json\/wp\/v2\/comments?post=5377"}],"wp:featuredmedia":[{"embeddable":true,"href":"https:\/\/mandevillashop.com\/de\/wp-json\/wp\/v2\/media\/3025"}],"wp:attachment":[{"href":"https:\/\/mandevillashop.com\/de\/wp-json\/wp\/v2\/media?parent=5377"}],"wp:term":[{"taxonomy":"product_brand","embeddable":true,"href":"https:\/\/mandevillashop.com\/de\/wp-json\/wp\/v2\/product_brand?post=5377"},{"taxonomy":"product_cat","embeddable":true,"href":"https:\/\/mandevillashop.com\/de\/wp-json\/wp\/v2\/product_cat?post=5377"},{"taxonomy":"product_tag","embeddable":true,"href":"https:\/\/mandevillashop.com\/de\/wp-json\/wp\/v2\/product_tag?post=5377"},{"taxonomy":"linked_variations","embeddable":true,"href":"https:\/\/mandevillashop.com\/de\/wp-json\/wp\/v2\/linked_variations?post=5377"}],"curies":[{"name":"wp","href":"https:\/\/api.w.org\/{rel}","templated":true}]}}