{"id":5386,"date":"2022-02-22T11:59:00","date_gmt":"2022-02-22T10:59:00","guid":{"rendered":"https:\/\/mandevillashop.com\/product\/kletterset\/"},"modified":"2024-04-09T11:01:12","modified_gmt":"2024-04-09T09:01:12","slug":"kletterset","status":"publish","type":"product","link":"https:\/\/mandevillashop.com\/de\/produkt\/kletterset\/","title":{"rendered":"Mandevilla Kletterset"},"content":{"rendered":"<p>Die von uns verkauften Mandevillas haben durchweg bereits eine gute H\u00f6he erreicht. Mit diesem Set k\u00f6nnen Sie das Bambusgestell erweitern, wodurch die Pflanze schneller weiterwachsen kann. Die Mandevilla ist von Natur aus eine Kletterpflanze und wird schneller wachsen, wenn sie nach oben hin gen\u00fcgend Halt hat, um weiter emporwachsen zu k\u00f6nnen.<\/p>\n<p>Inhalt des Klettersets:<\/p>\n<ul>\n<li>6 Bambusst\u00e4be von 35 cm<\/li>\n<li>6 Bambusst\u00e4be von 50 cm<\/li>\n<li>24 gro\u00dfe Befestigungsclips f\u00fcr die Bambusstangen<\/li>\n<li>24 kleine Befestigungsclips f\u00fcr die Pflanze<\/li>\n<\/ul>\n<p>*Dieses Kletterset wird ohne Pflanze geliefert<\/p>\n<p>&nbsp;<\/p>\n","protected":false},"excerpt":{"rendered":"<p>Mit dem Mandevilla-Kletterset holen Sie alles aus Ihrem fr\u00f6hlichen Sommerbl\u00fcher, was in ihm steckt. Mit diesem Set k\u00f6nnen Sie das Bambusgestell erweitern, wodurch die Pflanze schneller weiterwachsen kann. Das Set besteht aus Clips und unterschiedlich langen St\u00f6ckern, wodurch es f\u00fcr Ihre Gartenpflanze stets die richtige Wachstumshilfe ist.<\/p>\n","protected":false},"featured_media":2941,"comment_status":"open","ping_status":"closed","template":"","meta":{"_acf_changed":false},"product_brand":[],"product_cat":[260,237],"product_tag":[],"linked_variations":[],"class_list":{"0":"post-5386","1":"product","2":"type-product","3":"status-publish","4":"has-post-thumbnail","6":"product_cat-extras-de","7":"product_cat-mandevilla-extras-de","9":"first","10":"instock","11":"taxable","12":"shipping-taxable","13":"purchasable","14":"product-type-simple"},"acf":[],"yoast_head":"<!-- This site is optimized with the Yoast SEO plugin v26.7 - https:\/\/yoast.com\/wordpress\/plugins\/seo\/ -->\n<title>Mandevilla Dipladenia Mandevilla Kletterset - Mandevillashop<\/title>\n<meta name=\"description\" content=\"Mit dem Mandevilla Kletterset k\u00f6nnen Sie die Pflanze schneller wachsen lassen. Das Set besteht aus Clips und Stangen in verschiedenen Gr\u00f6\u00dfen.\" \/>\n<meta name=\"robots\" content=\"index, follow, max-snippet:-1, max-image-preview:large, max-video-preview:-1\" \/>\n<link rel=\"canonical\" href=\"https:\/\/mandevillashop.com\/de\/produkt\/kletterset\/\" \/>\n<meta property=\"og:locale\" content=\"de_DE\" \/>\n<meta property=\"og:type\" content=\"article\" \/>\n<meta property=\"og:title\" content=\"Mandevilla Dipladenia Mandevilla Kletterset - Mandevillashop\" \/>\n<meta property=\"og:description\" content=\"Mit dem Mandevilla Kletterset k\u00f6nnen Sie die Pflanze schneller wachsen lassen. Das Set besteht aus Clips und Stangen in verschiedenen Gr\u00f6\u00dfen.\" \/>\n<meta property=\"og:url\" content=\"https:\/\/mandevillashop.com\/de\/produkt\/kletterset\/\" \/>\n<meta property=\"og:site_name\" content=\"Mandevillashop\" \/>\n<meta property=\"article:modified_time\" content=\"2024-04-09T09:01:12+00:00\" \/>\n<meta property=\"og:image\" content=\"https:\/\/mandevillashop.com\/wp-content\/uploads\/2024\/01\/Mandevilla-klimset-close-up.jpg\" \/>\n\t<meta property=\"og:image:width\" content=\"1200\" \/>\n\t<meta property=\"og:image:height\" content=\"1200\" \/>\n\t<meta property=\"og:image:type\" content=\"image\/jpeg\" \/>\n<meta name=\"twitter:card\" content=\"summary_large_image\" \/>\n<meta name=\"twitter:label1\" content=\"Gesch\u00e4tzte Lesezeit\" \/>\n\t<meta name=\"twitter:data1\" content=\"1\u00a0Minute\" \/>\n<script type=\"application\/ld+json\" class=\"yoast-schema-graph\">{\"@context\":\"https:\/\/schema.org\",\"@graph\":[{\"@type\":[\"WebPage\",\"ItemPage\"],\"@id\":\"https:\/\/mandevillashop.com\/de\/produkt\/kletterset\/\",\"url\":\"https:\/\/mandevillashop.com\/de\/produkt\/kletterset\/\",\"name\":\"Mandevilla Dipladenia Mandevilla Kletterset - Mandevillashop\",\"isPartOf\":{\"@id\":\"https:\/\/mandevillashop.com\/de\/#website\"},\"primaryImageOfPage\":{\"@id\":\"https:\/\/mandevillashop.com\/de\/produkt\/kletterset\/#primaryimage\"},\"image\":{\"@id\":\"https:\/\/mandevillashop.com\/de\/produkt\/kletterset\/#primaryimage\"},\"thumbnailUrl\":\"https:\/\/mandevillashop.com\/wp-content\/uploads\/2024\/01\/Mandevilla-klimset-close-up.jpg\",\"datePublished\":\"2022-02-22T10:59:00+00:00\",\"dateModified\":\"2024-04-09T09:01:12+00:00\",\"description\":\"Mit dem Mandevilla Kletterset k\u00f6nnen Sie die Pflanze schneller wachsen lassen. Das Set besteht aus Clips und Stangen in verschiedenen Gr\u00f6\u00dfen.\",\"breadcrumb\":{\"@id\":\"https:\/\/mandevillashop.com\/de\/produkt\/kletterset\/#breadcrumb\"},\"inLanguage\":\"de\",\"potentialAction\":[{\"@type\":\"ReadAction\",\"target\":[\"https:\/\/mandevillashop.com\/de\/produkt\/kletterset\/\"]}]},{\"@type\":\"ImageObject\",\"inLanguage\":\"de\",\"@id\":\"https:\/\/mandevillashop.com\/de\/produkt\/kletterset\/#primaryimage\",\"url\":\"https:\/\/mandevillashop.com\/wp-content\/uploads\/2024\/01\/Mandevilla-klimset-close-up.jpg\",\"contentUrl\":\"https:\/\/mandevillashop.com\/wp-content\/uploads\/2024\/01\/Mandevilla-klimset-close-up.jpg\",\"width\":1200,\"height\":1200,\"caption\":\"Mandevilla Kletterset mit Bambusstangen und Plastikclips und gr\u00fcnen Bl\u00e4ttern\"},{\"@type\":\"BreadcrumbList\",\"@id\":\"https:\/\/mandevillashop.com\/de\/produkt\/kletterset\/#breadcrumb\",\"itemListElement\":[{\"@type\":\"ListItem\",\"position\":1,\"name\":\"Home\",\"item\":\"https:\/\/mandevillashop.com\/de\/\"},{\"@type\":\"ListItem\",\"position\":2,\"name\":\"Shop\",\"item\":\"https:\/\/mandevillashop.com\/de\/dipladenia-webshop\/\"},{\"@type\":\"ListItem\",\"position\":3,\"name\":\"Mandevilla Kletterset\"}]},{\"@type\":\"WebSite\",\"@id\":\"https:\/\/mandevillashop.com\/de\/#website\",\"url\":\"https:\/\/mandevillashop.com\/de\/\",\"name\":\"Mandevillashop\",\"description\":\"De Mandevilla Specialist\",\"publisher\":{\"@id\":\"https:\/\/mandevillashop.com\/de\/#organization\"},\"potentialAction\":[{\"@type\":\"SearchAction\",\"target\":{\"@type\":\"EntryPoint\",\"urlTemplate\":\"https:\/\/mandevillashop.com\/de\/?s={search_term_string}\"},\"query-input\":{\"@type\":\"PropertyValueSpecification\",\"valueRequired\":true,\"valueName\":\"search_term_string\"}}],\"inLanguage\":\"de\"},{\"@type\":\"Organization\",\"@id\":\"https:\/\/mandevillashop.com\/de\/#organization\",\"name\":\"Mandevilla Shop\",\"url\":\"https:\/\/mandevillashop.com\/de\/\",\"logo\":{\"@type\":\"ImageObject\",\"inLanguage\":\"de\",\"@id\":\"https:\/\/mandevillashop.com\/de\/#\/schema\/logo\/image\/\",\"url\":\"https:\/\/mandevillashop.com\/wp-content\/uploads\/2023\/07\/mandevilla-shop-zwart.svg\",\"contentUrl\":\"https:\/\/mandevillashop.com\/wp-content\/uploads\/2023\/07\/mandevilla-shop-zwart.svg\",\"caption\":\"Mandevilla Shop\"},\"image\":{\"@id\":\"https:\/\/mandevillashop.com\/de\/#\/schema\/logo\/image\/\"}}]}<\/script>\n<!-- \/ Yoast SEO plugin. -->","yoast_head_json":{"title":"Mandevilla Dipladenia Mandevilla Kletterset - Mandevillashop","description":"Mit dem Mandevilla Kletterset k\u00f6nnen Sie die Pflanze schneller wachsen lassen. Das Set besteht aus Clips und Stangen in verschiedenen Gr\u00f6\u00dfen.","robots":{"index":"index","follow":"follow","max-snippet":"max-snippet:-1","max-image-preview":"max-image-preview:large","max-video-preview":"max-video-preview:-1"},"canonical":"https:\/\/mandevillashop.com\/de\/produkt\/kletterset\/","og_locale":"de_DE","og_type":"article","og_title":"Mandevilla Dipladenia Mandevilla Kletterset - Mandevillashop","og_description":"Mit dem Mandevilla Kletterset k\u00f6nnen Sie die Pflanze schneller wachsen lassen. Das Set besteht aus Clips und Stangen in verschiedenen Gr\u00f6\u00dfen.","og_url":"https:\/\/mandevillashop.com\/de\/produkt\/kletterset\/","og_site_name":"Mandevillashop","article_modified_time":"2024-04-09T09:01:12+00:00","og_image":[{"width":1200,"height":1200,"url":"https:\/\/mandevillashop.com\/wp-content\/uploads\/2024\/01\/Mandevilla-klimset-close-up.jpg","type":"image\/jpeg"}],"twitter_card":"summary_large_image","twitter_misc":{"Gesch\u00e4tzte Lesezeit":"1\u00a0Minute"},"schema":{"@context":"https:\/\/schema.org","@graph":[{"@type":["WebPage","ItemPage"],"@id":"https:\/\/mandevillashop.com\/de\/produkt\/kletterset\/","url":"https:\/\/mandevillashop.com\/de\/produkt\/kletterset\/","name":"Mandevilla Dipladenia Mandevilla Kletterset - Mandevillashop","isPartOf":{"@id":"https:\/\/mandevillashop.com\/de\/#website"},"primaryImageOfPage":{"@id":"https:\/\/mandevillashop.com\/de\/produkt\/kletterset\/#primaryimage"},"image":{"@id":"https:\/\/mandevillashop.com\/de\/produkt\/kletterset\/#primaryimage"},"thumbnailUrl":"https:\/\/mandevillashop.com\/wp-content\/uploads\/2024\/01\/Mandevilla-klimset-close-up.jpg","datePublished":"2022-02-22T10:59:00+00:00","dateModified":"2024-04-09T09:01:12+00:00","description":"Mit dem Mandevilla Kletterset k\u00f6nnen Sie die Pflanze schneller wachsen lassen. Das Set besteht aus Clips und Stangen in verschiedenen Gr\u00f6\u00dfen.","breadcrumb":{"@id":"https:\/\/mandevillashop.com\/de\/produkt\/kletterset\/#breadcrumb"},"inLanguage":"de","potentialAction":[{"@type":"ReadAction","target":["https:\/\/mandevillashop.com\/de\/produkt\/kletterset\/"]}]},{"@type":"ImageObject","inLanguage":"de","@id":"https:\/\/mandevillashop.com\/de\/produkt\/kletterset\/#primaryimage","url":"https:\/\/mandevillashop.com\/wp-content\/uploads\/2024\/01\/Mandevilla-klimset-close-up.jpg","contentUrl":"https:\/\/mandevillashop.com\/wp-content\/uploads\/2024\/01\/Mandevilla-klimset-close-up.jpg","width":1200,"height":1200,"caption":"Mandevilla Kletterset mit Bambusstangen und Plastikclips und gr\u00fcnen Bl\u00e4ttern"},{"@type":"BreadcrumbList","@id":"https:\/\/mandevillashop.com\/de\/produkt\/kletterset\/#breadcrumb","itemListElement":[{"@type":"ListItem","position":1,"name":"Home","item":"https:\/\/mandevillashop.com\/de\/"},{"@type":"ListItem","position":2,"name":"Shop","item":"https:\/\/mandevillashop.com\/de\/dipladenia-webshop\/"},{"@type":"ListItem","position":3,"name":"Mandevilla Kletterset"}]},{"@type":"WebSite","@id":"https:\/\/mandevillashop.com\/de\/#website","url":"https:\/\/mandevillashop.com\/de\/","name":"Mandevillashop","description":"De Mandevilla Specialist","publisher":{"@id":"https:\/\/mandevillashop.com\/de\/#organization"},"potentialAction":[{"@type":"SearchAction","target":{"@type":"EntryPoint","urlTemplate":"https:\/\/mandevillashop.com\/de\/?s={search_term_string}"},"query-input":{"@type":"PropertyValueSpecification","valueRequired":true,"valueName":"search_term_string"}}],"inLanguage":"de"},{"@type":"Organization","@id":"https:\/\/mandevillashop.com\/de\/#organization","name":"Mandevilla Shop","url":"https:\/\/mandevillashop.com\/de\/","logo":{"@type":"ImageObject","inLanguage":"de","@id":"https:\/\/mandevillashop.com\/de\/#\/schema\/logo\/image\/","url":"https:\/\/mandevillashop.com\/wp-content\/uploads\/2023\/07\/mandevilla-shop-zwart.svg","contentUrl":"https:\/\/mandevillashop.com\/wp-content\/uploads\/2023\/07\/mandevilla-shop-zwart.svg","caption":"Mandevilla Shop"},"image":{"@id":"https:\/\/mandevillashop.com\/de\/#\/schema\/logo\/image\/"}}]}},"_links":{"self":[{"href":"https:\/\/mandevillashop.com\/de\/wp-json\/wp\/v2\/product\/5386","targetHints":{"allow":["GET"]}}],"collection":[{"href":"https:\/\/mandevillashop.com\/de\/wp-json\/wp\/v2\/product"}],"about":[{"href":"https:\/\/mandevillashop.com\/de\/wp-json\/wp\/v2\/types\/product"}],"replies":[{"embeddable":true,"href":"https:\/\/mandevillashop.com\/de\/wp-json\/wp\/v2\/comments?post=5386"}],"wp:featuredmedia":[{"embeddable":true,"href":"https:\/\/mandevillashop.com\/de\/wp-json\/wp\/v2\/media\/2941"}],"wp:attachment":[{"href":"https:\/\/mandevillashop.com\/de\/wp-json\/wp\/v2\/media?parent=5386"}],"wp:term":[{"taxonomy":"product_brand","embeddable":true,"href":"https:\/\/mandevillashop.com\/de\/wp-json\/wp\/v2\/product_brand?post=5386"},{"taxonomy":"product_cat","embeddable":true,"href":"https:\/\/mandevillashop.com\/de\/wp-json\/wp\/v2\/product_cat?post=5386"},{"taxonomy":"product_tag","embeddable":true,"href":"https:\/\/mandevillashop.com\/de\/wp-json\/wp\/v2\/product_tag?post=5386"},{"taxonomy":"linked_variations","embeddable":true,"href":"https:\/\/mandevillashop.com\/de\/wp-json\/wp\/v2\/linked_variations?post=5386"}],"curies":[{"name":"wp","href":"https:\/\/api.w.org\/{rel}","templated":true}]}}