{"id":5415,"date":"2022-02-22T11:04:04","date_gmt":"2022-02-22T10:04:04","guid":{"rendered":"https:\/\/mandevillashop.com\/product\/mandevilla-topferde-incl-nahrstoffen-20l\/"},"modified":"2024-04-12T11:38:23","modified_gmt":"2024-04-12T09:38:23","slug":"mandevilla-topferde-incl-nahrstoffen-20l","status":"publish","type":"product","link":"https:\/\/mandevillashop.com\/de\/produkt\/mandevilla-topferde-incl-nahrstoffen-20l\/","title":{"rendered":"Mandevilla Topferde"},"content":{"rendered":"<p>Diese Mandevilla-Topferde mit N\u00e4hrstoffen bildet die perfekte Basis f\u00fcr Ihre Mandevilla. Auch in unserer G\u00e4rtnerei verwenden wir bei der Anzucht der Mandevillas diese Topferde. Die Topferde ist RHP-zertifiziert und das bedeutet, dass es sich um ein gutes, faires Produkt handelt. Eine Garantie f\u00fcr Qualit\u00e4t und Sicherheit. Dar\u00fcber hinaus wurde der Topferde ein lang wirksamer D\u00fcnger in Form von Osmocote hinzugef\u00fcgt. Dabei handelt es sich um beschichtete D\u00fcngek\u00f6rner, die die N\u00e4hrstoffe langsam, die ganze Saison \u00fcber abgeben und zus\u00e4tzliches D\u00fcngen w\u00e4hrend der Freiluftsaison \u00fcberfl\u00fcssig machen. Diese Topferde eignet sich auch sehr gut f\u00fcr andere K\u00fcbel- und Terrassenpflanzen.<\/p>\n","protected":false},"excerpt":{"rendered":"<p>Diese Topferde (20 Liter) wurde eigens f\u00fcr die Mandevilla zusammengestellt. Die Topferde enth\u00e4lt die richtigen Roh- und N\u00e4hrstoffe, die daf\u00fcr sorgen, dass diese fr\u00f6hliche Gartenpflanze die gesamte Saison \u00fcber w\u00e4chst und bl\u00fcht.<\/p>\n","protected":false},"featured_media":2962,"comment_status":"open","ping_status":"closed","template":"","meta":{"_acf_changed":false},"product_brand":[],"product_cat":[260,237],"product_tag":[],"linked_variations":[],"class_list":{"0":"post-5415","1":"product","2":"type-product","3":"status-publish","4":"has-post-thumbnail","6":"product_cat-extras-de","7":"product_cat-mandevilla-extras-de","9":"first","10":"instock","11":"taxable","12":"shipping-taxable","13":"purchasable","14":"product-type-simple"},"acf":[],"yoast_head":"<!-- This site is optimized with the Yoast SEO plugin v27.4 - https:\/\/yoast.com\/product\/yoast-seo-wordpress\/ -->\n<title>Mandevilla Dipladenia Mandevilla Topferde - Mandevillashop<\/title>\n<meta name=\"description\" content=\"Mandevilla Topferde ist speziell f\u00fcr die Mandevilla formuliert und enth\u00e4lt die richtigen N\u00e4hrstoffe, damit Ihre pflanze die ganze Saison sch\u00f6n bl\u00fcht.\" \/>\n<meta name=\"robots\" content=\"index, follow, max-snippet:-1, max-image-preview:large, max-video-preview:-1\" \/>\n<link rel=\"canonical\" href=\"https:\/\/mandevillashop.com\/de\/produkt\/mandevilla-topferde-incl-nahrstoffen-20l\/\" \/>\n<meta property=\"og:locale\" content=\"de_DE\" \/>\n<meta property=\"og:type\" content=\"article\" \/>\n<meta property=\"og:title\" content=\"Mandevilla Dipladenia Mandevilla Topferde - Mandevillashop\" \/>\n<meta property=\"og:description\" content=\"Mandevilla Topferde ist speziell f\u00fcr die Mandevilla formuliert und enth\u00e4lt die richtigen N\u00e4hrstoffe, damit Ihre pflanze die ganze Saison sch\u00f6n bl\u00fcht.\" \/>\n<meta property=\"og:url\" content=\"https:\/\/mandevillashop.com\/de\/produkt\/mandevilla-topferde-incl-nahrstoffen-20l\/\" \/>\n<meta property=\"og:site_name\" content=\"Mandevillashop\" \/>\n<meta property=\"article:modified_time\" content=\"2024-04-12T09:38:23+00:00\" \/>\n<meta property=\"og:image\" content=\"https:\/\/mandevillashop.com\/wp-content\/uploads\/2024\/01\/01Tekengebied-1-kopie-6.webp\" \/>\n\t<meta property=\"og:image:width\" content=\"802\" \/>\n\t<meta property=\"og:image:height\" content=\"701\" \/>\n\t<meta property=\"og:image:type\" content=\"image\/webp\" \/>\n<meta name=\"twitter:card\" content=\"summary_large_image\" \/>\n<meta name=\"twitter:label1\" content=\"Gesch\u00e4tzte Lesezeit\" \/>\n\t<meta name=\"twitter:data1\" content=\"1\u00a0Minute\" \/>\n<script type=\"application\/ld+json\" class=\"yoast-schema-graph\">{\"@context\":\"https:\\\/\\\/schema.org\",\"@graph\":[{\"@type\":[\"WebPage\",\"ItemPage\"],\"@id\":\"https:\\\/\\\/mandevillashop.com\\\/de\\\/produkt\\\/mandevilla-topferde-incl-nahrstoffen-20l\\\/\",\"url\":\"https:\\\/\\\/mandevillashop.com\\\/de\\\/produkt\\\/mandevilla-topferde-incl-nahrstoffen-20l\\\/\",\"name\":\"Mandevilla Dipladenia Mandevilla Topferde - Mandevillashop\",\"isPartOf\":{\"@id\":\"https:\\\/\\\/mandevillashop.com\\\/de\\\/#website\"},\"primaryImageOfPage\":{\"@id\":\"https:\\\/\\\/mandevillashop.com\\\/de\\\/produkt\\\/mandevilla-topferde-incl-nahrstoffen-20l\\\/#primaryimage\"},\"image\":{\"@id\":\"https:\\\/\\\/mandevillashop.com\\\/de\\\/produkt\\\/mandevilla-topferde-incl-nahrstoffen-20l\\\/#primaryimage\"},\"thumbnailUrl\":\"https:\\\/\\\/mandevillashop.com\\\/wp-content\\\/uploads\\\/2024\\\/01\\\/01Tekengebied-1-kopie-6.webp\",\"datePublished\":\"2022-02-22T10:04:04+00:00\",\"dateModified\":\"2024-04-12T09:38:23+00:00\",\"description\":\"Mandevilla Topferde ist speziell f\u00fcr die Mandevilla formuliert und enth\u00e4lt die richtigen N\u00e4hrstoffe, damit Ihre pflanze die ganze Saison sch\u00f6n bl\u00fcht.\",\"breadcrumb\":{\"@id\":\"https:\\\/\\\/mandevillashop.com\\\/de\\\/produkt\\\/mandevilla-topferde-incl-nahrstoffen-20l\\\/#breadcrumb\"},\"inLanguage\":\"de\",\"potentialAction\":[{\"@type\":\"ReadAction\",\"target\":[\"https:\\\/\\\/mandevillashop.com\\\/de\\\/produkt\\\/mandevilla-topferde-incl-nahrstoffen-20l\\\/\"]}]},{\"@type\":\"ImageObject\",\"inLanguage\":\"de\",\"@id\":\"https:\\\/\\\/mandevillashop.com\\\/de\\\/produkt\\\/mandevilla-topferde-incl-nahrstoffen-20l\\\/#primaryimage\",\"url\":\"https:\\\/\\\/mandevillashop.com\\\/wp-content\\\/uploads\\\/2024\\\/01\\\/01Tekengebied-1-kopie-6.webp\",\"contentUrl\":\"https:\\\/\\\/mandevillashop.com\\\/wp-content\\\/uploads\\\/2024\\\/01\\\/01Tekengebied-1-kopie-6.webp\",\"width\":802,\"height\":701,\"caption\":\"Mandevilla Topferde braun\"},{\"@type\":\"BreadcrumbList\",\"@id\":\"https:\\\/\\\/mandevillashop.com\\\/de\\\/produkt\\\/mandevilla-topferde-incl-nahrstoffen-20l\\\/#breadcrumb\",\"itemListElement\":[{\"@type\":\"ListItem\",\"position\":1,\"name\":\"Home\",\"item\":\"https:\\\/\\\/mandevillashop.com\\\/de\\\/\"},{\"@type\":\"ListItem\",\"position\":2,\"name\":\"Shop\",\"item\":\"https:\\\/\\\/mandevillashop.com\\\/de\\\/dipladenia-webshop\\\/\"},{\"@type\":\"ListItem\",\"position\":3,\"name\":\"Mandevilla Topferde\"}]},{\"@type\":\"WebSite\",\"@id\":\"https:\\\/\\\/mandevillashop.com\\\/de\\\/#website\",\"url\":\"https:\\\/\\\/mandevillashop.com\\\/de\\\/\",\"name\":\"Mandevillashop\",\"description\":\"De Mandevilla Specialist\",\"publisher\":{\"@id\":\"https:\\\/\\\/mandevillashop.com\\\/de\\\/#organization\"},\"potentialAction\":[{\"@type\":\"SearchAction\",\"target\":{\"@type\":\"EntryPoint\",\"urlTemplate\":\"https:\\\/\\\/mandevillashop.com\\\/de\\\/?s={search_term_string}\"},\"query-input\":{\"@type\":\"PropertyValueSpecification\",\"valueRequired\":true,\"valueName\":\"search_term_string\"}}],\"inLanguage\":\"de\"},{\"@type\":\"Organization\",\"@id\":\"https:\\\/\\\/mandevillashop.com\\\/de\\\/#organization\",\"name\":\"Mandevilla Shop\",\"url\":\"https:\\\/\\\/mandevillashop.com\\\/de\\\/\",\"logo\":{\"@type\":\"ImageObject\",\"inLanguage\":\"de\",\"@id\":\"https:\\\/\\\/mandevillashop.com\\\/de\\\/#\\\/schema\\\/logo\\\/image\\\/\",\"url\":\"https:\\\/\\\/mandevillashop.com\\\/wp-content\\\/uploads\\\/2023\\\/07\\\/mandevilla-shop-zwart.svg\",\"contentUrl\":\"https:\\\/\\\/mandevillashop.com\\\/wp-content\\\/uploads\\\/2023\\\/07\\\/mandevilla-shop-zwart.svg\",\"caption\":\"Mandevilla Shop\"},\"image\":{\"@id\":\"https:\\\/\\\/mandevillashop.com\\\/de\\\/#\\\/schema\\\/logo\\\/image\\\/\"}}]}<\/script>\n<!-- \/ Yoast SEO plugin. -->","yoast_head_json":{"title":"Mandevilla Dipladenia Mandevilla Topferde - Mandevillashop","description":"Mandevilla Topferde ist speziell f\u00fcr die Mandevilla formuliert und enth\u00e4lt die richtigen N\u00e4hrstoffe, damit Ihre pflanze die ganze Saison sch\u00f6n bl\u00fcht.","robots":{"index":"index","follow":"follow","max-snippet":"max-snippet:-1","max-image-preview":"max-image-preview:large","max-video-preview":"max-video-preview:-1"},"canonical":"https:\/\/mandevillashop.com\/de\/produkt\/mandevilla-topferde-incl-nahrstoffen-20l\/","og_locale":"de_DE","og_type":"article","og_title":"Mandevilla Dipladenia Mandevilla Topferde - Mandevillashop","og_description":"Mandevilla Topferde ist speziell f\u00fcr die Mandevilla formuliert und enth\u00e4lt die richtigen N\u00e4hrstoffe, damit Ihre pflanze die ganze Saison sch\u00f6n bl\u00fcht.","og_url":"https:\/\/mandevillashop.com\/de\/produkt\/mandevilla-topferde-incl-nahrstoffen-20l\/","og_site_name":"Mandevillashop","article_modified_time":"2024-04-12T09:38:23+00:00","og_image":[{"width":802,"height":701,"url":"https:\/\/mandevillashop.com\/wp-content\/uploads\/2024\/01\/01Tekengebied-1-kopie-6.webp","type":"image\/webp"}],"twitter_card":"summary_large_image","twitter_misc":{"Gesch\u00e4tzte Lesezeit":"1\u00a0Minute"},"schema":{"@context":"https:\/\/schema.org","@graph":[{"@type":["WebPage","ItemPage"],"@id":"https:\/\/mandevillashop.com\/de\/produkt\/mandevilla-topferde-incl-nahrstoffen-20l\/","url":"https:\/\/mandevillashop.com\/de\/produkt\/mandevilla-topferde-incl-nahrstoffen-20l\/","name":"Mandevilla Dipladenia Mandevilla Topferde - Mandevillashop","isPartOf":{"@id":"https:\/\/mandevillashop.com\/de\/#website"},"primaryImageOfPage":{"@id":"https:\/\/mandevillashop.com\/de\/produkt\/mandevilla-topferde-incl-nahrstoffen-20l\/#primaryimage"},"image":{"@id":"https:\/\/mandevillashop.com\/de\/produkt\/mandevilla-topferde-incl-nahrstoffen-20l\/#primaryimage"},"thumbnailUrl":"https:\/\/mandevillashop.com\/wp-content\/uploads\/2024\/01\/01Tekengebied-1-kopie-6.webp","datePublished":"2022-02-22T10:04:04+00:00","dateModified":"2024-04-12T09:38:23+00:00","description":"Mandevilla Topferde ist speziell f\u00fcr die Mandevilla formuliert und enth\u00e4lt die richtigen N\u00e4hrstoffe, damit Ihre pflanze die ganze Saison sch\u00f6n bl\u00fcht.","breadcrumb":{"@id":"https:\/\/mandevillashop.com\/de\/produkt\/mandevilla-topferde-incl-nahrstoffen-20l\/#breadcrumb"},"inLanguage":"de","potentialAction":[{"@type":"ReadAction","target":["https:\/\/mandevillashop.com\/de\/produkt\/mandevilla-topferde-incl-nahrstoffen-20l\/"]}]},{"@type":"ImageObject","inLanguage":"de","@id":"https:\/\/mandevillashop.com\/de\/produkt\/mandevilla-topferde-incl-nahrstoffen-20l\/#primaryimage","url":"https:\/\/mandevillashop.com\/wp-content\/uploads\/2024\/01\/01Tekengebied-1-kopie-6.webp","contentUrl":"https:\/\/mandevillashop.com\/wp-content\/uploads\/2024\/01\/01Tekengebied-1-kopie-6.webp","width":802,"height":701,"caption":"Mandevilla Topferde braun"},{"@type":"BreadcrumbList","@id":"https:\/\/mandevillashop.com\/de\/produkt\/mandevilla-topferde-incl-nahrstoffen-20l\/#breadcrumb","itemListElement":[{"@type":"ListItem","position":1,"name":"Home","item":"https:\/\/mandevillashop.com\/de\/"},{"@type":"ListItem","position":2,"name":"Shop","item":"https:\/\/mandevillashop.com\/de\/dipladenia-webshop\/"},{"@type":"ListItem","position":3,"name":"Mandevilla Topferde"}]},{"@type":"WebSite","@id":"https:\/\/mandevillashop.com\/de\/#website","url":"https:\/\/mandevillashop.com\/de\/","name":"Mandevillashop","description":"De Mandevilla Specialist","publisher":{"@id":"https:\/\/mandevillashop.com\/de\/#organization"},"potentialAction":[{"@type":"SearchAction","target":{"@type":"EntryPoint","urlTemplate":"https:\/\/mandevillashop.com\/de\/?s={search_term_string}"},"query-input":{"@type":"PropertyValueSpecification","valueRequired":true,"valueName":"search_term_string"}}],"inLanguage":"de"},{"@type":"Organization","@id":"https:\/\/mandevillashop.com\/de\/#organization","name":"Mandevilla Shop","url":"https:\/\/mandevillashop.com\/de\/","logo":{"@type":"ImageObject","inLanguage":"de","@id":"https:\/\/mandevillashop.com\/de\/#\/schema\/logo\/image\/","url":"https:\/\/mandevillashop.com\/wp-content\/uploads\/2023\/07\/mandevilla-shop-zwart.svg","contentUrl":"https:\/\/mandevillashop.com\/wp-content\/uploads\/2023\/07\/mandevilla-shop-zwart.svg","caption":"Mandevilla Shop"},"image":{"@id":"https:\/\/mandevillashop.com\/de\/#\/schema\/logo\/image\/"}}]}},"_links":{"self":[{"href":"https:\/\/mandevillashop.com\/de\/wp-json\/wp\/v2\/product\/5415","targetHints":{"allow":["GET"]}}],"collection":[{"href":"https:\/\/mandevillashop.com\/de\/wp-json\/wp\/v2\/product"}],"about":[{"href":"https:\/\/mandevillashop.com\/de\/wp-json\/wp\/v2\/types\/product"}],"replies":[{"embeddable":true,"href":"https:\/\/mandevillashop.com\/de\/wp-json\/wp\/v2\/comments?post=5415"}],"wp:featuredmedia":[{"embeddable":true,"href":"https:\/\/mandevillashop.com\/de\/wp-json\/wp\/v2\/media\/2962"}],"wp:attachment":[{"href":"https:\/\/mandevillashop.com\/de\/wp-json\/wp\/v2\/media?parent=5415"}],"wp:term":[{"taxonomy":"product_brand","embeddable":true,"href":"https:\/\/mandevillashop.com\/de\/wp-json\/wp\/v2\/product_brand?post=5415"},{"taxonomy":"product_cat","embeddable":true,"href":"https:\/\/mandevillashop.com\/de\/wp-json\/wp\/v2\/product_cat?post=5415"},{"taxonomy":"product_tag","embeddable":true,"href":"https:\/\/mandevillashop.com\/de\/wp-json\/wp\/v2\/product_tag?post=5415"},{"taxonomy":"linked_variations","embeddable":true,"href":"https:\/\/mandevillashop.com\/de\/wp-json\/wp\/v2\/linked_variations?post=5415"}],"curies":[{"name":"wp","href":"https:\/\/api.w.org\/{rel}","templated":true}]}}