{"id":8214,"date":"2022-05-17T18:31:57","date_gmt":"2022-05-17T16:31:57","guid":{"rendered":"https:\/\/mandevillashop.com\/product\/double-blush-pink-tower-xl\/"},"modified":"2026-03-17T09:28:23","modified_gmt":"2026-03-17T08:28:23","slug":"double-blush-pink-tower-xl","status":"publish","type":"product","link":"https:\/\/mandevillashop.com\/de\/produkt\/double-blush-pink-tower-xl\/","title":{"rendered":"Dipladenia Double Blush Pink Tower XL"},"content":{"rendered":"<p>Die Mandevilla ist eine mediterrane Gartenpflanze, ideal f\u00fcr Ihren Balkon oder Ihre Terrasse. Sie beginnt im zeitigen Fr\u00fchjahr zu bl\u00fchen und wird Sie bis zum ersten Frost immer wieder mit ihren vielen Bl\u00fcten \u00fcberraschen! Diese einzigartige Mandevilla Sundaville Double Blush Pink Tower XL hat eine einzigartige gef\u00fcllte Bl\u00fcte mit zartrosa Farbe, die sie zum perfekten Blickfang in Ihrem Garten macht. Diese XL-Mandevilla ist aufgrund ihrer Gr\u00f6\u00dfe, Form und besonderen Bl\u00fcten ein absolutes Prunkst\u00fcck in Ihrem Garten. Au\u00dferdem ist sie eine echte Kletterpflanze, die dank des Bambusgestells fr\u00f6hlich weiterw\u00e4chst.<\/p>\n","protected":false},"excerpt":{"rendered":"<p>Unser Neuzugang, die Mandevilla Double Blush Pink. Doppeltes Vergn\u00fcgen!<br \/>\nSie \u00fcberrascht Sie w\u00e4hrend der gesamten Freiluftsaison mit ihren Bl\u00fcten und w\u00e4chst fr\u00f6hlich entlang des dreieckigen Bambusgestells. Die einzigartigen gef\u00fcllten Bl\u00fcten dieser Mandevilla machen sie zu einem atemberaubenden Anblick.<\/p>\n","protected":false},"featured_media":2761,"comment_status":"open","ping_status":"closed","template":"","meta":{"_acf_changed":false},"product_brand":[],"product_cat":[408,257,236],"product_tag":[331,384],"linked_variations":[203],"class_list":{"0":"post-8214","1":"product","2":"type-product","3":"status-publish","4":"has-post-thumbnail","6":"product_cat-dipladenias","7":"product_cat-dipladenien","8":"product_cat-mandevilla-pink-de","9":"product_tag-lichtroze-de","10":"product_tag-tower-xl-de","11":"pa_potmaat-24cm-de","12":"linked_variations-tower-xl","14":"first","15":"instock","16":"taxable","17":"shipping-taxable","18":"purchasable","19":"product-type-simple"},"acf":[],"yoast_head":"<!-- This site is optimized with the Yoast SEO plugin v26.7 - https:\/\/yoast.com\/wordpress\/plugins\/seo\/ -->\n<title>Mandevilla Dipladenia Double Blush Pink Tower XL - Mandevillashop<\/title>\n<meta name=\"description\" content=\"Diese Mandevilla Double Blush Pink Tower XL hat eine gef\u00fcllte Bl\u00fcte mit zartrosa Farbe. Diese Mandevilla ist extra gro\u00df, damit Sie besonders lange Freude an ihr haben. Das Prunkst\u00fcck in Ihrem Garten!\" \/>\n<meta name=\"robots\" content=\"index, follow, max-snippet:-1, max-image-preview:large, max-video-preview:-1\" \/>\n<link rel=\"canonical\" href=\"https:\/\/mandevillashop.com\/de\/produkt\/double-blush-pink-tower-xl\/\" \/>\n<meta property=\"og:locale\" content=\"de_DE\" \/>\n<meta property=\"og:type\" content=\"article\" \/>\n<meta property=\"og:title\" content=\"Mandevilla Dipladenia Double Blush Pink Tower XL - Mandevillashop\" \/>\n<meta property=\"og:description\" content=\"Diese Mandevilla Double Blush Pink Tower XL hat eine gef\u00fcllte Bl\u00fcte mit zartrosa Farbe. Diese Mandevilla ist extra gro\u00df, damit Sie besonders lange Freude an ihr haben. Das Prunkst\u00fcck in Ihrem Garten!\" \/>\n<meta property=\"og:url\" content=\"https:\/\/mandevillashop.com\/de\/produkt\/double-blush-pink-tower-xl\/\" \/>\n<meta property=\"og:site_name\" content=\"Mandevillashop\" \/>\n<meta property=\"article:modified_time\" content=\"2026-03-17T08:28:23+00:00\" \/>\n<meta property=\"og:image\" content=\"https:\/\/mandevillashop.com\/wp-content\/uploads\/2024\/01\/SV-DCP-24.jpg\" \/>\n\t<meta property=\"og:image:width\" content=\"2000\" \/>\n\t<meta property=\"og:image:height\" content=\"2000\" \/>\n\t<meta property=\"og:image:type\" content=\"image\/jpeg\" \/>\n<meta name=\"twitter:card\" content=\"summary_large_image\" \/>\n<meta name=\"twitter:label1\" content=\"Gesch\u00e4tzte Lesezeit\" \/>\n\t<meta name=\"twitter:data1\" content=\"1\u00a0Minute\" \/>\n<script type=\"application\/ld+json\" class=\"yoast-schema-graph\">{\"@context\":\"https:\/\/schema.org\",\"@graph\":[{\"@type\":[\"WebPage\",\"ItemPage\"],\"@id\":\"https:\/\/mandevillashop.com\/de\/produkt\/double-blush-pink-tower-xl\/\",\"url\":\"https:\/\/mandevillashop.com\/de\/produkt\/double-blush-pink-tower-xl\/\",\"name\":\"Mandevilla Dipladenia Double Blush Pink Tower XL - Mandevillashop\",\"isPartOf\":{\"@id\":\"https:\/\/mandevillashop.com\/de\/#website\"},\"primaryImageOfPage\":{\"@id\":\"https:\/\/mandevillashop.com\/de\/produkt\/double-blush-pink-tower-xl\/#primaryimage\"},\"image\":{\"@id\":\"https:\/\/mandevillashop.com\/de\/produkt\/double-blush-pink-tower-xl\/#primaryimage\"},\"thumbnailUrl\":\"https:\/\/mandevillashop.com\/wp-content\/uploads\/2024\/01\/SV-DCP-24.jpg\",\"datePublished\":\"2022-05-17T16:31:57+00:00\",\"dateModified\":\"2026-03-17T08:28:23+00:00\",\"description\":\"Diese Mandevilla Double Blush Pink Tower XL hat eine gef\u00fcllte Bl\u00fcte mit zartrosa Farbe. Diese Mandevilla ist extra gro\u00df, damit Sie besonders lange Freude an ihr haben. Das Prunkst\u00fcck in Ihrem Garten!\",\"breadcrumb\":{\"@id\":\"https:\/\/mandevillashop.com\/de\/produkt\/double-blush-pink-tower-xl\/#breadcrumb\"},\"inLanguage\":\"de\",\"potentialAction\":[{\"@type\":\"ReadAction\",\"target\":[\"https:\/\/mandevillashop.com\/de\/produkt\/double-blush-pink-tower-xl\/\"]}]},{\"@type\":\"ImageObject\",\"inLanguage\":\"de\",\"@id\":\"https:\/\/mandevillashop.com\/de\/produkt\/double-blush-pink-tower-xl\/#primaryimage\",\"url\":\"https:\/\/mandevillashop.com\/wp-content\/uploads\/2024\/01\/SV-DCP-24.jpg\",\"contentUrl\":\"https:\/\/mandevillashop.com\/wp-content\/uploads\/2024\/01\/SV-DCP-24.jpg\",\"width\":2000,\"height\":2000,\"caption\":\"Mandevilla Sundaville Double Cream Pink Tower XL. Hohe Kletterpflanze mit blassrosa Bl\u00fcten.\"},{\"@type\":\"BreadcrumbList\",\"@id\":\"https:\/\/mandevillashop.com\/de\/produkt\/double-blush-pink-tower-xl\/#breadcrumb\",\"itemListElement\":[{\"@type\":\"ListItem\",\"position\":1,\"name\":\"Home\",\"item\":\"https:\/\/mandevillashop.com\/de\/\"},{\"@type\":\"ListItem\",\"position\":2,\"name\":\"Shop\",\"item\":\"https:\/\/mandevillashop.com\/de\/dipladenia-webshop\/\"},{\"@type\":\"ListItem\",\"position\":3,\"name\":\"Dipladenia Double Blush Pink Tower XL\"}]},{\"@type\":\"WebSite\",\"@id\":\"https:\/\/mandevillashop.com\/de\/#website\",\"url\":\"https:\/\/mandevillashop.com\/de\/\",\"name\":\"Mandevillashop\",\"description\":\"De Mandevilla Specialist\",\"publisher\":{\"@id\":\"https:\/\/mandevillashop.com\/de\/#organization\"},\"potentialAction\":[{\"@type\":\"SearchAction\",\"target\":{\"@type\":\"EntryPoint\",\"urlTemplate\":\"https:\/\/mandevillashop.com\/de\/?s={search_term_string}\"},\"query-input\":{\"@type\":\"PropertyValueSpecification\",\"valueRequired\":true,\"valueName\":\"search_term_string\"}}],\"inLanguage\":\"de\"},{\"@type\":\"Organization\",\"@id\":\"https:\/\/mandevillashop.com\/de\/#organization\",\"name\":\"Mandevilla Shop\",\"url\":\"https:\/\/mandevillashop.com\/de\/\",\"logo\":{\"@type\":\"ImageObject\",\"inLanguage\":\"de\",\"@id\":\"https:\/\/mandevillashop.com\/de\/#\/schema\/logo\/image\/\",\"url\":\"https:\/\/mandevillashop.com\/wp-content\/uploads\/2023\/07\/mandevilla-shop-zwart.svg\",\"contentUrl\":\"https:\/\/mandevillashop.com\/wp-content\/uploads\/2023\/07\/mandevilla-shop-zwart.svg\",\"caption\":\"Mandevilla Shop\"},\"image\":{\"@id\":\"https:\/\/mandevillashop.com\/de\/#\/schema\/logo\/image\/\"}}]}<\/script>\n<!-- \/ Yoast SEO plugin. -->","yoast_head_json":{"title":"Mandevilla Dipladenia Double Blush Pink Tower XL - Mandevillashop","description":"Diese Mandevilla Double Blush Pink Tower XL hat eine gef\u00fcllte Bl\u00fcte mit zartrosa Farbe. Diese Mandevilla ist extra gro\u00df, damit Sie besonders lange Freude an ihr haben. Das Prunkst\u00fcck in Ihrem Garten!","robots":{"index":"index","follow":"follow","max-snippet":"max-snippet:-1","max-image-preview":"max-image-preview:large","max-video-preview":"max-video-preview:-1"},"canonical":"https:\/\/mandevillashop.com\/de\/produkt\/double-blush-pink-tower-xl\/","og_locale":"de_DE","og_type":"article","og_title":"Mandevilla Dipladenia Double Blush Pink Tower XL - Mandevillashop","og_description":"Diese Mandevilla Double Blush Pink Tower XL hat eine gef\u00fcllte Bl\u00fcte mit zartrosa Farbe. Diese Mandevilla ist extra gro\u00df, damit Sie besonders lange Freude an ihr haben. Das Prunkst\u00fcck in Ihrem Garten!","og_url":"https:\/\/mandevillashop.com\/de\/produkt\/double-blush-pink-tower-xl\/","og_site_name":"Mandevillashop","article_modified_time":"2026-03-17T08:28:23+00:00","og_image":[{"width":2000,"height":2000,"url":"https:\/\/mandevillashop.com\/wp-content\/uploads\/2024\/01\/SV-DCP-24.jpg","type":"image\/jpeg"}],"twitter_card":"summary_large_image","twitter_misc":{"Gesch\u00e4tzte Lesezeit":"1\u00a0Minute"},"schema":{"@context":"https:\/\/schema.org","@graph":[{"@type":["WebPage","ItemPage"],"@id":"https:\/\/mandevillashop.com\/de\/produkt\/double-blush-pink-tower-xl\/","url":"https:\/\/mandevillashop.com\/de\/produkt\/double-blush-pink-tower-xl\/","name":"Mandevilla Dipladenia Double Blush Pink Tower XL - Mandevillashop","isPartOf":{"@id":"https:\/\/mandevillashop.com\/de\/#website"},"primaryImageOfPage":{"@id":"https:\/\/mandevillashop.com\/de\/produkt\/double-blush-pink-tower-xl\/#primaryimage"},"image":{"@id":"https:\/\/mandevillashop.com\/de\/produkt\/double-blush-pink-tower-xl\/#primaryimage"},"thumbnailUrl":"https:\/\/mandevillashop.com\/wp-content\/uploads\/2024\/01\/SV-DCP-24.jpg","datePublished":"2022-05-17T16:31:57+00:00","dateModified":"2026-03-17T08:28:23+00:00","description":"Diese Mandevilla Double Blush Pink Tower XL hat eine gef\u00fcllte Bl\u00fcte mit zartrosa Farbe. Diese Mandevilla ist extra gro\u00df, damit Sie besonders lange Freude an ihr haben. Das Prunkst\u00fcck in Ihrem Garten!","breadcrumb":{"@id":"https:\/\/mandevillashop.com\/de\/produkt\/double-blush-pink-tower-xl\/#breadcrumb"},"inLanguage":"de","potentialAction":[{"@type":"ReadAction","target":["https:\/\/mandevillashop.com\/de\/produkt\/double-blush-pink-tower-xl\/"]}]},{"@type":"ImageObject","inLanguage":"de","@id":"https:\/\/mandevillashop.com\/de\/produkt\/double-blush-pink-tower-xl\/#primaryimage","url":"https:\/\/mandevillashop.com\/wp-content\/uploads\/2024\/01\/SV-DCP-24.jpg","contentUrl":"https:\/\/mandevillashop.com\/wp-content\/uploads\/2024\/01\/SV-DCP-24.jpg","width":2000,"height":2000,"caption":"Mandevilla Sundaville Double Cream Pink Tower XL. Hohe Kletterpflanze mit blassrosa Bl\u00fcten."},{"@type":"BreadcrumbList","@id":"https:\/\/mandevillashop.com\/de\/produkt\/double-blush-pink-tower-xl\/#breadcrumb","itemListElement":[{"@type":"ListItem","position":1,"name":"Home","item":"https:\/\/mandevillashop.com\/de\/"},{"@type":"ListItem","position":2,"name":"Shop","item":"https:\/\/mandevillashop.com\/de\/dipladenia-webshop\/"},{"@type":"ListItem","position":3,"name":"Dipladenia Double Blush Pink Tower XL"}]},{"@type":"WebSite","@id":"https:\/\/mandevillashop.com\/de\/#website","url":"https:\/\/mandevillashop.com\/de\/","name":"Mandevillashop","description":"De Mandevilla Specialist","publisher":{"@id":"https:\/\/mandevillashop.com\/de\/#organization"},"potentialAction":[{"@type":"SearchAction","target":{"@type":"EntryPoint","urlTemplate":"https:\/\/mandevillashop.com\/de\/?s={search_term_string}"},"query-input":{"@type":"PropertyValueSpecification","valueRequired":true,"valueName":"search_term_string"}}],"inLanguage":"de"},{"@type":"Organization","@id":"https:\/\/mandevillashop.com\/de\/#organization","name":"Mandevilla Shop","url":"https:\/\/mandevillashop.com\/de\/","logo":{"@type":"ImageObject","inLanguage":"de","@id":"https:\/\/mandevillashop.com\/de\/#\/schema\/logo\/image\/","url":"https:\/\/mandevillashop.com\/wp-content\/uploads\/2023\/07\/mandevilla-shop-zwart.svg","contentUrl":"https:\/\/mandevillashop.com\/wp-content\/uploads\/2023\/07\/mandevilla-shop-zwart.svg","caption":"Mandevilla Shop"},"image":{"@id":"https:\/\/mandevillashop.com\/de\/#\/schema\/logo\/image\/"}}]}},"_links":{"self":[{"href":"https:\/\/mandevillashop.com\/de\/wp-json\/wp\/v2\/product\/8214","targetHints":{"allow":["GET"]}}],"collection":[{"href":"https:\/\/mandevillashop.com\/de\/wp-json\/wp\/v2\/product"}],"about":[{"href":"https:\/\/mandevillashop.com\/de\/wp-json\/wp\/v2\/types\/product"}],"replies":[{"embeddable":true,"href":"https:\/\/mandevillashop.com\/de\/wp-json\/wp\/v2\/comments?post=8214"}],"wp:featuredmedia":[{"embeddable":true,"href":"https:\/\/mandevillashop.com\/de\/wp-json\/wp\/v2\/media\/2761"}],"wp:attachment":[{"href":"https:\/\/mandevillashop.com\/de\/wp-json\/wp\/v2\/media?parent=8214"}],"wp:term":[{"taxonomy":"product_brand","embeddable":true,"href":"https:\/\/mandevillashop.com\/de\/wp-json\/wp\/v2\/product_brand?post=8214"},{"taxonomy":"product_cat","embeddable":true,"href":"https:\/\/mandevillashop.com\/de\/wp-json\/wp\/v2\/product_cat?post=8214"},{"taxonomy":"product_tag","embeddable":true,"href":"https:\/\/mandevillashop.com\/de\/wp-json\/wp\/v2\/product_tag?post=8214"},{"taxonomy":"linked_variations","embeddable":true,"href":"https:\/\/mandevillashop.com\/de\/wp-json\/wp\/v2\/linked_variations?post=8214"}],"curies":[{"name":"wp","href":"https:\/\/api.w.org\/{rel}","templated":true}]}}