{"id":8250,"date":"2023-03-23T11:07:17","date_gmt":"2023-03-23T10:07:17","guid":{"rendered":"https:\/\/mandevillashop.com\/product\/donna\/"},"modified":"2025-03-02T14:09:24","modified_gmt":"2025-03-02T13:09:24","slug":"donna","status":"publish","type":"product","link":"https:\/\/mandevillashop.com\/de\/produkt\/donna\/","title":{"rendered":"Donna"},"content":{"rendered":"<p>Stellen Sie sich Ihren Wunschlook zusammen, indem Sie Ihre Lieblingsfarben von Mandevilla\/Dipladenia w\u00e4hlen. Kombiniert mit diesem italienischen Pflanzgef\u00e4\u00df schaffen Sie ein wundersch\u00f6nes Farbenspiel in Ihrem Garten! Das Pflanzgef\u00e4\u00df besteht aus leichtem Material und ist UV-best\u00e4ndig sowie kratz- und sto\u00dffest. Au\u00dferdem ist der Topf serienm\u00e4\u00dfig mit Bodenl\u00f6chern f\u00fcr eine gute Wasserableitung ausgestattet. Dieses Do-it-yourself-Kit wird mit einem Untersetzer, der richtigen Menge Blumenerde und Hydro-Pellets geliefert.<\/p>\n","protected":false},"excerpt":{"rendered":"<p>Das Shop The Look Paket Donna besteht aus dem Pflanzgef\u00e4\u00df Round XL Taupe, 2x dem Mandevilla Sundaville Cream Pink Mini 4er-Pack und 1x dem Mandevilla Flamingo Tower XL. Verwandeln Sie Ihren Garten in ein wundersch\u00f6nes Urlaubsziel mit diesem farbenfrohen, mediterranen Stimmungsaufheller. M\u00f6chten Sie lieber eine andere Farbe der Sundaville Mandevilla oder eine andere Farbe dieses Pflanzgef\u00e4\u00dfes? Kein Problem, geben Sie einfach unten Ihre W\u00fcnsche an.<\/p>\n","protected":false},"featured_media":4931,"comment_status":"open","ping_status":"closed","template":"","meta":{"_acf_changed":false},"product_brand":[],"product_cat":[261],"product_tag":[332,361,384],"linked_variations":[],"class_list":{"0":"post-8250","1":"product","2":"type-product","3":"status-publish","4":"has-post-thumbnail","6":"product_cat-bundel","7":"product_tag-flamingo-de","8":"product_tag-tower-de","9":"product_tag-tower-xl-de","11":"first","12":"instock","13":"taxable","14":"shipping-taxable","15":"purchasable","16":"product-type-simple"},"acf":[],"yoast_head":"<!-- This site is optimized with the Yoast SEO plugin v27.4 - https:\/\/yoast.com\/product\/yoast-seo-wordpress\/ -->\n<title>Mandevilla Dipladenia Donna - Mandevillashop<\/title>\n<meta name=\"description\" content=\"Mandevilla Dipladenia Donna \u2714 Sch\u00f6ne Outdoor-Pflanze mit Bl\u00fcten \u2714 Direkt vom Z\u00fcchter \u2714 Schnell geliefert durch den Mandevillashop\" \/>\n<meta name=\"robots\" content=\"index, follow, max-snippet:-1, max-image-preview:large, max-video-preview:-1\" \/>\n<link rel=\"canonical\" href=\"https:\/\/mandevillashop.com\/de\/produkt\/donna\/\" \/>\n<meta property=\"og:locale\" content=\"de_DE\" \/>\n<meta property=\"og:type\" content=\"article\" \/>\n<meta property=\"og:title\" content=\"Mandevilla Dipladenia Donna - Mandevillashop\" \/>\n<meta property=\"og:description\" content=\"Mandevilla Dipladenia Donna \u2714 Sch\u00f6ne Outdoor-Pflanze mit Bl\u00fcten \u2714 Direkt vom Z\u00fcchter \u2714 Schnell geliefert durch den Mandevillashop\" \/>\n<meta property=\"og:url\" content=\"https:\/\/mandevillashop.com\/de\/produkt\/donna\/\" \/>\n<meta property=\"og:site_name\" content=\"Mandevillashop\" \/>\n<meta property=\"article:modified_time\" content=\"2025-03-02T13:09:24+00:00\" \/>\n<meta property=\"og:image\" content=\"https:\/\/mandevillashop.com\/wp-content\/uploads\/2024\/01\/20220809-Beautyplants-8391-Web-scaled-20.jpg\" \/>\n\t<meta property=\"og:image:width\" content=\"1708\" \/>\n\t<meta property=\"og:image:height\" content=\"2560\" \/>\n\t<meta property=\"og:image:type\" content=\"image\/jpeg\" \/>\n<meta name=\"twitter:card\" content=\"summary_large_image\" \/>\n<script type=\"application\/ld+json\" class=\"yoast-schema-graph\">{\"@context\":\"https:\\\/\\\/schema.org\",\"@graph\":[{\"@type\":[\"WebPage\",\"ItemPage\"],\"@id\":\"https:\\\/\\\/mandevillashop.com\\\/de\\\/produkt\\\/donna\\\/\",\"url\":\"https:\\\/\\\/mandevillashop.com\\\/de\\\/produkt\\\/donna\\\/\",\"name\":\"Mandevilla Dipladenia Donna - Mandevillashop\",\"isPartOf\":{\"@id\":\"https:\\\/\\\/mandevillashop.com\\\/de\\\/#website\"},\"primaryImageOfPage\":{\"@id\":\"https:\\\/\\\/mandevillashop.com\\\/de\\\/produkt\\\/donna\\\/#primaryimage\"},\"image\":{\"@id\":\"https:\\\/\\\/mandevillashop.com\\\/de\\\/produkt\\\/donna\\\/#primaryimage\"},\"thumbnailUrl\":\"https:\\\/\\\/mandevillashop.com\\\/wp-content\\\/uploads\\\/2024\\\/01\\\/20220809-Beautyplants-8391-Web-scaled-20.jpg\",\"datePublished\":\"2023-03-23T10:07:17+00:00\",\"dateModified\":\"2025-03-02T13:09:24+00:00\",\"description\":\"Mandevilla Dipladenia Donna \u2714 Sch\u00f6ne Outdoor-Pflanze mit Bl\u00fcten \u2714 Direkt vom Z\u00fcchter \u2714 Schnell geliefert durch den Mandevillashop\",\"breadcrumb\":{\"@id\":\"https:\\\/\\\/mandevillashop.com\\\/de\\\/produkt\\\/donna\\\/#breadcrumb\"},\"inLanguage\":\"de\",\"potentialAction\":[{\"@type\":\"ReadAction\",\"target\":[\"https:\\\/\\\/mandevillashop.com\\\/de\\\/produkt\\\/donna\\\/\"]}]},{\"@type\":\"ImageObject\",\"inLanguage\":\"de\",\"@id\":\"https:\\\/\\\/mandevillashop.com\\\/de\\\/produkt\\\/donna\\\/#primaryimage\",\"url\":\"https:\\\/\\\/mandevillashop.com\\\/wp-content\\\/uploads\\\/2024\\\/01\\\/20220809-Beautyplants-8391-Web-scaled-20.jpg\",\"contentUrl\":\"https:\\\/\\\/mandevillashop.com\\\/wp-content\\\/uploads\\\/2024\\\/01\\\/20220809-Beautyplants-8391-Web-scaled-20.jpg\",\"width\":1708,\"height\":2560,\"caption\":\"Runder italienischer Pflanzk\u00fcbel mit Dipladenien\"},{\"@type\":\"BreadcrumbList\",\"@id\":\"https:\\\/\\\/mandevillashop.com\\\/de\\\/produkt\\\/donna\\\/#breadcrumb\",\"itemListElement\":[{\"@type\":\"ListItem\",\"position\":1,\"name\":\"Home\",\"item\":\"https:\\\/\\\/mandevillashop.com\\\/de\\\/\"},{\"@type\":\"ListItem\",\"position\":2,\"name\":\"Shop\",\"item\":\"https:\\\/\\\/mandevillashop.com\\\/de\\\/dipladenia-webshop\\\/\"},{\"@type\":\"ListItem\",\"position\":3,\"name\":\"Donna\"}]},{\"@type\":\"WebSite\",\"@id\":\"https:\\\/\\\/mandevillashop.com\\\/de\\\/#website\",\"url\":\"https:\\\/\\\/mandevillashop.com\\\/de\\\/\",\"name\":\"Mandevillashop\",\"description\":\"De Mandevilla Specialist\",\"publisher\":{\"@id\":\"https:\\\/\\\/mandevillashop.com\\\/de\\\/#organization\"},\"potentialAction\":[{\"@type\":\"SearchAction\",\"target\":{\"@type\":\"EntryPoint\",\"urlTemplate\":\"https:\\\/\\\/mandevillashop.com\\\/de\\\/?s={search_term_string}\"},\"query-input\":{\"@type\":\"PropertyValueSpecification\",\"valueRequired\":true,\"valueName\":\"search_term_string\"}}],\"inLanguage\":\"de\"},{\"@type\":\"Organization\",\"@id\":\"https:\\\/\\\/mandevillashop.com\\\/de\\\/#organization\",\"name\":\"Mandevilla Shop\",\"url\":\"https:\\\/\\\/mandevillashop.com\\\/de\\\/\",\"logo\":{\"@type\":\"ImageObject\",\"inLanguage\":\"de\",\"@id\":\"https:\\\/\\\/mandevillashop.com\\\/de\\\/#\\\/schema\\\/logo\\\/image\\\/\",\"url\":\"https:\\\/\\\/mandevillashop.com\\\/wp-content\\\/uploads\\\/2023\\\/07\\\/mandevilla-shop-zwart.svg\",\"contentUrl\":\"https:\\\/\\\/mandevillashop.com\\\/wp-content\\\/uploads\\\/2023\\\/07\\\/mandevilla-shop-zwart.svg\",\"caption\":\"Mandevilla Shop\"},\"image\":{\"@id\":\"https:\\\/\\\/mandevillashop.com\\\/de\\\/#\\\/schema\\\/logo\\\/image\\\/\"}}]}<\/script>\n<!-- \/ Yoast SEO plugin. -->","yoast_head_json":{"title":"Mandevilla Dipladenia Donna - Mandevillashop","description":"Mandevilla Dipladenia Donna \u2714 Sch\u00f6ne Outdoor-Pflanze mit Bl\u00fcten \u2714 Direkt vom Z\u00fcchter \u2714 Schnell geliefert durch den Mandevillashop","robots":{"index":"index","follow":"follow","max-snippet":"max-snippet:-1","max-image-preview":"max-image-preview:large","max-video-preview":"max-video-preview:-1"},"canonical":"https:\/\/mandevillashop.com\/de\/produkt\/donna\/","og_locale":"de_DE","og_type":"article","og_title":"Mandevilla Dipladenia Donna - Mandevillashop","og_description":"Mandevilla Dipladenia Donna \u2714 Sch\u00f6ne Outdoor-Pflanze mit Bl\u00fcten \u2714 Direkt vom Z\u00fcchter \u2714 Schnell geliefert durch den Mandevillashop","og_url":"https:\/\/mandevillashop.com\/de\/produkt\/donna\/","og_site_name":"Mandevillashop","article_modified_time":"2025-03-02T13:09:24+00:00","og_image":[{"width":1708,"height":2560,"url":"https:\/\/mandevillashop.com\/wp-content\/uploads\/2024\/01\/20220809-Beautyplants-8391-Web-scaled-20.jpg","type":"image\/jpeg"}],"twitter_card":"summary_large_image","schema":{"@context":"https:\/\/schema.org","@graph":[{"@type":["WebPage","ItemPage"],"@id":"https:\/\/mandevillashop.com\/de\/produkt\/donna\/","url":"https:\/\/mandevillashop.com\/de\/produkt\/donna\/","name":"Mandevilla Dipladenia Donna - Mandevillashop","isPartOf":{"@id":"https:\/\/mandevillashop.com\/de\/#website"},"primaryImageOfPage":{"@id":"https:\/\/mandevillashop.com\/de\/produkt\/donna\/#primaryimage"},"image":{"@id":"https:\/\/mandevillashop.com\/de\/produkt\/donna\/#primaryimage"},"thumbnailUrl":"https:\/\/mandevillashop.com\/wp-content\/uploads\/2024\/01\/20220809-Beautyplants-8391-Web-scaled-20.jpg","datePublished":"2023-03-23T10:07:17+00:00","dateModified":"2025-03-02T13:09:24+00:00","description":"Mandevilla Dipladenia Donna \u2714 Sch\u00f6ne Outdoor-Pflanze mit Bl\u00fcten \u2714 Direkt vom Z\u00fcchter \u2714 Schnell geliefert durch den Mandevillashop","breadcrumb":{"@id":"https:\/\/mandevillashop.com\/de\/produkt\/donna\/#breadcrumb"},"inLanguage":"de","potentialAction":[{"@type":"ReadAction","target":["https:\/\/mandevillashop.com\/de\/produkt\/donna\/"]}]},{"@type":"ImageObject","inLanguage":"de","@id":"https:\/\/mandevillashop.com\/de\/produkt\/donna\/#primaryimage","url":"https:\/\/mandevillashop.com\/wp-content\/uploads\/2024\/01\/20220809-Beautyplants-8391-Web-scaled-20.jpg","contentUrl":"https:\/\/mandevillashop.com\/wp-content\/uploads\/2024\/01\/20220809-Beautyplants-8391-Web-scaled-20.jpg","width":1708,"height":2560,"caption":"Runder italienischer Pflanzk\u00fcbel mit Dipladenien"},{"@type":"BreadcrumbList","@id":"https:\/\/mandevillashop.com\/de\/produkt\/donna\/#breadcrumb","itemListElement":[{"@type":"ListItem","position":1,"name":"Home","item":"https:\/\/mandevillashop.com\/de\/"},{"@type":"ListItem","position":2,"name":"Shop","item":"https:\/\/mandevillashop.com\/de\/dipladenia-webshop\/"},{"@type":"ListItem","position":3,"name":"Donna"}]},{"@type":"WebSite","@id":"https:\/\/mandevillashop.com\/de\/#website","url":"https:\/\/mandevillashop.com\/de\/","name":"Mandevillashop","description":"De Mandevilla Specialist","publisher":{"@id":"https:\/\/mandevillashop.com\/de\/#organization"},"potentialAction":[{"@type":"SearchAction","target":{"@type":"EntryPoint","urlTemplate":"https:\/\/mandevillashop.com\/de\/?s={search_term_string}"},"query-input":{"@type":"PropertyValueSpecification","valueRequired":true,"valueName":"search_term_string"}}],"inLanguage":"de"},{"@type":"Organization","@id":"https:\/\/mandevillashop.com\/de\/#organization","name":"Mandevilla Shop","url":"https:\/\/mandevillashop.com\/de\/","logo":{"@type":"ImageObject","inLanguage":"de","@id":"https:\/\/mandevillashop.com\/de\/#\/schema\/logo\/image\/","url":"https:\/\/mandevillashop.com\/wp-content\/uploads\/2023\/07\/mandevilla-shop-zwart.svg","contentUrl":"https:\/\/mandevillashop.com\/wp-content\/uploads\/2023\/07\/mandevilla-shop-zwart.svg","caption":"Mandevilla Shop"},"image":{"@id":"https:\/\/mandevillashop.com\/de\/#\/schema\/logo\/image\/"}}]}},"_links":{"self":[{"href":"https:\/\/mandevillashop.com\/de\/wp-json\/wp\/v2\/product\/8250","targetHints":{"allow":["GET"]}}],"collection":[{"href":"https:\/\/mandevillashop.com\/de\/wp-json\/wp\/v2\/product"}],"about":[{"href":"https:\/\/mandevillashop.com\/de\/wp-json\/wp\/v2\/types\/product"}],"replies":[{"embeddable":true,"href":"https:\/\/mandevillashop.com\/de\/wp-json\/wp\/v2\/comments?post=8250"}],"wp:featuredmedia":[{"embeddable":true,"href":"https:\/\/mandevillashop.com\/de\/wp-json\/wp\/v2\/media\/4931"}],"wp:attachment":[{"href":"https:\/\/mandevillashop.com\/de\/wp-json\/wp\/v2\/media?parent=8250"}],"wp:term":[{"taxonomy":"product_brand","embeddable":true,"href":"https:\/\/mandevillashop.com\/de\/wp-json\/wp\/v2\/product_brand?post=8250"},{"taxonomy":"product_cat","embeddable":true,"href":"https:\/\/mandevillashop.com\/de\/wp-json\/wp\/v2\/product_cat?post=8250"},{"taxonomy":"product_tag","embeddable":true,"href":"https:\/\/mandevillashop.com\/de\/wp-json\/wp\/v2\/product_tag?post=8250"},{"taxonomy":"linked_variations","embeddable":true,"href":"https:\/\/mandevillashop.com\/de\/wp-json\/wp\/v2\/linked_variations?post=8250"}],"curies":[{"name":"wp","href":"https:\/\/api.w.org\/{rel}","templated":true}]}}