{"id":8251,"date":"2023-03-22T13:44:20","date_gmt":"2023-03-22T12:44:20","guid":{"rendered":"https:\/\/mandevillashop.com\/product\/paco\/"},"modified":"2025-03-02T14:11:04","modified_gmt":"2025-03-02T13:11:04","slug":"paco","status":"publish","type":"product","link":"https:\/\/mandevillashop.com\/de\/produkt\/paco\/","title":{"rendered":"Paco"},"content":{"rendered":"<p>Bringen Sie die n\u00f6tige Atmosph\u00e4re in Ihren Garten oder auf Ihren Balkon mit diesem gem\u00fctlichen Set aus Mandevilla-Pflanzen. Stellen Sie sich Ihren gew\u00fcnschten Look zusammen, indem Sie Ihre Lieblingsfarbe der Pflanzen w\u00e4hlen. In Kombination mit diesem Rattankorb kommen die Pflanzen besonders gut zur Geltung! Der Rattankorb wurde in Asien von Einheimischen geflochten. Er ist aus robustem Material gefertigt, hat ein nat\u00fcrliches Aussehen und verf\u00fcgt \u00fcber Bodenl\u00f6cher f\u00fcr einen guten Wasserabfluss. Dieses Do-it-yourself-Kit wird mit einem Untersetzer, der richtigen Menge Blumenerde und Hydro-Pellets geliefert.<\/p>\n","protected":false},"excerpt":{"rendered":"<p>Das Shop The Look Paket Paco besteht aus dem Rattankorb und 2x dem Mandaville Sundaville Red Mini 4er-Pack. Mit diesem Set aus einem nat\u00fcrlichen Korb und den vielen fr\u00f6hlichen Blumen bringen Sie einen mediterranen Touch auf Ihren Balkon oder Ihre Terrasse. Sie bevorzugen eine andere Farbe der Sundaville Mandevilla? Kein Problem, geben Sie unten Ihre bevorzugte Farbe der Mandevilla an.<\/p>\n","protected":false},"featured_media":4435,"comment_status":"open","ping_status":"closed","template":"","meta":{"_acf_changed":false},"product_brand":[],"product_cat":[261],"product_tag":[283,359,301],"linked_variations":[],"class_list":{"0":"post-8251","1":"product","2":"type-product","3":"status-publish","4":"has-post-thumbnail","6":"product_cat-bundel","7":"product_tag-mand-de","8":"product_tag-red-de","9":"product_tag-rotan-mand-de","11":"first","12":"instock","13":"taxable","14":"shipping-taxable","15":"purchasable","16":"product-type-simple"},"acf":[],"yoast_head":"<!-- This site is optimized with the Yoast SEO plugin v26.7 - https:\/\/yoast.com\/wordpress\/plugins\/seo\/ -->\n<title>Mandevilla Dipladenia Paco - Mandevillashop<\/title>\n<meta name=\"description\" content=\"Mandevilla Dipladenia Paco \u2714 Sch\u00f6ne Outdoor-Pflanze mit Bl\u00fcten \u2714 Direkt vom Z\u00fcchter \u2714 Schnell geliefert durch den Mandevillashop\" \/>\n<meta name=\"robots\" content=\"index, follow, max-snippet:-1, max-image-preview:large, max-video-preview:-1\" \/>\n<link rel=\"canonical\" href=\"https:\/\/mandevillashop.com\/de\/produkt\/paco\/\" \/>\n<meta property=\"og:locale\" content=\"de_DE\" \/>\n<meta property=\"og:type\" content=\"article\" \/>\n<meta property=\"og:title\" content=\"Mandevilla Dipladenia Paco - Mandevillashop\" \/>\n<meta property=\"og:description\" content=\"Mandevilla Dipladenia Paco \u2714 Sch\u00f6ne Outdoor-Pflanze mit Bl\u00fcten \u2714 Direkt vom Z\u00fcchter \u2714 Schnell geliefert durch den Mandevillashop\" \/>\n<meta property=\"og:url\" content=\"https:\/\/mandevillashop.com\/de\/produkt\/paco\/\" \/>\n<meta property=\"og:site_name\" content=\"Mandevillashop\" \/>\n<meta property=\"article:modified_time\" content=\"2025-03-02T13:11:04+00:00\" \/>\n<meta property=\"og:image\" content=\"https:\/\/mandevillashop.com\/wp-content\/uploads\/2024\/01\/20220809-Beautyplants-8437-3-Web-scaled-20.jpg\" \/>\n\t<meta property=\"og:image:width\" content=\"1708\" \/>\n\t<meta property=\"og:image:height\" content=\"2560\" \/>\n\t<meta property=\"og:image:type\" content=\"image\/jpeg\" \/>\n<meta name=\"twitter:card\" content=\"summary_large_image\" \/>\n<script type=\"application\/ld+json\" class=\"yoast-schema-graph\">{\"@context\":\"https:\/\/schema.org\",\"@graph\":[{\"@type\":[\"WebPage\",\"ItemPage\"],\"@id\":\"https:\/\/mandevillashop.com\/de\/produkt\/paco\/\",\"url\":\"https:\/\/mandevillashop.com\/de\/produkt\/paco\/\",\"name\":\"Mandevilla Dipladenia Paco - Mandevillashop\",\"isPartOf\":{\"@id\":\"https:\/\/mandevillashop.com\/de\/#website\"},\"primaryImageOfPage\":{\"@id\":\"https:\/\/mandevillashop.com\/de\/produkt\/paco\/#primaryimage\"},\"image\":{\"@id\":\"https:\/\/mandevillashop.com\/de\/produkt\/paco\/#primaryimage\"},\"thumbnailUrl\":\"https:\/\/mandevillashop.com\/wp-content\/uploads\/2024\/01\/20220809-Beautyplants-8437-3-Web-scaled-20.jpg\",\"datePublished\":\"2023-03-22T12:44:20+00:00\",\"dateModified\":\"2025-03-02T13:11:04+00:00\",\"description\":\"Mandevilla Dipladenia Paco \u2714 Sch\u00f6ne Outdoor-Pflanze mit Bl\u00fcten \u2714 Direkt vom Z\u00fcchter \u2714 Schnell geliefert durch den Mandevillashop\",\"breadcrumb\":{\"@id\":\"https:\/\/mandevillashop.com\/de\/produkt\/paco\/#breadcrumb\"},\"inLanguage\":\"de\",\"potentialAction\":[{\"@type\":\"ReadAction\",\"target\":[\"https:\/\/mandevillashop.com\/de\/produkt\/paco\/\"]}]},{\"@type\":\"ImageObject\",\"inLanguage\":\"de\",\"@id\":\"https:\/\/mandevillashop.com\/de\/produkt\/paco\/#primaryimage\",\"url\":\"https:\/\/mandevillashop.com\/wp-content\/uploads\/2024\/01\/20220809-Beautyplants-8437-3-Web-scaled-20.jpg\",\"contentUrl\":\"https:\/\/mandevillashop.com\/wp-content\/uploads\/2024\/01\/20220809-Beautyplants-8437-3-Web-scaled-20.jpg\",\"width\":1708,\"height\":2560,\"caption\":\"Rote Mandevilla in einem Rattankorb\"},{\"@type\":\"BreadcrumbList\",\"@id\":\"https:\/\/mandevillashop.com\/de\/produkt\/paco\/#breadcrumb\",\"itemListElement\":[{\"@type\":\"ListItem\",\"position\":1,\"name\":\"Home\",\"item\":\"https:\/\/mandevillashop.com\/de\/\"},{\"@type\":\"ListItem\",\"position\":2,\"name\":\"Shop\",\"item\":\"https:\/\/mandevillashop.com\/de\/dipladenia-webshop\/\"},{\"@type\":\"ListItem\",\"position\":3,\"name\":\"Paco\"}]},{\"@type\":\"WebSite\",\"@id\":\"https:\/\/mandevillashop.com\/de\/#website\",\"url\":\"https:\/\/mandevillashop.com\/de\/\",\"name\":\"Mandevillashop\",\"description\":\"De Mandevilla Specialist\",\"publisher\":{\"@id\":\"https:\/\/mandevillashop.com\/de\/#organization\"},\"potentialAction\":[{\"@type\":\"SearchAction\",\"target\":{\"@type\":\"EntryPoint\",\"urlTemplate\":\"https:\/\/mandevillashop.com\/de\/?s={search_term_string}\"},\"query-input\":{\"@type\":\"PropertyValueSpecification\",\"valueRequired\":true,\"valueName\":\"search_term_string\"}}],\"inLanguage\":\"de\"},{\"@type\":\"Organization\",\"@id\":\"https:\/\/mandevillashop.com\/de\/#organization\",\"name\":\"Mandevilla Shop\",\"url\":\"https:\/\/mandevillashop.com\/de\/\",\"logo\":{\"@type\":\"ImageObject\",\"inLanguage\":\"de\",\"@id\":\"https:\/\/mandevillashop.com\/de\/#\/schema\/logo\/image\/\",\"url\":\"https:\/\/mandevillashop.com\/wp-content\/uploads\/2023\/07\/mandevilla-shop-zwart.svg\",\"contentUrl\":\"https:\/\/mandevillashop.com\/wp-content\/uploads\/2023\/07\/mandevilla-shop-zwart.svg\",\"caption\":\"Mandevilla Shop\"},\"image\":{\"@id\":\"https:\/\/mandevillashop.com\/de\/#\/schema\/logo\/image\/\"}}]}<\/script>\n<!-- \/ Yoast SEO plugin. -->","yoast_head_json":{"title":"Mandevilla Dipladenia Paco - Mandevillashop","description":"Mandevilla Dipladenia Paco \u2714 Sch\u00f6ne Outdoor-Pflanze mit Bl\u00fcten \u2714 Direkt vom Z\u00fcchter \u2714 Schnell geliefert durch den Mandevillashop","robots":{"index":"index","follow":"follow","max-snippet":"max-snippet:-1","max-image-preview":"max-image-preview:large","max-video-preview":"max-video-preview:-1"},"canonical":"https:\/\/mandevillashop.com\/de\/produkt\/paco\/","og_locale":"de_DE","og_type":"article","og_title":"Mandevilla Dipladenia Paco - Mandevillashop","og_description":"Mandevilla Dipladenia Paco \u2714 Sch\u00f6ne Outdoor-Pflanze mit Bl\u00fcten \u2714 Direkt vom Z\u00fcchter \u2714 Schnell geliefert durch den Mandevillashop","og_url":"https:\/\/mandevillashop.com\/de\/produkt\/paco\/","og_site_name":"Mandevillashop","article_modified_time":"2025-03-02T13:11:04+00:00","og_image":[{"width":1708,"height":2560,"url":"https:\/\/mandevillashop.com\/wp-content\/uploads\/2024\/01\/20220809-Beautyplants-8437-3-Web-scaled-20.jpg","type":"image\/jpeg"}],"twitter_card":"summary_large_image","schema":{"@context":"https:\/\/schema.org","@graph":[{"@type":["WebPage","ItemPage"],"@id":"https:\/\/mandevillashop.com\/de\/produkt\/paco\/","url":"https:\/\/mandevillashop.com\/de\/produkt\/paco\/","name":"Mandevilla Dipladenia Paco - Mandevillashop","isPartOf":{"@id":"https:\/\/mandevillashop.com\/de\/#website"},"primaryImageOfPage":{"@id":"https:\/\/mandevillashop.com\/de\/produkt\/paco\/#primaryimage"},"image":{"@id":"https:\/\/mandevillashop.com\/de\/produkt\/paco\/#primaryimage"},"thumbnailUrl":"https:\/\/mandevillashop.com\/wp-content\/uploads\/2024\/01\/20220809-Beautyplants-8437-3-Web-scaled-20.jpg","datePublished":"2023-03-22T12:44:20+00:00","dateModified":"2025-03-02T13:11:04+00:00","description":"Mandevilla Dipladenia Paco \u2714 Sch\u00f6ne Outdoor-Pflanze mit Bl\u00fcten \u2714 Direkt vom Z\u00fcchter \u2714 Schnell geliefert durch den Mandevillashop","breadcrumb":{"@id":"https:\/\/mandevillashop.com\/de\/produkt\/paco\/#breadcrumb"},"inLanguage":"de","potentialAction":[{"@type":"ReadAction","target":["https:\/\/mandevillashop.com\/de\/produkt\/paco\/"]}]},{"@type":"ImageObject","inLanguage":"de","@id":"https:\/\/mandevillashop.com\/de\/produkt\/paco\/#primaryimage","url":"https:\/\/mandevillashop.com\/wp-content\/uploads\/2024\/01\/20220809-Beautyplants-8437-3-Web-scaled-20.jpg","contentUrl":"https:\/\/mandevillashop.com\/wp-content\/uploads\/2024\/01\/20220809-Beautyplants-8437-3-Web-scaled-20.jpg","width":1708,"height":2560,"caption":"Rote Mandevilla in einem Rattankorb"},{"@type":"BreadcrumbList","@id":"https:\/\/mandevillashop.com\/de\/produkt\/paco\/#breadcrumb","itemListElement":[{"@type":"ListItem","position":1,"name":"Home","item":"https:\/\/mandevillashop.com\/de\/"},{"@type":"ListItem","position":2,"name":"Shop","item":"https:\/\/mandevillashop.com\/de\/dipladenia-webshop\/"},{"@type":"ListItem","position":3,"name":"Paco"}]},{"@type":"WebSite","@id":"https:\/\/mandevillashop.com\/de\/#website","url":"https:\/\/mandevillashop.com\/de\/","name":"Mandevillashop","description":"De Mandevilla Specialist","publisher":{"@id":"https:\/\/mandevillashop.com\/de\/#organization"},"potentialAction":[{"@type":"SearchAction","target":{"@type":"EntryPoint","urlTemplate":"https:\/\/mandevillashop.com\/de\/?s={search_term_string}"},"query-input":{"@type":"PropertyValueSpecification","valueRequired":true,"valueName":"search_term_string"}}],"inLanguage":"de"},{"@type":"Organization","@id":"https:\/\/mandevillashop.com\/de\/#organization","name":"Mandevilla Shop","url":"https:\/\/mandevillashop.com\/de\/","logo":{"@type":"ImageObject","inLanguage":"de","@id":"https:\/\/mandevillashop.com\/de\/#\/schema\/logo\/image\/","url":"https:\/\/mandevillashop.com\/wp-content\/uploads\/2023\/07\/mandevilla-shop-zwart.svg","contentUrl":"https:\/\/mandevillashop.com\/wp-content\/uploads\/2023\/07\/mandevilla-shop-zwart.svg","caption":"Mandevilla Shop"},"image":{"@id":"https:\/\/mandevillashop.com\/de\/#\/schema\/logo\/image\/"}}]}},"_links":{"self":[{"href":"https:\/\/mandevillashop.com\/de\/wp-json\/wp\/v2\/product\/8251","targetHints":{"allow":["GET"]}}],"collection":[{"href":"https:\/\/mandevillashop.com\/de\/wp-json\/wp\/v2\/product"}],"about":[{"href":"https:\/\/mandevillashop.com\/de\/wp-json\/wp\/v2\/types\/product"}],"replies":[{"embeddable":true,"href":"https:\/\/mandevillashop.com\/de\/wp-json\/wp\/v2\/comments?post=8251"}],"wp:featuredmedia":[{"embeddable":true,"href":"https:\/\/mandevillashop.com\/de\/wp-json\/wp\/v2\/media\/4435"}],"wp:attachment":[{"href":"https:\/\/mandevillashop.com\/de\/wp-json\/wp\/v2\/media?parent=8251"}],"wp:term":[{"taxonomy":"product_brand","embeddable":true,"href":"https:\/\/mandevillashop.com\/de\/wp-json\/wp\/v2\/product_brand?post=8251"},{"taxonomy":"product_cat","embeddable":true,"href":"https:\/\/mandevillashop.com\/de\/wp-json\/wp\/v2\/product_cat?post=8251"},{"taxonomy":"product_tag","embeddable":true,"href":"https:\/\/mandevillashop.com\/de\/wp-json\/wp\/v2\/product_tag?post=8251"},{"taxonomy":"linked_variations","embeddable":true,"href":"https:\/\/mandevillashop.com\/de\/wp-json\/wp\/v2\/linked_variations?post=8251"}],"curies":[{"name":"wp","href":"https:\/\/api.w.org\/{rel}","templated":true}]}}