{"id":8259,"date":"2023-03-14T14:44:01","date_gmt":"2023-03-14T13:44:01","guid":{"rendered":"https:\/\/mandevillashop.com\/product\/guido\/"},"modified":"2025-02-24T00:46:07","modified_gmt":"2025-02-23T23:46:07","slug":"guido","status":"publish","type":"product","link":"https:\/\/mandevillashop.com\/de\/produkt\/guido\/","title":{"rendered":"Guido"},"content":{"rendered":"<p>Kombinieren Sie mit Mandevilla\/Dipladenia in Ihrer Lieblingsfarbe. In Kombination mit diesem Pflanzgef\u00e4\u00df bringen die Mandevillas Farbe in Ihren Garten oder auf Ihren Balkon! Das Pflanzgef\u00e4\u00df ist aus leichtem, UV-best\u00e4ndigem, kratz- und sto\u00dffestem Material gefertigt. Au\u00dferdem ist der Topf serienm\u00e4\u00dfig mit Bodenl\u00f6chern f\u00fcr eine gute Wasserableitung ausgestattet. Dieses Do-it-yourself-Kit wird mit einem Untersetzer, der richtigen Menge Blumenerde und Hydro-Pellets geliefert.<\/p>\n","protected":false},"excerpt":{"rendered":"<p>Das Shop The Look Paket Guido besteht aus dem Pflanzgef\u00e4\u00df Round XL Anthracite und 4x dem Mandevilla Sundaville White Tower. Mit dem Look voller sch\u00f6ner Blumen verwandeln Sie Ihren Garten oder Ihre Terrasse in eine bl\u00fchende Oase. Bevorzugen Sie eine andere Farbe der Sundaville Mandevilla, oder eine andere Farbe dieses Pflanzgef\u00e4\u00dfes? Kein Problem, geben Sie einfach unten Ihre W\u00fcnsche an.<\/p>\n","protected":false},"featured_media":4861,"comment_status":"open","ping_status":"closed","template":"","meta":{"_acf_changed":false},"product_brand":[],"product_cat":[261],"product_tag":[361,384],"linked_variations":[],"class_list":{"0":"post-8259","1":"product","2":"type-product","3":"status-publish","4":"has-post-thumbnail","6":"product_cat-bundel","7":"product_tag-tower-de","8":"product_tag-tower-xl-de","10":"first","11":"instock","12":"taxable","13":"shipping-taxable","14":"purchasable","15":"product-type-simple"},"acf":[],"yoast_head":"<!-- This site is optimized with the Yoast SEO plugin v26.7 - https:\/\/yoast.com\/wordpress\/plugins\/seo\/ -->\n<title>Mandevilla Dipladenia Guido - Mandevillashop<\/title>\n<meta name=\"description\" content=\"Mandevilla Dipladenia Guido \u2714 Sch\u00f6ne Outdoor-Pflanze mit Bl\u00fcten \u2714 Direkt vom Z\u00fcchter \u2714 Schnell geliefert durch den Mandevillashop\" \/>\n<meta name=\"robots\" content=\"index, follow, max-snippet:-1, max-image-preview:large, max-video-preview:-1\" \/>\n<link rel=\"canonical\" href=\"https:\/\/mandevillashop.com\/de\/produkt\/guido\/\" \/>\n<meta property=\"og:locale\" content=\"de_DE\" \/>\n<meta property=\"og:type\" content=\"article\" \/>\n<meta property=\"og:title\" content=\"Mandevilla Dipladenia Guido - Mandevillashop\" \/>\n<meta property=\"og:description\" content=\"Mandevilla Dipladenia Guido \u2714 Sch\u00f6ne Outdoor-Pflanze mit Bl\u00fcten \u2714 Direkt vom Z\u00fcchter \u2714 Schnell geliefert durch den Mandevillashop\" \/>\n<meta property=\"og:url\" content=\"https:\/\/mandevillashop.com\/de\/produkt\/guido\/\" \/>\n<meta property=\"og:site_name\" content=\"Mandevillashop\" \/>\n<meta property=\"article:modified_time\" content=\"2025-02-23T23:46:07+00:00\" \/>\n<meta property=\"og:image\" content=\"https:\/\/mandevillashop.com\/wp-content\/uploads\/2024\/01\/20220809-Beautyplants-8502-Web-2-scaled-14.jpg\" \/>\n\t<meta property=\"og:image:width\" content=\"1708\" \/>\n\t<meta property=\"og:image:height\" content=\"2560\" \/>\n\t<meta property=\"og:image:type\" content=\"image\/jpeg\" \/>\n<meta name=\"twitter:card\" content=\"summary_large_image\" \/>\n<script type=\"application\/ld+json\" class=\"yoast-schema-graph\">{\"@context\":\"https:\/\/schema.org\",\"@graph\":[{\"@type\":[\"WebPage\",\"ItemPage\"],\"@id\":\"https:\/\/mandevillashop.com\/de\/produkt\/guido\/\",\"url\":\"https:\/\/mandevillashop.com\/de\/produkt\/guido\/\",\"name\":\"Mandevilla Dipladenia Guido - Mandevillashop\",\"isPartOf\":{\"@id\":\"https:\/\/mandevillashop.com\/de\/#website\"},\"primaryImageOfPage\":{\"@id\":\"https:\/\/mandevillashop.com\/de\/produkt\/guido\/#primaryimage\"},\"image\":{\"@id\":\"https:\/\/mandevillashop.com\/de\/produkt\/guido\/#primaryimage\"},\"thumbnailUrl\":\"https:\/\/mandevillashop.com\/wp-content\/uploads\/2024\/01\/20220809-Beautyplants-8502-Web-2-scaled-14.jpg\",\"datePublished\":\"2023-03-14T13:44:01+00:00\",\"dateModified\":\"2025-02-23T23:46:07+00:00\",\"description\":\"Mandevilla Dipladenia Guido \u2714 Sch\u00f6ne Outdoor-Pflanze mit Bl\u00fcten \u2714 Direkt vom Z\u00fcchter \u2714 Schnell geliefert durch den Mandevillashop\",\"breadcrumb\":{\"@id\":\"https:\/\/mandevillashop.com\/de\/produkt\/guido\/#breadcrumb\"},\"inLanguage\":\"de\",\"potentialAction\":[{\"@type\":\"ReadAction\",\"target\":[\"https:\/\/mandevillashop.com\/de\/produkt\/guido\/\"]}]},{\"@type\":\"ImageObject\",\"inLanguage\":\"de\",\"@id\":\"https:\/\/mandevillashop.com\/de\/produkt\/guido\/#primaryimage\",\"url\":\"https:\/\/mandevillashop.com\/wp-content\/uploads\/2024\/01\/20220809-Beautyplants-8502-Web-2-scaled-14.jpg\",\"contentUrl\":\"https:\/\/mandevillashop.com\/wp-content\/uploads\/2024\/01\/20220809-Beautyplants-8502-Web-2-scaled-14.jpg\",\"width\":1708,\"height\":2560,\"caption\":\"Sch\u00f6ner runder anthrazitfarbener Pflanzk\u00fcbel mit wei\u00dfen Dipladenien\"},{\"@type\":\"BreadcrumbList\",\"@id\":\"https:\/\/mandevillashop.com\/de\/produkt\/guido\/#breadcrumb\",\"itemListElement\":[{\"@type\":\"ListItem\",\"position\":1,\"name\":\"Home\",\"item\":\"https:\/\/mandevillashop.com\/de\/\"},{\"@type\":\"ListItem\",\"position\":2,\"name\":\"Shop\",\"item\":\"https:\/\/mandevillashop.com\/de\/dipladenia-webshop\/\"},{\"@type\":\"ListItem\",\"position\":3,\"name\":\"Guido\"}]},{\"@type\":\"WebSite\",\"@id\":\"https:\/\/mandevillashop.com\/de\/#website\",\"url\":\"https:\/\/mandevillashop.com\/de\/\",\"name\":\"Mandevillashop\",\"description\":\"De Mandevilla Specialist\",\"publisher\":{\"@id\":\"https:\/\/mandevillashop.com\/de\/#organization\"},\"potentialAction\":[{\"@type\":\"SearchAction\",\"target\":{\"@type\":\"EntryPoint\",\"urlTemplate\":\"https:\/\/mandevillashop.com\/de\/?s={search_term_string}\"},\"query-input\":{\"@type\":\"PropertyValueSpecification\",\"valueRequired\":true,\"valueName\":\"search_term_string\"}}],\"inLanguage\":\"de\"},{\"@type\":\"Organization\",\"@id\":\"https:\/\/mandevillashop.com\/de\/#organization\",\"name\":\"Mandevilla Shop\",\"url\":\"https:\/\/mandevillashop.com\/de\/\",\"logo\":{\"@type\":\"ImageObject\",\"inLanguage\":\"de\",\"@id\":\"https:\/\/mandevillashop.com\/de\/#\/schema\/logo\/image\/\",\"url\":\"https:\/\/mandevillashop.com\/wp-content\/uploads\/2023\/07\/mandevilla-shop-zwart.svg\",\"contentUrl\":\"https:\/\/mandevillashop.com\/wp-content\/uploads\/2023\/07\/mandevilla-shop-zwart.svg\",\"caption\":\"Mandevilla Shop\"},\"image\":{\"@id\":\"https:\/\/mandevillashop.com\/de\/#\/schema\/logo\/image\/\"}}]}<\/script>\n<!-- \/ Yoast SEO plugin. -->","yoast_head_json":{"title":"Mandevilla Dipladenia Guido - Mandevillashop","description":"Mandevilla Dipladenia Guido \u2714 Sch\u00f6ne Outdoor-Pflanze mit Bl\u00fcten \u2714 Direkt vom Z\u00fcchter \u2714 Schnell geliefert durch den Mandevillashop","robots":{"index":"index","follow":"follow","max-snippet":"max-snippet:-1","max-image-preview":"max-image-preview:large","max-video-preview":"max-video-preview:-1"},"canonical":"https:\/\/mandevillashop.com\/de\/produkt\/guido\/","og_locale":"de_DE","og_type":"article","og_title":"Mandevilla Dipladenia Guido - Mandevillashop","og_description":"Mandevilla Dipladenia Guido \u2714 Sch\u00f6ne Outdoor-Pflanze mit Bl\u00fcten \u2714 Direkt vom Z\u00fcchter \u2714 Schnell geliefert durch den Mandevillashop","og_url":"https:\/\/mandevillashop.com\/de\/produkt\/guido\/","og_site_name":"Mandevillashop","article_modified_time":"2025-02-23T23:46:07+00:00","og_image":[{"width":1708,"height":2560,"url":"https:\/\/mandevillashop.com\/wp-content\/uploads\/2024\/01\/20220809-Beautyplants-8502-Web-2-scaled-14.jpg","type":"image\/jpeg"}],"twitter_card":"summary_large_image","schema":{"@context":"https:\/\/schema.org","@graph":[{"@type":["WebPage","ItemPage"],"@id":"https:\/\/mandevillashop.com\/de\/produkt\/guido\/","url":"https:\/\/mandevillashop.com\/de\/produkt\/guido\/","name":"Mandevilla Dipladenia Guido - Mandevillashop","isPartOf":{"@id":"https:\/\/mandevillashop.com\/de\/#website"},"primaryImageOfPage":{"@id":"https:\/\/mandevillashop.com\/de\/produkt\/guido\/#primaryimage"},"image":{"@id":"https:\/\/mandevillashop.com\/de\/produkt\/guido\/#primaryimage"},"thumbnailUrl":"https:\/\/mandevillashop.com\/wp-content\/uploads\/2024\/01\/20220809-Beautyplants-8502-Web-2-scaled-14.jpg","datePublished":"2023-03-14T13:44:01+00:00","dateModified":"2025-02-23T23:46:07+00:00","description":"Mandevilla Dipladenia Guido \u2714 Sch\u00f6ne Outdoor-Pflanze mit Bl\u00fcten \u2714 Direkt vom Z\u00fcchter \u2714 Schnell geliefert durch den Mandevillashop","breadcrumb":{"@id":"https:\/\/mandevillashop.com\/de\/produkt\/guido\/#breadcrumb"},"inLanguage":"de","potentialAction":[{"@type":"ReadAction","target":["https:\/\/mandevillashop.com\/de\/produkt\/guido\/"]}]},{"@type":"ImageObject","inLanguage":"de","@id":"https:\/\/mandevillashop.com\/de\/produkt\/guido\/#primaryimage","url":"https:\/\/mandevillashop.com\/wp-content\/uploads\/2024\/01\/20220809-Beautyplants-8502-Web-2-scaled-14.jpg","contentUrl":"https:\/\/mandevillashop.com\/wp-content\/uploads\/2024\/01\/20220809-Beautyplants-8502-Web-2-scaled-14.jpg","width":1708,"height":2560,"caption":"Sch\u00f6ner runder anthrazitfarbener Pflanzk\u00fcbel mit wei\u00dfen Dipladenien"},{"@type":"BreadcrumbList","@id":"https:\/\/mandevillashop.com\/de\/produkt\/guido\/#breadcrumb","itemListElement":[{"@type":"ListItem","position":1,"name":"Home","item":"https:\/\/mandevillashop.com\/de\/"},{"@type":"ListItem","position":2,"name":"Shop","item":"https:\/\/mandevillashop.com\/de\/dipladenia-webshop\/"},{"@type":"ListItem","position":3,"name":"Guido"}]},{"@type":"WebSite","@id":"https:\/\/mandevillashop.com\/de\/#website","url":"https:\/\/mandevillashop.com\/de\/","name":"Mandevillashop","description":"De Mandevilla Specialist","publisher":{"@id":"https:\/\/mandevillashop.com\/de\/#organization"},"potentialAction":[{"@type":"SearchAction","target":{"@type":"EntryPoint","urlTemplate":"https:\/\/mandevillashop.com\/de\/?s={search_term_string}"},"query-input":{"@type":"PropertyValueSpecification","valueRequired":true,"valueName":"search_term_string"}}],"inLanguage":"de"},{"@type":"Organization","@id":"https:\/\/mandevillashop.com\/de\/#organization","name":"Mandevilla Shop","url":"https:\/\/mandevillashop.com\/de\/","logo":{"@type":"ImageObject","inLanguage":"de","@id":"https:\/\/mandevillashop.com\/de\/#\/schema\/logo\/image\/","url":"https:\/\/mandevillashop.com\/wp-content\/uploads\/2023\/07\/mandevilla-shop-zwart.svg","contentUrl":"https:\/\/mandevillashop.com\/wp-content\/uploads\/2023\/07\/mandevilla-shop-zwart.svg","caption":"Mandevilla Shop"},"image":{"@id":"https:\/\/mandevillashop.com\/de\/#\/schema\/logo\/image\/"}}]}},"_links":{"self":[{"href":"https:\/\/mandevillashop.com\/de\/wp-json\/wp\/v2\/product\/8259","targetHints":{"allow":["GET"]}}],"collection":[{"href":"https:\/\/mandevillashop.com\/de\/wp-json\/wp\/v2\/product"}],"about":[{"href":"https:\/\/mandevillashop.com\/de\/wp-json\/wp\/v2\/types\/product"}],"replies":[{"embeddable":true,"href":"https:\/\/mandevillashop.com\/de\/wp-json\/wp\/v2\/comments?post=8259"}],"wp:featuredmedia":[{"embeddable":true,"href":"https:\/\/mandevillashop.com\/de\/wp-json\/wp\/v2\/media\/4861"}],"wp:attachment":[{"href":"https:\/\/mandevillashop.com\/de\/wp-json\/wp\/v2\/media?parent=8259"}],"wp:term":[{"taxonomy":"product_brand","embeddable":true,"href":"https:\/\/mandevillashop.com\/de\/wp-json\/wp\/v2\/product_brand?post=8259"},{"taxonomy":"product_cat","embeddable":true,"href":"https:\/\/mandevillashop.com\/de\/wp-json\/wp\/v2\/product_cat?post=8259"},{"taxonomy":"product_tag","embeddable":true,"href":"https:\/\/mandevillashop.com\/de\/wp-json\/wp\/v2\/product_tag?post=8259"},{"taxonomy":"linked_variations","embeddable":true,"href":"https:\/\/mandevillashop.com\/de\/wp-json\/wp\/v2\/linked_variations?post=8259"}],"curies":[{"name":"wp","href":"https:\/\/api.w.org\/{rel}","templated":true}]}}