{"id":8275,"date":"2023-02-10T13:57:16","date_gmt":"2023-02-10T12:57:16","guid":{"rendered":"https:\/\/mandevillashop.com\/product\/pflanzgefaess-rund-xl-anthrazit\/"},"modified":"2023-02-10T12:57:16","modified_gmt":"2023-02-10T11:57:16","slug":"pflanzgefaess-rund-xl-anthrazit","status":"publish","type":"product","link":"https:\/\/mandevillashop.com\/de\/produkt\/pflanzgefaess-rund-xl-anthrazit\/","title":{"rendered":"Pflanzgef\u00e4\u00df Rund XL Anthrazit"},"content":{"rendered":"<p>Kombinieren Sie dieses italienische Pflanzgef\u00e4\u00df mit Ihren Lieblingsmandevilla\/Dipladenien f\u00fcr ein bl\u00fchendes Fest vom fr\u00fchen Fr\u00fchling bis zum ersten Frost! M\u00f6chten Sie wissen, wie dieses Pflanzgef\u00e4\u00df mit Mandevilla\/Dipladenia im Inneren aussehen k\u00f6nnte? Dann schauen Sie sich unsere Shop The Look Seite an!<\/p>\n","protected":false},"excerpt":{"rendered":"<p>Das Pflanzgef\u00e4\u00df Round XL Anthrazit ist ein rundes Pflanzgef\u00e4\u00df mit den Ma\u00dfen \u00d850&#215;48,5. Dieses in Italien hergestellte Qualit\u00e4tsprodukt ist UV-best\u00e4ndig sowie kratz- und sto\u00dffest. Die kr\u00e4ftige Gr\u00f6\u00dfe, die schwarze Farbe und die matte Oberfl\u00e4che verleihen dem Topf ein robustes Aussehen. Das Pflanzgef\u00e4\u00df ist mit Bodenl\u00f6chern f\u00fcr einen guten Wasserabfluss ausgestattet. Das leichte Material sorgt daf\u00fcr, dass das Pflanzgef\u00e4\u00df trotz seiner Gr\u00f6\u00dfe leicht zu transportieren ist. Dieser Topf ist auch in der Farbe Taupe erh\u00e4ltlich.<\/p>\n","protected":false},"featured_media":3079,"comment_status":"open","ping_status":"closed","template":"","meta":{"_acf_changed":false},"product_brand":[],"product_cat":[233],"product_tag":[],"linked_variations":[],"class_list":{"0":"post-8275","1":"product","2":"type-product","3":"status-publish","4":"has-post-thumbnail","6":"product_cat-potten-de","8":"first","9":"instock","10":"taxable","11":"shipping-taxable","12":"purchasable","13":"product-type-simple"},"acf":[],"yoast_head":"<!-- This site is optimized with the Yoast SEO plugin v26.7 - https:\/\/yoast.com\/wordpress\/plugins\/seo\/ -->\n<title>Mandevilla Dipladenia Pflanzgef\u00e4\u00df Rund XL Anthrazit - Mandevillashop<\/title>\n<meta name=\"description\" content=\"Mandevilla Dipladenia Pflanzgef\u00e4\u00df Rund XL Anthrazit \u2714 Sch\u00f6ne Outdoor-Pflanze mit Bl\u00fcten \u2714 Direkt vom Z\u00fcchter \u2714 Schnell geliefert durch den Mandevillashop\" \/>\n<meta name=\"robots\" content=\"index, follow, max-snippet:-1, max-image-preview:large, max-video-preview:-1\" \/>\n<link rel=\"canonical\" href=\"https:\/\/mandevillashop.com\/de\/produkt\/pflanzgefaess-rund-xl-anthrazit\/\" \/>\n<meta property=\"og:locale\" content=\"de_DE\" \/>\n<meta property=\"og:type\" content=\"article\" \/>\n<meta property=\"og:title\" content=\"Mandevilla Dipladenia Pflanzgef\u00e4\u00df Rund XL Anthrazit - Mandevillashop\" \/>\n<meta property=\"og:description\" content=\"Mandevilla Dipladenia Pflanzgef\u00e4\u00df Rund XL Anthrazit \u2714 Sch\u00f6ne Outdoor-Pflanze mit Bl\u00fcten \u2714 Direkt vom Z\u00fcchter \u2714 Schnell geliefert durch den Mandevillashop\" \/>\n<meta property=\"og:url\" content=\"https:\/\/mandevillashop.com\/de\/produkt\/pflanzgefaess-rund-xl-anthrazit\/\" \/>\n<meta property=\"og:site_name\" content=\"Mandevillashop\" \/>\n<meta property=\"og:image\" content=\"https:\/\/mandevillashop.com\/wp-content\/uploads\/2024\/01\/Plantenbak-Rond-XL-Antraciet.jpg\" \/>\n\t<meta property=\"og:image:width\" content=\"2000\" \/>\n\t<meta property=\"og:image:height\" content=\"2000\" \/>\n\t<meta property=\"og:image:type\" content=\"image\/jpeg\" \/>\n<meta name=\"twitter:card\" content=\"summary_large_image\" \/>\n<script type=\"application\/ld+json\" class=\"yoast-schema-graph\">{\"@context\":\"https:\/\/schema.org\",\"@graph\":[{\"@type\":[\"WebPage\",\"ItemPage\"],\"@id\":\"https:\/\/mandevillashop.com\/de\/produkt\/pflanzgefaess-rund-xl-anthrazit\/\",\"url\":\"https:\/\/mandevillashop.com\/de\/produkt\/pflanzgefaess-rund-xl-anthrazit\/\",\"name\":\"Mandevilla Dipladenia Pflanzgef\u00e4\u00df Rund XL Anthrazit - Mandevillashop\",\"isPartOf\":{\"@id\":\"https:\/\/mandevillashop.com\/de\/#website\"},\"primaryImageOfPage\":{\"@id\":\"https:\/\/mandevillashop.com\/de\/produkt\/pflanzgefaess-rund-xl-anthrazit\/#primaryimage\"},\"image\":{\"@id\":\"https:\/\/mandevillashop.com\/de\/produkt\/pflanzgefaess-rund-xl-anthrazit\/#primaryimage\"},\"thumbnailUrl\":\"https:\/\/mandevillashop.com\/wp-content\/uploads\/2024\/01\/Plantenbak-Rond-XL-Antraciet.jpg\",\"datePublished\":\"2023-02-10T12:57:16+00:00\",\"description\":\"Mandevilla Dipladenia Pflanzgef\u00e4\u00df Rund XL Anthrazit \u2714 Sch\u00f6ne Outdoor-Pflanze mit Bl\u00fcten \u2714 Direkt vom Z\u00fcchter \u2714 Schnell geliefert durch den Mandevillashop\",\"breadcrumb\":{\"@id\":\"https:\/\/mandevillashop.com\/de\/produkt\/pflanzgefaess-rund-xl-anthrazit\/#breadcrumb\"},\"inLanguage\":\"de\",\"potentialAction\":[{\"@type\":\"ReadAction\",\"target\":[\"https:\/\/mandevillashop.com\/de\/produkt\/pflanzgefaess-rund-xl-anthrazit\/\"]}]},{\"@type\":\"ImageObject\",\"inLanguage\":\"de\",\"@id\":\"https:\/\/mandevillashop.com\/de\/produkt\/pflanzgefaess-rund-xl-anthrazit\/#primaryimage\",\"url\":\"https:\/\/mandevillashop.com\/wp-content\/uploads\/2024\/01\/Plantenbak-Rond-XL-Antraciet.jpg\",\"contentUrl\":\"https:\/\/mandevillashop.com\/wp-content\/uploads\/2024\/01\/Plantenbak-Rond-XL-Antraciet.jpg\",\"width\":2000,\"height\":2000},{\"@type\":\"BreadcrumbList\",\"@id\":\"https:\/\/mandevillashop.com\/de\/produkt\/pflanzgefaess-rund-xl-anthrazit\/#breadcrumb\",\"itemListElement\":[{\"@type\":\"ListItem\",\"position\":1,\"name\":\"Home\",\"item\":\"https:\/\/mandevillashop.com\/de\/\"},{\"@type\":\"ListItem\",\"position\":2,\"name\":\"Shop\",\"item\":\"https:\/\/mandevillashop.com\/de\/dipladenia-webshop\/\"},{\"@type\":\"ListItem\",\"position\":3,\"name\":\"Pflanzgef\u00e4\u00df Rund XL Anthrazit\"}]},{\"@type\":\"WebSite\",\"@id\":\"https:\/\/mandevillashop.com\/de\/#website\",\"url\":\"https:\/\/mandevillashop.com\/de\/\",\"name\":\"Mandevillashop\",\"description\":\"De Mandevilla Specialist\",\"publisher\":{\"@id\":\"https:\/\/mandevillashop.com\/de\/#organization\"},\"potentialAction\":[{\"@type\":\"SearchAction\",\"target\":{\"@type\":\"EntryPoint\",\"urlTemplate\":\"https:\/\/mandevillashop.com\/de\/?s={search_term_string}\"},\"query-input\":{\"@type\":\"PropertyValueSpecification\",\"valueRequired\":true,\"valueName\":\"search_term_string\"}}],\"inLanguage\":\"de\"},{\"@type\":\"Organization\",\"@id\":\"https:\/\/mandevillashop.com\/de\/#organization\",\"name\":\"Mandevilla Shop\",\"url\":\"https:\/\/mandevillashop.com\/de\/\",\"logo\":{\"@type\":\"ImageObject\",\"inLanguage\":\"de\",\"@id\":\"https:\/\/mandevillashop.com\/de\/#\/schema\/logo\/image\/\",\"url\":\"https:\/\/mandevillashop.com\/wp-content\/uploads\/2023\/07\/mandevilla-shop-zwart.svg\",\"contentUrl\":\"https:\/\/mandevillashop.com\/wp-content\/uploads\/2023\/07\/mandevilla-shop-zwart.svg\",\"caption\":\"Mandevilla Shop\"},\"image\":{\"@id\":\"https:\/\/mandevillashop.com\/de\/#\/schema\/logo\/image\/\"}}]}<\/script>\n<!-- \/ Yoast SEO plugin. -->","yoast_head_json":{"title":"Mandevilla Dipladenia Pflanzgef\u00e4\u00df Rund XL Anthrazit - Mandevillashop","description":"Mandevilla Dipladenia Pflanzgef\u00e4\u00df Rund XL Anthrazit \u2714 Sch\u00f6ne Outdoor-Pflanze mit Bl\u00fcten \u2714 Direkt vom Z\u00fcchter \u2714 Schnell geliefert durch den Mandevillashop","robots":{"index":"index","follow":"follow","max-snippet":"max-snippet:-1","max-image-preview":"max-image-preview:large","max-video-preview":"max-video-preview:-1"},"canonical":"https:\/\/mandevillashop.com\/de\/produkt\/pflanzgefaess-rund-xl-anthrazit\/","og_locale":"de_DE","og_type":"article","og_title":"Mandevilla Dipladenia Pflanzgef\u00e4\u00df Rund XL Anthrazit - Mandevillashop","og_description":"Mandevilla Dipladenia Pflanzgef\u00e4\u00df Rund XL Anthrazit \u2714 Sch\u00f6ne Outdoor-Pflanze mit Bl\u00fcten \u2714 Direkt vom Z\u00fcchter \u2714 Schnell geliefert durch den Mandevillashop","og_url":"https:\/\/mandevillashop.com\/de\/produkt\/pflanzgefaess-rund-xl-anthrazit\/","og_site_name":"Mandevillashop","og_image":[{"width":2000,"height":2000,"url":"https:\/\/mandevillashop.com\/wp-content\/uploads\/2024\/01\/Plantenbak-Rond-XL-Antraciet.jpg","type":"image\/jpeg"}],"twitter_card":"summary_large_image","schema":{"@context":"https:\/\/schema.org","@graph":[{"@type":["WebPage","ItemPage"],"@id":"https:\/\/mandevillashop.com\/de\/produkt\/pflanzgefaess-rund-xl-anthrazit\/","url":"https:\/\/mandevillashop.com\/de\/produkt\/pflanzgefaess-rund-xl-anthrazit\/","name":"Mandevilla Dipladenia Pflanzgef\u00e4\u00df Rund XL Anthrazit - Mandevillashop","isPartOf":{"@id":"https:\/\/mandevillashop.com\/de\/#website"},"primaryImageOfPage":{"@id":"https:\/\/mandevillashop.com\/de\/produkt\/pflanzgefaess-rund-xl-anthrazit\/#primaryimage"},"image":{"@id":"https:\/\/mandevillashop.com\/de\/produkt\/pflanzgefaess-rund-xl-anthrazit\/#primaryimage"},"thumbnailUrl":"https:\/\/mandevillashop.com\/wp-content\/uploads\/2024\/01\/Plantenbak-Rond-XL-Antraciet.jpg","datePublished":"2023-02-10T12:57:16+00:00","description":"Mandevilla Dipladenia Pflanzgef\u00e4\u00df Rund XL Anthrazit \u2714 Sch\u00f6ne Outdoor-Pflanze mit Bl\u00fcten \u2714 Direkt vom Z\u00fcchter \u2714 Schnell geliefert durch den Mandevillashop","breadcrumb":{"@id":"https:\/\/mandevillashop.com\/de\/produkt\/pflanzgefaess-rund-xl-anthrazit\/#breadcrumb"},"inLanguage":"de","potentialAction":[{"@type":"ReadAction","target":["https:\/\/mandevillashop.com\/de\/produkt\/pflanzgefaess-rund-xl-anthrazit\/"]}]},{"@type":"ImageObject","inLanguage":"de","@id":"https:\/\/mandevillashop.com\/de\/produkt\/pflanzgefaess-rund-xl-anthrazit\/#primaryimage","url":"https:\/\/mandevillashop.com\/wp-content\/uploads\/2024\/01\/Plantenbak-Rond-XL-Antraciet.jpg","contentUrl":"https:\/\/mandevillashop.com\/wp-content\/uploads\/2024\/01\/Plantenbak-Rond-XL-Antraciet.jpg","width":2000,"height":2000},{"@type":"BreadcrumbList","@id":"https:\/\/mandevillashop.com\/de\/produkt\/pflanzgefaess-rund-xl-anthrazit\/#breadcrumb","itemListElement":[{"@type":"ListItem","position":1,"name":"Home","item":"https:\/\/mandevillashop.com\/de\/"},{"@type":"ListItem","position":2,"name":"Shop","item":"https:\/\/mandevillashop.com\/de\/dipladenia-webshop\/"},{"@type":"ListItem","position":3,"name":"Pflanzgef\u00e4\u00df Rund XL Anthrazit"}]},{"@type":"WebSite","@id":"https:\/\/mandevillashop.com\/de\/#website","url":"https:\/\/mandevillashop.com\/de\/","name":"Mandevillashop","description":"De Mandevilla Specialist","publisher":{"@id":"https:\/\/mandevillashop.com\/de\/#organization"},"potentialAction":[{"@type":"SearchAction","target":{"@type":"EntryPoint","urlTemplate":"https:\/\/mandevillashop.com\/de\/?s={search_term_string}"},"query-input":{"@type":"PropertyValueSpecification","valueRequired":true,"valueName":"search_term_string"}}],"inLanguage":"de"},{"@type":"Organization","@id":"https:\/\/mandevillashop.com\/de\/#organization","name":"Mandevilla Shop","url":"https:\/\/mandevillashop.com\/de\/","logo":{"@type":"ImageObject","inLanguage":"de","@id":"https:\/\/mandevillashop.com\/de\/#\/schema\/logo\/image\/","url":"https:\/\/mandevillashop.com\/wp-content\/uploads\/2023\/07\/mandevilla-shop-zwart.svg","contentUrl":"https:\/\/mandevillashop.com\/wp-content\/uploads\/2023\/07\/mandevilla-shop-zwart.svg","caption":"Mandevilla Shop"},"image":{"@id":"https:\/\/mandevillashop.com\/de\/#\/schema\/logo\/image\/"}}]}},"_links":{"self":[{"href":"https:\/\/mandevillashop.com\/de\/wp-json\/wp\/v2\/product\/8275","targetHints":{"allow":["GET"]}}],"collection":[{"href":"https:\/\/mandevillashop.com\/de\/wp-json\/wp\/v2\/product"}],"about":[{"href":"https:\/\/mandevillashop.com\/de\/wp-json\/wp\/v2\/types\/product"}],"replies":[{"embeddable":true,"href":"https:\/\/mandevillashop.com\/de\/wp-json\/wp\/v2\/comments?post=8275"}],"wp:featuredmedia":[{"embeddable":true,"href":"https:\/\/mandevillashop.com\/de\/wp-json\/wp\/v2\/media\/3079"}],"wp:attachment":[{"href":"https:\/\/mandevillashop.com\/de\/wp-json\/wp\/v2\/media?parent=8275"}],"wp:term":[{"taxonomy":"product_brand","embeddable":true,"href":"https:\/\/mandevillashop.com\/de\/wp-json\/wp\/v2\/product_brand?post=8275"},{"taxonomy":"product_cat","embeddable":true,"href":"https:\/\/mandevillashop.com\/de\/wp-json\/wp\/v2\/product_cat?post=8275"},{"taxonomy":"product_tag","embeddable":true,"href":"https:\/\/mandevillashop.com\/de\/wp-json\/wp\/v2\/product_tag?post=8275"},{"taxonomy":"linked_variations","embeddable":true,"href":"https:\/\/mandevillashop.com\/de\/wp-json\/wp\/v2\/linked_variations?post=8275"}],"curies":[{"name":"wp","href":"https:\/\/api.w.org\/{rel}","templated":true}]}}