{"id":6208,"date":"2024-01-18T13:54:22","date_gmt":"2024-01-18T12:54:22","guid":{"rendered":"https:\/\/mandevillashop.com\/modes-de-paiement\/"},"modified":"2026-02-28T19:56:55","modified_gmt":"2026-02-28T18:56:55","slug":"modes-de-paiement","status":"publish","type":"page","link":"https:\/\/mandevillashop.com\/fr\/modes-de-paiement\/","title":{"rendered":"Modes de paiement"},"content":{"rendered":"\t\t<div data-elementor-type=\"wp-page\" data-elementor-id=\"6208\" class=\"elementor elementor-6208 elementor-1233\" data-elementor-post-type=\"page\">\n\t\t\t\t<div class=\"elementor-element elementor-element-4e98b26 e-flex e-con-boxed e-con e-parent\" data-id=\"4e98b26\" data-element_type=\"container\" data-e-type=\"container\">\n\t\t\t\t\t<div class=\"e-con-inner\">\n\t\t<div class=\"elementor-element elementor-element-8e86837 e-flex e-con-boxed e-con e-child\" data-id=\"8e86837\" data-element_type=\"container\" data-e-type=\"container\">\n\t\t\t\t\t<div class=\"e-con-inner\">\n\t\t\t\t<div class=\"elementor-element elementor-element-7d6595f elementor-widget elementor-widget-heading\" data-id=\"7d6595f\" data-element_type=\"widget\" data-e-type=\"widget\" data-widget_type=\"heading.default\">\n\t\t\t\t<div class=\"elementor-widget-container\">\n\t\t\t\t\t<h1 class=\"elementor-heading-title elementor-size-default\">Modes de paiement<\/h1>\t\t\t\t<\/div>\n\t\t\t\t<\/div>\n\t\t\t\t<div class=\"elementor-element elementor-element-fba3633 elementor-widget elementor-widget-text-editor\" data-id=\"fba3633\" data-element_type=\"widget\" data-e-type=\"widget\" data-widget_type=\"text-editor.default\">\n\t\t\t\t<div class=\"elementor-widget-container\">\n\t\t\t\t\t\t\t\t\t<p>Chez Mandevillashop, vous pouvez payer de plusieurs mani\u00e8res. Une fois que les produits s\u00e9lectionn\u00e9s ont \u00e9t\u00e9 plac\u00e9s dans le panier, vous pouvez choisir parmi les modes de paiement suivants.<\/p>\n\t\t\t\t\t\t\t\t<\/div>\n\t\t\t\t<\/div>\n\t\t\t\t<div class=\"elementor-element elementor-element-60813da overflow-auto elementor-widget elementor-widget-text-editor\" data-id=\"60813da\" data-element_type=\"widget\" data-e-type=\"widget\" data-widget_type=\"text-editor.default\">\n\t\t\t\t<div class=\"elementor-widget-container\">\n\t\t\t\t\t\t\t\t\t<table><tbody><tr><td>Modes de paiement par pays<\/td><td>Pays-Bas<\/td><td>Belgique<\/td><td>Allemagne<\/td><td>France<\/td><td>Autriche<\/td><td>Luxembourg<\/td><\/tr><tr><td>Credit Card (Visa, Mastercard, American Express)<\/td><td>\u00a0\u00a0\u00a0\u00a0\u00a0\u00a0 \u221a<\/td><td>\u221a<\/td><td>\u221a<\/td><td>\u221a<\/td><td>\u221a<\/td><td>\u221a<\/td><\/tr><tr><td>Pay-pal<\/td><td>\u221a<\/td><td>\u221a<\/td><td>\u221a<\/td><td>\u221a<\/td><td>\u221a<\/td><td>\u221a<\/td><\/tr><tr><td>Virement bancaire<\/td><td>\u221a<\/td><td>\u221a<\/td><td>\u221a<\/td><td>\u221a<\/td><td>\u221a<\/td><td>\u221a<\/td><\/tr><tr><td><p data-start=\"200\" data-end=\"319\">Klarna \u2013 Paiement apr\u00e8s r\u00e9ception<\/p><\/td><td>\u221a<\/td><td>\u221a<\/td><td>\u221a<\/td><td>\u221a<\/td><td>\u221a<\/td><td>\u221a<\/td><\/tr><tr><td>iDeal | WERO<\/td><td>\u221a<\/td><td>\u00a0<\/td><td>\u00a0<\/td><td>\u00a0<\/td><td>\u00a0<\/td><td>\u00a0<\/td><\/tr><tr><td>Bancontact<\/td><td>\u00a0<\/td><td>\u221a<\/td><td>\u00a0<\/td><td>\u00a0<\/td><td>\u00a0<\/td><td>\u00a0<\/td><\/tr><tr><td>KBC\/CBC<\/td><td>\u00a0<\/td><td>\u221a<\/td><td>\u00a0<\/td><td>\u00a0<\/td><td>\u00a0<\/td><td>\u00a0<\/td><\/tr><tr><td>Belfius<\/td><td>\u00a0<\/td><td>\u221a<\/td><td>\u00a0<\/td><td>\u00a0<\/td><td>\u00a0<\/td><td>\u00a0<\/td><\/tr><tr><td>SOFORT Banking<\/td><td>\u00a0<\/td><td>\u00a0<\/td><td>\u221a<\/td><td>\u221a<\/td><td>\u221a<\/td><td>\u00a0<\/td><\/tr><tr><td>EPS<\/td><td>\u00a0<\/td><td>\u00a0<\/td><td>\u00a0<\/td><td>\u00a0<\/td><td>\u221a<\/td><td>\u00a0<\/td><\/tr><tr><td>Carte Bancaire<\/td><td>\u00a0<\/td><td>\u00a0<\/td><td>\u00a0<\/td><td>\u221a<\/td><td>\u00a0<\/td><td>\u00a0<\/td><\/tr><tr><td>\u00a0<\/td><td>\u00a0<\/td><td>\u00a0<\/td><td>\u00a0<\/td><td>\u00a0<\/td><td>\u00a0<\/td><td>\u00a0<\/td><\/tr><\/tbody><\/table><p>\u00a0<\/p>\t\t\t\t\t\t\t\t<\/div>\n\t\t\t\t<\/div>\n\t\t\t\t\t<\/div>\n\t\t\t\t<\/div>\n\t\t\t\t\t<\/div>\n\t\t\t\t<\/div>\n\t\t\t\t<\/div>\n\t\t","protected":false},"excerpt":{"rendered":"<p>Modes de paiement Chez Mandevillashop, vous pouvez payer de plusieurs mani\u00e8res. Une fois que les produits s\u00e9lectionn\u00e9s ont \u00e9t\u00e9 plac\u00e9s dans le panier, vous pouvez choisir parmi les modes de paiement suivants. Modes de paiement par pays Pays-Bas Belgique Allemagne France Autriche Luxembourg Credit Card (Visa, Mastercard, American Express) \u00a0\u00a0\u00a0\u00a0\u00a0\u00a0 \u221a \u221a \u221a \u221a \u221a<\/p>\n","protected":false},"author":1,"featured_media":0,"parent":0,"menu_order":0,"comment_status":"closed","ping_status":"closed","template":"","meta":{"_acf_changed":false,"footnotes":""},"class_list":["post-6208","page","type-page","status-publish","hentry"],"acf":[],"yoast_head":"<!-- This site is optimized with the Yoast SEO plugin v27.4 - https:\/\/yoast.com\/product\/yoast-seo-wordpress\/ -->\n<title>Modes de paiement - Mandevillashop<\/title>\n<meta name=\"description\" content=\"Une fois que les produits s\u00e9lectionn\u00e9s ont \u00e9t\u00e9 plac\u00e9s dans le panier, vous pouvez choisir parmi les modes de paiement indiqu\u00e9s ci-dessous.\" \/>\n<meta name=\"robots\" content=\"index, follow, max-snippet:-1, max-image-preview:large, max-video-preview:-1\" \/>\n<link rel=\"canonical\" href=\"https:\/\/mandevillashop.com\/fr\/modes-de-paiement\/\" \/>\n<meta property=\"og:locale\" content=\"fr_FR\" \/>\n<meta property=\"og:type\" content=\"article\" \/>\n<meta property=\"og:title\" content=\"Modes de paiement - Mandevillashop\" \/>\n<meta property=\"og:description\" content=\"Une fois que les produits s\u00e9lectionn\u00e9s ont \u00e9t\u00e9 plac\u00e9s dans le panier, vous pouvez choisir parmi les modes de paiement indiqu\u00e9s ci-dessous.\" \/>\n<meta property=\"og:url\" content=\"https:\/\/mandevillashop.com\/fr\/modes-de-paiement\/\" \/>\n<meta property=\"og:site_name\" content=\"Mandevillashop\" \/>\n<meta property=\"article:modified_time\" content=\"2026-02-28T18:56:55+00:00\" \/>\n<meta name=\"twitter:card\" content=\"summary_large_image\" \/>\n<meta name=\"twitter:label1\" content=\"Dur\u00e9e de lecture estim\u00e9e\" \/>\n\t<meta name=\"twitter:data1\" content=\"1 minute\" \/>\n<script type=\"application\/ld+json\" class=\"yoast-schema-graph\">{\"@context\":\"https:\\\/\\\/schema.org\",\"@graph\":[{\"@type\":\"WebPage\",\"@id\":\"https:\\\/\\\/mandevillashop.com\\\/fr\\\/modes-de-paiement\\\/\",\"url\":\"https:\\\/\\\/mandevillashop.com\\\/fr\\\/modes-de-paiement\\\/\",\"name\":\"Modes de paiement - Mandevillashop\",\"isPartOf\":{\"@id\":\"https:\\\/\\\/mandevillashop.com\\\/fr\\\/#website\"},\"datePublished\":\"2024-01-18T12:54:22+00:00\",\"dateModified\":\"2026-02-28T18:56:55+00:00\",\"description\":\"Une fois que les produits s\u00e9lectionn\u00e9s ont \u00e9t\u00e9 plac\u00e9s dans le panier, vous pouvez choisir parmi les modes de paiement indiqu\u00e9s ci-dessous.\",\"breadcrumb\":{\"@id\":\"https:\\\/\\\/mandevillashop.com\\\/fr\\\/modes-de-paiement\\\/#breadcrumb\"},\"inLanguage\":\"fr-FR\",\"potentialAction\":[{\"@type\":\"ReadAction\",\"target\":[\"https:\\\/\\\/mandevillashop.com\\\/fr\\\/modes-de-paiement\\\/\"]}]},{\"@type\":\"BreadcrumbList\",\"@id\":\"https:\\\/\\\/mandevillashop.com\\\/fr\\\/modes-de-paiement\\\/#breadcrumb\",\"itemListElement\":[{\"@type\":\"ListItem\",\"position\":1,\"name\":\"Home\",\"item\":\"https:\\\/\\\/mandevillashop.com\\\/fr\\\/\"},{\"@type\":\"ListItem\",\"position\":2,\"name\":\"Modes de paiement\"}]},{\"@type\":\"WebSite\",\"@id\":\"https:\\\/\\\/mandevillashop.com\\\/fr\\\/#website\",\"url\":\"https:\\\/\\\/mandevillashop.com\\\/fr\\\/\",\"name\":\"Mandevillashop\",\"description\":\"De Mandevilla Specialist\",\"publisher\":{\"@id\":\"https:\\\/\\\/mandevillashop.com\\\/fr\\\/#organization\"},\"potentialAction\":[{\"@type\":\"SearchAction\",\"target\":{\"@type\":\"EntryPoint\",\"urlTemplate\":\"https:\\\/\\\/mandevillashop.com\\\/fr\\\/?s={search_term_string}\"},\"query-input\":{\"@type\":\"PropertyValueSpecification\",\"valueRequired\":true,\"valueName\":\"search_term_string\"}}],\"inLanguage\":\"fr-FR\"},{\"@type\":\"Organization\",\"@id\":\"https:\\\/\\\/mandevillashop.com\\\/fr\\\/#organization\",\"name\":\"Mandevilla Shop\",\"url\":\"https:\\\/\\\/mandevillashop.com\\\/fr\\\/\",\"logo\":{\"@type\":\"ImageObject\",\"inLanguage\":\"fr-FR\",\"@id\":\"https:\\\/\\\/mandevillashop.com\\\/fr\\\/#\\\/schema\\\/logo\\\/image\\\/\",\"url\":\"https:\\\/\\\/mandevillashop.com\\\/wp-content\\\/uploads\\\/2023\\\/07\\\/mandevilla-shop-zwart.svg\",\"contentUrl\":\"https:\\\/\\\/mandevillashop.com\\\/wp-content\\\/uploads\\\/2023\\\/07\\\/mandevilla-shop-zwart.svg\",\"caption\":\"Mandevilla Shop\"},\"image\":{\"@id\":\"https:\\\/\\\/mandevillashop.com\\\/fr\\\/#\\\/schema\\\/logo\\\/image\\\/\"}}]}<\/script>\n<!-- \/ Yoast SEO plugin. -->","yoast_head_json":{"title":"Modes de paiement - Mandevillashop","description":"Une fois que les produits s\u00e9lectionn\u00e9s ont \u00e9t\u00e9 plac\u00e9s dans le panier, vous pouvez choisir parmi les modes de paiement indiqu\u00e9s ci-dessous.","robots":{"index":"index","follow":"follow","max-snippet":"max-snippet:-1","max-image-preview":"max-image-preview:large","max-video-preview":"max-video-preview:-1"},"canonical":"https:\/\/mandevillashop.com\/fr\/modes-de-paiement\/","og_locale":"fr_FR","og_type":"article","og_title":"Modes de paiement - Mandevillashop","og_description":"Une fois que les produits s\u00e9lectionn\u00e9s ont \u00e9t\u00e9 plac\u00e9s dans le panier, vous pouvez choisir parmi les modes de paiement indiqu\u00e9s ci-dessous.","og_url":"https:\/\/mandevillashop.com\/fr\/modes-de-paiement\/","og_site_name":"Mandevillashop","article_modified_time":"2026-02-28T18:56:55+00:00","twitter_card":"summary_large_image","twitter_misc":{"Dur\u00e9e de lecture estim\u00e9e":"1 minute"},"schema":{"@context":"https:\/\/schema.org","@graph":[{"@type":"WebPage","@id":"https:\/\/mandevillashop.com\/fr\/modes-de-paiement\/","url":"https:\/\/mandevillashop.com\/fr\/modes-de-paiement\/","name":"Modes de paiement - Mandevillashop","isPartOf":{"@id":"https:\/\/mandevillashop.com\/fr\/#website"},"datePublished":"2024-01-18T12:54:22+00:00","dateModified":"2026-02-28T18:56:55+00:00","description":"Une fois que les produits s\u00e9lectionn\u00e9s ont \u00e9t\u00e9 plac\u00e9s dans le panier, vous pouvez choisir parmi les modes de paiement indiqu\u00e9s ci-dessous.","breadcrumb":{"@id":"https:\/\/mandevillashop.com\/fr\/modes-de-paiement\/#breadcrumb"},"inLanguage":"fr-FR","potentialAction":[{"@type":"ReadAction","target":["https:\/\/mandevillashop.com\/fr\/modes-de-paiement\/"]}]},{"@type":"BreadcrumbList","@id":"https:\/\/mandevillashop.com\/fr\/modes-de-paiement\/#breadcrumb","itemListElement":[{"@type":"ListItem","position":1,"name":"Home","item":"https:\/\/mandevillashop.com\/fr\/"},{"@type":"ListItem","position":2,"name":"Modes de paiement"}]},{"@type":"WebSite","@id":"https:\/\/mandevillashop.com\/fr\/#website","url":"https:\/\/mandevillashop.com\/fr\/","name":"Mandevillashop","description":"De Mandevilla Specialist","publisher":{"@id":"https:\/\/mandevillashop.com\/fr\/#organization"},"potentialAction":[{"@type":"SearchAction","target":{"@type":"EntryPoint","urlTemplate":"https:\/\/mandevillashop.com\/fr\/?s={search_term_string}"},"query-input":{"@type":"PropertyValueSpecification","valueRequired":true,"valueName":"search_term_string"}}],"inLanguage":"fr-FR"},{"@type":"Organization","@id":"https:\/\/mandevillashop.com\/fr\/#organization","name":"Mandevilla Shop","url":"https:\/\/mandevillashop.com\/fr\/","logo":{"@type":"ImageObject","inLanguage":"fr-FR","@id":"https:\/\/mandevillashop.com\/fr\/#\/schema\/logo\/image\/","url":"https:\/\/mandevillashop.com\/wp-content\/uploads\/2023\/07\/mandevilla-shop-zwart.svg","contentUrl":"https:\/\/mandevillashop.com\/wp-content\/uploads\/2023\/07\/mandevilla-shop-zwart.svg","caption":"Mandevilla Shop"},"image":{"@id":"https:\/\/mandevillashop.com\/fr\/#\/schema\/logo\/image\/"}}]}},"_links":{"self":[{"href":"https:\/\/mandevillashop.com\/fr\/wp-json\/wp\/v2\/pages\/6208","targetHints":{"allow":["GET"]}}],"collection":[{"href":"https:\/\/mandevillashop.com\/fr\/wp-json\/wp\/v2\/pages"}],"about":[{"href":"https:\/\/mandevillashop.com\/fr\/wp-json\/wp\/v2\/types\/page"}],"author":[{"embeddable":true,"href":"https:\/\/mandevillashop.com\/fr\/wp-json\/wp\/v2\/users\/1"}],"replies":[{"embeddable":true,"href":"https:\/\/mandevillashop.com\/fr\/wp-json\/wp\/v2\/comments?post=6208"}],"version-history":[{"count":7,"href":"https:\/\/mandevillashop.com\/fr\/wp-json\/wp\/v2\/pages\/6208\/revisions"}],"predecessor-version":[{"id":11543,"href":"https:\/\/mandevillashop.com\/fr\/wp-json\/wp\/v2\/pages\/6208\/revisions\/11543"}],"wp:attachment":[{"href":"https:\/\/mandevillashop.com\/fr\/wp-json\/wp\/v2\/media?parent=6208"}],"curies":[{"name":"wp","href":"https:\/\/api.w.org\/{rel}","templated":true}]}}