{"id":6214,"date":"2023-07-12T13:16:17","date_gmt":"2023-07-12T11:16:17","guid":{"rendered":"https:\/\/mandevillashop.com\/contact\/"},"modified":"2026-02-28T21:24:31","modified_gmt":"2026-02-28T20:24:31","slug":"contact","status":"publish","type":"page","link":"https:\/\/mandevillashop.com\/fr\/contact\/","title":{"rendered":"Contact"},"content":{"rendered":"\t\t<div data-elementor-type=\"wp-page\" data-elementor-id=\"6214\" class=\"elementor elementor-6214 elementor-204\" data-elementor-post-type=\"page\">\n\t\t\t\t<div class=\"elementor-element elementor-element-14ce91b e-flex e-con-boxed e-con e-parent\" data-id=\"14ce91b\" data-element_type=\"container\" data-e-type=\"container\">\n\t\t\t\t\t<div class=\"e-con-inner\">\n\t\t<div class=\"elementor-element elementor-element-a39db53 e-con-full e-flex e-con e-child\" data-id=\"a39db53\" data-element_type=\"container\" data-e-type=\"container\">\n\t\t\t\t<div class=\"elementor-element elementor-element-ee0124f elementor-widget elementor-widget-heading\" data-id=\"ee0124f\" data-element_type=\"widget\" data-e-type=\"widget\" data-widget_type=\"heading.default\">\n\t\t\t\t<div class=\"elementor-widget-container\">\n\t\t\t\t\t<h1 class=\"elementor-heading-title elementor-size-default\">Contact<\/h1>\t\t\t\t<\/div>\n\t\t\t\t<\/div>\n\t\t\t\t<div class=\"elementor-element elementor-element-59d1d36 elementor-widget elementor-widget-text-editor\" data-id=\"59d1d36\" data-element_type=\"widget\" data-e-type=\"widget\" data-widget_type=\"text-editor.default\">\n\t\t\t\t<div class=\"elementor-widget-container\">\n\t\t\t\t\t\t\t\t\t<p data-start=\"158\" data-end=\"277\">Nous sommes heureux de vous aider pour toutes questions concernant vos <strong data-start=\"229\" data-end=\"274\">commandes, les plantes ou Click &amp; Collect<\/strong>.<\/p><p data-start=\"279\" data-end=\"315\">\ud83c\udf38 <strong data-start=\"282\" data-end=\"313\">Mai = Mois de la Mandevilla<\/strong><\/p><p data-start=\"317\" data-end=\"680\">Notre <strong data-start=\"323\" data-end=\"359\">boutique physique Mandevillashop<\/strong> est actuellement ferm\u00e9e.<br data-start=\"384\" data-end=\"387\" \/>Mais en mai, nous c\u00e9l\u00e9brons le <strong data-start=\"418\" data-end=\"443\">Mois de la Mandevilla<\/strong>, et nous ouvrons chaque samedi de <strong data-start=\"478\" data-end=\"494\">9h00 \u00e0 15h00<\/strong>.<br data-start=\"495\" data-end=\"498\" \/>Vous \u00eates les bienvenus pour d\u00e9couvrir nos Mandevillas en personne, obtenir des conseils et repartir directement avec vos plantes pr\u00e9f\u00e9r\u00e9es (dans la limite des stocks disponibles).<\/p><hr data-start=\"682\" data-end=\"685\" \/><p data-start=\"687\" data-end=\"732\">\ud83c\udf3f <strong data-start=\"690\" data-end=\"730\">Commandes en ligne &amp; Click &amp; Collect<\/strong><\/p><p data-start=\"734\" data-end=\"843\">Toutes les commandes, r\u00e9guli\u00e8res ou Click &amp; Collect, seront <strong data-start=\"794\" data-end=\"840\">trait\u00e9es et pr\u00e9par\u00e9es \u00e0 partir du 10 avril<\/strong>.<\/p><p data-start=\"845\" data-end=\"1001\">Vous souhaitez r\u00e9cup\u00e9rer votre Mandevilla plus t\u00f4t ?<br data-start=\"897\" data-end=\"900\" \/>S\u00e9lectionnez <strong data-start=\"913\" data-end=\"932\">Click &amp; Collect<\/strong> lors du paiement et choisissez votre <strong data-start=\"970\" data-end=\"998\">date de retrait pr\u00e9f\u00e9r\u00e9e<\/strong>.<\/p><p data-start=\"1003\" data-end=\"1075\">Le retrait est possible <strong data-start=\"1027\" data-end=\"1072\">du lundi au vendredi entre 13h00 et 16h00<\/strong>.<\/p><p data-start=\"1077\" data-end=\"1211\">Pour toute autre date ou horaire, contactez-nous \u00e0 <strong data-start=\"1128\" data-end=\"1155\"><a class=\"decorated-link cursor-pointer\" rel=\"noopener\" data-start=\"1130\" data-end=\"1153\">info@mandevillashop.com<\/a><\/strong>. Nous serons heureux de trouver une solution adapt\u00e9e.<\/p><hr data-start=\"1213\" data-end=\"1216\" \/><p data-start=\"1218\" data-end=\"1249\">\ud83c\udf3c <strong data-start=\"1221\" data-end=\"1247\">Clients professionnels<\/strong><\/p><p data-start=\"1251\" data-end=\"1517\">Les Mandevillas conviennent \u00e9galement parfaitement aux <strong data-start=\"1306\" data-end=\"1390\">professionnels : paysagistes, architectes paysagistes et secteur de l\u2019h\u00f4tellerie<\/strong>.<br data-start=\"1391\" data-end=\"1394\" \/>N\u2019h\u00e9sitez pas \u00e0 nous contacter pour un <strong data-start=\"1433\" data-end=\"1514\">conseil sur mesure, des quantit\u00e9s plus importantes ou une livraison de projet<\/strong>.<\/p>\t\t\t\t\t\t\t\t<\/div>\n\t\t\t\t<\/div>\n\t\t\t\t<\/div>\n\t\t<div class=\"elementor-element elementor-element-4091c1e e-con-full e-flex e-con e-child\" data-id=\"4091c1e\" data-element_type=\"container\" data-e-type=\"container\">\n\t\t<div class=\"elementor-element elementor-element-ee38968 e-flex e-con-boxed e-con e-child\" data-id=\"ee38968\" data-element_type=\"container\" data-e-type=\"container\" data-settings=\"{&quot;background_background&quot;:&quot;classic&quot;}\">\n\t\t\t\t\t<div class=\"e-con-inner\">\n\t\t\t\t<div class=\"elementor-element elementor-element-f155e23 elementor-widget elementor-widget-heading\" data-id=\"f155e23\" data-element_type=\"widget\" data-e-type=\"widget\" data-widget_type=\"heading.default\">\n\t\t\t\t<div class=\"elementor-widget-container\">\n\t\t\t\t\t<h4 class=\"elementor-heading-title elementor-size-default\">Vous avez une question ?<\/h4>\t\t\t\t<\/div>\n\t\t\t\t<\/div>\n\t\t\t\t<div class=\"elementor-element elementor-element-2f63d9c elementor-widget elementor-widget-text-editor\" data-id=\"2f63d9c\" data-element_type=\"widget\" data-e-type=\"widget\" data-widget_type=\"text-editor.default\">\n\t\t\t\t<div class=\"elementor-widget-container\">\n\t\t\t\t\t\t\t\t\t<p data-start=\"610\" data-end=\"744\">Envoyez-nous un <em>e-mail<\/em> \u00e0 <a class=\"cursor-pointer\" rel=\"noopener\" data-start=\"668\" data-end=\"691\">info@mandevillashop.com<\/a><br data-start=\"693\" data-end=\"696\" \/>Nous vous r\u00e9pondrons dans les plus brefs d\u00e9lais.<\/p><p data-start=\"746\" data-end=\"847\">Vous pr\u00e9f\u00e9rez <em>appeler<\/em> ?<br data-start=\"769\" data-end=\"772\" \/>Nous sommes joignables en semaine de 9h00 \u00e0 12h00 au +31 (0)85 4832403.<\/p>\t\t\t\t\t\t\t\t<\/div>\n\t\t\t\t<\/div>\n\t\t\t\t<div class=\"elementor-element elementor-element-b81cd6d elementor-widget elementor-widget-heading\" data-id=\"b81cd6d\" data-element_type=\"widget\" data-e-type=\"widget\" data-widget_type=\"heading.default\">\n\t\t\t\t<div class=\"elementor-widget-container\">\n\t\t\t\t\t<h4 class=\"elementor-heading-title elementor-size-default\">Adresse de visite<\/h4>\t\t\t\t<\/div>\n\t\t\t\t<\/div>\n\t\t\t\t<div class=\"elementor-element elementor-element-bf4ad0c elementor-widget elementor-widget-text-editor\" data-id=\"bf4ad0c\" data-element_type=\"widget\" data-e-type=\"widget\" data-widget_type=\"text-editor.default\">\n\t\t\t\t<div class=\"elementor-widget-container\">\n\t\t\t\t\t\t\t\t\t<p>Mandevillashop<br \/>Burgerweg 13, Maasland<\/p>\t\t\t\t\t\t\t\t<\/div>\n\t\t\t\t<\/div>\n\t\t\t\t\t<\/div>\n\t\t\t\t<\/div>\n\t\t\t\t<\/div>\n\t\t\t\t\t<\/div>\n\t\t\t\t<\/div>\n\t\t<div class=\"elementor-element elementor-element-3019cd8 e-flex e-con-boxed e-con e-parent\" data-id=\"3019cd8\" data-element_type=\"container\" data-e-type=\"container\">\n\t\t\t\t\t<div class=\"e-con-inner\">\n\t\t<div class=\"elementor-element elementor-element-35a9fdf e-flex e-con-boxed e-con e-child\" data-id=\"35a9fdf\" data-element_type=\"container\" data-e-type=\"container\">\n\t\t\t\t\t<div class=\"e-con-inner\">\n\t\t\t\t<div class=\"elementor-element elementor-element-5244b01 elementor-widget elementor-widget-google_maps\" data-id=\"5244b01\" data-element_type=\"widget\" data-e-type=\"widget\" data-widget_type=\"google_maps.default\">\n\t\t\t\t<div class=\"elementor-widget-container\">\n\t\t\t\t\t\t\t<div class=\"elementor-custom-embed\">\n\t\t\t<iframe loading=\"lazy\"\n\t\t\t\t\tsrc=\"https:\/\/maps.google.com\/maps?q=Mandevillashop&#038;t=m&#038;z=10&#038;output=embed&#038;iwloc=near\"\n\t\t\t\t\ttitle=\"Mandevillashop\"\n\t\t\t\t\taria-label=\"Mandevillashop\"\n\t\t\t><\/iframe>\n\t\t<\/div>\n\t\t\t\t\t\t<\/div>\n\t\t\t\t<\/div>\n\t\t\t\t\t<\/div>\n\t\t\t\t<\/div>\n\t\t\t\t\t<\/div>\n\t\t\t\t<\/div>\n\t\t\t\t<\/div>\n\t\t","protected":false},"excerpt":{"rendered":"<p>Contact Nous sommes heureux de vous aider pour toutes questions concernant vos commandes, les plantes ou Click &amp; Collect. \ud83c\udf38 Mai = Mois de la Mandevilla Notre boutique physique Mandevillashop est actuellement ferm\u00e9e.Mais en mai, nous c\u00e9l\u00e9brons le Mois de la Mandevilla, et nous ouvrons chaque samedi de 9h00 \u00e0 15h00.Vous \u00eates les bienvenus pour<\/p>\n","protected":false},"author":1,"featured_media":0,"parent":0,"menu_order":0,"comment_status":"closed","ping_status":"closed","template":"","meta":{"_acf_changed":false,"footnotes":""},"class_list":["post-6214","page","type-page","status-publish","hentry"],"acf":[],"yoast_head":"<!-- This site is optimized with the Yoast SEO plugin v27.4 - https:\/\/yoast.com\/product\/yoast-seo-wordpress\/ -->\n<title>Contact - Mandevillashop<\/title>\n<meta name=\"description\" content=\"Achetez-les dans notre boutique en ligne, notre magasin ou via Click&amp;Collect. Si vous avez des questions, veuillez nous contacter.\" \/>\n<meta name=\"robots\" content=\"index, follow, max-snippet:-1, max-image-preview:large, max-video-preview:-1\" \/>\n<link rel=\"canonical\" href=\"https:\/\/mandevillashop.com\/fr\/contact\/\" \/>\n<meta property=\"og:locale\" content=\"fr_FR\" \/>\n<meta property=\"og:type\" content=\"article\" \/>\n<meta property=\"og:title\" content=\"Contact - Mandevillashop\" \/>\n<meta property=\"og:description\" content=\"Achetez-les dans notre boutique en ligne, notre magasin ou via Click&amp;Collect. Si vous avez des questions, veuillez nous contacter.\" \/>\n<meta property=\"og:url\" content=\"https:\/\/mandevillashop.com\/fr\/contact\/\" \/>\n<meta property=\"og:site_name\" content=\"Mandevillashop\" \/>\n<meta property=\"article:modified_time\" content=\"2026-02-28T20:24:31+00:00\" \/>\n<meta name=\"twitter:card\" content=\"summary_large_image\" \/>\n<meta name=\"twitter:label1\" content=\"Dur\u00e9e de lecture estim\u00e9e\" \/>\n\t<meta name=\"twitter:data1\" content=\"2 minutes\" \/>\n<script type=\"application\/ld+json\" class=\"yoast-schema-graph\">{\"@context\":\"https:\\\/\\\/schema.org\",\"@graph\":[{\"@type\":\"WebPage\",\"@id\":\"https:\\\/\\\/mandevillashop.com\\\/fr\\\/contact\\\/\",\"url\":\"https:\\\/\\\/mandevillashop.com\\\/fr\\\/contact\\\/\",\"name\":\"Contact - Mandevillashop\",\"isPartOf\":{\"@id\":\"https:\\\/\\\/mandevillashop.com\\\/fr\\\/#website\"},\"datePublished\":\"2023-07-12T11:16:17+00:00\",\"dateModified\":\"2026-02-28T20:24:31+00:00\",\"description\":\"Achetez-les dans notre boutique en ligne, notre magasin ou via Click&Collect. Si vous avez des questions, veuillez nous contacter.\",\"breadcrumb\":{\"@id\":\"https:\\\/\\\/mandevillashop.com\\\/fr\\\/contact\\\/#breadcrumb\"},\"inLanguage\":\"fr-FR\",\"potentialAction\":[{\"@type\":\"ReadAction\",\"target\":[\"https:\\\/\\\/mandevillashop.com\\\/fr\\\/contact\\\/\"]}]},{\"@type\":\"BreadcrumbList\",\"@id\":\"https:\\\/\\\/mandevillashop.com\\\/fr\\\/contact\\\/#breadcrumb\",\"itemListElement\":[{\"@type\":\"ListItem\",\"position\":1,\"name\":\"Home\",\"item\":\"https:\\\/\\\/mandevillashop.com\\\/fr\\\/\"},{\"@type\":\"ListItem\",\"position\":2,\"name\":\"Contact\"}]},{\"@type\":\"WebSite\",\"@id\":\"https:\\\/\\\/mandevillashop.com\\\/fr\\\/#website\",\"url\":\"https:\\\/\\\/mandevillashop.com\\\/fr\\\/\",\"name\":\"Mandevillashop\",\"description\":\"De Mandevilla Specialist\",\"publisher\":{\"@id\":\"https:\\\/\\\/mandevillashop.com\\\/fr\\\/#organization\"},\"potentialAction\":[{\"@type\":\"SearchAction\",\"target\":{\"@type\":\"EntryPoint\",\"urlTemplate\":\"https:\\\/\\\/mandevillashop.com\\\/fr\\\/?s={search_term_string}\"},\"query-input\":{\"@type\":\"PropertyValueSpecification\",\"valueRequired\":true,\"valueName\":\"search_term_string\"}}],\"inLanguage\":\"fr-FR\"},{\"@type\":\"Organization\",\"@id\":\"https:\\\/\\\/mandevillashop.com\\\/fr\\\/#organization\",\"name\":\"Mandevilla Shop\",\"url\":\"https:\\\/\\\/mandevillashop.com\\\/fr\\\/\",\"logo\":{\"@type\":\"ImageObject\",\"inLanguage\":\"fr-FR\",\"@id\":\"https:\\\/\\\/mandevillashop.com\\\/fr\\\/#\\\/schema\\\/logo\\\/image\\\/\",\"url\":\"https:\\\/\\\/mandevillashop.com\\\/wp-content\\\/uploads\\\/2023\\\/07\\\/mandevilla-shop-zwart.svg\",\"contentUrl\":\"https:\\\/\\\/mandevillashop.com\\\/wp-content\\\/uploads\\\/2023\\\/07\\\/mandevilla-shop-zwart.svg\",\"caption\":\"Mandevilla Shop\"},\"image\":{\"@id\":\"https:\\\/\\\/mandevillashop.com\\\/fr\\\/#\\\/schema\\\/logo\\\/image\\\/\"}}]}<\/script>\n<!-- \/ Yoast SEO plugin. -->","yoast_head_json":{"title":"Contact - Mandevillashop","description":"Achetez-les dans notre boutique en ligne, notre magasin ou via Click&Collect. Si vous avez des questions, veuillez nous contacter.","robots":{"index":"index","follow":"follow","max-snippet":"max-snippet:-1","max-image-preview":"max-image-preview:large","max-video-preview":"max-video-preview:-1"},"canonical":"https:\/\/mandevillashop.com\/fr\/contact\/","og_locale":"fr_FR","og_type":"article","og_title":"Contact - Mandevillashop","og_description":"Achetez-les dans notre boutique en ligne, notre magasin ou via Click&Collect. Si vous avez des questions, veuillez nous contacter.","og_url":"https:\/\/mandevillashop.com\/fr\/contact\/","og_site_name":"Mandevillashop","article_modified_time":"2026-02-28T20:24:31+00:00","twitter_card":"summary_large_image","twitter_misc":{"Dur\u00e9e de lecture estim\u00e9e":"2 minutes"},"schema":{"@context":"https:\/\/schema.org","@graph":[{"@type":"WebPage","@id":"https:\/\/mandevillashop.com\/fr\/contact\/","url":"https:\/\/mandevillashop.com\/fr\/contact\/","name":"Contact - Mandevillashop","isPartOf":{"@id":"https:\/\/mandevillashop.com\/fr\/#website"},"datePublished":"2023-07-12T11:16:17+00:00","dateModified":"2026-02-28T20:24:31+00:00","description":"Achetez-les dans notre boutique en ligne, notre magasin ou via Click&Collect. Si vous avez des questions, veuillez nous contacter.","breadcrumb":{"@id":"https:\/\/mandevillashop.com\/fr\/contact\/#breadcrumb"},"inLanguage":"fr-FR","potentialAction":[{"@type":"ReadAction","target":["https:\/\/mandevillashop.com\/fr\/contact\/"]}]},{"@type":"BreadcrumbList","@id":"https:\/\/mandevillashop.com\/fr\/contact\/#breadcrumb","itemListElement":[{"@type":"ListItem","position":1,"name":"Home","item":"https:\/\/mandevillashop.com\/fr\/"},{"@type":"ListItem","position":2,"name":"Contact"}]},{"@type":"WebSite","@id":"https:\/\/mandevillashop.com\/fr\/#website","url":"https:\/\/mandevillashop.com\/fr\/","name":"Mandevillashop","description":"De Mandevilla Specialist","publisher":{"@id":"https:\/\/mandevillashop.com\/fr\/#organization"},"potentialAction":[{"@type":"SearchAction","target":{"@type":"EntryPoint","urlTemplate":"https:\/\/mandevillashop.com\/fr\/?s={search_term_string}"},"query-input":{"@type":"PropertyValueSpecification","valueRequired":true,"valueName":"search_term_string"}}],"inLanguage":"fr-FR"},{"@type":"Organization","@id":"https:\/\/mandevillashop.com\/fr\/#organization","name":"Mandevilla Shop","url":"https:\/\/mandevillashop.com\/fr\/","logo":{"@type":"ImageObject","inLanguage":"fr-FR","@id":"https:\/\/mandevillashop.com\/fr\/#\/schema\/logo\/image\/","url":"https:\/\/mandevillashop.com\/wp-content\/uploads\/2023\/07\/mandevilla-shop-zwart.svg","contentUrl":"https:\/\/mandevillashop.com\/wp-content\/uploads\/2023\/07\/mandevilla-shop-zwart.svg","caption":"Mandevilla Shop"},"image":{"@id":"https:\/\/mandevillashop.com\/fr\/#\/schema\/logo\/image\/"}}]}},"_links":{"self":[{"href":"https:\/\/mandevillashop.com\/fr\/wp-json\/wp\/v2\/pages\/6214","targetHints":{"allow":["GET"]}}],"collection":[{"href":"https:\/\/mandevillashop.com\/fr\/wp-json\/wp\/v2\/pages"}],"about":[{"href":"https:\/\/mandevillashop.com\/fr\/wp-json\/wp\/v2\/types\/page"}],"author":[{"embeddable":true,"href":"https:\/\/mandevillashop.com\/fr\/wp-json\/wp\/v2\/users\/1"}],"replies":[{"embeddable":true,"href":"https:\/\/mandevillashop.com\/fr\/wp-json\/wp\/v2\/comments?post=6214"}],"version-history":[{"count":19,"href":"https:\/\/mandevillashop.com\/fr\/wp-json\/wp\/v2\/pages\/6214\/revisions"}],"predecessor-version":[{"id":11575,"href":"https:\/\/mandevillashop.com\/fr\/wp-json\/wp\/v2\/pages\/6214\/revisions\/11575"}],"wp:attachment":[{"href":"https:\/\/mandevillashop.com\/fr\/wp-json\/wp\/v2\/media?parent=6214"}],"curies":[{"name":"wp","href":"https:\/\/api.w.org\/{rel}","templated":true}]}}