{"id":6218,"date":"2023-12-22T08:47:26","date_gmt":"2023-12-22T08:47:26","guid":{"rendered":"https:\/\/mandevillashop.com\/inspiration\/"},"modified":"2024-02-06T13:52:52","modified_gmt":"2024-02-06T13:52:52","slug":"inspiration","status":"publish","type":"page","link":"https:\/\/mandevillashop.com\/fr\/inspiration\/","title":{"rendered":"Inspiration"},"content":{"rendered":"\t\t<div data-elementor-type=\"wp-page\" data-elementor-id=\"6218\" class=\"elementor elementor-6218 elementor-469\" data-elementor-post-type=\"page\">\n\t\t\t\t<div class=\"elementor-element elementor-element-95e1e28 e-flex e-con-boxed e-con e-parent\" data-id=\"95e1e28\" data-element_type=\"container\" data-e-type=\"container\">\n\t\t\t\t\t<div class=\"e-con-inner\">\n\t\t<div class=\"elementor-element elementor-element-8b7fdc2 e-flex e-con-boxed e-con e-child\" data-id=\"8b7fdc2\" data-element_type=\"container\" data-e-type=\"container\">\n\t\t\t\t\t<div class=\"e-con-inner\">\n\t\t\t\t<div class=\"elementor-element elementor-element-7ce654b elementor-widget elementor-widget-heading\" data-id=\"7ce654b\" data-element_type=\"widget\" data-e-type=\"widget\" data-widget_type=\"heading.default\">\n\t\t\t\t<div class=\"elementor-widget-container\">\n\t\t\t\t\t<h1 class=\"elementor-heading-title elementor-size-default\">Le mand\u00e9villa permet de cr\u00e9er une ambiance m\u00e9diterran\u00e9enne<\/h1>\t\t\t\t<\/div>\n\t\t\t\t<\/div>\n\t\t\t\t<div class=\"elementor-element elementor-element-0c99203 elementor-widget elementor-widget-text-editor\" data-id=\"0c99203\" data-element_type=\"widget\" data-e-type=\"widget\" data-widget_type=\"text-editor.default\">\n\t\t\t\t<div class=\"elementor-widget-container\">\n\t\t\t\t\t\t\t\t\t<p>Le mand\u00e9villa existe dans de nombreuses variantes, couleurs, formes et tailles diff\u00e9rentes. Il est donc extr\u00eamement polyvalent ! Vous pouvez utiliser cette plante de diff\u00e9rentes mani\u00e8res : dans un grand pot, suspendue \u00e0 votre pergola ou en combinant plusieurs mand\u00e9villas. Le mand\u00e9villa est en effet une plante tr\u00e8s facile \u00e0 combiner. Son aspect m\u00e9diterran\u00e9en transformera votre jardin en une belle destination de vacances. Laissez-vous inspirer !<\/p>\n\t\t\t\t\t\t\t\t<\/div>\n\t\t\t\t<\/div>\n\t\t\t\t\t<\/div>\n\t\t\t\t<\/div>\n\t\t\t\t\t<\/div>\n\t\t\t\t<\/div>\n\t\t<div class=\"elementor-element elementor-element-b873bbb e-flex e-con-boxed e-con e-parent\" data-id=\"b873bbb\" data-element_type=\"container\" data-e-type=\"container\">\n\t\t\t\t\t<div class=\"e-con-inner\">\n\t\t<div class=\"elementor-element elementor-element-b7b2919 e-con-full e-flex e-con e-child\" data-id=\"b7b2919\" data-element_type=\"container\" data-e-type=\"container\">\n\t\t\t\t<div class=\"elementor-element elementor-element-c66ff40 elementor-widget elementor-widget-image\" data-id=\"c66ff40\" data-element_type=\"widget\" data-e-type=\"widget\" data-widget_type=\"image.default\">\n\t\t\t\t<div class=\"elementor-widget-container\">\n\t\t\t\t\t\t\t\t\t\t\t\t\t\t\t<img fetchpriority=\"high\" decoding=\"async\" width=\"800\" height=\"534\" src=\"https:\/\/mandevillashop.com\/wp-content\/uploads\/2023\/12\/Mandevilla-Sundaville-White-in-sierpot-1.webp\" class=\"attachment-large size-large wp-image-2658\" alt=\"\" srcset=\"https:\/\/mandevillashop.com\/wp-content\/uploads\/2023\/12\/Mandevilla-Sundaville-White-in-sierpot-1.webp 800w, https:\/\/mandevillashop.com\/wp-content\/uploads\/2023\/12\/Mandevilla-Sundaville-White-in-sierpot-1-300x200.webp 300w, https:\/\/mandevillashop.com\/wp-content\/uploads\/2023\/12\/Mandevilla-Sundaville-White-in-sierpot-1-768x513.webp 768w, https:\/\/mandevillashop.com\/wp-content\/uploads\/2023\/12\/Mandevilla-Sundaville-White-in-sierpot-1-600x401.webp 600w\" sizes=\"(max-width: 800px) 100vw, 800px\" \/>\t\t\t\t\t\t\t\t\t\t\t\t\t\t\t<\/div>\n\t\t\t\t<\/div>\n\t\t\t\t<\/div>\n\t\t<div class=\"elementor-element elementor-element-1e2d6e2 e-con-full e-flex e-con e-child\" data-id=\"1e2d6e2\" data-element_type=\"container\" data-e-type=\"container\">\n\t\t\t\t<div class=\"elementor-element elementor-element-813b282 elementor-widget elementor-widget-image\" data-id=\"813b282\" data-element_type=\"widget\" data-e-type=\"widget\" data-widget_type=\"image.default\">\n\t\t\t\t<div class=\"elementor-widget-container\">\n\t\t\t\t\t\t\t\t\t\t\t\t\t\t\t<img decoding=\"async\" width=\"800\" height=\"534\" src=\"https:\/\/mandevillashop.com\/wp-content\/uploads\/2023\/12\/Mandevilla_Sundaville_Pink_in_sierpot-1.webp\" class=\"attachment-large size-large wp-image-2655\" alt=\"\" srcset=\"https:\/\/mandevillashop.com\/wp-content\/uploads\/2023\/12\/Mandevilla_Sundaville_Pink_in_sierpot-1.webp 800w, https:\/\/mandevillashop.com\/wp-content\/uploads\/2023\/12\/Mandevilla_Sundaville_Pink_in_sierpot-1-300x200.webp 300w, https:\/\/mandevillashop.com\/wp-content\/uploads\/2023\/12\/Mandevilla_Sundaville_Pink_in_sierpot-1-768x513.webp 768w, https:\/\/mandevillashop.com\/wp-content\/uploads\/2023\/12\/Mandevilla_Sundaville_Pink_in_sierpot-1-600x401.webp 600w\" sizes=\"(max-width: 800px) 100vw, 800px\" \/>\t\t\t\t\t\t\t\t\t\t\t\t\t\t\t<\/div>\n\t\t\t\t<\/div>\n\t\t\t\t<\/div>\n\t\t<div class=\"elementor-element elementor-element-a2fef01 e-con-full e-flex e-con e-child\" data-id=\"a2fef01\" data-element_type=\"container\" data-e-type=\"container\">\n\t\t\t\t<div class=\"elementor-element elementor-element-b4f964c elementor-widget elementor-widget-image\" data-id=\"b4f964c\" data-element_type=\"widget\" data-e-type=\"widget\" data-widget_type=\"image.default\">\n\t\t\t\t<div class=\"elementor-widget-container\">\n\t\t\t\t\t\t\t\t\t\t\t\t\t\t\t<img decoding=\"async\" width=\"600\" height=\"800\" src=\"https:\/\/mandevillashop.com\/wp-content\/uploads\/2023\/12\/Mandaville_Sundaville_Pink_close_up.webp\" class=\"attachment-large size-large wp-image-2652\" alt=\"\" srcset=\"https:\/\/mandevillashop.com\/wp-content\/uploads\/2023\/12\/Mandaville_Sundaville_Pink_close_up.webp 600w, https:\/\/mandevillashop.com\/wp-content\/uploads\/2023\/12\/Mandaville_Sundaville_Pink_close_up-225x300.webp 225w, https:\/\/mandevillashop.com\/wp-content\/uploads\/2023\/12\/Mandaville_Sundaville_Pink_close_up-300x400.webp 300w\" sizes=\"(max-width: 600px) 100vw, 600px\" \/>\t\t\t\t\t\t\t\t\t\t\t\t\t\t\t<\/div>\n\t\t\t\t<\/div>\n\t\t\t\t<\/div>\n\t\t<div class=\"elementor-element elementor-element-63685c9 e-con-full e-flex e-con e-child\" data-id=\"63685c9\" data-element_type=\"container\" data-e-type=\"container\">\n\t\t\t\t<div class=\"elementor-element elementor-element-56c1133 elementor-widget elementor-widget-image\" data-id=\"56c1133\" data-element_type=\"widget\" data-e-type=\"widget\" data-widget_type=\"image.default\">\n\t\t\t\t<div class=\"elementor-widget-container\">\n\t\t\t\t\t\t\t\t\t\t\t\t\t\t\t<img loading=\"lazy\" decoding=\"async\" width=\"600\" height=\"800\" src=\"https:\/\/mandevillashop.com\/wp-content\/uploads\/2023\/12\/Mandevilla_Sundaville_Cream_Pink_Tower_in_sierpotten.webp\" class=\"attachment-large size-large wp-image-2649\" alt=\"\" srcset=\"https:\/\/mandevillashop.com\/wp-content\/uploads\/2023\/12\/Mandevilla_Sundaville_Cream_Pink_Tower_in_sierpotten.webp 600w, https:\/\/mandevillashop.com\/wp-content\/uploads\/2023\/12\/Mandevilla_Sundaville_Cream_Pink_Tower_in_sierpotten-225x300.webp 225w, https:\/\/mandevillashop.com\/wp-content\/uploads\/2023\/12\/Mandevilla_Sundaville_Cream_Pink_Tower_in_sierpotten-300x400.webp 300w\" sizes=\"(max-width: 600px) 100vw, 600px\" \/>\t\t\t\t\t\t\t\t\t\t\t\t\t\t\t<\/div>\n\t\t\t\t<\/div>\n\t\t\t\t<\/div>\n\t\t<div class=\"elementor-element elementor-element-97a2b03 e-con-full e-flex e-con e-child\" data-id=\"97a2b03\" data-element_type=\"container\" data-e-type=\"container\">\n\t\t\t\t<div class=\"elementor-element elementor-element-0c2f9ba elementor-widget elementor-widget-image\" data-id=\"0c2f9ba\" data-element_type=\"widget\" data-e-type=\"widget\" data-widget_type=\"image.default\">\n\t\t\t\t<div class=\"elementor-widget-container\">\n\t\t\t\t\t\t\t\t\t\t\t\t\t\t\t<img loading=\"lazy\" decoding=\"async\" width=\"600\" height=\"800\" src=\"https:\/\/mandevillashop.com\/wp-content\/uploads\/2023\/12\/Mandavilla_Sundaville_White_in_hangmand.webp\" class=\"attachment-large size-large wp-image-2646\" alt=\"\" srcset=\"https:\/\/mandevillashop.com\/wp-content\/uploads\/2023\/12\/Mandavilla_Sundaville_White_in_hangmand.webp 600w, https:\/\/mandevillashop.com\/wp-content\/uploads\/2023\/12\/Mandavilla_Sundaville_White_in_hangmand-225x300.webp 225w, https:\/\/mandevillashop.com\/wp-content\/uploads\/2023\/12\/Mandavilla_Sundaville_White_in_hangmand-300x400.webp 300w\" sizes=\"(max-width: 600px) 100vw, 600px\" \/>\t\t\t\t\t\t\t\t\t\t\t\t\t\t\t<\/div>\n\t\t\t\t<\/div>\n\t\t\t\t<\/div>\n\t\t<div class=\"elementor-element elementor-element-58265bc e-con-full e-flex e-con e-child\" data-id=\"58265bc\" data-element_type=\"container\" data-e-type=\"container\">\n\t\t\t\t<div class=\"elementor-element elementor-element-e0006b7 elementor-widget elementor-widget-image\" data-id=\"e0006b7\" data-element_type=\"widget\" data-e-type=\"widget\" data-widget_type=\"image.default\">\n\t\t\t\t<div class=\"elementor-widget-container\">\n\t\t\t\t\t\t\t\t\t\t\t\t\t\t\t<img loading=\"lazy\" decoding=\"async\" width=\"600\" height=\"800\" src=\"https:\/\/mandevillashop.com\/wp-content\/uploads\/2023\/12\/Mandavilla_Sundaville_White_in_plantenbak.webp\" class=\"attachment-large size-large wp-image-2643\" alt=\"\" srcset=\"https:\/\/mandevillashop.com\/wp-content\/uploads\/2023\/12\/Mandavilla_Sundaville_White_in_plantenbak.webp 600w, https:\/\/mandevillashop.com\/wp-content\/uploads\/2023\/12\/Mandavilla_Sundaville_White_in_plantenbak-225x300.webp 225w, https:\/\/mandevillashop.com\/wp-content\/uploads\/2023\/12\/Mandavilla_Sundaville_White_in_plantenbak-300x400.webp 300w\" sizes=\"(max-width: 600px) 100vw, 600px\" \/>\t\t\t\t\t\t\t\t\t\t\t\t\t\t\t<\/div>\n\t\t\t\t<\/div>\n\t\t\t\t<\/div>\n\t\t<div class=\"elementor-element elementor-element-dc8ebab e-con-full e-flex e-con e-child\" data-id=\"dc8ebab\" data-element_type=\"container\" data-e-type=\"container\">\n\t\t\t\t<div class=\"elementor-element elementor-element-7131bc0 elementor-widget elementor-widget-image\" data-id=\"7131bc0\" data-element_type=\"widget\" data-e-type=\"widget\" data-widget_type=\"image.default\">\n\t\t\t\t<div class=\"elementor-widget-container\">\n\t\t\t\t\t\t\t\t\t\t\t\t\t\t\t<img loading=\"lazy\" decoding=\"async\" width=\"600\" height=\"800\" src=\"https:\/\/mandevillashop.com\/wp-content\/uploads\/2023\/12\/Mandavilla_Sundaville_Pink_bij_entree.webp\" class=\"attachment-large size-large wp-image-2640\" alt=\"\" srcset=\"https:\/\/mandevillashop.com\/wp-content\/uploads\/2023\/12\/Mandavilla_Sundaville_Pink_bij_entree.webp 600w, https:\/\/mandevillashop.com\/wp-content\/uploads\/2023\/12\/Mandavilla_Sundaville_Pink_bij_entree-225x300.webp 225w, https:\/\/mandevillashop.com\/wp-content\/uploads\/2023\/12\/Mandavilla_Sundaville_Pink_bij_entree-300x400.webp 300w\" sizes=\"(max-width: 600px) 100vw, 600px\" \/>\t\t\t\t\t\t\t\t\t\t\t\t\t\t\t<\/div>\n\t\t\t\t<\/div>\n\t\t\t\t<\/div>\n\t\t<div class=\"elementor-element elementor-element-0157629 e-con-full e-flex e-con e-child\" data-id=\"0157629\" data-element_type=\"container\" data-e-type=\"container\">\n\t\t\t\t<div class=\"elementor-element elementor-element-1db2cd8 elementor-widget elementor-widget-image\" data-id=\"1db2cd8\" data-element_type=\"widget\" data-e-type=\"widget\" data-widget_type=\"image.default\">\n\t\t\t\t<div class=\"elementor-widget-container\">\n\t\t\t\t\t\t\t\t\t\t\t\t\t\t\t<img loading=\"lazy\" decoding=\"async\" width=\"600\" height=\"800\" src=\"https:\/\/mandevillashop.com\/wp-content\/uploads\/2023\/12\/Mandevilla_Sundaville_White_in_pergola.webp\" class=\"attachment-large size-large wp-image-2637\" alt=\"\" srcset=\"https:\/\/mandevillashop.com\/wp-content\/uploads\/2023\/12\/Mandevilla_Sundaville_White_in_pergola.webp 600w, https:\/\/mandevillashop.com\/wp-content\/uploads\/2023\/12\/Mandevilla_Sundaville_White_in_pergola-225x300.webp 225w, https:\/\/mandevillashop.com\/wp-content\/uploads\/2023\/12\/Mandevilla_Sundaville_White_in_pergola-300x400.webp 300w\" sizes=\"(max-width: 600px) 100vw, 600px\" \/>\t\t\t\t\t\t\t\t\t\t\t\t\t\t\t<\/div>\n\t\t\t\t<\/div>\n\t\t\t\t<\/div>\n\t\t\t\t\t<\/div>\n\t\t\t\t<\/div>\n\t\t\t\t<\/div>\n\t\t","protected":false},"excerpt":{"rendered":"<p>Le mand\u00e9villa permet de cr\u00e9er une ambiance m\u00e9diterran\u00e9enne Le mand\u00e9villa existe dans de nombreuses variantes, couleurs, formes et tailles diff\u00e9rentes. Il est donc extr\u00eamement polyvalent ! Vous pouvez utiliser cette plante de diff\u00e9rentes mani\u00e8res : dans un grand pot, suspendue \u00e0 votre pergola ou en combinant plusieurs mand\u00e9villas. Le mand\u00e9villa est en effet une plante<\/p>\n","protected":false},"author":1,"featured_media":0,"parent":0,"menu_order":0,"comment_status":"closed","ping_status":"closed","template":"","meta":{"_acf_changed":false,"footnotes":""},"class_list":["post-6218","page","type-page","status-publish","hentry"],"acf":[],"yoast_head":"<!-- This site is optimized with the Yoast SEO plugin v27.4 - https:\/\/yoast.com\/product\/yoast-seo-wordpress\/ -->\n<title>Inspiration - Mandevillashop<\/title>\n<meta name=\"description\" content=\"Dans un grand pot, suspendue \u00e0 votre pergola ou plusieurs plantes ensemble : la mandevilla se combine bien !\" \/>\n<meta name=\"robots\" content=\"index, follow, max-snippet:-1, max-image-preview:large, max-video-preview:-1\" \/>\n<link rel=\"canonical\" href=\"https:\/\/mandevillashop.com\/fr\/inspiration\/\" \/>\n<meta property=\"og:locale\" content=\"fr_FR\" \/>\n<meta property=\"og:type\" content=\"article\" \/>\n<meta property=\"og:title\" content=\"Inspiration - Mandevillashop\" \/>\n<meta property=\"og:description\" content=\"Dans un grand pot, suspendue \u00e0 votre pergola ou plusieurs plantes ensemble : la mandevilla se combine bien !\" \/>\n<meta property=\"og:url\" content=\"https:\/\/mandevillashop.com\/fr\/inspiration\/\" \/>\n<meta property=\"og:site_name\" content=\"Mandevillashop\" \/>\n<meta property=\"article:modified_time\" content=\"2024-02-06T13:52:52+00:00\" \/>\n<meta property=\"og:image\" content=\"https:\/\/mandevillashop.com\/wp-content\/uploads\/2023\/12\/Mandevilla-Sundaville-White-in-sierpot-1.webp\" \/>\n<meta name=\"twitter:card\" content=\"summary_large_image\" \/>\n<meta name=\"twitter:label1\" content=\"Dur\u00e9e de lecture estim\u00e9e\" \/>\n\t<meta name=\"twitter:data1\" content=\"2 minutes\" \/>\n<script type=\"application\/ld+json\" class=\"yoast-schema-graph\">{\"@context\":\"https:\\\/\\\/schema.org\",\"@graph\":[{\"@type\":\"WebPage\",\"@id\":\"https:\\\/\\\/mandevillashop.com\\\/fr\\\/inspiration\\\/\",\"url\":\"https:\\\/\\\/mandevillashop.com\\\/fr\\\/inspiration\\\/\",\"name\":\"Inspiration - Mandevillashop\",\"isPartOf\":{\"@id\":\"https:\\\/\\\/mandevillashop.com\\\/fr\\\/#website\"},\"primaryImageOfPage\":{\"@id\":\"https:\\\/\\\/mandevillashop.com\\\/fr\\\/inspiration\\\/#primaryimage\"},\"image\":{\"@id\":\"https:\\\/\\\/mandevillashop.com\\\/fr\\\/inspiration\\\/#primaryimage\"},\"thumbnailUrl\":\"https:\\\/\\\/mandevillashop.com\\\/wp-content\\\/uploads\\\/2023\\\/12\\\/Mandevilla-Sundaville-White-in-sierpot-1.webp\",\"datePublished\":\"2023-12-22T08:47:26+00:00\",\"dateModified\":\"2024-02-06T13:52:52+00:00\",\"description\":\"Dans un grand pot, suspendue \u00e0 votre pergola ou plusieurs plantes ensemble : la mandevilla se combine bien !\",\"breadcrumb\":{\"@id\":\"https:\\\/\\\/mandevillashop.com\\\/fr\\\/inspiration\\\/#breadcrumb\"},\"inLanguage\":\"fr-FR\",\"potentialAction\":[{\"@type\":\"ReadAction\",\"target\":[\"https:\\\/\\\/mandevillashop.com\\\/fr\\\/inspiration\\\/\"]}]},{\"@type\":\"ImageObject\",\"inLanguage\":\"fr-FR\",\"@id\":\"https:\\\/\\\/mandevillashop.com\\\/fr\\\/inspiration\\\/#primaryimage\",\"url\":\"https:\\\/\\\/mandevillashop.com\\\/wp-content\\\/uploads\\\/2023\\\/12\\\/Mandevilla-Sundaville-White-in-sierpot-1.webp\",\"contentUrl\":\"https:\\\/\\\/mandevillashop.com\\\/wp-content\\\/uploads\\\/2023\\\/12\\\/Mandevilla-Sundaville-White-in-sierpot-1.webp\"},{\"@type\":\"BreadcrumbList\",\"@id\":\"https:\\\/\\\/mandevillashop.com\\\/fr\\\/inspiration\\\/#breadcrumb\",\"itemListElement\":[{\"@type\":\"ListItem\",\"position\":1,\"name\":\"Home\",\"item\":\"https:\\\/\\\/mandevillashop.com\\\/fr\\\/\"},{\"@type\":\"ListItem\",\"position\":2,\"name\":\"Inspiration\"}]},{\"@type\":\"WebSite\",\"@id\":\"https:\\\/\\\/mandevillashop.com\\\/fr\\\/#website\",\"url\":\"https:\\\/\\\/mandevillashop.com\\\/fr\\\/\",\"name\":\"Mandevillashop\",\"description\":\"De Mandevilla Specialist\",\"publisher\":{\"@id\":\"https:\\\/\\\/mandevillashop.com\\\/fr\\\/#organization\"},\"potentialAction\":[{\"@type\":\"SearchAction\",\"target\":{\"@type\":\"EntryPoint\",\"urlTemplate\":\"https:\\\/\\\/mandevillashop.com\\\/fr\\\/?s={search_term_string}\"},\"query-input\":{\"@type\":\"PropertyValueSpecification\",\"valueRequired\":true,\"valueName\":\"search_term_string\"}}],\"inLanguage\":\"fr-FR\"},{\"@type\":\"Organization\",\"@id\":\"https:\\\/\\\/mandevillashop.com\\\/fr\\\/#organization\",\"name\":\"Mandevilla Shop\",\"url\":\"https:\\\/\\\/mandevillashop.com\\\/fr\\\/\",\"logo\":{\"@type\":\"ImageObject\",\"inLanguage\":\"fr-FR\",\"@id\":\"https:\\\/\\\/mandevillashop.com\\\/fr\\\/#\\\/schema\\\/logo\\\/image\\\/\",\"url\":\"https:\\\/\\\/mandevillashop.com\\\/wp-content\\\/uploads\\\/2023\\\/07\\\/mandevilla-shop-zwart.svg\",\"contentUrl\":\"https:\\\/\\\/mandevillashop.com\\\/wp-content\\\/uploads\\\/2023\\\/07\\\/mandevilla-shop-zwart.svg\",\"caption\":\"Mandevilla Shop\"},\"image\":{\"@id\":\"https:\\\/\\\/mandevillashop.com\\\/fr\\\/#\\\/schema\\\/logo\\\/image\\\/\"}}]}<\/script>\n<!-- \/ Yoast SEO plugin. -->","yoast_head_json":{"title":"Inspiration - Mandevillashop","description":"Dans un grand pot, suspendue \u00e0 votre pergola ou plusieurs plantes ensemble : la mandevilla se combine bien !","robots":{"index":"index","follow":"follow","max-snippet":"max-snippet:-1","max-image-preview":"max-image-preview:large","max-video-preview":"max-video-preview:-1"},"canonical":"https:\/\/mandevillashop.com\/fr\/inspiration\/","og_locale":"fr_FR","og_type":"article","og_title":"Inspiration - Mandevillashop","og_description":"Dans un grand pot, suspendue \u00e0 votre pergola ou plusieurs plantes ensemble : la mandevilla se combine bien !","og_url":"https:\/\/mandevillashop.com\/fr\/inspiration\/","og_site_name":"Mandevillashop","article_modified_time":"2024-02-06T13:52:52+00:00","og_image":[{"url":"https:\/\/mandevillashop.com\/wp-content\/uploads\/2023\/12\/Mandevilla-Sundaville-White-in-sierpot-1.webp","type":"","width":"","height":""}],"twitter_card":"summary_large_image","twitter_misc":{"Dur\u00e9e de lecture estim\u00e9e":"2 minutes"},"schema":{"@context":"https:\/\/schema.org","@graph":[{"@type":"WebPage","@id":"https:\/\/mandevillashop.com\/fr\/inspiration\/","url":"https:\/\/mandevillashop.com\/fr\/inspiration\/","name":"Inspiration - Mandevillashop","isPartOf":{"@id":"https:\/\/mandevillashop.com\/fr\/#website"},"primaryImageOfPage":{"@id":"https:\/\/mandevillashop.com\/fr\/inspiration\/#primaryimage"},"image":{"@id":"https:\/\/mandevillashop.com\/fr\/inspiration\/#primaryimage"},"thumbnailUrl":"https:\/\/mandevillashop.com\/wp-content\/uploads\/2023\/12\/Mandevilla-Sundaville-White-in-sierpot-1.webp","datePublished":"2023-12-22T08:47:26+00:00","dateModified":"2024-02-06T13:52:52+00:00","description":"Dans un grand pot, suspendue \u00e0 votre pergola ou plusieurs plantes ensemble : la mandevilla se combine bien !","breadcrumb":{"@id":"https:\/\/mandevillashop.com\/fr\/inspiration\/#breadcrumb"},"inLanguage":"fr-FR","potentialAction":[{"@type":"ReadAction","target":["https:\/\/mandevillashop.com\/fr\/inspiration\/"]}]},{"@type":"ImageObject","inLanguage":"fr-FR","@id":"https:\/\/mandevillashop.com\/fr\/inspiration\/#primaryimage","url":"https:\/\/mandevillashop.com\/wp-content\/uploads\/2023\/12\/Mandevilla-Sundaville-White-in-sierpot-1.webp","contentUrl":"https:\/\/mandevillashop.com\/wp-content\/uploads\/2023\/12\/Mandevilla-Sundaville-White-in-sierpot-1.webp"},{"@type":"BreadcrumbList","@id":"https:\/\/mandevillashop.com\/fr\/inspiration\/#breadcrumb","itemListElement":[{"@type":"ListItem","position":1,"name":"Home","item":"https:\/\/mandevillashop.com\/fr\/"},{"@type":"ListItem","position":2,"name":"Inspiration"}]},{"@type":"WebSite","@id":"https:\/\/mandevillashop.com\/fr\/#website","url":"https:\/\/mandevillashop.com\/fr\/","name":"Mandevillashop","description":"De Mandevilla Specialist","publisher":{"@id":"https:\/\/mandevillashop.com\/fr\/#organization"},"potentialAction":[{"@type":"SearchAction","target":{"@type":"EntryPoint","urlTemplate":"https:\/\/mandevillashop.com\/fr\/?s={search_term_string}"},"query-input":{"@type":"PropertyValueSpecification","valueRequired":true,"valueName":"search_term_string"}}],"inLanguage":"fr-FR"},{"@type":"Organization","@id":"https:\/\/mandevillashop.com\/fr\/#organization","name":"Mandevilla Shop","url":"https:\/\/mandevillashop.com\/fr\/","logo":{"@type":"ImageObject","inLanguage":"fr-FR","@id":"https:\/\/mandevillashop.com\/fr\/#\/schema\/logo\/image\/","url":"https:\/\/mandevillashop.com\/wp-content\/uploads\/2023\/07\/mandevilla-shop-zwart.svg","contentUrl":"https:\/\/mandevillashop.com\/wp-content\/uploads\/2023\/07\/mandevilla-shop-zwart.svg","caption":"Mandevilla Shop"},"image":{"@id":"https:\/\/mandevillashop.com\/fr\/#\/schema\/logo\/image\/"}}]}},"_links":{"self":[{"href":"https:\/\/mandevillashop.com\/fr\/wp-json\/wp\/v2\/pages\/6218","targetHints":{"allow":["GET"]}}],"collection":[{"href":"https:\/\/mandevillashop.com\/fr\/wp-json\/wp\/v2\/pages"}],"about":[{"href":"https:\/\/mandevillashop.com\/fr\/wp-json\/wp\/v2\/types\/page"}],"author":[{"embeddable":true,"href":"https:\/\/mandevillashop.com\/fr\/wp-json\/wp\/v2\/users\/1"}],"replies":[{"embeddable":true,"href":"https:\/\/mandevillashop.com\/fr\/wp-json\/wp\/v2\/comments?post=6218"}],"version-history":[{"count":1,"href":"https:\/\/mandevillashop.com\/fr\/wp-json\/wp\/v2\/pages\/6218\/revisions"}],"predecessor-version":[{"id":6491,"href":"https:\/\/mandevillashop.com\/fr\/wp-json\/wp\/v2\/pages\/6218\/revisions\/6491"}],"wp:attachment":[{"href":"https:\/\/mandevillashop.com\/fr\/wp-json\/wp\/v2\/media?parent=6218"}],"curies":[{"name":"wp","href":"https:\/\/api.w.org\/{rel}","templated":true}]}}