{"id":6226,"date":"2023-12-22T10:29:59","date_gmt":"2023-12-22T09:29:59","guid":{"rendered":"https:\/\/mandevillashop.com\/a-propos-de-nous\/"},"modified":"2024-02-06T13:48:04","modified_gmt":"2024-02-06T13:48:04","slug":"a-propos-de-nous","status":"publish","type":"page","link":"https:\/\/mandevillashop.com\/fr\/a-propos-de-nous\/","title":{"rendered":"\u00c0 propos de nous"},"content":{"rendered":"\t\t<div data-elementor-type=\"wp-page\" data-elementor-id=\"6226\" class=\"elementor elementor-6226 elementor-504\" data-elementor-post-type=\"page\">\n\t\t\t\t<div class=\"elementor-element elementor-element-47fd56d e-flex e-con-boxed e-con e-parent\" data-id=\"47fd56d\" data-element_type=\"container\">\n\t\t\t\t\t<div class=\"e-con-inner\">\n\t\t\t\t<div class=\"elementor-element elementor-element-52108f6 elementor-widget elementor-widget-heading\" data-id=\"52108f6\" data-element_type=\"widget\" data-widget_type=\"heading.default\">\n\t\t\t\t<div class=\"elementor-widget-container\">\n\t\t\t\t\t<h1 class=\"elementor-heading-title elementor-size-default\">L\u00e0 o\u00f9 tout commence<\/h1>\t\t\t\t<\/div>\n\t\t\t\t<\/div>\n\t\t\t\t<div class=\"elementor-element elementor-element-219a79c elementor-widget elementor-widget-text-editor\" data-id=\"219a79c\" data-element_type=\"widget\" data-widget_type=\"text-editor.default\">\n\t\t\t\t<div class=\"elementor-widget-container\">\n\t\t\t\t\t\t\t\t\t<p>Chez Mandevillashop, nous nous occupons de cette belle fleur d\u2019\u00e9t\u00e9 toute l\u2019ann\u00e9e (oui, m\u00eame en hiver !). Nous aimons cette plante d\u2019ext\u00e9rieur et savons exactement ce dont elle a besoin. Ce n\u2019est pas pour rien que l\u2019on nous appelle le sp\u00e9cialiste du mand\u00e9villa !<\/p>\n\t\t\t\t\t\t\t\t<\/div>\n\t\t\t\t<\/div>\n\t\t\t\t\t<\/div>\n\t\t\t\t<\/div>\n\t\t<div class=\"elementor-element elementor-element-d0baa38 e-flex e-con-boxed e-con e-parent\" data-id=\"d0baa38\" data-element_type=\"container\">\n\t\t\t\t\t<div class=\"e-con-inner\">\n\t\t<div class=\"elementor-element elementor-element-3af3779 e-con-full e-flex e-con e-child\" data-id=\"3af3779\" data-element_type=\"container\">\n\t\t\t\t<div class=\"elementor-element elementor-element-2e43f04 elementor-widget elementor-widget-heading\" data-id=\"2e43f04\" data-element_type=\"widget\" data-widget_type=\"heading.default\">\n\t\t\t\t<div class=\"elementor-widget-container\">\n\t\t\t\t\t<h2 class=\"elementor-heading-title elementor-size-default\">Cr\u00e9ation<\/h2>\t\t\t\t<\/div>\n\t\t\t\t<\/div>\n\t\t\t\t<div class=\"elementor-element elementor-element-49dbe65 elementor-widget elementor-widget-text-editor\" data-id=\"49dbe65\" data-element_type=\"widget\" data-widget_type=\"text-editor.default\">\n\t\t\t\t<div class=\"elementor-widget-container\">\n\t\t\t\t\t\t\t\t\t<p>Mandevillashop fait partie de la p\u00e9pini\u00e8re Beauty Plants, une entreprise familiale d\u2019environ 7,5 hectares, qui a commenc\u00e9 \u00e0 cultiver le mand\u00e9villa en 2016. C\u2019est de notre amour pour ce produit que nous (les fr\u00e8res Tim et Stef Koene) avons fond\u00e9 Mandevillashop. Nous pouvons ainsi faire d\u00e9couvrir \u00e0 un plus grand nombre de consommateurs cette plante de jardin moderne et polyvalente.<\/p>\n<p>Entre-temps, Mandevillashop est devenu bien plus qu\u2019une boutique en ligne o\u00f9 sont propos\u00e9s les plus beaux mand\u00e9villas. Gr\u00e2ce \u00e0 notre sp\u00e9cialisation, nous partageons \u00e9galement avec le consommateur de nombreuses informations de fond, des conseils d\u2019entretien et de l\u2019inspiration.<\/p>\n\t\t\t\t\t\t\t\t<\/div>\n\t\t\t\t<\/div>\n\t\t\t\t<\/div>\n\t\t<div class=\"elementor-element elementor-element-4fb66c9 e-con-full e-flex e-con e-child\" data-id=\"4fb66c9\" data-element_type=\"container\">\n\t\t\t\t<div class=\"elementor-element elementor-element-fceae58 elementor-widget elementor-widget-image\" data-id=\"fceae58\" data-element_type=\"widget\" data-widget_type=\"image.default\">\n\t\t\t\t<div class=\"elementor-widget-container\">\n\t\t\t\t\t\t\t\t\t\t\t\t\t\t\t<img fetchpriority=\"high\" decoding=\"async\" width=\"600\" height=\"900\" src=\"https:\/\/mandevillashop.com\/wp-content\/uploads\/2023\/12\/mandevilla-tim.webp\" class=\"attachment-large size-large wp-image-2670\" alt=\"\" srcset=\"https:\/\/mandevillashop.com\/wp-content\/uploads\/2023\/12\/mandevilla-tim.webp 600w, https:\/\/mandevillashop.com\/wp-content\/uploads\/2023\/12\/mandevilla-tim-200x300.webp 200w, https:\/\/mandevillashop.com\/wp-content\/uploads\/2023\/12\/mandevilla-tim-300x450.webp 300w\" sizes=\"(max-width: 600px) 100vw, 600px\" \/>\t\t\t\t\t\t\t\t\t\t\t\t\t\t\t<\/div>\n\t\t\t\t<\/div>\n\t\t\t\t<\/div>\n\t\t<div class=\"elementor-element elementor-element-05d7b47 e-con-full e-flex e-con e-child\" data-id=\"05d7b47\" data-element_type=\"container\">\n\t\t\t\t<div class=\"elementor-element elementor-element-ceaa0b2 elementor-widget elementor-widget-image\" data-id=\"ceaa0b2\" data-element_type=\"widget\" data-widget_type=\"image.default\">\n\t\t\t\t<div class=\"elementor-widget-container\">\n\t\t\t\t\t\t\t\t\t\t\t\t\t\t\t<img decoding=\"async\" width=\"600\" height=\"899\" src=\"https:\/\/mandevillashop.com\/wp-content\/uploads\/2023\/12\/mandevilla-stef.webp\" class=\"attachment-large size-large wp-image-2667\" alt=\"\" srcset=\"https:\/\/mandevillashop.com\/wp-content\/uploads\/2023\/12\/mandevilla-stef.webp 600w, https:\/\/mandevillashop.com\/wp-content\/uploads\/2023\/12\/mandevilla-stef-200x300.webp 200w, https:\/\/mandevillashop.com\/wp-content\/uploads\/2023\/12\/mandevilla-stef-300x450.webp 300w\" sizes=\"(max-width: 600px) 100vw, 600px\" \/>\t\t\t\t\t\t\t\t\t\t\t\t\t\t\t<\/div>\n\t\t\t\t<\/div>\n\t\t\t\t<\/div>\n\t\t\t\t\t<\/div>\n\t\t\t\t<\/div>\n\t\t<div class=\"elementor-element elementor-element-473f2a8 e-flex e-con-boxed e-con e-parent\" data-id=\"473f2a8\" data-element_type=\"container\">\n\t\t\t\t\t<div class=\"e-con-inner\">\n\t\t<div class=\"elementor-element elementor-element-5dfb5a5 e-flex e-con-boxed e-con e-child\" data-id=\"5dfb5a5\" data-element_type=\"container\">\n\t\t\t\t\t<div class=\"e-con-inner\">\n\t\t\t\t\t<\/div>\n\t\t\t\t<\/div>\n\t\t\t\t\t<\/div>\n\t\t\t\t<\/div>\n\t\t<div class=\"elementor-element elementor-element-cbfe20a e-flex e-con-boxed e-con e-parent\" data-id=\"cbfe20a\" data-element_type=\"container\">\n\t\t\t\t\t<div class=\"e-con-inner\">\n\t\t<div class=\"elementor-element elementor-element-b473ee5 e-con-full e-flex e-con e-child\" data-id=\"b473ee5\" data-element_type=\"container\">\n\t\t\t\t<div class=\"elementor-element elementor-element-4dab2f2 elementor-widget elementor-widget-image\" data-id=\"4dab2f2\" data-element_type=\"widget\" data-widget_type=\"image.default\">\n\t\t\t\t<div class=\"elementor-widget-container\">\n\t\t\t\t\t\t\t\t\t\t\t\t\t\t\t<img decoding=\"async\" width=\"767\" height=\"907\" src=\"https:\/\/mandevillashop.com\/wp-content\/uploads\/2023\/12\/Mandevilla-Sundaville-Flamingo-stek-1.webp\" class=\"attachment-large size-large wp-image-2685\" alt=\"\" srcset=\"https:\/\/mandevillashop.com\/wp-content\/uploads\/2023\/12\/Mandevilla-Sundaville-Flamingo-stek-1.webp 767w, https:\/\/mandevillashop.com\/wp-content\/uploads\/2023\/12\/Mandevilla-Sundaville-Flamingo-stek-1-254x300.webp 254w, https:\/\/mandevillashop.com\/wp-content\/uploads\/2023\/12\/Mandevilla-Sundaville-Flamingo-stek-1-300x355.webp 300w, https:\/\/mandevillashop.com\/wp-content\/uploads\/2023\/12\/Mandevilla-Sundaville-Flamingo-stek-1-600x710.webp 600w\" sizes=\"(max-width: 767px) 100vw, 767px\" \/>\t\t\t\t\t\t\t\t\t\t\t\t\t\t\t<\/div>\n\t\t\t\t<\/div>\n\t\t\t\t<\/div>\n\t\t<div class=\"elementor-element elementor-element-0bf866e e-con-full e-flex e-con e-child\" data-id=\"0bf866e\" data-element_type=\"container\">\n\t\t\t\t<div class=\"elementor-element elementor-element-ca6d8f2 elementor-widget elementor-widget-heading\" data-id=\"ca6d8f2\" data-element_type=\"widget\" data-widget_type=\"heading.default\">\n\t\t\t\t<div class=\"elementor-widget-container\">\n\t\t\t\t\t<h2 class=\"elementor-heading-title elementor-size-default\">Culture durable<\/h2>\t\t\t\t<\/div>\n\t\t\t\t<\/div>\n\t\t\t\t<div class=\"elementor-element elementor-element-ea5a467 elementor-widget elementor-widget-text-editor\" data-id=\"ea5a467\" data-element_type=\"widget\" data-widget_type=\"text-editor.default\">\n\t\t\t\t<div class=\"elementor-widget-container\">\n\t\t\t\t\t\t\t\t\t<p>Nous cultivons le mand\u00e9villa de la mani\u00e8re la plus durable possible, en pr\u00eatant attention au monde qui nous entoure. Le terreau que nous utilisons pour nos mand\u00e9villas est certifi\u00e9 RHP : une garantie de qualit\u00e9 et de s\u00e9curit\u00e9.<br \/>\nEn tant que p\u00e9pini\u00e8re, il est possible d\u2019obtenir des certificats en r\u00e9pondant \u00e0 des exigences strictes en mati\u00e8re de durabilit\u00e9. Notre p\u00e9pini\u00e8re est certifi\u00e9e MPS A, MPS GAP et MPS SQ.<\/p>\n<p>Si vous achetez un mand\u00e9villa sur Mandevillashop.com, vous avez la garantie d\u2019un produit cultiv\u00e9 de mani\u00e8re durable.<\/p>\n\t\t\t\t\t\t\t\t<\/div>\n\t\t\t\t<\/div>\n\t\t\t\t<\/div>\n\t\t\t\t\t<\/div>\n\t\t\t\t<\/div>\n\t\t\t\t<\/div>\n\t\t","protected":false},"excerpt":{"rendered":"<p>L\u00e0 o\u00f9 tout commence Chez Mandevillashop, nous nous occupons de cette belle fleur d\u2019\u00e9t\u00e9 toute l\u2019ann\u00e9e (oui, m\u00eame en hiver !). Nous aimons cette plante d\u2019ext\u00e9rieur et savons exactement ce dont elle a besoin. Ce n\u2019est pas pour rien que l\u2019on nous appelle le sp\u00e9cialiste du mand\u00e9villa ! Cr\u00e9ation Mandevillashop fait partie de la p\u00e9pini\u00e8re<\/p>\n","protected":false},"author":1,"featured_media":0,"parent":0,"menu_order":0,"comment_status":"closed","ping_status":"closed","template":"","meta":{"_acf_changed":false,"footnotes":""},"class_list":["post-6226","page","type-page","status-publish","hentry"],"acf":[],"yoast_head":"<!-- This site is optimized with the Yoast SEO plugin v26.7 - https:\/\/yoast.com\/wordpress\/plugins\/seo\/ -->\n<title>\u00c0 propos de nous - Mandevillashop<\/title>\n<meta name=\"description\" content=\"Mandevillashop fait partie de la cat\u00e9gorie P\u00e9pini\u00e8re Beauty Plants. Avec passion, ils se consacrent enti\u00e8rement \u00e0 la culture de la mandevilla.\" \/>\n<meta name=\"robots\" content=\"index, follow, max-snippet:-1, max-image-preview:large, max-video-preview:-1\" \/>\n<link rel=\"canonical\" href=\"https:\/\/mandevillashop.com\/fr\/a-propos-de-nous\/\" \/>\n<meta property=\"og:locale\" content=\"fr_FR\" \/>\n<meta property=\"og:type\" content=\"article\" \/>\n<meta property=\"og:title\" content=\"\u00c0 propos de nous - Mandevillashop\" \/>\n<meta property=\"og:description\" content=\"Mandevillashop fait partie de la cat\u00e9gorie P\u00e9pini\u00e8re Beauty Plants. Avec passion, ils se consacrent enti\u00e8rement \u00e0 la culture de la mandevilla.\" \/>\n<meta property=\"og:url\" content=\"https:\/\/mandevillashop.com\/fr\/a-propos-de-nous\/\" \/>\n<meta property=\"og:site_name\" content=\"Mandevillashop\" \/>\n<meta property=\"article:modified_time\" content=\"2024-02-06T13:48:04+00:00\" \/>\n<meta property=\"og:image\" content=\"https:\/\/mandevillashop.com\/wp-content\/uploads\/2023\/12\/mandevilla-tim.webp\" \/>\n<meta name=\"twitter:card\" content=\"summary_large_image\" \/>\n<meta name=\"twitter:label1\" content=\"Dur\u00e9e de lecture estim\u00e9e\" \/>\n\t<meta name=\"twitter:data1\" content=\"2 minutes\" \/>\n<script type=\"application\/ld+json\" class=\"yoast-schema-graph\">{\"@context\":\"https:\/\/schema.org\",\"@graph\":[{\"@type\":\"WebPage\",\"@id\":\"https:\/\/mandevillashop.com\/fr\/a-propos-de-nous\/\",\"url\":\"https:\/\/mandevillashop.com\/fr\/a-propos-de-nous\/\",\"name\":\"\u00c0 propos de nous - Mandevillashop\",\"isPartOf\":{\"@id\":\"https:\/\/mandevillashop.com\/fr\/#website\"},\"primaryImageOfPage\":{\"@id\":\"https:\/\/mandevillashop.com\/fr\/a-propos-de-nous\/#primaryimage\"},\"image\":{\"@id\":\"https:\/\/mandevillashop.com\/fr\/a-propos-de-nous\/#primaryimage\"},\"thumbnailUrl\":\"https:\/\/mandevillashop.com\/wp-content\/uploads\/2023\/12\/mandevilla-tim.webp\",\"datePublished\":\"2023-12-22T09:29:59+00:00\",\"dateModified\":\"2024-02-06T13:48:04+00:00\",\"description\":\"Mandevillashop fait partie de la cat\u00e9gorie P\u00e9pini\u00e8re Beauty Plants. Avec passion, ils se consacrent enti\u00e8rement \u00e0 la culture de la mandevilla.\",\"breadcrumb\":{\"@id\":\"https:\/\/mandevillashop.com\/fr\/a-propos-de-nous\/#breadcrumb\"},\"inLanguage\":\"fr-FR\",\"potentialAction\":[{\"@type\":\"ReadAction\",\"target\":[\"https:\/\/mandevillashop.com\/fr\/a-propos-de-nous\/\"]}]},{\"@type\":\"ImageObject\",\"inLanguage\":\"fr-FR\",\"@id\":\"https:\/\/mandevillashop.com\/fr\/a-propos-de-nous\/#primaryimage\",\"url\":\"https:\/\/mandevillashop.com\/wp-content\/uploads\/2023\/12\/mandevilla-tim.webp\",\"contentUrl\":\"https:\/\/mandevillashop.com\/wp-content\/uploads\/2023\/12\/mandevilla-tim.webp\"},{\"@type\":\"BreadcrumbList\",\"@id\":\"https:\/\/mandevillashop.com\/fr\/a-propos-de-nous\/#breadcrumb\",\"itemListElement\":[{\"@type\":\"ListItem\",\"position\":1,\"name\":\"Home\",\"item\":\"https:\/\/mandevillashop.com\/fr\/\"},{\"@type\":\"ListItem\",\"position\":2,\"name\":\"\u00c0 propos de nous\"}]},{\"@type\":\"WebSite\",\"@id\":\"https:\/\/mandevillashop.com\/fr\/#website\",\"url\":\"https:\/\/mandevillashop.com\/fr\/\",\"name\":\"Mandevillashop\",\"description\":\"De Mandevilla Specialist\",\"publisher\":{\"@id\":\"https:\/\/mandevillashop.com\/fr\/#organization\"},\"potentialAction\":[{\"@type\":\"SearchAction\",\"target\":{\"@type\":\"EntryPoint\",\"urlTemplate\":\"https:\/\/mandevillashop.com\/fr\/?s={search_term_string}\"},\"query-input\":{\"@type\":\"PropertyValueSpecification\",\"valueRequired\":true,\"valueName\":\"search_term_string\"}}],\"inLanguage\":\"fr-FR\"},{\"@type\":\"Organization\",\"@id\":\"https:\/\/mandevillashop.com\/fr\/#organization\",\"name\":\"Mandevilla Shop\",\"url\":\"https:\/\/mandevillashop.com\/fr\/\",\"logo\":{\"@type\":\"ImageObject\",\"inLanguage\":\"fr-FR\",\"@id\":\"https:\/\/mandevillashop.com\/fr\/#\/schema\/logo\/image\/\",\"url\":\"https:\/\/mandevillashop.com\/wp-content\/uploads\/2023\/07\/mandevilla-shop-zwart.svg\",\"contentUrl\":\"https:\/\/mandevillashop.com\/wp-content\/uploads\/2023\/07\/mandevilla-shop-zwart.svg\",\"caption\":\"Mandevilla Shop\"},\"image\":{\"@id\":\"https:\/\/mandevillashop.com\/fr\/#\/schema\/logo\/image\/\"}}]}<\/script>\n<!-- \/ Yoast SEO plugin. -->","yoast_head_json":{"title":"\u00c0 propos de nous - Mandevillashop","description":"Mandevillashop fait partie de la cat\u00e9gorie P\u00e9pini\u00e8re Beauty Plants. Avec passion, ils se consacrent enti\u00e8rement \u00e0 la culture de la mandevilla.","robots":{"index":"index","follow":"follow","max-snippet":"max-snippet:-1","max-image-preview":"max-image-preview:large","max-video-preview":"max-video-preview:-1"},"canonical":"https:\/\/mandevillashop.com\/fr\/a-propos-de-nous\/","og_locale":"fr_FR","og_type":"article","og_title":"\u00c0 propos de nous - Mandevillashop","og_description":"Mandevillashop fait partie de la cat\u00e9gorie P\u00e9pini\u00e8re Beauty Plants. Avec passion, ils se consacrent enti\u00e8rement \u00e0 la culture de la mandevilla.","og_url":"https:\/\/mandevillashop.com\/fr\/a-propos-de-nous\/","og_site_name":"Mandevillashop","article_modified_time":"2024-02-06T13:48:04+00:00","og_image":[{"url":"https:\/\/mandevillashop.com\/wp-content\/uploads\/2023\/12\/mandevilla-tim.webp","type":"","width":"","height":""}],"twitter_card":"summary_large_image","twitter_misc":{"Dur\u00e9e de lecture estim\u00e9e":"2 minutes"},"schema":{"@context":"https:\/\/schema.org","@graph":[{"@type":"WebPage","@id":"https:\/\/mandevillashop.com\/fr\/a-propos-de-nous\/","url":"https:\/\/mandevillashop.com\/fr\/a-propos-de-nous\/","name":"\u00c0 propos de nous - Mandevillashop","isPartOf":{"@id":"https:\/\/mandevillashop.com\/fr\/#website"},"primaryImageOfPage":{"@id":"https:\/\/mandevillashop.com\/fr\/a-propos-de-nous\/#primaryimage"},"image":{"@id":"https:\/\/mandevillashop.com\/fr\/a-propos-de-nous\/#primaryimage"},"thumbnailUrl":"https:\/\/mandevillashop.com\/wp-content\/uploads\/2023\/12\/mandevilla-tim.webp","datePublished":"2023-12-22T09:29:59+00:00","dateModified":"2024-02-06T13:48:04+00:00","description":"Mandevillashop fait partie de la cat\u00e9gorie P\u00e9pini\u00e8re Beauty Plants. Avec passion, ils se consacrent enti\u00e8rement \u00e0 la culture de la mandevilla.","breadcrumb":{"@id":"https:\/\/mandevillashop.com\/fr\/a-propos-de-nous\/#breadcrumb"},"inLanguage":"fr-FR","potentialAction":[{"@type":"ReadAction","target":["https:\/\/mandevillashop.com\/fr\/a-propos-de-nous\/"]}]},{"@type":"ImageObject","inLanguage":"fr-FR","@id":"https:\/\/mandevillashop.com\/fr\/a-propos-de-nous\/#primaryimage","url":"https:\/\/mandevillashop.com\/wp-content\/uploads\/2023\/12\/mandevilla-tim.webp","contentUrl":"https:\/\/mandevillashop.com\/wp-content\/uploads\/2023\/12\/mandevilla-tim.webp"},{"@type":"BreadcrumbList","@id":"https:\/\/mandevillashop.com\/fr\/a-propos-de-nous\/#breadcrumb","itemListElement":[{"@type":"ListItem","position":1,"name":"Home","item":"https:\/\/mandevillashop.com\/fr\/"},{"@type":"ListItem","position":2,"name":"\u00c0 propos de nous"}]},{"@type":"WebSite","@id":"https:\/\/mandevillashop.com\/fr\/#website","url":"https:\/\/mandevillashop.com\/fr\/","name":"Mandevillashop","description":"De Mandevilla Specialist","publisher":{"@id":"https:\/\/mandevillashop.com\/fr\/#organization"},"potentialAction":[{"@type":"SearchAction","target":{"@type":"EntryPoint","urlTemplate":"https:\/\/mandevillashop.com\/fr\/?s={search_term_string}"},"query-input":{"@type":"PropertyValueSpecification","valueRequired":true,"valueName":"search_term_string"}}],"inLanguage":"fr-FR"},{"@type":"Organization","@id":"https:\/\/mandevillashop.com\/fr\/#organization","name":"Mandevilla Shop","url":"https:\/\/mandevillashop.com\/fr\/","logo":{"@type":"ImageObject","inLanguage":"fr-FR","@id":"https:\/\/mandevillashop.com\/fr\/#\/schema\/logo\/image\/","url":"https:\/\/mandevillashop.com\/wp-content\/uploads\/2023\/07\/mandevilla-shop-zwart.svg","contentUrl":"https:\/\/mandevillashop.com\/wp-content\/uploads\/2023\/07\/mandevilla-shop-zwart.svg","caption":"Mandevilla Shop"},"image":{"@id":"https:\/\/mandevillashop.com\/fr\/#\/schema\/logo\/image\/"}}]}},"_links":{"self":[{"href":"https:\/\/mandevillashop.com\/fr\/wp-json\/wp\/v2\/pages\/6226","targetHints":{"allow":["GET"]}}],"collection":[{"href":"https:\/\/mandevillashop.com\/fr\/wp-json\/wp\/v2\/pages"}],"about":[{"href":"https:\/\/mandevillashop.com\/fr\/wp-json\/wp\/v2\/types\/page"}],"author":[{"embeddable":true,"href":"https:\/\/mandevillashop.com\/fr\/wp-json\/wp\/v2\/users\/1"}],"replies":[{"embeddable":true,"href":"https:\/\/mandevillashop.com\/fr\/wp-json\/wp\/v2\/comments?post=6226"}],"version-history":[{"count":1,"href":"https:\/\/mandevillashop.com\/fr\/wp-json\/wp\/v2\/pages\/6226\/revisions"}],"predecessor-version":[{"id":6483,"href":"https:\/\/mandevillashop.com\/fr\/wp-json\/wp\/v2\/pages\/6226\/revisions\/6483"}],"wp:attachment":[{"href":"https:\/\/mandevillashop.com\/fr\/wp-json\/wp\/v2\/media?parent=6226"}],"curies":[{"name":"wp","href":"https:\/\/api.w.org\/{rel}","templated":true}]}}