{"id":6236,"date":"2023-07-11T11:25:33","date_gmt":"2023-07-11T11:25:33","guid":{"rendered":"https:\/\/mandevillashop.com\/politique-de-confidentialite\/"},"modified":"2024-02-06T13:52:10","modified_gmt":"2024-02-06T13:52:10","slug":"politique-de-confidentialite","status":"publish","type":"page","link":"https:\/\/mandevillashop.com\/fr\/politique-de-confidentialite\/","title":{"rendered":"Politique de confidentialit\u00e9"},"content":{"rendered":"\t\t<div data-elementor-type=\"wp-page\" data-elementor-id=\"6236\" class=\"elementor elementor-6236 elementor-3\" data-elementor-post-type=\"page\">\n\t\t\t\t<div class=\"elementor-element elementor-element-c31a866 e-flex e-con-boxed e-con e-parent\" data-id=\"c31a866\" data-element_type=\"container\">\n\t\t\t\t\t<div class=\"e-con-inner\">\n\t\t<div class=\"elementor-element elementor-element-d547b5b e-flex e-con-boxed e-con e-child\" data-id=\"d547b5b\" data-element_type=\"container\">\n\t\t\t\t\t<div class=\"e-con-inner\">\n\t\t\t\t<div class=\"elementor-element elementor-element-e459c55 elementor-widget elementor-widget-heading\" data-id=\"e459c55\" data-element_type=\"widget\" data-widget_type=\"heading.default\">\n\t\t\t\t<div class=\"elementor-widget-container\">\n\t\t\t\t\t<h1 class=\"elementor-heading-title elementor-size-default\">Politique de confidentialit\u00e9<\/h1>\t\t\t\t<\/div>\n\t\t\t\t<\/div>\n\t\t\t\t<div class=\"elementor-element elementor-element-3ad6340 elementor-widget elementor-widget-text-editor\" data-id=\"3ad6340\" data-element_type=\"widget\" data-widget_type=\"text-editor.default\">\n\t\t\t\t<div class=\"elementor-widget-container\">\n\t\t\t\t\t\t\t\t\tLa\u00a0<strong>politique de confidentialit\u00e9 pour les visiteurs<\/strong>\u00a0s\u2019applique \u00e0 toute personne qui visite le site web www.mandevillashop.com.\r\n<ol>\r\n \t<li><strong>Gestion<\/strong>\r\nLa gestion du site web www.mandevillashop.com est assur\u00e9e par VOF Koene &amp; Zn.\u00a0Les coordonn\u00e9es sont disponibles sur le site web susmentionn\u00e9.<\/li>\r\n \t<li><strong>Donn\u00e9es des visiteurs<\/strong>\r\n2a Certaines donn\u00e9es r\u00e9sultant d\u2019une ou plusieurs visites sur Mandevillashop sont stock\u00e9es de mani\u00e8re permanente, mais anonyme. Ces donn\u00e9es ne seront transmises \u00e0 aucune personne ou organisation.\r\n2b VOF Koene &amp; Zn veille \u00e0 la s\u00e9curit\u00e9 des donn\u00e9es stock\u00e9es.<\/li>\r\n \t<li><strong>Cookies<\/strong>\r\n3a VOF Koene &amp; Zn fait usage de cookies fonctionnels pour optimiser la fonctionnalit\u00e9 de certaines pages du site web. Les cookies sont de petits fichiers texte plac\u00e9s sur l\u2019ordinateur du visiteur par une page du site internet. Un tel cookie enregistre des informations comme certaines pr\u00e9f\u00e9rences du visiteur. VOF Koene &amp; Zn peut ainsi servir encore mieux le visiteur lors d\u2019une visite ult\u00e9rieure, par exemple en sauvegardant le contenu du panier. Vous ne devez ainsi pas remplir les m\u00eames informations \u00e0 plusieurs reprises. Cela rend le site beaucoup plus convivial.\r\n3b Le visiteur peut choisir son traitement des cookies. Il peut configurer son navigateur pour interdire totalement ou partiellement l\u2019utilisation des cookies fonctionnels. Dans le cas d\u2019une interdiction partielle, le visiteur autorise certains sites internet \u00e0 placer des cookies fonctionnels sur son ordinateur. L\u2019interdiction reste valable pour tous les autres sites. Cette possibilit\u00e9 est offerte par la plupart des navigateurs modernes.\r\n3c Les cookies peuvent \u00eatre supprim\u00e9s d\u2019un ordinateur \u00e0 tout moment.\r\n3d VOF Koene &amp; Zn utilise \u00e9galement des cookies de marketing afin de rendre la communication de Mandevillashop sur son propre site plus personnelle et de mieux l\u2019adapter aux souhaits du client individuel.\r\n3e\u00a0VOF Koene &amp; Zn utilise des cookies analytiques pour traiter le comportement de navigation d\u2019un grand nombre de visiteurs \u2013 anonymis\u00e9s \u2013 dans des graphiques et des mod\u00e8les qui nous aident \u00e0 am\u00e9liorer et \u00e0 optimiser nos sites web.<\/li>\r\n \t<li><strong>Questions<\/strong>\r\nLes visiteurs peuvent adresser leurs questions concernant la pr\u00e9sente politique de confidentialit\u00e9 \u00e0 VOF Koene &amp; Zn, dont les coordonn\u00e9es figurent sur le site web mentionn\u00e9 \u00e0 l\u2019alin\u00e9a\u00a01 de la pr\u00e9sente politique de confidentialit\u00e9.<\/li>\r\n \t<li><strong>Clause de non-responsabilit\u00e9<\/strong>\r\nVOF Koene &amp; Zn a le droit de modifier le contenu de la politique de confidentialit\u00e9 sans en informer le visiteur. La mise en \u0153uvre de la modification sur le site suffit.<\/li>\r\n<\/ol>\r\nLa\u00a0<strong>politique de confidentialit\u00e9 des clients<\/strong>\u00a0est un compl\u00e9ment \u00e0 la politique de confidentialit\u00e9 des visiteurs et s\u2019applique \u00e0 toute personne qui passe une commande aupr\u00e8s de VOF Koene &amp; Zn.\r\n<ol>\r\n \t<li><strong>Donn\u00e9es fournies par le client<\/strong>\r\nVOF Koene &amp; Zn peut utiliser les donn\u00e9es fournies par le client aux fins suivantes\u00a0:\r\n1a Traitement de la commande.\r\n1b Envoi d\u2019un ou plusieurs courriels relatifs \u00e0 la commande, tels que, mais sans s\u2019y limiter, un courriel contenant les identifiants de connexion.\r\n1c (\u00c9ventuellement) porter \u00e0 la connaissance du client un produit, un conseil, une comp\u00e9tence, etc., par le biais duquel VOF Koene &amp; Zn pense pouvoir satisfaire les souhaits du client.<\/li>\r\n \t<li><strong>Donn\u00e9es fournies \u00e0 des tiers<\/strong>\r\nLes donn\u00e9es fournies par le client \u00e0 VOF Koene &amp; Zn ne seront jamais transmises \u00e0 des tiers.<strong>3. S\u00e9curit\u00e9<\/strong>\r\nLes donn\u00e9es fournies par le client \u00e0 VOF Koene &amp; Zn seront stock\u00e9es dans un environnement s\u00e9curis\u00e9.<\/li>\r\n \t<li><strong>Modification des donn\u00e9es du client<\/strong>\r\nLe client a la possibilit\u00e9 de modifier \u00e0 tout moment les donn\u00e9es fournies. Dans ce cas, VOF Koene &amp; Zn peut demander au client de transmettre la modification de la mani\u00e8re prescrite par VOF Koene &amp; Zn. et, dans certains cas, une identification peut \u00eatre exig\u00e9e.<\/li>\r\n<\/ol>\t\t\t\t\t\t\t\t<\/div>\n\t\t\t\t<\/div>\n\t\t\t\t\t<\/div>\n\t\t\t\t<\/div>\n\t\t\t\t\t<\/div>\n\t\t\t\t<\/div>\n\t\t\t\t<\/div>\n\t\t","protected":false},"excerpt":{"rendered":"<p>Politique de confidentialit\u00e9 La\u00a0politique de confidentialit\u00e9 pour les visiteurs\u00a0s\u2019applique \u00e0 toute personne qui visite le site web www.mandevillashop.com. Gestion La gestion du site web www.mandevillashop.com est assur\u00e9e par VOF Koene &amp; Zn.\u00a0Les coordonn\u00e9es sont disponibles sur le site web susmentionn\u00e9. Donn\u00e9es des visiteurs 2a Certaines donn\u00e9es r\u00e9sultant d\u2019une ou plusieurs visites sur Mandevillashop sont stock\u00e9es<\/p>\n","protected":false},"author":1,"featured_media":0,"parent":0,"menu_order":0,"comment_status":"closed","ping_status":"open","template":"","meta":{"_acf_changed":false,"footnotes":""},"class_list":["post-6236","page","type-page","status-publish","hentry"],"acf":[],"yoast_head":"<!-- This site is optimized with the Yoast SEO plugin v26.7 - https:\/\/yoast.com\/wordpress\/plugins\/seo\/ -->\n<title>Politique de confidentialit\u00e9 - Mandevillashop<\/title>\n<meta name=\"description\" content=\"Politique de confidentialit\u00e9 pour les visiteurs. Cette politique de confidentialit\u00e9 s&#039;applique \u00e0 toute personne qui visite le site web www.mandevillashop.com.\" \/>\n<meta name=\"robots\" content=\"index, follow, max-snippet:-1, max-image-preview:large, max-video-preview:-1\" \/>\n<link rel=\"canonical\" href=\"https:\/\/mandevillashop.com\/fr\/politique-de-confidentialite\/\" \/>\n<meta property=\"og:locale\" content=\"fr_FR\" \/>\n<meta property=\"og:type\" content=\"article\" \/>\n<meta property=\"og:title\" content=\"Politique de confidentialit\u00e9 - Mandevillashop\" \/>\n<meta property=\"og:description\" content=\"Politique de confidentialit\u00e9 pour les visiteurs. Cette politique de confidentialit\u00e9 s&#039;applique \u00e0 toute personne qui visite le site web www.mandevillashop.com.\" \/>\n<meta property=\"og:url\" content=\"https:\/\/mandevillashop.com\/fr\/politique-de-confidentialite\/\" \/>\n<meta property=\"og:site_name\" content=\"Mandevillashop\" \/>\n<meta property=\"article:modified_time\" content=\"2024-02-06T13:52:10+00:00\" \/>\n<meta name=\"twitter:card\" content=\"summary_large_image\" \/>\n<meta name=\"twitter:label1\" content=\"Dur\u00e9e de lecture estim\u00e9e\" \/>\n\t<meta name=\"twitter:data1\" content=\"3 minutes\" \/>\n<script type=\"application\/ld+json\" class=\"yoast-schema-graph\">{\"@context\":\"https:\/\/schema.org\",\"@graph\":[{\"@type\":\"WebPage\",\"@id\":\"https:\/\/mandevillashop.com\/fr\/politique-de-confidentialite\/\",\"url\":\"https:\/\/mandevillashop.com\/fr\/politique-de-confidentialite\/\",\"name\":\"Politique de confidentialit\u00e9 - Mandevillashop\",\"isPartOf\":{\"@id\":\"https:\/\/mandevillashop.com\/fr\/#website\"},\"datePublished\":\"2023-07-11T11:25:33+00:00\",\"dateModified\":\"2024-02-06T13:52:10+00:00\",\"description\":\"Politique de confidentialit\u00e9 pour les visiteurs. Cette politique de confidentialit\u00e9 s'applique \u00e0 toute personne qui visite le site web www.mandevillashop.com.\",\"breadcrumb\":{\"@id\":\"https:\/\/mandevillashop.com\/fr\/politique-de-confidentialite\/#breadcrumb\"},\"inLanguage\":\"fr-FR\",\"potentialAction\":[{\"@type\":\"ReadAction\",\"target\":[\"https:\/\/mandevillashop.com\/fr\/politique-de-confidentialite\/\"]}]},{\"@type\":\"BreadcrumbList\",\"@id\":\"https:\/\/mandevillashop.com\/fr\/politique-de-confidentialite\/#breadcrumb\",\"itemListElement\":[{\"@type\":\"ListItem\",\"position\":1,\"name\":\"Home\",\"item\":\"https:\/\/mandevillashop.com\/fr\/\"},{\"@type\":\"ListItem\",\"position\":2,\"name\":\"Politique de confidentialit\u00e9\"}]},{\"@type\":\"WebSite\",\"@id\":\"https:\/\/mandevillashop.com\/fr\/#website\",\"url\":\"https:\/\/mandevillashop.com\/fr\/\",\"name\":\"Mandevillashop\",\"description\":\"De Mandevilla Specialist\",\"publisher\":{\"@id\":\"https:\/\/mandevillashop.com\/fr\/#organization\"},\"potentialAction\":[{\"@type\":\"SearchAction\",\"target\":{\"@type\":\"EntryPoint\",\"urlTemplate\":\"https:\/\/mandevillashop.com\/fr\/?s={search_term_string}\"},\"query-input\":{\"@type\":\"PropertyValueSpecification\",\"valueRequired\":true,\"valueName\":\"search_term_string\"}}],\"inLanguage\":\"fr-FR\"},{\"@type\":\"Organization\",\"@id\":\"https:\/\/mandevillashop.com\/fr\/#organization\",\"name\":\"Mandevilla Shop\",\"url\":\"https:\/\/mandevillashop.com\/fr\/\",\"logo\":{\"@type\":\"ImageObject\",\"inLanguage\":\"fr-FR\",\"@id\":\"https:\/\/mandevillashop.com\/fr\/#\/schema\/logo\/image\/\",\"url\":\"https:\/\/mandevillashop.com\/wp-content\/uploads\/2023\/07\/mandevilla-shop-zwart.svg\",\"contentUrl\":\"https:\/\/mandevillashop.com\/wp-content\/uploads\/2023\/07\/mandevilla-shop-zwart.svg\",\"caption\":\"Mandevilla Shop\"},\"image\":{\"@id\":\"https:\/\/mandevillashop.com\/fr\/#\/schema\/logo\/image\/\"}}]}<\/script>\n<!-- \/ Yoast SEO plugin. -->","yoast_head_json":{"title":"Politique de confidentialit\u00e9 - Mandevillashop","description":"Politique de confidentialit\u00e9 pour les visiteurs. Cette politique de confidentialit\u00e9 s'applique \u00e0 toute personne qui visite le site web www.mandevillashop.com.","robots":{"index":"index","follow":"follow","max-snippet":"max-snippet:-1","max-image-preview":"max-image-preview:large","max-video-preview":"max-video-preview:-1"},"canonical":"https:\/\/mandevillashop.com\/fr\/politique-de-confidentialite\/","og_locale":"fr_FR","og_type":"article","og_title":"Politique de confidentialit\u00e9 - Mandevillashop","og_description":"Politique de confidentialit\u00e9 pour les visiteurs. Cette politique de confidentialit\u00e9 s'applique \u00e0 toute personne qui visite le site web www.mandevillashop.com.","og_url":"https:\/\/mandevillashop.com\/fr\/politique-de-confidentialite\/","og_site_name":"Mandevillashop","article_modified_time":"2024-02-06T13:52:10+00:00","twitter_card":"summary_large_image","twitter_misc":{"Dur\u00e9e de lecture estim\u00e9e":"3 minutes"},"schema":{"@context":"https:\/\/schema.org","@graph":[{"@type":"WebPage","@id":"https:\/\/mandevillashop.com\/fr\/politique-de-confidentialite\/","url":"https:\/\/mandevillashop.com\/fr\/politique-de-confidentialite\/","name":"Politique de confidentialit\u00e9 - Mandevillashop","isPartOf":{"@id":"https:\/\/mandevillashop.com\/fr\/#website"},"datePublished":"2023-07-11T11:25:33+00:00","dateModified":"2024-02-06T13:52:10+00:00","description":"Politique de confidentialit\u00e9 pour les visiteurs. Cette politique de confidentialit\u00e9 s'applique \u00e0 toute personne qui visite le site web www.mandevillashop.com.","breadcrumb":{"@id":"https:\/\/mandevillashop.com\/fr\/politique-de-confidentialite\/#breadcrumb"},"inLanguage":"fr-FR","potentialAction":[{"@type":"ReadAction","target":["https:\/\/mandevillashop.com\/fr\/politique-de-confidentialite\/"]}]},{"@type":"BreadcrumbList","@id":"https:\/\/mandevillashop.com\/fr\/politique-de-confidentialite\/#breadcrumb","itemListElement":[{"@type":"ListItem","position":1,"name":"Home","item":"https:\/\/mandevillashop.com\/fr\/"},{"@type":"ListItem","position":2,"name":"Politique de confidentialit\u00e9"}]},{"@type":"WebSite","@id":"https:\/\/mandevillashop.com\/fr\/#website","url":"https:\/\/mandevillashop.com\/fr\/","name":"Mandevillashop","description":"De Mandevilla Specialist","publisher":{"@id":"https:\/\/mandevillashop.com\/fr\/#organization"},"potentialAction":[{"@type":"SearchAction","target":{"@type":"EntryPoint","urlTemplate":"https:\/\/mandevillashop.com\/fr\/?s={search_term_string}"},"query-input":{"@type":"PropertyValueSpecification","valueRequired":true,"valueName":"search_term_string"}}],"inLanguage":"fr-FR"},{"@type":"Organization","@id":"https:\/\/mandevillashop.com\/fr\/#organization","name":"Mandevilla Shop","url":"https:\/\/mandevillashop.com\/fr\/","logo":{"@type":"ImageObject","inLanguage":"fr-FR","@id":"https:\/\/mandevillashop.com\/fr\/#\/schema\/logo\/image\/","url":"https:\/\/mandevillashop.com\/wp-content\/uploads\/2023\/07\/mandevilla-shop-zwart.svg","contentUrl":"https:\/\/mandevillashop.com\/wp-content\/uploads\/2023\/07\/mandevilla-shop-zwart.svg","caption":"Mandevilla Shop"},"image":{"@id":"https:\/\/mandevillashop.com\/fr\/#\/schema\/logo\/image\/"}}]}},"_links":{"self":[{"href":"https:\/\/mandevillashop.com\/fr\/wp-json\/wp\/v2\/pages\/6236","targetHints":{"allow":["GET"]}}],"collection":[{"href":"https:\/\/mandevillashop.com\/fr\/wp-json\/wp\/v2\/pages"}],"about":[{"href":"https:\/\/mandevillashop.com\/fr\/wp-json\/wp\/v2\/types\/page"}],"author":[{"embeddable":true,"href":"https:\/\/mandevillashop.com\/fr\/wp-json\/wp\/v2\/users\/1"}],"replies":[{"embeddable":true,"href":"https:\/\/mandevillashop.com\/fr\/wp-json\/wp\/v2\/comments?post=6236"}],"version-history":[{"count":1,"href":"https:\/\/mandevillashop.com\/fr\/wp-json\/wp\/v2\/pages\/6236\/revisions"}],"predecessor-version":[{"id":6489,"href":"https:\/\/mandevillashop.com\/fr\/wp-json\/wp\/v2\/pages\/6236\/revisions\/6489"}],"wp:attachment":[{"href":"https:\/\/mandevillashop.com\/fr\/wp-json\/wp\/v2\/media?parent=6236"}],"curies":[{"name":"wp","href":"https:\/\/api.w.org\/{rel}","templated":true}]}}