{"id":6254,"date":"2023-12-22T13:13:44","date_gmt":"2023-12-22T12:13:44","guid":{"rendered":"https:\/\/mandevillashop.com\/entretien\/feuilles-jaunes\/"},"modified":"2024-07-05T16:20:02","modified_gmt":"2024-07-05T14:20:02","slug":"feuilles-jaunes","status":"publish","type":"page","link":"https:\/\/mandevillashop.com\/fr\/entretien\/feuilles-jaunes\/","title":{"rendered":"Feuilles jaunes"},"content":{"rendered":"\t\t<div data-elementor-type=\"wp-page\" data-elementor-id=\"6254\" class=\"elementor elementor-6254 elementor-550\" data-elementor-post-type=\"page\">\n\t\t\t\t<div class=\"elementor-element elementor-element-7fc52eaf e-flex e-con-boxed e-con e-parent\" data-id=\"7fc52eaf\" data-element_type=\"container\" data-e-type=\"container\">\n\t\t\t\t\t<div class=\"e-con-inner\">\n\t\t\t\t<div class=\"elementor-element elementor-element-36c93d0d elementor-widget elementor-widget-heading\" data-id=\"36c93d0d\" data-element_type=\"widget\" data-e-type=\"widget\" data-widget_type=\"heading.default\">\n\t\t\t\t<div class=\"elementor-widget-container\">\n\t\t\t\t\t<h1 class=\"elementor-heading-title elementor-size-default\">Des feuilles jaunes dans votre mand\u00e9villa ?<\/h1>\t\t\t\t<\/div>\n\t\t\t\t<\/div>\n\t\t\t\t\t<\/div>\n\t\t\t\t<\/div>\n\t\t<div class=\"elementor-element elementor-element-7b2b2fe7 e-flex e-con-boxed e-con e-parent\" data-id=\"7b2b2fe7\" data-element_type=\"container\" data-e-type=\"container\">\n\t\t\t\t\t<div class=\"e-con-inner\">\n\t\t<div class=\"elementor-element elementor-element-739501c5 e-flex e-con-boxed e-con e-child\" data-id=\"739501c5\" data-element_type=\"container\" data-e-type=\"container\">\n\t\t\t\t\t<div class=\"e-con-inner\">\n\t\t<div class=\"elementor-element elementor-element-ea8a730 e-flex e-con-boxed e-con e-child\" data-id=\"ea8a730\" data-element_type=\"container\" data-e-type=\"container\" data-settings=\"{&quot;background_background&quot;:&quot;classic&quot;}\">\n\t\t\t\t\t<div class=\"e-con-inner\">\n\t\t\t\t<div class=\"elementor-element elementor-element-5350bffb elementor-widget elementor-widget-text-editor\" data-id=\"5350bffb\" data-element_type=\"widget\" data-e-type=\"widget\" data-widget_type=\"text-editor.default\">\n\t\t\t\t<div class=\"elementor-widget-container\">\n\t\t\t\t\t\t\t\t\t<p><em>\u00ab\u00a0Voyez-vous des feuilles jaunes dans votre mand\u00e9villa\/diplad\u00e9nia\u00a0? Cela peut avoir plusieurs causes. Dans ce blog, nous vous expliquerons comment cela peut arriver et, surtout, ce que vous pouvez faire pour y rem\u00e9dier\u00a0!\u00a0\u00bb<\/em><\/p>\n<p><em>Tim \u2013 sp\u00e9cialiste de la culture des plantes chez Mandevillashop.com<\/em><\/p>\n\t\t\t\t\t\t\t\t<\/div>\n\t\t\t\t<\/div>\n\t\t\t\t\t<\/div>\n\t\t\t\t<\/div>\n\t\t\t\t\t<\/div>\n\t\t\t\t<\/div>\n\t\t\t\t\t<\/div>\n\t\t\t\t<\/div>\n\t\t<div class=\"elementor-element elementor-element-754a9073 e-flex e-con-boxed e-con e-parent\" data-id=\"754a9073\" data-element_type=\"container\" data-e-type=\"container\">\n\t\t\t\t\t<div class=\"e-con-inner\">\n\t\t<div class=\"elementor-element elementor-element-2543bed0 e-flex e-con-boxed e-con e-child\" data-id=\"2543bed0\" data-element_type=\"container\" data-e-type=\"container\">\n\t\t\t\t\t<div class=\"e-con-inner\">\n\t\t\t\t<div class=\"elementor-element elementor-element-a8dd1ca elementor-widget elementor-widget-heading\" data-id=\"a8dd1ca\" data-element_type=\"widget\" data-e-type=\"widget\" data-widget_type=\"heading.default\">\n\t\t\t\t<div class=\"elementor-widget-container\">\n\t\t\t\t\t<h4 class=\"elementor-heading-title elementor-size-default\">1. Trop d\u2019eau<\/h4>\t\t\t\t<\/div>\n\t\t\t\t<\/div>\n\t\t\t\t<div class=\"elementor-element elementor-element-54024296 elementor-widget elementor-widget-text-editor\" data-id=\"54024296\" data-element_type=\"widget\" data-e-type=\"widget\" data-widget_type=\"text-editor.default\">\n\t\t\t\t<div class=\"elementor-widget-container\">\n\t\t\t\t\t\t\t\t\t<p><strong>Ce que vous voyez\u00a0:<\/strong><br \/>Des feuilles jaunes sur la face inf\u00e9rieure de votre plante, qui deviennent brunes et tombent<\/p><p><strong>V\u00e9rifiez\u00a0:<\/strong><br \/>Retirez le mand\u00e9villa du pot. Les racines sont-elles \u00e9galement brunes\u00a0? Alors, il a \u00e9t\u00e9 trop arros\u00e9. Important \u00e0 savoir\u00a0: Le mand\u00e9villa n\u2019aime pas avoir les pieds mouill\u00e9s\u00a0!<\/p><p><strong>La solution\u00a0:<\/strong><\/p><ul><li>Essayez d\u2019abord d\u2019\u00e9liminer l\u2019exc\u00e8s d\u2019eau.<\/li><li>Assurez-vous que vous avez un pot avec des trous dans le fond.<\/li><li>Nous ne recommandons pas de placer une soucoupe sous le pot\u00a0; cela emp\u00eacherait l\u2019eau de s\u2019\u00e9couler correctement.<\/li><li>Saupoudrez une couche de granul\u00e9s\u00a0<em><a href=\"https:\/\/mandevillashop.com\/product\/mandevilla-hydrokorrels-10l\/\">hydro<\/a>\u00a0<\/em>dans le pot\u00a0; de cette fa\u00e7on, les racines ne sont pas en contact direct avec l\u2019eau.<\/li><\/ul>\t\t\t\t\t\t\t\t<\/div>\n\t\t\t\t<\/div>\n\t\t\t\t<div class=\"elementor-element elementor-element-1cf2166d elementor-widget elementor-widget-heading\" data-id=\"1cf2166d\" data-element_type=\"widget\" data-e-type=\"widget\" data-widget_type=\"heading.default\">\n\t\t\t\t<div class=\"elementor-widget-container\">\n\t\t\t\t\t<h4 class=\"elementor-heading-title elementor-size-default\">2. Trop peu de lumi\u00e8re du soleil<\/h4>\t\t\t\t<\/div>\n\t\t\t\t<\/div>\n\t\t\t\t<div class=\"elementor-element elementor-element-21409e0a elementor-widget elementor-widget-text-editor\" data-id=\"21409e0a\" data-element_type=\"widget\" data-e-type=\"widget\" data-widget_type=\"text-editor.default\">\n\t\t\t\t<div class=\"elementor-widget-container\">\n\t\t\t\t\t\t\t\t\t<p><strong>Ce que vous voyez\u00a0:<br \/><\/strong>Des feuilles jaunes au c\u0153ur de la plante<\/p><p><strong>V\u00e9rifiez\u00a0:<br \/><\/strong>Les feuilles jaunes restent-elles \u00e9galement humides\u00a0? Le centre de la plante re\u00e7oit manifestement trop peu de lumi\u00e8re du soleil et perd ses feuilles.<\/p><p><strong>La solution\u00a0:<\/strong><\/p><ul><li>Enlevez les feuilles mortes, car elles peuvent moisir.<\/li><li>En automne, le soleil brille moins et l\u2019air devient plus humide. La plante devient alors un peu plus jaune dans sa totalit\u00e9. Est-ce votre cas (mi-novembre)\u00a0? C\u2019est alors le bon moment pour laisser votre mand\u00e9villa<em>\u00a0<a href=\"https:\/\/mandevillashop.com\/fr\/mandevilla-laisser-passer-lhiver\/\">hiverner<\/a><\/em>\u00a0\u00e0 l\u2019int\u00e9rieur, si vous le souhaitez\u00a0!<\/li><\/ul>\t\t\t\t\t\t\t\t<\/div>\n\t\t\t\t<\/div>\n\t\t\t\t<div class=\"elementor-element elementor-element-5e5b452 elementor-widget elementor-widget-heading\" data-id=\"5e5b452\" data-element_type=\"widget\" data-e-type=\"widget\" data-widget_type=\"heading.default\">\n\t\t\t\t<div class=\"elementor-widget-container\">\n\t\t\t\t\t<h4 class=\"elementor-heading-title elementor-size-default\">3. Carence nutritionnelle <\/h4>\t\t\t\t<\/div>\n\t\t\t\t<\/div>\n\t\t\t\t<div class=\"elementor-element elementor-element-897aa52 elementor-widget elementor-widget-text-editor\" data-id=\"897aa52\" data-element_type=\"widget\" data-e-type=\"widget\" data-widget_type=\"text-editor.default\">\n\t\t\t\t<div class=\"elementor-widget-container\">\n\t\t\t\t\t\t\t\t\t<p><strong>Ce que vous voyez\u00a0:<br \/><\/strong>Quelques feuilles jaunes au bas de la plante<\/p><p><strong>Situation\u00a0:<br \/><\/strong>Nous savions d\u00e9j\u00e0 que le mand\u00e9villa est une plante exceptionnelle. En mati\u00e8re de nourriture aussi, il a une qualit\u00e9 particuli\u00e8re\u00a0: il sait tr\u00e8s bien ce dont il a besoin. Vous lui donnez trop de nourriture\u00a0? Pas de probl\u00e8me. La plante stocke elle-m\u00eame l\u2019exc\u00e9dent dans ses racines. Et en cas de manque de nourriture, elle laissera tomber ses feuilles inf\u00e9rieures. Elles sont remplies de d\u00e9chets\u00a0; on pourrait appeler cela un m\u00e9canisme de survie. De cette fa\u00e7on, elle s\u2019assure que les feuilles sup\u00e9rieures peuvent toujours se d\u00e9velopper davantage.<strong><br \/><\/strong><\/p><p><strong>La solution\u00a0:<br \/><\/strong>Le\u00a0<em><a href=\"https:\/\/mandevillashop.com\/fr\/produit\/mandevilla-terreau\/\">terreau<\/a><\/em>\u00a0que vous achetez sur Mandevillashop.com contient suffisamment de nutriments pour toute la saison\u00a0!<\/p>\t\t\t\t\t\t\t\t<\/div>\n\t\t\t\t<\/div>\n\t\t\t\t<div class=\"elementor-element elementor-element-d8a7452 elementor-widget elementor-widget-heading\" data-id=\"d8a7452\" data-element_type=\"widget\" data-e-type=\"widget\" data-widget_type=\"heading.default\">\n\t\t\t\t<div class=\"elementor-widget-container\">\n\t\t\t\t\t<h4 class=\"elementor-heading-title elementor-size-default\">4. Maladie ou parasites<\/h4>\t\t\t\t<\/div>\n\t\t\t\t<\/div>\n\t\t\t\t<div class=\"elementor-element elementor-element-e7558e9 elementor-widget elementor-widget-text-editor\" data-id=\"e7558e9\" data-element_type=\"widget\" data-e-type=\"widget\" data-widget_type=\"text-editor.default\">\n\t\t\t\t<div class=\"elementor-widget-container\">\n\t\t\t\t\t\t\t\t\t<p>Nous pouvons \u00eatre brefs \u00e0 ce sujet : la perte de feuilles due aux maladies et aux parasites ne se produit pratiquement jamais dans le cas du mand\u00e9villa. Si la plante doit faire face \u00e0 des pucerons ou des aleurodes, la nature s\u2019en chargera elle-m\u00eame. Apr\u00e8s quelques jours, vous verrez appara\u00eetre des coccinelles. Et elles sont assidues : elles mangent jusqu\u2019\u00e0 100 pucerons en une journ\u00e9e ! Le mand\u00e9villa souffre parfois de champignons et de bact\u00e9ries. Vous pouvez l\u2019observer lorsqu\u2019une branche brunit et se fane. Retirez cette branche d\u00e8s que possible pour \u00e9viter l\u2019infection des autres branches !<\/p>\n\t\t\t\t\t\t\t\t<\/div>\n\t\t\t\t<\/div>\n\t\t\t\t\t<\/div>\n\t\t\t\t<\/div>\n\t\t\t\t\t<\/div>\n\t\t\t\t<\/div>\n\t\t\t\t<\/div>\n\t\t","protected":false},"excerpt":{"rendered":"<p>Des feuilles jaunes dans votre mand\u00e9villa ? \u00ab\u00a0Voyez-vous des feuilles jaunes dans votre mand\u00e9villa\/diplad\u00e9nia\u00a0? Cela peut avoir plusieurs causes. Dans ce blog, nous vous expliquerons comment cela peut arriver et, surtout, ce que vous pouvez faire pour y rem\u00e9dier\u00a0!\u00a0\u00bb Tim \u2013 sp\u00e9cialiste de la culture des plantes chez Mandevillashop.com 1. Trop d\u2019eau Ce que vous<\/p>\n","protected":false},"author":1,"featured_media":9844,"parent":6248,"menu_order":0,"comment_status":"closed","ping_status":"closed","template":"","meta":{"_acf_changed":false,"footnotes":""},"class_list":["post-6254","page","type-page","status-publish","has-post-thumbnail","hentry"],"acf":[],"yoast_head":"<!-- This site is optimized with the Yoast SEO plugin v27.4 - https:\/\/yoast.com\/product\/yoast-seo-wordpress\/ -->\n<title>Feuilles jaunes - Mandevillashop<\/title>\n<meta name=\"description\" content=\"Votre Mandevilla a des feuilles jaunes ? Cela peut avoir plusieurs causes. Pour en savoir plus, consultez notre blog sur ce que vous pouvez faire.\" \/>\n<meta name=\"robots\" content=\"index, follow, max-snippet:-1, max-image-preview:large, max-video-preview:-1\" \/>\n<link rel=\"canonical\" href=\"https:\/\/mandevillashop.com\/fr\/entretien\/feuilles-jaunes\/\" \/>\n<meta property=\"og:locale\" content=\"fr_FR\" \/>\n<meta property=\"og:type\" content=\"article\" \/>\n<meta property=\"og:title\" content=\"Feuilles jaunes - Mandevillashop\" \/>\n<meta property=\"og:description\" content=\"Votre Mandevilla a des feuilles jaunes ? Cela peut avoir plusieurs causes. Pour en savoir plus, consultez notre blog sur ce que vous pouvez faire.\" \/>\n<meta property=\"og:url\" content=\"https:\/\/mandevillashop.com\/fr\/entretien\/feuilles-jaunes\/\" \/>\n<meta property=\"og:site_name\" content=\"Mandevillashop\" \/>\n<meta property=\"article:modified_time\" content=\"2024-07-05T14:20:02+00:00\" \/>\n<meta name=\"twitter:card\" content=\"summary_large_image\" \/>\n<meta name=\"twitter:label1\" content=\"Dur\u00e9e de lecture estim\u00e9e\" \/>\n\t<meta name=\"twitter:data1\" content=\"3 minutes\" \/>\n<script type=\"application\/ld+json\" class=\"yoast-schema-graph\">{\"@context\":\"https:\\\/\\\/schema.org\",\"@graph\":[{\"@type\":\"WebPage\",\"@id\":\"https:\\\/\\\/mandevillashop.com\\\/fr\\\/entretien\\\/feuilles-jaunes\\\/\",\"url\":\"https:\\\/\\\/mandevillashop.com\\\/fr\\\/entretien\\\/feuilles-jaunes\\\/\",\"name\":\"Feuilles jaunes - Mandevillashop\",\"isPartOf\":{\"@id\":\"https:\\\/\\\/mandevillashop.com\\\/fr\\\/#website\"},\"primaryImageOfPage\":{\"@id\":\"https:\\\/\\\/mandevillashop.com\\\/fr\\\/entretien\\\/feuilles-jaunes\\\/#primaryimage\"},\"image\":{\"@id\":\"https:\\\/\\\/mandevillashop.com\\\/fr\\\/entretien\\\/feuilles-jaunes\\\/#primaryimage\"},\"thumbnailUrl\":\"https:\\\/\\\/mandevillashop.com\\\/wp-content\\\/uploads\\\/2024\\\/05\\\/20210818-Beauty-Plants-6321-scaled.jpg\",\"datePublished\":\"2023-12-22T12:13:44+00:00\",\"dateModified\":\"2024-07-05T14:20:02+00:00\",\"description\":\"Votre Mandevilla a des feuilles jaunes ? Cela peut avoir plusieurs causes. Pour en savoir plus, consultez notre blog sur ce que vous pouvez faire.\",\"breadcrumb\":{\"@id\":\"https:\\\/\\\/mandevillashop.com\\\/fr\\\/entretien\\\/feuilles-jaunes\\\/#breadcrumb\"},\"inLanguage\":\"fr-FR\",\"potentialAction\":[{\"@type\":\"ReadAction\",\"target\":[\"https:\\\/\\\/mandevillashop.com\\\/fr\\\/entretien\\\/feuilles-jaunes\\\/\"]}]},{\"@type\":\"ImageObject\",\"inLanguage\":\"fr-FR\",\"@id\":\"https:\\\/\\\/mandevillashop.com\\\/fr\\\/entretien\\\/feuilles-jaunes\\\/#primaryimage\",\"url\":\"https:\\\/\\\/mandevillashop.com\\\/wp-content\\\/uploads\\\/2024\\\/05\\\/20210818-Beauty-Plants-6321-scaled.jpg\",\"contentUrl\":\"https:\\\/\\\/mandevillashop.com\\\/wp-content\\\/uploads\\\/2024\\\/05\\\/20210818-Beauty-Plants-6321-scaled.jpg\",\"width\":2560,\"height\":1708},{\"@type\":\"BreadcrumbList\",\"@id\":\"https:\\\/\\\/mandevillashop.com\\\/fr\\\/entretien\\\/feuilles-jaunes\\\/#breadcrumb\",\"itemListElement\":[{\"@type\":\"ListItem\",\"position\":1,\"name\":\"Home\",\"item\":\"https:\\\/\\\/mandevillashop.com\\\/fr\\\/\"},{\"@type\":\"ListItem\",\"position\":2,\"name\":\"Entretien\",\"item\":\"https:\\\/\\\/mandevillashop.com\\\/fr\\\/verzorging\\\/\"},{\"@type\":\"ListItem\",\"position\":3,\"name\":\"Feuilles jaunes\"}]},{\"@type\":\"WebSite\",\"@id\":\"https:\\\/\\\/mandevillashop.com\\\/fr\\\/#website\",\"url\":\"https:\\\/\\\/mandevillashop.com\\\/fr\\\/\",\"name\":\"Mandevillashop\",\"description\":\"De Mandevilla Specialist\",\"publisher\":{\"@id\":\"https:\\\/\\\/mandevillashop.com\\\/fr\\\/#organization\"},\"potentialAction\":[{\"@type\":\"SearchAction\",\"target\":{\"@type\":\"EntryPoint\",\"urlTemplate\":\"https:\\\/\\\/mandevillashop.com\\\/fr\\\/?s={search_term_string}\"},\"query-input\":{\"@type\":\"PropertyValueSpecification\",\"valueRequired\":true,\"valueName\":\"search_term_string\"}}],\"inLanguage\":\"fr-FR\"},{\"@type\":\"Organization\",\"@id\":\"https:\\\/\\\/mandevillashop.com\\\/fr\\\/#organization\",\"name\":\"Mandevilla Shop\",\"url\":\"https:\\\/\\\/mandevillashop.com\\\/fr\\\/\",\"logo\":{\"@type\":\"ImageObject\",\"inLanguage\":\"fr-FR\",\"@id\":\"https:\\\/\\\/mandevillashop.com\\\/fr\\\/#\\\/schema\\\/logo\\\/image\\\/\",\"url\":\"https:\\\/\\\/mandevillashop.com\\\/wp-content\\\/uploads\\\/2023\\\/07\\\/mandevilla-shop-zwart.svg\",\"contentUrl\":\"https:\\\/\\\/mandevillashop.com\\\/wp-content\\\/uploads\\\/2023\\\/07\\\/mandevilla-shop-zwart.svg\",\"caption\":\"Mandevilla Shop\"},\"image\":{\"@id\":\"https:\\\/\\\/mandevillashop.com\\\/fr\\\/#\\\/schema\\\/logo\\\/image\\\/\"}}]}<\/script>\n<!-- \/ Yoast SEO plugin. -->","yoast_head_json":{"title":"Feuilles jaunes - Mandevillashop","description":"Votre Mandevilla a des feuilles jaunes ? Cela peut avoir plusieurs causes. Pour en savoir plus, consultez notre blog sur ce que vous pouvez faire.","robots":{"index":"index","follow":"follow","max-snippet":"max-snippet:-1","max-image-preview":"max-image-preview:large","max-video-preview":"max-video-preview:-1"},"canonical":"https:\/\/mandevillashop.com\/fr\/entretien\/feuilles-jaunes\/","og_locale":"fr_FR","og_type":"article","og_title":"Feuilles jaunes - Mandevillashop","og_description":"Votre Mandevilla a des feuilles jaunes ? Cela peut avoir plusieurs causes. Pour en savoir plus, consultez notre blog sur ce que vous pouvez faire.","og_url":"https:\/\/mandevillashop.com\/fr\/entretien\/feuilles-jaunes\/","og_site_name":"Mandevillashop","article_modified_time":"2024-07-05T14:20:02+00:00","twitter_card":"summary_large_image","twitter_misc":{"Dur\u00e9e de lecture estim\u00e9e":"3 minutes"},"schema":{"@context":"https:\/\/schema.org","@graph":[{"@type":"WebPage","@id":"https:\/\/mandevillashop.com\/fr\/entretien\/feuilles-jaunes\/","url":"https:\/\/mandevillashop.com\/fr\/entretien\/feuilles-jaunes\/","name":"Feuilles jaunes - Mandevillashop","isPartOf":{"@id":"https:\/\/mandevillashop.com\/fr\/#website"},"primaryImageOfPage":{"@id":"https:\/\/mandevillashop.com\/fr\/entretien\/feuilles-jaunes\/#primaryimage"},"image":{"@id":"https:\/\/mandevillashop.com\/fr\/entretien\/feuilles-jaunes\/#primaryimage"},"thumbnailUrl":"https:\/\/mandevillashop.com\/wp-content\/uploads\/2024\/05\/20210818-Beauty-Plants-6321-scaled.jpg","datePublished":"2023-12-22T12:13:44+00:00","dateModified":"2024-07-05T14:20:02+00:00","description":"Votre Mandevilla a des feuilles jaunes ? Cela peut avoir plusieurs causes. Pour en savoir plus, consultez notre blog sur ce que vous pouvez faire.","breadcrumb":{"@id":"https:\/\/mandevillashop.com\/fr\/entretien\/feuilles-jaunes\/#breadcrumb"},"inLanguage":"fr-FR","potentialAction":[{"@type":"ReadAction","target":["https:\/\/mandevillashop.com\/fr\/entretien\/feuilles-jaunes\/"]}]},{"@type":"ImageObject","inLanguage":"fr-FR","@id":"https:\/\/mandevillashop.com\/fr\/entretien\/feuilles-jaunes\/#primaryimage","url":"https:\/\/mandevillashop.com\/wp-content\/uploads\/2024\/05\/20210818-Beauty-Plants-6321-scaled.jpg","contentUrl":"https:\/\/mandevillashop.com\/wp-content\/uploads\/2024\/05\/20210818-Beauty-Plants-6321-scaled.jpg","width":2560,"height":1708},{"@type":"BreadcrumbList","@id":"https:\/\/mandevillashop.com\/fr\/entretien\/feuilles-jaunes\/#breadcrumb","itemListElement":[{"@type":"ListItem","position":1,"name":"Home","item":"https:\/\/mandevillashop.com\/fr\/"},{"@type":"ListItem","position":2,"name":"Entretien","item":"https:\/\/mandevillashop.com\/fr\/verzorging\/"},{"@type":"ListItem","position":3,"name":"Feuilles jaunes"}]},{"@type":"WebSite","@id":"https:\/\/mandevillashop.com\/fr\/#website","url":"https:\/\/mandevillashop.com\/fr\/","name":"Mandevillashop","description":"De Mandevilla Specialist","publisher":{"@id":"https:\/\/mandevillashop.com\/fr\/#organization"},"potentialAction":[{"@type":"SearchAction","target":{"@type":"EntryPoint","urlTemplate":"https:\/\/mandevillashop.com\/fr\/?s={search_term_string}"},"query-input":{"@type":"PropertyValueSpecification","valueRequired":true,"valueName":"search_term_string"}}],"inLanguage":"fr-FR"},{"@type":"Organization","@id":"https:\/\/mandevillashop.com\/fr\/#organization","name":"Mandevilla Shop","url":"https:\/\/mandevillashop.com\/fr\/","logo":{"@type":"ImageObject","inLanguage":"fr-FR","@id":"https:\/\/mandevillashop.com\/fr\/#\/schema\/logo\/image\/","url":"https:\/\/mandevillashop.com\/wp-content\/uploads\/2023\/07\/mandevilla-shop-zwart.svg","contentUrl":"https:\/\/mandevillashop.com\/wp-content\/uploads\/2023\/07\/mandevilla-shop-zwart.svg","caption":"Mandevilla Shop"},"image":{"@id":"https:\/\/mandevillashop.com\/fr\/#\/schema\/logo\/image\/"}}]}},"_links":{"self":[{"href":"https:\/\/mandevillashop.com\/fr\/wp-json\/wp\/v2\/pages\/6254","targetHints":{"allow":["GET"]}}],"collection":[{"href":"https:\/\/mandevillashop.com\/fr\/wp-json\/wp\/v2\/pages"}],"about":[{"href":"https:\/\/mandevillashop.com\/fr\/wp-json\/wp\/v2\/types\/page"}],"author":[{"embeddable":true,"href":"https:\/\/mandevillashop.com\/fr\/wp-json\/wp\/v2\/users\/1"}],"replies":[{"embeddable":true,"href":"https:\/\/mandevillashop.com\/fr\/wp-json\/wp\/v2\/comments?post=6254"}],"version-history":[{"count":4,"href":"https:\/\/mandevillashop.com\/fr\/wp-json\/wp\/v2\/pages\/6254\/revisions"}],"predecessor-version":[{"id":8654,"href":"https:\/\/mandevillashop.com\/fr\/wp-json\/wp\/v2\/pages\/6254\/revisions\/8654"}],"up":[{"embeddable":true,"href":"https:\/\/mandevillashop.com\/fr\/wp-json\/wp\/v2\/pages\/6248"}],"wp:featuredmedia":[{"embeddable":true,"href":"https:\/\/mandevillashop.com\/fr\/wp-json\/wp\/v2\/media\/9844"}],"wp:attachment":[{"href":"https:\/\/mandevillashop.com\/fr\/wp-json\/wp\/v2\/media?parent=6254"}],"curies":[{"name":"wp","href":"https:\/\/api.w.org\/{rel}","templated":true}]}}