{"id":6260,"date":"2023-12-22T13:00:17","date_gmt":"2023-12-22T12:00:17","guid":{"rendered":"https:\/\/mandevillashop.com\/entretien\/croissance-et-repiquage\/"},"modified":"2024-07-05T16:21:15","modified_gmt":"2024-07-05T14:21:15","slug":"croissance-et-repiquage","status":"publish","type":"page","link":"https:\/\/mandevillashop.com\/fr\/entretien\/croissance-et-repiquage\/","title":{"rendered":"Croissance et repiquage"},"content":{"rendered":"\t\t<div data-elementor-type=\"wp-page\" data-elementor-id=\"6260\" class=\"elementor elementor-6260 elementor-544\" data-elementor-post-type=\"page\">\n\t\t\t\t<div class=\"elementor-element elementor-element-3a9c1800 e-flex e-con-boxed e-con e-parent\" data-id=\"3a9c1800\" data-element_type=\"container\">\n\t\t\t\t\t<div class=\"e-con-inner\">\n\t\t\t\t<div class=\"elementor-element elementor-element-5e9de926 elementor-widget elementor-widget-heading\" data-id=\"5e9de926\" data-element_type=\"widget\" data-widget_type=\"heading.default\">\n\t\t\t\t<div class=\"elementor-widget-container\">\n\t\t\t\t\t<h1 class=\"elementor-heading-title elementor-size-default\">Faites pousser votre mand\u00e9villa<\/h1>\t\t\t\t<\/div>\n\t\t\t\t<\/div>\n\t\t\t\t\t<\/div>\n\t\t\t\t<\/div>\n\t\t<div class=\"elementor-element elementor-element-3cb69fb7 e-flex e-con-boxed e-con e-parent\" data-id=\"3cb69fb7\" data-element_type=\"container\">\n\t\t\t\t\t<div class=\"e-con-inner\">\n\t\t<div class=\"elementor-element elementor-element-19dc9bb4 e-flex e-con-boxed e-con e-child\" data-id=\"19dc9bb4\" data-element_type=\"container\">\n\t\t\t\t\t<div class=\"e-con-inner\">\n\t\t<div class=\"elementor-element elementor-element-4b29fdd1 e-flex e-con-boxed e-con e-child\" data-id=\"4b29fdd1\" data-element_type=\"container\" data-settings=\"{&quot;background_background&quot;:&quot;classic&quot;}\">\n\t\t\t\t\t<div class=\"e-con-inner\">\n\t\t\t\t<div class=\"elementor-element elementor-element-6a1ea3a0 elementor-widget elementor-widget-text-editor\" data-id=\"6a1ea3a0\" data-element_type=\"widget\" data-widget_type=\"text-editor.default\">\n\t\t\t\t<div class=\"elementor-widget-container\">\n\t\t\t\t\t\t\t\t\t<p><em>\u00ab\u00a0Le mand\u00e9villa peut cro\u00eetre consid\u00e9rablement dans votre jardin. Ce qui est bien, c\u2019est que vous pouvez influencer la fa\u00e7on dont le mand\u00e9villa pousse. Ce blog est destin\u00e9 aux vrais passionn\u00e9s, qui souhaitent optimiser la croissance de leur mand\u00e9villa.\u00a0\u00bb<\/em><\/p>\n<p><em>Tim \u2013 sp\u00e9cialiste de la culture des plantes chez Mandevillashop.com<\/em><\/p>\n\t\t\t\t\t\t\t\t<\/div>\n\t\t\t\t<\/div>\n\t\t\t\t\t<\/div>\n\t\t\t\t<\/div>\n\t\t\t\t\t<\/div>\n\t\t\t\t<\/div>\n\t\t\t\t\t<\/div>\n\t\t\t\t<\/div>\n\t\t<div class=\"elementor-element elementor-element-58814c4 e-flex e-con-boxed e-con e-parent\" data-id=\"58814c4\" data-element_type=\"container\">\n\t\t\t\t\t<div class=\"e-con-inner\">\n\t\t<div class=\"elementor-element elementor-element-2a6260f e-flex e-con-boxed e-con e-child\" data-id=\"2a6260f\" data-element_type=\"container\">\n\t\t\t\t\t<div class=\"e-con-inner\">\n\t\t\t\t<div class=\"elementor-element elementor-element-25f6bb9b elementor-widget elementor-widget-text-editor\" data-id=\"25f6bb9b\" data-element_type=\"widget\" data-widget_type=\"text-editor.default\">\n\t\t\t\t<div class=\"elementor-widget-container\">\n\t\t\t\t\t\t\t\t\t<p>Avec le mand\u00e9villa ou le diplad\u00e9nia, on peut tout faire. Vous pouvez profiter de la plante telle qu\u2019elle est. Mais vous pouvez aussi aider la plante \u00e0 cro\u00eetre et d\u00e9terminer sa forme. C\u2019est tout \u00e0 fait possible\u00a0!<\/p>\n\t\t\t\t\t\t\t\t<\/div>\n\t\t\t\t<\/div>\n\t\t\t\t<div class=\"elementor-element elementor-element-4899027e elementor-widget elementor-widget-heading\" data-id=\"4899027e\" data-element_type=\"widget\" data-widget_type=\"heading.default\">\n\t\t\t\t<div class=\"elementor-widget-container\">\n\t\t\t\t\t<h4 class=\"elementor-heading-title elementor-size-default\">Comment pouvez-vous influencer la croissance ?<\/h4>\t\t\t\t<\/div>\n\t\t\t\t<\/div>\n\t\t\t\t<div class=\"elementor-element elementor-element-74726d2b elementor-widget elementor-widget-text-editor\" data-id=\"74726d2b\" data-element_type=\"widget\" data-widget_type=\"text-editor.default\">\n\t\t\t\t<div class=\"elementor-widget-container\">\n\t\t\t\t\t\t\t\t\t<p>Pour ce faire, choisissez consciemment l\u2019endroit o\u00f9 il se trouve et la quantit\u00e9 d\u2019eau que vous lui donnez. En plein soleil, vous obtenez plus de fleurs, \u00e0 mi-soleil\/mi-ombre, le mand\u00e9villa pousse davantage. Non seulement l\u2019emplacement, mais aussi la fr\u00e9quence d\u2019arrosage ont une influence. Si la motte de la plante est toujours humide, elle poussera davantage. Si vous l\u2019arrosez moins, la plante se d\u00e9veloppera moins.<\/p>\n\t\t\t\t\t\t\t\t<\/div>\n\t\t\t\t<\/div>\n\t\t\t\t<div class=\"elementor-element elementor-element-5874f62d elementor-widget elementor-widget-heading\" data-id=\"5874f62d\" data-element_type=\"widget\" data-widget_type=\"heading.default\">\n\t\t\t\t<div class=\"elementor-widget-container\">\n\t\t\t\t\t<h4 class=\"elementor-heading-title elementor-size-default\">Ensemble pour plantes grimpantes pour mand\u00e9villa<\/h4>\t\t\t\t<\/div>\n\t\t\t\t<\/div>\n\t\t\t\t<div class=\"elementor-element elementor-element-3b0dbe1d elementor-widget elementor-widget-text-editor\" data-id=\"3b0dbe1d\" data-element_type=\"widget\" data-widget_type=\"text-editor.default\">\n\t\t\t\t<div class=\"elementor-widget-container\">\n\t\t\t\t\t\t\t\t\t<p>Vous voulez que votre mand\u00e9villa pousse beaucoup\u00a0? Parfait\u00a0! Nous cultivons les plus grands mand\u00e9villas sur un support en bambou ou des b\u00e2tons de bambou et lorsque ceux-ci sont \u00ab\u00a0pleins\u00a0\u00bb, la plante ne peut plus se d\u00e9velopper. Ce que vous pouvez faire alors, c\u2019est prolonger le support avec l\u2019ensemble pour plantes\u00a0<em><a href=\"https:\/\/mandevillashop.com\/product\/mandevilla-klimset\/\">grimpantes<\/a><\/em>\u00a0pour mand\u00e9villa. Vous pouvez en d\u00e9terminer la forme vous-m\u00eame. Si la plante a quelque chose contre quoi pousser, elle va beaucoup plus vite !<\/p><p>Contenu | Notre ensemble pour plantes grimpantes contient\u00a0:<\/p><ul><li>6 b\u00e2tons de bambou de 35\u00a0cm<\/li><li>6 b\u00e2tons de bambou de 50\u00a0cm<\/li><li>24 attaches, tant pour les vrilles que pour la fixation des b\u00e2tons de bambou<\/li><\/ul>\t\t\t\t\t\t\t\t<\/div>\n\t\t\t\t<\/div>\n\t\t\t\t<div class=\"elementor-element elementor-element-9916d4b elementor-widget elementor-widget-heading\" data-id=\"9916d4b\" data-element_type=\"widget\" data-widget_type=\"heading.default\">\n\t\t\t\t<div class=\"elementor-widget-container\">\n\t\t\t\t\t<h4 class=\"elementor-heading-title elementor-size-default\">Comment cela fonctionne-t-il ?<\/h4>\t\t\t\t<\/div>\n\t\t\t\t<\/div>\n\t\t\t\t<div class=\"elementor-element elementor-element-6459172 elementor-widget elementor-widget-text-editor\" data-id=\"6459172\" data-element_type=\"widget\" data-widget_type=\"text-editor.default\">\n\t\t\t\t<div class=\"elementor-widget-container\">\n\t\t\t\t\t\t\t\t\t<p>Voulez-vous que votre mand\u00e9villa soit plus long\u00a0? Alors, utilisez les b\u00e2tons de bambou. Ceux-ci sont fix\u00e9s verticalement \u00e0 l\u2019aide de deux grandes attaches, sur le support qui se trouve d\u00e9j\u00e0 dans la plante. Veillez \u00e0 faire chevaucher le support en bambou existant d\u2019environ 10\u00a0cm.<\/p>\n<p>Avec les petites attaches, vous pouvez ensuite fixer les branches au b\u00e2ton de bambou. Soyez cr\u00e9atif, vous pouvez d\u00e9terminer vous-m\u00eame la forme de la plante\u00a0!<\/p>\n\t\t\t\t\t\t\t\t<\/div>\n\t\t\t\t<\/div>\n\t\t\t\t<div class=\"elementor-element elementor-element-502c7f6 elementor-widget elementor-widget-heading\" data-id=\"502c7f6\" data-element_type=\"widget\" data-widget_type=\"heading.default\">\n\t\t\t\t<div class=\"elementor-widget-container\">\n\t\t\t\t\t<h4 class=\"elementor-heading-title elementor-size-default\">Continuez \u00e0 guider le mand\u00e9villa<\/h4>\t\t\t\t<\/div>\n\t\t\t\t<\/div>\n\t\t\t\t<div class=\"elementor-element elementor-element-152189b elementor-widget elementor-widget-text-editor\" data-id=\"152189b\" data-element_type=\"widget\" data-widget_type=\"text-editor.default\">\n\t\t\t\t<div class=\"elementor-widget-container\">\n\t\t\t\t\t\t\t\t\t<p>Le mand\u00e9villa est plut\u00f4t t\u00eatu et aime s\u2019accrocher \u00e0 quelque chose. Qu\u2019il s\u2019agisse d\u2019une goutti\u00e8re, d\u2019une cl\u00f4ture ou d\u2019un autre stolon de la m\u00eame plante. Il est amusant de voir ce que devient le mand\u00e9villa. Mais vous pouvez aussi prendre les choses en main et guider le mand\u00e9villa. Une chose est tr\u00e8s importante \u00e0 cet \u00e9gard : repiquez toujours les stolons dans le sens inverse des aiguilles d\u2019une montre (vu d\u2019en haut), sinon ils se retourneront facilement. Eh oui, c\u2019est l\u00e0 que son caract\u00e8re t\u00eatu entre \u00e0 nouveau en jeu.<\/p>\n<p>&nbsp;<\/p>\n\t\t\t\t\t\t\t\t<\/div>\n\t\t\t\t<\/div>\n\t\t\t\t\t<\/div>\n\t\t\t\t<\/div>\n\t\t\t\t\t<\/div>\n\t\t\t\t<\/div>\n\t\t\t\t<\/div>\n\t\t","protected":false},"excerpt":{"rendered":"<p>Faites pousser votre mand\u00e9villa \u00ab\u00a0Le mand\u00e9villa peut cro\u00eetre consid\u00e9rablement dans votre jardin. Ce qui est bien, c\u2019est que vous pouvez influencer la fa\u00e7on dont le mand\u00e9villa pousse. Ce blog est destin\u00e9 aux vrais passionn\u00e9s, qui souhaitent optimiser la croissance de leur mand\u00e9villa.\u00a0\u00bb Tim \u2013 sp\u00e9cialiste de la culture des plantes chez Mandevillashop.com Avec le mand\u00e9villa<\/p>\n","protected":false},"author":1,"featured_media":5931,"parent":6248,"menu_order":0,"comment_status":"closed","ping_status":"closed","template":"","meta":{"_acf_changed":false,"footnotes":""},"class_list":["post-6260","page","type-page","status-publish","has-post-thumbnail","hentry"],"acf":[],"yoast_head":"<!-- This site is optimized with the Yoast SEO plugin v26.7 - https:\/\/yoast.com\/wordpress\/plugins\/seo\/ -->\n<title>Croissance et repiquage - Mandevillashop<\/title>\n<meta name=\"description\" content=\"La Mandevilla est une plante de jardin incroyablement polyvalente. Dans un grand pot, suspendue \u00e0 votre pergola ou plusieurs plantes ensemble\" \/>\n<meta name=\"robots\" content=\"index, follow, max-snippet:-1, max-image-preview:large, max-video-preview:-1\" \/>\n<link rel=\"canonical\" href=\"https:\/\/mandevillashop.com\/fr\/entretien\/croissance-et-repiquage\/\" \/>\n<meta property=\"og:locale\" content=\"fr_FR\" \/>\n<meta property=\"og:type\" content=\"article\" \/>\n<meta property=\"og:title\" content=\"Croissance et repiquage - Mandevillashop\" \/>\n<meta property=\"og:description\" content=\"La Mandevilla est une plante de jardin incroyablement polyvalente. Dans un grand pot, suspendue \u00e0 votre pergola ou plusieurs plantes ensemble\" \/>\n<meta property=\"og:url\" content=\"https:\/\/mandevillashop.com\/fr\/entretien\/croissance-et-repiquage\/\" \/>\n<meta property=\"og:site_name\" content=\"Mandevillashop\" \/>\n<meta property=\"article:modified_time\" content=\"2024-07-05T14:21:15+00:00\" \/>\n<meta name=\"twitter:card\" content=\"summary_large_image\" \/>\n<meta name=\"twitter:label1\" content=\"Dur\u00e9e de lecture estim\u00e9e\" \/>\n\t<meta name=\"twitter:data1\" content=\"3 minutes\" \/>\n<script type=\"application\/ld+json\" class=\"yoast-schema-graph\">{\"@context\":\"https:\/\/schema.org\",\"@graph\":[{\"@type\":\"WebPage\",\"@id\":\"https:\/\/mandevillashop.com\/fr\/entretien\/croissance-et-repiquage\/\",\"url\":\"https:\/\/mandevillashop.com\/fr\/entretien\/croissance-et-repiquage\/\",\"name\":\"Croissance et repiquage - Mandevillashop\",\"isPartOf\":{\"@id\":\"https:\/\/mandevillashop.com\/fr\/#website\"},\"primaryImageOfPage\":{\"@id\":\"https:\/\/mandevillashop.com\/fr\/entretien\/croissance-et-repiquage\/#primaryimage\"},\"image\":{\"@id\":\"https:\/\/mandevillashop.com\/fr\/entretien\/croissance-et-repiquage\/#primaryimage\"},\"thumbnailUrl\":\"https:\/\/mandevillashop.com\/wp-content\/uploads\/2024\/01\/Mandevilla-klimset-close-up-14.jpg\",\"datePublished\":\"2023-12-22T12:00:17+00:00\",\"dateModified\":\"2024-07-05T14:21:15+00:00\",\"description\":\"La Mandevilla est une plante de jardin incroyablement polyvalente. Dans un grand pot, suspendue \u00e0 votre pergola ou plusieurs plantes ensemble\",\"breadcrumb\":{\"@id\":\"https:\/\/mandevillashop.com\/fr\/entretien\/croissance-et-repiquage\/#breadcrumb\"},\"inLanguage\":\"fr-FR\",\"potentialAction\":[{\"@type\":\"ReadAction\",\"target\":[\"https:\/\/mandevillashop.com\/fr\/entretien\/croissance-et-repiquage\/\"]}]},{\"@type\":\"ImageObject\",\"inLanguage\":\"fr-FR\",\"@id\":\"https:\/\/mandevillashop.com\/fr\/entretien\/croissance-et-repiquage\/#primaryimage\",\"url\":\"https:\/\/mandevillashop.com\/wp-content\/uploads\/2024\/01\/Mandevilla-klimset-close-up-14.jpg\",\"contentUrl\":\"https:\/\/mandevillashop.com\/wp-content\/uploads\/2024\/01\/Mandevilla-klimset-close-up-14.jpg\",\"width\":1200,\"height\":1200},{\"@type\":\"BreadcrumbList\",\"@id\":\"https:\/\/mandevillashop.com\/fr\/entretien\/croissance-et-repiquage\/#breadcrumb\",\"itemListElement\":[{\"@type\":\"ListItem\",\"position\":1,\"name\":\"Home\",\"item\":\"https:\/\/mandevillashop.com\/fr\/\"},{\"@type\":\"ListItem\",\"position\":2,\"name\":\"Entretien\",\"item\":\"https:\/\/mandevillashop.com\/fr\/verzorging\/\"},{\"@type\":\"ListItem\",\"position\":3,\"name\":\"Croissance et repiquage\"}]},{\"@type\":\"WebSite\",\"@id\":\"https:\/\/mandevillashop.com\/fr\/#website\",\"url\":\"https:\/\/mandevillashop.com\/fr\/\",\"name\":\"Mandevillashop\",\"description\":\"De Mandevilla Specialist\",\"publisher\":{\"@id\":\"https:\/\/mandevillashop.com\/fr\/#organization\"},\"potentialAction\":[{\"@type\":\"SearchAction\",\"target\":{\"@type\":\"EntryPoint\",\"urlTemplate\":\"https:\/\/mandevillashop.com\/fr\/?s={search_term_string}\"},\"query-input\":{\"@type\":\"PropertyValueSpecification\",\"valueRequired\":true,\"valueName\":\"search_term_string\"}}],\"inLanguage\":\"fr-FR\"},{\"@type\":\"Organization\",\"@id\":\"https:\/\/mandevillashop.com\/fr\/#organization\",\"name\":\"Mandevilla Shop\",\"url\":\"https:\/\/mandevillashop.com\/fr\/\",\"logo\":{\"@type\":\"ImageObject\",\"inLanguage\":\"fr-FR\",\"@id\":\"https:\/\/mandevillashop.com\/fr\/#\/schema\/logo\/image\/\",\"url\":\"https:\/\/mandevillashop.com\/wp-content\/uploads\/2023\/07\/mandevilla-shop-zwart.svg\",\"contentUrl\":\"https:\/\/mandevillashop.com\/wp-content\/uploads\/2023\/07\/mandevilla-shop-zwart.svg\",\"caption\":\"Mandevilla Shop\"},\"image\":{\"@id\":\"https:\/\/mandevillashop.com\/fr\/#\/schema\/logo\/image\/\"}}]}<\/script>\n<!-- \/ Yoast SEO plugin. -->","yoast_head_json":{"title":"Croissance et repiquage - Mandevillashop","description":"La Mandevilla est une plante de jardin incroyablement polyvalente. Dans un grand pot, suspendue \u00e0 votre pergola ou plusieurs plantes ensemble","robots":{"index":"index","follow":"follow","max-snippet":"max-snippet:-1","max-image-preview":"max-image-preview:large","max-video-preview":"max-video-preview:-1"},"canonical":"https:\/\/mandevillashop.com\/fr\/entretien\/croissance-et-repiquage\/","og_locale":"fr_FR","og_type":"article","og_title":"Croissance et repiquage - Mandevillashop","og_description":"La Mandevilla est une plante de jardin incroyablement polyvalente. Dans un grand pot, suspendue \u00e0 votre pergola ou plusieurs plantes ensemble","og_url":"https:\/\/mandevillashop.com\/fr\/entretien\/croissance-et-repiquage\/","og_site_name":"Mandevillashop","article_modified_time":"2024-07-05T14:21:15+00:00","twitter_card":"summary_large_image","twitter_misc":{"Dur\u00e9e de lecture estim\u00e9e":"3 minutes"},"schema":{"@context":"https:\/\/schema.org","@graph":[{"@type":"WebPage","@id":"https:\/\/mandevillashop.com\/fr\/entretien\/croissance-et-repiquage\/","url":"https:\/\/mandevillashop.com\/fr\/entretien\/croissance-et-repiquage\/","name":"Croissance et repiquage - Mandevillashop","isPartOf":{"@id":"https:\/\/mandevillashop.com\/fr\/#website"},"primaryImageOfPage":{"@id":"https:\/\/mandevillashop.com\/fr\/entretien\/croissance-et-repiquage\/#primaryimage"},"image":{"@id":"https:\/\/mandevillashop.com\/fr\/entretien\/croissance-et-repiquage\/#primaryimage"},"thumbnailUrl":"https:\/\/mandevillashop.com\/wp-content\/uploads\/2024\/01\/Mandevilla-klimset-close-up-14.jpg","datePublished":"2023-12-22T12:00:17+00:00","dateModified":"2024-07-05T14:21:15+00:00","description":"La Mandevilla est une plante de jardin incroyablement polyvalente. Dans un grand pot, suspendue \u00e0 votre pergola ou plusieurs plantes ensemble","breadcrumb":{"@id":"https:\/\/mandevillashop.com\/fr\/entretien\/croissance-et-repiquage\/#breadcrumb"},"inLanguage":"fr-FR","potentialAction":[{"@type":"ReadAction","target":["https:\/\/mandevillashop.com\/fr\/entretien\/croissance-et-repiquage\/"]}]},{"@type":"ImageObject","inLanguage":"fr-FR","@id":"https:\/\/mandevillashop.com\/fr\/entretien\/croissance-et-repiquage\/#primaryimage","url":"https:\/\/mandevillashop.com\/wp-content\/uploads\/2024\/01\/Mandevilla-klimset-close-up-14.jpg","contentUrl":"https:\/\/mandevillashop.com\/wp-content\/uploads\/2024\/01\/Mandevilla-klimset-close-up-14.jpg","width":1200,"height":1200},{"@type":"BreadcrumbList","@id":"https:\/\/mandevillashop.com\/fr\/entretien\/croissance-et-repiquage\/#breadcrumb","itemListElement":[{"@type":"ListItem","position":1,"name":"Home","item":"https:\/\/mandevillashop.com\/fr\/"},{"@type":"ListItem","position":2,"name":"Entretien","item":"https:\/\/mandevillashop.com\/fr\/verzorging\/"},{"@type":"ListItem","position":3,"name":"Croissance et repiquage"}]},{"@type":"WebSite","@id":"https:\/\/mandevillashop.com\/fr\/#website","url":"https:\/\/mandevillashop.com\/fr\/","name":"Mandevillashop","description":"De Mandevilla Specialist","publisher":{"@id":"https:\/\/mandevillashop.com\/fr\/#organization"},"potentialAction":[{"@type":"SearchAction","target":{"@type":"EntryPoint","urlTemplate":"https:\/\/mandevillashop.com\/fr\/?s={search_term_string}"},"query-input":{"@type":"PropertyValueSpecification","valueRequired":true,"valueName":"search_term_string"}}],"inLanguage":"fr-FR"},{"@type":"Organization","@id":"https:\/\/mandevillashop.com\/fr\/#organization","name":"Mandevilla Shop","url":"https:\/\/mandevillashop.com\/fr\/","logo":{"@type":"ImageObject","inLanguage":"fr-FR","@id":"https:\/\/mandevillashop.com\/fr\/#\/schema\/logo\/image\/","url":"https:\/\/mandevillashop.com\/wp-content\/uploads\/2023\/07\/mandevilla-shop-zwart.svg","contentUrl":"https:\/\/mandevillashop.com\/wp-content\/uploads\/2023\/07\/mandevilla-shop-zwart.svg","caption":"Mandevilla Shop"},"image":{"@id":"https:\/\/mandevillashop.com\/fr\/#\/schema\/logo\/image\/"}}]}},"_links":{"self":[{"href":"https:\/\/mandevillashop.com\/fr\/wp-json\/wp\/v2\/pages\/6260","targetHints":{"allow":["GET"]}}],"collection":[{"href":"https:\/\/mandevillashop.com\/fr\/wp-json\/wp\/v2\/pages"}],"about":[{"href":"https:\/\/mandevillashop.com\/fr\/wp-json\/wp\/v2\/types\/page"}],"author":[{"embeddable":true,"href":"https:\/\/mandevillashop.com\/fr\/wp-json\/wp\/v2\/users\/1"}],"replies":[{"embeddable":true,"href":"https:\/\/mandevillashop.com\/fr\/wp-json\/wp\/v2\/comments?post=6260"}],"version-history":[{"count":4,"href":"https:\/\/mandevillashop.com\/fr\/wp-json\/wp\/v2\/pages\/6260\/revisions"}],"predecessor-version":[{"id":8657,"href":"https:\/\/mandevillashop.com\/fr\/wp-json\/wp\/v2\/pages\/6260\/revisions\/8657"}],"up":[{"embeddable":true,"href":"https:\/\/mandevillashop.com\/fr\/wp-json\/wp\/v2\/pages\/6248"}],"wp:featuredmedia":[{"embeddable":true,"href":"https:\/\/mandevillashop.com\/fr\/wp-json\/wp\/v2\/media\/5931"}],"wp:attachment":[{"href":"https:\/\/mandevillashop.com\/fr\/wp-json\/wp\/v2\/media?parent=6260"}],"curies":[{"name":"wp","href":"https:\/\/api.w.org\/{rel}","templated":true}]}}