{"id":6272,"date":"2023-12-22T13:47:49","date_gmt":"2023-12-22T12:47:49","guid":{"rendered":"https:\/\/mandevillashop.com\/entretien\/insectes\/"},"modified":"2024-07-05T16:22:42","modified_gmt":"2024-07-05T14:22:42","slug":"insectes","status":"publish","type":"page","link":"https:\/\/mandevillashop.com\/fr\/entretien\/insectes\/","title":{"rendered":"Insectes"},"content":{"rendered":"\t\t<div data-elementor-type=\"wp-page\" data-elementor-id=\"6272\" class=\"elementor elementor-6272 elementor-549\" data-elementor-post-type=\"page\">\n\t\t\t\t<div class=\"elementor-element elementor-element-6b59b1a1 e-flex e-con-boxed e-con e-parent\" data-id=\"6b59b1a1\" data-element_type=\"container\">\n\t\t\t\t\t<div class=\"e-con-inner\">\n\t\t\t\t<div class=\"elementor-element elementor-element-4f58dcf1 elementor-widget elementor-widget-heading\" data-id=\"4f58dcf1\" data-element_type=\"widget\" data-widget_type=\"heading.default\">\n\t\t\t\t<div class=\"elementor-widget-container\">\n\t\t\t\t\t<h1 class=\"elementor-heading-title elementor-size-default\">Des insectes dans votre mand\u00e9villa ?<\/h1>\t\t\t\t<\/div>\n\t\t\t\t<\/div>\n\t\t\t\t\t<\/div>\n\t\t\t\t<\/div>\n\t\t<div class=\"elementor-element elementor-element-15a6acea e-flex e-con-boxed e-con e-parent\" data-id=\"15a6acea\" data-element_type=\"container\">\n\t\t\t\t\t<div class=\"e-con-inner\">\n\t\t<div class=\"elementor-element elementor-element-52326237 e-flex e-con-boxed e-con e-child\" data-id=\"52326237\" data-element_type=\"container\">\n\t\t\t\t\t<div class=\"e-con-inner\">\n\t\t<div class=\"elementor-element elementor-element-7bcf7c14 e-flex e-con-boxed e-con e-child\" data-id=\"7bcf7c14\" data-element_type=\"container\" data-settings=\"{&quot;background_background&quot;:&quot;classic&quot;}\">\n\t\t\t\t\t<div class=\"e-con-inner\">\n\t\t\t\t<div class=\"elementor-element elementor-element-158df5d elementor-widget elementor-widget-text-editor\" data-id=\"158df5d\" data-element_type=\"widget\" data-widget_type=\"text-editor.default\">\n\t\t\t\t<div class=\"elementor-widget-container\">\n\t\t\t\t\t\t\t\t\t<p><em>\u00ab Le mand\u00e9villa pousse et fleurit dans votre jardin, ce qui le rend attrayant pour les insectes, notamment les pucerons. Heureusement, ils sont faciles \u00e0 \u00e9liminer. Nous vous expliquons comment faire ! \u00bb<\/em><\/p>\n<p><em>Tim \u2013 sp\u00e9cialiste de la culture des plantes chez Mandevillashop.com<\/em><\/p>\n\t\t\t\t\t\t\t\t<\/div>\n\t\t\t\t<\/div>\n\t\t\t\t\t<\/div>\n\t\t\t\t<\/div>\n\t\t\t\t\t<\/div>\n\t\t\t\t<\/div>\n\t\t\t\t\t<\/div>\n\t\t\t\t<\/div>\n\t\t<div class=\"elementor-element elementor-element-264305df e-flex e-con-boxed e-con e-parent\" data-id=\"264305df\" data-element_type=\"container\">\n\t\t\t\t\t<div class=\"e-con-inner\">\n\t\t<div class=\"elementor-element elementor-element-6bb3967b e-flex e-con-boxed e-con e-child\" data-id=\"6bb3967b\" data-element_type=\"container\">\n\t\t\t\t\t<div class=\"e-con-inner\">\n\t\t\t\t<div class=\"elementor-element elementor-element-0ed8a4f elementor-widget elementor-widget-heading\" data-id=\"0ed8a4f\" data-element_type=\"widget\" data-widget_type=\"heading.default\">\n\t\t\t\t<div class=\"elementor-widget-container\">\n\t\t\t\t\t<h4 class=\"elementor-heading-title elementor-size-default\">Y a-t-il des insectes dans votre mand\u00e9villa\/diplad\u00e9nia ?<\/h4>\t\t\t\t<\/div>\n\t\t\t\t<\/div>\n\t\t\t\t<div class=\"elementor-element elementor-element-449403a6 elementor-widget elementor-widget-text-editor\" data-id=\"449403a6\" data-element_type=\"widget\" data-widget_type=\"text-editor.default\">\n\t\t\t\t<div class=\"elementor-widget-container\">\n\t\t\t\t\t\t\t\t\t<p>Vous pouvez supposer que ce sont des pucerons. Vous pouvez reconna\u00eetre les pucerons aux nombreuses b\u00eates qui s\u2019empilent et se d\u00e9placent lentement. On les voit surtout au sommet de la plante. Ils existent en diff\u00e9rentes couleurs\u00a0: jaune, noir, vert et\/ou brun. Si vous voyez soudainement de nombreuses coccinelles ou fourmis pr\u00e8s de votre mand\u00e9villa, cela peut \u00e9galement \u00eatre un signe de pucerons.<\/p>\n\t\t\t\t\t\t\t\t<\/div>\n\t\t\t\t<\/div>\n\t\t\t\t<div class=\"elementor-element elementor-element-5fc118b9 elementor-widget elementor-widget-heading\" data-id=\"5fc118b9\" data-element_type=\"widget\" data-widget_type=\"heading.default\">\n\t\t\t\t<div class=\"elementor-widget-container\">\n\t\t\t\t\t<h4 class=\"elementor-heading-title elementor-size-default\">Que pouvez-vous faire contre les pucerons dans votre mand\u00e9villa ?<\/h4>\t\t\t\t<\/div>\n\t\t\t\t<\/div>\n\t\t\t\t<div class=\"elementor-element elementor-element-69015898 elementor-widget elementor-widget-text-editor\" data-id=\"69015898\" data-element_type=\"widget\" data-widget_type=\"text-editor.default\">\n\t\t\t\t<div class=\"elementor-widget-container\">\n\t\t\t\t\t\t\t\t\t<p>Si vous avez constat\u00e9 que votre mand\u00e9villa souffre de pucerons, suivez les conseils ci-dessous pour les combattre\u00a0:<\/p><ol><li>Assurez-vous que les pucerons ne peuvent pas se propager \u00e0 d\u2019autres plantes\u00a0; si n\u00e9cessaire, mettez la plante \u00e0 l\u2019\u00e9cart.<\/li><li>Retirez autant de pucerons que possible \u00e0 la main. Vous pouvez couper une partie de la plante si elle est gravement atteinte.<\/li><li>Assurez-vous que la plante se trouve dans un endroit sans trop de vent.<\/li><li>Le meilleur moment pour combattre les pucerons sur votre plante (avec notre\u00a0<a href=\"https:\/\/mandevillashop.com\/fr\/produit\/spray-anti-insectes-naturel\/\"><em>insectifuge<\/em> naturel<\/a>) est une journ\u00e9e s\u00e8che (pas trop chaude), de pr\u00e9f\u00e9rence le matin.<\/li><li>V\u00e9rifiez d\u2019abord si les feuilles sont s\u00e8ches.<\/li><li>N\u2019utilisez le pesticide que sur les parties de la plante qui sont touch\u00e9es.<\/li><li>Essayez de ne pas toucher les fleurs avec le pesticide.<\/li><li>Suivez les instructions figurant sur l\u2019emballage du pesticide.<\/li><li>R\u00e9p\u00e9tez la d\u00e9sinfestation au moins une fois par semaine jusqu\u2019\u00e0 ce que les pucerons soient \u00e9limin\u00e9s.<\/li><\/ol>\t\t\t\t\t\t\t\t<\/div>\n\t\t\t\t<\/div>\n\t\t\t\t<div class=\"elementor-element elementor-element-11af65e1 elementor-widget elementor-widget-heading\" data-id=\"11af65e1\" data-element_type=\"widget\" data-widget_type=\"heading.default\">\n\t\t\t\t<div class=\"elementor-widget-container\">\n\t\t\t\t\t<h4 class=\"elementor-heading-title elementor-size-default\">Quel agent est efficace contre les pucerons ?<\/h4>\t\t\t\t<\/div>\n\t\t\t\t<\/div>\n\t\t\t\t<div class=\"elementor-element elementor-element-4ccc6eef elementor-widget elementor-widget-text-editor\" data-id=\"4ccc6eef\" data-element_type=\"widget\" data-widget_type=\"text-editor.default\">\n\t\t\t\t<div class=\"elementor-widget-container\">\n\t\t\t\t\t\t\t\t\t<p>Il existe sur le march\u00e9 de nombreux agents qui peuvent aider \u00e0 lutter contre les pucerons. Les produits biologiques sont privil\u00e9gi\u00e9s \u00e0 cet \u00e9gard, tout simplement parce qu\u2019ils sont meilleurs pour l\u2019environnement. Nous avons test\u00e9 pour vous plusieurs produits et vous recommandons le Savon Noir Jardin (de la marque Marius Fabre). Un agent efficace, \u00e0 base de savon noir, sans ajout de substances toxiques. L\u2019agent provoque le dess\u00e8chement du puceron.<\/p>\n\t\t\t\t\t\t\t\t<\/div>\n\t\t\t\t<\/div>\n\t\t\t\t<div class=\"elementor-element elementor-element-663bbca elementor-widget elementor-widget-heading\" data-id=\"663bbca\" data-element_type=\"widget\" data-widget_type=\"heading.default\">\n\t\t\t\t<div class=\"elementor-widget-container\">\n\t\t\t\t\t<h4 class=\"elementor-heading-title elementor-size-default\">Cela a-t-il fonctionn\u00e9 ?<\/h4>\t\t\t\t<\/div>\n\t\t\t\t<\/div>\n\t\t\t\t<div class=\"elementor-element elementor-element-b9ff9c5 elementor-widget elementor-widget-text-editor\" data-id=\"b9ff9c5\" data-element_type=\"widget\" data-widget_type=\"text-editor.default\">\n\t\t\t\t<div class=\"elementor-widget-container\">\n\t\t\t\t\t\t\t\t\t<p>Voyez-vous des peaux blanches sur la plante ? Alors vous savez que la d\u00e9sinfestation fonctionne. Les pucerons laissent derri\u00e8re eux une peau blanche lorsqu\u2019ils ont s\u00e9ch\u00e9.<\/p>\n\t\t\t\t\t\t\t\t<\/div>\n\t\t\t\t<\/div>\n\t\t\t\t\t<\/div>\n\t\t\t\t<\/div>\n\t\t\t\t\t<\/div>\n\t\t\t\t<\/div>\n\t\t\t\t<\/div>\n\t\t","protected":false},"excerpt":{"rendered":"<p>Des insectes dans votre mand\u00e9villa ? \u00ab Le mand\u00e9villa pousse et fleurit dans votre jardin, ce qui le rend attrayant pour les insectes, notamment les pucerons. Heureusement, ils sont faciles \u00e0 \u00e9liminer. Nous vous expliquons comment faire ! \u00bb Tim \u2013 sp\u00e9cialiste de la culture des plantes chez Mandevillashop.com Y a-t-il des insectes dans votre<\/p>\n","protected":false},"author":1,"featured_media":6144,"parent":6248,"menu_order":0,"comment_status":"closed","ping_status":"closed","template":"","meta":{"_acf_changed":false,"footnotes":""},"class_list":["post-6272","page","type-page","status-publish","has-post-thumbnail","hentry"],"acf":[],"yoast_head":"<!-- This site is optimized with the Yoast SEO plugin v26.7 - https:\/\/yoast.com\/wordpress\/plugins\/seo\/ -->\n<title>Insectes - Mandevillashop<\/title>\n<meta name=\"description\" content=\"Avez vous d\u00e9couvert des insectes dans votre Mandevilla ? Ne vous inqui\u00e9tez pas : avec nos conseils, ils dispara\u00eetront en un rien de temps.\" \/>\n<meta name=\"robots\" content=\"index, follow, max-snippet:-1, max-image-preview:large, max-video-preview:-1\" \/>\n<link rel=\"canonical\" href=\"https:\/\/mandevillashop.com\/fr\/entretien\/insectes\/\" \/>\n<meta property=\"og:locale\" content=\"fr_FR\" \/>\n<meta property=\"og:type\" content=\"article\" \/>\n<meta property=\"og:title\" content=\"Insectes - Mandevillashop\" \/>\n<meta property=\"og:description\" content=\"Avez vous d\u00e9couvert des insectes dans votre Mandevilla ? Ne vous inqui\u00e9tez pas : avec nos conseils, ils dispara\u00eetront en un rien de temps.\" \/>\n<meta property=\"og:url\" content=\"https:\/\/mandevillashop.com\/fr\/entretien\/insectes\/\" \/>\n<meta property=\"og:site_name\" content=\"Mandevillashop\" \/>\n<meta property=\"article:modified_time\" content=\"2024-07-05T14:22:42+00:00\" \/>\n<meta property=\"og:image\" content=\"https:\/\/mandevillashop.com\/wp-content\/uploads\/2024\/01\/20220809-Beautyplants-8437-3-Web-scaled-25.jpg\" \/>\n\t<meta property=\"og:image:width\" content=\"1708\" \/>\n\t<meta property=\"og:image:height\" content=\"2560\" \/>\n\t<meta property=\"og:image:type\" content=\"image\/jpeg\" \/>\n<meta name=\"twitter:card\" content=\"summary_large_image\" \/>\n<meta name=\"twitter:label1\" content=\"Dur\u00e9e de lecture estim\u00e9e\" \/>\n\t<meta name=\"twitter:data1\" content=\"2 minutes\" \/>\n<script type=\"application\/ld+json\" class=\"yoast-schema-graph\">{\"@context\":\"https:\/\/schema.org\",\"@graph\":[{\"@type\":\"WebPage\",\"@id\":\"https:\/\/mandevillashop.com\/fr\/entretien\/insectes\/\",\"url\":\"https:\/\/mandevillashop.com\/fr\/entretien\/insectes\/\",\"name\":\"Insectes - Mandevillashop\",\"isPartOf\":{\"@id\":\"https:\/\/mandevillashop.com\/fr\/#website\"},\"primaryImageOfPage\":{\"@id\":\"https:\/\/mandevillashop.com\/fr\/entretien\/insectes\/#primaryimage\"},\"image\":{\"@id\":\"https:\/\/mandevillashop.com\/fr\/entretien\/insectes\/#primaryimage\"},\"thumbnailUrl\":\"https:\/\/mandevillashop.com\/wp-content\/uploads\/2024\/01\/20220809-Beautyplants-8437-3-Web-scaled-25.jpg\",\"datePublished\":\"2023-12-22T12:47:49+00:00\",\"dateModified\":\"2024-07-05T14:22:42+00:00\",\"description\":\"Avez vous d\u00e9couvert des insectes dans votre Mandevilla ? Ne vous inqui\u00e9tez pas : avec nos conseils, ils dispara\u00eetront en un rien de temps.\",\"breadcrumb\":{\"@id\":\"https:\/\/mandevillashop.com\/fr\/entretien\/insectes\/#breadcrumb\"},\"inLanguage\":\"fr-FR\",\"potentialAction\":[{\"@type\":\"ReadAction\",\"target\":[\"https:\/\/mandevillashop.com\/fr\/entretien\/insectes\/\"]}]},{\"@type\":\"ImageObject\",\"inLanguage\":\"fr-FR\",\"@id\":\"https:\/\/mandevillashop.com\/fr\/entretien\/insectes\/#primaryimage\",\"url\":\"https:\/\/mandevillashop.com\/wp-content\/uploads\/2024\/01\/20220809-Beautyplants-8437-3-Web-scaled-25.jpg\",\"contentUrl\":\"https:\/\/mandevillashop.com\/wp-content\/uploads\/2024\/01\/20220809-Beautyplants-8437-3-Web-scaled-25.jpg\",\"width\":1708,\"height\":2560},{\"@type\":\"BreadcrumbList\",\"@id\":\"https:\/\/mandevillashop.com\/fr\/entretien\/insectes\/#breadcrumb\",\"itemListElement\":[{\"@type\":\"ListItem\",\"position\":1,\"name\":\"Home\",\"item\":\"https:\/\/mandevillashop.com\/fr\/\"},{\"@type\":\"ListItem\",\"position\":2,\"name\":\"Entretien\",\"item\":\"https:\/\/mandevillashop.com\/fr\/verzorging\/\"},{\"@type\":\"ListItem\",\"position\":3,\"name\":\"Insectes\"}]},{\"@type\":\"WebSite\",\"@id\":\"https:\/\/mandevillashop.com\/fr\/#website\",\"url\":\"https:\/\/mandevillashop.com\/fr\/\",\"name\":\"Mandevillashop\",\"description\":\"De Mandevilla Specialist\",\"publisher\":{\"@id\":\"https:\/\/mandevillashop.com\/fr\/#organization\"},\"potentialAction\":[{\"@type\":\"SearchAction\",\"target\":{\"@type\":\"EntryPoint\",\"urlTemplate\":\"https:\/\/mandevillashop.com\/fr\/?s={search_term_string}\"},\"query-input\":{\"@type\":\"PropertyValueSpecification\",\"valueRequired\":true,\"valueName\":\"search_term_string\"}}],\"inLanguage\":\"fr-FR\"},{\"@type\":\"Organization\",\"@id\":\"https:\/\/mandevillashop.com\/fr\/#organization\",\"name\":\"Mandevilla Shop\",\"url\":\"https:\/\/mandevillashop.com\/fr\/\",\"logo\":{\"@type\":\"ImageObject\",\"inLanguage\":\"fr-FR\",\"@id\":\"https:\/\/mandevillashop.com\/fr\/#\/schema\/logo\/image\/\",\"url\":\"https:\/\/mandevillashop.com\/wp-content\/uploads\/2023\/07\/mandevilla-shop-zwart.svg\",\"contentUrl\":\"https:\/\/mandevillashop.com\/wp-content\/uploads\/2023\/07\/mandevilla-shop-zwart.svg\",\"caption\":\"Mandevilla Shop\"},\"image\":{\"@id\":\"https:\/\/mandevillashop.com\/fr\/#\/schema\/logo\/image\/\"}}]}<\/script>\n<!-- \/ Yoast SEO plugin. -->","yoast_head_json":{"title":"Insectes - Mandevillashop","description":"Avez vous d\u00e9couvert des insectes dans votre Mandevilla ? Ne vous inqui\u00e9tez pas : avec nos conseils, ils dispara\u00eetront en un rien de temps.","robots":{"index":"index","follow":"follow","max-snippet":"max-snippet:-1","max-image-preview":"max-image-preview:large","max-video-preview":"max-video-preview:-1"},"canonical":"https:\/\/mandevillashop.com\/fr\/entretien\/insectes\/","og_locale":"fr_FR","og_type":"article","og_title":"Insectes - Mandevillashop","og_description":"Avez vous d\u00e9couvert des insectes dans votre Mandevilla ? Ne vous inqui\u00e9tez pas : avec nos conseils, ils dispara\u00eetront en un rien de temps.","og_url":"https:\/\/mandevillashop.com\/fr\/entretien\/insectes\/","og_site_name":"Mandevillashop","article_modified_time":"2024-07-05T14:22:42+00:00","og_image":[{"width":1708,"height":2560,"url":"https:\/\/mandevillashop.com\/wp-content\/uploads\/2024\/01\/20220809-Beautyplants-8437-3-Web-scaled-25.jpg","type":"image\/jpeg"}],"twitter_card":"summary_large_image","twitter_misc":{"Dur\u00e9e de lecture estim\u00e9e":"2 minutes"},"schema":{"@context":"https:\/\/schema.org","@graph":[{"@type":"WebPage","@id":"https:\/\/mandevillashop.com\/fr\/entretien\/insectes\/","url":"https:\/\/mandevillashop.com\/fr\/entretien\/insectes\/","name":"Insectes - Mandevillashop","isPartOf":{"@id":"https:\/\/mandevillashop.com\/fr\/#website"},"primaryImageOfPage":{"@id":"https:\/\/mandevillashop.com\/fr\/entretien\/insectes\/#primaryimage"},"image":{"@id":"https:\/\/mandevillashop.com\/fr\/entretien\/insectes\/#primaryimage"},"thumbnailUrl":"https:\/\/mandevillashop.com\/wp-content\/uploads\/2024\/01\/20220809-Beautyplants-8437-3-Web-scaled-25.jpg","datePublished":"2023-12-22T12:47:49+00:00","dateModified":"2024-07-05T14:22:42+00:00","description":"Avez vous d\u00e9couvert des insectes dans votre Mandevilla ? Ne vous inqui\u00e9tez pas : avec nos conseils, ils dispara\u00eetront en un rien de temps.","breadcrumb":{"@id":"https:\/\/mandevillashop.com\/fr\/entretien\/insectes\/#breadcrumb"},"inLanguage":"fr-FR","potentialAction":[{"@type":"ReadAction","target":["https:\/\/mandevillashop.com\/fr\/entretien\/insectes\/"]}]},{"@type":"ImageObject","inLanguage":"fr-FR","@id":"https:\/\/mandevillashop.com\/fr\/entretien\/insectes\/#primaryimage","url":"https:\/\/mandevillashop.com\/wp-content\/uploads\/2024\/01\/20220809-Beautyplants-8437-3-Web-scaled-25.jpg","contentUrl":"https:\/\/mandevillashop.com\/wp-content\/uploads\/2024\/01\/20220809-Beautyplants-8437-3-Web-scaled-25.jpg","width":1708,"height":2560},{"@type":"BreadcrumbList","@id":"https:\/\/mandevillashop.com\/fr\/entretien\/insectes\/#breadcrumb","itemListElement":[{"@type":"ListItem","position":1,"name":"Home","item":"https:\/\/mandevillashop.com\/fr\/"},{"@type":"ListItem","position":2,"name":"Entretien","item":"https:\/\/mandevillashop.com\/fr\/verzorging\/"},{"@type":"ListItem","position":3,"name":"Insectes"}]},{"@type":"WebSite","@id":"https:\/\/mandevillashop.com\/fr\/#website","url":"https:\/\/mandevillashop.com\/fr\/","name":"Mandevillashop","description":"De Mandevilla Specialist","publisher":{"@id":"https:\/\/mandevillashop.com\/fr\/#organization"},"potentialAction":[{"@type":"SearchAction","target":{"@type":"EntryPoint","urlTemplate":"https:\/\/mandevillashop.com\/fr\/?s={search_term_string}"},"query-input":{"@type":"PropertyValueSpecification","valueRequired":true,"valueName":"search_term_string"}}],"inLanguage":"fr-FR"},{"@type":"Organization","@id":"https:\/\/mandevillashop.com\/fr\/#organization","name":"Mandevilla Shop","url":"https:\/\/mandevillashop.com\/fr\/","logo":{"@type":"ImageObject","inLanguage":"fr-FR","@id":"https:\/\/mandevillashop.com\/fr\/#\/schema\/logo\/image\/","url":"https:\/\/mandevillashop.com\/wp-content\/uploads\/2023\/07\/mandevilla-shop-zwart.svg","contentUrl":"https:\/\/mandevillashop.com\/wp-content\/uploads\/2023\/07\/mandevilla-shop-zwart.svg","caption":"Mandevilla Shop"},"image":{"@id":"https:\/\/mandevillashop.com\/fr\/#\/schema\/logo\/image\/"}}]}},"_links":{"self":[{"href":"https:\/\/mandevillashop.com\/fr\/wp-json\/wp\/v2\/pages\/6272","targetHints":{"allow":["GET"]}}],"collection":[{"href":"https:\/\/mandevillashop.com\/fr\/wp-json\/wp\/v2\/pages"}],"about":[{"href":"https:\/\/mandevillashop.com\/fr\/wp-json\/wp\/v2\/types\/page"}],"author":[{"embeddable":true,"href":"https:\/\/mandevillashop.com\/fr\/wp-json\/wp\/v2\/users\/1"}],"replies":[{"embeddable":true,"href":"https:\/\/mandevillashop.com\/fr\/wp-json\/wp\/v2\/comments?post=6272"}],"version-history":[{"count":4,"href":"https:\/\/mandevillashop.com\/fr\/wp-json\/wp\/v2\/pages\/6272\/revisions"}],"predecessor-version":[{"id":8660,"href":"https:\/\/mandevillashop.com\/fr\/wp-json\/wp\/v2\/pages\/6272\/revisions\/8660"}],"up":[{"embeddable":true,"href":"https:\/\/mandevillashop.com\/fr\/wp-json\/wp\/v2\/pages\/6248"}],"wp:featuredmedia":[{"embeddable":true,"href":"https:\/\/mandevillashop.com\/fr\/wp-json\/wp\/v2\/media\/6144"}],"wp:attachment":[{"href":"https:\/\/mandevillashop.com\/fr\/wp-json\/wp\/v2\/media?parent=6272"}],"curies":[{"name":"wp","href":"https:\/\/api.w.org\/{rel}","templated":true}]}}