{"id":6276,"date":"2024-01-03T09:28:06","date_gmt":"2024-01-03T08:28:06","guid":{"rendered":"https:\/\/mandevillashop.com\/entretien\/boutures-de-mandevilla\/"},"modified":"2024-07-05T16:23:40","modified_gmt":"2024-07-05T14:23:40","slug":"boutures-de-mandevilla","status":"publish","type":"page","link":"https:\/\/mandevillashop.com\/fr\/entretien\/boutures-de-mandevilla\/","title":{"rendered":"Boutures de mandevilla"},"content":{"rendered":"\t\t<div data-elementor-type=\"wp-page\" data-elementor-id=\"6276\" class=\"elementor elementor-6276 elementor-582\" data-elementor-post-type=\"page\">\n\t\t\t\t<div class=\"elementor-element elementor-element-7b4ff7f4 e-flex e-con-boxed e-con e-parent\" data-id=\"7b4ff7f4\" data-element_type=\"container\" data-e-type=\"container\">\n\t\t\t\t\t<div class=\"e-con-inner\">\n\t\t\t\t<div class=\"elementor-element elementor-element-75831dcf elementor-widget elementor-widget-heading\" data-id=\"75831dcf\" data-element_type=\"widget\" data-e-type=\"widget\" data-widget_type=\"heading.default\">\n\t\t\t\t<div class=\"elementor-widget-container\">\n\t\t\t\t\t<h1 class=\"elementor-heading-title elementor-size-default\">Faites vos propres boutures de mand\u00e9villas !<\/h1>\t\t\t\t<\/div>\n\t\t\t\t<\/div>\n\t\t\t\t\t<\/div>\n\t\t\t\t<\/div>\n\t\t<div class=\"elementor-element elementor-element-5b08c6b9 e-flex e-con-boxed e-con e-parent\" data-id=\"5b08c6b9\" data-element_type=\"container\" data-e-type=\"container\">\n\t\t\t\t\t<div class=\"e-con-inner\">\n\t\t<div class=\"elementor-element elementor-element-7b72b60b e-flex e-con-boxed e-con e-child\" data-id=\"7b72b60b\" data-element_type=\"container\" data-e-type=\"container\">\n\t\t\t\t\t<div class=\"e-con-inner\">\n\t\t<div class=\"elementor-element elementor-element-701deb22 e-flex e-con-boxed e-con e-child\" data-id=\"701deb22\" data-element_type=\"container\" data-e-type=\"container\" data-settings=\"{&quot;background_background&quot;:&quot;classic&quot;}\">\n\t\t\t\t\t<div class=\"e-con-inner\">\n\t\t\t\t<div class=\"elementor-element elementor-element-5b119562 elementor-widget elementor-widget-text-editor\" data-id=\"5b119562\" data-element_type=\"widget\" data-e-type=\"widget\" data-widget_type=\"text-editor.default\">\n\t\t\t\t<div class=\"elementor-widget-container\">\n\t\t\t\t\t\t\t\t\t<p><em>Vous \u00eates un vrai fan de mand\u00e9villa, vous avez la main verte et vous voulez tirer encore plus de profit de votre plante ? C\u2019est possible ! Ce n\u2019est pas tr\u00e8s facile, mais vous pouvez faire des boutures de mand\u00e9villa. \u00cates-vous pr\u00eat \u00e0 relever le d\u00e9fi ? Nous sommes l\u00e0 pour vous aider avec nos conseils de bouture de mand\u00e9villa. Suivez les \u00e9tapes ci-dessous, c\u2019est parti ! \u00bb<\/em><\/p>\n<p><em>Tim \u2013 sp\u00e9cialiste de la culture des plantes chez Mandevillashop.com<\/em><\/p>\n\t\t\t\t\t\t\t\t<\/div>\n\t\t\t\t<\/div>\n\t\t\t\t\t<\/div>\n\t\t\t\t<\/div>\n\t\t\t\t\t<\/div>\n\t\t\t\t<\/div>\n\t\t\t\t\t<\/div>\n\t\t\t\t<\/div>\n\t\t<div class=\"elementor-element elementor-element-699d02c5 e-flex e-con-boxed e-con e-parent\" data-id=\"699d02c5\" data-element_type=\"container\" data-e-type=\"container\">\n\t\t\t\t\t<div class=\"e-con-inner\">\n\t\t<div class=\"elementor-element elementor-element-7479918f e-flex e-con-boxed e-con e-child\" data-id=\"7479918f\" data-element_type=\"container\" data-e-type=\"container\">\n\t\t\t\t\t<div class=\"e-con-inner\">\n\t\t\t\t<div class=\"elementor-element elementor-element-5c57779 elementor-widget elementor-widget-text-editor\" data-id=\"5c57779\" data-element_type=\"widget\" data-e-type=\"widget\" data-widget_type=\"text-editor.default\">\n\t\t\t\t<div class=\"elementor-widget-container\">\n\t\t\t\t\t\t\t\t\t<p>Le meilleur moment pour faire vos boutures de mand\u00e9villa est vers le mois de juin. Le printemps capricieux est termin\u00e9 et l\u2019\u00e9t\u00e9 est en route !<\/p>\n\t\t\t\t\t\t\t\t<\/div>\n\t\t\t\t<\/div>\n\t\t\t\t<div class=\"elementor-element elementor-element-5b576e9f elementor-widget elementor-widget-heading\" data-id=\"5b576e9f\" data-element_type=\"widget\" data-e-type=\"widget\" data-widget_type=\"heading.default\">\n\t\t\t\t<div class=\"elementor-widget-container\">\n\t\t\t\t\t<h4 class=\"elementor-heading-title elementor-size-default\">1. De quoi avez-vous besoin ?<\/h4>\t\t\t\t<\/div>\n\t\t\t\t<\/div>\n\t\t\t\t<div class=\"elementor-element elementor-element-4eaf58ce elementor-widget elementor-widget-text-editor\" data-id=\"4eaf58ce\" data-element_type=\"widget\" data-e-type=\"widget\" data-widget_type=\"text-editor.default\">\n\t\t\t\t<div class=\"elementor-widget-container\">\n\t\t\t\t\t\t\t\t\t<ul>\n<li>Une bo\u00eete \u00e0 \u0153ufs<\/li>\n<li>Du terreau (avec le plus d\u2019air possible)<\/li>\n<li>Un sac en plastique ou un morceau de plastique<\/li>\n<\/ul>\n\t\t\t\t\t\t\t\t<\/div>\n\t\t\t\t<\/div>\n\t\t\t\t<div class=\"elementor-element elementor-element-107c42 elementor-widget elementor-widget-heading\" data-id=\"107c42\" data-element_type=\"widget\" data-e-type=\"widget\" data-widget_type=\"heading.default\">\n\t\t\t\t<div class=\"elementor-widget-container\">\n\t\t\t\t\t<h4 class=\"elementor-heading-title elementor-size-default\">2. Au travail<\/h4>\t\t\t\t<\/div>\n\t\t\t\t<\/div>\n\t\t\t\t<div class=\"elementor-element elementor-element-bd8753b elementor-widget elementor-widget-text-editor\" data-id=\"bd8753b\" data-element_type=\"widget\" data-e-type=\"widget\" data-widget_type=\"text-editor.default\">\n\t\t\t\t<div class=\"elementor-widget-container\">\n\t\t\t\t\t\t\t\t\t<p>Trouvez l\u2019extr\u00e9mit\u00e9 d\u2019une branche de votre mand\u00e9villa et coupez ou d\u00e9coupez votre bouture \u00e0 partir de celle-ci. Prenez une bouture d\u2019environ 6\u00a0centim\u00e8tres, avec environ une paire de feuilles compl\u00e8tement d\u00e9velopp\u00e9es et suivez les \u00e9tapes ci-dessous\u00a0:<\/p>\n<ul>\n<li>Coupez la grappe de fleurs de la bouture.<\/li>\n<li>Prenez plusieurs boutures, il y a de fortes chances que certaines \u00e9chouent.<\/li>\n<li>Remplissez les trous de la bo\u00eete \u00e0 \u0153ufs avec du terreau et humidifiez-le avec un vaporisateur pour plantes.<\/li>\n<li>Remplissez chaque trou de la bo\u00eete \u00e0 \u0153ufs avec une bouture. Veillez \u00e0 mettre la bouture dans le terreau avec la tige uniquement.<\/li>\n<li>Mettez la bo\u00eete \u00e0 \u0153ufs dans un sac en plastique et fermez-le. Vous cr\u00e9erez ainsi votre propre serre\u00a0!<\/li>\n<\/ul>\n\t\t\t\t\t\t\t\t<\/div>\n\t\t\t\t<\/div>\n\t\t\t\t<div class=\"elementor-element elementor-element-6aef4a7 elementor-widget elementor-widget-image-gallery\" data-id=\"6aef4a7\" data-element_type=\"widget\" data-e-type=\"widget\" data-widget_type=\"image-gallery.default\">\n\t\t\t\t<div class=\"elementor-widget-container\">\n\t\t\t\t\t\t\t<div class=\"elementor-image-gallery\">\n\t\t\t<div id='gallery-1' class='gallery galleryid-6276 gallery-columns-2 gallery-size-large'><figure class='gallery-item'>\n\t\t\t<div class='gallery-icon landscape'>\n\t\t\t\t<a data-elementor-open-lightbox=\"yes\" data-elementor-lightbox-slideshow=\"6aef4a7\" data-elementor-lightbox-title=\"mandevilla-stek2\" data-e-action-hash=\"#elementor-action%3Aaction%3Dlightbox%26settings%3DeyJpZCI6MjY4OCwidXJsIjoiaHR0cHM6XC9cL21hbmRldmlsbGFzaG9wLmNvbVwvd3AtY29udGVudFwvdXBsb2Fkc1wvMjAyNFwvMDFcL21hbmRldmlsbGEtc3RlazIud2VicCIsInNsaWRlc2hvdyI6IjZhZWY0YTcifQ%3D%3D\" href='https:\/\/mandevillashop.com\/wp-content\/uploads\/2024\/01\/mandevilla-stek2.webp'><img fetchpriority=\"high\" decoding=\"async\" width=\"1024\" height=\"683\" src=\"https:\/\/mandevillashop.com\/wp-content\/uploads\/2024\/01\/mandevilla-stek2-1024x683.webp\" class=\"attachment-large size-large\" alt=\"\" srcset=\"https:\/\/mandevillashop.com\/wp-content\/uploads\/2024\/01\/mandevilla-stek2-1024x683.webp 1024w, https:\/\/mandevillashop.com\/wp-content\/uploads\/2024\/01\/mandevilla-stek2-300x200.webp 300w, https:\/\/mandevillashop.com\/wp-content\/uploads\/2024\/01\/mandevilla-stek2-768x512.webp 768w, https:\/\/mandevillashop.com\/wp-content\/uploads\/2024\/01\/mandevilla-stek2-600x400.webp 600w, https:\/\/mandevillashop.com\/wp-content\/uploads\/2024\/01\/mandevilla-stek2.webp 1200w\" sizes=\"(max-width: 1024px) 100vw, 1024px\" \/><\/a>\n\t\t\t<\/div><\/figure><figure class='gallery-item'>\n\t\t\t<div class='gallery-icon landscape'>\n\t\t\t\t<a data-elementor-open-lightbox=\"yes\" data-elementor-lightbox-slideshow=\"6aef4a7\" data-elementor-lightbox-title=\"mandevilla-stek\" data-e-action-hash=\"#elementor-action%3Aaction%3Dlightbox%26settings%3DeyJpZCI6MjY5MSwidXJsIjoiaHR0cHM6XC9cL21hbmRldmlsbGFzaG9wLmNvbVwvd3AtY29udGVudFwvdXBsb2Fkc1wvMjAyNFwvMDFcL21hbmRldmlsbGEtc3Rlay53ZWJwIiwic2xpZGVzaG93IjoiNmFlZjRhNyJ9\" href='https:\/\/mandevillashop.com\/wp-content\/uploads\/2024\/01\/mandevilla-stek.webp'><img decoding=\"async\" width=\"1024\" height=\"683\" src=\"https:\/\/mandevillashop.com\/wp-content\/uploads\/2024\/01\/mandevilla-stek-1024x683.webp\" class=\"attachment-large size-large\" alt=\"\" srcset=\"https:\/\/mandevillashop.com\/wp-content\/uploads\/2024\/01\/mandevilla-stek-1024x683.webp 1024w, https:\/\/mandevillashop.com\/wp-content\/uploads\/2024\/01\/mandevilla-stek-300x200.webp 300w, https:\/\/mandevillashop.com\/wp-content\/uploads\/2024\/01\/mandevilla-stek-768x512.webp 768w, https:\/\/mandevillashop.com\/wp-content\/uploads\/2024\/01\/mandevilla-stek-600x400.webp 600w, https:\/\/mandevillashop.com\/wp-content\/uploads\/2024\/01\/mandevilla-stek.webp 1200w\" sizes=\"(max-width: 1024px) 100vw, 1024px\" \/><\/a>\n\t\t\t<\/div><\/figure>\n\t\t<\/div>\n\t\t<\/div>\n\t\t\t\t\t\t<\/div>\n\t\t\t\t<\/div>\n\t\t\t\t<div class=\"elementor-element elementor-element-4bc0e75 elementor-widget elementor-widget-heading\" data-id=\"4bc0e75\" data-element_type=\"widget\" data-e-type=\"widget\" data-widget_type=\"heading.default\">\n\t\t\t\t<div class=\"elementor-widget-container\">\n\t\t\t\t\t<h4 class=\"elementor-heading-title elementor-size-default\">3. Entretien<\/h4>\t\t\t\t<\/div>\n\t\t\t\t<\/div>\n\t\t\t\t<div class=\"elementor-element elementor-element-84402d2 elementor-widget elementor-widget-text-editor\" data-id=\"84402d2\" data-element_type=\"widget\" data-e-type=\"widget\" data-widget_type=\"text-editor.default\">\n\t\t\t\t<div class=\"elementor-widget-container\">\n\t\t\t\t\t\t\t\t\t<p>Placez votre serre \u00e0 l\u2019ext\u00e9rieur dans un endroit chaud, mais \u00e0 l\u2019ombre. V\u00e9rifiez l\u2019\u00e9volution chaque jour\u00a0; le terreau est-il l\u00e9g\u00e8rement humide\u00a0? Alors c\u2019est parfait\u00a0! Voyez-vous de la condensation sur le sac\u00a0? Alors, laissez votre serre s\u2019a\u00e9rer pendant un certain temps (une demi-heure) par un petit interstice. Arrosez tr\u00e8s soigneusement\u00a0; un exc\u00e8s d\u2019eau entra\u00eenera la pourriture et la mort de la bouture. Ne vous inqui\u00e9tez pas, essayez \u00e0 nouveau, mais avec beaucoup moins d\u2019eau, jusqu\u2019\u00e0 ce que vous y arriviez.<\/p>\n\t\t\t\t\t\t\t\t<\/div>\n\t\t\t\t<\/div>\n\t\t\t\t<div class=\"elementor-element elementor-element-c8e9582 elementor-widget elementor-widget-heading\" data-id=\"c8e9582\" data-element_type=\"widget\" data-e-type=\"widget\" data-widget_type=\"heading.default\">\n\t\t\t\t<div class=\"elementor-widget-container\">\n\t\t\t\t\t<h4 class=\"elementor-heading-title elementor-size-default\">Apr\u00e8s deux semaines\u2026<\/h4>\t\t\t\t<\/div>\n\t\t\t\t<\/div>\n\t\t\t\t<div class=\"elementor-element elementor-element-92099da elementor-widget elementor-widget-text-editor\" data-id=\"92099da\" data-element_type=\"widget\" data-e-type=\"widget\" data-widget_type=\"text-editor.default\">\n\t\t\t\t<div class=\"elementor-widget-container\">\n\t\t\t\t\t\t\t\t\t<p>V\u00e9rifiez l\u2019aspect de la bouture\u00a0: sortez-la du terreau et regardez le bas de la tige. Voyez-vous un \u00e9paississement ou m\u00eame une petite racine\u00a0? Alors, vous pouvez laisser le sac ouvert avec un petit interstice pendant une journ\u00e9e. Le deuxi\u00e8me jour, ouvrez compl\u00e8tement le sac et le troisi\u00e8me jour, vous pouvez le retirer compl\u00e8tement. Remarque\u00a0: laissez la bouture \u00e0 l\u2019ombre pendant un certain temps. Vous devez alors aussi l\u2019arroser plus souvent pour que le terreau reste l\u00e9g\u00e8rement humide.<\/p>\n\t\t\t\t\t\t\t\t<\/div>\n\t\t\t\t<\/div>\n\t\t\t\t<div class=\"elementor-element elementor-element-645c76a elementor-widget elementor-widget-heading\" data-id=\"645c76a\" data-element_type=\"widget\" data-e-type=\"widget\" data-widget_type=\"heading.default\">\n\t\t\t\t<div class=\"elementor-widget-container\">\n\t\t\t\t\t<h4 class=\"elementor-heading-title elementor-size-default\">Bravo, vous avez r\u00e9ussi\u00a0!<\/h4>\t\t\t\t<\/div>\n\t\t\t\t<\/div>\n\t\t\t\t<div class=\"elementor-element elementor-element-0d8bda6 elementor-widget elementor-widget-text-editor\" data-id=\"0d8bda6\" data-element_type=\"widget\" data-e-type=\"widget\" data-widget_type=\"text-editor.default\">\n\t\t\t\t<div class=\"elementor-widget-container\">\n\t\t\t\t\t\t\t\t\t<p>Lorsque vos boutures commencent \u00e0 pousser et que la t\u00eate prend une couleur bronze clair, vous pouvez placer les plantes au soleil ou \u00e0 mi-ombre. Une fois que les boutures sont toutes enracin\u00e9es, vous pouvez les d\u00e9tacher et les transplanter dans un pot plus grand avec le bon <em><a href=\"https:\/\/mandevillashop.com\/fr\/produit\/mandevilla-terreau\/\">terreau.<\/a><\/em><br \/>Le voil\u00e0\u00a0: le d\u00e9but de votre plante. \u00c0 partir de maintenant, vous pouvez l\u2019entretenir comme un mand\u00e9villa normal.<\/p>\t\t\t\t\t\t\t\t<\/div>\n\t\t\t\t<\/div>\n\t\t\t\t\t<\/div>\n\t\t\t\t<\/div>\n\t\t\t\t\t<\/div>\n\t\t\t\t<\/div>\n\t\t\t\t<\/div>\n\t\t","protected":false},"excerpt":{"rendered":"<p>Faites vos propres boutures de mand\u00e9villas ! Vous \u00eates un vrai fan de mand\u00e9villa, vous avez la main verte et vous voulez tirer encore plus de profit de votre plante ? C\u2019est possible ! Ce n\u2019est pas tr\u00e8s facile, mais vous pouvez faire des boutures de mand\u00e9villa. \u00cates-vous pr\u00eat \u00e0 relever le d\u00e9fi ? Nous<\/p>\n","protected":false},"author":1,"featured_media":6041,"parent":6248,"menu_order":0,"comment_status":"closed","ping_status":"closed","template":"","meta":{"_acf_changed":false,"footnotes":""},"class_list":["post-6276","page","type-page","status-publish","has-post-thumbnail","hentry"],"acf":[],"yoast_head":"<!-- This site is optimized with the Yoast SEO plugin v27.4 - https:\/\/yoast.com\/product\/yoast-seo-wordpress\/ -->\n<title>Boutures de mandevilla - Mandevillashop<\/title>\n<meta name=\"description\" content=\"Vous \u00eates un vrai fan de mand\u00e9villa, vous avez la main verte et vous voulez tirer encore plus de profit de votre plante ? Vous pouvez faire des boutures de mand\u00e9villas ! Ce n\u2019est pas tr\u00e8s facile, mais nous vous donnons un plan \u00e9tape par \u00e9tape. \u00cates-vous pr\u00eat \u00e0 relever le d\u00e9fi?\" \/>\n<meta name=\"robots\" content=\"index, follow, max-snippet:-1, max-image-preview:large, max-video-preview:-1\" \/>\n<link rel=\"canonical\" href=\"https:\/\/mandevillashop.com\/fr\/entretien\/boutures-de-mandevilla\/\" \/>\n<meta property=\"og:locale\" content=\"fr_FR\" \/>\n<meta property=\"og:type\" content=\"article\" \/>\n<meta property=\"og:title\" content=\"Boutures de mandevilla - Mandevillashop\" \/>\n<meta property=\"og:description\" content=\"Vous \u00eates un vrai fan de mand\u00e9villa, vous avez la main verte et vous voulez tirer encore plus de profit de votre plante ? Vous pouvez faire des boutures de mand\u00e9villas ! Ce n\u2019est pas tr\u00e8s facile, mais nous vous donnons un plan \u00e9tape par \u00e9tape. \u00cates-vous pr\u00eat \u00e0 relever le d\u00e9fi?\" \/>\n<meta property=\"og:url\" content=\"https:\/\/mandevillashop.com\/fr\/entretien\/boutures-de-mandevilla\/\" \/>\n<meta property=\"og:site_name\" content=\"Mandevillashop\" \/>\n<meta property=\"article:modified_time\" content=\"2024-07-05T14:23:40+00:00\" \/>\n<meta property=\"og:image\" content=\"https:\/\/mandevillashop.com\/wp-content\/uploads\/2024\/01\/11-mei-13.jpg\" \/>\n\t<meta property=\"og:image:width\" content=\"2048\" \/>\n\t<meta property=\"og:image:height\" content=\"2048\" \/>\n\t<meta property=\"og:image:type\" content=\"image\/jpeg\" \/>\n<meta name=\"twitter:card\" content=\"summary_large_image\" \/>\n<meta name=\"twitter:label1\" content=\"Dur\u00e9e de lecture estim\u00e9e\" \/>\n\t<meta name=\"twitter:data1\" content=\"3 minutes\" \/>\n<script type=\"application\/ld+json\" class=\"yoast-schema-graph\">{\"@context\":\"https:\\\/\\\/schema.org\",\"@graph\":[{\"@type\":\"WebPage\",\"@id\":\"https:\\\/\\\/mandevillashop.com\\\/fr\\\/entretien\\\/boutures-de-mandevilla\\\/\",\"url\":\"https:\\\/\\\/mandevillashop.com\\\/fr\\\/entretien\\\/boutures-de-mandevilla\\\/\",\"name\":\"Boutures de mandevilla - Mandevillashop\",\"isPartOf\":{\"@id\":\"https:\\\/\\\/mandevillashop.com\\\/fr\\\/#website\"},\"primaryImageOfPage\":{\"@id\":\"https:\\\/\\\/mandevillashop.com\\\/fr\\\/entretien\\\/boutures-de-mandevilla\\\/#primaryimage\"},\"image\":{\"@id\":\"https:\\\/\\\/mandevillashop.com\\\/fr\\\/entretien\\\/boutures-de-mandevilla\\\/#primaryimage\"},\"thumbnailUrl\":\"https:\\\/\\\/mandevillashop.com\\\/wp-content\\\/uploads\\\/2024\\\/01\\\/11-mei-13.jpg\",\"datePublished\":\"2024-01-03T08:28:06+00:00\",\"dateModified\":\"2024-07-05T14:23:40+00:00\",\"description\":\"Vous \u00eates un vrai fan de mand\u00e9villa, vous avez la main verte et vous voulez tirer encore plus de profit de votre plante ? Vous pouvez faire des boutures de mand\u00e9villas ! Ce n\u2019est pas tr\u00e8s facile, mais nous vous donnons un plan \u00e9tape par \u00e9tape. \u00cates-vous pr\u00eat \u00e0 relever le d\u00e9fi?\",\"breadcrumb\":{\"@id\":\"https:\\\/\\\/mandevillashop.com\\\/fr\\\/entretien\\\/boutures-de-mandevilla\\\/#breadcrumb\"},\"inLanguage\":\"fr-FR\",\"potentialAction\":[{\"@type\":\"ReadAction\",\"target\":[\"https:\\\/\\\/mandevillashop.com\\\/fr\\\/entretien\\\/boutures-de-mandevilla\\\/\"]}]},{\"@type\":\"ImageObject\",\"inLanguage\":\"fr-FR\",\"@id\":\"https:\\\/\\\/mandevillashop.com\\\/fr\\\/entretien\\\/boutures-de-mandevilla\\\/#primaryimage\",\"url\":\"https:\\\/\\\/mandevillashop.com\\\/wp-content\\\/uploads\\\/2024\\\/01\\\/11-mei-13.jpg\",\"contentUrl\":\"https:\\\/\\\/mandevillashop.com\\\/wp-content\\\/uploads\\\/2024\\\/01\\\/11-mei-13.jpg\",\"width\":2048,\"height\":2048},{\"@type\":\"BreadcrumbList\",\"@id\":\"https:\\\/\\\/mandevillashop.com\\\/fr\\\/entretien\\\/boutures-de-mandevilla\\\/#breadcrumb\",\"itemListElement\":[{\"@type\":\"ListItem\",\"position\":1,\"name\":\"Home\",\"item\":\"https:\\\/\\\/mandevillashop.com\\\/fr\\\/\"},{\"@type\":\"ListItem\",\"position\":2,\"name\":\"Entretien\",\"item\":\"https:\\\/\\\/mandevillashop.com\\\/fr\\\/verzorging\\\/\"},{\"@type\":\"ListItem\",\"position\":3,\"name\":\"Boutures de mandevilla\"}]},{\"@type\":\"WebSite\",\"@id\":\"https:\\\/\\\/mandevillashop.com\\\/fr\\\/#website\",\"url\":\"https:\\\/\\\/mandevillashop.com\\\/fr\\\/\",\"name\":\"Mandevillashop\",\"description\":\"De Mandevilla Specialist\",\"publisher\":{\"@id\":\"https:\\\/\\\/mandevillashop.com\\\/fr\\\/#organization\"},\"potentialAction\":[{\"@type\":\"SearchAction\",\"target\":{\"@type\":\"EntryPoint\",\"urlTemplate\":\"https:\\\/\\\/mandevillashop.com\\\/fr\\\/?s={search_term_string}\"},\"query-input\":{\"@type\":\"PropertyValueSpecification\",\"valueRequired\":true,\"valueName\":\"search_term_string\"}}],\"inLanguage\":\"fr-FR\"},{\"@type\":\"Organization\",\"@id\":\"https:\\\/\\\/mandevillashop.com\\\/fr\\\/#organization\",\"name\":\"Mandevilla Shop\",\"url\":\"https:\\\/\\\/mandevillashop.com\\\/fr\\\/\",\"logo\":{\"@type\":\"ImageObject\",\"inLanguage\":\"fr-FR\",\"@id\":\"https:\\\/\\\/mandevillashop.com\\\/fr\\\/#\\\/schema\\\/logo\\\/image\\\/\",\"url\":\"https:\\\/\\\/mandevillashop.com\\\/wp-content\\\/uploads\\\/2023\\\/07\\\/mandevilla-shop-zwart.svg\",\"contentUrl\":\"https:\\\/\\\/mandevillashop.com\\\/wp-content\\\/uploads\\\/2023\\\/07\\\/mandevilla-shop-zwart.svg\",\"caption\":\"Mandevilla Shop\"},\"image\":{\"@id\":\"https:\\\/\\\/mandevillashop.com\\\/fr\\\/#\\\/schema\\\/logo\\\/image\\\/\"}}]}<\/script>\n<!-- \/ Yoast SEO plugin. -->","yoast_head_json":{"title":"Boutures de mandevilla - Mandevillashop","description":"Vous \u00eates un vrai fan de mand\u00e9villa, vous avez la main verte et vous voulez tirer encore plus de profit de votre plante ? Vous pouvez faire des boutures de mand\u00e9villas ! Ce n\u2019est pas tr\u00e8s facile, mais nous vous donnons un plan \u00e9tape par \u00e9tape. \u00cates-vous pr\u00eat \u00e0 relever le d\u00e9fi?","robots":{"index":"index","follow":"follow","max-snippet":"max-snippet:-1","max-image-preview":"max-image-preview:large","max-video-preview":"max-video-preview:-1"},"canonical":"https:\/\/mandevillashop.com\/fr\/entretien\/boutures-de-mandevilla\/","og_locale":"fr_FR","og_type":"article","og_title":"Boutures de mandevilla - Mandevillashop","og_description":"Vous \u00eates un vrai fan de mand\u00e9villa, vous avez la main verte et vous voulez tirer encore plus de profit de votre plante ? Vous pouvez faire des boutures de mand\u00e9villas ! Ce n\u2019est pas tr\u00e8s facile, mais nous vous donnons un plan \u00e9tape par \u00e9tape. \u00cates-vous pr\u00eat \u00e0 relever le d\u00e9fi?","og_url":"https:\/\/mandevillashop.com\/fr\/entretien\/boutures-de-mandevilla\/","og_site_name":"Mandevillashop","article_modified_time":"2024-07-05T14:23:40+00:00","og_image":[{"width":2048,"height":2048,"url":"https:\/\/mandevillashop.com\/wp-content\/uploads\/2024\/01\/11-mei-13.jpg","type":"image\/jpeg"}],"twitter_card":"summary_large_image","twitter_misc":{"Dur\u00e9e de lecture estim\u00e9e":"3 minutes"},"schema":{"@context":"https:\/\/schema.org","@graph":[{"@type":"WebPage","@id":"https:\/\/mandevillashop.com\/fr\/entretien\/boutures-de-mandevilla\/","url":"https:\/\/mandevillashop.com\/fr\/entretien\/boutures-de-mandevilla\/","name":"Boutures de mandevilla - Mandevillashop","isPartOf":{"@id":"https:\/\/mandevillashop.com\/fr\/#website"},"primaryImageOfPage":{"@id":"https:\/\/mandevillashop.com\/fr\/entretien\/boutures-de-mandevilla\/#primaryimage"},"image":{"@id":"https:\/\/mandevillashop.com\/fr\/entretien\/boutures-de-mandevilla\/#primaryimage"},"thumbnailUrl":"https:\/\/mandevillashop.com\/wp-content\/uploads\/2024\/01\/11-mei-13.jpg","datePublished":"2024-01-03T08:28:06+00:00","dateModified":"2024-07-05T14:23:40+00:00","description":"Vous \u00eates un vrai fan de mand\u00e9villa, vous avez la main verte et vous voulez tirer encore plus de profit de votre plante ? Vous pouvez faire des boutures de mand\u00e9villas ! Ce n\u2019est pas tr\u00e8s facile, mais nous vous donnons un plan \u00e9tape par \u00e9tape. \u00cates-vous pr\u00eat \u00e0 relever le d\u00e9fi?","breadcrumb":{"@id":"https:\/\/mandevillashop.com\/fr\/entretien\/boutures-de-mandevilla\/#breadcrumb"},"inLanguage":"fr-FR","potentialAction":[{"@type":"ReadAction","target":["https:\/\/mandevillashop.com\/fr\/entretien\/boutures-de-mandevilla\/"]}]},{"@type":"ImageObject","inLanguage":"fr-FR","@id":"https:\/\/mandevillashop.com\/fr\/entretien\/boutures-de-mandevilla\/#primaryimage","url":"https:\/\/mandevillashop.com\/wp-content\/uploads\/2024\/01\/11-mei-13.jpg","contentUrl":"https:\/\/mandevillashop.com\/wp-content\/uploads\/2024\/01\/11-mei-13.jpg","width":2048,"height":2048},{"@type":"BreadcrumbList","@id":"https:\/\/mandevillashop.com\/fr\/entretien\/boutures-de-mandevilla\/#breadcrumb","itemListElement":[{"@type":"ListItem","position":1,"name":"Home","item":"https:\/\/mandevillashop.com\/fr\/"},{"@type":"ListItem","position":2,"name":"Entretien","item":"https:\/\/mandevillashop.com\/fr\/verzorging\/"},{"@type":"ListItem","position":3,"name":"Boutures de mandevilla"}]},{"@type":"WebSite","@id":"https:\/\/mandevillashop.com\/fr\/#website","url":"https:\/\/mandevillashop.com\/fr\/","name":"Mandevillashop","description":"De Mandevilla Specialist","publisher":{"@id":"https:\/\/mandevillashop.com\/fr\/#organization"},"potentialAction":[{"@type":"SearchAction","target":{"@type":"EntryPoint","urlTemplate":"https:\/\/mandevillashop.com\/fr\/?s={search_term_string}"},"query-input":{"@type":"PropertyValueSpecification","valueRequired":true,"valueName":"search_term_string"}}],"inLanguage":"fr-FR"},{"@type":"Organization","@id":"https:\/\/mandevillashop.com\/fr\/#organization","name":"Mandevilla Shop","url":"https:\/\/mandevillashop.com\/fr\/","logo":{"@type":"ImageObject","inLanguage":"fr-FR","@id":"https:\/\/mandevillashop.com\/fr\/#\/schema\/logo\/image\/","url":"https:\/\/mandevillashop.com\/wp-content\/uploads\/2023\/07\/mandevilla-shop-zwart.svg","contentUrl":"https:\/\/mandevillashop.com\/wp-content\/uploads\/2023\/07\/mandevilla-shop-zwart.svg","caption":"Mandevilla Shop"},"image":{"@id":"https:\/\/mandevillashop.com\/fr\/#\/schema\/logo\/image\/"}}]}},"_links":{"self":[{"href":"https:\/\/mandevillashop.com\/fr\/wp-json\/wp\/v2\/pages\/6276","targetHints":{"allow":["GET"]}}],"collection":[{"href":"https:\/\/mandevillashop.com\/fr\/wp-json\/wp\/v2\/pages"}],"about":[{"href":"https:\/\/mandevillashop.com\/fr\/wp-json\/wp\/v2\/types\/page"}],"author":[{"embeddable":true,"href":"https:\/\/mandevillashop.com\/fr\/wp-json\/wp\/v2\/users\/1"}],"replies":[{"embeddable":true,"href":"https:\/\/mandevillashop.com\/fr\/wp-json\/wp\/v2\/comments?post=6276"}],"version-history":[{"count":4,"href":"https:\/\/mandevillashop.com\/fr\/wp-json\/wp\/v2\/pages\/6276\/revisions"}],"predecessor-version":[{"id":8663,"href":"https:\/\/mandevillashop.com\/fr\/wp-json\/wp\/v2\/pages\/6276\/revisions\/8663"}],"up":[{"embeddable":true,"href":"https:\/\/mandevillashop.com\/fr\/wp-json\/wp\/v2\/pages\/6248"}],"wp:featuredmedia":[{"embeddable":true,"href":"https:\/\/mandevillashop.com\/fr\/wp-json\/wp\/v2\/media\/6041"}],"wp:attachment":[{"href":"https:\/\/mandevillashop.com\/fr\/wp-json\/wp\/v2\/media?parent=6276"}],"curies":[{"name":"wp","href":"https:\/\/api.w.org\/{rel}","templated":true}]}}