{"id":6282,"date":"2024-01-03T08:49:06","date_gmt":"2024-01-03T07:49:06","guid":{"rendered":"https:\/\/mandevillashop.com\/entretien\/hivernage\/"},"modified":"2024-02-06T13:56:27","modified_gmt":"2024-02-06T13:56:27","slug":"hivernage","status":"publish","type":"page","link":"https:\/\/mandevillashop.com\/fr\/entretien\/hivernage\/","title":{"rendered":"Hivernage"},"content":{"rendered":"\t\t<div data-elementor-type=\"wp-page\" data-elementor-id=\"6282\" class=\"elementor elementor-6282 elementor-568\" data-elementor-post-type=\"page\">\n\t\t\t\t<div class=\"elementor-element elementor-element-d50e1d9 e-flex e-con-boxed e-con e-parent\" data-id=\"d50e1d9\" data-element_type=\"container\" data-e-type=\"container\">\n\t\t\t\t\t<div class=\"e-con-inner\">\n\t\t\t\t<div class=\"elementor-element elementor-element-54fde22e elementor-widget elementor-widget-heading\" data-id=\"54fde22e\" data-element_type=\"widget\" data-e-type=\"widget\" data-widget_type=\"heading.default\">\n\t\t\t\t<div class=\"elementor-widget-container\">\n\t\t\t\t\t<h1 class=\"elementor-heading-title elementor-size-default\">Faites hiverner votre mand\u00e9villa<\/h1>\t\t\t\t<\/div>\n\t\t\t\t<\/div>\n\t\t\t\t\t<\/div>\n\t\t\t\t<\/div>\n\t\t<div class=\"elementor-element elementor-element-7a89254 e-flex e-con-boxed e-con e-parent\" data-id=\"7a89254\" data-element_type=\"container\" data-e-type=\"container\">\n\t\t\t\t\t<div class=\"e-con-inner\">\n\t\t<div class=\"elementor-element elementor-element-5e1917e1 e-flex e-con-boxed e-con e-child\" data-id=\"5e1917e1\" data-element_type=\"container\" data-e-type=\"container\">\n\t\t\t\t\t<div class=\"e-con-inner\">\n\t\t<div class=\"elementor-element elementor-element-543a631b e-flex e-con-boxed e-con e-child\" data-id=\"543a631b\" data-element_type=\"container\" data-e-type=\"container\" data-settings=\"{&quot;background_background&quot;:&quot;classic&quot;}\">\n\t\t\t\t\t<div class=\"e-con-inner\">\n\t\t\t\t<div class=\"elementor-element elementor-element-3872d13e elementor-widget elementor-widget-text-editor\" data-id=\"3872d13e\" data-element_type=\"widget\" data-e-type=\"widget\" data-widget_type=\"text-editor.default\">\n\t\t\t\t<div class=\"elementor-widget-container\">\n\t\t\t\t\t\t\t\t\t<p><em>\u00ab\u00a0Apr\u00e8s avoir profit\u00e9 pendant des mois de votre fleur d\u2019\u00e9t\u00e9, vous y \u00eates probablement tellement habitu\u00e9 que vous ne pouvez pas lui dire au revoir. Nous vous comprenons\u00a0! Vous pouvez alors essayer de laisser votre mand\u00e9villa hiverner afin de pouvoir en profiter \u00e0 nouveau \u00e0 partir du printemps. En fait, c\u2019est ce que nous faisons dans nos serres, et c\u2019est un plaisir pour nous de partager nos meilleurs conseils. Nous devons admettre que l\u2019hivernage d\u2019un mand\u00e9villa n\u2019est pas facile, mais c\u2019est un tr\u00e8s beau d\u00e9fi\u00a0!\u00a0\u00bb<\/em><\/p>\n<p><em>Tim \u2013 sp\u00e9cialiste de la culture des plantes chez Mandevillashop.com<\/em><\/p>\n\t\t\t\t\t\t\t\t<\/div>\n\t\t\t\t<\/div>\n\t\t\t\t\t<\/div>\n\t\t\t\t<\/div>\n\t\t\t\t\t<\/div>\n\t\t\t\t<\/div>\n\t\t\t\t\t<\/div>\n\t\t\t\t<\/div>\n\t\t<div class=\"elementor-element elementor-element-6bd486dc e-flex e-con-boxed e-con e-parent\" data-id=\"6bd486dc\" data-element_type=\"container\" data-e-type=\"container\">\n\t\t\t\t\t<div class=\"e-con-inner\">\n\t\t<div class=\"elementor-element elementor-element-60c7e3f7 e-flex e-con-boxed e-con e-child\" data-id=\"60c7e3f7\" data-element_type=\"container\" data-e-type=\"container\">\n\t\t\t\t\t<div class=\"e-con-inner\">\n\t\t\t\t<div class=\"elementor-element elementor-element-46ec592b elementor-widget elementor-widget-text-editor\" data-id=\"46ec592b\" data-element_type=\"widget\" data-e-type=\"widget\" data-widget_type=\"text-editor.default\">\n\t\t\t\t<div class=\"elementor-widget-container\">\n\t\t\t\t\t\t\t\t\t<p>Parfait, c\u2019est parti\u00a0! En g\u00e9n\u00e9ral, plus la plante re\u00e7oit de lumi\u00e8re pendant l\u2019hivernage, plus les chances de r\u00e9ussir sont \u00e9lev\u00e9es. Pendant l\u2019hivernation, votre mand\u00e9villa est cens\u00e9 entrer dans un \u00e9tat de repos, une sorte d\u2019hibernation en quelque sorte. Pour ce faire, suivez les \u00e9tapes ci-dessous\u00a0:<\/p>\n\t\t\t\t\t\t\t\t<\/div>\n\t\t\t\t<\/div>\n\t\t\t\t<div class=\"elementor-element elementor-element-5e9638c8 elementor-widget elementor-widget-heading\" data-id=\"5e9638c8\" data-element_type=\"widget\" data-e-type=\"widget\" data-widget_type=\"heading.default\">\n\t\t\t\t<div class=\"elementor-widget-container\">\n\t\t\t\t\t<h4 class=\"elementor-heading-title elementor-size-default\">\u00c9tape 1 : Taillez la plante<\/h4>\t\t\t\t<\/div>\n\t\t\t\t<\/div>\n\t\t\t\t<div class=\"elementor-element elementor-element-ff3fd76 elementor-widget elementor-widget-text-editor\" data-id=\"ff3fd76\" data-element_type=\"widget\" data-e-type=\"widget\" data-widget_type=\"text-editor.default\">\n\t\t\t\t<div class=\"elementor-widget-container\">\n\t\t\t\t\t\t\t\t\t<p>Apr\u00e8s une longue saison de floraison et de croissance, il est bon de tailler un peu la plante. Cela lui permettra d\u2019\u00eatre de nouveau en forme au printemps. Pour ce faire, \u00e9liminez les longues branches, mais veillez \u00e0 ce que votre plante ait encore des feuilles vertes. Il est pr\u00e9f\u00e9rable de le faire fin septembre ou d\u00e9but octobre. Un jour sec et par temps calme. L\u2019id\u00e9al est de le faire le matin, afin que les plaies de taille puissent s\u00e9cher tranquillement pendant la journ\u00e9e.<\/p>\n\t\t\t\t\t\t\t\t<\/div>\n\t\t\t\t<\/div>\n\t\t\t\t<div class=\"elementor-element elementor-element-64cffd8c elementor-widget elementor-widget-heading\" data-id=\"64cffd8c\" data-element_type=\"widget\" data-e-type=\"widget\" data-widget_type=\"heading.default\">\n\t\t\t\t<div class=\"elementor-widget-container\">\n\t\t\t\t\t<h4 class=\"elementor-heading-title elementor-size-default\">\u00c9tape 2 : Maintenez la motte de la plante l\u00e9g\u00e8rement humide<\/h4>\t\t\t\t<\/div>\n\t\t\t\t<\/div>\n\t\t\t\t<div class=\"elementor-element elementor-element-149f1b2 elementor-widget elementor-widget-text-editor\" data-id=\"149f1b2\" data-element_type=\"widget\" data-e-type=\"widget\" data-widget_type=\"text-editor.default\">\n\t\t\t\t<div class=\"elementor-widget-container\">\n\t\t\t\t\t\t\t\t\t<p>Assurez-vous que la motte de la plante est l\u00e9g\u00e8rement humide lorsque vous la d\u00e9placez \u00e0 l\u2019int\u00e9rieur. Pas trop humide, car cela peut faire pourrir les racines.<\/p>\n\t\t\t\t\t\t\t\t<\/div>\n\t\t\t\t<\/div>\n\t\t\t\t<div class=\"elementor-element elementor-element-7c2e62f elementor-widget elementor-widget-heading\" data-id=\"7c2e62f\" data-element_type=\"widget\" data-e-type=\"widget\" data-widget_type=\"heading.default\">\n\t\t\t\t<div class=\"elementor-widget-container\">\n\t\t\t\t\t<h4 class=\"elementor-heading-title elementor-size-default\">\u00c9tape 3 : Cherchez un endroit appropri\u00e9<\/h4>\t\t\t\t<\/div>\n\t\t\t\t<\/div>\n\t\t\t\t<div class=\"elementor-element elementor-element-4a836a9 elementor-widget elementor-widget-text-editor\" data-id=\"4a836a9\" data-element_type=\"widget\" data-e-type=\"widget\" data-widget_type=\"text-editor.default\">\n\t\t\t\t<div class=\"elementor-widget-container\">\n\t\t\t\t\t\t\t\t\t<p>L\u2019\u00e9tape suivante consiste \u00e0 trouver un endroit appropri\u00e9 pour que votre plante de jardin puisse passer l\u2019hiver. La quantit\u00e9 de lumi\u00e8re et la temp\u00e9rature jouent le plus grand r\u00f4le \u00e0 cet \u00e9gard. Id\u00e9alement, la plante doit \u00eatre plac\u00e9e dans une petite serre ou une serre froide o\u00f9 la temp\u00e9rature est d\u2019environ 10 \u00e0 12\u00a0degr\u00e9s Celsius. Une autre bonne option consiste \u00e0 placer la plante dans un grenier de la maison, derri\u00e8re la fen\u00eatre. Comme le grenier n\u2019est souvent pas tr\u00e8s lumineux, il est important que la temp\u00e9rature n\u2019y soit pas trop \u00e9lev\u00e9e. Moins il y a de lumi\u00e8re, moins il devra faire chaud.<\/p>\n<p>S\u2019il fait moins de 5\u00a0degr\u00e9s Celsius \u00e0 l\u2019endroit o\u00f9 votre mand\u00e9villa hiverne, les feuilles peuvent tomber. Mais, ce n\u2019est pas forc\u00e9ment une mauvaise chose. Tant qu\u2019il y a des pointes de croissance vertes ou des yeux sur les branches, la plante survivra.<\/p>\n\t\t\t\t\t\t\t\t<\/div>\n\t\t\t\t<\/div>\n\t\t\t\t<div class=\"elementor-element elementor-element-4ba1295 elementor-widget elementor-widget-heading\" data-id=\"4ba1295\" data-element_type=\"widget\" data-e-type=\"widget\" data-widget_type=\"heading.default\">\n\t\t\t\t<div class=\"elementor-widget-container\">\n\t\t\t\t\t<h4 class=\"elementor-heading-title elementor-size-default\">\u00c9tape 4 : Entretien pendant l\u2019hiver<\/h4>\t\t\t\t<\/div>\n\t\t\t\t<\/div>\n\t\t\t\t<div class=\"elementor-element elementor-element-da5eb29 elementor-widget elementor-widget-text-editor\" data-id=\"da5eb29\" data-element_type=\"widget\" data-e-type=\"widget\" data-widget_type=\"text-editor.default\">\n\t\t\t\t<div class=\"elementor-widget-container\">\n\t\t\t\t\t\t\t\t\t<p>Donnez \u00e0 la plante un peu d\u2019eau pendant l\u2019hivernage, mais le moins possible\u00a0! Le terreau ne doit \u00eatre que l\u00e9g\u00e8rement humide \u00e0 sec. Un exc\u00e8s d\u2019eau peut provoquer la pourriture des racines. \u00c0 titre d\u2019indication pour la quantit\u00e9 d\u2019eau, vous pouvez vous en tenir \u00e0 un verre d\u2019eau toutes les une ou deux semaines. Cela d\u00e9pend un peu de la taille de votre plante.<\/p>\n\t\t\t\t\t\t\t\t<\/div>\n\t\t\t\t<\/div>\n\t\t\t\t<div class=\"elementor-element elementor-element-902130d elementor-widget elementor-widget-heading\" data-id=\"902130d\" data-element_type=\"widget\" data-e-type=\"widget\" data-widget_type=\"heading.default\">\n\t\t\t\t<div class=\"elementor-widget-container\">\n\t\t\t\t\t<h4 class=\"elementor-heading-title elementor-size-default\">\u00c9tape 5 : De retour \u00e0 l\u2019ext\u00e9rieur !<\/h4>\t\t\t\t<\/div>\n\t\t\t\t<\/div>\n\t\t\t\t<div class=\"elementor-element elementor-element-4bd4214 elementor-widget elementor-widget-text-editor\" data-id=\"4bd4214\" data-element_type=\"widget\" data-e-type=\"widget\" data-widget_type=\"text-editor.default\">\n\t\t\t\t<div class=\"elementor-widget-container\">\n\t\t\t\t\t\t\t\t\t<p>Vers le mois d\u2019avril, votre mand\u00e9villa peut retourner dehors\u00a0! Veuillez noter que lorsque les temp\u00e9ratures nocturnes sont inf\u00e9rieures \u00e0 3\u00a0degr\u00e9s, il est pr\u00e9f\u00e9rable de le garder \u00e0 l\u2019int\u00e9rieur (ou de le remettre \u00e0 l\u2019int\u00e9rieur). Lorsque la plante sort, il est pr\u00e9f\u00e9rable de la placer dans un pot plus grand, avec du\u00a0<a href=\"https:\/\/mandevillashop.com\/product\/mandevilla-potgrond-incl-voeding-20l\/\">terreau<\/a>\u00a0frais et de la nourriture. Cela permet aux racines de se r\u00e9tablir plus rapidement et \u00e0 votre plante d\u2019ambiance de grandir \u00e0 nouveau ! Il faudra un certain temps avant que votre mand\u00e9villa ne refleurisse, car la plante doit d\u2019abord produire de nouvelles branches et de nouveaux bourgeons. Les premi\u00e8res fleurs appara\u00eetront probablement \u00e0 la fin du mois de juin.<\/p>\n<p>Conseil d\u2019expert\u00a0: disposez-vous d\u2019une serre chauff\u00e9e\u00a0? Taillez l\u00e9g\u00e8rement la plante et donnez-lui une place dans votre serre. Pendant l\u2019hiver, gardez la motte un peu plus humide que ce qui est d\u00e9crit ci-dessus. Avec un peu de chance, votre mand\u00e9villa fleurira \u00e0 partir de mai.<\/p>\n<p>Comme nous l\u2019avons d\u00e9j\u00e0 mentionn\u00e9, il est tr\u00e8s difficile d\u2019hiverner un mand\u00e9villa. Vous d\u00e9pendez simplement des possibilit\u00e9s que vous avez dans votre maison. Ne soyez donc pas trop d\u00e9\u00e7u si \u00e7a ne fonctionne pas ! Dans tous les cas, nous esp\u00e9rons que ces informations vous ont aid\u00e9 dans votre d\u00e9marche et nous vous souhaitons bonne chance !<\/p>\n\t\t\t\t\t\t\t\t<\/div>\n\t\t\t\t<\/div>\n\t\t\t\t\t<\/div>\n\t\t\t\t<\/div>\n\t\t\t\t\t<\/div>\n\t\t\t\t<\/div>\n\t\t\t\t<\/div>\n\t\t","protected":false},"excerpt":{"rendered":"<p>Faites hiverner votre mand\u00e9villa \u00ab\u00a0Apr\u00e8s avoir profit\u00e9 pendant des mois de votre fleur d\u2019\u00e9t\u00e9, vous y \u00eates probablement tellement habitu\u00e9 que vous ne pouvez pas lui dire au revoir. Nous vous comprenons\u00a0! Vous pouvez alors essayer de laisser votre mand\u00e9villa hiverner afin de pouvoir en profiter \u00e0 nouveau \u00e0 partir du printemps. En fait, c\u2019est<\/p>\n","protected":false},"author":1,"featured_media":6057,"parent":6248,"menu_order":0,"comment_status":"closed","ping_status":"closed","template":"","meta":{"_acf_changed":false,"footnotes":""},"class_list":["post-6282","page","type-page","status-publish","has-post-thumbnail","hentry"],"acf":[],"yoast_head":"<!-- This site is optimized with the Yoast SEO plugin v27.4 - https:\/\/yoast.com\/product\/yoast-seo-wordpress\/ -->\n<title>Hivernage - Mandevillashop<\/title>\n<meta name=\"description\" content=\"Le mand\u00e9villa ne r\u00e9siste pas \u00e0 l\u2019hiver. Vous pouvez le laisser hiverner, afin qu\u2019il refleurisse au printemps. Voici nos meilleurs conseils pour l\u2019hivernage!\" \/>\n<meta name=\"robots\" content=\"index, follow, max-snippet:-1, max-image-preview:large, max-video-preview:-1\" \/>\n<link rel=\"canonical\" href=\"https:\/\/mandevillashop.com\/fr\/entretien\/hivernage\/\" \/>\n<meta property=\"og:locale\" content=\"fr_FR\" \/>\n<meta property=\"og:type\" content=\"article\" \/>\n<meta property=\"og:title\" content=\"Hivernage - Mandevillashop\" \/>\n<meta property=\"og:description\" content=\"Le mand\u00e9villa ne r\u00e9siste pas \u00e0 l\u2019hiver. Vous pouvez le laisser hiverner, afin qu\u2019il refleurisse au printemps. Voici nos meilleurs conseils pour l\u2019hivernage!\" \/>\n<meta property=\"og:url\" content=\"https:\/\/mandevillashop.com\/fr\/entretien\/hivernage\/\" \/>\n<meta property=\"og:site_name\" content=\"Mandevillashop\" \/>\n<meta property=\"article:modified_time\" content=\"2024-02-06T13:56:27+00:00\" \/>\n<meta property=\"og:image\" content=\"https:\/\/mandevillashop.com\/wp-content\/uploads\/2024\/01\/01Tekengebied-1-kopie-7-13.webp\" \/>\n\t<meta property=\"og:image:width\" content=\"802\" \/>\n\t<meta property=\"og:image:height\" content=\"702\" \/>\n\t<meta property=\"og:image:type\" content=\"image\/webp\" \/>\n<meta name=\"twitter:card\" content=\"summary_large_image\" \/>\n<meta name=\"twitter:label1\" content=\"Dur\u00e9e de lecture estim\u00e9e\" \/>\n\t<meta name=\"twitter:data1\" content=\"4 minutes\" \/>\n<script type=\"application\/ld+json\" class=\"yoast-schema-graph\">{\"@context\":\"https:\\\/\\\/schema.org\",\"@graph\":[{\"@type\":\"WebPage\",\"@id\":\"https:\\\/\\\/mandevillashop.com\\\/fr\\\/entretien\\\/hivernage\\\/\",\"url\":\"https:\\\/\\\/mandevillashop.com\\\/fr\\\/entretien\\\/hivernage\\\/\",\"name\":\"Hivernage - Mandevillashop\",\"isPartOf\":{\"@id\":\"https:\\\/\\\/mandevillashop.com\\\/fr\\\/#website\"},\"primaryImageOfPage\":{\"@id\":\"https:\\\/\\\/mandevillashop.com\\\/fr\\\/entretien\\\/hivernage\\\/#primaryimage\"},\"image\":{\"@id\":\"https:\\\/\\\/mandevillashop.com\\\/fr\\\/entretien\\\/hivernage\\\/#primaryimage\"},\"thumbnailUrl\":\"https:\\\/\\\/mandevillashop.com\\\/wp-content\\\/uploads\\\/2024\\\/01\\\/01Tekengebied-1-kopie-7-13.webp\",\"datePublished\":\"2024-01-03T07:49:06+00:00\",\"dateModified\":\"2024-02-06T13:56:27+00:00\",\"description\":\"Le mand\u00e9villa ne r\u00e9siste pas \u00e0 l\u2019hiver. Vous pouvez le laisser hiverner, afin qu\u2019il refleurisse au printemps. Voici nos meilleurs conseils pour l\u2019hivernage!\",\"breadcrumb\":{\"@id\":\"https:\\\/\\\/mandevillashop.com\\\/fr\\\/entretien\\\/hivernage\\\/#breadcrumb\"},\"inLanguage\":\"fr-FR\",\"potentialAction\":[{\"@type\":\"ReadAction\",\"target\":[\"https:\\\/\\\/mandevillashop.com\\\/fr\\\/entretien\\\/hivernage\\\/\"]}]},{\"@type\":\"ImageObject\",\"inLanguage\":\"fr-FR\",\"@id\":\"https:\\\/\\\/mandevillashop.com\\\/fr\\\/entretien\\\/hivernage\\\/#primaryimage\",\"url\":\"https:\\\/\\\/mandevillashop.com\\\/wp-content\\\/uploads\\\/2024\\\/01\\\/01Tekengebied-1-kopie-7-13.webp\",\"contentUrl\":\"https:\\\/\\\/mandevillashop.com\\\/wp-content\\\/uploads\\\/2024\\\/01\\\/01Tekengebied-1-kopie-7-13.webp\",\"width\":802,\"height\":702},{\"@type\":\"BreadcrumbList\",\"@id\":\"https:\\\/\\\/mandevillashop.com\\\/fr\\\/entretien\\\/hivernage\\\/#breadcrumb\",\"itemListElement\":[{\"@type\":\"ListItem\",\"position\":1,\"name\":\"Home\",\"item\":\"https:\\\/\\\/mandevillashop.com\\\/fr\\\/\"},{\"@type\":\"ListItem\",\"position\":2,\"name\":\"Entretien\",\"item\":\"https:\\\/\\\/mandevillashop.com\\\/fr\\\/verzorging\\\/\"},{\"@type\":\"ListItem\",\"position\":3,\"name\":\"Hivernage\"}]},{\"@type\":\"WebSite\",\"@id\":\"https:\\\/\\\/mandevillashop.com\\\/fr\\\/#website\",\"url\":\"https:\\\/\\\/mandevillashop.com\\\/fr\\\/\",\"name\":\"Mandevillashop\",\"description\":\"De Mandevilla Specialist\",\"publisher\":{\"@id\":\"https:\\\/\\\/mandevillashop.com\\\/fr\\\/#organization\"},\"potentialAction\":[{\"@type\":\"SearchAction\",\"target\":{\"@type\":\"EntryPoint\",\"urlTemplate\":\"https:\\\/\\\/mandevillashop.com\\\/fr\\\/?s={search_term_string}\"},\"query-input\":{\"@type\":\"PropertyValueSpecification\",\"valueRequired\":true,\"valueName\":\"search_term_string\"}}],\"inLanguage\":\"fr-FR\"},{\"@type\":\"Organization\",\"@id\":\"https:\\\/\\\/mandevillashop.com\\\/fr\\\/#organization\",\"name\":\"Mandevilla Shop\",\"url\":\"https:\\\/\\\/mandevillashop.com\\\/fr\\\/\",\"logo\":{\"@type\":\"ImageObject\",\"inLanguage\":\"fr-FR\",\"@id\":\"https:\\\/\\\/mandevillashop.com\\\/fr\\\/#\\\/schema\\\/logo\\\/image\\\/\",\"url\":\"https:\\\/\\\/mandevillashop.com\\\/wp-content\\\/uploads\\\/2023\\\/07\\\/mandevilla-shop-zwart.svg\",\"contentUrl\":\"https:\\\/\\\/mandevillashop.com\\\/wp-content\\\/uploads\\\/2023\\\/07\\\/mandevilla-shop-zwart.svg\",\"caption\":\"Mandevilla Shop\"},\"image\":{\"@id\":\"https:\\\/\\\/mandevillashop.com\\\/fr\\\/#\\\/schema\\\/logo\\\/image\\\/\"}}]}<\/script>\n<!-- \/ Yoast SEO plugin. -->","yoast_head_json":{"title":"Hivernage - Mandevillashop","description":"Le mand\u00e9villa ne r\u00e9siste pas \u00e0 l\u2019hiver. Vous pouvez le laisser hiverner, afin qu\u2019il refleurisse au printemps. Voici nos meilleurs conseils pour l\u2019hivernage!","robots":{"index":"index","follow":"follow","max-snippet":"max-snippet:-1","max-image-preview":"max-image-preview:large","max-video-preview":"max-video-preview:-1"},"canonical":"https:\/\/mandevillashop.com\/fr\/entretien\/hivernage\/","og_locale":"fr_FR","og_type":"article","og_title":"Hivernage - Mandevillashop","og_description":"Le mand\u00e9villa ne r\u00e9siste pas \u00e0 l\u2019hiver. Vous pouvez le laisser hiverner, afin qu\u2019il refleurisse au printemps. Voici nos meilleurs conseils pour l\u2019hivernage!","og_url":"https:\/\/mandevillashop.com\/fr\/entretien\/hivernage\/","og_site_name":"Mandevillashop","article_modified_time":"2024-02-06T13:56:27+00:00","og_image":[{"width":802,"height":702,"url":"https:\/\/mandevillashop.com\/wp-content\/uploads\/2024\/01\/01Tekengebied-1-kopie-7-13.webp","type":"image\/webp"}],"twitter_card":"summary_large_image","twitter_misc":{"Dur\u00e9e de lecture estim\u00e9e":"4 minutes"},"schema":{"@context":"https:\/\/schema.org","@graph":[{"@type":"WebPage","@id":"https:\/\/mandevillashop.com\/fr\/entretien\/hivernage\/","url":"https:\/\/mandevillashop.com\/fr\/entretien\/hivernage\/","name":"Hivernage - Mandevillashop","isPartOf":{"@id":"https:\/\/mandevillashop.com\/fr\/#website"},"primaryImageOfPage":{"@id":"https:\/\/mandevillashop.com\/fr\/entretien\/hivernage\/#primaryimage"},"image":{"@id":"https:\/\/mandevillashop.com\/fr\/entretien\/hivernage\/#primaryimage"},"thumbnailUrl":"https:\/\/mandevillashop.com\/wp-content\/uploads\/2024\/01\/01Tekengebied-1-kopie-7-13.webp","datePublished":"2024-01-03T07:49:06+00:00","dateModified":"2024-02-06T13:56:27+00:00","description":"Le mand\u00e9villa ne r\u00e9siste pas \u00e0 l\u2019hiver. Vous pouvez le laisser hiverner, afin qu\u2019il refleurisse au printemps. Voici nos meilleurs conseils pour l\u2019hivernage!","breadcrumb":{"@id":"https:\/\/mandevillashop.com\/fr\/entretien\/hivernage\/#breadcrumb"},"inLanguage":"fr-FR","potentialAction":[{"@type":"ReadAction","target":["https:\/\/mandevillashop.com\/fr\/entretien\/hivernage\/"]}]},{"@type":"ImageObject","inLanguage":"fr-FR","@id":"https:\/\/mandevillashop.com\/fr\/entretien\/hivernage\/#primaryimage","url":"https:\/\/mandevillashop.com\/wp-content\/uploads\/2024\/01\/01Tekengebied-1-kopie-7-13.webp","contentUrl":"https:\/\/mandevillashop.com\/wp-content\/uploads\/2024\/01\/01Tekengebied-1-kopie-7-13.webp","width":802,"height":702},{"@type":"BreadcrumbList","@id":"https:\/\/mandevillashop.com\/fr\/entretien\/hivernage\/#breadcrumb","itemListElement":[{"@type":"ListItem","position":1,"name":"Home","item":"https:\/\/mandevillashop.com\/fr\/"},{"@type":"ListItem","position":2,"name":"Entretien","item":"https:\/\/mandevillashop.com\/fr\/verzorging\/"},{"@type":"ListItem","position":3,"name":"Hivernage"}]},{"@type":"WebSite","@id":"https:\/\/mandevillashop.com\/fr\/#website","url":"https:\/\/mandevillashop.com\/fr\/","name":"Mandevillashop","description":"De Mandevilla Specialist","publisher":{"@id":"https:\/\/mandevillashop.com\/fr\/#organization"},"potentialAction":[{"@type":"SearchAction","target":{"@type":"EntryPoint","urlTemplate":"https:\/\/mandevillashop.com\/fr\/?s={search_term_string}"},"query-input":{"@type":"PropertyValueSpecification","valueRequired":true,"valueName":"search_term_string"}}],"inLanguage":"fr-FR"},{"@type":"Organization","@id":"https:\/\/mandevillashop.com\/fr\/#organization","name":"Mandevilla Shop","url":"https:\/\/mandevillashop.com\/fr\/","logo":{"@type":"ImageObject","inLanguage":"fr-FR","@id":"https:\/\/mandevillashop.com\/fr\/#\/schema\/logo\/image\/","url":"https:\/\/mandevillashop.com\/wp-content\/uploads\/2023\/07\/mandevilla-shop-zwart.svg","contentUrl":"https:\/\/mandevillashop.com\/wp-content\/uploads\/2023\/07\/mandevilla-shop-zwart.svg","caption":"Mandevilla Shop"},"image":{"@id":"https:\/\/mandevillashop.com\/fr\/#\/schema\/logo\/image\/"}}]}},"_links":{"self":[{"href":"https:\/\/mandevillashop.com\/fr\/wp-json\/wp\/v2\/pages\/6282","targetHints":{"allow":["GET"]}}],"collection":[{"href":"https:\/\/mandevillashop.com\/fr\/wp-json\/wp\/v2\/pages"}],"about":[{"href":"https:\/\/mandevillashop.com\/fr\/wp-json\/wp\/v2\/types\/page"}],"author":[{"embeddable":true,"href":"https:\/\/mandevillashop.com\/fr\/wp-json\/wp\/v2\/users\/1"}],"replies":[{"embeddable":true,"href":"https:\/\/mandevillashop.com\/fr\/wp-json\/wp\/v2\/comments?post=6282"}],"version-history":[{"count":1,"href":"https:\/\/mandevillashop.com\/fr\/wp-json\/wp\/v2\/pages\/6282\/revisions"}],"predecessor-version":[{"id":6495,"href":"https:\/\/mandevillashop.com\/fr\/wp-json\/wp\/v2\/pages\/6282\/revisions\/6495"}],"up":[{"embeddable":true,"href":"https:\/\/mandevillashop.com\/fr\/wp-json\/wp\/v2\/pages\/6248"}],"wp:featuredmedia":[{"embeddable":true,"href":"https:\/\/mandevillashop.com\/fr\/wp-json\/wp\/v2\/media\/6057"}],"wp:attachment":[{"href":"https:\/\/mandevillashop.com\/fr\/wp-json\/wp\/v2\/media?parent=6282"}],"curies":[{"name":"wp","href":"https:\/\/api.w.org\/{rel}","templated":true}]}}