{"id":6288,"date":"2024-01-03T09:03:08","date_gmt":"2024-01-03T08:03:08","guid":{"rendered":"https:\/\/mandevillashop.com\/entretien\/de-la-pepiniere-a-votre-jardin\/"},"modified":"2024-02-06T13:56:42","modified_gmt":"2024-02-06T13:56:42","slug":"de-la-pepiniere-a-votre-jardin","status":"publish","type":"page","link":"https:\/\/mandevillashop.com\/fr\/entretien\/de-la-pepiniere-a-votre-jardin\/","title":{"rendered":"De la p\u00e9pini\u00e8re \u00e0 votre jardin"},"content":{"rendered":"\t\t<div data-elementor-type=\"wp-page\" data-elementor-id=\"6288\" class=\"elementor elementor-6288 elementor-573\" data-elementor-post-type=\"page\">\n\t\t\t\t<div class=\"elementor-element elementor-element-64d9ce34 e-flex e-con-boxed e-con e-parent\" data-id=\"64d9ce34\" data-element_type=\"container\">\n\t\t\t\t\t<div class=\"e-con-inner\">\n\t\t\t\t<div class=\"elementor-element elementor-element-7ef35c05 elementor-widget elementor-widget-heading\" data-id=\"7ef35c05\" data-element_type=\"widget\" data-widget_type=\"heading.default\">\n\t\t\t\t<div class=\"elementor-widget-container\">\n\t\t\t\t\t<h1 class=\"elementor-heading-title elementor-size-default\">De la p\u00e9pini\u00e8re \u00e0 votre jardin<\/h1>\t\t\t\t<\/div>\n\t\t\t\t<\/div>\n\t\t\t\t\t<\/div>\n\t\t\t\t<\/div>\n\t\t<div class=\"elementor-element elementor-element-4341cdbb e-flex e-con-boxed e-con e-parent\" data-id=\"4341cdbb\" data-element_type=\"container\">\n\t\t\t\t\t<div class=\"e-con-inner\">\n\t\t<div class=\"elementor-element elementor-element-645bb2c0 e-flex e-con-boxed e-con e-child\" data-id=\"645bb2c0\" data-element_type=\"container\">\n\t\t\t\t\t<div class=\"e-con-inner\">\n\t\t<div class=\"elementor-element elementor-element-7440e625 e-flex e-con-boxed e-con e-child\" data-id=\"7440e625\" data-element_type=\"container\" data-settings=\"{&quot;background_background&quot;:&quot;classic&quot;}\">\n\t\t\t\t\t<div class=\"e-con-inner\">\n\t\t\t\t<div class=\"elementor-element elementor-element-1d79909c elementor-widget elementor-widget-text-editor\" data-id=\"1d79909c\" data-element_type=\"widget\" data-widget_type=\"text-editor.default\">\n\t\t\t\t<div class=\"elementor-widget-container\">\n\t\t\t\t\t\t\t\t\t<p>\u00ab\u00a0Il faut un certain temps pour que votre mand\u00e9villa, \u00e9galement connu sous le nom de diplad\u00e9nia, devienne la belle plante de jardin qu\u2019elle est aujourd\u2019hui. \u00c0 la p\u00e9pini\u00e8re, nous travaillons chaque jour pour cr\u00e9er les conditions id\u00e9ales pour que les plantes se d\u00e9veloppent au mieux.\u00a0\u00bb<\/p>\n<p>\u00ab\u00a0Pourtant, notre t\u00e2che n\u2019est pas termin\u00e9e lorsque les plantes ont atteint leur pleine maturit\u00e9. L\u2019exp\u00e9dition rapide et s\u00fbre des plantes command\u00e9es est une sp\u00e9cialit\u00e9 en soi. Vous \u00eates curieux de savoir ce qu\u2019il faut faire pour vous livrer une fleur d\u2019\u00e9t\u00e9 aussi joyeuse et en parfait \u00e9tat\u00a0? Alors, continuez \u00e0 lire\u00a0!\u00a0\u00bb<\/p>\n<p><em>Tim \u2013 sp\u00e9cialiste de la culture des plantes chez Mandevillashop.com<br \/>\n<\/em><em>Sanne \u2013 Responsable de la boutique en ligne de Mandevillashop.com<\/em><\/p>\n\t\t\t\t\t\t\t\t<\/div>\n\t\t\t\t<\/div>\n\t\t\t\t\t<\/div>\n\t\t\t\t<\/div>\n\t\t\t\t\t<\/div>\n\t\t\t\t<\/div>\n\t\t\t\t\t<\/div>\n\t\t\t\t<\/div>\n\t\t<div class=\"elementor-element elementor-element-5e99bfa3 e-flex e-con-boxed e-con e-parent\" data-id=\"5e99bfa3\" data-element_type=\"container\">\n\t\t\t\t\t<div class=\"e-con-inner\">\n\t\t<div class=\"elementor-element elementor-element-a05dc15 e-flex e-con-boxed e-con e-child\" data-id=\"a05dc15\" data-element_type=\"container\">\n\t\t\t\t\t<div class=\"e-con-inner\">\n\t\t\t\t<div class=\"elementor-element elementor-element-32d8f679 elementor-widget elementor-widget-heading\" data-id=\"32d8f679\" data-element_type=\"widget\" data-widget_type=\"heading.default\">\n\t\t\t\t<div class=\"elementor-widget-container\">\n\t\t\t\t\t<h4 class=\"elementor-heading-title elementor-size-default\">De la petite bouture \u00e0 la plante de jardin \u00e0 part enti\u00e8re<\/h4>\t\t\t\t<\/div>\n\t\t\t\t<\/div>\n\t\t\t\t<div class=\"elementor-element elementor-element-2a3e80d7 elementor-widget elementor-widget-text-editor\" data-id=\"2a3e80d7\" data-element_type=\"widget\" data-widget_type=\"text-editor.default\">\n\t\t\t\t<div class=\"elementor-widget-container\">\n\t\t\t\t\t\t\t\t\t<p>Tout commence par les boutures de mini-mand\u00e9villas. Nous coupons un morceau d\u2019une plante qui va se d\u00e9velopper en une nouvelle plante. Ces boutures sont faites pour la premi\u00e8re fois vers le mois de mai et sont coup\u00e9es sur des plantes qui ont les caract\u00e9ristiques que nous voulons voir dans les nouvelles plantes. Ces plantes m\u00e8res ont pass\u00e9 toutes sortes de tests et se sont donc av\u00e9r\u00e9es avoir les meilleures caract\u00e9ristiques en termes de croissance, de floraison et de r\u00e9sistance aux maladies. Plusieurs boutures peuvent \u00eatre prises \u00e0 partir d\u2019une plante m\u00e8re, de sorte que d\u2019autres mand\u00e9villas appara\u00eetront rapidement. Ce processus s\u2019appelle la reproduction.<\/p>\n<p>Les boutures sont pr\u00e9lev\u00e9es dans un environnement sp\u00e9cial, o\u00f9 les plantes re\u00e7oivent une attention particuli\u00e8re. La jeune plante est alors encore tr\u00e8s vuln\u00e9rable. Nous assurons une humidit\u00e9 \u00e9lev\u00e9e, afin que la bouture puisse commencer \u00e0 produire des racines, sans qu\u2019elle ne se dess\u00e8che. Lorsqu\u2019elle a d\u00e9velopp\u00e9 ces racines, la bouture est plac\u00e9e dans un pot plus grand avec d\u2019autres boutures. C\u2019est dans ce pot que votre mand\u00e9villa arrivera finalement chez vous ! Pendant le processus de croissance, la plante est guid\u00e9e par un support ou des b\u00e2tons en bambou. Cela implique un certain nombre d\u2019actions. Chaque plante est aid\u00e9e plusieurs fois pour lui donner la bonne forme. Pour ce faire, nous taillons les plantes et guidons les branches le long du support en bambou.<\/p>\n<p>Pendant les mois d\u2019hiver, nous assurons une temp\u00e9rature agr\u00e9able dans les serres, afin que les jeunes plantes puissent continuer \u00e0 se d\u00e9velopper sans \u00eatre d\u00e9rang\u00e9es. Cependant, le processus de croissance ne d\u00e9marre vraiment qu\u2019\u00e0 l\u2019arriv\u00e9e du printemps, car il y a plus d\u2019heures de lumi\u00e8re dans la journ\u00e9e. En avril (presque un an apr\u00e8s les boutures\u00a0!), les premiers mand\u00e9villas seront pr\u00eats \u00e0 aller chez leurs nouveaux propri\u00e9taires. Pour les commandes pass\u00e9es par le biais de Mandevillashop, nous s\u00e9lectionnons soigneusement les plus belles plantes\u00a0!<\/p>\n\t\t\t\t\t\t\t\t<\/div>\n\t\t\t\t<\/div>\n\t\t\t\t<div class=\"elementor-element elementor-element-24cf0eea elementor-widget elementor-widget-heading\" data-id=\"24cf0eea\" data-element_type=\"widget\" data-widget_type=\"heading.default\">\n\t\t\t\t<div class=\"elementor-widget-container\">\n\t\t\t\t\t<h4 class=\"elementor-heading-title elementor-size-default\">De la p\u00e9pini\u00e8re \u00e0 votre jardin<\/h4>\t\t\t\t<\/div>\n\t\t\t\t<\/div>\n\t\t\t\t<div class=\"elementor-element elementor-element-53135d22 elementor-widget elementor-widget-text-editor\" data-id=\"53135d22\" data-element_type=\"widget\" data-widget_type=\"text-editor.default\">\n\t\t\t\t<div class=\"elementor-widget-container\">\n\t\t\t\t\t\t\t\t\t<p>D\u00e8s qu\u2019une commande est pass\u00e9e dans la boutique en ligne, nous recevons une notification. Nous commen\u00e7ons alors imm\u00e9diatement \u00e0 pr\u00e9parer la commande. Si la commande est pass\u00e9e avant 12\u00a0h, elle peut m\u00eame \u00eatre exp\u00e9di\u00e9e le jour m\u00eame\u00a0!<\/p>\n<p>Lorsque les plantes sont s\u00e9lectionn\u00e9es, nous leur donnons de l\u2019eau et de la nourriture pour la route. Ainsi, elles peuvent survivre pendant un certain temps, m\u00eame si le transport prend un peu plus de temps que nous le souhaiterions. Ensuite, nous emballons les pots de mani\u00e8re \u00e9tanche pour prot\u00e9ger la bo\u00eete. Apr\u00e8s avoir emball\u00e9 les pots, nous pla\u00e7ons les plantes dans les bo\u00eetes correspondantes. Chaque taille de plante a m\u00eame sa propre bo\u00eete personnalis\u00e9e. De cette mani\u00e8re, nous pouvons \u00eatre s\u00fbrs que les plantes sont prot\u00e9g\u00e9es de mani\u00e8re optimale pendant le transport.<\/p>\n<p>Juste avant de partir, nous fermons les bo\u00eetes et pla\u00e7ons les colis sur un chariot de transport. Ce n\u2019est qu\u2019alors que le voyage vers votre jardin commence v\u00e9ritablement. Lorsque vous recevez votre nouvel accroche-regard, sortez-le imm\u00e9diatement de sa bo\u00eete. Donnez-lui un bel endroit ensoleill\u00e9 et \u00e9ventuellement de l\u2019eau fra\u00eeche, et le plaisir peut commencer\u00a0!<\/p>\n\t\t\t\t\t\t\t\t<\/div>\n\t\t\t\t<\/div>\n\t\t\t\t\t<\/div>\n\t\t\t\t<\/div>\n\t\t\t\t\t<\/div>\n\t\t\t\t<\/div>\n\t\t\t\t<\/div>\n\t\t","protected":false},"excerpt":{"rendered":"<p>De la p\u00e9pini\u00e8re \u00e0 votre jardin \u00ab\u00a0Il faut un certain temps pour que votre mand\u00e9villa, \u00e9galement connu sous le nom de diplad\u00e9nia, devienne la belle plante de jardin qu\u2019elle est aujourd\u2019hui. \u00c0 la p\u00e9pini\u00e8re, nous travaillons chaque jour pour cr\u00e9er les conditions id\u00e9ales pour que les plantes se d\u00e9veloppent au mieux.\u00a0\u00bb \u00ab\u00a0Pourtant, notre t\u00e2che n\u2019est<\/p>\n","protected":false},"author":1,"featured_media":6085,"parent":6248,"menu_order":0,"comment_status":"closed","ping_status":"closed","template":"","meta":{"_acf_changed":false,"footnotes":""},"class_list":["post-6288","page","type-page","status-publish","has-post-thumbnail","hentry"],"acf":[],"yoast_head":"<!-- This site is optimized with the Yoast SEO plugin v26.7 - https:\/\/yoast.com\/wordpress\/plugins\/seo\/ -->\n<title>De la p\u00e9pini\u00e8re \u00e0 votre jardin - Mandevillashop<\/title>\n<meta name=\"description\" content=\"Avant que la Mandevilla ne puisse se dresser dans votre jardin, un processus de culture est n\u00e9cessaire. Lisez comment il pousse dans nos serres.\" \/>\n<meta name=\"robots\" content=\"index, follow, max-snippet:-1, max-image-preview:large, max-video-preview:-1\" \/>\n<link rel=\"canonical\" href=\"https:\/\/mandevillashop.com\/fr\/entretien\/de-la-pepiniere-a-votre-jardin\/\" \/>\n<meta property=\"og:locale\" content=\"fr_FR\" \/>\n<meta property=\"og:type\" content=\"article\" \/>\n<meta property=\"og:title\" content=\"De la p\u00e9pini\u00e8re \u00e0 votre jardin - Mandevillashop\" \/>\n<meta property=\"og:description\" content=\"Avant que la Mandevilla ne puisse se dresser dans votre jardin, un processus de culture est n\u00e9cessaire. Lisez comment il pousse dans nos serres.\" \/>\n<meta property=\"og:url\" content=\"https:\/\/mandevillashop.com\/fr\/entretien\/de-la-pepiniere-a-votre-jardin\/\" \/>\n<meta property=\"og:site_name\" content=\"Mandevillashop\" \/>\n<meta property=\"article:modified_time\" content=\"2024-02-06T13:56:42+00:00\" \/>\n<meta property=\"og:image\" content=\"https:\/\/mandevillashop.com\/wp-content\/uploads\/2024\/01\/01Tekengebied-1-kopie-15-13.webp\" \/>\n\t<meta property=\"og:image:width\" content=\"802\" \/>\n\t<meta property=\"og:image:height\" content=\"701\" \/>\n\t<meta property=\"og:image:type\" content=\"image\/webp\" \/>\n<meta name=\"twitter:card\" content=\"summary_large_image\" \/>\n<meta name=\"twitter:label1\" content=\"Dur\u00e9e de lecture estim\u00e9e\" \/>\n\t<meta name=\"twitter:data1\" content=\"4 minutes\" \/>\n<script type=\"application\/ld+json\" class=\"yoast-schema-graph\">{\"@context\":\"https:\/\/schema.org\",\"@graph\":[{\"@type\":\"WebPage\",\"@id\":\"https:\/\/mandevillashop.com\/fr\/entretien\/de-la-pepiniere-a-votre-jardin\/\",\"url\":\"https:\/\/mandevillashop.com\/fr\/entretien\/de-la-pepiniere-a-votre-jardin\/\",\"name\":\"De la p\u00e9pini\u00e8re \u00e0 votre jardin - Mandevillashop\",\"isPartOf\":{\"@id\":\"https:\/\/mandevillashop.com\/fr\/#website\"},\"primaryImageOfPage\":{\"@id\":\"https:\/\/mandevillashop.com\/fr\/entretien\/de-la-pepiniere-a-votre-jardin\/#primaryimage\"},\"image\":{\"@id\":\"https:\/\/mandevillashop.com\/fr\/entretien\/de-la-pepiniere-a-votre-jardin\/#primaryimage\"},\"thumbnailUrl\":\"https:\/\/mandevillashop.com\/wp-content\/uploads\/2024\/01\/01Tekengebied-1-kopie-15-13.webp\",\"datePublished\":\"2024-01-03T08:03:08+00:00\",\"dateModified\":\"2024-02-06T13:56:42+00:00\",\"description\":\"Avant que la Mandevilla ne puisse se dresser dans votre jardin, un processus de culture est n\u00e9cessaire. Lisez comment il pousse dans nos serres.\",\"breadcrumb\":{\"@id\":\"https:\/\/mandevillashop.com\/fr\/entretien\/de-la-pepiniere-a-votre-jardin\/#breadcrumb\"},\"inLanguage\":\"fr-FR\",\"potentialAction\":[{\"@type\":\"ReadAction\",\"target\":[\"https:\/\/mandevillashop.com\/fr\/entretien\/de-la-pepiniere-a-votre-jardin\/\"]}]},{\"@type\":\"ImageObject\",\"inLanguage\":\"fr-FR\",\"@id\":\"https:\/\/mandevillashop.com\/fr\/entretien\/de-la-pepiniere-a-votre-jardin\/#primaryimage\",\"url\":\"https:\/\/mandevillashop.com\/wp-content\/uploads\/2024\/01\/01Tekengebied-1-kopie-15-13.webp\",\"contentUrl\":\"https:\/\/mandevillashop.com\/wp-content\/uploads\/2024\/01\/01Tekengebied-1-kopie-15-13.webp\",\"width\":802,\"height\":701},{\"@type\":\"BreadcrumbList\",\"@id\":\"https:\/\/mandevillashop.com\/fr\/entretien\/de-la-pepiniere-a-votre-jardin\/#breadcrumb\",\"itemListElement\":[{\"@type\":\"ListItem\",\"position\":1,\"name\":\"Home\",\"item\":\"https:\/\/mandevillashop.com\/fr\/\"},{\"@type\":\"ListItem\",\"position\":2,\"name\":\"Entretien\",\"item\":\"https:\/\/mandevillashop.com\/fr\/verzorging\/\"},{\"@type\":\"ListItem\",\"position\":3,\"name\":\"De la p\u00e9pini\u00e8re \u00e0 votre jardin\"}]},{\"@type\":\"WebSite\",\"@id\":\"https:\/\/mandevillashop.com\/fr\/#website\",\"url\":\"https:\/\/mandevillashop.com\/fr\/\",\"name\":\"Mandevillashop\",\"description\":\"De Mandevilla Specialist\",\"publisher\":{\"@id\":\"https:\/\/mandevillashop.com\/fr\/#organization\"},\"potentialAction\":[{\"@type\":\"SearchAction\",\"target\":{\"@type\":\"EntryPoint\",\"urlTemplate\":\"https:\/\/mandevillashop.com\/fr\/?s={search_term_string}\"},\"query-input\":{\"@type\":\"PropertyValueSpecification\",\"valueRequired\":true,\"valueName\":\"search_term_string\"}}],\"inLanguage\":\"fr-FR\"},{\"@type\":\"Organization\",\"@id\":\"https:\/\/mandevillashop.com\/fr\/#organization\",\"name\":\"Mandevilla Shop\",\"url\":\"https:\/\/mandevillashop.com\/fr\/\",\"logo\":{\"@type\":\"ImageObject\",\"inLanguage\":\"fr-FR\",\"@id\":\"https:\/\/mandevillashop.com\/fr\/#\/schema\/logo\/image\/\",\"url\":\"https:\/\/mandevillashop.com\/wp-content\/uploads\/2023\/07\/mandevilla-shop-zwart.svg\",\"contentUrl\":\"https:\/\/mandevillashop.com\/wp-content\/uploads\/2023\/07\/mandevilla-shop-zwart.svg\",\"caption\":\"Mandevilla Shop\"},\"image\":{\"@id\":\"https:\/\/mandevillashop.com\/fr\/#\/schema\/logo\/image\/\"}}]}<\/script>\n<!-- \/ Yoast SEO plugin. -->","yoast_head_json":{"title":"De la p\u00e9pini\u00e8re \u00e0 votre jardin - Mandevillashop","description":"Avant que la Mandevilla ne puisse se dresser dans votre jardin, un processus de culture est n\u00e9cessaire. Lisez comment il pousse dans nos serres.","robots":{"index":"index","follow":"follow","max-snippet":"max-snippet:-1","max-image-preview":"max-image-preview:large","max-video-preview":"max-video-preview:-1"},"canonical":"https:\/\/mandevillashop.com\/fr\/entretien\/de-la-pepiniere-a-votre-jardin\/","og_locale":"fr_FR","og_type":"article","og_title":"De la p\u00e9pini\u00e8re \u00e0 votre jardin - Mandevillashop","og_description":"Avant que la Mandevilla ne puisse se dresser dans votre jardin, un processus de culture est n\u00e9cessaire. Lisez comment il pousse dans nos serres.","og_url":"https:\/\/mandevillashop.com\/fr\/entretien\/de-la-pepiniere-a-votre-jardin\/","og_site_name":"Mandevillashop","article_modified_time":"2024-02-06T13:56:42+00:00","og_image":[{"width":802,"height":701,"url":"https:\/\/mandevillashop.com\/wp-content\/uploads\/2024\/01\/01Tekengebied-1-kopie-15-13.webp","type":"image\/webp"}],"twitter_card":"summary_large_image","twitter_misc":{"Dur\u00e9e de lecture estim\u00e9e":"4 minutes"},"schema":{"@context":"https:\/\/schema.org","@graph":[{"@type":"WebPage","@id":"https:\/\/mandevillashop.com\/fr\/entretien\/de-la-pepiniere-a-votre-jardin\/","url":"https:\/\/mandevillashop.com\/fr\/entretien\/de-la-pepiniere-a-votre-jardin\/","name":"De la p\u00e9pini\u00e8re \u00e0 votre jardin - Mandevillashop","isPartOf":{"@id":"https:\/\/mandevillashop.com\/fr\/#website"},"primaryImageOfPage":{"@id":"https:\/\/mandevillashop.com\/fr\/entretien\/de-la-pepiniere-a-votre-jardin\/#primaryimage"},"image":{"@id":"https:\/\/mandevillashop.com\/fr\/entretien\/de-la-pepiniere-a-votre-jardin\/#primaryimage"},"thumbnailUrl":"https:\/\/mandevillashop.com\/wp-content\/uploads\/2024\/01\/01Tekengebied-1-kopie-15-13.webp","datePublished":"2024-01-03T08:03:08+00:00","dateModified":"2024-02-06T13:56:42+00:00","description":"Avant que la Mandevilla ne puisse se dresser dans votre jardin, un processus de culture est n\u00e9cessaire. Lisez comment il pousse dans nos serres.","breadcrumb":{"@id":"https:\/\/mandevillashop.com\/fr\/entretien\/de-la-pepiniere-a-votre-jardin\/#breadcrumb"},"inLanguage":"fr-FR","potentialAction":[{"@type":"ReadAction","target":["https:\/\/mandevillashop.com\/fr\/entretien\/de-la-pepiniere-a-votre-jardin\/"]}]},{"@type":"ImageObject","inLanguage":"fr-FR","@id":"https:\/\/mandevillashop.com\/fr\/entretien\/de-la-pepiniere-a-votre-jardin\/#primaryimage","url":"https:\/\/mandevillashop.com\/wp-content\/uploads\/2024\/01\/01Tekengebied-1-kopie-15-13.webp","contentUrl":"https:\/\/mandevillashop.com\/wp-content\/uploads\/2024\/01\/01Tekengebied-1-kopie-15-13.webp","width":802,"height":701},{"@type":"BreadcrumbList","@id":"https:\/\/mandevillashop.com\/fr\/entretien\/de-la-pepiniere-a-votre-jardin\/#breadcrumb","itemListElement":[{"@type":"ListItem","position":1,"name":"Home","item":"https:\/\/mandevillashop.com\/fr\/"},{"@type":"ListItem","position":2,"name":"Entretien","item":"https:\/\/mandevillashop.com\/fr\/verzorging\/"},{"@type":"ListItem","position":3,"name":"De la p\u00e9pini\u00e8re \u00e0 votre jardin"}]},{"@type":"WebSite","@id":"https:\/\/mandevillashop.com\/fr\/#website","url":"https:\/\/mandevillashop.com\/fr\/","name":"Mandevillashop","description":"De Mandevilla Specialist","publisher":{"@id":"https:\/\/mandevillashop.com\/fr\/#organization"},"potentialAction":[{"@type":"SearchAction","target":{"@type":"EntryPoint","urlTemplate":"https:\/\/mandevillashop.com\/fr\/?s={search_term_string}"},"query-input":{"@type":"PropertyValueSpecification","valueRequired":true,"valueName":"search_term_string"}}],"inLanguage":"fr-FR"},{"@type":"Organization","@id":"https:\/\/mandevillashop.com\/fr\/#organization","name":"Mandevilla Shop","url":"https:\/\/mandevillashop.com\/fr\/","logo":{"@type":"ImageObject","inLanguage":"fr-FR","@id":"https:\/\/mandevillashop.com\/fr\/#\/schema\/logo\/image\/","url":"https:\/\/mandevillashop.com\/wp-content\/uploads\/2023\/07\/mandevilla-shop-zwart.svg","contentUrl":"https:\/\/mandevillashop.com\/wp-content\/uploads\/2023\/07\/mandevilla-shop-zwart.svg","caption":"Mandevilla Shop"},"image":{"@id":"https:\/\/mandevillashop.com\/fr\/#\/schema\/logo\/image\/"}}]}},"_links":{"self":[{"href":"https:\/\/mandevillashop.com\/fr\/wp-json\/wp\/v2\/pages\/6288","targetHints":{"allow":["GET"]}}],"collection":[{"href":"https:\/\/mandevillashop.com\/fr\/wp-json\/wp\/v2\/pages"}],"about":[{"href":"https:\/\/mandevillashop.com\/fr\/wp-json\/wp\/v2\/types\/page"}],"author":[{"embeddable":true,"href":"https:\/\/mandevillashop.com\/fr\/wp-json\/wp\/v2\/users\/1"}],"replies":[{"embeddable":true,"href":"https:\/\/mandevillashop.com\/fr\/wp-json\/wp\/v2\/comments?post=6288"}],"version-history":[{"count":1,"href":"https:\/\/mandevillashop.com\/fr\/wp-json\/wp\/v2\/pages\/6288\/revisions"}],"predecessor-version":[{"id":6497,"href":"https:\/\/mandevillashop.com\/fr\/wp-json\/wp\/v2\/pages\/6288\/revisions\/6497"}],"up":[{"embeddable":true,"href":"https:\/\/mandevillashop.com\/fr\/wp-json\/wp\/v2\/pages\/6248"}],"wp:featuredmedia":[{"embeddable":true,"href":"https:\/\/mandevillashop.com\/fr\/wp-json\/wp\/v2\/media\/6085"}],"wp:attachment":[{"href":"https:\/\/mandevillashop.com\/fr\/wp-json\/wp\/v2\/media?parent=6288"}],"curies":[{"name":"wp","href":"https:\/\/api.w.org\/{rel}","templated":true}]}}