{"id":6296,"date":"2023-12-22T12:53:58","date_gmt":"2023-12-22T11:53:58","guid":{"rendered":"https:\/\/mandevillashop.com\/entretien\/conseils-dentretien\/"},"modified":"2026-03-17T11:05:13","modified_gmt":"2026-03-17T10:05:13","slug":"conseils-dentretien","status":"publish","type":"page","link":"https:\/\/mandevillashop.com\/fr\/entretien\/conseils-dentretien\/","title":{"rendered":"Conseils d\u2019entretien"},"content":{"rendered":"\t\t<div data-elementor-type=\"wp-page\" data-elementor-id=\"6296\" class=\"elementor elementor-6296 elementor-538\" data-elementor-post-type=\"page\">\n\t\t\t\t<div class=\"elementor-element elementor-element-6e1d10f4 e-flex e-con-boxed e-con e-parent\" data-id=\"6e1d10f4\" data-element_type=\"container\" data-e-type=\"container\">\n\t\t\t\t\t<div class=\"e-con-inner\">\n\t\t\t\t<div class=\"elementor-element elementor-element-3d5eca7e elementor-widget elementor-widget-heading\" data-id=\"3d5eca7e\" data-element_type=\"widget\" data-e-type=\"widget\" data-widget_type=\"heading.default\">\n\t\t\t\t<div class=\"elementor-widget-container\">\n\t\t\t\t\t<h1 class=\"elementor-heading-title elementor-size-default\">Nos v pour votre mand\u00e9villa<\/h1>\t\t\t\t<\/div>\n\t\t\t\t<\/div>\n\t\t\t\t\t<\/div>\n\t\t\t\t<\/div>\n\t\t<div class=\"elementor-element elementor-element-3c7ba730 e-flex e-con-boxed e-con e-parent\" data-id=\"3c7ba730\" data-element_type=\"container\" data-e-type=\"container\">\n\t\t\t\t\t<div class=\"e-con-inner\">\n\t\t<div class=\"elementor-element elementor-element-7c792755 e-flex e-con-boxed e-con e-child\" data-id=\"7c792755\" data-element_type=\"container\" data-e-type=\"container\">\n\t\t\t\t\t<div class=\"e-con-inner\">\n\t\t<div class=\"elementor-element elementor-element-2972493d e-flex e-con-boxed e-con e-child\" data-id=\"2972493d\" data-element_type=\"container\" data-e-type=\"container\" data-settings=\"{&quot;background_background&quot;:&quot;classic&quot;}\">\n\t\t\t\t\t<div class=\"e-con-inner\">\n\t\t\t\t<div class=\"elementor-element elementor-element-4c6bb190 elementor-widget elementor-widget-text-editor\" data-id=\"4c6bb190\" data-element_type=\"widget\" data-e-type=\"widget\" data-widget_type=\"text-editor.default\">\n\t\t\t\t<div class=\"elementor-widget-container\">\n\t\t\t\t\t\t\t\t\t<p><em>\u00ab\u00a0Le mand\u00e9villa est ma plante de jardin pr\u00e9f\u00e9r\u00e9e, et il ne pourrait pas en \u00eatre autrement. J\u2019esp\u00e8re qu\u2019il s\u2019agit aussi de votre pr\u00e9f\u00e9r\u00e9e\u2026 Ou qu\u2019elle le deviendra. Vous venez peut-\u00eatre d\u2019acqu\u00e9rir votre mand\u00e9villa ou vous en \u00eates fan depuis un certain temps. Dans ce blog, je vais vous donner mes conseils personnels pour entretenir au mieux votre mand\u00e9villa. Car malgr\u00e9 le peu d\u2019entretien que n\u00e9cessite la plante, vous pouvez bien s\u00fbr faire en sorte qu\u2019elle se sente le mieux possible dans votre jardin.\u00a0\u00bb<\/em><\/p>\n<p><em>\u2013 Tim, sp\u00e9cialiste de la culture des plantes chez Mandevillashop.com<\/em><\/p>\n<p><em>PS\u00a0: Je parle de \u00ab\u00a0mand\u00e9villa\u00a0\u00bb, mais la plante est \u00e9galement connue sous le nom de \u00ab\u00a0diplad\u00e9nia\u00a0\u00bb. La diff\u00e9rence\u00a0? Il n\u2019y en a pas, c\u2019est la m\u00eame plante\u00a0!<\/em><\/p>\n\t\t\t\t\t\t\t\t<\/div>\n\t\t\t\t<\/div>\n\t\t\t\t\t<\/div>\n\t\t\t\t<\/div>\n\t\t\t\t\t<\/div>\n\t\t\t\t<\/div>\n\t\t\t\t\t<\/div>\n\t\t\t\t<\/div>\n\t\t<div class=\"elementor-element elementor-element-6d47328d e-flex e-con-boxed e-con e-parent\" data-id=\"6d47328d\" data-element_type=\"container\" data-e-type=\"container\">\n\t\t\t\t\t<div class=\"e-con-inner\">\n\t\t<div class=\"elementor-element elementor-element-3478e63e e-flex e-con-boxed e-con e-child\" data-id=\"3478e63e\" data-element_type=\"container\" data-e-type=\"container\">\n\t\t\t\t\t<div class=\"e-con-inner\">\n\t\t\t\t<div class=\"elementor-element elementor-element-21e98bb8 elementor-widget elementor-widget-heading\" data-id=\"21e98bb8\" data-element_type=\"widget\" data-e-type=\"widget\" data-widget_type=\"heading.default\">\n\t\t\t\t<div class=\"elementor-widget-container\">\n\t\t\t\t\t<h4 class=\"elementor-heading-title elementor-size-default\">Apr\u00e8s l\u2019effort, le r\u00e9confort<\/h4>\t\t\t\t<\/div>\n\t\t\t\t<\/div>\n\t\t\t\t<div class=\"elementor-element elementor-element-35fddd68 elementor-widget elementor-widget-text-editor\" data-id=\"35fddd68\" data-element_type=\"widget\" data-e-type=\"widget\" data-widget_type=\"text-editor.default\">\n\t\t\t\t<div class=\"elementor-widget-container\">\n\t\t\t\t\t\t\t\t\t<p>Vous avez command\u00e9 votre mand\u00e9villa via notre boutique en ligne\u00a0? Alors, d\u00e9ballez la plante et mettez-la dehors pour qu\u2019elle se remette du voyage. Ne le faites pas si la temp\u00e9rature est inf\u00e9rieure \u00e0 z\u00e9ro.\u00a0 Le soleil fonctionne comme une source d\u2019\u00e9nergie et votre plante a particuli\u00e8rement besoin de cette \u00e9nergie maintenant. V\u00e9rifiez \u00e9galement que le terreau n\u2019est pas sec et si c\u2019est le cas, arrosez la plante imm\u00e9diatement. Il peut arriver que certaines fleurs soient endommag\u00e9es pendant le transport et tombent d\u00e8s les premiers jours. Ne vous inqui\u00e9tez pas\u00a0! Vous recevrez notre mand\u00e9villa plein de boutons de fleurs et vous verrez donc de nouvelles fleurs appara\u00eetre chaque jour. Nous ne donnons pas une\u00a0<a href=\"https:\/\/mandevillashop.com\/mandevilla-bloeigroei-garantie\/\"><em>garantie<\/em> de floraison<\/a>\u00a0pour rien.<\/p>\t\t\t\t\t\t\t\t<\/div>\n\t\t\t\t<\/div>\n\t\t\t\t<div class=\"elementor-element elementor-element-1f2e5255 elementor-widget elementor-widget-heading\" data-id=\"1f2e5255\" data-element_type=\"widget\" data-e-type=\"widget\" data-widget_type=\"heading.default\">\n\t\t\t\t<div class=\"elementor-widget-container\">\n\t\t\t\t\t<h4 class=\"elementor-heading-title elementor-size-default\">Amateur de soleil<\/h4>\t\t\t\t<\/div>\n\t\t\t\t<\/div>\n\t\t\t\t<div class=\"elementor-element elementor-element-41b6d478 elementor-widget elementor-widget-text-editor\" data-id=\"41b6d478\" data-element_type=\"widget\" data-e-type=\"widget\" data-widget_type=\"text-editor.default\">\n\t\t\t\t<div class=\"elementor-widget-container\">\n\t\t\t\t\t\t\t\t\t<p>Bien s\u00fbr, vous pouvez choisir le meilleur endroit dans votre jardin, sur votre terrasse ou votre balcon pour votre mand\u00e9villa. Mais une chose est tr\u00e8s importante \u00e0 cet \u00e9gard\u00a0: le soleil\u00a0! En effet, cette plante adore \u00e7a. Une place au soleil la fera fleurir abondamment. Elle n\u2019a pas besoin d\u2019\u00eatre en plein soleil toute la journ\u00e9e, un endroit \u00e0 mi-ombre convient \u00e9galement. Si le mand\u00e9villa est laiss\u00e9 \u00e0 l\u2019ombre, il finira par ne plus produire de nouveaux boutons de fleurs. Ce serait dommage\u00a0!<\/p>\n\t\t\t\t\t\t\t\t<\/div>\n\t\t\t\t<\/div>\n\t\t\t\t<div class=\"elementor-element elementor-element-5f50bff elementor-widget elementor-widget-heading\" data-id=\"5f50bff\" data-element_type=\"widget\" data-e-type=\"widget\" data-widget_type=\"heading.default\">\n\t\t\t\t<div class=\"elementor-widget-container\">\n\t\t\t\t\t<h4 class=\"elementor-heading-title elementor-size-default\">Un nouvel endroit<\/h4>\t\t\t\t<\/div>\n\t\t\t\t<\/div>\n\t\t\t\t<div class=\"elementor-element elementor-element-501a3cd elementor-widget elementor-widget-text-editor\" data-id=\"501a3cd\" data-element_type=\"widget\" data-e-type=\"widget\" data-widget_type=\"text-editor.default\">\n\t\t\t\t<div class=\"elementor-widget-container\">\n\t\t\t\t\t\t\t\t\t<p>Nous vous conseillons de retirer les plantes de leur pot de culture et de les placer dans une jardini\u00e8re ou un pot de fleurs plus grand, c\u2019est ce qu\u2019on appelle le\u00a0<em>rempotage.<\/em>\u00a0Fait amusant\u00a0: le mand\u00e9villa pousse en \u00e9quilibre \u00e0 la fois au-dessus et en dessous du sol. Ainsi, si les racines n\u2019ont pas de place pour se d\u00e9velopper davantage, cela s\u2019applique \u00e0 toute la plante. Pour d\u00e9terminer la quantit\u00e9 de terreau, de plantes ou de granul\u00e9s hydro dont vous avez besoin, nous avons mis au point un outil super pratique\u00a0: le configurateur de jardini\u00e8re\u00a0! (lien vers le configurateur)<\/p>\n\t\t\t\t\t\t\t\t<\/div>\n\t\t\t\t<\/div>\n\t\t\t\t<div class=\"elementor-element elementor-element-075dd27 elementor-widget elementor-widget-heading\" data-id=\"075dd27\" data-element_type=\"widget\" data-e-type=\"widget\" data-widget_type=\"heading.default\">\n\t\t\t\t<div class=\"elementor-widget-container\">\n\t\t\t\t\t<h4 class=\"elementor-heading-title elementor-size-default\">Rempotage du mand\u00e9villa<\/h4>\t\t\t\t<\/div>\n\t\t\t\t<\/div>\n\t\t\t\t<div class=\"elementor-element elementor-element-83f7460 elementor-widget elementor-widget-text-editor\" data-id=\"83f7460\" data-element_type=\"widget\" data-e-type=\"widget\" data-widget_type=\"text-editor.default\">\n\t\t\t\t<div class=\"elementor-widget-container\">\n\t\t\t\t\t\t\t\t\t<p>Vous pouvez rempoter le mand\u00e9villa \u00e0 tout moment. Nous travaillons avec un terreau sp\u00e9cial pour mand\u00e9villa, auquel nous avons ajout\u00e9 des granul\u00e9s nutritifs suppl\u00e9mentaires \u00e0 action prolong\u00e9e. Il n\u2019est donc pas n\u00e9cessaire de fertiliser votre mand\u00e9villa, ce qui est tr\u00e8s pratique\u00a0! Si vous commandez ce terreau avec votre mand\u00e9villa dans notre boutique en ligne, vous b\u00e9n\u00e9ficiez d\u2019une garantie de croissance et de floraison de 3\u00a0mois. Mais, comment fonctionne le rempotage\u00a0? Il arrive souvent que la plante soit un peu \u00e0 l\u2019\u00e9troit dans le pot. Alors, tenez-la \u00e0 l\u2019envers et serrez le pot, de sorte que la plante se d\u00e9tache. Ne tirez jamais sur la plante, car vous risquez de d\u00e9chirer les racines. Apr\u00e8s le rempotage, donnez imm\u00e9diatement beaucoup d\u2019eau \u00e0 la plante afin que l\u2019ancien et le nouveau terreau puissent bien se lier l\u2019un \u00e0 l\u2019autre. Apr\u00e8s le rempotage, vous pouvez \u00e9galement ajouter un<em>\u00a0<a href=\"https:\/\/mandevillashop.com\/product\/mandevilla-voedingskegels-12-stuks\/\">c\u00f4ne nutritif<\/a><\/em>\u00a0pour une floraison et une croissance encore plus optimales de votre plante.<\/p>\t\t\t\t\t\t\t\t<\/div>\n\t\t\t\t<\/div>\n\t\t\t\t<div class=\"elementor-element elementor-element-b1d4d96 elementor-widget elementor-widget-heading\" data-id=\"b1d4d96\" data-element_type=\"widget\" data-e-type=\"widget\" data-widget_type=\"heading.default\">\n\t\t\t\t<div class=\"elementor-widget-container\">\n\t\t\t\t\t<h4 class=\"elementor-heading-title elementor-size-default\">Arrosage<\/h4>\t\t\t\t<\/div>\n\t\t\t\t<\/div>\n\t\t\t\t<div class=\"elementor-element elementor-element-90f0456 elementor-widget elementor-widget-text-editor\" data-id=\"90f0456\" data-element_type=\"widget\" data-e-type=\"widget\" data-widget_type=\"text-editor.default\">\n\t\t\t\t<div class=\"elementor-widget-container\">\n\t\t\t\t\t\t\t\t\t<p>Le mand\u00e9villa supporte bien la s\u00e9cheresse, ce qui est l\u2019une des raisons pour lesquelles il est une plante si facile. Les clients nous le disent r\u00e9guli\u00e8rement\u00a0: \u00ab\u00a0Apr\u00e8s nos vacances, toutes les plantes de la terrasse \u00e9taient mortes, mais les mand\u00e9villas \u00e9taient toujours en forme\u00a0!\u00a0\u00bb. Cela ne veut pas dire que vous devez n\u00e9gliger la plante, mais vous pouvez sans risque ne pas l\u2019arroser de temps en temps. Il est pr\u00e9f\u00e9rable d\u2019arroser votre mand\u00e9villa une fois par semaine (s\u2019il ne pleut pas). S\u2019il fait tr\u00e8s chaud pendant une longue p\u00e9riode, arrosez la plante tous les deux jours (sur la motte\/le fond). Nous vous recommandons vivement d\u2019utiliser une jardini\u00e8re dont le fond est perc\u00e9 d\u2019un trou, permettant ainsi \u00e0 l\u2019eau de s\u2019\u00e9couler (apr\u00e8s une grosse averse). Votre jardini\u00e8re ou pot n\u2019a pas de trou au fond\u00a0? Assurez-vous qu\u2019il y a une bonne couche de<em>\u00a0<a href=\"https:\/\/mandevillashop.com\/product\/mandevilla-hydrokorrels-10l\/\">granul\u00e9s hydro<\/a>\u00a0<\/em>\u00e0 l\u2019int\u00e9rieur. Ils absorbent tr\u00e8s facilement l\u2019eau et la transmettent progressivement \u00e0 la plante, de sorte qu\u2019elle n\u2019a pas les \u00ab pieds mouill\u00e9s \u00bb. Nous recommandons de mettre une petite couche (environ 20 %) de granul\u00e9s hydro dans le pot de toute fa\u00e7on. De cette fa\u00e7on, vous avez encore moins de soucis \u00e0 vous faire pour votre plante.<\/p><p>Votre mand\u00e9villa a-t-elle des feuilles jaunes\u00a0? Souvent, c\u2019est li\u00e9 \u00e0 l\u2019arrosage. Nous vous expliquons ce que vous pouvez faire \u00e0 ce sujet dans\u00a0<a href=\"https:\/\/mandevillashop.com\/fr\/entretien\/feuilles-jaunes\/\">ce blog<\/a>.<\/p>\t\t\t\t\t\t\t\t<\/div>\n\t\t\t\t<\/div>\n\t\t\t\t<div class=\"elementor-element elementor-element-047b64c elementor-widget elementor-widget-heading\" data-id=\"047b64c\" data-element_type=\"widget\" data-e-type=\"widget\" data-widget_type=\"heading.default\">\n\t\t\t\t<div class=\"elementor-widget-container\">\n\t\t\t\t\t<h4 class=\"elementor-heading-title elementor-size-default\">Vrilles grimpantes<\/h4>\t\t\t\t<\/div>\n\t\t\t\t<\/div>\n\t\t\t\t<div class=\"elementor-element elementor-element-9f07e05 elementor-widget elementor-widget-text-editor\" data-id=\"9f07e05\" data-element_type=\"widget\" data-e-type=\"widget\" data-widget_type=\"text-editor.default\">\n\t\t\t\t<div class=\"elementor-widget-container\">\n\t\t\t\t\t\t\t\t\t<p>Le mand\u00e9villa peut \u00ab\u00a0grimper\u00a0\u00bb, selon son emplacement. Au soleil, il fera plus de fleurs. Mais si la plante se trouve dans un endroit plus frais, elle a plus d\u2019\u00e9nergie pour se d\u00e9velopper, ce qui cr\u00e9e les vrilles grimpantes caract\u00e9ristiques. Vous pouvez influer l\u00e0-dessus et nous vous en parlons dans notre blog sur\u00a0<em><u>la croissance et le repiquage<\/u><\/em>. Nous vendons \u00e9galement un\u00a0<u>ensemble pour plantes grimpantes<\/u>\u00a0pour faire pousser davantage votre mand\u00e9villa.<\/p>\n\t\t\t\t\t\t\t\t<\/div>\n\t\t\t\t<\/div>\n\t\t\t\t<div class=\"elementor-element elementor-element-6f76b8a elementor-widget elementor-widget-heading\" data-id=\"6f76b8a\" data-element_type=\"widget\" data-e-type=\"widget\" data-widget_type=\"heading.default\">\n\t\t\t\t<div class=\"elementor-widget-container\">\n\t\t\t\t\t<h4 class=\"elementor-heading-title elementor-size-default\">Insectes et parasites<\/h4>\t\t\t\t<\/div>\n\t\t\t\t<\/div>\n\t\t\t\t<div class=\"elementor-element elementor-element-4c39f1a elementor-widget elementor-widget-text-editor\" data-id=\"4c39f1a\" data-element_type=\"widget\" data-e-type=\"widget\" data-widget_type=\"text-editor.default\">\n\t\t\t\t<div class=\"elementor-widget-container\">\n\t\t\t\t\t\t\t\t\t<p>Heureusement, les mand\u00e9villas ne sont pas si sensibles aux insectes et aux parasites. Seuls les pucerons peuvent poser probl\u00e8me. L\u2019option la plus respectueuse de la nature consiste \u00e0 couper les branches sur lesquelles se trouvent les pucerons et \u00e0 les jeter.\u00a0Mais vous pouvez aussi utiliser un pesticide biologique. Votre mand\u00e9villa est-il infest\u00e9 d\u2019insectes\u00a0? Lisez le<em>\u00a0<a href=\"https:\/\/mandevillashop.com\/alle-mandevilla-verzorgingstips\/\">blog avec des conseils<\/a><\/em>\u00a0que nous avons \u00e9crit \u00e0 ce sujet\u00a0!<\/p><p>Nous arrivons au terme des conseils les plus importants pour entretenir votre mand\u00e9villa\/diplad\u00e9nia. Avant tout, nous vous souhaitons beaucoup de plaisir \u00e0 profiter de votre mand\u00e9villa\u00a0!<\/p>\t\t\t\t\t\t\t\t<\/div>\n\t\t\t\t<\/div>\n\t\t\t\t\t<\/div>\n\t\t\t\t<\/div>\n\t\t\t\t\t<\/div>\n\t\t\t\t<\/div>\n\t\t\t\t<\/div>\n\t\t","protected":false},"excerpt":{"rendered":"<p>Nos v pour votre mand\u00e9villa \u00ab\u00a0Le mand\u00e9villa est ma plante de jardin pr\u00e9f\u00e9r\u00e9e, et il ne pourrait pas en \u00eatre autrement. J\u2019esp\u00e8re qu\u2019il s\u2019agit aussi de votre pr\u00e9f\u00e9r\u00e9e\u2026 Ou qu\u2019elle le deviendra. Vous venez peut-\u00eatre d\u2019acqu\u00e9rir votre mand\u00e9villa ou vous en \u00eates fan depuis un certain temps. Dans ce blog, je vais vous donner mes<\/p>\n","protected":false},"author":1,"featured_media":6153,"parent":6248,"menu_order":0,"comment_status":"closed","ping_status":"closed","template":"","meta":{"_acf_changed":false,"footnotes":""},"class_list":["post-6296","page","type-page","status-publish","has-post-thumbnail","hentry"],"acf":[],"yoast_head":"<!-- This site is optimized with the Yoast SEO plugin v27.4 - https:\/\/yoast.com\/product\/yoast-seo-wordpress\/ -->\n<title>Conseils d\u2019entretien - Mandevillashop<\/title>\n<meta name=\"description\" content=\"Vous voulez savoir comment garder votre Mandevilla belle le plus longtemps possible ? Nous avons r\u00e9pertori\u00e9 pour vous tous les conseils d&#039;entretien.\" \/>\n<meta name=\"robots\" content=\"index, follow, max-snippet:-1, max-image-preview:large, max-video-preview:-1\" \/>\n<link rel=\"canonical\" href=\"https:\/\/mandevillashop.com\/fr\/entretien\/conseils-dentretien\/\" \/>\n<meta property=\"og:locale\" content=\"fr_FR\" \/>\n<meta property=\"og:type\" content=\"article\" \/>\n<meta property=\"og:title\" content=\"Conseils d\u2019entretien - Mandevillashop\" \/>\n<meta property=\"og:description\" content=\"Vous voulez savoir comment garder votre Mandevilla belle le plus longtemps possible ? Nous avons r\u00e9pertori\u00e9 pour vous tous les conseils d&#039;entretien.\" \/>\n<meta property=\"og:url\" content=\"https:\/\/mandevillashop.com\/fr\/entretien\/conseils-dentretien\/\" \/>\n<meta property=\"og:site_name\" content=\"Mandevillashop\" \/>\n<meta property=\"article:modified_time\" content=\"2026-03-17T10:05:13+00:00\" \/>\n<meta property=\"og:image\" content=\"https:\/\/mandevillashop.com\/wp-content\/uploads\/2024\/01\/2.1-Web-scaled-31.jpg\" \/>\n\t<meta property=\"og:image:width\" content=\"1708\" \/>\n\t<meta property=\"og:image:height\" content=\"2560\" \/>\n\t<meta property=\"og:image:type\" content=\"image\/jpeg\" \/>\n<meta name=\"twitter:card\" content=\"summary_large_image\" \/>\n<meta name=\"twitter:label1\" content=\"Dur\u00e9e de lecture estim\u00e9e\" \/>\n\t<meta name=\"twitter:data1\" content=\"6 minutes\" \/>\n<script type=\"application\/ld+json\" class=\"yoast-schema-graph\">{\"@context\":\"https:\\\/\\\/schema.org\",\"@graph\":[{\"@type\":\"WebPage\",\"@id\":\"https:\\\/\\\/mandevillashop.com\\\/fr\\\/entretien\\\/conseils-dentretien\\\/\",\"url\":\"https:\\\/\\\/mandevillashop.com\\\/fr\\\/entretien\\\/conseils-dentretien\\\/\",\"name\":\"Conseils d\u2019entretien - Mandevillashop\",\"isPartOf\":{\"@id\":\"https:\\\/\\\/mandevillashop.com\\\/fr\\\/#website\"},\"primaryImageOfPage\":{\"@id\":\"https:\\\/\\\/mandevillashop.com\\\/fr\\\/entretien\\\/conseils-dentretien\\\/#primaryimage\"},\"image\":{\"@id\":\"https:\\\/\\\/mandevillashop.com\\\/fr\\\/entretien\\\/conseils-dentretien\\\/#primaryimage\"},\"thumbnailUrl\":\"https:\\\/\\\/mandevillashop.com\\\/wp-content\\\/uploads\\\/2024\\\/01\\\/2.1-Web-scaled-31.jpg\",\"datePublished\":\"2023-12-22T11:53:58+00:00\",\"dateModified\":\"2026-03-17T10:05:13+00:00\",\"description\":\"Vous voulez savoir comment garder votre Mandevilla belle le plus longtemps possible ? Nous avons r\u00e9pertori\u00e9 pour vous tous les conseils d'entretien.\",\"breadcrumb\":{\"@id\":\"https:\\\/\\\/mandevillashop.com\\\/fr\\\/entretien\\\/conseils-dentretien\\\/#breadcrumb\"},\"inLanguage\":\"fr-FR\",\"potentialAction\":[{\"@type\":\"ReadAction\",\"target\":[\"https:\\\/\\\/mandevillashop.com\\\/fr\\\/entretien\\\/conseils-dentretien\\\/\"]}]},{\"@type\":\"ImageObject\",\"inLanguage\":\"fr-FR\",\"@id\":\"https:\\\/\\\/mandevillashop.com\\\/fr\\\/entretien\\\/conseils-dentretien\\\/#primaryimage\",\"url\":\"https:\\\/\\\/mandevillashop.com\\\/wp-content\\\/uploads\\\/2024\\\/01\\\/2.1-Web-scaled-31.jpg\",\"contentUrl\":\"https:\\\/\\\/mandevillashop.com\\\/wp-content\\\/uploads\\\/2024\\\/01\\\/2.1-Web-scaled-31.jpg\",\"width\":1708,\"height\":2560},{\"@type\":\"BreadcrumbList\",\"@id\":\"https:\\\/\\\/mandevillashop.com\\\/fr\\\/entretien\\\/conseils-dentretien\\\/#breadcrumb\",\"itemListElement\":[{\"@type\":\"ListItem\",\"position\":1,\"name\":\"Home\",\"item\":\"https:\\\/\\\/mandevillashop.com\\\/fr\\\/\"},{\"@type\":\"ListItem\",\"position\":2,\"name\":\"Entretien\",\"item\":\"https:\\\/\\\/mandevillashop.com\\\/fr\\\/verzorging\\\/\"},{\"@type\":\"ListItem\",\"position\":3,\"name\":\"Conseils d\u2019entretien\"}]},{\"@type\":\"WebSite\",\"@id\":\"https:\\\/\\\/mandevillashop.com\\\/fr\\\/#website\",\"url\":\"https:\\\/\\\/mandevillashop.com\\\/fr\\\/\",\"name\":\"Mandevillashop\",\"description\":\"De Mandevilla Specialist\",\"publisher\":{\"@id\":\"https:\\\/\\\/mandevillashop.com\\\/fr\\\/#organization\"},\"potentialAction\":[{\"@type\":\"SearchAction\",\"target\":{\"@type\":\"EntryPoint\",\"urlTemplate\":\"https:\\\/\\\/mandevillashop.com\\\/fr\\\/?s={search_term_string}\"},\"query-input\":{\"@type\":\"PropertyValueSpecification\",\"valueRequired\":true,\"valueName\":\"search_term_string\"}}],\"inLanguage\":\"fr-FR\"},{\"@type\":\"Organization\",\"@id\":\"https:\\\/\\\/mandevillashop.com\\\/fr\\\/#organization\",\"name\":\"Mandevilla Shop\",\"url\":\"https:\\\/\\\/mandevillashop.com\\\/fr\\\/\",\"logo\":{\"@type\":\"ImageObject\",\"inLanguage\":\"fr-FR\",\"@id\":\"https:\\\/\\\/mandevillashop.com\\\/fr\\\/#\\\/schema\\\/logo\\\/image\\\/\",\"url\":\"https:\\\/\\\/mandevillashop.com\\\/wp-content\\\/uploads\\\/2023\\\/07\\\/mandevilla-shop-zwart.svg\",\"contentUrl\":\"https:\\\/\\\/mandevillashop.com\\\/wp-content\\\/uploads\\\/2023\\\/07\\\/mandevilla-shop-zwart.svg\",\"caption\":\"Mandevilla Shop\"},\"image\":{\"@id\":\"https:\\\/\\\/mandevillashop.com\\\/fr\\\/#\\\/schema\\\/logo\\\/image\\\/\"}}]}<\/script>\n<!-- \/ Yoast SEO plugin. -->","yoast_head_json":{"title":"Conseils d\u2019entretien - Mandevillashop","description":"Vous voulez savoir comment garder votre Mandevilla belle le plus longtemps possible ? Nous avons r\u00e9pertori\u00e9 pour vous tous les conseils d'entretien.","robots":{"index":"index","follow":"follow","max-snippet":"max-snippet:-1","max-image-preview":"max-image-preview:large","max-video-preview":"max-video-preview:-1"},"canonical":"https:\/\/mandevillashop.com\/fr\/entretien\/conseils-dentretien\/","og_locale":"fr_FR","og_type":"article","og_title":"Conseils d\u2019entretien - Mandevillashop","og_description":"Vous voulez savoir comment garder votre Mandevilla belle le plus longtemps possible ? Nous avons r\u00e9pertori\u00e9 pour vous tous les conseils d'entretien.","og_url":"https:\/\/mandevillashop.com\/fr\/entretien\/conseils-dentretien\/","og_site_name":"Mandevillashop","article_modified_time":"2026-03-17T10:05:13+00:00","og_image":[{"width":1708,"height":2560,"url":"https:\/\/mandevillashop.com\/wp-content\/uploads\/2024\/01\/2.1-Web-scaled-31.jpg","type":"image\/jpeg"}],"twitter_card":"summary_large_image","twitter_misc":{"Dur\u00e9e de lecture estim\u00e9e":"6 minutes"},"schema":{"@context":"https:\/\/schema.org","@graph":[{"@type":"WebPage","@id":"https:\/\/mandevillashop.com\/fr\/entretien\/conseils-dentretien\/","url":"https:\/\/mandevillashop.com\/fr\/entretien\/conseils-dentretien\/","name":"Conseils d\u2019entretien - Mandevillashop","isPartOf":{"@id":"https:\/\/mandevillashop.com\/fr\/#website"},"primaryImageOfPage":{"@id":"https:\/\/mandevillashop.com\/fr\/entretien\/conseils-dentretien\/#primaryimage"},"image":{"@id":"https:\/\/mandevillashop.com\/fr\/entretien\/conseils-dentretien\/#primaryimage"},"thumbnailUrl":"https:\/\/mandevillashop.com\/wp-content\/uploads\/2024\/01\/2.1-Web-scaled-31.jpg","datePublished":"2023-12-22T11:53:58+00:00","dateModified":"2026-03-17T10:05:13+00:00","description":"Vous voulez savoir comment garder votre Mandevilla belle le plus longtemps possible ? Nous avons r\u00e9pertori\u00e9 pour vous tous les conseils d'entretien.","breadcrumb":{"@id":"https:\/\/mandevillashop.com\/fr\/entretien\/conseils-dentretien\/#breadcrumb"},"inLanguage":"fr-FR","potentialAction":[{"@type":"ReadAction","target":["https:\/\/mandevillashop.com\/fr\/entretien\/conseils-dentretien\/"]}]},{"@type":"ImageObject","inLanguage":"fr-FR","@id":"https:\/\/mandevillashop.com\/fr\/entretien\/conseils-dentretien\/#primaryimage","url":"https:\/\/mandevillashop.com\/wp-content\/uploads\/2024\/01\/2.1-Web-scaled-31.jpg","contentUrl":"https:\/\/mandevillashop.com\/wp-content\/uploads\/2024\/01\/2.1-Web-scaled-31.jpg","width":1708,"height":2560},{"@type":"BreadcrumbList","@id":"https:\/\/mandevillashop.com\/fr\/entretien\/conseils-dentretien\/#breadcrumb","itemListElement":[{"@type":"ListItem","position":1,"name":"Home","item":"https:\/\/mandevillashop.com\/fr\/"},{"@type":"ListItem","position":2,"name":"Entretien","item":"https:\/\/mandevillashop.com\/fr\/verzorging\/"},{"@type":"ListItem","position":3,"name":"Conseils d\u2019entretien"}]},{"@type":"WebSite","@id":"https:\/\/mandevillashop.com\/fr\/#website","url":"https:\/\/mandevillashop.com\/fr\/","name":"Mandevillashop","description":"De Mandevilla Specialist","publisher":{"@id":"https:\/\/mandevillashop.com\/fr\/#organization"},"potentialAction":[{"@type":"SearchAction","target":{"@type":"EntryPoint","urlTemplate":"https:\/\/mandevillashop.com\/fr\/?s={search_term_string}"},"query-input":{"@type":"PropertyValueSpecification","valueRequired":true,"valueName":"search_term_string"}}],"inLanguage":"fr-FR"},{"@type":"Organization","@id":"https:\/\/mandevillashop.com\/fr\/#organization","name":"Mandevilla Shop","url":"https:\/\/mandevillashop.com\/fr\/","logo":{"@type":"ImageObject","inLanguage":"fr-FR","@id":"https:\/\/mandevillashop.com\/fr\/#\/schema\/logo\/image\/","url":"https:\/\/mandevillashop.com\/wp-content\/uploads\/2023\/07\/mandevilla-shop-zwart.svg","contentUrl":"https:\/\/mandevillashop.com\/wp-content\/uploads\/2023\/07\/mandevilla-shop-zwart.svg","caption":"Mandevilla Shop"},"image":{"@id":"https:\/\/mandevillashop.com\/fr\/#\/schema\/logo\/image\/"}}]}},"_links":{"self":[{"href":"https:\/\/mandevillashop.com\/fr\/wp-json\/wp\/v2\/pages\/6296","targetHints":{"allow":["GET"]}}],"collection":[{"href":"https:\/\/mandevillashop.com\/fr\/wp-json\/wp\/v2\/pages"}],"about":[{"href":"https:\/\/mandevillashop.com\/fr\/wp-json\/wp\/v2\/types\/page"}],"author":[{"embeddable":true,"href":"https:\/\/mandevillashop.com\/fr\/wp-json\/wp\/v2\/users\/1"}],"replies":[{"embeddable":true,"href":"https:\/\/mandevillashop.com\/fr\/wp-json\/wp\/v2\/comments?post=6296"}],"version-history":[{"count":7,"href":"https:\/\/mandevillashop.com\/fr\/wp-json\/wp\/v2\/pages\/6296\/revisions"}],"predecessor-version":[{"id":11953,"href":"https:\/\/mandevillashop.com\/fr\/wp-json\/wp\/v2\/pages\/6296\/revisions\/11953"}],"up":[{"embeddable":true,"href":"https:\/\/mandevillashop.com\/fr\/wp-json\/wp\/v2\/pages\/6248"}],"wp:featuredmedia":[{"embeddable":true,"href":"https:\/\/mandevillashop.com\/fr\/wp-json\/wp\/v2\/media\/6153"}],"wp:attachment":[{"href":"https:\/\/mandevillashop.com\/fr\/wp-json\/wp\/v2\/media?parent=6296"}],"curies":[{"name":"wp","href":"https:\/\/api.w.org\/{rel}","templated":true}]}}