{"id":6300,"date":"2023-12-22T12:44:10","date_gmt":"2023-12-22T11:44:10","guid":{"rendered":"https:\/\/mandevillashop.com\/entretien\/nourriture-complementaire\/"},"modified":"2024-07-05T16:18:42","modified_gmt":"2024-07-05T14:18:42","slug":"nourriture-complementaire","status":"publish","type":"page","link":"https:\/\/mandevillashop.com\/fr\/entretien\/nourriture-complementaire\/","title":{"rendered":"Nourriture compl\u00e9mentaire"},"content":{"rendered":"\t\t<div data-elementor-type=\"wp-page\" data-elementor-id=\"6300\" class=\"elementor elementor-6300 elementor-514\" data-elementor-post-type=\"page\">\n\t\t\t\t<div class=\"elementor-element elementor-element-6db9a43 e-flex e-con-boxed e-con e-parent\" data-id=\"6db9a43\" data-element_type=\"container\" data-e-type=\"container\">\n\t\t\t\t\t<div class=\"e-con-inner\">\n\t\t\t\t<div class=\"elementor-element elementor-element-b8e0710 elementor-widget elementor-widget-heading\" data-id=\"b8e0710\" data-element_type=\"widget\" data-e-type=\"widget\" data-widget_type=\"heading.default\">\n\t\t\t\t<div class=\"elementor-widget-container\">\n\t\t\t\t\t<h1 class=\"elementor-heading-title elementor-size-default\">Quelle nourriture pour mon mand\u00e9villa ?<\/h1>\t\t\t\t<\/div>\n\t\t\t\t<\/div>\n\t\t\t\t\t<\/div>\n\t\t\t\t<\/div>\n\t\t<div class=\"elementor-element elementor-element-80741ac e-flex e-con-boxed e-con e-parent\" data-id=\"80741ac\" data-element_type=\"container\" data-e-type=\"container\">\n\t\t\t\t\t<div class=\"e-con-inner\">\n\t\t<div class=\"elementor-element elementor-element-96aa27a e-flex e-con-boxed e-con e-child\" data-id=\"96aa27a\" data-element_type=\"container\" data-e-type=\"container\">\n\t\t\t\t\t<div class=\"e-con-inner\">\n\t\t<div class=\"elementor-element elementor-element-c8a7161 e-flex e-con-boxed e-con e-child\" data-id=\"c8a7161\" data-element_type=\"container\" data-e-type=\"container\" data-settings=\"{&quot;background_background&quot;:&quot;classic&quot;}\">\n\t\t\t\t\t<div class=\"e-con-inner\">\n\t\t\t\t<div class=\"elementor-element elementor-element-2efdb3d elementor-widget elementor-widget-text-editor\" data-id=\"2efdb3d\" data-element_type=\"widget\" data-e-type=\"widget\" data-widget_type=\"text-editor.default\">\n\t\t\t\t<div class=\"elementor-widget-container\">\n\t\t\t\t\t\t\t\t\t<p><em>\u00ab\u00a0Les mand\u00e9villas sont des plantes de jardin faciles et n\u00e9cessitent peu d\u2019entretien. Pourtant, avec une bonne nourriture, vous pouvez tirer le meilleur parti de votre plante. Qu\u2019il s\u2019agisse de nourriture solide ou liquide pour plantes, les deux sont possibles. Le mand\u00e9villa aime beaucoup recevoir un peu de nourriture pour plantes. Et il le m\u00e9rite, n\u2019est-ce pas\u00a0?\u00a0\u00bb<\/em><\/p>\n<p><em>Tim \u2013 sp\u00e9cialiste de la culture des plantes chez Mandevillashop.com<\/em><\/p>\n\t\t\t\t\t\t\t\t<\/div>\n\t\t\t\t<\/div>\n\t\t\t\t\t<\/div>\n\t\t\t\t<\/div>\n\t\t\t\t\t<\/div>\n\t\t\t\t<\/div>\n\t\t\t\t\t<\/div>\n\t\t\t\t<\/div>\n\t\t<div class=\"elementor-element elementor-element-34e049b e-flex e-con-boxed e-con e-parent\" data-id=\"34e049b\" data-element_type=\"container\" data-e-type=\"container\">\n\t\t\t\t\t<div class=\"e-con-inner\">\n\t\t<div class=\"elementor-element elementor-element-8160597 e-flex e-con-boxed e-con e-child\" data-id=\"8160597\" data-element_type=\"container\" data-e-type=\"container\">\n\t\t\t\t\t<div class=\"e-con-inner\">\n\t\t\t\t<div class=\"elementor-element elementor-element-6704db2 elementor-widget elementor-widget-text-editor\" data-id=\"6704db2\" data-element_type=\"widget\" data-e-type=\"widget\" data-widget_type=\"text-editor.default\">\n\t\t\t\t<div class=\"elementor-widget-container\">\n\t\t\t\t\t\t\t\t\t<p>La nourriture pour plantes pour votre mand\u00e9villa\/diplad\u00e9nia existe sous forme inorganique et organique. La nourriture inorganique est en fait de l\u2019engrais, fabriqu\u00e9 chimiquement. La nourriture biologique est d\u2019origine animale et v\u00e9g\u00e9tale, par exemple les granul\u00e9s de fumier de vache.<\/p>\n\t\t\t\t\t\t\t\t<\/div>\n\t\t\t\t<\/div>\n\t\t\t\t<div class=\"elementor-element elementor-element-d1be9b4 elementor-widget elementor-widget-heading\" data-id=\"d1be9b4\" data-element_type=\"widget\" data-e-type=\"widget\" data-widget_type=\"heading.default\">\n\t\t\t\t<div class=\"elementor-widget-container\">\n\t\t\t\t\t<h4 class=\"elementor-heading-title elementor-size-default\">Nourriture artificielle pour votre mand\u00e9villa<\/h4>\t\t\t\t<\/div>\n\t\t\t\t<\/div>\n\t\t\t\t<div class=\"elementor-element elementor-element-fa0f1ef elementor-widget elementor-widget-text-editor\" data-id=\"fa0f1ef\" data-element_type=\"widget\" data-e-type=\"widget\" data-widget_type=\"text-editor.default\">\n\t\t\t\t<div class=\"elementor-widget-container\">\n\t\t\t\t\t\t\t\t\t<p>Vous pouvez parfaitement utiliser de l\u2019engrais pour votre mand\u00e9villa. Appliquez-en une fois tous les quinze jours au maximum, avec 15-20\u00a0grammes pour 10\u00a0litres.<\/p><p>Nous recommandons l\u2019Osmocote, un engrais granul\u00e9 enrob\u00e9. Ce granul\u00e9 lib\u00e8re lentement les nutriments tout au long de la saison de croissance. C\u2019est id\u00e9al\u00a0! Notre terreau sp\u00e9cial pour mand\u00e9villa contient d\u00e9j\u00e0 de l\u2019Osmocote. Nous vendons \u00e9galement des<em>\u00a0<a href=\"https:\/\/mandevillashop.com\/fr\/produit\/mandevilla-cones-nutritionnels-12-pieces\/\">c\u00f4nes nutritifs\u00a0<\/a><\/em>pour mand\u00e9villa dans la boutique en ligne. Vous pouvez les enfoncer dans le terreau pr\u00e8s de la plante. Si vous souhaitez remplir une jardini\u00e8re avec plusieurs plantes, gardez \u00e0 l\u2019esprit ce qui suit :<\/p><ul><li>Un c\u00f4ne pour quatre petites plantes (par exemple\u00a0: des mini mand\u00e9villas)<\/li><li>Un c\u00f4ne pour deux plantes de taille moyenne (par exemple\u00a0: les tours de mand\u00e9villas)<\/li><li>Un c\u00f4ne pour une grande plante (par exemple\u00a0: un mand\u00e9villa\u00a0XL)<\/li><\/ul>\t\t\t\t\t\t\t\t<\/div>\n\t\t\t\t<\/div>\n\t\t\t\t<div class=\"elementor-element elementor-element-6256830 elementor-widget elementor-widget-heading\" data-id=\"6256830\" data-element_type=\"widget\" data-e-type=\"widget\" data-widget_type=\"heading.default\">\n\t\t\t\t<div class=\"elementor-widget-container\">\n\t\t\t\t\t<h4 class=\"elementor-heading-title elementor-size-default\">Nourriture organique pour votre mand\u00e9villa<\/h4>\t\t\t\t<\/div>\n\t\t\t\t<\/div>\n\t\t\t\t<div class=\"elementor-element elementor-element-690d8c9 elementor-widget elementor-widget-text-editor\" data-id=\"690d8c9\" data-element_type=\"widget\" data-e-type=\"widget\" data-widget_type=\"text-editor.default\">\n\t\t\t\t<div class=\"elementor-widget-container\">\n\t\t\t\t\t\t\t\t\t<p>Il existe diff\u00e9rents produits nutritifs d\u2019origine animale et v\u00e9g\u00e9tale sur le march\u00e9. Cependant, ils sont souvent enrichis de nutriments inorganiques (pour garantir la bonne quantit\u00e9 de nutriments). Le compost ou les granul\u00e9s de fumier de vache peuvent \u00e9galement \u00eatre utilis\u00e9s pour votre mand\u00e9villa, mais vous devez consid\u00e9rer cela comme un engrais de base. Par exemple : ajoutez-en une poign\u00e9e dans le pot une fois toutes les 6 semaines. Nous vous recommandons de combiner cela avec de la nourriture inorganique. Vous obtenez ainsi le sch\u00e9ma suivant : semaine 1 : nourriture organique, semaine 3 : nourriture inorganique, semaine 5 : nourriture inorganique et \u00e0 la semaine 7, \u00e0 nouveau de la nourriture organique.<\/p>\n\t\t\t\t\t\t\t\t<\/div>\n\t\t\t\t<\/div>\n\t\t\t\t\t<\/div>\n\t\t\t\t<\/div>\n\t\t\t\t\t<\/div>\n\t\t\t\t<\/div>\n\t\t\t\t<\/div>\n\t\t","protected":false},"excerpt":{"rendered":"<p>Quelle nourriture pour mon mand\u00e9villa ? \u00ab\u00a0Les mand\u00e9villas sont des plantes de jardin faciles et n\u00e9cessitent peu d\u2019entretien. Pourtant, avec une bonne nourriture, vous pouvez tirer le meilleur parti de votre plante. Qu\u2019il s\u2019agisse de nourriture solide ou liquide pour plantes, les deux sont possibles. Le mand\u00e9villa aime beaucoup recevoir un peu de nourriture pour<\/p>\n","protected":false},"author":1,"featured_media":6045,"parent":6248,"menu_order":0,"comment_status":"closed","ping_status":"closed","template":"","meta":{"_acf_changed":false,"footnotes":""},"class_list":["post-6300","page","type-page","status-publish","has-post-thumbnail","hentry"],"acf":[],"yoast_head":"<!-- This site is optimized with the Yoast SEO plugin v27.4 - https:\/\/yoast.com\/product\/yoast-seo-wordpress\/ -->\n<title>Nourriture compl\u00e9mentaire - Mandevillashop<\/title>\n<meta name=\"description\" content=\"Achetez votre Mandevilla pr\u00e9f\u00e9r\u00e9e dans notre boutique en ligne, notre magasin ou via Click&amp;Collect. Avez-vous des questions? Veuillez nous contacter.\" \/>\n<meta name=\"robots\" content=\"index, follow, max-snippet:-1, max-image-preview:large, max-video-preview:-1\" \/>\n<link rel=\"canonical\" href=\"https:\/\/mandevillashop.com\/fr\/entretien\/nourriture-complementaire\/\" \/>\n<meta property=\"og:locale\" content=\"fr_FR\" \/>\n<meta property=\"og:type\" content=\"article\" \/>\n<meta property=\"og:title\" content=\"Nourriture compl\u00e9mentaire - Mandevillashop\" \/>\n<meta property=\"og:description\" content=\"Achetez votre Mandevilla pr\u00e9f\u00e9r\u00e9e dans notre boutique en ligne, notre magasin ou via Click&amp;Collect. Avez-vous des questions? Veuillez nous contacter.\" \/>\n<meta property=\"og:url\" content=\"https:\/\/mandevillashop.com\/fr\/entretien\/nourriture-complementaire\/\" \/>\n<meta property=\"og:site_name\" content=\"Mandevillashop\" \/>\n<meta property=\"article:modified_time\" content=\"2024-07-05T14:18:42+00:00\" \/>\n<meta property=\"og:image\" content=\"https:\/\/mandevillashop.com\/wp-content\/uploads\/2024\/01\/9-juli-13.jpg\" \/>\n\t<meta property=\"og:image:width\" content=\"2048\" \/>\n\t<meta property=\"og:image:height\" content=\"2048\" \/>\n\t<meta property=\"og:image:type\" content=\"image\/jpeg\" \/>\n<meta name=\"twitter:card\" content=\"summary_large_image\" \/>\n<meta name=\"twitter:label1\" content=\"Dur\u00e9e de lecture estim\u00e9e\" \/>\n\t<meta name=\"twitter:data1\" content=\"2 minutes\" \/>\n<script type=\"application\/ld+json\" class=\"yoast-schema-graph\">{\"@context\":\"https:\\\/\\\/schema.org\",\"@graph\":[{\"@type\":\"WebPage\",\"@id\":\"https:\\\/\\\/mandevillashop.com\\\/fr\\\/entretien\\\/nourriture-complementaire\\\/\",\"url\":\"https:\\\/\\\/mandevillashop.com\\\/fr\\\/entretien\\\/nourriture-complementaire\\\/\",\"name\":\"Nourriture compl\u00e9mentaire - Mandevillashop\",\"isPartOf\":{\"@id\":\"https:\\\/\\\/mandevillashop.com\\\/fr\\\/#website\"},\"primaryImageOfPage\":{\"@id\":\"https:\\\/\\\/mandevillashop.com\\\/fr\\\/entretien\\\/nourriture-complementaire\\\/#primaryimage\"},\"image\":{\"@id\":\"https:\\\/\\\/mandevillashop.com\\\/fr\\\/entretien\\\/nourriture-complementaire\\\/#primaryimage\"},\"thumbnailUrl\":\"https:\\\/\\\/mandevillashop.com\\\/wp-content\\\/uploads\\\/2024\\\/01\\\/9-juli-13.jpg\",\"datePublished\":\"2023-12-22T11:44:10+00:00\",\"dateModified\":\"2024-07-05T14:18:42+00:00\",\"description\":\"Achetez votre Mandevilla pr\u00e9f\u00e9r\u00e9e dans notre boutique en ligne, notre magasin ou via Click&Collect. Avez-vous des questions? Veuillez nous contacter.\",\"breadcrumb\":{\"@id\":\"https:\\\/\\\/mandevillashop.com\\\/fr\\\/entretien\\\/nourriture-complementaire\\\/#breadcrumb\"},\"inLanguage\":\"fr-FR\",\"potentialAction\":[{\"@type\":\"ReadAction\",\"target\":[\"https:\\\/\\\/mandevillashop.com\\\/fr\\\/entretien\\\/nourriture-complementaire\\\/\"]}]},{\"@type\":\"ImageObject\",\"inLanguage\":\"fr-FR\",\"@id\":\"https:\\\/\\\/mandevillashop.com\\\/fr\\\/entretien\\\/nourriture-complementaire\\\/#primaryimage\",\"url\":\"https:\\\/\\\/mandevillashop.com\\\/wp-content\\\/uploads\\\/2024\\\/01\\\/9-juli-13.jpg\",\"contentUrl\":\"https:\\\/\\\/mandevillashop.com\\\/wp-content\\\/uploads\\\/2024\\\/01\\\/9-juli-13.jpg\",\"width\":2048,\"height\":2048},{\"@type\":\"BreadcrumbList\",\"@id\":\"https:\\\/\\\/mandevillashop.com\\\/fr\\\/entretien\\\/nourriture-complementaire\\\/#breadcrumb\",\"itemListElement\":[{\"@type\":\"ListItem\",\"position\":1,\"name\":\"Home\",\"item\":\"https:\\\/\\\/mandevillashop.com\\\/fr\\\/\"},{\"@type\":\"ListItem\",\"position\":2,\"name\":\"Entretien\",\"item\":\"https:\\\/\\\/mandevillashop.com\\\/fr\\\/verzorging\\\/\"},{\"@type\":\"ListItem\",\"position\":3,\"name\":\"Nourriture compl\u00e9mentaire\"}]},{\"@type\":\"WebSite\",\"@id\":\"https:\\\/\\\/mandevillashop.com\\\/fr\\\/#website\",\"url\":\"https:\\\/\\\/mandevillashop.com\\\/fr\\\/\",\"name\":\"Mandevillashop\",\"description\":\"De Mandevilla Specialist\",\"publisher\":{\"@id\":\"https:\\\/\\\/mandevillashop.com\\\/fr\\\/#organization\"},\"potentialAction\":[{\"@type\":\"SearchAction\",\"target\":{\"@type\":\"EntryPoint\",\"urlTemplate\":\"https:\\\/\\\/mandevillashop.com\\\/fr\\\/?s={search_term_string}\"},\"query-input\":{\"@type\":\"PropertyValueSpecification\",\"valueRequired\":true,\"valueName\":\"search_term_string\"}}],\"inLanguage\":\"fr-FR\"},{\"@type\":\"Organization\",\"@id\":\"https:\\\/\\\/mandevillashop.com\\\/fr\\\/#organization\",\"name\":\"Mandevilla Shop\",\"url\":\"https:\\\/\\\/mandevillashop.com\\\/fr\\\/\",\"logo\":{\"@type\":\"ImageObject\",\"inLanguage\":\"fr-FR\",\"@id\":\"https:\\\/\\\/mandevillashop.com\\\/fr\\\/#\\\/schema\\\/logo\\\/image\\\/\",\"url\":\"https:\\\/\\\/mandevillashop.com\\\/wp-content\\\/uploads\\\/2023\\\/07\\\/mandevilla-shop-zwart.svg\",\"contentUrl\":\"https:\\\/\\\/mandevillashop.com\\\/wp-content\\\/uploads\\\/2023\\\/07\\\/mandevilla-shop-zwart.svg\",\"caption\":\"Mandevilla Shop\"},\"image\":{\"@id\":\"https:\\\/\\\/mandevillashop.com\\\/fr\\\/#\\\/schema\\\/logo\\\/image\\\/\"}}]}<\/script>\n<!-- \/ Yoast SEO plugin. -->","yoast_head_json":{"title":"Nourriture compl\u00e9mentaire - Mandevillashop","description":"Achetez votre Mandevilla pr\u00e9f\u00e9r\u00e9e dans notre boutique en ligne, notre magasin ou via Click&Collect. Avez-vous des questions? Veuillez nous contacter.","robots":{"index":"index","follow":"follow","max-snippet":"max-snippet:-1","max-image-preview":"max-image-preview:large","max-video-preview":"max-video-preview:-1"},"canonical":"https:\/\/mandevillashop.com\/fr\/entretien\/nourriture-complementaire\/","og_locale":"fr_FR","og_type":"article","og_title":"Nourriture compl\u00e9mentaire - Mandevillashop","og_description":"Achetez votre Mandevilla pr\u00e9f\u00e9r\u00e9e dans notre boutique en ligne, notre magasin ou via Click&Collect. Avez-vous des questions? Veuillez nous contacter.","og_url":"https:\/\/mandevillashop.com\/fr\/entretien\/nourriture-complementaire\/","og_site_name":"Mandevillashop","article_modified_time":"2024-07-05T14:18:42+00:00","og_image":[{"width":2048,"height":2048,"url":"https:\/\/mandevillashop.com\/wp-content\/uploads\/2024\/01\/9-juli-13.jpg","type":"image\/jpeg"}],"twitter_card":"summary_large_image","twitter_misc":{"Dur\u00e9e de lecture estim\u00e9e":"2 minutes"},"schema":{"@context":"https:\/\/schema.org","@graph":[{"@type":"WebPage","@id":"https:\/\/mandevillashop.com\/fr\/entretien\/nourriture-complementaire\/","url":"https:\/\/mandevillashop.com\/fr\/entretien\/nourriture-complementaire\/","name":"Nourriture compl\u00e9mentaire - Mandevillashop","isPartOf":{"@id":"https:\/\/mandevillashop.com\/fr\/#website"},"primaryImageOfPage":{"@id":"https:\/\/mandevillashop.com\/fr\/entretien\/nourriture-complementaire\/#primaryimage"},"image":{"@id":"https:\/\/mandevillashop.com\/fr\/entretien\/nourriture-complementaire\/#primaryimage"},"thumbnailUrl":"https:\/\/mandevillashop.com\/wp-content\/uploads\/2024\/01\/9-juli-13.jpg","datePublished":"2023-12-22T11:44:10+00:00","dateModified":"2024-07-05T14:18:42+00:00","description":"Achetez votre Mandevilla pr\u00e9f\u00e9r\u00e9e dans notre boutique en ligne, notre magasin ou via Click&Collect. Avez-vous des questions? Veuillez nous contacter.","breadcrumb":{"@id":"https:\/\/mandevillashop.com\/fr\/entretien\/nourriture-complementaire\/#breadcrumb"},"inLanguage":"fr-FR","potentialAction":[{"@type":"ReadAction","target":["https:\/\/mandevillashop.com\/fr\/entretien\/nourriture-complementaire\/"]}]},{"@type":"ImageObject","inLanguage":"fr-FR","@id":"https:\/\/mandevillashop.com\/fr\/entretien\/nourriture-complementaire\/#primaryimage","url":"https:\/\/mandevillashop.com\/wp-content\/uploads\/2024\/01\/9-juli-13.jpg","contentUrl":"https:\/\/mandevillashop.com\/wp-content\/uploads\/2024\/01\/9-juli-13.jpg","width":2048,"height":2048},{"@type":"BreadcrumbList","@id":"https:\/\/mandevillashop.com\/fr\/entretien\/nourriture-complementaire\/#breadcrumb","itemListElement":[{"@type":"ListItem","position":1,"name":"Home","item":"https:\/\/mandevillashop.com\/fr\/"},{"@type":"ListItem","position":2,"name":"Entretien","item":"https:\/\/mandevillashop.com\/fr\/verzorging\/"},{"@type":"ListItem","position":3,"name":"Nourriture compl\u00e9mentaire"}]},{"@type":"WebSite","@id":"https:\/\/mandevillashop.com\/fr\/#website","url":"https:\/\/mandevillashop.com\/fr\/","name":"Mandevillashop","description":"De Mandevilla Specialist","publisher":{"@id":"https:\/\/mandevillashop.com\/fr\/#organization"},"potentialAction":[{"@type":"SearchAction","target":{"@type":"EntryPoint","urlTemplate":"https:\/\/mandevillashop.com\/fr\/?s={search_term_string}"},"query-input":{"@type":"PropertyValueSpecification","valueRequired":true,"valueName":"search_term_string"}}],"inLanguage":"fr-FR"},{"@type":"Organization","@id":"https:\/\/mandevillashop.com\/fr\/#organization","name":"Mandevilla Shop","url":"https:\/\/mandevillashop.com\/fr\/","logo":{"@type":"ImageObject","inLanguage":"fr-FR","@id":"https:\/\/mandevillashop.com\/fr\/#\/schema\/logo\/image\/","url":"https:\/\/mandevillashop.com\/wp-content\/uploads\/2023\/07\/mandevilla-shop-zwart.svg","contentUrl":"https:\/\/mandevillashop.com\/wp-content\/uploads\/2023\/07\/mandevilla-shop-zwart.svg","caption":"Mandevilla Shop"},"image":{"@id":"https:\/\/mandevillashop.com\/fr\/#\/schema\/logo\/image\/"}}]}},"_links":{"self":[{"href":"https:\/\/mandevillashop.com\/fr\/wp-json\/wp\/v2\/pages\/6300","targetHints":{"allow":["GET"]}}],"collection":[{"href":"https:\/\/mandevillashop.com\/fr\/wp-json\/wp\/v2\/pages"}],"about":[{"href":"https:\/\/mandevillashop.com\/fr\/wp-json\/wp\/v2\/types\/page"}],"author":[{"embeddable":true,"href":"https:\/\/mandevillashop.com\/fr\/wp-json\/wp\/v2\/users\/1"}],"replies":[{"embeddable":true,"href":"https:\/\/mandevillashop.com\/fr\/wp-json\/wp\/v2\/comments?post=6300"}],"version-history":[{"count":4,"href":"https:\/\/mandevillashop.com\/fr\/wp-json\/wp\/v2\/pages\/6300\/revisions"}],"predecessor-version":[{"id":8651,"href":"https:\/\/mandevillashop.com\/fr\/wp-json\/wp\/v2\/pages\/6300\/revisions\/8651"}],"up":[{"embeddable":true,"href":"https:\/\/mandevillashop.com\/fr\/wp-json\/wp\/v2\/pages\/6248"}],"wp:featuredmedia":[{"embeddable":true,"href":"https:\/\/mandevillashop.com\/fr\/wp-json\/wp\/v2\/media\/6045"}],"wp:attachment":[{"href":"https:\/\/mandevillashop.com\/fr\/wp-json\/wp\/v2\/media?parent=6300"}],"curies":[{"name":"wp","href":"https:\/\/api.w.org\/{rel}","templated":true}]}}