{"id":6684,"date":"2024-02-21T08:52:42","date_gmt":"2024-02-21T08:52:42","guid":{"rendered":"https:\/\/mandevillashop.com\/garantie-de-croissance\/"},"modified":"2024-02-21T09:07:25","modified_gmt":"2024-02-21T09:07:25","slug":"mandevilla-garantie-de-croissance","status":"publish","type":"page","link":"https:\/\/mandevillashop.com\/fr\/mandevilla-garantie-de-croissance\/","title":{"rendered":"Garantie de croissance"},"content":{"rendered":"\t\t<div data-elementor-type=\"wp-page\" data-elementor-id=\"6684\" class=\"elementor elementor-6684 elementor-6677\" data-elementor-post-type=\"page\">\n\t\t\t\t<div class=\"elementor-element elementor-element-aecace4 e-flex e-con-boxed e-con e-parent\" data-id=\"aecace4\" data-element_type=\"container\" data-e-type=\"container\">\n\t\t\t\t\t<div class=\"e-con-inner\">\n\t\t<div class=\"elementor-element elementor-element-c6f58d9 e-flex e-con-boxed e-con e-child\" data-id=\"c6f58d9\" data-element_type=\"container\" data-e-type=\"container\">\n\t\t\t\t\t<div class=\"e-con-inner\">\n\t\t\t\t<div class=\"elementor-element elementor-element-6362865 elementor-widget elementor-widget-heading\" data-id=\"6362865\" data-element_type=\"widget\" data-e-type=\"widget\" data-widget_type=\"heading.default\">\n\t\t\t\t<div class=\"elementor-widget-container\">\n\t\t\t\t\t<h1 class=\"elementor-heading-title elementor-size-default\">Garantie de croissance<\/h1>\t\t\t\t<\/div>\n\t\t\t\t<\/div>\n\t\t\t\t<div class=\"elementor-element elementor-element-9b8e027 elementor-widget elementor-widget-text-editor\" data-id=\"9b8e027\" data-element_type=\"widget\" data-e-type=\"widget\" data-widget_type=\"text-editor.default\">\n\t\t\t\t<div class=\"elementor-widget-container\">\n\t\t\t\t\t\t\t\t\t<p>Vous avez achet\u00e9 un mand\u00e9villa chez Mandevillashop\u00a0? Alors, vous b\u00e9n\u00e9ficiez d\u2019une garantie de 3\u00a0mois sur la floraison et la croissance. Sur cette page, nous vous expliquons comment cela fonctionne.<\/p>\n<p>Le mand\u00e9villa est une plante qui fleurit en permanence, d\u00e8s l\u2019achat et jusqu\u2019\u00e0 l\u2019automne. Dans notre p\u00e9pini\u00e8re, nous veillons \u00e0 ce que la plante re\u00e7oive les nutriments n\u00e9cessaires \u00e0 sa croissance et \u00e0 sa floraison tout au long de la saison. Votre mand\u00e9villa cesse soudainement de donner des fleurs\u00a0? Alors quelque chose ne va pas\u00a0! Vous pouvez faire une r\u00e9clamation au titre de la garantie si les conditions suivantes sont remplies\u00a0:<\/p>\n<p><strong>Conditions de garantie<\/strong><\/p>\n<ol>\n<li>La p\u00e9riode de garantie s\u2019\u00e9tend du 1er\u00a0mai au 1er\u00a0octobre\u00a0;<\/li>\n<li>La plante doit \u00eatre plant\u00e9e dans le\u00a0<a href=\"https:\/\/mandevilla-old.ttpd.dev\/20l-mandevilla-grond.html\">terreau<\/a>fourni par nos soins\u00a0;<\/li>\n<li>La garantie s\u2019applique lorsque la plante ne forme plus de nouveaux bourgeons de fleurs\u00a0;<\/li>\n<li>La plante ne doit pas se trouver dans un environnement o\u00f9 la temp\u00e9rature est inf\u00e9rieure \u00e0 5\u00a0degr\u00e9s Celsius ou sup\u00e9rieure \u00e0 40\u00a0degr\u00e9s Celsius\u00a0;<\/li>\n<li>La plante doit avoir \u00e9t\u00e9 trait\u00e9e normalement et ne pas avoir \u00e9t\u00e9 d\u00e9truite (par l\u2019homme, les animaux ou l\u2019environnement).<\/li>\n<\/ol>\n<p><strong>Que devez-vous faire\u00a0?<\/strong><br \/>\nLes conditions ci-dessus s\u2019appliquent-elles\u00a0? Alors, suivez les \u00e9tapes ci-dessous pour recevoir une nouvelle plante de notre part\u00a0:<\/p>\n<ol>\n<li>V\u00e9rifiez d\u2019abord si votre plante remplit les 5\u00a0conditions ci-dessus\u00a0;<\/li>\n<li>Prenez deux photos de la plante\u00a0: 1 de c\u00f4t\u00e9 et 1 de dessus\u00a0;<\/li>\n<li>Envoyez les photos + le num\u00e9ro de commande (figurant dans la confirmation de commande lors de l\u2019achat) \u00e0\u00a0<a href=\"mailto:info@mandevillashop.com\">info@mandevillashop.com<\/a>;<\/li>\n<li>Nous vous enverrons en retour un e-mail contenant des informations sur la livraison de votre nouvelle plante\u00a0;<\/li>\n<li>Donnez-lui une seconde chance\u00a0! \ud83d\ude42<\/li>\n<\/ol>\n\t\t\t\t\t\t\t\t<\/div>\n\t\t\t\t<\/div>\n\t\t\t\t\t<\/div>\n\t\t\t\t<\/div>\n\t\t\t\t\t<\/div>\n\t\t\t\t<\/div>\n\t\t\t\t<\/div>\n\t\t","protected":false},"excerpt":{"rendered":"<p>Garantie de croissance Vous avez achet\u00e9 un mand\u00e9villa chez Mandevillashop\u00a0? Alors, vous b\u00e9n\u00e9ficiez d\u2019une garantie de 3\u00a0mois sur la floraison et la croissance. Sur cette page, nous vous expliquons comment cela fonctionne. Le mand\u00e9villa est une plante qui fleurit en permanence, d\u00e8s l\u2019achat et jusqu\u2019\u00e0 l\u2019automne. Dans notre p\u00e9pini\u00e8re, nous veillons \u00e0 ce que la<\/p>\n","protected":false},"author":1,"featured_media":0,"parent":0,"menu_order":0,"comment_status":"closed","ping_status":"closed","template":"","meta":{"_acf_changed":false,"footnotes":""},"class_list":["post-6684","page","type-page","status-publish","hentry"],"acf":[],"yoast_head":"<!-- This site is optimized with the Yoast SEO plugin v27.4 - https:\/\/yoast.com\/product\/yoast-seo-wordpress\/ -->\n<title>Garantie de croissance - Mandevillashop<\/title>\n<meta name=\"description\" content=\"Lorsque vous achetez un Mandevilla chez Mandevillashop, nous vous offrons une garantie de 3 mois sur les fleurs. Nous vous expliquons comment cela fonctionne.\" \/>\n<meta name=\"robots\" content=\"index, follow, max-snippet:-1, max-image-preview:large, max-video-preview:-1\" \/>\n<link rel=\"canonical\" href=\"https:\/\/mandevillashop.com\/fr\/mandevilla-garantie-de-croissance\/\" \/>\n<meta property=\"og:locale\" content=\"fr_FR\" \/>\n<meta property=\"og:type\" content=\"article\" \/>\n<meta property=\"og:title\" content=\"Garantie de croissance - Mandevillashop\" \/>\n<meta property=\"og:description\" content=\"Lorsque vous achetez un Mandevilla chez Mandevillashop, nous vous offrons une garantie de 3 mois sur les fleurs. Nous vous expliquons comment cela fonctionne.\" \/>\n<meta property=\"og:url\" content=\"https:\/\/mandevillashop.com\/fr\/mandevilla-garantie-de-croissance\/\" \/>\n<meta property=\"og:site_name\" content=\"Mandevillashop\" \/>\n<meta property=\"article:modified_time\" content=\"2024-02-21T09:07:25+00:00\" \/>\n<meta name=\"twitter:card\" content=\"summary_large_image\" \/>\n<meta name=\"twitter:label1\" content=\"Dur\u00e9e de lecture estim\u00e9e\" \/>\n\t<meta name=\"twitter:data1\" content=\"2 minutes\" \/>\n<script type=\"application\/ld+json\" class=\"yoast-schema-graph\">{\"@context\":\"https:\\\/\\\/schema.org\",\"@graph\":[{\"@type\":\"WebPage\",\"@id\":\"https:\\\/\\\/mandevillashop.com\\\/fr\\\/mandevilla-garantie-de-croissance\\\/\",\"url\":\"https:\\\/\\\/mandevillashop.com\\\/fr\\\/mandevilla-garantie-de-croissance\\\/\",\"name\":\"Garantie de croissance - Mandevillashop\",\"isPartOf\":{\"@id\":\"https:\\\/\\\/mandevillashop.com\\\/fr\\\/#website\"},\"datePublished\":\"2024-02-21T08:52:42+00:00\",\"dateModified\":\"2024-02-21T09:07:25+00:00\",\"description\":\"Lorsque vous achetez un Mandevilla chez Mandevillashop, nous vous offrons une garantie de 3 mois sur les fleurs. Nous vous expliquons comment cela fonctionne.\",\"breadcrumb\":{\"@id\":\"https:\\\/\\\/mandevillashop.com\\\/fr\\\/mandevilla-garantie-de-croissance\\\/#breadcrumb\"},\"inLanguage\":\"fr-FR\",\"potentialAction\":[{\"@type\":\"ReadAction\",\"target\":[\"https:\\\/\\\/mandevillashop.com\\\/fr\\\/mandevilla-garantie-de-croissance\\\/\"]}]},{\"@type\":\"BreadcrumbList\",\"@id\":\"https:\\\/\\\/mandevillashop.com\\\/fr\\\/mandevilla-garantie-de-croissance\\\/#breadcrumb\",\"itemListElement\":[{\"@type\":\"ListItem\",\"position\":1,\"name\":\"Home\",\"item\":\"https:\\\/\\\/mandevillashop.com\\\/fr\\\/\"},{\"@type\":\"ListItem\",\"position\":2,\"name\":\"Garantie de croissance\"}]},{\"@type\":\"WebSite\",\"@id\":\"https:\\\/\\\/mandevillashop.com\\\/fr\\\/#website\",\"url\":\"https:\\\/\\\/mandevillashop.com\\\/fr\\\/\",\"name\":\"Mandevillashop\",\"description\":\"De Mandevilla Specialist\",\"publisher\":{\"@id\":\"https:\\\/\\\/mandevillashop.com\\\/fr\\\/#organization\"},\"potentialAction\":[{\"@type\":\"SearchAction\",\"target\":{\"@type\":\"EntryPoint\",\"urlTemplate\":\"https:\\\/\\\/mandevillashop.com\\\/fr\\\/?s={search_term_string}\"},\"query-input\":{\"@type\":\"PropertyValueSpecification\",\"valueRequired\":true,\"valueName\":\"search_term_string\"}}],\"inLanguage\":\"fr-FR\"},{\"@type\":\"Organization\",\"@id\":\"https:\\\/\\\/mandevillashop.com\\\/fr\\\/#organization\",\"name\":\"Mandevilla Shop\",\"url\":\"https:\\\/\\\/mandevillashop.com\\\/fr\\\/\",\"logo\":{\"@type\":\"ImageObject\",\"inLanguage\":\"fr-FR\",\"@id\":\"https:\\\/\\\/mandevillashop.com\\\/fr\\\/#\\\/schema\\\/logo\\\/image\\\/\",\"url\":\"https:\\\/\\\/mandevillashop.com\\\/wp-content\\\/uploads\\\/2023\\\/07\\\/mandevilla-shop-zwart.svg\",\"contentUrl\":\"https:\\\/\\\/mandevillashop.com\\\/wp-content\\\/uploads\\\/2023\\\/07\\\/mandevilla-shop-zwart.svg\",\"caption\":\"Mandevilla Shop\"},\"image\":{\"@id\":\"https:\\\/\\\/mandevillashop.com\\\/fr\\\/#\\\/schema\\\/logo\\\/image\\\/\"}}]}<\/script>\n<!-- \/ Yoast SEO plugin. -->","yoast_head_json":{"title":"Garantie de croissance - Mandevillashop","description":"Lorsque vous achetez un Mandevilla chez Mandevillashop, nous vous offrons une garantie de 3 mois sur les fleurs. Nous vous expliquons comment cela fonctionne.","robots":{"index":"index","follow":"follow","max-snippet":"max-snippet:-1","max-image-preview":"max-image-preview:large","max-video-preview":"max-video-preview:-1"},"canonical":"https:\/\/mandevillashop.com\/fr\/mandevilla-garantie-de-croissance\/","og_locale":"fr_FR","og_type":"article","og_title":"Garantie de croissance - Mandevillashop","og_description":"Lorsque vous achetez un Mandevilla chez Mandevillashop, nous vous offrons une garantie de 3 mois sur les fleurs. Nous vous expliquons comment cela fonctionne.","og_url":"https:\/\/mandevillashop.com\/fr\/mandevilla-garantie-de-croissance\/","og_site_name":"Mandevillashop","article_modified_time":"2024-02-21T09:07:25+00:00","twitter_card":"summary_large_image","twitter_misc":{"Dur\u00e9e de lecture estim\u00e9e":"2 minutes"},"schema":{"@context":"https:\/\/schema.org","@graph":[{"@type":"WebPage","@id":"https:\/\/mandevillashop.com\/fr\/mandevilla-garantie-de-croissance\/","url":"https:\/\/mandevillashop.com\/fr\/mandevilla-garantie-de-croissance\/","name":"Garantie de croissance - Mandevillashop","isPartOf":{"@id":"https:\/\/mandevillashop.com\/fr\/#website"},"datePublished":"2024-02-21T08:52:42+00:00","dateModified":"2024-02-21T09:07:25+00:00","description":"Lorsque vous achetez un Mandevilla chez Mandevillashop, nous vous offrons une garantie de 3 mois sur les fleurs. Nous vous expliquons comment cela fonctionne.","breadcrumb":{"@id":"https:\/\/mandevillashop.com\/fr\/mandevilla-garantie-de-croissance\/#breadcrumb"},"inLanguage":"fr-FR","potentialAction":[{"@type":"ReadAction","target":["https:\/\/mandevillashop.com\/fr\/mandevilla-garantie-de-croissance\/"]}]},{"@type":"BreadcrumbList","@id":"https:\/\/mandevillashop.com\/fr\/mandevilla-garantie-de-croissance\/#breadcrumb","itemListElement":[{"@type":"ListItem","position":1,"name":"Home","item":"https:\/\/mandevillashop.com\/fr\/"},{"@type":"ListItem","position":2,"name":"Garantie de croissance"}]},{"@type":"WebSite","@id":"https:\/\/mandevillashop.com\/fr\/#website","url":"https:\/\/mandevillashop.com\/fr\/","name":"Mandevillashop","description":"De Mandevilla Specialist","publisher":{"@id":"https:\/\/mandevillashop.com\/fr\/#organization"},"potentialAction":[{"@type":"SearchAction","target":{"@type":"EntryPoint","urlTemplate":"https:\/\/mandevillashop.com\/fr\/?s={search_term_string}"},"query-input":{"@type":"PropertyValueSpecification","valueRequired":true,"valueName":"search_term_string"}}],"inLanguage":"fr-FR"},{"@type":"Organization","@id":"https:\/\/mandevillashop.com\/fr\/#organization","name":"Mandevilla Shop","url":"https:\/\/mandevillashop.com\/fr\/","logo":{"@type":"ImageObject","inLanguage":"fr-FR","@id":"https:\/\/mandevillashop.com\/fr\/#\/schema\/logo\/image\/","url":"https:\/\/mandevillashop.com\/wp-content\/uploads\/2023\/07\/mandevilla-shop-zwart.svg","contentUrl":"https:\/\/mandevillashop.com\/wp-content\/uploads\/2023\/07\/mandevilla-shop-zwart.svg","caption":"Mandevilla Shop"},"image":{"@id":"https:\/\/mandevillashop.com\/fr\/#\/schema\/logo\/image\/"}}]}},"_links":{"self":[{"href":"https:\/\/mandevillashop.com\/fr\/wp-json\/wp\/v2\/pages\/6684","targetHints":{"allow":["GET"]}}],"collection":[{"href":"https:\/\/mandevillashop.com\/fr\/wp-json\/wp\/v2\/pages"}],"about":[{"href":"https:\/\/mandevillashop.com\/fr\/wp-json\/wp\/v2\/types\/page"}],"author":[{"embeddable":true,"href":"https:\/\/mandevillashop.com\/fr\/wp-json\/wp\/v2\/users\/1"}],"replies":[{"embeddable":true,"href":"https:\/\/mandevillashop.com\/fr\/wp-json\/wp\/v2\/comments?post=6684"}],"version-history":[{"count":1,"href":"https:\/\/mandevillashop.com\/fr\/wp-json\/wp\/v2\/pages\/6684\/revisions"}],"predecessor-version":[{"id":6685,"href":"https:\/\/mandevillashop.com\/fr\/wp-json\/wp\/v2\/pages\/6684\/revisions\/6685"}],"wp:attachment":[{"href":"https:\/\/mandevillashop.com\/fr\/wp-json\/wp\/v2\/media?parent=6684"}],"curies":[{"name":"wp","href":"https:\/\/api.w.org\/{rel}","templated":true}]}}