{"id":5887,"date":"2022-03-04T09:46:23","date_gmt":"2022-03-04T08:46:23","guid":{"rendered":"https:\/\/mandevillashop.com\/product\/spray-anti-insectes-naturel\/"},"modified":"2024-05-31T14:31:08","modified_gmt":"2024-05-31T12:31:08","slug":"spray-anti-insectes-naturel","status":"publish","type":"product","link":"https:\/\/mandevillashop.com\/fr\/produit\/spray-anti-insectes-naturel\/","title":{"rendered":"Spray contre les insectes"},"content":{"rendered":"<p>Le spray Savon Noir Jardin de 500 ml a \u00e9t\u00e9 sp\u00e9cialement con\u00e7u pour lutter contre les pucerons dans les plantes. Ce spray contre les insectes, \u00e0 base de savon noir, est fabriqu\u00e9 \u00e0 partir du Savon Noir brevet\u00e9 par Marius Fabre. Il s\u2019agit d\u2019un spray naturel auquel aucune substance toxique n\u2019a \u00e9t\u00e9 ajout\u00e9e. Le Savon Noir Jardin peut \u00eatre utilis\u00e9 pour \u00e9liminer les pucerons et les cochenilles. Non seulement sur votre mand\u00e9villa, mais aussi sur de nombreuses autres plantes, telles que les rosiers, plantes ornementales, plantes d\u2019int\u00e9rieur, arbres fruitiers ou m\u00eame les l\u00e9gumes. Vous pouvez \u00e9galement utiliser ce spray pour \u00e9liminer la moisissure noire laiss\u00e9e par les pucerons sur les feuilles. Savon Noir est totalement inoffensif pour l\u2019environnement et convient \u00e0 un usage int\u00e9rieur et ext\u00e9rieur. Le produit est adapt\u00e9 \u00e0 la culture biologique et certifi\u00e9 par Ecocert\u00ae.<\/p>\n","protected":false},"excerpt":{"rendered":"<p>Le spray naturel contre les insectes Savon Noir Jardin (500 ml) est un spray pr\u00eat \u00e0 l\u2019emploi pour votre mand\u00e9villa qui \u00e9limine les insectes ind\u00e9sirables de votre plante.<\/p>\n","protected":false},"featured_media":3024,"comment_status":"open","ping_status":"closed","template":"","meta":{"_acf_changed":false},"product_brand":[],"product_cat":[232,259],"product_tag":[],"linked_variations":[],"class_list":{"0":"post-5887","1":"product","2":"type-product","3":"status-publish","4":"has-post-thumbnail","6":"product_cat-mandevilla-extras-fr","7":"product_cat-supplements","9":"first","10":"instock","11":"taxable","12":"shipping-taxable","13":"purchasable","14":"product-type-simple"},"acf":[],"yoast_head":"<!-- This site is optimized with the Yoast SEO plugin v26.7 - https:\/\/yoast.com\/wordpress\/plugins\/seo\/ -->\n<title>Mandevilla Spray contre les insectes - Mandevillashop<\/title>\n<meta name=\"description\" content=\"Le spray contre les insectes Savon Noir Jardin Mandevilla naturel (500 ml) est un spray pr\u00eat \u00e0 l&#039;emploi et respectueux des plantes pour votre Mandevilla.\" \/>\n<meta name=\"robots\" content=\"index, follow, max-snippet:-1, max-image-preview:large, max-video-preview:-1\" \/>\n<link rel=\"canonical\" href=\"https:\/\/mandevillashop.com\/fr\/produit\/spray-anti-insectes-naturel\/\" \/>\n<meta property=\"og:locale\" content=\"fr_FR\" \/>\n<meta property=\"og:type\" content=\"article\" \/>\n<meta property=\"og:title\" content=\"Mandevilla Spray contre les insectes - Mandevillashop\" \/>\n<meta property=\"og:description\" content=\"Le spray contre les insectes Savon Noir Jardin Mandevilla naturel (500 ml) est un spray pr\u00eat \u00e0 l&#039;emploi et respectueux des plantes pour votre Mandevilla.\" \/>\n<meta property=\"og:url\" content=\"https:\/\/mandevillashop.com\/fr\/produit\/spray-anti-insectes-naturel\/\" \/>\n<meta property=\"og:site_name\" content=\"Mandevillashop\" \/>\n<meta property=\"article:modified_time\" content=\"2024-05-31T12:31:08+00:00\" \/>\n<meta property=\"og:image\" content=\"https:\/\/mandevillashop.com\/wp-content\/uploads\/2024\/01\/Insectenspray.jpg\" \/>\n\t<meta property=\"og:image:width\" content=\"1200\" \/>\n\t<meta property=\"og:image:height\" content=\"1200\" \/>\n\t<meta property=\"og:image:type\" content=\"image\/jpeg\" \/>\n<meta name=\"twitter:card\" content=\"summary_large_image\" \/>\n<meta name=\"twitter:label1\" content=\"Dur\u00e9e de lecture estim\u00e9e\" \/>\n\t<meta name=\"twitter:data1\" content=\"1 minute\" \/>\n<script type=\"application\/ld+json\" class=\"yoast-schema-graph\">{\"@context\":\"https:\/\/schema.org\",\"@graph\":[{\"@type\":[\"WebPage\",\"ItemPage\"],\"@id\":\"https:\/\/mandevillashop.com\/fr\/produit\/spray-anti-insectes-naturel\/\",\"url\":\"https:\/\/mandevillashop.com\/fr\/produit\/spray-anti-insectes-naturel\/\",\"name\":\"Mandevilla Spray contre les insectes - Mandevillashop\",\"isPartOf\":{\"@id\":\"https:\/\/mandevillashop.com\/fr\/#website\"},\"primaryImageOfPage\":{\"@id\":\"https:\/\/mandevillashop.com\/fr\/produit\/spray-anti-insectes-naturel\/#primaryimage\"},\"image\":{\"@id\":\"https:\/\/mandevillashop.com\/fr\/produit\/spray-anti-insectes-naturel\/#primaryimage\"},\"thumbnailUrl\":\"https:\/\/mandevillashop.com\/wp-content\/uploads\/2024\/01\/Insectenspray.jpg\",\"datePublished\":\"2022-03-04T08:46:23+00:00\",\"dateModified\":\"2024-05-31T12:31:08+00:00\",\"description\":\"Le spray contre les insectes Savon Noir Jardin Mandevilla naturel (500 ml) est un spray pr\u00eat \u00e0 l'emploi et respectueux des plantes pour votre Mandevilla.\",\"breadcrumb\":{\"@id\":\"https:\/\/mandevillashop.com\/fr\/produit\/spray-anti-insectes-naturel\/#breadcrumb\"},\"inLanguage\":\"fr-FR\",\"potentialAction\":[{\"@type\":\"ReadAction\",\"target\":[\"https:\/\/mandevillashop.com\/fr\/produit\/spray-anti-insectes-naturel\/\"]}]},{\"@type\":\"ImageObject\",\"inLanguage\":\"fr-FR\",\"@id\":\"https:\/\/mandevillashop.com\/fr\/produit\/spray-anti-insectes-naturel\/#primaryimage\",\"url\":\"https:\/\/mandevillashop.com\/wp-content\/uploads\/2024\/01\/Insectenspray.jpg\",\"contentUrl\":\"https:\/\/mandevillashop.com\/wp-content\/uploads\/2024\/01\/Insectenspray.jpg\",\"width\":1200,\"height\":1200,\"caption\":\"Spray contre les insectes au savon noir, 500 ml. Bouteille verte.\"},{\"@type\":\"BreadcrumbList\",\"@id\":\"https:\/\/mandevillashop.com\/fr\/produit\/spray-anti-insectes-naturel\/#breadcrumb\",\"itemListElement\":[{\"@type\":\"ListItem\",\"position\":1,\"name\":\"Home\",\"item\":\"https:\/\/mandevillashop.com\/fr\/\"},{\"@type\":\"ListItem\",\"position\":2,\"name\":\"Boutique\",\"item\":\"https:\/\/mandevillashop.com\/fr\/boutique\/\"},{\"@type\":\"ListItem\",\"position\":3,\"name\":\"Spray contre les insectes\"}]},{\"@type\":\"WebSite\",\"@id\":\"https:\/\/mandevillashop.com\/fr\/#website\",\"url\":\"https:\/\/mandevillashop.com\/fr\/\",\"name\":\"Mandevillashop\",\"description\":\"De Mandevilla Specialist\",\"publisher\":{\"@id\":\"https:\/\/mandevillashop.com\/fr\/#organization\"},\"potentialAction\":[{\"@type\":\"SearchAction\",\"target\":{\"@type\":\"EntryPoint\",\"urlTemplate\":\"https:\/\/mandevillashop.com\/fr\/?s={search_term_string}\"},\"query-input\":{\"@type\":\"PropertyValueSpecification\",\"valueRequired\":true,\"valueName\":\"search_term_string\"}}],\"inLanguage\":\"fr-FR\"},{\"@type\":\"Organization\",\"@id\":\"https:\/\/mandevillashop.com\/fr\/#organization\",\"name\":\"Mandevilla Shop\",\"url\":\"https:\/\/mandevillashop.com\/fr\/\",\"logo\":{\"@type\":\"ImageObject\",\"inLanguage\":\"fr-FR\",\"@id\":\"https:\/\/mandevillashop.com\/fr\/#\/schema\/logo\/image\/\",\"url\":\"https:\/\/mandevillashop.com\/wp-content\/uploads\/2023\/07\/mandevilla-shop-zwart.svg\",\"contentUrl\":\"https:\/\/mandevillashop.com\/wp-content\/uploads\/2023\/07\/mandevilla-shop-zwart.svg\",\"caption\":\"Mandevilla Shop\"},\"image\":{\"@id\":\"https:\/\/mandevillashop.com\/fr\/#\/schema\/logo\/image\/\"}}]}<\/script>\n<!-- \/ Yoast SEO plugin. -->","yoast_head_json":{"title":"Mandevilla Spray contre les insectes - Mandevillashop","description":"Le spray contre les insectes Savon Noir Jardin Mandevilla naturel (500 ml) est un spray pr\u00eat \u00e0 l'emploi et respectueux des plantes pour votre Mandevilla.","robots":{"index":"index","follow":"follow","max-snippet":"max-snippet:-1","max-image-preview":"max-image-preview:large","max-video-preview":"max-video-preview:-1"},"canonical":"https:\/\/mandevillashop.com\/fr\/produit\/spray-anti-insectes-naturel\/","og_locale":"fr_FR","og_type":"article","og_title":"Mandevilla Spray contre les insectes - Mandevillashop","og_description":"Le spray contre les insectes Savon Noir Jardin Mandevilla naturel (500 ml) est un spray pr\u00eat \u00e0 l'emploi et respectueux des plantes pour votre Mandevilla.","og_url":"https:\/\/mandevillashop.com\/fr\/produit\/spray-anti-insectes-naturel\/","og_site_name":"Mandevillashop","article_modified_time":"2024-05-31T12:31:08+00:00","og_image":[{"width":1200,"height":1200,"url":"https:\/\/mandevillashop.com\/wp-content\/uploads\/2024\/01\/Insectenspray.jpg","type":"image\/jpeg"}],"twitter_card":"summary_large_image","twitter_misc":{"Dur\u00e9e de lecture estim\u00e9e":"1 minute"},"schema":{"@context":"https:\/\/schema.org","@graph":[{"@type":["WebPage","ItemPage"],"@id":"https:\/\/mandevillashop.com\/fr\/produit\/spray-anti-insectes-naturel\/","url":"https:\/\/mandevillashop.com\/fr\/produit\/spray-anti-insectes-naturel\/","name":"Mandevilla Spray contre les insectes - Mandevillashop","isPartOf":{"@id":"https:\/\/mandevillashop.com\/fr\/#website"},"primaryImageOfPage":{"@id":"https:\/\/mandevillashop.com\/fr\/produit\/spray-anti-insectes-naturel\/#primaryimage"},"image":{"@id":"https:\/\/mandevillashop.com\/fr\/produit\/spray-anti-insectes-naturel\/#primaryimage"},"thumbnailUrl":"https:\/\/mandevillashop.com\/wp-content\/uploads\/2024\/01\/Insectenspray.jpg","datePublished":"2022-03-04T08:46:23+00:00","dateModified":"2024-05-31T12:31:08+00:00","description":"Le spray contre les insectes Savon Noir Jardin Mandevilla naturel (500 ml) est un spray pr\u00eat \u00e0 l'emploi et respectueux des plantes pour votre Mandevilla.","breadcrumb":{"@id":"https:\/\/mandevillashop.com\/fr\/produit\/spray-anti-insectes-naturel\/#breadcrumb"},"inLanguage":"fr-FR","potentialAction":[{"@type":"ReadAction","target":["https:\/\/mandevillashop.com\/fr\/produit\/spray-anti-insectes-naturel\/"]}]},{"@type":"ImageObject","inLanguage":"fr-FR","@id":"https:\/\/mandevillashop.com\/fr\/produit\/spray-anti-insectes-naturel\/#primaryimage","url":"https:\/\/mandevillashop.com\/wp-content\/uploads\/2024\/01\/Insectenspray.jpg","contentUrl":"https:\/\/mandevillashop.com\/wp-content\/uploads\/2024\/01\/Insectenspray.jpg","width":1200,"height":1200,"caption":"Spray contre les insectes au savon noir, 500 ml. Bouteille verte."},{"@type":"BreadcrumbList","@id":"https:\/\/mandevillashop.com\/fr\/produit\/spray-anti-insectes-naturel\/#breadcrumb","itemListElement":[{"@type":"ListItem","position":1,"name":"Home","item":"https:\/\/mandevillashop.com\/fr\/"},{"@type":"ListItem","position":2,"name":"Boutique","item":"https:\/\/mandevillashop.com\/fr\/boutique\/"},{"@type":"ListItem","position":3,"name":"Spray contre les insectes"}]},{"@type":"WebSite","@id":"https:\/\/mandevillashop.com\/fr\/#website","url":"https:\/\/mandevillashop.com\/fr\/","name":"Mandevillashop","description":"De Mandevilla Specialist","publisher":{"@id":"https:\/\/mandevillashop.com\/fr\/#organization"},"potentialAction":[{"@type":"SearchAction","target":{"@type":"EntryPoint","urlTemplate":"https:\/\/mandevillashop.com\/fr\/?s={search_term_string}"},"query-input":{"@type":"PropertyValueSpecification","valueRequired":true,"valueName":"search_term_string"}}],"inLanguage":"fr-FR"},{"@type":"Organization","@id":"https:\/\/mandevillashop.com\/fr\/#organization","name":"Mandevilla Shop","url":"https:\/\/mandevillashop.com\/fr\/","logo":{"@type":"ImageObject","inLanguage":"fr-FR","@id":"https:\/\/mandevillashop.com\/fr\/#\/schema\/logo\/image\/","url":"https:\/\/mandevillashop.com\/wp-content\/uploads\/2023\/07\/mandevilla-shop-zwart.svg","contentUrl":"https:\/\/mandevillashop.com\/wp-content\/uploads\/2023\/07\/mandevilla-shop-zwart.svg","caption":"Mandevilla Shop"},"image":{"@id":"https:\/\/mandevillashop.com\/fr\/#\/schema\/logo\/image\/"}}]}},"_links":{"self":[{"href":"https:\/\/mandevillashop.com\/fr\/wp-json\/wp\/v2\/product\/5887","targetHints":{"allow":["GET"]}}],"collection":[{"href":"https:\/\/mandevillashop.com\/fr\/wp-json\/wp\/v2\/product"}],"about":[{"href":"https:\/\/mandevillashop.com\/fr\/wp-json\/wp\/v2\/types\/product"}],"replies":[{"embeddable":true,"href":"https:\/\/mandevillashop.com\/fr\/wp-json\/wp\/v2\/comments?post=5887"}],"wp:featuredmedia":[{"embeddable":true,"href":"https:\/\/mandevillashop.com\/fr\/wp-json\/wp\/v2\/media\/3024"}],"wp:attachment":[{"href":"https:\/\/mandevillashop.com\/fr\/wp-json\/wp\/v2\/media?parent=5887"}],"wp:term":[{"taxonomy":"product_brand","embeddable":true,"href":"https:\/\/mandevillashop.com\/fr\/wp-json\/wp\/v2\/product_brand?post=5887"},{"taxonomy":"product_cat","embeddable":true,"href":"https:\/\/mandevillashop.com\/fr\/wp-json\/wp\/v2\/product_cat?post=5887"},{"taxonomy":"product_tag","embeddable":true,"href":"https:\/\/mandevillashop.com\/fr\/wp-json\/wp\/v2\/product_tag?post=5887"},{"taxonomy":"linked_variations","embeddable":true,"href":"https:\/\/mandevillashop.com\/fr\/wp-json\/wp\/v2\/linked_variations?post=5887"}],"curies":[{"name":"wp","href":"https:\/\/api.w.org\/{rel}","templated":true}]}}