{"id":5896,"date":"2022-02-22T12:20:02","date_gmt":"2022-02-22T11:20:02","guid":{"rendered":"https:\/\/mandevillashop.com\/product\/mandevilla-cones-nutritionnels-12-pieces\/"},"modified":"2024-01-24T15:02:57","modified_gmt":"2024-01-24T15:02:57","slug":"mandevilla-cones-nutritionnels-12-pieces","status":"publish","type":"product","link":"https:\/\/mandevillashop.com\/fr\/produit\/mandevilla-cones-nutritionnels-12-pieces\/","title":{"rendered":"C\u00f4nes nutritionnels"},"content":{"rendered":"<p>Les c\u00f4nes nutritionnels pour mand\u00e9villa sont des c\u00f4nes nutritionnels pratiques pour votre mand\u00e9villa et vos autres plantes de balcon et de terrasse. Ces c\u00f4nes \u00e0 longue dur\u00e9e d\u2019action sont suffisants pour toute la saison du mand\u00e9villa. En les nourrissant une fois, vous fournirez \u00e0 vos plantes de jardin des \u00e9l\u00e9ments nutritifs pendant pas moins de 8 \u00e0 9 mois. Pour de meilleurs r\u00e9sultats, ajoutez ces c\u00f4nes nutritionnels lorsque vous rempotez ou repiquez les mand\u00e9villas. Le nombre de c\u00f4nes utilis\u00e9s d\u00e9pend du diam\u00e8tre du pot.<\/p>\n<p>&nbsp;<\/p>\n","protected":false},"excerpt":{"rendered":"<p>Ces c\u00f4nes nutritionnels pratiques (12 pi\u00e8ces) constituent la base nutritionnelle id\u00e9ale pour votre mand\u00e9villa et assurent une croissance et une floraison optimales de la plante. Les c\u00f4nes nutritionnels fournissent suffisamment de nourriture pour toute la saison du mand\u00e9villa.<\/p>\n","protected":false},"featured_media":3009,"comment_status":"open","ping_status":"closed","template":"","meta":{"_acf_changed":false},"product_brand":[],"product_cat":[232,259],"product_tag":[],"linked_variations":[],"class_list":{"0":"post-5896","1":"product","2":"type-product","3":"status-publish","4":"has-post-thumbnail","6":"product_cat-mandevilla-extras-fr","7":"product_cat-supplements","9":"first","10":"instock","11":"taxable","12":"shipping-taxable","13":"purchasable","14":"product-type-simple"},"acf":[],"yoast_head":"<!-- This site is optimized with the Yoast SEO plugin v27.4 - https:\/\/yoast.com\/product\/yoast-seo-wordpress\/ -->\n<title>Mandevilla C\u00f4nes nutritionnels - Mandevillashop<\/title>\n<meta name=\"description\" content=\"Ces c\u00f4nes de nutrition pour Mandevilla constituent la base nutritionnelle id\u00e9ale pour votre Mandevilla. Ils assurent une floraison exub\u00e9rante.\" \/>\n<meta name=\"robots\" content=\"index, follow, max-snippet:-1, max-image-preview:large, max-video-preview:-1\" \/>\n<link rel=\"canonical\" href=\"https:\/\/mandevillashop.com\/fr\/produit\/mandevilla-cones-nutritionnels-12-pieces\/\" \/>\n<meta property=\"og:locale\" content=\"fr_FR\" \/>\n<meta property=\"og:type\" content=\"article\" \/>\n<meta property=\"og:title\" content=\"Mandevilla C\u00f4nes nutritionnels - Mandevillashop\" \/>\n<meta property=\"og:description\" content=\"Ces c\u00f4nes de nutrition pour Mandevilla constituent la base nutritionnelle id\u00e9ale pour votre Mandevilla. Ils assurent une floraison exub\u00e9rante.\" \/>\n<meta property=\"og:url\" content=\"https:\/\/mandevillashop.com\/fr\/produit\/mandevilla-cones-nutritionnels-12-pieces\/\" \/>\n<meta property=\"og:site_name\" content=\"Mandevillashop\" \/>\n<meta property=\"article:modified_time\" content=\"2024-01-24T15:02:57+00:00\" \/>\n<meta property=\"og:image\" content=\"https:\/\/mandevillashop.com\/wp-content\/uploads\/2024\/01\/01Tekengebied-1-kopie-17.webp\" \/>\n\t<meta property=\"og:image:width\" content=\"802\" \/>\n\t<meta property=\"og:image:height\" content=\"702\" \/>\n\t<meta property=\"og:image:type\" content=\"image\/webp\" \/>\n<meta name=\"twitter:card\" content=\"summary_large_image\" \/>\n<meta name=\"twitter:label1\" content=\"Dur\u00e9e de lecture estim\u00e9e\" \/>\n\t<meta name=\"twitter:data1\" content=\"1 minute\" \/>\n<script type=\"application\/ld+json\" class=\"yoast-schema-graph\">{\"@context\":\"https:\\\/\\\/schema.org\",\"@graph\":[{\"@type\":[\"WebPage\",\"ItemPage\"],\"@id\":\"https:\\\/\\\/mandevillashop.com\\\/fr\\\/produit\\\/mandevilla-cones-nutritionnels-12-pieces\\\/\",\"url\":\"https:\\\/\\\/mandevillashop.com\\\/fr\\\/produit\\\/mandevilla-cones-nutritionnels-12-pieces\\\/\",\"name\":\"Mandevilla C\u00f4nes nutritionnels - Mandevillashop\",\"isPartOf\":{\"@id\":\"https:\\\/\\\/mandevillashop.com\\\/fr\\\/#website\"},\"primaryImageOfPage\":{\"@id\":\"https:\\\/\\\/mandevillashop.com\\\/fr\\\/produit\\\/mandevilla-cones-nutritionnels-12-pieces\\\/#primaryimage\"},\"image\":{\"@id\":\"https:\\\/\\\/mandevillashop.com\\\/fr\\\/produit\\\/mandevilla-cones-nutritionnels-12-pieces\\\/#primaryimage\"},\"thumbnailUrl\":\"https:\\\/\\\/mandevillashop.com\\\/wp-content\\\/uploads\\\/2024\\\/01\\\/01Tekengebied-1-kopie-17.webp\",\"datePublished\":\"2022-02-22T11:20:02+00:00\",\"dateModified\":\"2024-01-24T15:02:57+00:00\",\"description\":\"Ces c\u00f4nes de nutrition pour Mandevilla constituent la base nutritionnelle id\u00e9ale pour votre Mandevilla. Ils assurent une floraison exub\u00e9rante.\",\"breadcrumb\":{\"@id\":\"https:\\\/\\\/mandevillashop.com\\\/fr\\\/produit\\\/mandevilla-cones-nutritionnels-12-pieces\\\/#breadcrumb\"},\"inLanguage\":\"fr-FR\",\"potentialAction\":[{\"@type\":\"ReadAction\",\"target\":[\"https:\\\/\\\/mandevillashop.com\\\/fr\\\/produit\\\/mandevilla-cones-nutritionnels-12-pieces\\\/\"]}]},{\"@type\":\"ImageObject\",\"inLanguage\":\"fr-FR\",\"@id\":\"https:\\\/\\\/mandevillashop.com\\\/fr\\\/produit\\\/mandevilla-cones-nutritionnels-12-pieces\\\/#primaryimage\",\"url\":\"https:\\\/\\\/mandevillashop.com\\\/wp-content\\\/uploads\\\/2024\\\/01\\\/01Tekengebied-1-kopie-17.webp\",\"contentUrl\":\"https:\\\/\\\/mandevillashop.com\\\/wp-content\\\/uploads\\\/2024\\\/01\\\/01Tekengebied-1-kopie-17.webp\",\"width\":802,\"height\":702},{\"@type\":\"BreadcrumbList\",\"@id\":\"https:\\\/\\\/mandevillashop.com\\\/fr\\\/produit\\\/mandevilla-cones-nutritionnels-12-pieces\\\/#breadcrumb\",\"itemListElement\":[{\"@type\":\"ListItem\",\"position\":1,\"name\":\"Home\",\"item\":\"https:\\\/\\\/mandevillashop.com\\\/fr\\\/\"},{\"@type\":\"ListItem\",\"position\":2,\"name\":\"Boutique\",\"item\":\"https:\\\/\\\/mandevillashop.com\\\/fr\\\/boutique\\\/\"},{\"@type\":\"ListItem\",\"position\":3,\"name\":\"C\u00f4nes nutritionnels\"}]},{\"@type\":\"WebSite\",\"@id\":\"https:\\\/\\\/mandevillashop.com\\\/fr\\\/#website\",\"url\":\"https:\\\/\\\/mandevillashop.com\\\/fr\\\/\",\"name\":\"Mandevillashop\",\"description\":\"De Mandevilla Specialist\",\"publisher\":{\"@id\":\"https:\\\/\\\/mandevillashop.com\\\/fr\\\/#organization\"},\"potentialAction\":[{\"@type\":\"SearchAction\",\"target\":{\"@type\":\"EntryPoint\",\"urlTemplate\":\"https:\\\/\\\/mandevillashop.com\\\/fr\\\/?s={search_term_string}\"},\"query-input\":{\"@type\":\"PropertyValueSpecification\",\"valueRequired\":true,\"valueName\":\"search_term_string\"}}],\"inLanguage\":\"fr-FR\"},{\"@type\":\"Organization\",\"@id\":\"https:\\\/\\\/mandevillashop.com\\\/fr\\\/#organization\",\"name\":\"Mandevilla Shop\",\"url\":\"https:\\\/\\\/mandevillashop.com\\\/fr\\\/\",\"logo\":{\"@type\":\"ImageObject\",\"inLanguage\":\"fr-FR\",\"@id\":\"https:\\\/\\\/mandevillashop.com\\\/fr\\\/#\\\/schema\\\/logo\\\/image\\\/\",\"url\":\"https:\\\/\\\/mandevillashop.com\\\/wp-content\\\/uploads\\\/2023\\\/07\\\/mandevilla-shop-zwart.svg\",\"contentUrl\":\"https:\\\/\\\/mandevillashop.com\\\/wp-content\\\/uploads\\\/2023\\\/07\\\/mandevilla-shop-zwart.svg\",\"caption\":\"Mandevilla Shop\"},\"image\":{\"@id\":\"https:\\\/\\\/mandevillashop.com\\\/fr\\\/#\\\/schema\\\/logo\\\/image\\\/\"}}]}<\/script>\n<!-- \/ Yoast SEO plugin. -->","yoast_head_json":{"title":"Mandevilla C\u00f4nes nutritionnels - Mandevillashop","description":"Ces c\u00f4nes de nutrition pour Mandevilla constituent la base nutritionnelle id\u00e9ale pour votre Mandevilla. Ils assurent une floraison exub\u00e9rante.","robots":{"index":"index","follow":"follow","max-snippet":"max-snippet:-1","max-image-preview":"max-image-preview:large","max-video-preview":"max-video-preview:-1"},"canonical":"https:\/\/mandevillashop.com\/fr\/produit\/mandevilla-cones-nutritionnels-12-pieces\/","og_locale":"fr_FR","og_type":"article","og_title":"Mandevilla C\u00f4nes nutritionnels - Mandevillashop","og_description":"Ces c\u00f4nes de nutrition pour Mandevilla constituent la base nutritionnelle id\u00e9ale pour votre Mandevilla. Ils assurent une floraison exub\u00e9rante.","og_url":"https:\/\/mandevillashop.com\/fr\/produit\/mandevilla-cones-nutritionnels-12-pieces\/","og_site_name":"Mandevillashop","article_modified_time":"2024-01-24T15:02:57+00:00","og_image":[{"width":802,"height":702,"url":"https:\/\/mandevillashop.com\/wp-content\/uploads\/2024\/01\/01Tekengebied-1-kopie-17.webp","type":"image\/webp"}],"twitter_card":"summary_large_image","twitter_misc":{"Dur\u00e9e de lecture estim\u00e9e":"1 minute"},"schema":{"@context":"https:\/\/schema.org","@graph":[{"@type":["WebPage","ItemPage"],"@id":"https:\/\/mandevillashop.com\/fr\/produit\/mandevilla-cones-nutritionnels-12-pieces\/","url":"https:\/\/mandevillashop.com\/fr\/produit\/mandevilla-cones-nutritionnels-12-pieces\/","name":"Mandevilla C\u00f4nes nutritionnels - Mandevillashop","isPartOf":{"@id":"https:\/\/mandevillashop.com\/fr\/#website"},"primaryImageOfPage":{"@id":"https:\/\/mandevillashop.com\/fr\/produit\/mandevilla-cones-nutritionnels-12-pieces\/#primaryimage"},"image":{"@id":"https:\/\/mandevillashop.com\/fr\/produit\/mandevilla-cones-nutritionnels-12-pieces\/#primaryimage"},"thumbnailUrl":"https:\/\/mandevillashop.com\/wp-content\/uploads\/2024\/01\/01Tekengebied-1-kopie-17.webp","datePublished":"2022-02-22T11:20:02+00:00","dateModified":"2024-01-24T15:02:57+00:00","description":"Ces c\u00f4nes de nutrition pour Mandevilla constituent la base nutritionnelle id\u00e9ale pour votre Mandevilla. Ils assurent une floraison exub\u00e9rante.","breadcrumb":{"@id":"https:\/\/mandevillashop.com\/fr\/produit\/mandevilla-cones-nutritionnels-12-pieces\/#breadcrumb"},"inLanguage":"fr-FR","potentialAction":[{"@type":"ReadAction","target":["https:\/\/mandevillashop.com\/fr\/produit\/mandevilla-cones-nutritionnels-12-pieces\/"]}]},{"@type":"ImageObject","inLanguage":"fr-FR","@id":"https:\/\/mandevillashop.com\/fr\/produit\/mandevilla-cones-nutritionnels-12-pieces\/#primaryimage","url":"https:\/\/mandevillashop.com\/wp-content\/uploads\/2024\/01\/01Tekengebied-1-kopie-17.webp","contentUrl":"https:\/\/mandevillashop.com\/wp-content\/uploads\/2024\/01\/01Tekengebied-1-kopie-17.webp","width":802,"height":702},{"@type":"BreadcrumbList","@id":"https:\/\/mandevillashop.com\/fr\/produit\/mandevilla-cones-nutritionnels-12-pieces\/#breadcrumb","itemListElement":[{"@type":"ListItem","position":1,"name":"Home","item":"https:\/\/mandevillashop.com\/fr\/"},{"@type":"ListItem","position":2,"name":"Boutique","item":"https:\/\/mandevillashop.com\/fr\/boutique\/"},{"@type":"ListItem","position":3,"name":"C\u00f4nes nutritionnels"}]},{"@type":"WebSite","@id":"https:\/\/mandevillashop.com\/fr\/#website","url":"https:\/\/mandevillashop.com\/fr\/","name":"Mandevillashop","description":"De Mandevilla Specialist","publisher":{"@id":"https:\/\/mandevillashop.com\/fr\/#organization"},"potentialAction":[{"@type":"SearchAction","target":{"@type":"EntryPoint","urlTemplate":"https:\/\/mandevillashop.com\/fr\/?s={search_term_string}"},"query-input":{"@type":"PropertyValueSpecification","valueRequired":true,"valueName":"search_term_string"}}],"inLanguage":"fr-FR"},{"@type":"Organization","@id":"https:\/\/mandevillashop.com\/fr\/#organization","name":"Mandevilla Shop","url":"https:\/\/mandevillashop.com\/fr\/","logo":{"@type":"ImageObject","inLanguage":"fr-FR","@id":"https:\/\/mandevillashop.com\/fr\/#\/schema\/logo\/image\/","url":"https:\/\/mandevillashop.com\/wp-content\/uploads\/2023\/07\/mandevilla-shop-zwart.svg","contentUrl":"https:\/\/mandevillashop.com\/wp-content\/uploads\/2023\/07\/mandevilla-shop-zwart.svg","caption":"Mandevilla Shop"},"image":{"@id":"https:\/\/mandevillashop.com\/fr\/#\/schema\/logo\/image\/"}}]}},"_links":{"self":[{"href":"https:\/\/mandevillashop.com\/fr\/wp-json\/wp\/v2\/product\/5896","targetHints":{"allow":["GET"]}}],"collection":[{"href":"https:\/\/mandevillashop.com\/fr\/wp-json\/wp\/v2\/product"}],"about":[{"href":"https:\/\/mandevillashop.com\/fr\/wp-json\/wp\/v2\/types\/product"}],"replies":[{"embeddable":true,"href":"https:\/\/mandevillashop.com\/fr\/wp-json\/wp\/v2\/comments?post=5896"}],"wp:featuredmedia":[{"embeddable":true,"href":"https:\/\/mandevillashop.com\/fr\/wp-json\/wp\/v2\/media\/3009"}],"wp:attachment":[{"href":"https:\/\/mandevillashop.com\/fr\/wp-json\/wp\/v2\/media?parent=5896"}],"wp:term":[{"taxonomy":"product_brand","embeddable":true,"href":"https:\/\/mandevillashop.com\/fr\/wp-json\/wp\/v2\/product_brand?post=5896"},{"taxonomy":"product_cat","embeddable":true,"href":"https:\/\/mandevillashop.com\/fr\/wp-json\/wp\/v2\/product_cat?post=5896"},{"taxonomy":"product_tag","embeddable":true,"href":"https:\/\/mandevillashop.com\/fr\/wp-json\/wp\/v2\/product_tag?post=5896"},{"taxonomy":"linked_variations","embeddable":true,"href":"https:\/\/mandevillashop.com\/fr\/wp-json\/wp\/v2\/linked_variations?post=5896"}],"curies":[{"name":"wp","href":"https:\/\/api.w.org\/{rel}","templated":true}]}}