{"id":5913,"date":"2022-02-22T12:16:24","date_gmt":"2022-02-22T11:16:24","guid":{"rendered":"https:\/\/mandevillashop.com\/product\/mandevilla-granules-hydro-10l\/"},"modified":"2024-01-24T15:02:57","modified_gmt":"2024-01-24T15:02:57","slug":"mandevilla-granules-hydro-10l","status":"publish","type":"product","link":"https:\/\/mandevillashop.com\/fr\/produit\/mandevilla-granules-hydro-10l\/","title":{"rendered":"Mandevilla Granul\u00e9s hydro"},"content":{"rendered":"<p>Les granul\u00e9s hydro sont parfaits comme base pour vos jardini\u00e8res. Ils absorbent l\u2019exc\u00e9dent d\u2019eau et en donnent aux racines lorsqu\u2019elles en manquent. Ainsi, la plante risque moins d\u2019\u00eatre stress\u00e9e par un exc\u00e8s ou un manque d\u2019eau. En outre, les granul\u00e9s hydro apportent de l\u2019oxyg\u00e8ne aux racines, de sorte que les nutriments sont mieux absorb\u00e9s et que la plante se d\u00e9veloppe mieux.<\/p>\n","protected":false},"excerpt":{"rendered":"<p>Ces granul\u00e9s hydro pour mand\u00e9villa (10 litres), en combinaison avec le terreau pour mand\u00e9villa, constituent la meilleure base pour vos mand\u00e9villas.<\/p>\n","protected":false},"featured_media":2985,"comment_status":"open","ping_status":"closed","template":"","meta":{"_acf_changed":false},"product_brand":[],"product_cat":[232,259],"product_tag":[],"linked_variations":[],"class_list":{"0":"post-5913","1":"product","2":"type-product","3":"status-publish","4":"has-post-thumbnail","6":"product_cat-mandevilla-extras-fr","7":"product_cat-supplements","9":"first","10":"instock","11":"taxable","12":"shipping-taxable","13":"purchasable","14":"product-type-simple"},"acf":[],"yoast_head":"<!-- This site is optimized with the Yoast SEO plugin v26.7 - https:\/\/yoast.com\/wordpress\/plugins\/seo\/ -->\n<title>Mandevilla Mandevilla Granul\u00e9s hydro - Mandevillashop<\/title>\n<meta name=\"description\" content=\"Ces Mandevilla granul\u00e9s hydro (10 litres), en combinaison avec le terreau de Mandevilla, constituent la meilleure base pour votre Mandevilla.\" \/>\n<meta name=\"robots\" content=\"index, follow, max-snippet:-1, max-image-preview:large, max-video-preview:-1\" \/>\n<link rel=\"canonical\" href=\"https:\/\/mandevillashop.com\/fr\/produit\/mandevilla-granules-hydro-10l\/\" \/>\n<meta property=\"og:locale\" content=\"fr_FR\" \/>\n<meta property=\"og:type\" content=\"article\" \/>\n<meta property=\"og:title\" content=\"Mandevilla Mandevilla Granul\u00e9s hydro - Mandevillashop\" \/>\n<meta property=\"og:description\" content=\"Ces Mandevilla granul\u00e9s hydro (10 litres), en combinaison avec le terreau de Mandevilla, constituent la meilleure base pour votre Mandevilla.\" \/>\n<meta property=\"og:url\" content=\"https:\/\/mandevillashop.com\/fr\/produit\/mandevilla-granules-hydro-10l\/\" \/>\n<meta property=\"og:site_name\" content=\"Mandevillashop\" \/>\n<meta property=\"article:modified_time\" content=\"2024-01-24T15:02:57+00:00\" \/>\n<meta property=\"og:image\" content=\"https:\/\/mandevillashop.com\/wp-content\/uploads\/2024\/01\/01Tekengebied-1-kopie-8.webp\" \/>\n\t<meta property=\"og:image:width\" content=\"802\" \/>\n\t<meta property=\"og:image:height\" content=\"702\" \/>\n\t<meta property=\"og:image:type\" content=\"image\/webp\" \/>\n<meta name=\"twitter:card\" content=\"summary_large_image\" \/>\n<script type=\"application\/ld+json\" class=\"yoast-schema-graph\">{\"@context\":\"https:\/\/schema.org\",\"@graph\":[{\"@type\":[\"WebPage\",\"ItemPage\"],\"@id\":\"https:\/\/mandevillashop.com\/fr\/produit\/mandevilla-granules-hydro-10l\/\",\"url\":\"https:\/\/mandevillashop.com\/fr\/produit\/mandevilla-granules-hydro-10l\/\",\"name\":\"Mandevilla Mandevilla Granul\u00e9s hydro - Mandevillashop\",\"isPartOf\":{\"@id\":\"https:\/\/mandevillashop.com\/fr\/#website\"},\"primaryImageOfPage\":{\"@id\":\"https:\/\/mandevillashop.com\/fr\/produit\/mandevilla-granules-hydro-10l\/#primaryimage\"},\"image\":{\"@id\":\"https:\/\/mandevillashop.com\/fr\/produit\/mandevilla-granules-hydro-10l\/#primaryimage\"},\"thumbnailUrl\":\"https:\/\/mandevillashop.com\/wp-content\/uploads\/2024\/01\/01Tekengebied-1-kopie-8.webp\",\"datePublished\":\"2022-02-22T11:16:24+00:00\",\"dateModified\":\"2024-01-24T15:02:57+00:00\",\"description\":\"Ces Mandevilla granul\u00e9s hydro (10 litres), en combinaison avec le terreau de Mandevilla, constituent la meilleure base pour votre Mandevilla.\",\"breadcrumb\":{\"@id\":\"https:\/\/mandevillashop.com\/fr\/produit\/mandevilla-granules-hydro-10l\/#breadcrumb\"},\"inLanguage\":\"fr-FR\",\"potentialAction\":[{\"@type\":\"ReadAction\",\"target\":[\"https:\/\/mandevillashop.com\/fr\/produit\/mandevilla-granules-hydro-10l\/\"]}]},{\"@type\":\"ImageObject\",\"inLanguage\":\"fr-FR\",\"@id\":\"https:\/\/mandevillashop.com\/fr\/produit\/mandevilla-granules-hydro-10l\/#primaryimage\",\"url\":\"https:\/\/mandevillashop.com\/wp-content\/uploads\/2024\/01\/01Tekengebied-1-kopie-8.webp\",\"contentUrl\":\"https:\/\/mandevillashop.com\/wp-content\/uploads\/2024\/01\/01Tekengebied-1-kopie-8.webp\",\"width\":802,\"height\":702},{\"@type\":\"BreadcrumbList\",\"@id\":\"https:\/\/mandevillashop.com\/fr\/produit\/mandevilla-granules-hydro-10l\/#breadcrumb\",\"itemListElement\":[{\"@type\":\"ListItem\",\"position\":1,\"name\":\"Home\",\"item\":\"https:\/\/mandevillashop.com\/fr\/\"},{\"@type\":\"ListItem\",\"position\":2,\"name\":\"Boutique\",\"item\":\"https:\/\/mandevillashop.com\/fr\/boutique\/\"},{\"@type\":\"ListItem\",\"position\":3,\"name\":\"Mandevilla Granul\u00e9s hydro\"}]},{\"@type\":\"WebSite\",\"@id\":\"https:\/\/mandevillashop.com\/fr\/#website\",\"url\":\"https:\/\/mandevillashop.com\/fr\/\",\"name\":\"Mandevillashop\",\"description\":\"De Mandevilla Specialist\",\"publisher\":{\"@id\":\"https:\/\/mandevillashop.com\/fr\/#organization\"},\"potentialAction\":[{\"@type\":\"SearchAction\",\"target\":{\"@type\":\"EntryPoint\",\"urlTemplate\":\"https:\/\/mandevillashop.com\/fr\/?s={search_term_string}\"},\"query-input\":{\"@type\":\"PropertyValueSpecification\",\"valueRequired\":true,\"valueName\":\"search_term_string\"}}],\"inLanguage\":\"fr-FR\"},{\"@type\":\"Organization\",\"@id\":\"https:\/\/mandevillashop.com\/fr\/#organization\",\"name\":\"Mandevilla Shop\",\"url\":\"https:\/\/mandevillashop.com\/fr\/\",\"logo\":{\"@type\":\"ImageObject\",\"inLanguage\":\"fr-FR\",\"@id\":\"https:\/\/mandevillashop.com\/fr\/#\/schema\/logo\/image\/\",\"url\":\"https:\/\/mandevillashop.com\/wp-content\/uploads\/2023\/07\/mandevilla-shop-zwart.svg\",\"contentUrl\":\"https:\/\/mandevillashop.com\/wp-content\/uploads\/2023\/07\/mandevilla-shop-zwart.svg\",\"caption\":\"Mandevilla Shop\"},\"image\":{\"@id\":\"https:\/\/mandevillashop.com\/fr\/#\/schema\/logo\/image\/\"}}]}<\/script>\n<!-- \/ Yoast SEO plugin. -->","yoast_head_json":{"title":"Mandevilla Mandevilla Granul\u00e9s hydro - Mandevillashop","description":"Ces Mandevilla granul\u00e9s hydro (10 litres), en combinaison avec le terreau de Mandevilla, constituent la meilleure base pour votre Mandevilla.","robots":{"index":"index","follow":"follow","max-snippet":"max-snippet:-1","max-image-preview":"max-image-preview:large","max-video-preview":"max-video-preview:-1"},"canonical":"https:\/\/mandevillashop.com\/fr\/produit\/mandevilla-granules-hydro-10l\/","og_locale":"fr_FR","og_type":"article","og_title":"Mandevilla Mandevilla Granul\u00e9s hydro - Mandevillashop","og_description":"Ces Mandevilla granul\u00e9s hydro (10 litres), en combinaison avec le terreau de Mandevilla, constituent la meilleure base pour votre Mandevilla.","og_url":"https:\/\/mandevillashop.com\/fr\/produit\/mandevilla-granules-hydro-10l\/","og_site_name":"Mandevillashop","article_modified_time":"2024-01-24T15:02:57+00:00","og_image":[{"width":802,"height":702,"url":"https:\/\/mandevillashop.com\/wp-content\/uploads\/2024\/01\/01Tekengebied-1-kopie-8.webp","type":"image\/webp"}],"twitter_card":"summary_large_image","schema":{"@context":"https:\/\/schema.org","@graph":[{"@type":["WebPage","ItemPage"],"@id":"https:\/\/mandevillashop.com\/fr\/produit\/mandevilla-granules-hydro-10l\/","url":"https:\/\/mandevillashop.com\/fr\/produit\/mandevilla-granules-hydro-10l\/","name":"Mandevilla Mandevilla Granul\u00e9s hydro - Mandevillashop","isPartOf":{"@id":"https:\/\/mandevillashop.com\/fr\/#website"},"primaryImageOfPage":{"@id":"https:\/\/mandevillashop.com\/fr\/produit\/mandevilla-granules-hydro-10l\/#primaryimage"},"image":{"@id":"https:\/\/mandevillashop.com\/fr\/produit\/mandevilla-granules-hydro-10l\/#primaryimage"},"thumbnailUrl":"https:\/\/mandevillashop.com\/wp-content\/uploads\/2024\/01\/01Tekengebied-1-kopie-8.webp","datePublished":"2022-02-22T11:16:24+00:00","dateModified":"2024-01-24T15:02:57+00:00","description":"Ces Mandevilla granul\u00e9s hydro (10 litres), en combinaison avec le terreau de Mandevilla, constituent la meilleure base pour votre Mandevilla.","breadcrumb":{"@id":"https:\/\/mandevillashop.com\/fr\/produit\/mandevilla-granules-hydro-10l\/#breadcrumb"},"inLanguage":"fr-FR","potentialAction":[{"@type":"ReadAction","target":["https:\/\/mandevillashop.com\/fr\/produit\/mandevilla-granules-hydro-10l\/"]}]},{"@type":"ImageObject","inLanguage":"fr-FR","@id":"https:\/\/mandevillashop.com\/fr\/produit\/mandevilla-granules-hydro-10l\/#primaryimage","url":"https:\/\/mandevillashop.com\/wp-content\/uploads\/2024\/01\/01Tekengebied-1-kopie-8.webp","contentUrl":"https:\/\/mandevillashop.com\/wp-content\/uploads\/2024\/01\/01Tekengebied-1-kopie-8.webp","width":802,"height":702},{"@type":"BreadcrumbList","@id":"https:\/\/mandevillashop.com\/fr\/produit\/mandevilla-granules-hydro-10l\/#breadcrumb","itemListElement":[{"@type":"ListItem","position":1,"name":"Home","item":"https:\/\/mandevillashop.com\/fr\/"},{"@type":"ListItem","position":2,"name":"Boutique","item":"https:\/\/mandevillashop.com\/fr\/boutique\/"},{"@type":"ListItem","position":3,"name":"Mandevilla Granul\u00e9s hydro"}]},{"@type":"WebSite","@id":"https:\/\/mandevillashop.com\/fr\/#website","url":"https:\/\/mandevillashop.com\/fr\/","name":"Mandevillashop","description":"De Mandevilla Specialist","publisher":{"@id":"https:\/\/mandevillashop.com\/fr\/#organization"},"potentialAction":[{"@type":"SearchAction","target":{"@type":"EntryPoint","urlTemplate":"https:\/\/mandevillashop.com\/fr\/?s={search_term_string}"},"query-input":{"@type":"PropertyValueSpecification","valueRequired":true,"valueName":"search_term_string"}}],"inLanguage":"fr-FR"},{"@type":"Organization","@id":"https:\/\/mandevillashop.com\/fr\/#organization","name":"Mandevilla Shop","url":"https:\/\/mandevillashop.com\/fr\/","logo":{"@type":"ImageObject","inLanguage":"fr-FR","@id":"https:\/\/mandevillashop.com\/fr\/#\/schema\/logo\/image\/","url":"https:\/\/mandevillashop.com\/wp-content\/uploads\/2023\/07\/mandevilla-shop-zwart.svg","contentUrl":"https:\/\/mandevillashop.com\/wp-content\/uploads\/2023\/07\/mandevilla-shop-zwart.svg","caption":"Mandevilla Shop"},"image":{"@id":"https:\/\/mandevillashop.com\/fr\/#\/schema\/logo\/image\/"}}]}},"_links":{"self":[{"href":"https:\/\/mandevillashop.com\/fr\/wp-json\/wp\/v2\/product\/5913","targetHints":{"allow":["GET"]}}],"collection":[{"href":"https:\/\/mandevillashop.com\/fr\/wp-json\/wp\/v2\/product"}],"about":[{"href":"https:\/\/mandevillashop.com\/fr\/wp-json\/wp\/v2\/types\/product"}],"replies":[{"embeddable":true,"href":"https:\/\/mandevillashop.com\/fr\/wp-json\/wp\/v2\/comments?post=5913"}],"wp:featuredmedia":[{"embeddable":true,"href":"https:\/\/mandevillashop.com\/fr\/wp-json\/wp\/v2\/media\/2985"}],"wp:attachment":[{"href":"https:\/\/mandevillashop.com\/fr\/wp-json\/wp\/v2\/media?parent=5913"}],"wp:term":[{"taxonomy":"product_brand","embeddable":true,"href":"https:\/\/mandevillashop.com\/fr\/wp-json\/wp\/v2\/product_brand?post=5913"},{"taxonomy":"product_cat","embeddable":true,"href":"https:\/\/mandevillashop.com\/fr\/wp-json\/wp\/v2\/product_cat?post=5913"},{"taxonomy":"product_tag","embeddable":true,"href":"https:\/\/mandevillashop.com\/fr\/wp-json\/wp\/v2\/product_tag?post=5913"},{"taxonomy":"linked_variations","embeddable":true,"href":"https:\/\/mandevillashop.com\/fr\/wp-json\/wp\/v2\/linked_variations?post=5913"}],"curies":[{"name":"wp","href":"https:\/\/api.w.org\/{rel}","templated":true}]}}