{"id":5930,"date":"2022-02-22T11:59:00","date_gmt":"2022-02-22T10:59:00","guid":{"rendered":"https:\/\/mandevillashop.com\/product\/mandevilla-ensemble-de-grimpe\/"},"modified":"2024-04-09T11:02:16","modified_gmt":"2024-04-09T09:02:16","slug":"mandevilla-ensemble-de-grimpe","status":"publish","type":"product","link":"https:\/\/mandevillashop.com\/fr\/produit\/mandevilla-ensemble-de-grimpe\/","title":{"rendered":"Mandevilla ensemble de grimpe"},"content":{"rendered":"<p>Les mand\u00e9villas que nous vendons sont d\u00e9j\u00e0 compl\u00e8tement d\u00e9velopp\u00e9s en hauteur. Avec cet ensemble, vous pouvez \u00e9tendre le support de bambou pour que la plante puisse pousser plus rapidement. Le mand\u00e9villa est une plante grimpante par nature et il grandira davantage au fur et \u00e0 mesure qu\u2019il s\u2019accrochera pour prendre de la hauteur.<\/p>\n<p>Contenu du kit d&#8217;escalade :<\/p>\n<ul>\n<li>6 b\u00e2tons de bambou de 35cm<\/li>\n<li>6 b\u00e2tons de bambou de 50cm<\/li>\n<li>24 grands clips de montage pour les poteaux en bambou<\/li>\n<li>24 petits clips de montage pour la plante<\/li>\n<\/ul>\n<p>*Ce kit d&#8217;escalade est fourni sans plante<\/p>\n","protected":false},"excerpt":{"rendered":"<p>Avec l\u2019ensemble pour plantes grimpantes mand\u00e9villas, vous tirerez le maximum de votre joyeuse fleur d\u2019\u00e9t\u00e9. Avec cet ensemble, vous pouvez \u00e9tendre le support de bambou pour que la plante puisse pousser plus rapidement. L\u2019ensemble se compose d\u2019attaches et de b\u00e2tons de diff\u00e9rentes tailles, de sorte qu\u2019il y a toujours la bonne solution pour votre plante de jardin.<\/p>\n","protected":false},"featured_media":2940,"comment_status":"open","ping_status":"closed","template":"","meta":{"_acf_changed":false},"product_brand":[],"product_cat":[232,259],"product_tag":[],"linked_variations":[],"class_list":{"0":"post-5930","1":"product","2":"type-product","3":"status-publish","4":"has-post-thumbnail","6":"product_cat-mandevilla-extras-fr","7":"product_cat-supplements","9":"first","10":"instock","11":"taxable","12":"shipping-taxable","13":"purchasable","14":"product-type-simple"},"acf":[],"yoast_head":"<!-- This site is optimized with the Yoast SEO plugin v27.4 - https:\/\/yoast.com\/product\/yoast-seo-wordpress\/ -->\n<title>Mandevilla Mandevilla ensemble de grimpe - Mandevillashop<\/title>\n<meta name=\"description\" content=\"Avec le ensemble de grimpe Mandevilla, vous pouvez faire pousser la plante plus rapidement. L&#039;ensemble se compose de clips et de perches de diff\u00e9rentes tailles.\" \/>\n<meta name=\"robots\" content=\"index, follow, max-snippet:-1, max-image-preview:large, max-video-preview:-1\" \/>\n<link rel=\"canonical\" href=\"https:\/\/mandevillashop.com\/fr\/produit\/mandevilla-ensemble-de-grimpe\/\" \/>\n<meta property=\"og:locale\" content=\"fr_FR\" \/>\n<meta property=\"og:type\" content=\"article\" \/>\n<meta property=\"og:title\" content=\"Mandevilla Mandevilla ensemble de grimpe - Mandevillashop\" \/>\n<meta property=\"og:description\" content=\"Avec le ensemble de grimpe Mandevilla, vous pouvez faire pousser la plante plus rapidement. L&#039;ensemble se compose de clips et de perches de diff\u00e9rentes tailles.\" \/>\n<meta property=\"og:url\" content=\"https:\/\/mandevillashop.com\/fr\/produit\/mandevilla-ensemble-de-grimpe\/\" \/>\n<meta property=\"og:site_name\" content=\"Mandevillashop\" \/>\n<meta property=\"article:modified_time\" content=\"2024-04-09T09:02:16+00:00\" \/>\n<meta property=\"og:image\" content=\"https:\/\/mandevillashop.com\/wp-content\/uploads\/2024\/01\/Mandevilla-klimset-close-up.jpg\" \/>\n\t<meta property=\"og:image:width\" content=\"1200\" \/>\n\t<meta property=\"og:image:height\" content=\"1200\" \/>\n\t<meta property=\"og:image:type\" content=\"image\/jpeg\" \/>\n<meta name=\"twitter:card\" content=\"summary_large_image\" \/>\n<meta name=\"twitter:label1\" content=\"Dur\u00e9e de lecture estim\u00e9e\" \/>\n\t<meta name=\"twitter:data1\" content=\"1 minute\" \/>\n<script type=\"application\/ld+json\" class=\"yoast-schema-graph\">{\"@context\":\"https:\\\/\\\/schema.org\",\"@graph\":[{\"@type\":[\"WebPage\",\"ItemPage\"],\"@id\":\"https:\\\/\\\/mandevillashop.com\\\/fr\\\/produit\\\/mandevilla-ensemble-de-grimpe\\\/\",\"url\":\"https:\\\/\\\/mandevillashop.com\\\/fr\\\/produit\\\/mandevilla-ensemble-de-grimpe\\\/\",\"name\":\"Mandevilla Mandevilla ensemble de grimpe - Mandevillashop\",\"isPartOf\":{\"@id\":\"https:\\\/\\\/mandevillashop.com\\\/fr\\\/#website\"},\"primaryImageOfPage\":{\"@id\":\"https:\\\/\\\/mandevillashop.com\\\/fr\\\/produit\\\/mandevilla-ensemble-de-grimpe\\\/#primaryimage\"},\"image\":{\"@id\":\"https:\\\/\\\/mandevillashop.com\\\/fr\\\/produit\\\/mandevilla-ensemble-de-grimpe\\\/#primaryimage\"},\"thumbnailUrl\":\"https:\\\/\\\/mandevillashop.com\\\/wp-content\\\/uploads\\\/2024\\\/01\\\/Mandevilla-klimset-close-up.jpg\",\"datePublished\":\"2022-02-22T10:59:00+00:00\",\"dateModified\":\"2024-04-09T09:02:16+00:00\",\"description\":\"Avec le ensemble de grimpe Mandevilla, vous pouvez faire pousser la plante plus rapidement. L'ensemble se compose de clips et de perches de diff\u00e9rentes tailles.\",\"breadcrumb\":{\"@id\":\"https:\\\/\\\/mandevillashop.com\\\/fr\\\/produit\\\/mandevilla-ensemble-de-grimpe\\\/#breadcrumb\"},\"inLanguage\":\"fr-FR\",\"potentialAction\":[{\"@type\":\"ReadAction\",\"target\":[\"https:\\\/\\\/mandevillashop.com\\\/fr\\\/produit\\\/mandevilla-ensemble-de-grimpe\\\/\"]}]},{\"@type\":\"ImageObject\",\"inLanguage\":\"fr-FR\",\"@id\":\"https:\\\/\\\/mandevillashop.com\\\/fr\\\/produit\\\/mandevilla-ensemble-de-grimpe\\\/#primaryimage\",\"url\":\"https:\\\/\\\/mandevillashop.com\\\/wp-content\\\/uploads\\\/2024\\\/01\\\/Mandevilla-klimset-close-up.jpg\",\"contentUrl\":\"https:\\\/\\\/mandevillashop.com\\\/wp-content\\\/uploads\\\/2024\\\/01\\\/Mandevilla-klimset-close-up.jpg\",\"width\":1200,\"height\":1200},{\"@type\":\"BreadcrumbList\",\"@id\":\"https:\\\/\\\/mandevillashop.com\\\/fr\\\/produit\\\/mandevilla-ensemble-de-grimpe\\\/#breadcrumb\",\"itemListElement\":[{\"@type\":\"ListItem\",\"position\":1,\"name\":\"Home\",\"item\":\"https:\\\/\\\/mandevillashop.com\\\/fr\\\/\"},{\"@type\":\"ListItem\",\"position\":2,\"name\":\"Boutique\",\"item\":\"https:\\\/\\\/mandevillashop.com\\\/fr\\\/boutique\\\/\"},{\"@type\":\"ListItem\",\"position\":3,\"name\":\"Mandevilla ensemble de grimpe\"}]},{\"@type\":\"WebSite\",\"@id\":\"https:\\\/\\\/mandevillashop.com\\\/fr\\\/#website\",\"url\":\"https:\\\/\\\/mandevillashop.com\\\/fr\\\/\",\"name\":\"Mandevillashop\",\"description\":\"De Mandevilla Specialist\",\"publisher\":{\"@id\":\"https:\\\/\\\/mandevillashop.com\\\/fr\\\/#organization\"},\"potentialAction\":[{\"@type\":\"SearchAction\",\"target\":{\"@type\":\"EntryPoint\",\"urlTemplate\":\"https:\\\/\\\/mandevillashop.com\\\/fr\\\/?s={search_term_string}\"},\"query-input\":{\"@type\":\"PropertyValueSpecification\",\"valueRequired\":true,\"valueName\":\"search_term_string\"}}],\"inLanguage\":\"fr-FR\"},{\"@type\":\"Organization\",\"@id\":\"https:\\\/\\\/mandevillashop.com\\\/fr\\\/#organization\",\"name\":\"Mandevilla Shop\",\"url\":\"https:\\\/\\\/mandevillashop.com\\\/fr\\\/\",\"logo\":{\"@type\":\"ImageObject\",\"inLanguage\":\"fr-FR\",\"@id\":\"https:\\\/\\\/mandevillashop.com\\\/fr\\\/#\\\/schema\\\/logo\\\/image\\\/\",\"url\":\"https:\\\/\\\/mandevillashop.com\\\/wp-content\\\/uploads\\\/2023\\\/07\\\/mandevilla-shop-zwart.svg\",\"contentUrl\":\"https:\\\/\\\/mandevillashop.com\\\/wp-content\\\/uploads\\\/2023\\\/07\\\/mandevilla-shop-zwart.svg\",\"caption\":\"Mandevilla Shop\"},\"image\":{\"@id\":\"https:\\\/\\\/mandevillashop.com\\\/fr\\\/#\\\/schema\\\/logo\\\/image\\\/\"}}]}<\/script>\n<!-- \/ Yoast SEO plugin. -->","yoast_head_json":{"title":"Mandevilla Mandevilla ensemble de grimpe - Mandevillashop","description":"Avec le ensemble de grimpe Mandevilla, vous pouvez faire pousser la plante plus rapidement. L'ensemble se compose de clips et de perches de diff\u00e9rentes tailles.","robots":{"index":"index","follow":"follow","max-snippet":"max-snippet:-1","max-image-preview":"max-image-preview:large","max-video-preview":"max-video-preview:-1"},"canonical":"https:\/\/mandevillashop.com\/fr\/produit\/mandevilla-ensemble-de-grimpe\/","og_locale":"fr_FR","og_type":"article","og_title":"Mandevilla Mandevilla ensemble de grimpe - Mandevillashop","og_description":"Avec le ensemble de grimpe Mandevilla, vous pouvez faire pousser la plante plus rapidement. L'ensemble se compose de clips et de perches de diff\u00e9rentes tailles.","og_url":"https:\/\/mandevillashop.com\/fr\/produit\/mandevilla-ensemble-de-grimpe\/","og_site_name":"Mandevillashop","article_modified_time":"2024-04-09T09:02:16+00:00","og_image":[{"width":1200,"height":1200,"url":"https:\/\/mandevillashop.com\/wp-content\/uploads\/2024\/01\/Mandevilla-klimset-close-up.jpg","type":"image\/jpeg"}],"twitter_card":"summary_large_image","twitter_misc":{"Dur\u00e9e de lecture estim\u00e9e":"1 minute"},"schema":{"@context":"https:\/\/schema.org","@graph":[{"@type":["WebPage","ItemPage"],"@id":"https:\/\/mandevillashop.com\/fr\/produit\/mandevilla-ensemble-de-grimpe\/","url":"https:\/\/mandevillashop.com\/fr\/produit\/mandevilla-ensemble-de-grimpe\/","name":"Mandevilla Mandevilla ensemble de grimpe - Mandevillashop","isPartOf":{"@id":"https:\/\/mandevillashop.com\/fr\/#website"},"primaryImageOfPage":{"@id":"https:\/\/mandevillashop.com\/fr\/produit\/mandevilla-ensemble-de-grimpe\/#primaryimage"},"image":{"@id":"https:\/\/mandevillashop.com\/fr\/produit\/mandevilla-ensemble-de-grimpe\/#primaryimage"},"thumbnailUrl":"https:\/\/mandevillashop.com\/wp-content\/uploads\/2024\/01\/Mandevilla-klimset-close-up.jpg","datePublished":"2022-02-22T10:59:00+00:00","dateModified":"2024-04-09T09:02:16+00:00","description":"Avec le ensemble de grimpe Mandevilla, vous pouvez faire pousser la plante plus rapidement. L'ensemble se compose de clips et de perches de diff\u00e9rentes tailles.","breadcrumb":{"@id":"https:\/\/mandevillashop.com\/fr\/produit\/mandevilla-ensemble-de-grimpe\/#breadcrumb"},"inLanguage":"fr-FR","potentialAction":[{"@type":"ReadAction","target":["https:\/\/mandevillashop.com\/fr\/produit\/mandevilla-ensemble-de-grimpe\/"]}]},{"@type":"ImageObject","inLanguage":"fr-FR","@id":"https:\/\/mandevillashop.com\/fr\/produit\/mandevilla-ensemble-de-grimpe\/#primaryimage","url":"https:\/\/mandevillashop.com\/wp-content\/uploads\/2024\/01\/Mandevilla-klimset-close-up.jpg","contentUrl":"https:\/\/mandevillashop.com\/wp-content\/uploads\/2024\/01\/Mandevilla-klimset-close-up.jpg","width":1200,"height":1200},{"@type":"BreadcrumbList","@id":"https:\/\/mandevillashop.com\/fr\/produit\/mandevilla-ensemble-de-grimpe\/#breadcrumb","itemListElement":[{"@type":"ListItem","position":1,"name":"Home","item":"https:\/\/mandevillashop.com\/fr\/"},{"@type":"ListItem","position":2,"name":"Boutique","item":"https:\/\/mandevillashop.com\/fr\/boutique\/"},{"@type":"ListItem","position":3,"name":"Mandevilla ensemble de grimpe"}]},{"@type":"WebSite","@id":"https:\/\/mandevillashop.com\/fr\/#website","url":"https:\/\/mandevillashop.com\/fr\/","name":"Mandevillashop","description":"De Mandevilla Specialist","publisher":{"@id":"https:\/\/mandevillashop.com\/fr\/#organization"},"potentialAction":[{"@type":"SearchAction","target":{"@type":"EntryPoint","urlTemplate":"https:\/\/mandevillashop.com\/fr\/?s={search_term_string}"},"query-input":{"@type":"PropertyValueSpecification","valueRequired":true,"valueName":"search_term_string"}}],"inLanguage":"fr-FR"},{"@type":"Organization","@id":"https:\/\/mandevillashop.com\/fr\/#organization","name":"Mandevilla Shop","url":"https:\/\/mandevillashop.com\/fr\/","logo":{"@type":"ImageObject","inLanguage":"fr-FR","@id":"https:\/\/mandevillashop.com\/fr\/#\/schema\/logo\/image\/","url":"https:\/\/mandevillashop.com\/wp-content\/uploads\/2023\/07\/mandevilla-shop-zwart.svg","contentUrl":"https:\/\/mandevillashop.com\/wp-content\/uploads\/2023\/07\/mandevilla-shop-zwart.svg","caption":"Mandevilla Shop"},"image":{"@id":"https:\/\/mandevillashop.com\/fr\/#\/schema\/logo\/image\/"}}]}},"_links":{"self":[{"href":"https:\/\/mandevillashop.com\/fr\/wp-json\/wp\/v2\/product\/5930","targetHints":{"allow":["GET"]}}],"collection":[{"href":"https:\/\/mandevillashop.com\/fr\/wp-json\/wp\/v2\/product"}],"about":[{"href":"https:\/\/mandevillashop.com\/fr\/wp-json\/wp\/v2\/types\/product"}],"replies":[{"embeddable":true,"href":"https:\/\/mandevillashop.com\/fr\/wp-json\/wp\/v2\/comments?post=5930"}],"wp:featuredmedia":[{"embeddable":true,"href":"https:\/\/mandevillashop.com\/fr\/wp-json\/wp\/v2\/media\/2940"}],"wp:attachment":[{"href":"https:\/\/mandevillashop.com\/fr\/wp-json\/wp\/v2\/media?parent=5930"}],"wp:term":[{"taxonomy":"product_brand","embeddable":true,"href":"https:\/\/mandevillashop.com\/fr\/wp-json\/wp\/v2\/product_brand?post=5930"},{"taxonomy":"product_cat","embeddable":true,"href":"https:\/\/mandevillashop.com\/fr\/wp-json\/wp\/v2\/product_cat?post=5930"},{"taxonomy":"product_tag","embeddable":true,"href":"https:\/\/mandevillashop.com\/fr\/wp-json\/wp\/v2\/product_tag?post=5930"},{"taxonomy":"linked_variations","embeddable":true,"href":"https:\/\/mandevillashop.com\/fr\/wp-json\/wp\/v2\/linked_variations?post=5930"}],"curies":[{"name":"wp","href":"https:\/\/api.w.org\/{rel}","templated":true}]}}