{"id":6024,"date":"2022-02-22T11:04:04","date_gmt":"2022-02-22T10:04:04","guid":{"rendered":"https:\/\/mandevillashop.com\/product\/mandevilla-terreau\/"},"modified":"2024-04-12T11:38:04","modified_gmt":"2024-04-12T09:38:04","slug":"mandevilla-terreau","status":"publish","type":"product","link":"https:\/\/mandevillashop.com\/fr\/produit\/mandevilla-terreau\/","title":{"rendered":"Mandevilla Terreau"},"content":{"rendered":"<p>Ce terreau pour mand\u00e9villa avec des nutriments est la base parfaite pour votre mand\u00e9villa. Dans notre p\u00e9pini\u00e8re, nous utilisons \u00e9galement ce terreau pour la culture des mand\u00e9villas. Le terreau est certifi\u00e9 RHP, ce qui signifie que c\u2019est un produit bon et honn\u00eate. Une garantie de qualit\u00e9 et de s\u00e9curit\u00e9. En outre, un engrais \u00e0 action prolong\u00e9e a \u00e9t\u00e9 ajout\u00e9 au terreau sous la forme d\u2019Osmocote. Il s\u2019agit de granul\u00e9s d\u2019engrais enrob\u00e9s qui lib\u00e8rent lentement leurs nutriments tout au long de la saison, de sorte que le mand\u00e9villa n\u2019a pas besoin d\u2019\u00eatre fertilis\u00e9 pendant toute la saison ext\u00e9rieure. Ce terreau convient \u00e9galement tr\u00e8s bien aux autres plantes en pot et aux plantes de terrasse.<\/p>\n","protected":false},"excerpt":{"rendered":"<p>Ce terreau (20 litres) a \u00e9t\u00e9 sp\u00e9cialement \u00e9labor\u00e9 pour le mand\u00e9villa. Le terreau contient la bonne terre et les bons nutriments, de sorte que la plante d\u2019ext\u00e9rieure joyeuse poussera et fleurira magnifiquement toute la saison.<\/p>\n","protected":false},"featured_media":2961,"comment_status":"open","ping_status":"closed","template":"","meta":{"_acf_changed":false},"product_brand":[],"product_cat":[232,259],"product_tag":[],"linked_variations":[],"class_list":{"0":"post-6024","1":"product","2":"type-product","3":"status-publish","4":"has-post-thumbnail","6":"product_cat-mandevilla-extras-fr","7":"product_cat-supplements","9":"first","10":"instock","11":"taxable","12":"shipping-taxable","13":"purchasable","14":"product-type-simple"},"acf":[],"yoast_head":"<!-- This site is optimized with the Yoast SEO plugin v27.4 - https:\/\/yoast.com\/product\/yoast-seo-wordpress\/ -->\n<title>Mandevilla Mandevilla Terreau - Mandevillashop<\/title>\n<meta name=\"description\" content=\"Ce terreau a \u00e9t\u00e9 sp\u00e9cialement \u00e9labor\u00e9 pour la Mandevilla et contient les bons nutriments, de sorte que la plante fleurira magnifiquement toute la saison.\" \/>\n<meta name=\"robots\" content=\"index, follow, max-snippet:-1, max-image-preview:large, max-video-preview:-1\" \/>\n<link rel=\"canonical\" href=\"https:\/\/mandevillashop.com\/fr\/produit\/mandevilla-terreau\/\" \/>\n<meta property=\"og:locale\" content=\"fr_FR\" \/>\n<meta property=\"og:type\" content=\"article\" \/>\n<meta property=\"og:title\" content=\"Mandevilla Mandevilla Terreau - Mandevillashop\" \/>\n<meta property=\"og:description\" content=\"Ce terreau a \u00e9t\u00e9 sp\u00e9cialement \u00e9labor\u00e9 pour la Mandevilla et contient les bons nutriments, de sorte que la plante fleurira magnifiquement toute la saison.\" \/>\n<meta property=\"og:url\" content=\"https:\/\/mandevillashop.com\/fr\/produit\/mandevilla-terreau\/\" \/>\n<meta property=\"og:site_name\" content=\"Mandevillashop\" \/>\n<meta property=\"article:modified_time\" content=\"2024-04-12T09:38:04+00:00\" \/>\n<meta property=\"og:image\" content=\"https:\/\/mandevillashop.com\/wp-content\/uploads\/2024\/01\/01Tekengebied-1-kopie-6.webp\" \/>\n\t<meta property=\"og:image:width\" content=\"802\" \/>\n\t<meta property=\"og:image:height\" content=\"701\" \/>\n\t<meta property=\"og:image:type\" content=\"image\/webp\" \/>\n<meta name=\"twitter:card\" content=\"summary_large_image\" \/>\n<meta name=\"twitter:label1\" content=\"Dur\u00e9e de lecture estim\u00e9e\" \/>\n\t<meta name=\"twitter:data1\" content=\"1 minute\" \/>\n<script type=\"application\/ld+json\" class=\"yoast-schema-graph\">{\"@context\":\"https:\\\/\\\/schema.org\",\"@graph\":[{\"@type\":[\"WebPage\",\"ItemPage\"],\"@id\":\"https:\\\/\\\/mandevillashop.com\\\/fr\\\/produit\\\/mandevilla-terreau\\\/\",\"url\":\"https:\\\/\\\/mandevillashop.com\\\/fr\\\/produit\\\/mandevilla-terreau\\\/\",\"name\":\"Mandevilla Mandevilla Terreau - Mandevillashop\",\"isPartOf\":{\"@id\":\"https:\\\/\\\/mandevillashop.com\\\/fr\\\/#website\"},\"primaryImageOfPage\":{\"@id\":\"https:\\\/\\\/mandevillashop.com\\\/fr\\\/produit\\\/mandevilla-terreau\\\/#primaryimage\"},\"image\":{\"@id\":\"https:\\\/\\\/mandevillashop.com\\\/fr\\\/produit\\\/mandevilla-terreau\\\/#primaryimage\"},\"thumbnailUrl\":\"https:\\\/\\\/mandevillashop.com\\\/wp-content\\\/uploads\\\/2024\\\/01\\\/01Tekengebied-1-kopie-6.webp\",\"datePublished\":\"2022-02-22T10:04:04+00:00\",\"dateModified\":\"2024-04-12T09:38:04+00:00\",\"description\":\"Ce terreau a \u00e9t\u00e9 sp\u00e9cialement \u00e9labor\u00e9 pour la Mandevilla et contient les bons nutriments, de sorte que la plante fleurira magnifiquement toute la saison.\",\"breadcrumb\":{\"@id\":\"https:\\\/\\\/mandevillashop.com\\\/fr\\\/produit\\\/mandevilla-terreau\\\/#breadcrumb\"},\"inLanguage\":\"fr-FR\",\"potentialAction\":[{\"@type\":\"ReadAction\",\"target\":[\"https:\\\/\\\/mandevillashop.com\\\/fr\\\/produit\\\/mandevilla-terreau\\\/\"]}]},{\"@type\":\"ImageObject\",\"inLanguage\":\"fr-FR\",\"@id\":\"https:\\\/\\\/mandevillashop.com\\\/fr\\\/produit\\\/mandevilla-terreau\\\/#primaryimage\",\"url\":\"https:\\\/\\\/mandevillashop.com\\\/wp-content\\\/uploads\\\/2024\\\/01\\\/01Tekengebied-1-kopie-6.webp\",\"contentUrl\":\"https:\\\/\\\/mandevillashop.com\\\/wp-content\\\/uploads\\\/2024\\\/01\\\/01Tekengebied-1-kopie-6.webp\",\"width\":802,\"height\":701},{\"@type\":\"BreadcrumbList\",\"@id\":\"https:\\\/\\\/mandevillashop.com\\\/fr\\\/produit\\\/mandevilla-terreau\\\/#breadcrumb\",\"itemListElement\":[{\"@type\":\"ListItem\",\"position\":1,\"name\":\"Home\",\"item\":\"https:\\\/\\\/mandevillashop.com\\\/fr\\\/\"},{\"@type\":\"ListItem\",\"position\":2,\"name\":\"Boutique\",\"item\":\"https:\\\/\\\/mandevillashop.com\\\/fr\\\/boutique\\\/\"},{\"@type\":\"ListItem\",\"position\":3,\"name\":\"Mandevilla Terreau\"}]},{\"@type\":\"WebSite\",\"@id\":\"https:\\\/\\\/mandevillashop.com\\\/fr\\\/#website\",\"url\":\"https:\\\/\\\/mandevillashop.com\\\/fr\\\/\",\"name\":\"Mandevillashop\",\"description\":\"De Mandevilla Specialist\",\"publisher\":{\"@id\":\"https:\\\/\\\/mandevillashop.com\\\/fr\\\/#organization\"},\"potentialAction\":[{\"@type\":\"SearchAction\",\"target\":{\"@type\":\"EntryPoint\",\"urlTemplate\":\"https:\\\/\\\/mandevillashop.com\\\/fr\\\/?s={search_term_string}\"},\"query-input\":{\"@type\":\"PropertyValueSpecification\",\"valueRequired\":true,\"valueName\":\"search_term_string\"}}],\"inLanguage\":\"fr-FR\"},{\"@type\":\"Organization\",\"@id\":\"https:\\\/\\\/mandevillashop.com\\\/fr\\\/#organization\",\"name\":\"Mandevilla Shop\",\"url\":\"https:\\\/\\\/mandevillashop.com\\\/fr\\\/\",\"logo\":{\"@type\":\"ImageObject\",\"inLanguage\":\"fr-FR\",\"@id\":\"https:\\\/\\\/mandevillashop.com\\\/fr\\\/#\\\/schema\\\/logo\\\/image\\\/\",\"url\":\"https:\\\/\\\/mandevillashop.com\\\/wp-content\\\/uploads\\\/2023\\\/07\\\/mandevilla-shop-zwart.svg\",\"contentUrl\":\"https:\\\/\\\/mandevillashop.com\\\/wp-content\\\/uploads\\\/2023\\\/07\\\/mandevilla-shop-zwart.svg\",\"caption\":\"Mandevilla Shop\"},\"image\":{\"@id\":\"https:\\\/\\\/mandevillashop.com\\\/fr\\\/#\\\/schema\\\/logo\\\/image\\\/\"}}]}<\/script>\n<!-- \/ Yoast SEO plugin. -->","yoast_head_json":{"title":"Mandevilla Mandevilla Terreau - Mandevillashop","description":"Ce terreau a \u00e9t\u00e9 sp\u00e9cialement \u00e9labor\u00e9 pour la Mandevilla et contient les bons nutriments, de sorte que la plante fleurira magnifiquement toute la saison.","robots":{"index":"index","follow":"follow","max-snippet":"max-snippet:-1","max-image-preview":"max-image-preview:large","max-video-preview":"max-video-preview:-1"},"canonical":"https:\/\/mandevillashop.com\/fr\/produit\/mandevilla-terreau\/","og_locale":"fr_FR","og_type":"article","og_title":"Mandevilla Mandevilla Terreau - Mandevillashop","og_description":"Ce terreau a \u00e9t\u00e9 sp\u00e9cialement \u00e9labor\u00e9 pour la Mandevilla et contient les bons nutriments, de sorte que la plante fleurira magnifiquement toute la saison.","og_url":"https:\/\/mandevillashop.com\/fr\/produit\/mandevilla-terreau\/","og_site_name":"Mandevillashop","article_modified_time":"2024-04-12T09:38:04+00:00","og_image":[{"width":802,"height":701,"url":"https:\/\/mandevillashop.com\/wp-content\/uploads\/2024\/01\/01Tekengebied-1-kopie-6.webp","type":"image\/webp"}],"twitter_card":"summary_large_image","twitter_misc":{"Dur\u00e9e de lecture estim\u00e9e":"1 minute"},"schema":{"@context":"https:\/\/schema.org","@graph":[{"@type":["WebPage","ItemPage"],"@id":"https:\/\/mandevillashop.com\/fr\/produit\/mandevilla-terreau\/","url":"https:\/\/mandevillashop.com\/fr\/produit\/mandevilla-terreau\/","name":"Mandevilla Mandevilla Terreau - Mandevillashop","isPartOf":{"@id":"https:\/\/mandevillashop.com\/fr\/#website"},"primaryImageOfPage":{"@id":"https:\/\/mandevillashop.com\/fr\/produit\/mandevilla-terreau\/#primaryimage"},"image":{"@id":"https:\/\/mandevillashop.com\/fr\/produit\/mandevilla-terreau\/#primaryimage"},"thumbnailUrl":"https:\/\/mandevillashop.com\/wp-content\/uploads\/2024\/01\/01Tekengebied-1-kopie-6.webp","datePublished":"2022-02-22T10:04:04+00:00","dateModified":"2024-04-12T09:38:04+00:00","description":"Ce terreau a \u00e9t\u00e9 sp\u00e9cialement \u00e9labor\u00e9 pour la Mandevilla et contient les bons nutriments, de sorte que la plante fleurira magnifiquement toute la saison.","breadcrumb":{"@id":"https:\/\/mandevillashop.com\/fr\/produit\/mandevilla-terreau\/#breadcrumb"},"inLanguage":"fr-FR","potentialAction":[{"@type":"ReadAction","target":["https:\/\/mandevillashop.com\/fr\/produit\/mandevilla-terreau\/"]}]},{"@type":"ImageObject","inLanguage":"fr-FR","@id":"https:\/\/mandevillashop.com\/fr\/produit\/mandevilla-terreau\/#primaryimage","url":"https:\/\/mandevillashop.com\/wp-content\/uploads\/2024\/01\/01Tekengebied-1-kopie-6.webp","contentUrl":"https:\/\/mandevillashop.com\/wp-content\/uploads\/2024\/01\/01Tekengebied-1-kopie-6.webp","width":802,"height":701},{"@type":"BreadcrumbList","@id":"https:\/\/mandevillashop.com\/fr\/produit\/mandevilla-terreau\/#breadcrumb","itemListElement":[{"@type":"ListItem","position":1,"name":"Home","item":"https:\/\/mandevillashop.com\/fr\/"},{"@type":"ListItem","position":2,"name":"Boutique","item":"https:\/\/mandevillashop.com\/fr\/boutique\/"},{"@type":"ListItem","position":3,"name":"Mandevilla Terreau"}]},{"@type":"WebSite","@id":"https:\/\/mandevillashop.com\/fr\/#website","url":"https:\/\/mandevillashop.com\/fr\/","name":"Mandevillashop","description":"De Mandevilla Specialist","publisher":{"@id":"https:\/\/mandevillashop.com\/fr\/#organization"},"potentialAction":[{"@type":"SearchAction","target":{"@type":"EntryPoint","urlTemplate":"https:\/\/mandevillashop.com\/fr\/?s={search_term_string}"},"query-input":{"@type":"PropertyValueSpecification","valueRequired":true,"valueName":"search_term_string"}}],"inLanguage":"fr-FR"},{"@type":"Organization","@id":"https:\/\/mandevillashop.com\/fr\/#organization","name":"Mandevilla Shop","url":"https:\/\/mandevillashop.com\/fr\/","logo":{"@type":"ImageObject","inLanguage":"fr-FR","@id":"https:\/\/mandevillashop.com\/fr\/#\/schema\/logo\/image\/","url":"https:\/\/mandevillashop.com\/wp-content\/uploads\/2023\/07\/mandevilla-shop-zwart.svg","contentUrl":"https:\/\/mandevillashop.com\/wp-content\/uploads\/2023\/07\/mandevilla-shop-zwart.svg","caption":"Mandevilla Shop"},"image":{"@id":"https:\/\/mandevillashop.com\/fr\/#\/schema\/logo\/image\/"}}]}},"_links":{"self":[{"href":"https:\/\/mandevillashop.com\/fr\/wp-json\/wp\/v2\/product\/6024","targetHints":{"allow":["GET"]}}],"collection":[{"href":"https:\/\/mandevillashop.com\/fr\/wp-json\/wp\/v2\/product"}],"about":[{"href":"https:\/\/mandevillashop.com\/fr\/wp-json\/wp\/v2\/types\/product"}],"replies":[{"embeddable":true,"href":"https:\/\/mandevillashop.com\/fr\/wp-json\/wp\/v2\/comments?post=6024"}],"wp:featuredmedia":[{"embeddable":true,"href":"https:\/\/mandevillashop.com\/fr\/wp-json\/wp\/v2\/media\/2961"}],"wp:attachment":[{"href":"https:\/\/mandevillashop.com\/fr\/wp-json\/wp\/v2\/media?parent=6024"}],"wp:term":[{"taxonomy":"product_brand","embeddable":true,"href":"https:\/\/mandevillashop.com\/fr\/wp-json\/wp\/v2\/product_brand?post=6024"},{"taxonomy":"product_cat","embeddable":true,"href":"https:\/\/mandevillashop.com\/fr\/wp-json\/wp\/v2\/product_cat?post=6024"},{"taxonomy":"product_tag","embeddable":true,"href":"https:\/\/mandevillashop.com\/fr\/wp-json\/wp\/v2\/product_tag?post=6024"},{"taxonomy":"linked_variations","embeddable":true,"href":"https:\/\/mandevillashop.com\/fr\/wp-json\/wp\/v2\/linked_variations?post=6024"}],"curies":[{"name":"wp","href":"https:\/\/api.w.org\/{rel}","templated":true}]}}