{"id":8268,"date":"2023-02-22T10:11:09","date_gmt":"2023-02-22T09:11:09","guid":{"rendered":"https:\/\/mandevillashop.com\/product\/panier-en-rotin\/"},"modified":"2026-02-28T22:33:37","modified_gmt":"2026-02-28T21:33:37","slug":"panier-en-rotin","status":"publish","type":"product","link":"https:\/\/mandevillashop.com\/fr\/produit\/panier-en-rotin\/","title":{"rendered":"Panier en rotin"},"content":{"rendered":"<p>Combinez ce panier en osier tress\u00e9 avec vos Mandevilla\/Dipladenias pr\u00e9f\u00e9r\u00e9s pour une f\u00eate fleurie, du d\u00e9but du printemps jusqu&#8217;aux premi\u00e8res gel\u00e9es ! Vous vous demandez \u00e0 quoi pourrait ressembler cette jardini\u00e8re avec des Mandevilla\/Dipladenia \u00e0 l&#8217;int\u00e9rieur ? Consultez notre page &#8220;Shop The Look&#8221; !<\/p>\n","protected":false},"excerpt":{"rendered":"<p>Le panier en rotin de dimensions \u00d839&#215;30 est un panier en osier tress\u00e9 \u00e0 la main par les habitants d&#8217;Asie. Ce panier de style rotin est fait d&#8217;un mat\u00e9riau solide et a un aspect naturel. La jardini\u00e8re est munie de trous au fond, pour une bonne \u00e9vacuation de l&#8217;eau. C&#8217;est une jardini\u00e8re intemporelle qui s&#8217;adapte \u00e0 tous les int\u00e9rieurs et la fa\u00e7on dont le panier est fabriqu\u00e9 rend chaque exemplaire unique !<\/p>\n","protected":false},"featured_media":3165,"comment_status":"open","ping_status":"closed","template":"","meta":{"_acf_changed":false},"product_brand":[],"product_cat":[228],"product_tag":[282,285,288,291,294,297,300],"linked_variations":[],"class_list":{"0":"post-8268","1":"product","2":"type-product","3":"status-publish","4":"has-post-thumbnail","6":"product_cat-potten-fr","7":"product_tag-mand-fr","8":"product_tag-riet-fr","9":"product_tag-rieten-mand-fr","10":"product_tag-rond-fr","11":"product_tag-ronde-mand-fr","12":"product_tag-rotan-fr","13":"product_tag-rotan-mand-fr","15":"first","16":"instock","17":"taxable","18":"shipping-taxable","19":"purchasable","20":"product-type-simple"},"acf":[],"yoast_head":"<!-- This site is optimized with the Yoast SEO plugin v26.7 - https:\/\/yoast.com\/wordpress\/plugins\/seo\/ -->\n<title>Mandevilla Panier en rotin - Mandevillashop<\/title>\n<meta name=\"description\" content=\"Mandevilla Panier en rotin \u2714 Belle plante d&#039;ext\u00e9rieur avec de jolies fleurs \u2714 Directement de l&#039;horticulteur \u2714 Livraison rapide par la Mandevillashop\" \/>\n<meta name=\"robots\" content=\"index, follow, max-snippet:-1, max-image-preview:large, max-video-preview:-1\" \/>\n<link rel=\"canonical\" href=\"https:\/\/mandevillashop.com\/fr\/produit\/panier-en-rotin\/\" \/>\n<meta property=\"og:locale\" content=\"fr_FR\" \/>\n<meta property=\"og:type\" content=\"article\" \/>\n<meta property=\"og:title\" content=\"Mandevilla Panier en rotin - Mandevillashop\" \/>\n<meta property=\"og:description\" content=\"Mandevilla Panier en rotin \u2714 Belle plante d&#039;ext\u00e9rieur avec de jolies fleurs \u2714 Directement de l&#039;horticulteur \u2714 Livraison rapide par la Mandevillashop\" \/>\n<meta property=\"og:url\" content=\"https:\/\/mandevillashop.com\/fr\/produit\/panier-en-rotin\/\" \/>\n<meta property=\"og:site_name\" content=\"Mandevillashop\" \/>\n<meta property=\"article:modified_time\" content=\"2026-02-28T21:33:37+00:00\" \/>\n<meta property=\"og:image\" content=\"https:\/\/mandevillashop.com\/wp-content\/uploads\/2024\/01\/Rotan-mand.jpg\" \/>\n\t<meta property=\"og:image:width\" content=\"2000\" \/>\n\t<meta property=\"og:image:height\" content=\"2000\" \/>\n\t<meta property=\"og:image:type\" content=\"image\/jpeg\" \/>\n<meta name=\"twitter:card\" content=\"summary_large_image\" \/>\n<script type=\"application\/ld+json\" class=\"yoast-schema-graph\">{\"@context\":\"https:\/\/schema.org\",\"@graph\":[{\"@type\":[\"WebPage\",\"ItemPage\"],\"@id\":\"https:\/\/mandevillashop.com\/fr\/produit\/panier-en-rotin\/\",\"url\":\"https:\/\/mandevillashop.com\/fr\/produit\/panier-en-rotin\/\",\"name\":\"Mandevilla Panier en rotin - Mandevillashop\",\"isPartOf\":{\"@id\":\"https:\/\/mandevillashop.com\/fr\/#website\"},\"primaryImageOfPage\":{\"@id\":\"https:\/\/mandevillashop.com\/fr\/produit\/panier-en-rotin\/#primaryimage\"},\"image\":{\"@id\":\"https:\/\/mandevillashop.com\/fr\/produit\/panier-en-rotin\/#primaryimage\"},\"thumbnailUrl\":\"https:\/\/mandevillashop.com\/wp-content\/uploads\/2024\/01\/Rotan-mand.jpg\",\"datePublished\":\"2023-02-22T09:11:09+00:00\",\"dateModified\":\"2026-02-28T21:33:37+00:00\",\"description\":\"Mandevilla Panier en rotin \u2714 Belle plante d'ext\u00e9rieur avec de jolies fleurs \u2714 Directement de l'horticulteur \u2714 Livraison rapide par la Mandevillashop\",\"breadcrumb\":{\"@id\":\"https:\/\/mandevillashop.com\/fr\/produit\/panier-en-rotin\/#breadcrumb\"},\"inLanguage\":\"fr-FR\",\"potentialAction\":[{\"@type\":\"ReadAction\",\"target\":[\"https:\/\/mandevillashop.com\/fr\/produit\/panier-en-rotin\/\"]}]},{\"@type\":\"ImageObject\",\"inLanguage\":\"fr-FR\",\"@id\":\"https:\/\/mandevillashop.com\/fr\/produit\/panier-en-rotin\/#primaryimage\",\"url\":\"https:\/\/mandevillashop.com\/wp-content\/uploads\/2024\/01\/Rotan-mand.jpg\",\"contentUrl\":\"https:\/\/mandevillashop.com\/wp-content\/uploads\/2024\/01\/Rotan-mand.jpg\",\"width\":2000,\"height\":2000},{\"@type\":\"BreadcrumbList\",\"@id\":\"https:\/\/mandevillashop.com\/fr\/produit\/panier-en-rotin\/#breadcrumb\",\"itemListElement\":[{\"@type\":\"ListItem\",\"position\":1,\"name\":\"Home\",\"item\":\"https:\/\/mandevillashop.com\/fr\/\"},{\"@type\":\"ListItem\",\"position\":2,\"name\":\"Boutique\",\"item\":\"https:\/\/mandevillashop.com\/fr\/boutique\/\"},{\"@type\":\"ListItem\",\"position\":3,\"name\":\"Panier en rotin\"}]},{\"@type\":\"WebSite\",\"@id\":\"https:\/\/mandevillashop.com\/fr\/#website\",\"url\":\"https:\/\/mandevillashop.com\/fr\/\",\"name\":\"Mandevillashop\",\"description\":\"De Mandevilla Specialist\",\"publisher\":{\"@id\":\"https:\/\/mandevillashop.com\/fr\/#organization\"},\"potentialAction\":[{\"@type\":\"SearchAction\",\"target\":{\"@type\":\"EntryPoint\",\"urlTemplate\":\"https:\/\/mandevillashop.com\/fr\/?s={search_term_string}\"},\"query-input\":{\"@type\":\"PropertyValueSpecification\",\"valueRequired\":true,\"valueName\":\"search_term_string\"}}],\"inLanguage\":\"fr-FR\"},{\"@type\":\"Organization\",\"@id\":\"https:\/\/mandevillashop.com\/fr\/#organization\",\"name\":\"Mandevilla Shop\",\"url\":\"https:\/\/mandevillashop.com\/fr\/\",\"logo\":{\"@type\":\"ImageObject\",\"inLanguage\":\"fr-FR\",\"@id\":\"https:\/\/mandevillashop.com\/fr\/#\/schema\/logo\/image\/\",\"url\":\"https:\/\/mandevillashop.com\/wp-content\/uploads\/2023\/07\/mandevilla-shop-zwart.svg\",\"contentUrl\":\"https:\/\/mandevillashop.com\/wp-content\/uploads\/2023\/07\/mandevilla-shop-zwart.svg\",\"caption\":\"Mandevilla Shop\"},\"image\":{\"@id\":\"https:\/\/mandevillashop.com\/fr\/#\/schema\/logo\/image\/\"}}]}<\/script>\n<!-- \/ Yoast SEO plugin. -->","yoast_head_json":{"title":"Mandevilla Panier en rotin - Mandevillashop","description":"Mandevilla Panier en rotin \u2714 Belle plante d'ext\u00e9rieur avec de jolies fleurs \u2714 Directement de l'horticulteur \u2714 Livraison rapide par la Mandevillashop","robots":{"index":"index","follow":"follow","max-snippet":"max-snippet:-1","max-image-preview":"max-image-preview:large","max-video-preview":"max-video-preview:-1"},"canonical":"https:\/\/mandevillashop.com\/fr\/produit\/panier-en-rotin\/","og_locale":"fr_FR","og_type":"article","og_title":"Mandevilla Panier en rotin - Mandevillashop","og_description":"Mandevilla Panier en rotin \u2714 Belle plante d'ext\u00e9rieur avec de jolies fleurs \u2714 Directement de l'horticulteur \u2714 Livraison rapide par la Mandevillashop","og_url":"https:\/\/mandevillashop.com\/fr\/produit\/panier-en-rotin\/","og_site_name":"Mandevillashop","article_modified_time":"2026-02-28T21:33:37+00:00","og_image":[{"width":2000,"height":2000,"url":"https:\/\/mandevillashop.com\/wp-content\/uploads\/2024\/01\/Rotan-mand.jpg","type":"image\/jpeg"}],"twitter_card":"summary_large_image","schema":{"@context":"https:\/\/schema.org","@graph":[{"@type":["WebPage","ItemPage"],"@id":"https:\/\/mandevillashop.com\/fr\/produit\/panier-en-rotin\/","url":"https:\/\/mandevillashop.com\/fr\/produit\/panier-en-rotin\/","name":"Mandevilla Panier en rotin - Mandevillashop","isPartOf":{"@id":"https:\/\/mandevillashop.com\/fr\/#website"},"primaryImageOfPage":{"@id":"https:\/\/mandevillashop.com\/fr\/produit\/panier-en-rotin\/#primaryimage"},"image":{"@id":"https:\/\/mandevillashop.com\/fr\/produit\/panier-en-rotin\/#primaryimage"},"thumbnailUrl":"https:\/\/mandevillashop.com\/wp-content\/uploads\/2024\/01\/Rotan-mand.jpg","datePublished":"2023-02-22T09:11:09+00:00","dateModified":"2026-02-28T21:33:37+00:00","description":"Mandevilla Panier en rotin \u2714 Belle plante d'ext\u00e9rieur avec de jolies fleurs \u2714 Directement de l'horticulteur \u2714 Livraison rapide par la Mandevillashop","breadcrumb":{"@id":"https:\/\/mandevillashop.com\/fr\/produit\/panier-en-rotin\/#breadcrumb"},"inLanguage":"fr-FR","potentialAction":[{"@type":"ReadAction","target":["https:\/\/mandevillashop.com\/fr\/produit\/panier-en-rotin\/"]}]},{"@type":"ImageObject","inLanguage":"fr-FR","@id":"https:\/\/mandevillashop.com\/fr\/produit\/panier-en-rotin\/#primaryimage","url":"https:\/\/mandevillashop.com\/wp-content\/uploads\/2024\/01\/Rotan-mand.jpg","contentUrl":"https:\/\/mandevillashop.com\/wp-content\/uploads\/2024\/01\/Rotan-mand.jpg","width":2000,"height":2000},{"@type":"BreadcrumbList","@id":"https:\/\/mandevillashop.com\/fr\/produit\/panier-en-rotin\/#breadcrumb","itemListElement":[{"@type":"ListItem","position":1,"name":"Home","item":"https:\/\/mandevillashop.com\/fr\/"},{"@type":"ListItem","position":2,"name":"Boutique","item":"https:\/\/mandevillashop.com\/fr\/boutique\/"},{"@type":"ListItem","position":3,"name":"Panier en rotin"}]},{"@type":"WebSite","@id":"https:\/\/mandevillashop.com\/fr\/#website","url":"https:\/\/mandevillashop.com\/fr\/","name":"Mandevillashop","description":"De Mandevilla Specialist","publisher":{"@id":"https:\/\/mandevillashop.com\/fr\/#organization"},"potentialAction":[{"@type":"SearchAction","target":{"@type":"EntryPoint","urlTemplate":"https:\/\/mandevillashop.com\/fr\/?s={search_term_string}"},"query-input":{"@type":"PropertyValueSpecification","valueRequired":true,"valueName":"search_term_string"}}],"inLanguage":"fr-FR"},{"@type":"Organization","@id":"https:\/\/mandevillashop.com\/fr\/#organization","name":"Mandevilla Shop","url":"https:\/\/mandevillashop.com\/fr\/","logo":{"@type":"ImageObject","inLanguage":"fr-FR","@id":"https:\/\/mandevillashop.com\/fr\/#\/schema\/logo\/image\/","url":"https:\/\/mandevillashop.com\/wp-content\/uploads\/2023\/07\/mandevilla-shop-zwart.svg","contentUrl":"https:\/\/mandevillashop.com\/wp-content\/uploads\/2023\/07\/mandevilla-shop-zwart.svg","caption":"Mandevilla Shop"},"image":{"@id":"https:\/\/mandevillashop.com\/fr\/#\/schema\/logo\/image\/"}}]}},"_links":{"self":[{"href":"https:\/\/mandevillashop.com\/fr\/wp-json\/wp\/v2\/product\/8268","targetHints":{"allow":["GET"]}}],"collection":[{"href":"https:\/\/mandevillashop.com\/fr\/wp-json\/wp\/v2\/product"}],"about":[{"href":"https:\/\/mandevillashop.com\/fr\/wp-json\/wp\/v2\/types\/product"}],"replies":[{"embeddable":true,"href":"https:\/\/mandevillashop.com\/fr\/wp-json\/wp\/v2\/comments?post=8268"}],"wp:featuredmedia":[{"embeddable":true,"href":"https:\/\/mandevillashop.com\/fr\/wp-json\/wp\/v2\/media\/3165"}],"wp:attachment":[{"href":"https:\/\/mandevillashop.com\/fr\/wp-json\/wp\/v2\/media?parent=8268"}],"wp:term":[{"taxonomy":"product_brand","embeddable":true,"href":"https:\/\/mandevillashop.com\/fr\/wp-json\/wp\/v2\/product_brand?post=8268"},{"taxonomy":"product_cat","embeddable":true,"href":"https:\/\/mandevillashop.com\/fr\/wp-json\/wp\/v2\/product_cat?post=8268"},{"taxonomy":"product_tag","embeddable":true,"href":"https:\/\/mandevillashop.com\/fr\/wp-json\/wp\/v2\/product_tag?post=8268"},{"taxonomy":"linked_variations","embeddable":true,"href":"https:\/\/mandevillashop.com\/fr\/wp-json\/wp\/v2\/linked_variations?post=8268"}],"curies":[{"name":"wp","href":"https:\/\/api.w.org\/{rel}","templated":true}]}}