{"id":8271,"date":"2023-02-15T16:01:27","date_gmt":"2023-02-15T15:01:27","guid":{"rendered":"https:\/\/mandevillashop.com\/product\/pot-rond-ornemental-taupe\/"},"modified":"2023-02-15T15:01:27","modified_gmt":"2023-02-15T14:01:27","slug":"pot-rond-ornemental-taupe","status":"publish","type":"product","link":"https:\/\/mandevillashop.com\/fr\/produit\/pot-rond-ornemental-taupe\/","title":{"rendered":"Pot rond ornemental Taupe"},"content":{"rendered":"<p>Combinez cette jardini\u00e8re italienne avec vos Mandevilla\/Dipladenias pr\u00e9f\u00e9r\u00e9s pour une f\u00eate de la floraison du d\u00e9but du printemps jusqu&#8217;aux premi\u00e8res gel\u00e9es ! Vous vous demandez \u00e0 quoi pourrait ressembler cette jardini\u00e8re avec des Mandevilla\/Dipladenia \u00e0 l&#8217;int\u00e9rieur ? Alors consultez notre page Shop The Look !<\/p>\n","protected":false},"excerpt":{"rendered":"<p>Le pot ornemental rond Taupe est un pot rond de dimensions \u00d830&#215;23. Fabriqu\u00e9 en Italie, ce produit de qualit\u00e9 est r\u00e9sistant aux UV, aux rayures et aux chocs. La couleur neutre et douce et la finition mate de ce pot d\u00e9coratif en font un bel ajout subtil au jardin ou au balcon de tout un chacun ! La jardini\u00e8re est dot\u00e9e de trous au fond, pour une bonne \u00e9vacuation de l&#8217;eau. Le mat\u00e9riau l\u00e9ger rend le pot facile \u00e0 d\u00e9placer.<\/p>\n","protected":false},"featured_media":3159,"comment_status":"open","ping_status":"closed","template":"","meta":{"_acf_changed":false},"product_brand":[],"product_cat":[228],"product_tag":[291],"linked_variations":[],"class_list":{"0":"post-8271","1":"product","2":"type-product","3":"status-publish","4":"has-post-thumbnail","6":"product_cat-potten-fr","7":"product_tag-rond-fr","9":"first","10":"instock","11":"taxable","12":"shipping-taxable","13":"purchasable","14":"product-type-simple"},"acf":[],"yoast_head":"<!-- This site is optimized with the Yoast SEO plugin v26.7 - https:\/\/yoast.com\/wordpress\/plugins\/seo\/ -->\n<title>Mandevilla Pot rond ornemental Taupe - Mandevillashop<\/title>\n<meta name=\"description\" content=\"Mandevilla Pot rond ornemental Taupe \u2714 Belle plante d&#039;ext\u00e9rieur avec de jolies fleurs \u2714 Directement de l&#039;horticulteur \u2714 Livraison rapide par la Mandevillashop\" \/>\n<meta name=\"robots\" content=\"index, follow, max-snippet:-1, max-image-preview:large, max-video-preview:-1\" \/>\n<link rel=\"canonical\" href=\"https:\/\/mandevillashop.com\/fr\/produit\/pot-rond-ornemental-taupe\/\" \/>\n<meta property=\"og:locale\" content=\"fr_FR\" \/>\n<meta property=\"og:type\" content=\"article\" \/>\n<meta property=\"og:title\" content=\"Mandevilla Pot rond ornemental Taupe - Mandevillashop\" \/>\n<meta property=\"og:description\" content=\"Mandevilla Pot rond ornemental Taupe \u2714 Belle plante d&#039;ext\u00e9rieur avec de jolies fleurs \u2714 Directement de l&#039;horticulteur \u2714 Livraison rapide par la Mandevillashop\" \/>\n<meta property=\"og:url\" content=\"https:\/\/mandevillashop.com\/fr\/produit\/pot-rond-ornemental-taupe\/\" \/>\n<meta property=\"og:site_name\" content=\"Mandevillashop\" \/>\n<meta property=\"og:image\" content=\"https:\/\/mandevillashop.com\/wp-content\/uploads\/2024\/01\/Sierpot-Rond-Taupe.jpg\" \/>\n\t<meta property=\"og:image:width\" content=\"2000\" \/>\n\t<meta property=\"og:image:height\" content=\"2000\" \/>\n\t<meta property=\"og:image:type\" content=\"image\/jpeg\" \/>\n<meta name=\"twitter:card\" content=\"summary_large_image\" \/>\n<script type=\"application\/ld+json\" class=\"yoast-schema-graph\">{\"@context\":\"https:\/\/schema.org\",\"@graph\":[{\"@type\":[\"WebPage\",\"ItemPage\"],\"@id\":\"https:\/\/mandevillashop.com\/fr\/produit\/pot-rond-ornemental-taupe\/\",\"url\":\"https:\/\/mandevillashop.com\/fr\/produit\/pot-rond-ornemental-taupe\/\",\"name\":\"Mandevilla Pot rond ornemental Taupe - Mandevillashop\",\"isPartOf\":{\"@id\":\"https:\/\/mandevillashop.com\/fr\/#website\"},\"primaryImageOfPage\":{\"@id\":\"https:\/\/mandevillashop.com\/fr\/produit\/pot-rond-ornemental-taupe\/#primaryimage\"},\"image\":{\"@id\":\"https:\/\/mandevillashop.com\/fr\/produit\/pot-rond-ornemental-taupe\/#primaryimage\"},\"thumbnailUrl\":\"https:\/\/mandevillashop.com\/wp-content\/uploads\/2024\/01\/Sierpot-Rond-Taupe.jpg\",\"datePublished\":\"2023-02-15T15:01:27+00:00\",\"description\":\"Mandevilla Pot rond ornemental Taupe \u2714 Belle plante d'ext\u00e9rieur avec de jolies fleurs \u2714 Directement de l'horticulteur \u2714 Livraison rapide par la Mandevillashop\",\"breadcrumb\":{\"@id\":\"https:\/\/mandevillashop.com\/fr\/produit\/pot-rond-ornemental-taupe\/#breadcrumb\"},\"inLanguage\":\"fr-FR\",\"potentialAction\":[{\"@type\":\"ReadAction\",\"target\":[\"https:\/\/mandevillashop.com\/fr\/produit\/pot-rond-ornemental-taupe\/\"]}]},{\"@type\":\"ImageObject\",\"inLanguage\":\"fr-FR\",\"@id\":\"https:\/\/mandevillashop.com\/fr\/produit\/pot-rond-ornemental-taupe\/#primaryimage\",\"url\":\"https:\/\/mandevillashop.com\/wp-content\/uploads\/2024\/01\/Sierpot-Rond-Taupe.jpg\",\"contentUrl\":\"https:\/\/mandevillashop.com\/wp-content\/uploads\/2024\/01\/Sierpot-Rond-Taupe.jpg\",\"width\":2000,\"height\":2000},{\"@type\":\"BreadcrumbList\",\"@id\":\"https:\/\/mandevillashop.com\/fr\/produit\/pot-rond-ornemental-taupe\/#breadcrumb\",\"itemListElement\":[{\"@type\":\"ListItem\",\"position\":1,\"name\":\"Home\",\"item\":\"https:\/\/mandevillashop.com\/fr\/\"},{\"@type\":\"ListItem\",\"position\":2,\"name\":\"Boutique\",\"item\":\"https:\/\/mandevillashop.com\/fr\/boutique\/\"},{\"@type\":\"ListItem\",\"position\":3,\"name\":\"Pot rond ornemental Taupe\"}]},{\"@type\":\"WebSite\",\"@id\":\"https:\/\/mandevillashop.com\/fr\/#website\",\"url\":\"https:\/\/mandevillashop.com\/fr\/\",\"name\":\"Mandevillashop\",\"description\":\"De Mandevilla Specialist\",\"publisher\":{\"@id\":\"https:\/\/mandevillashop.com\/fr\/#organization\"},\"potentialAction\":[{\"@type\":\"SearchAction\",\"target\":{\"@type\":\"EntryPoint\",\"urlTemplate\":\"https:\/\/mandevillashop.com\/fr\/?s={search_term_string}\"},\"query-input\":{\"@type\":\"PropertyValueSpecification\",\"valueRequired\":true,\"valueName\":\"search_term_string\"}}],\"inLanguage\":\"fr-FR\"},{\"@type\":\"Organization\",\"@id\":\"https:\/\/mandevillashop.com\/fr\/#organization\",\"name\":\"Mandevilla Shop\",\"url\":\"https:\/\/mandevillashop.com\/fr\/\",\"logo\":{\"@type\":\"ImageObject\",\"inLanguage\":\"fr-FR\",\"@id\":\"https:\/\/mandevillashop.com\/fr\/#\/schema\/logo\/image\/\",\"url\":\"https:\/\/mandevillashop.com\/wp-content\/uploads\/2023\/07\/mandevilla-shop-zwart.svg\",\"contentUrl\":\"https:\/\/mandevillashop.com\/wp-content\/uploads\/2023\/07\/mandevilla-shop-zwart.svg\",\"caption\":\"Mandevilla Shop\"},\"image\":{\"@id\":\"https:\/\/mandevillashop.com\/fr\/#\/schema\/logo\/image\/\"}}]}<\/script>\n<!-- \/ Yoast SEO plugin. -->","yoast_head_json":{"title":"Mandevilla Pot rond ornemental Taupe - Mandevillashop","description":"Mandevilla Pot rond ornemental Taupe \u2714 Belle plante d'ext\u00e9rieur avec de jolies fleurs \u2714 Directement de l'horticulteur \u2714 Livraison rapide par la Mandevillashop","robots":{"index":"index","follow":"follow","max-snippet":"max-snippet:-1","max-image-preview":"max-image-preview:large","max-video-preview":"max-video-preview:-1"},"canonical":"https:\/\/mandevillashop.com\/fr\/produit\/pot-rond-ornemental-taupe\/","og_locale":"fr_FR","og_type":"article","og_title":"Mandevilla Pot rond ornemental Taupe - Mandevillashop","og_description":"Mandevilla Pot rond ornemental Taupe \u2714 Belle plante d'ext\u00e9rieur avec de jolies fleurs \u2714 Directement de l'horticulteur \u2714 Livraison rapide par la Mandevillashop","og_url":"https:\/\/mandevillashop.com\/fr\/produit\/pot-rond-ornemental-taupe\/","og_site_name":"Mandevillashop","og_image":[{"width":2000,"height":2000,"url":"https:\/\/mandevillashop.com\/wp-content\/uploads\/2024\/01\/Sierpot-Rond-Taupe.jpg","type":"image\/jpeg"}],"twitter_card":"summary_large_image","schema":{"@context":"https:\/\/schema.org","@graph":[{"@type":["WebPage","ItemPage"],"@id":"https:\/\/mandevillashop.com\/fr\/produit\/pot-rond-ornemental-taupe\/","url":"https:\/\/mandevillashop.com\/fr\/produit\/pot-rond-ornemental-taupe\/","name":"Mandevilla Pot rond ornemental Taupe - Mandevillashop","isPartOf":{"@id":"https:\/\/mandevillashop.com\/fr\/#website"},"primaryImageOfPage":{"@id":"https:\/\/mandevillashop.com\/fr\/produit\/pot-rond-ornemental-taupe\/#primaryimage"},"image":{"@id":"https:\/\/mandevillashop.com\/fr\/produit\/pot-rond-ornemental-taupe\/#primaryimage"},"thumbnailUrl":"https:\/\/mandevillashop.com\/wp-content\/uploads\/2024\/01\/Sierpot-Rond-Taupe.jpg","datePublished":"2023-02-15T15:01:27+00:00","description":"Mandevilla Pot rond ornemental Taupe \u2714 Belle plante d'ext\u00e9rieur avec de jolies fleurs \u2714 Directement de l'horticulteur \u2714 Livraison rapide par la Mandevillashop","breadcrumb":{"@id":"https:\/\/mandevillashop.com\/fr\/produit\/pot-rond-ornemental-taupe\/#breadcrumb"},"inLanguage":"fr-FR","potentialAction":[{"@type":"ReadAction","target":["https:\/\/mandevillashop.com\/fr\/produit\/pot-rond-ornemental-taupe\/"]}]},{"@type":"ImageObject","inLanguage":"fr-FR","@id":"https:\/\/mandevillashop.com\/fr\/produit\/pot-rond-ornemental-taupe\/#primaryimage","url":"https:\/\/mandevillashop.com\/wp-content\/uploads\/2024\/01\/Sierpot-Rond-Taupe.jpg","contentUrl":"https:\/\/mandevillashop.com\/wp-content\/uploads\/2024\/01\/Sierpot-Rond-Taupe.jpg","width":2000,"height":2000},{"@type":"BreadcrumbList","@id":"https:\/\/mandevillashop.com\/fr\/produit\/pot-rond-ornemental-taupe\/#breadcrumb","itemListElement":[{"@type":"ListItem","position":1,"name":"Home","item":"https:\/\/mandevillashop.com\/fr\/"},{"@type":"ListItem","position":2,"name":"Boutique","item":"https:\/\/mandevillashop.com\/fr\/boutique\/"},{"@type":"ListItem","position":3,"name":"Pot rond ornemental Taupe"}]},{"@type":"WebSite","@id":"https:\/\/mandevillashop.com\/fr\/#website","url":"https:\/\/mandevillashop.com\/fr\/","name":"Mandevillashop","description":"De Mandevilla Specialist","publisher":{"@id":"https:\/\/mandevillashop.com\/fr\/#organization"},"potentialAction":[{"@type":"SearchAction","target":{"@type":"EntryPoint","urlTemplate":"https:\/\/mandevillashop.com\/fr\/?s={search_term_string}"},"query-input":{"@type":"PropertyValueSpecification","valueRequired":true,"valueName":"search_term_string"}}],"inLanguage":"fr-FR"},{"@type":"Organization","@id":"https:\/\/mandevillashop.com\/fr\/#organization","name":"Mandevilla Shop","url":"https:\/\/mandevillashop.com\/fr\/","logo":{"@type":"ImageObject","inLanguage":"fr-FR","@id":"https:\/\/mandevillashop.com\/fr\/#\/schema\/logo\/image\/","url":"https:\/\/mandevillashop.com\/wp-content\/uploads\/2023\/07\/mandevilla-shop-zwart.svg","contentUrl":"https:\/\/mandevillashop.com\/wp-content\/uploads\/2023\/07\/mandevilla-shop-zwart.svg","caption":"Mandevilla Shop"},"image":{"@id":"https:\/\/mandevillashop.com\/fr\/#\/schema\/logo\/image\/"}}]}},"_links":{"self":[{"href":"https:\/\/mandevillashop.com\/fr\/wp-json\/wp\/v2\/product\/8271","targetHints":{"allow":["GET"]}}],"collection":[{"href":"https:\/\/mandevillashop.com\/fr\/wp-json\/wp\/v2\/product"}],"about":[{"href":"https:\/\/mandevillashop.com\/fr\/wp-json\/wp\/v2\/types\/product"}],"replies":[{"embeddable":true,"href":"https:\/\/mandevillashop.com\/fr\/wp-json\/wp\/v2\/comments?post=8271"}],"wp:featuredmedia":[{"embeddable":true,"href":"https:\/\/mandevillashop.com\/fr\/wp-json\/wp\/v2\/media\/3159"}],"wp:attachment":[{"href":"https:\/\/mandevillashop.com\/fr\/wp-json\/wp\/v2\/media?parent=8271"}],"wp:term":[{"taxonomy":"product_brand","embeddable":true,"href":"https:\/\/mandevillashop.com\/fr\/wp-json\/wp\/v2\/product_brand?post=8271"},{"taxonomy":"product_cat","embeddable":true,"href":"https:\/\/mandevillashop.com\/fr\/wp-json\/wp\/v2\/product_cat?post=8271"},{"taxonomy":"product_tag","embeddable":true,"href":"https:\/\/mandevillashop.com\/fr\/wp-json\/wp\/v2\/product_tag?post=8271"},{"taxonomy":"linked_variations","embeddable":true,"href":"https:\/\/mandevillashop.com\/fr\/wp-json\/wp\/v2\/linked_variations?post=8271"}],"curies":[{"name":"wp","href":"https:\/\/api.w.org\/{rel}","templated":true}]}}