{"id":8329,"date":"2023-03-22T13:44:20","date_gmt":"2023-03-22T12:44:20","guid":{"rendered":"https:\/\/mandevillashop.com\/product\/paco\/"},"modified":"2025-03-02T14:11:05","modified_gmt":"2025-03-02T13:11:05","slug":"paco","status":"publish","type":"product","link":"https:\/\/mandevillashop.com\/fr\/produit\/paco\/","title":{"rendered":"Paco"},"content":{"rendered":"<p>Ajoutez l&#8217;atmosph\u00e8re n\u00e9cessaire \u00e0 votre jardin ou \u00e0 votre balcon avec cet ensemble de plantes Mandevilla. Composez votre look en choisissant votre couleur de plantes pr\u00e9f\u00e9r\u00e9e. Combin\u00e9es \u00e0 ce panier en rotin, les plantes ressortent vraiment ! Le panier en rotin a \u00e9t\u00e9 tiss\u00e9 en Asie par les populations locales. Il est fait d&#8217;un mat\u00e9riau solide, a un aspect naturel et comporte des trous au fond pour une bonne \u00e9vacuation de l&#8217;eau. Ce kit de bricolage est livr\u00e9 avec une soucoupe, la bonne quantit\u00e9 de terreau et des pastilles hydro.<\/p>\n","protected":false},"excerpt":{"rendered":"<p>L&#8217;ensemble Shop The Look Paco se compose du panier en rotin et de deux fois le Mini pack Mandaville Sundaville Red. Avec cet ensemble compos\u00e9 d&#8217;un panier naturel et de nombreuses fleurs joyeuses, vous ajouterez une touche m\u00e9diterran\u00e9enne \u00e0 votre balcon ou \u00e0 votre terrasse. Vous pr\u00e9f\u00e9rez une autre couleur de Sundaville Mandevilla ? Pas de probl\u00e8me, indiquez ci-dessous votre couleur pr\u00e9f\u00e9r\u00e9e de Mandevilla.<\/p>\n","protected":false},"featured_media":4433,"comment_status":"open","ping_status":"closed","template":"","meta":{"_acf_changed":false},"product_brand":[],"product_cat":[262],"product_tag":[282,349,300],"linked_variations":[],"class_list":{"0":"post-8329","1":"product","2":"type-product","3":"status-publish","4":"has-post-thumbnail","6":"product_cat-liasses","7":"product_tag-mand-fr","8":"product_tag-red-fr","9":"product_tag-rotan-mand-fr","11":"first","12":"instock","13":"taxable","14":"shipping-taxable","15":"purchasable","16":"product-type-simple"},"acf":[],"yoast_head":"<!-- This site is optimized with the Yoast SEO plugin v27.4 - https:\/\/yoast.com\/product\/yoast-seo-wordpress\/ -->\n<title>Mandevilla Paco - Mandevillashop<\/title>\n<meta name=\"description\" content=\"Mandevilla Paco \u2714 Belle plante d&#039;ext\u00e9rieur avec de jolies fleurs \u2714 Directement de l&#039;horticulteur \u2714 Livraison rapide par la Mandevillashop\" \/>\n<meta name=\"robots\" content=\"index, follow, max-snippet:-1, max-image-preview:large, max-video-preview:-1\" \/>\n<link rel=\"canonical\" href=\"https:\/\/mandevillashop.com\/fr\/produit\/paco\/\" \/>\n<meta property=\"og:locale\" content=\"fr_FR\" \/>\n<meta property=\"og:type\" content=\"article\" \/>\n<meta property=\"og:title\" content=\"Mandevilla Paco - Mandevillashop\" \/>\n<meta property=\"og:description\" content=\"Mandevilla Paco \u2714 Belle plante d&#039;ext\u00e9rieur avec de jolies fleurs \u2714 Directement de l&#039;horticulteur \u2714 Livraison rapide par la Mandevillashop\" \/>\n<meta property=\"og:url\" content=\"https:\/\/mandevillashop.com\/fr\/produit\/paco\/\" \/>\n<meta property=\"og:site_name\" content=\"Mandevillashop\" \/>\n<meta property=\"article:modified_time\" content=\"2025-03-02T13:11:05+00:00\" \/>\n<meta property=\"og:image\" content=\"https:\/\/mandevillashop.com\/wp-content\/uploads\/2024\/01\/20220809-Beautyplants-8437-3-Web-scaled-20.jpg\" \/>\n\t<meta property=\"og:image:width\" content=\"1708\" \/>\n\t<meta property=\"og:image:height\" content=\"2560\" \/>\n\t<meta property=\"og:image:type\" content=\"image\/jpeg\" \/>\n<meta name=\"twitter:card\" content=\"summary_large_image\" \/>\n<script type=\"application\/ld+json\" class=\"yoast-schema-graph\">{\"@context\":\"https:\\\/\\\/schema.org\",\"@graph\":[{\"@type\":[\"WebPage\",\"ItemPage\"],\"@id\":\"https:\\\/\\\/mandevillashop.com\\\/fr\\\/produit\\\/paco\\\/\",\"url\":\"https:\\\/\\\/mandevillashop.com\\\/fr\\\/produit\\\/paco\\\/\",\"name\":\"Mandevilla Paco - Mandevillashop\",\"isPartOf\":{\"@id\":\"https:\\\/\\\/mandevillashop.com\\\/fr\\\/#website\"},\"primaryImageOfPage\":{\"@id\":\"https:\\\/\\\/mandevillashop.com\\\/fr\\\/produit\\\/paco\\\/#primaryimage\"},\"image\":{\"@id\":\"https:\\\/\\\/mandevillashop.com\\\/fr\\\/produit\\\/paco\\\/#primaryimage\"},\"thumbnailUrl\":\"https:\\\/\\\/mandevillashop.com\\\/wp-content\\\/uploads\\\/2024\\\/01\\\/20220809-Beautyplants-8437-3-Web-scaled-20.jpg\",\"datePublished\":\"2023-03-22T12:44:20+00:00\",\"dateModified\":\"2025-03-02T13:11:05+00:00\",\"description\":\"Mandevilla Paco \u2714 Belle plante d'ext\u00e9rieur avec de jolies fleurs \u2714 Directement de l'horticulteur \u2714 Livraison rapide par la Mandevillashop\",\"breadcrumb\":{\"@id\":\"https:\\\/\\\/mandevillashop.com\\\/fr\\\/produit\\\/paco\\\/#breadcrumb\"},\"inLanguage\":\"fr-FR\",\"potentialAction\":[{\"@type\":\"ReadAction\",\"target\":[\"https:\\\/\\\/mandevillashop.com\\\/fr\\\/produit\\\/paco\\\/\"]}]},{\"@type\":\"ImageObject\",\"inLanguage\":\"fr-FR\",\"@id\":\"https:\\\/\\\/mandevillashop.com\\\/fr\\\/produit\\\/paco\\\/#primaryimage\",\"url\":\"https:\\\/\\\/mandevillashop.com\\\/wp-content\\\/uploads\\\/2024\\\/01\\\/20220809-Beautyplants-8437-3-Web-scaled-20.jpg\",\"contentUrl\":\"https:\\\/\\\/mandevillashop.com\\\/wp-content\\\/uploads\\\/2024\\\/01\\\/20220809-Beautyplants-8437-3-Web-scaled-20.jpg\",\"width\":1708,\"height\":2560,\"caption\":\"Mandevilla rouge dans un panier en rotin\"},{\"@type\":\"BreadcrumbList\",\"@id\":\"https:\\\/\\\/mandevillashop.com\\\/fr\\\/produit\\\/paco\\\/#breadcrumb\",\"itemListElement\":[{\"@type\":\"ListItem\",\"position\":1,\"name\":\"Home\",\"item\":\"https:\\\/\\\/mandevillashop.com\\\/fr\\\/\"},{\"@type\":\"ListItem\",\"position\":2,\"name\":\"Boutique\",\"item\":\"https:\\\/\\\/mandevillashop.com\\\/fr\\\/boutique\\\/\"},{\"@type\":\"ListItem\",\"position\":3,\"name\":\"Paco\"}]},{\"@type\":\"WebSite\",\"@id\":\"https:\\\/\\\/mandevillashop.com\\\/fr\\\/#website\",\"url\":\"https:\\\/\\\/mandevillashop.com\\\/fr\\\/\",\"name\":\"Mandevillashop\",\"description\":\"De Mandevilla Specialist\",\"publisher\":{\"@id\":\"https:\\\/\\\/mandevillashop.com\\\/fr\\\/#organization\"},\"potentialAction\":[{\"@type\":\"SearchAction\",\"target\":{\"@type\":\"EntryPoint\",\"urlTemplate\":\"https:\\\/\\\/mandevillashop.com\\\/fr\\\/?s={search_term_string}\"},\"query-input\":{\"@type\":\"PropertyValueSpecification\",\"valueRequired\":true,\"valueName\":\"search_term_string\"}}],\"inLanguage\":\"fr-FR\"},{\"@type\":\"Organization\",\"@id\":\"https:\\\/\\\/mandevillashop.com\\\/fr\\\/#organization\",\"name\":\"Mandevilla Shop\",\"url\":\"https:\\\/\\\/mandevillashop.com\\\/fr\\\/\",\"logo\":{\"@type\":\"ImageObject\",\"inLanguage\":\"fr-FR\",\"@id\":\"https:\\\/\\\/mandevillashop.com\\\/fr\\\/#\\\/schema\\\/logo\\\/image\\\/\",\"url\":\"https:\\\/\\\/mandevillashop.com\\\/wp-content\\\/uploads\\\/2023\\\/07\\\/mandevilla-shop-zwart.svg\",\"contentUrl\":\"https:\\\/\\\/mandevillashop.com\\\/wp-content\\\/uploads\\\/2023\\\/07\\\/mandevilla-shop-zwart.svg\",\"caption\":\"Mandevilla Shop\"},\"image\":{\"@id\":\"https:\\\/\\\/mandevillashop.com\\\/fr\\\/#\\\/schema\\\/logo\\\/image\\\/\"}}]}<\/script>\n<!-- \/ Yoast SEO plugin. -->","yoast_head_json":{"title":"Mandevilla Paco - Mandevillashop","description":"Mandevilla Paco \u2714 Belle plante d'ext\u00e9rieur avec de jolies fleurs \u2714 Directement de l'horticulteur \u2714 Livraison rapide par la Mandevillashop","robots":{"index":"index","follow":"follow","max-snippet":"max-snippet:-1","max-image-preview":"max-image-preview:large","max-video-preview":"max-video-preview:-1"},"canonical":"https:\/\/mandevillashop.com\/fr\/produit\/paco\/","og_locale":"fr_FR","og_type":"article","og_title":"Mandevilla Paco - Mandevillashop","og_description":"Mandevilla Paco \u2714 Belle plante d'ext\u00e9rieur avec de jolies fleurs \u2714 Directement de l'horticulteur \u2714 Livraison rapide par la Mandevillashop","og_url":"https:\/\/mandevillashop.com\/fr\/produit\/paco\/","og_site_name":"Mandevillashop","article_modified_time":"2025-03-02T13:11:05+00:00","og_image":[{"width":1708,"height":2560,"url":"https:\/\/mandevillashop.com\/wp-content\/uploads\/2024\/01\/20220809-Beautyplants-8437-3-Web-scaled-20.jpg","type":"image\/jpeg"}],"twitter_card":"summary_large_image","schema":{"@context":"https:\/\/schema.org","@graph":[{"@type":["WebPage","ItemPage"],"@id":"https:\/\/mandevillashop.com\/fr\/produit\/paco\/","url":"https:\/\/mandevillashop.com\/fr\/produit\/paco\/","name":"Mandevilla Paco - Mandevillashop","isPartOf":{"@id":"https:\/\/mandevillashop.com\/fr\/#website"},"primaryImageOfPage":{"@id":"https:\/\/mandevillashop.com\/fr\/produit\/paco\/#primaryimage"},"image":{"@id":"https:\/\/mandevillashop.com\/fr\/produit\/paco\/#primaryimage"},"thumbnailUrl":"https:\/\/mandevillashop.com\/wp-content\/uploads\/2024\/01\/20220809-Beautyplants-8437-3-Web-scaled-20.jpg","datePublished":"2023-03-22T12:44:20+00:00","dateModified":"2025-03-02T13:11:05+00:00","description":"Mandevilla Paco \u2714 Belle plante d'ext\u00e9rieur avec de jolies fleurs \u2714 Directement de l'horticulteur \u2714 Livraison rapide par la Mandevillashop","breadcrumb":{"@id":"https:\/\/mandevillashop.com\/fr\/produit\/paco\/#breadcrumb"},"inLanguage":"fr-FR","potentialAction":[{"@type":"ReadAction","target":["https:\/\/mandevillashop.com\/fr\/produit\/paco\/"]}]},{"@type":"ImageObject","inLanguage":"fr-FR","@id":"https:\/\/mandevillashop.com\/fr\/produit\/paco\/#primaryimage","url":"https:\/\/mandevillashop.com\/wp-content\/uploads\/2024\/01\/20220809-Beautyplants-8437-3-Web-scaled-20.jpg","contentUrl":"https:\/\/mandevillashop.com\/wp-content\/uploads\/2024\/01\/20220809-Beautyplants-8437-3-Web-scaled-20.jpg","width":1708,"height":2560,"caption":"Mandevilla rouge dans un panier en rotin"},{"@type":"BreadcrumbList","@id":"https:\/\/mandevillashop.com\/fr\/produit\/paco\/#breadcrumb","itemListElement":[{"@type":"ListItem","position":1,"name":"Home","item":"https:\/\/mandevillashop.com\/fr\/"},{"@type":"ListItem","position":2,"name":"Boutique","item":"https:\/\/mandevillashop.com\/fr\/boutique\/"},{"@type":"ListItem","position":3,"name":"Paco"}]},{"@type":"WebSite","@id":"https:\/\/mandevillashop.com\/fr\/#website","url":"https:\/\/mandevillashop.com\/fr\/","name":"Mandevillashop","description":"De Mandevilla Specialist","publisher":{"@id":"https:\/\/mandevillashop.com\/fr\/#organization"},"potentialAction":[{"@type":"SearchAction","target":{"@type":"EntryPoint","urlTemplate":"https:\/\/mandevillashop.com\/fr\/?s={search_term_string}"},"query-input":{"@type":"PropertyValueSpecification","valueRequired":true,"valueName":"search_term_string"}}],"inLanguage":"fr-FR"},{"@type":"Organization","@id":"https:\/\/mandevillashop.com\/fr\/#organization","name":"Mandevilla Shop","url":"https:\/\/mandevillashop.com\/fr\/","logo":{"@type":"ImageObject","inLanguage":"fr-FR","@id":"https:\/\/mandevillashop.com\/fr\/#\/schema\/logo\/image\/","url":"https:\/\/mandevillashop.com\/wp-content\/uploads\/2023\/07\/mandevilla-shop-zwart.svg","contentUrl":"https:\/\/mandevillashop.com\/wp-content\/uploads\/2023\/07\/mandevilla-shop-zwart.svg","caption":"Mandevilla Shop"},"image":{"@id":"https:\/\/mandevillashop.com\/fr\/#\/schema\/logo\/image\/"}}]}},"_links":{"self":[{"href":"https:\/\/mandevillashop.com\/fr\/wp-json\/wp\/v2\/product\/8329","targetHints":{"allow":["GET"]}}],"collection":[{"href":"https:\/\/mandevillashop.com\/fr\/wp-json\/wp\/v2\/product"}],"about":[{"href":"https:\/\/mandevillashop.com\/fr\/wp-json\/wp\/v2\/types\/product"}],"replies":[{"embeddable":true,"href":"https:\/\/mandevillashop.com\/fr\/wp-json\/wp\/v2\/comments?post=8329"}],"wp:featuredmedia":[{"embeddable":true,"href":"https:\/\/mandevillashop.com\/fr\/wp-json\/wp\/v2\/media\/4433"}],"wp:attachment":[{"href":"https:\/\/mandevillashop.com\/fr\/wp-json\/wp\/v2\/media?parent=8329"}],"wp:term":[{"taxonomy":"product_brand","embeddable":true,"href":"https:\/\/mandevillashop.com\/fr\/wp-json\/wp\/v2\/product_brand?post=8329"},{"taxonomy":"product_cat","embeddable":true,"href":"https:\/\/mandevillashop.com\/fr\/wp-json\/wp\/v2\/product_cat?post=8329"},{"taxonomy":"product_tag","embeddable":true,"href":"https:\/\/mandevillashop.com\/fr\/wp-json\/wp\/v2\/product_tag?post=8329"},{"taxonomy":"linked_variations","embeddable":true,"href":"https:\/\/mandevillashop.com\/fr\/wp-json\/wp\/v2\/linked_variations?post=8329"}],"curies":[{"name":"wp","href":"https:\/\/api.w.org\/{rel}","templated":true}]}}