{"id":8333,"date":"2023-03-15T09:44:17","date_gmt":"2023-03-15T08:44:17","guid":{"rendered":"https:\/\/mandevillashop.com\/product\/anna\/"},"modified":"2025-03-02T14:08:43","modified_gmt":"2025-03-02T13:08:43","slug":"anna","status":"publish","type":"product","link":"https:\/\/mandevillashop.com\/fr\/produit\/anna\/","title":{"rendered":"Anna"},"content":{"rendered":"<p>Apportez la chaleur du sud \u00e0 votre jardin en lui donnant une touche m\u00e9diterran\u00e9enne avec nos Mandevilla\/Dipladenia fleuris. Choisissez la couleur qui vous convient et combinez-la avec ce magnifique bac \u00e0 plantes de couleur taupe. Fabriqu\u00e9 en mat\u00e9riau l\u00e9ger, le pot est r\u00e9sistant aux UV, aux rayures et aux chocs. En outre, le pot est \u00e9quip\u00e9 de s\u00e9rie de trous au fond pour un bon drainage de l&#8217;eau. Ce kit de bricolage est livr\u00e9 avec une soucoupe de terre, les quantit\u00e9s ad\u00e9quates de terreau et de pastilles hydro.<\/p>\n","protected":false},"excerpt":{"rendered":"<p>L&#8217;ensemble Shop The Look Anna se compose du Planter Round XL Taupe et de 3x le Mandevilla Sundaville Pink Mini 4-pack. La jardini\u00e8re couleur taupe combin\u00e9e aux fleurs rose vif est une f\u00eate color\u00e9e dans votre jardin ou sur votre balcon ! Vous pr\u00e9f\u00e9rez une autre couleur de Sundaville Mandevilla, ou une autre couleur de cette jardini\u00e8re ? Pas de probl\u00e8me, indiquez vos souhaits ci-dessous.<\/p>\n","protected":false},"featured_media":4887,"comment_status":"open","ping_status":"closed","template":"","meta":{"_acf_changed":false},"product_brand":[],"product_cat":[262],"product_tag":[],"linked_variations":[],"class_list":{"0":"post-8333","1":"product","2":"type-product","3":"status-publish","4":"has-post-thumbnail","6":"product_cat-liasses","8":"first","9":"instock","10":"taxable","11":"shipping-taxable","12":"purchasable","13":"product-type-simple"},"acf":[],"yoast_head":"<!-- This site is optimized with the Yoast SEO plugin v26.7 - https:\/\/yoast.com\/wordpress\/plugins\/seo\/ -->\n<title>Mandevilla Anna - Mandevillashop<\/title>\n<meta name=\"description\" content=\"Mandevilla Anna \u2714 Belle plante d&#039;ext\u00e9rieur avec de jolies fleurs \u2714 Directement de l&#039;horticulteur \u2714 Livraison rapide par la Mandevillashop\" \/>\n<meta name=\"robots\" content=\"index, follow, max-snippet:-1, max-image-preview:large, max-video-preview:-1\" \/>\n<link rel=\"canonical\" href=\"https:\/\/mandevillashop.com\/fr\/produit\/anna\/\" \/>\n<meta property=\"og:locale\" content=\"fr_FR\" \/>\n<meta property=\"og:type\" content=\"article\" \/>\n<meta property=\"og:title\" content=\"Mandevilla Anna - Mandevillashop\" \/>\n<meta property=\"og:description\" content=\"Mandevilla Anna \u2714 Belle plante d&#039;ext\u00e9rieur avec de jolies fleurs \u2714 Directement de l&#039;horticulteur \u2714 Livraison rapide par la Mandevillashop\" \/>\n<meta property=\"og:url\" content=\"https:\/\/mandevillashop.com\/fr\/produit\/anna\/\" \/>\n<meta property=\"og:site_name\" content=\"Mandevillashop\" \/>\n<meta property=\"article:modified_time\" content=\"2025-03-02T13:08:43+00:00\" \/>\n<meta property=\"og:image\" content=\"https:\/\/mandevillashop.com\/wp-content\/uploads\/2024\/01\/20220809-Beautyplants-8449-Web-scaled-15.jpg\" \/>\n\t<meta property=\"og:image:width\" content=\"1708\" \/>\n\t<meta property=\"og:image:height\" content=\"2560\" \/>\n\t<meta property=\"og:image:type\" content=\"image\/jpeg\" \/>\n<meta name=\"twitter:card\" content=\"summary_large_image\" \/>\n<script type=\"application\/ld+json\" class=\"yoast-schema-graph\">{\"@context\":\"https:\/\/schema.org\",\"@graph\":[{\"@type\":[\"WebPage\",\"ItemPage\"],\"@id\":\"https:\/\/mandevillashop.com\/fr\/produit\/anna\/\",\"url\":\"https:\/\/mandevillashop.com\/fr\/produit\/anna\/\",\"name\":\"Mandevilla Anna - Mandevillashop\",\"isPartOf\":{\"@id\":\"https:\/\/mandevillashop.com\/fr\/#website\"},\"primaryImageOfPage\":{\"@id\":\"https:\/\/mandevillashop.com\/fr\/produit\/anna\/#primaryimage\"},\"image\":{\"@id\":\"https:\/\/mandevillashop.com\/fr\/produit\/anna\/#primaryimage\"},\"thumbnailUrl\":\"https:\/\/mandevillashop.com\/wp-content\/uploads\/2024\/01\/20220809-Beautyplants-8449-Web-scaled-15.jpg\",\"datePublished\":\"2023-03-15T08:44:17+00:00\",\"dateModified\":\"2025-03-02T13:08:43+00:00\",\"description\":\"Mandevilla Anna \u2714 Belle plante d'ext\u00e9rieur avec de jolies fleurs \u2714 Directement de l'horticulteur \u2714 Livraison rapide par la Mandevillashop\",\"breadcrumb\":{\"@id\":\"https:\/\/mandevillashop.com\/fr\/produit\/anna\/#breadcrumb\"},\"inLanguage\":\"fr-FR\",\"potentialAction\":[{\"@type\":\"ReadAction\",\"target\":[\"https:\/\/mandevillashop.com\/fr\/produit\/anna\/\"]}]},{\"@type\":\"ImageObject\",\"inLanguage\":\"fr-FR\",\"@id\":\"https:\/\/mandevillashop.com\/fr\/produit\/anna\/#primaryimage\",\"url\":\"https:\/\/mandevillashop.com\/wp-content\/uploads\/2024\/01\/20220809-Beautyplants-8449-Web-scaled-15.jpg\",\"contentUrl\":\"https:\/\/mandevillashop.com\/wp-content\/uploads\/2024\/01\/20220809-Beautyplants-8449-Web-scaled-15.jpg\",\"width\":1708,\"height\":2560,\"caption\":\"Magnifique jardini\u00e8re de couleur taupe avec des mandevillas roses\"},{\"@type\":\"BreadcrumbList\",\"@id\":\"https:\/\/mandevillashop.com\/fr\/produit\/anna\/#breadcrumb\",\"itemListElement\":[{\"@type\":\"ListItem\",\"position\":1,\"name\":\"Home\",\"item\":\"https:\/\/mandevillashop.com\/fr\/\"},{\"@type\":\"ListItem\",\"position\":2,\"name\":\"Boutique\",\"item\":\"https:\/\/mandevillashop.com\/fr\/boutique\/\"},{\"@type\":\"ListItem\",\"position\":3,\"name\":\"Anna\"}]},{\"@type\":\"WebSite\",\"@id\":\"https:\/\/mandevillashop.com\/fr\/#website\",\"url\":\"https:\/\/mandevillashop.com\/fr\/\",\"name\":\"Mandevillashop\",\"description\":\"De Mandevilla Specialist\",\"publisher\":{\"@id\":\"https:\/\/mandevillashop.com\/fr\/#organization\"},\"potentialAction\":[{\"@type\":\"SearchAction\",\"target\":{\"@type\":\"EntryPoint\",\"urlTemplate\":\"https:\/\/mandevillashop.com\/fr\/?s={search_term_string}\"},\"query-input\":{\"@type\":\"PropertyValueSpecification\",\"valueRequired\":true,\"valueName\":\"search_term_string\"}}],\"inLanguage\":\"fr-FR\"},{\"@type\":\"Organization\",\"@id\":\"https:\/\/mandevillashop.com\/fr\/#organization\",\"name\":\"Mandevilla Shop\",\"url\":\"https:\/\/mandevillashop.com\/fr\/\",\"logo\":{\"@type\":\"ImageObject\",\"inLanguage\":\"fr-FR\",\"@id\":\"https:\/\/mandevillashop.com\/fr\/#\/schema\/logo\/image\/\",\"url\":\"https:\/\/mandevillashop.com\/wp-content\/uploads\/2023\/07\/mandevilla-shop-zwart.svg\",\"contentUrl\":\"https:\/\/mandevillashop.com\/wp-content\/uploads\/2023\/07\/mandevilla-shop-zwart.svg\",\"caption\":\"Mandevilla Shop\"},\"image\":{\"@id\":\"https:\/\/mandevillashop.com\/fr\/#\/schema\/logo\/image\/\"}}]}<\/script>\n<!-- \/ Yoast SEO plugin. -->","yoast_head_json":{"title":"Mandevilla Anna - Mandevillashop","description":"Mandevilla Anna \u2714 Belle plante d'ext\u00e9rieur avec de jolies fleurs \u2714 Directement de l'horticulteur \u2714 Livraison rapide par la Mandevillashop","robots":{"index":"index","follow":"follow","max-snippet":"max-snippet:-1","max-image-preview":"max-image-preview:large","max-video-preview":"max-video-preview:-1"},"canonical":"https:\/\/mandevillashop.com\/fr\/produit\/anna\/","og_locale":"fr_FR","og_type":"article","og_title":"Mandevilla Anna - Mandevillashop","og_description":"Mandevilla Anna \u2714 Belle plante d'ext\u00e9rieur avec de jolies fleurs \u2714 Directement de l'horticulteur \u2714 Livraison rapide par la Mandevillashop","og_url":"https:\/\/mandevillashop.com\/fr\/produit\/anna\/","og_site_name":"Mandevillashop","article_modified_time":"2025-03-02T13:08:43+00:00","og_image":[{"width":1708,"height":2560,"url":"https:\/\/mandevillashop.com\/wp-content\/uploads\/2024\/01\/20220809-Beautyplants-8449-Web-scaled-15.jpg","type":"image\/jpeg"}],"twitter_card":"summary_large_image","schema":{"@context":"https:\/\/schema.org","@graph":[{"@type":["WebPage","ItemPage"],"@id":"https:\/\/mandevillashop.com\/fr\/produit\/anna\/","url":"https:\/\/mandevillashop.com\/fr\/produit\/anna\/","name":"Mandevilla Anna - Mandevillashop","isPartOf":{"@id":"https:\/\/mandevillashop.com\/fr\/#website"},"primaryImageOfPage":{"@id":"https:\/\/mandevillashop.com\/fr\/produit\/anna\/#primaryimage"},"image":{"@id":"https:\/\/mandevillashop.com\/fr\/produit\/anna\/#primaryimage"},"thumbnailUrl":"https:\/\/mandevillashop.com\/wp-content\/uploads\/2024\/01\/20220809-Beautyplants-8449-Web-scaled-15.jpg","datePublished":"2023-03-15T08:44:17+00:00","dateModified":"2025-03-02T13:08:43+00:00","description":"Mandevilla Anna \u2714 Belle plante d'ext\u00e9rieur avec de jolies fleurs \u2714 Directement de l'horticulteur \u2714 Livraison rapide par la Mandevillashop","breadcrumb":{"@id":"https:\/\/mandevillashop.com\/fr\/produit\/anna\/#breadcrumb"},"inLanguage":"fr-FR","potentialAction":[{"@type":"ReadAction","target":["https:\/\/mandevillashop.com\/fr\/produit\/anna\/"]}]},{"@type":"ImageObject","inLanguage":"fr-FR","@id":"https:\/\/mandevillashop.com\/fr\/produit\/anna\/#primaryimage","url":"https:\/\/mandevillashop.com\/wp-content\/uploads\/2024\/01\/20220809-Beautyplants-8449-Web-scaled-15.jpg","contentUrl":"https:\/\/mandevillashop.com\/wp-content\/uploads\/2024\/01\/20220809-Beautyplants-8449-Web-scaled-15.jpg","width":1708,"height":2560,"caption":"Magnifique jardini\u00e8re de couleur taupe avec des mandevillas roses"},{"@type":"BreadcrumbList","@id":"https:\/\/mandevillashop.com\/fr\/produit\/anna\/#breadcrumb","itemListElement":[{"@type":"ListItem","position":1,"name":"Home","item":"https:\/\/mandevillashop.com\/fr\/"},{"@type":"ListItem","position":2,"name":"Boutique","item":"https:\/\/mandevillashop.com\/fr\/boutique\/"},{"@type":"ListItem","position":3,"name":"Anna"}]},{"@type":"WebSite","@id":"https:\/\/mandevillashop.com\/fr\/#website","url":"https:\/\/mandevillashop.com\/fr\/","name":"Mandevillashop","description":"De Mandevilla Specialist","publisher":{"@id":"https:\/\/mandevillashop.com\/fr\/#organization"},"potentialAction":[{"@type":"SearchAction","target":{"@type":"EntryPoint","urlTemplate":"https:\/\/mandevillashop.com\/fr\/?s={search_term_string}"},"query-input":{"@type":"PropertyValueSpecification","valueRequired":true,"valueName":"search_term_string"}}],"inLanguage":"fr-FR"},{"@type":"Organization","@id":"https:\/\/mandevillashop.com\/fr\/#organization","name":"Mandevilla Shop","url":"https:\/\/mandevillashop.com\/fr\/","logo":{"@type":"ImageObject","inLanguage":"fr-FR","@id":"https:\/\/mandevillashop.com\/fr\/#\/schema\/logo\/image\/","url":"https:\/\/mandevillashop.com\/wp-content\/uploads\/2023\/07\/mandevilla-shop-zwart.svg","contentUrl":"https:\/\/mandevillashop.com\/wp-content\/uploads\/2023\/07\/mandevilla-shop-zwart.svg","caption":"Mandevilla Shop"},"image":{"@id":"https:\/\/mandevillashop.com\/fr\/#\/schema\/logo\/image\/"}}]}},"_links":{"self":[{"href":"https:\/\/mandevillashop.com\/fr\/wp-json\/wp\/v2\/product\/8333","targetHints":{"allow":["GET"]}}],"collection":[{"href":"https:\/\/mandevillashop.com\/fr\/wp-json\/wp\/v2\/product"}],"about":[{"href":"https:\/\/mandevillashop.com\/fr\/wp-json\/wp\/v2\/types\/product"}],"replies":[{"embeddable":true,"href":"https:\/\/mandevillashop.com\/fr\/wp-json\/wp\/v2\/comments?post=8333"}],"wp:featuredmedia":[{"embeddable":true,"href":"https:\/\/mandevillashop.com\/fr\/wp-json\/wp\/v2\/media\/4887"}],"wp:attachment":[{"href":"https:\/\/mandevillashop.com\/fr\/wp-json\/wp\/v2\/media?parent=8333"}],"wp:term":[{"taxonomy":"product_brand","embeddable":true,"href":"https:\/\/mandevillashop.com\/fr\/wp-json\/wp\/v2\/product_brand?post=8333"},{"taxonomy":"product_cat","embeddable":true,"href":"https:\/\/mandevillashop.com\/fr\/wp-json\/wp\/v2\/product_cat?post=8333"},{"taxonomy":"product_tag","embeddable":true,"href":"https:\/\/mandevillashop.com\/fr\/wp-json\/wp\/v2\/product_tag?post=8333"},{"taxonomy":"linked_variations","embeddable":true,"href":"https:\/\/mandevillashop.com\/fr\/wp-json\/wp\/v2\/linked_variations?post=8333"}],"curies":[{"name":"wp","href":"https:\/\/api.w.org\/{rel}","templated":true}]}}